{"id":3133,"date":"2025-10-12T10:10:50","date_gmt":"2025-10-12T10:10:50","guid":{"rendered":"https:\/\/pgvape.com\/?post_type=product&#038;p=3133"},"modified":"2026-01-27T10:37:02","modified_gmt":"2026-01-27T10:37:02","slug":"okso-doble-sabor-60000-60k-soplos-desechables-vape-vape-directo-de-fabrica","status":"publish","type":"product","link":"https:\/\/pgvape.com\/es\/producto\/okso-doble-sabor-60000-60k-soplos-desechables-vape-vape-directo-de-fabrica\/","title":{"rendered":"OKSO doble sabor 60000 60K inhalaciones desechables Vape-Vape directo de f\u00e1brica"},"content":{"rendered":"<div class=\"auto-hide-last-sibling-br paragraph-JOTKXA paragraph-element br-paragraph-space\"><\/div>\n<p><strong data-sourcepos=\"4:5-4:55\">OKSO Vape desechable de doble sabor 60000 inhalaciones<\/strong> Redefine la longevidad con <strong data-sourcepos=\"4:81-4:108\">60.000 bocanadas ultralargas<\/strong> Y <strong data-sourcepos=\"4:113-4:152\">Capacidad de l\u00edquido electr\u00f3nico de doble c\u00e1mara de 50 ml<\/strong> (25 ml+25 ml). <strong data-sourcepos=\"4:177-4:201\">Bobinas de malla duales de 0,8 \u03a9<\/strong> y un <strong data-sourcepos=\"4:208-4:239\">Bater\u00eda recargable de 650 mAh.<\/strong>, Ofrece <strong data-sourcepos=\"4:253-4:283\">Rica conmutaci\u00f3n de doble sabor<\/strong> Con <strong data-sourcepos=\"4:289-4:315\">Producci\u00f3n de vapor denso<\/strong>. <strong data-sourcepos=\"4:334-4:358\">Carga r\u00e1pida tipo C<\/strong>, <strong data-sourcepos=\"4:360-4:375\">Pantalla LED<\/strong>, Y <strong data-sourcepos=\"4:381-4:410\">Opciones de nicotina 2%\/3%\/5%<\/strong>. <strong data-sourcepos=\"4:421-4:434\">10 unids\/caja<\/strong> Con <strong data-sourcepos=\"4:440-4:466\">20 combinaciones de sabores<\/strong> Para m\u00e1xima variedad.<\/p>\n<p>&nbsp;<\/p>\n<h2><span style=\"font-size: 90%;\">Especificaciones de Vape desechables de doble sabor 60000 | 60K de OKSO<\/span><\/h2>\n<p><strong data-sourcepos=\"9:3-9:17\">Conteo de bocanadas<\/strong>:\u00a0<strong data-sourcepos=\"9:19-9:35\">60.000 bocanadas<\/strong><\/p>\n<p><strong data-sourcepos=\"10:3-10:15\">Nicotina<\/strong>:\u00a0<strong data-sourcepos=\"10:17-10:41\">Opciones 2% \/ 3% \/ 5%<\/strong><\/p>\n<p><strong data-sourcepos=\"11:3-11:15\">E-l\u00edquido<\/strong>:\u00a0<strong data-sourcepos=\"11:17-11:51\">50 ml (25 ml + 25 ml de doble c\u00e1mara)<\/strong><\/p>\n<p><strong data-sourcepos=\"12:3-12:11\">Bobina<\/strong>:\u00a0<strong data-sourcepos=\"12:13-12:37\">Bobinas de malla duales de 0,8 \u03a9<\/strong><\/p>\n<p><strong data-sourcepos=\"13:3-13:14\">Bater\u00eda<\/strong>:\u00a0<strong data-sourcepos=\"13:16-13:39\">650mAh recargable<\/strong><\/p>\n<p><strong data-sourcepos=\"14:3-14:15\">Cargando<\/strong>:\u00a0<strong data-sourcepos=\"14:17-14:41\">Carga r\u00e1pida tipo C<\/strong><\/p>\n<p><strong data-sourcepos=\"15:3-15:14\">Mostrar<\/strong>:\u00a0<strong data-sourcepos=\"15:16-15:52\">Pantalla LED (modo bater\u00eda\/sabor)<\/strong><\/p>\n<p><strong data-sourcepos=\"16:3-16:20\">Sistema de sabor<\/strong>:\u00a0<strong data-sourcepos=\"16:22-16:47\">Cambio de doble sabor<\/strong><\/p>\n<p><strong data-sourcepos=\"17:3-17:14\">Paquete<\/strong>:\u00a0<strong data-sourcepos=\"17:16-17:34\">10 dispositivos\/caja<\/strong><\/p>\n<p>&nbsp;<\/p>\n<h3><span style=\"font-size: 90%;\">El sabor doble de OKSO 60000 | 60K sopla lista disponible del sabor de Vape<\/span><\/h3>\n<p>1.Blue Razz &amp; Amor 66<\/p>\n<p>2.Fresa, cereza y kiwi, maracuy\u00e1 y maracuy\u00e1<\/p>\n<p>3.Chicle de sand\u00eda y frutas mixtas<\/p>\n<p>4.Piesta de fresa, pl\u00e1tano y cereza<\/p>\n<p>5.Helado de sand\u00eda y mango de melocot\u00f3n<\/p>\n<p>6. Limonada Blue Razz y melocot\u00f3n de manzana<\/p>\n<p>7. Hielo de energ\u00eda roja y hielo de uva<\/p>\n<p>8.Sand\u00eda Fresa y Dos Manzanas<\/p>\n<p>9.Blue Razz Cereza, Ar\u00e1ndano y Menta<\/p>\n<p>10.Hielo de ar\u00e1ndanos y grosella negra<\/p>\n<p><img loading=\"lazy\" decoding=\"async\" class=\"alignnone wp-image-3151 size-full\" src=\"https:\/\/pgvape.com\/wp-content\/uploads\/2025\/10\/pgvape-OKSO-Double-Flavor-60K-Puffs-Disposable-Vape-Vape-Factory-Direct-15.png\" alt=\"Exhibici\u00f3n colorida de dispositivos de vapeo desechables Okso Double Flavor con ilustraciones de simios de dibujos animados y etiquetas de sabores, especificaciones destacadas del producto (60,000 inhalaciones, pantalla LED, tanque de aceite de 2 \u00d7 25 ml, bater\u00eda de 650 mAh, e-l\u00edquido de 50 ml) contra un espacio estilizado y un fondo de planeta.\" width=\"2000\" height=\"1000\" srcset=\"https:\/\/pgvape.com\/wp-content\/uploads\/2025\/10\/pgvape-OKSO-Double-Flavor-60K-Puffs-Disposable-Vape-Vape-Factory-Direct-15.png 2000w, https:\/\/pgvape.com\/wp-content\/uploads\/2025\/10\/pgvape-OKSO-Double-Flavor-60K-Puffs-Disposable-Vape-Vape-Factory-Direct-15-555x278.png 555w, https:\/\/pgvape.com\/wp-content\/uploads\/2025\/10\/pgvape-OKSO-Double-Flavor-60K-Puffs-Disposable-Vape-Vape-Factory-Direct-15-595x298.png 595w, https:\/\/pgvape.com\/wp-content\/uploads\/2025\/10\/pgvape-OKSO-Double-Flavor-60K-Puffs-Disposable-Vape-Vape-Factory-Direct-15-400x200.png 400w, https:\/\/pgvape.com\/wp-content\/uploads\/2025\/10\/pgvape-OKSO-Double-Flavor-60K-Puffs-Disposable-Vape-Vape-Factory-Direct-15-768x384.png 768w, https:\/\/pgvape.com\/wp-content\/uploads\/2025\/10\/pgvape-OKSO-Double-Flavor-60K-Puffs-Disposable-Vape-Vape-Factory-Direct-15-1536x768.png 1536w, https:\/\/pgvape.com\/wp-content\/uploads\/2025\/10\/pgvape-OKSO-Double-Flavor-60K-Puffs-Disposable-Vape-Vape-Factory-Direct-15-18x9.png 18w, https:\/\/pgvape.com\/wp-content\/uploads\/2025\/10\/pgvape-OKSO-Double-Flavor-60K-Puffs-Disposable-Vape-Vape-Factory-Direct-15-600x300.png 600w, https:\/\/pgvape.com\/wp-content\/uploads\/2025\/10\/pgvape-OKSO-Double-Flavor-60K-Puffs-Disposable-Vape-Vape-Factory-Direct-15-60x30.png 60w\" sizes=\"auto, (max-width: 2000px) 100vw, 2000px\" \/><\/p>\n<p>&nbsp;<\/p>\n<h2 class=\"header-vfC6AV auto-hide-last-sibling-br\">Preguntas frecuentes sobre OKSO Double Flavor 60000 | 60K Puffs Vape desechable<\/h2>\n<p data-sourcepos=\"38:1-39:85\">\u2753 <strong data-sourcepos=\"38:3-38:55\">\u00bfQu\u00e9 hace que el recuento de 60.000 caladas sea notable?<br \/>\n<\/strong>\u2705 <strong data-sourcepos=\"39:3-39:32\">Capacidad l\u00edder en la industria<\/strong> \u2013 Dura <strong data-sourcepos=\"39:41-39:56\">4-5 veces m\u00e1s<\/strong> Que los desechables est\u00e1ndar.<\/p>\n<p data-sourcepos=\"41:1-42:85\">\u2753 <strong data-sourcepos=\"41:3-41:48\">\u00bfC\u00f3mo funciona el sistema de doble sabor?<\/strong><br \/>\n\u2705 <strong data-sourcepos=\"42:3-42:83\">Cambie instant\u00e1neamente entre dos sabores premium con solo presionar un bot\u00f3n.<\/strong><\/p>\n<p data-sourcepos=\"44:1-45:101\">\u2753 <strong data-sourcepos=\"44:3-44:45\">\u00bfSon efectivas las bobinas de malla dual?<br \/>\n<\/strong> \u2705 <strong data-sourcepos=\"45:3-45:99\">\u00a1S\u00ed! .<\/strong><\/p>\n<p data-sourcepos=\"47:1-48:99\">\u2753 <strong data-sourcepos=\"47:3-47:44\">\u00bfEs suficiente la bater\u00eda de 650 mAh?<\/strong><br \/>\n\u2705 <strong data-sourcepos=\"48:3-48:31\">Optimizado para la eficiencia<\/strong> \u2013 Dura <strong data-sourcepos=\"48:40-48:51\">2+ d\u00edas<\/strong> Por carga con <strong data-sourcepos=\"48:68-48:94\">Recarga r\u00e1pida tipo C<\/strong>.**<\/p>\n<p data-sourcepos=\"50:1-51:82\">\u2753 <strong data-sourcepos=\"50:3-50:42\">\u00bfPor qu\u00e9 elegir el dise\u00f1o de doble c\u00e1mara?<br \/>\n<\/strong> \u2705 <strong data-sourcepos=\"51:3-51:29\">Previene la mezcla de sabores<\/strong> mientras ofrece <strong data-sourcepos=\"51:45-51:77\">Capacidad total extendida de 50 ml<\/strong>.**<\/p>\n<p>&nbsp;<\/p>\n<h3 id=\"brxe-najhln\" class=\"brxe-heading\">Preguntas frecuentes (FAQ)<\/h3>\n<div id=\"brxe-rajiac\" class=\"brxe-text\">\n<p><strong>P: \u00bfQu\u00e9 m\u00e9todos de pago aceptan?<\/strong><br \/>\nR: Aceptamos PayPal, Stripe, transferencias bancarias (compatibles con SEPA), las principales tarjetas de cr\u00e9dito (Visa, MasterCard, American Express) y pagos con criptomonedas.<\/p>\n<p><strong>P: \u00bfCu\u00e1nto tiempo lleva la preparaci\u00f3n del pedido?<\/strong><br \/>\nR: La preparaci\u00f3n del pedido demora entre 1 y 3 d\u00edas h\u00e1biles.<\/p>\n<p><strong>P: \u00bfCu\u00e1l es el tiempo de env\u00edo?<\/strong><br \/>\nR: El tiempo de env\u00edo es de 7 a 14 d\u00edas h\u00e1biles, seg\u00fan su ubicaci\u00f3n.<\/p>\n<p><strong>P: \u00bfC\u00f3mo puedo realizar un seguimiento de mi pedido?<\/strong><br \/>\nR: Despu\u00e9s del env\u00edo, recibir\u00e1 un correo electr\u00f3nico de confirmaci\u00f3n con un n\u00famero de seguimiento para realizar un seguimiento en tiempo real.<\/p>\n<p><strong>P: \u00bfCu\u00e1l es su pol\u00edtica de devoluci\u00f3n?<\/strong><br \/>\nR: Ofrecemos una pol\u00edtica de devoluci\u00f3n de 30 d\u00edas para reembolsos o cambios. .<\/p>\n<p><strong>P: \u00bfHabr\u00e1 alg\u00fan problema aduanero?<br \/>\n<\/strong>Nos encargamos de todos los procedimientos de despacho de aduanas para garantizarle una experiencia sin complicaciones. .<\/p>\n<p><strong>P: \u00bfQu\u00e9 m\u00e9todos de env\u00edo se utilizan?<\/strong><br \/>\nCooperamos con UPS\/DHL\/FEDEX\/DPD, etc. Elegiremos la opci\u00f3n de env\u00edo adecuada seg\u00fan el pa\u00eds de entrega para asegurarnos de que reciba sus productos lo m\u00e1s r\u00e1pido posible.<\/p>\n<p><a href=\"https:\/\/pgvape.com\/es\/preguntas-frecuentes\/\">Haga clic aqu\u00ed para m\u00e1s preguntas frecuentes<\/a><\/p>\n<p>Estimados clientes: Si tienen alguna pregunta sobre su pedido o la llegada de la mercanc\u00eda, comun\u00edquese con nuestro servicio de atenci\u00f3n al cliente. \u00a1Gracias!<\/p>\n<h3 data-sourcepos=\"73:1-73:21\"><strong data-sourcepos=\"73:7-73:21\">Cont\u00e1ctenos<\/strong><\/h3>\n<div id=\"text-2419739398\" class=\"text\">\n<p><strong data-sourcepos=\"75:3-75:12\">Correo electr\u00f3nico<\/strong>:\u00a0<a href=\"mailto:support@pgvape.com\"><strong>support@pgvape.com<\/strong><\/a><\/p>\n<p><strong data-sourcepos=\"76:3-76:15\">WhatsApp<\/strong>: <a href=\"https:\/\/wa.me\/+8618128481258\"><strong>+86 18128481258<\/strong><\/a><br \/>\n<strong>(Respuesta dentro de las 24 horas en d\u00edas h\u00e1biles)<\/strong><\/p>\n<\/div>\n<h3><strong>\u00a1Gracias por elegir pgvape.com! .<\/strong><\/h3>\n<\/div>","protected":false},"excerpt":{"rendered":"<p><strong data-sourcepos=\"56:1-56:217\">\u201cOKSO Double Flavor 60000: el vaporizador desechable de doble sabor definitivo con 60.000 inhalaciones, 50 ml de capacidad, bobinas de malla doble y 20 combinaciones de sabores, alimentado por una bater\u00eda de 650 mAh con carga tipo C\u201d.\u201d<\/strong><\/p>","protected":false},"featured_media":3152,"comment_status":"open","ping_status":"closed","template":"","meta":{"_seopress_robots_primary_cat":"none","_seopress_titles_title":"%%post_title%% %%sep%% %%sitetitle%%","_seopress_titles_desc":"","_seopress_robots_index":""},"product_brand":[516,282],"product_cat":[48,515,281],"product_tag":[51,52,90,284,283],"class_list":{"0":"post-3133","1":"product","2":"type-product","3":"status-publish","4":"has-post-thumbnail","6":"product_brand-disposable-vape","7":"product_brand-okso-vape","8":"product_cat-60k-puffs-vape","9":"product_cat-disposable-vape","10":"product_cat-okso-vape","11":"product_tag-60k-puffs","12":"product_tag-60k-vape","13":"product_tag-disposable-vape","14":"product_tag-led-screen","15":"product_tag-okso-double-flavor","17":"first","18":"instock","19":"sale","20":"shipping-taxable","21":"purchasable","22":"product-type-variable"},"_links":{"self":[{"href":"https:\/\/pgvape.com\/es\/wp-json\/wp\/v2\/product\/3133","targetHints":{"allow":["GET"]}}],"collection":[{"href":"https:\/\/pgvape.com\/es\/wp-json\/wp\/v2\/product"}],"about":[{"href":"https:\/\/pgvape.com\/es\/wp-json\/wp\/v2\/types\/product"}],"replies":[{"embeddable":true,"href":"https:\/\/pgvape.com\/es\/wp-json\/wp\/v2\/comments?post=3133"}],"wp:featuredmedia":[{"embeddable":true,"href":"https:\/\/pgvape.com\/es\/wp-json\/wp\/v2\/media\/3152"}],"wp:attachment":[{"href":"https:\/\/pgvape.com\/es\/wp-json\/wp\/v2\/media?parent=3133"}],"wp:term":[{"taxonomy":"product_brand","embeddable":true,"href":"https:\/\/pgvape.com\/es\/wp-json\/wp\/v2\/product_brand?post=3133"},{"taxonomy":"product_cat","embeddable":true,"href":"https:\/\/pgvape.com\/es\/wp-json\/wp\/v2\/product_cat?post=3133"},{"taxonomy":"product_tag","embeddable":true,"href":"https:\/\/pgvape.com\/es\/wp-json\/wp\/v2\/product_tag?post=3133"}],"curies":[{"name":"wp","href":"https:\/\/api.w.org\/{rel}","templated":true}]}}