{"id":3102,"date":"2025-10-12T08:48:34","date_gmt":"2025-10-12T08:48:34","guid":{"rendered":"https:\/\/pgvape.com\/?post_type=product&#038;p=3102"},"modified":"2026-01-27T10:38:05","modified_gmt":"2026-01-27T10:38:05","slug":"fihp-60000-60k-soplos-3-en-1-sabores-desechables-vape-sabores-triples-pantalla-led-inteligente-vape-fabrica-directa","status":"publish","type":"product","link":"https:\/\/pgvape.com\/es\/producto\/fihp-60000-60k-soplos-3-en-1-sabores-desechables-vape-sabores-triples-pantalla-led-inteligente-vape-fabrica-directa\/","title":{"rendered":"FIHP 60000 60K sopla 3 en 1 sabores Vape desechable sabores triples Pantalla LED inteligente-Vape directo de f\u00e1brica"},"content":{"rendered":"<div class=\"auto-hide-last-sibling-br paragraph-JOTKXA paragraph-element br-paragraph-space\">\n<p><strong data-sourcepos=\"2:5-2:42\">Vaporizador desechable 3 en 1 FIHP 60000<\/strong> Revoluciona el vapeo con <strong data-sourcepos=\"2:70-2:108\">Tecnolog\u00eda de cambio de triple sabor<\/strong>, Entregando <strong data-sourcepos=\"2:121-2:148\">60.000 bocanadas ultralargas<\/strong> Y <strong data-sourcepos=\"2:153-2:179\">Capacidad de l\u00edquido electr\u00f3nico de 54 ml<\/strong>. <strong data-sourcepos=\"2:194-2:225\">Bater\u00eda recargable de 650 mAh.<\/strong> Y <strong data-sourcepos=\"2:230-2:255\">Sistema de bobina de malla dual<\/strong>, Garantiza <strong data-sourcepos=\"2:268-2:283\">rico sabor<\/strong> Y <strong data-sourcepos=\"2:288-2:315\">Producci\u00f3n de vapor suave<\/strong>. <strong data-sourcepos=\"2:334-2:358\">Carga r\u00e1pida tipo C<\/strong>, <strong data-sourcepos=\"2:360-2:381\">Pantalla LED inteligente<\/strong>, Y <strong data-sourcepos=\"2:387-2:413\">Opciones de nicotina 2%\/5%<\/strong><\/p>\n<\/div>\n<p>&nbsp;<\/p>\n<h2><span style=\"font-size: 90%;\">FIHP 60000 | 60K inhalaciones 3 en 1 sabores Especificaciones de Vape desechables<\/span><\/h2>\n<p><strong data-sourcepos=\"7:3-7:17\">Conteo de bocanadas<\/strong>:\u00a0<strong data-sourcepos=\"7:19-7:35\">60.000 bocanadas<\/strong><\/p>\n<p><strong data-sourcepos=\"8:3-8:15\">Nicotina<\/strong>:\u00a0<strong data-sourcepos=\"8:17-8:36\">Opciones 2% \/ 5%<\/strong><\/p>\n<p><strong data-sourcepos=\"9:3-9:15\">E-l\u00edquido<\/strong>:\u00a0<strong data-sourcepos=\"9:17-9:34\">Capacidad de 54 ml.<\/strong><\/p>\n<p><strong data-sourcepos=\"10:3-10:11\">Bobina<\/strong>:\u00a0<strong data-sourcepos=\"10:13-10:31\">Bobina de malla doble<\/strong><\/p>\n<p><strong data-sourcepos=\"11:3-11:14\">Bater\u00eda<\/strong>:\u00a0<strong data-sourcepos=\"11:16-11:39\">650mAh recargable<\/strong><\/p>\n<p><strong data-sourcepos=\"12:3-12:15\">Cargando<\/strong>:\u00a0<strong data-sourcepos=\"12:17-12:41\">Carga r\u00e1pida tipo C<\/strong><\/p>\n<p><strong data-sourcepos=\"13:3-13:14\">Mostrar<\/strong>:\u00a0<strong data-sourcepos=\"13:16-13:49\">Pantalla LED (bater\u00eda\/e-l\u00edquido)<\/strong><\/p>\n<p><strong data-sourcepos=\"14:3-14:20\">Sistema de sabor<\/strong>:\u00a0<strong data-sourcepos=\"14:22-14:49\">Cambio de triple sabor<\/strong><\/p>\n<p>&nbsp;<\/p>\n<h3><span style=\"font-size: 90%;\">FIHP 60000 | 60K sopla 3 en 1 sabores Lista de sabores desechables de Vape<\/span><\/h3>\n<p>1.Helado de sand\u00eda, Red Bull y kiwi de fresa<\/p>\n<p>2.Lim\u00f3n, lima, fresa, sand\u00eda y helado de ar\u00e1ndanos<\/p>\n<p>3.Pl\u00e1tano Fresa y Sand\u00eda Doble Manzana y Frambuesa<\/p>\n<p>4.Fresa, Kiwi, Mango Agrio, Pi\u00f1a y Red Bull<\/p>\n<p>5.Frutas tropicales y fresas, sand\u00eda y melocot\u00f3n con lim\u00f3n<\/p>\n<p>6. Pi\u00f1a, coco, razz azul y pl\u00e1tano fresa<\/p>\n<p>7.Fresa, Frambuesa, Mel\u00f3n Triple y Pi\u00f1a con Mango Agrio<\/p>\n<p>8.Mezcla de bayas, frambuesa, sand\u00eda y mango y melocot\u00f3n<\/p>\n<p>9.Cola de ar\u00e1ndanos, frambuesa, fresa, vainilla y lima lim\u00f3n<\/p>\n<p>10.Hielo de sand\u00eda, bayas de melocot\u00f3n y mel\u00f3n triple<\/p>\n<p>&nbsp;<\/p>\n<h3><span style=\"font-size: 90%;\">FIHP 60000 | 60K Puffs 3 en 1 Sabores Video de Vape desechable:<\/span><\/h3>\n<p><iframe loading=\"lazy\" title=\"FIHP 60K sopla 3 en 1 sabores disponibles pgvape directo de f\u00e1brica elegante de la pantalla LED de los sabores triples de Vape\" width=\"1020\" height=\"574\" src=\"https:\/\/www.youtube.com\/embed\/SpQXk8e9uk0?feature=oembed\" frameborder=\"0\" allow=\"accelerometer; autoplay; clipboard-write; encrypted-media; gyroscope; picture-in-picture; web-share\" referrerpolicy=\"strict-origin-when-cross-origin\" allowfullscreen><\/iframe><\/p>\n<p>&nbsp;<\/p>\n<h2 class=\"header-vfC6AV auto-hide-last-sibling-br\">Preguntas frecuentes sobre FIHP 60000 | 60K Puffs 3 en 1 sabores Vape desechable<\/h2>\n<p data-sourcepos=\"33:1-34:78\">\u2753 <strong data-sourcepos=\"33:3-33:44\">\u00bfQu\u00e9 hace que el FIHP 60000 sea \u00fanico?<\/strong><br \/>\n\u2705 <strong data-sourcepos=\"34:3-34:27\">Sistema de triple sabor<\/strong> Permite <strong data-sourcepos=\"34:35-34:61\">Tres sabores distintos<\/strong> En un solo dispositivo.<\/p>\n<p data-sourcepos=\"36:1-37:83\">\u2753 <strong data-sourcepos=\"36:3-36:42\">\u00bfCu\u00e1nto dura la bater\u00eda?<\/strong><br \/>\n\u2705 <strong data-sourcepos=\"37:3-37:21\">Bater\u00eda de 650 mAh.<\/strong> Proporciona <strong data-sourcepos=\"37:31-37:43\">2-3 d\u00edas<\/strong> De uso con <strong data-sourcepos=\"37:56-37:80\">Carga r\u00e1pida tipo C<\/strong>.<\/p>\n<p data-sourcepos=\"39:1-40:74\">\u2753 <strong data-sourcepos=\"39:3-39:45\">\u00bfTiene monitoreo en tiempo real?<\/strong><br \/>\n\u2705 <strong data-sourcepos=\"40:3-40:23\">\u00a1S\u00ed!<\/strong> Espect\u00e1culos <strong data-sourcepos=\"40:30-40:47\">Nivel de bater\u00eda<\/strong> Y <strong data-sourcepos=\"40:52-40:71\">Estado del l\u00edquido electr\u00f3nico<\/strong>.<\/p>\n<p data-sourcepos=\"42:1-43:75\">\u2753 <strong data-sourcepos=\"42:3-42:41\">\u00bfSe mejora la calidad del vapor?<br \/>\n<\/strong>\u2705 <strong data-sourcepos=\"43:3-43:22\">Bobinas de malla dual<\/strong> Entregar <strong data-sourcepos=\"43:31-43:48\">Golpes m\u00e1s suaves<\/strong> Y <strong data-sourcepos=\"43:53-43:72\">40% M\u00e1s Sabor<\/strong>.<\/p>\n<p data-sourcepos=\"45:1-46:78\">\u2753 <strong data-sourcepos=\"45:3-45:36\">\u00bfPor qu\u00e9 elegir una capacidad de 54 ml?<\/strong><br \/>\n\u2705 <strong data-sourcepos=\"46:3-46:34\">Dep\u00f3sito de l\u00edquido electr\u00f3nico extendido<\/strong> Asegura <strong data-sourcepos=\"46:43-46:59\">Semanas de uso<\/strong> Sin Recargas.<\/p>\n<p>&nbsp;<\/p>\n<h3 id=\"brxe-najhln\" class=\"brxe-heading\">Preguntas frecuentes (FAQ)<\/h3>\n<div id=\"brxe-rajiac\" class=\"brxe-text\">\n<p><strong>P: \u00bfQu\u00e9 m\u00e9todos de pago aceptan?<\/strong><br \/>\nR: Aceptamos PayPal, Stripe, transferencias bancarias (compatibles con SEPA), las principales tarjetas de cr\u00e9dito (Visa, MasterCard, American Express) y pagos con criptomonedas.<\/p>\n<p><strong>P: \u00bfCu\u00e1nto tiempo lleva la preparaci\u00f3n del pedido?<\/strong><br \/>\nR: La preparaci\u00f3n del pedido demora entre 1 y 3 d\u00edas h\u00e1biles.<\/p>\n<p><strong>P: \u00bfCu\u00e1l es el tiempo de env\u00edo?<\/strong><br \/>\nR: El tiempo de env\u00edo es de 7 a 14 d\u00edas h\u00e1biles, seg\u00fan su ubicaci\u00f3n.<\/p>\n<p><strong>P: \u00bfC\u00f3mo puedo realizar un seguimiento de mi pedido?<\/strong><br \/>\nR: Despu\u00e9s del env\u00edo, recibir\u00e1 un correo electr\u00f3nico de confirmaci\u00f3n con un n\u00famero de seguimiento para realizar un seguimiento en tiempo real.<\/p>\n<p><strong>P: \u00bfCu\u00e1l es su pol\u00edtica de devoluci\u00f3n?<\/strong><br \/>\nR: Ofrecemos una pol\u00edtica de devoluci\u00f3n de 30 d\u00edas para reembolsos o cambios. .<\/p>\n<p><strong>P: \u00bfHabr\u00e1 alg\u00fan problema aduanero?<br \/>\n<\/strong>Nos encargamos de todos los procedimientos de despacho de aduanas para garantizarle una experiencia sin complicaciones. .<\/p>\n<p><strong>P: \u00bfQu\u00e9 m\u00e9todos de env\u00edo se utilizan?<\/strong><br \/>\nCooperamos con UPS\/DHL\/FEDEX\/DPD, etc. Elegiremos la opci\u00f3n de env\u00edo adecuada seg\u00fan el pa\u00eds de entrega para asegurarnos de que reciba sus productos lo m\u00e1s r\u00e1pido posible.<\/p>\n<p><a href=\"https:\/\/pgvape.com\/es\/preguntas-frecuentes\/\">Haga clic aqu\u00ed para m\u00e1s preguntas frecuentes<\/a><\/p>\n<p>Estimados clientes: Si tienen alguna pregunta sobre su pedido o la llegada de la mercanc\u00eda, comun\u00edquese con nuestro servicio de atenci\u00f3n al cliente. \u00a1Gracias!<\/p>\n<h3 data-sourcepos=\"73:1-73:21\"><strong data-sourcepos=\"73:7-73:21\">Cont\u00e1ctenos<\/strong><\/h3>\n<div id=\"text-2419739398\" class=\"text\">\n<p><strong data-sourcepos=\"75:3-75:12\">Correo electr\u00f3nico<\/strong>:\u00a0<a href=\"mailto:support@pgvape.com\"><strong>support@pgvape.com<\/strong><\/a><\/p>\n<p><strong data-sourcepos=\"76:3-76:15\">WhatsApp<\/strong>: <a href=\"https:\/\/wa.me\/+8618128481258\"><strong>+86 18128481258<\/strong><\/a><br \/>\n<strong>(Respuesta dentro de las 24 horas en d\u00edas h\u00e1biles)<\/strong><\/p>\n<\/div>\n<h3><strong>\u00a1Gracias por elegir pgvape.com! .<\/strong><\/h3>\n<\/div>","protected":false},"excerpt":{"rendered":"<p><strong data-sourcepos=\"51:1-51:220\">\u201cFIHP 60000 3-EN-1: El vaporizador desechable multisabor definitivo con 60.000 inhalaciones, sistema de triple sabor y capacidad de 54 ml, alimentado por una bater\u00eda de 650 mAh y bobinas de malla dobles para un vapor rico y suave\u201d.\u201d<\/strong><\/p>","protected":false},"featured_media":3107,"comment_status":"open","ping_status":"closed","template":"","meta":{"_seopress_robots_primary_cat":"none","_seopress_titles_title":"%%post_title%% %%sep%% %%sitetitle%%","_seopress_titles_desc":"","_seopress_robots_index":""},"product_brand":[516,275],"product_cat":[48,515,274],"product_tag":[24,51,52,90,279,277,143,280],"class_list":{"0":"post-3102","1":"product","2":"type-product","3":"status-publish","4":"has-post-thumbnail","6":"product_brand-disposable-vape","7":"product_brand-fihp-vape","8":"product_cat-60k-puffs-vape","9":"product_cat-disposable-vape","10":"product_cat-fihp-vape","11":"product_tag-3-in-1-flavors","12":"product_tag-60k-puffs","13":"product_tag-60k-vape","14":"product_tag-disposable-vape","15":"product_tag-fihp-60000","16":"product_tag-fihp-vape","17":"product_tag-smart-led-display","18":"product_tag-triple-flavors","20":"first","21":"instock","22":"sale","23":"shipping-taxable","24":"purchasable","25":"product-type-variable"},"_links":{"self":[{"href":"https:\/\/pgvape.com\/es\/wp-json\/wp\/v2\/product\/3102","targetHints":{"allow":["GET"]}}],"collection":[{"href":"https:\/\/pgvape.com\/es\/wp-json\/wp\/v2\/product"}],"about":[{"href":"https:\/\/pgvape.com\/es\/wp-json\/wp\/v2\/types\/product"}],"replies":[{"embeddable":true,"href":"https:\/\/pgvape.com\/es\/wp-json\/wp\/v2\/comments?post=3102"}],"wp:featuredmedia":[{"embeddable":true,"href":"https:\/\/pgvape.com\/es\/wp-json\/wp\/v2\/media\/3107"}],"wp:attachment":[{"href":"https:\/\/pgvape.com\/es\/wp-json\/wp\/v2\/media?parent=3102"}],"wp:term":[{"taxonomy":"product_brand","embeddable":true,"href":"https:\/\/pgvape.com\/es\/wp-json\/wp\/v2\/product_brand?post=3102"},{"taxonomy":"product_cat","embeddable":true,"href":"https:\/\/pgvape.com\/es\/wp-json\/wp\/v2\/product_cat?post=3102"},{"taxonomy":"product_tag","embeddable":true,"href":"https:\/\/pgvape.com\/es\/wp-json\/wp\/v2\/product_tag?post=3102"}],"curies":[{"name":"wp","href":"https:\/\/api.w.org\/{rel}","templated":true}]}}