{"id":3041,"date":"2025-10-11T14:14:39","date_gmt":"2025-10-11T14:14:39","guid":{"rendered":"https:\/\/pgvape.com\/?post_type=product&#038;p=3041"},"modified":"2026-01-27T10:40:13","modified_gmt":"2026-01-27T10:40:13","slug":"atvs-warship-60000-60k-inhalaciones-4-en-1-sabores-vape-desechable-4-sabores-ajustables-5-nicotina-6-gustos-con-pantalla-vape-directo-de-fabrica","status":"publish","type":"product","link":"https:\/\/pgvape.com\/es\/producto\/atvs-warship-60000-60k-inhalaciones-4-en-1-sabores-vape-desechable-4-sabores-ajustables-5-nicotina-6-gustos-con-pantalla-vape-directo-de-fabrica\/","title":{"rendered":"ATVS Warship 60000 | 60k Puffs 4 en 1 sabores Vape desechable | 4 sabores ajustables | 5% Nicotina | 6 gustos| con pantalla | Vape Factory Direct"},"content":{"rendered":"<div class=\"auto-hide-last-sibling-br paragraph-JOTKXA paragraph-element br-paragraph-space\"><strong data-sourcepos=\"2:5-2:49\">ATVS WARSHIP 60000 inhalaciones Vape desechable<\/strong> Entrega <strong data-sourcepos=\"2:59-2:83\">M\u00e1xima versatilidad<\/strong> Con <strong data-sourcepos=\"2:89-2:116\">4 sabores en un solo dispositivo<\/strong> Y <strong data-sourcepos=\"2:121-2:148\">60.000 bocanadas ultralargas<\/strong>. <strong data-sourcepos=\"2:161-2:185\">Bobinas de malla cu\u00e1druples de 1,0 \u03a9<\/strong> Y <strong data-sourcepos=\"2:190-2:214\">Fuerza de nicotina 5%<\/strong>, Produce <strong data-sourcepos=\"2:228-2:243\">Vapor denso<\/strong> Y <strong data-sourcepos=\"2:248-2:266\">Sabor intenso<\/strong>. <strong data-sourcepos=\"2:285-2:309\">Pantalla inteligente<\/strong>, <strong data-sourcepos=\"2:311-2:335\">Carga r\u00e1pida tipo C<\/strong>, Y <strong data-sourcepos=\"2:341-2:367\">Capacidad de l\u00edquido electr\u00f3nico de 36 ml<\/strong>. <strong data-sourcepos=\"2:378-2:390\">6 unids\/caja<\/strong> Con <strong data-sourcepos=\"2:396-2:429\">6 combinaciones de sabores premium<\/strong><span class=\"CustomP_animated_char__m3r9w\">\u00a0<\/span><span class=\"CustomP_animated_char__m3r9w\">Para<\/span><span class=\"CustomP_animated_char__m3r9w\">\u00a0<\/span><span class=\"CustomP_animated_char__m3r9w\">Minorista<\/span><span class=\"CustomP_animated_char__m3r9w\">\/<\/span><span class=\"CustomP_animated_char__m3r9w\">\u00bfQu\u00e9?<\/span><span class=\"CustomP_animated_char__m3r9w\">venta al por menor<\/span><span class=\"CustomP_animated_char__m3r9w\">.<\/span><\/div>\n<p>&nbsp;<\/p>\n<h2><span style=\"font-size: 90%;\">ATVS Warship 60000 | 60k Puffs 4 en 1 sabores Especificaciones de Vape desechables<\/span><\/h2>\n<p><strong data-sourcepos=\"7:3-7:17\">Conteo de bocanadas<\/strong>:\u00a0<strong data-sourcepos=\"7:19-7:35\">60.000 bocanadas<\/strong><\/p>\n<p><strong data-sourcepos=\"8:3-8:15\">Nicotina<\/strong>:\u00a0<strong data-sourcepos=\"8:17-8:32\">5% Fuerza<\/strong><\/p>\n<p><strong data-sourcepos=\"9:3-9:15\">E-l\u00edquido<\/strong>:\u00a0<strong data-sourcepos=\"9:17-9:34\">Capacidad de 36 ml.<\/strong><\/p>\n<p><strong data-sourcepos=\"10:3-10:11\">Bobina<\/strong>:\u00a0<strong data-sourcepos=\"10:13-10:34\">Bobinas de malla de 1,0\u03a9\u00d74<\/strong><\/p>\n<p><strong data-sourcepos=\"11:3-11:14\">Bater\u00eda<\/strong>:\u00a0<strong data-sourcepos=\"11:16-11:39\">650mAh recargable<\/strong><\/p>\n<p><strong data-sourcepos=\"12:3-12:15\">Cargando<\/strong>:\u00a0<strong data-sourcepos=\"12:17-12:41\">Carga r\u00e1pida tipo C<\/strong><\/p>\n<p><strong data-sourcepos=\"13:3-13:14\">Mostrar<\/strong>:\u00a0<strong data-sourcepos=\"13:16-13:51\">Pantalla inteligente (bater\u00eda\/e-l\u00edquido)<\/strong><\/p>\n<p><strong data-sourcepos=\"14:3-14:20\">Sistema de sabor<\/strong>:\u00a0<strong data-sourcepos=\"14:22-14:51\">Sabores ajustables 4 en 1<\/strong><\/p>\n<p><strong data-sourcepos=\"15:3-15:14\">Paquete<\/strong>:\u00a0<strong data-sourcepos=\"15:16-15:33\">6 dispositivos\/caja<\/strong><\/p>\n<p>&nbsp;<\/p>\n<h3><span style=\"font-size: 90%;\">ATVS Warship 60000 | 60k inhalaciones 4 en 1 sabores Lista de sabores desechables de Vape<\/span><\/h3>\n<p>1.Lim\u00f3n, menta, hielo de fresa, hielo de ar\u00e1ndano y sand\u00eda de fresa<\/p>\n<p>2.Hielo de cola, hielo de uva, hielo de melocot\u00f3n y hielo de sand\u00eda<\/p>\n<p>3.Blue Razz Ice &amp; Rainbow Sugar &amp; Pi\u00f1a Mango &amp; Blueberry Frambuesa Cereza<\/p>\n<p>4.Fizzy Cherry Cola y mezcla de bayas, fresa, kiwi y chicle de sand\u00eda<\/p>\n<p>5. Hielo de manzana, hielo de guayaba, hielo de mango y hielo de mel\u00f3n<\/p>\n<p>6.Helado de pl\u00e1tano y Red Bull y frutas mixtas y lima lim\u00f3n<br \/>\n<img loading=\"lazy\" decoding=\"async\" class=\"alignnone wp-image-3054 size-full\" src=\"https:\/\/pgvape.com\/wp-content\/uploads\/2025\/10\/pgvape-ATVS-WARSHIP-60000-60k-Puffs-4-in-1-Flavors-Disposable-Vape-With-Screen-Display-Vape-Factory-Direct-11.png\" alt=\"Gr\u00e1fico promocional titulado &quot;UN DISPOSITIVO CUATRO SABORES&quot; que muestra seis coloridos dispositivos de vapeo cil\u00edndricos dispuestos en una cuadr\u00edcula de 3x2, cada uno combinado con peque\u00f1as ilustraciones de frutas y bebidas y listas de nombres de sabores como lim\u00f3n, menta, helado de fresa, ar\u00e1ndano, helado de manzana, mango, cola, melocot\u00f3n, sand\u00eda, bayas mixtas, helado de pl\u00e1tano y mango de pi\u00f1a.\" width=\"1000\" height=\"677\" srcset=\"https:\/\/pgvape.com\/wp-content\/uploads\/2025\/10\/pgvape-ATVS-WARSHIP-60000-60k-Puffs-4-in-1-Flavors-Disposable-Vape-With-Screen-Display-Vape-Factory-Direct-11.png 1000w, https:\/\/pgvape.com\/wp-content\/uploads\/2025\/10\/pgvape-ATVS-WARSHIP-60000-60k-Puffs-4-in-1-Flavors-Disposable-Vape-With-Screen-Display-Vape-Factory-Direct-11-532x360.png 532w, https:\/\/pgvape.com\/wp-content\/uploads\/2025\/10\/pgvape-ATVS-WARSHIP-60000-60k-Puffs-4-in-1-Flavors-Disposable-Vape-With-Screen-Display-Vape-Factory-Direct-11-595x403.png 595w, https:\/\/pgvape.com\/wp-content\/uploads\/2025\/10\/pgvape-ATVS-WARSHIP-60000-60k-Puffs-4-in-1-Flavors-Disposable-Vape-With-Screen-Display-Vape-Factory-Direct-11-400x271.png 400w, https:\/\/pgvape.com\/wp-content\/uploads\/2025\/10\/pgvape-ATVS-WARSHIP-60000-60k-Puffs-4-in-1-Flavors-Disposable-Vape-With-Screen-Display-Vape-Factory-Direct-11-768x520.png 768w, https:\/\/pgvape.com\/wp-content\/uploads\/2025\/10\/pgvape-ATVS-WARSHIP-60000-60k-Puffs-4-in-1-Flavors-Disposable-Vape-With-Screen-Display-Vape-Factory-Direct-11-18x12.png 18w, https:\/\/pgvape.com\/wp-content\/uploads\/2025\/10\/pgvape-ATVS-WARSHIP-60000-60k-Puffs-4-in-1-Flavors-Disposable-Vape-With-Screen-Display-Vape-Factory-Direct-11-600x406.png 600w, https:\/\/pgvape.com\/wp-content\/uploads\/2025\/10\/pgvape-ATVS-WARSHIP-60000-60k-Puffs-4-in-1-Flavors-Disposable-Vape-With-Screen-Display-Vape-Factory-Direct-11-60x40.png 60w\" sizes=\"auto, (max-width: 1000px) 100vw, 1000px\" \/><\/p>\n<p>&nbsp;<\/p>\n<h3><span style=\"font-size: 90%;\">ATVS Warship 60000 | 60k Puffs 4 en 1 Sabores Video de Vape desechable:<\/span><\/h3>\n<p><iframe loading=\"lazy\" title=\"ATVS Warship 60k Puffs 4 en 1 sabores Vape desechable | 4 sabores ajustables | Pantalla pgvape\" width=\"563\" height=\"1000\" src=\"https:\/\/www.youtube.com\/embed\/_5U7mH9pKws?feature=oembed\" frameborder=\"0\" allow=\"accelerometer; autoplay; clipboard-write; encrypted-media; gyroscope; picture-in-picture; web-share\" referrerpolicy=\"strict-origin-when-cross-origin\" allowfullscreen><\/iframe><\/p>\n<p>&nbsp;<\/p>\n<h2 class=\"header-vfC6AV auto-hide-last-sibling-br\">Preguntas frecuentes sobre ATVS Warship 60000 | 60k Puffs 4 en 1 sabores Vape desechable<\/h2>\n<p data-sourcepos=\"30:1-31:85\">\u2753 <strong data-sourcepos=\"30:3-30:52\">\u00bfQu\u00e9 hace que la cuenta de 60.000 caladas sea especial?<\/strong><br \/>\n\u2705 <strong data-sourcepos=\"31:3-31:32\">Capacidad l\u00edder en la industria<\/strong> \u2013 Dura <strong data-sourcepos=\"31:41-31:56\">4-5 veces m\u00e1s<\/strong> Que los desechables est\u00e1ndar.<\/p>\n<p data-sourcepos=\"33:1-34:87\">\u2753 <strong data-sourcepos=\"33:3-33:50\">\u00bfC\u00f3mo funciona el sistema de sabores 4 en 1?<br \/>\n<\/strong> \u2705 <strong data-sourcepos=\"34:3-34:85\">Cambie instant\u00e1neamente entre cuatro sabores premium con controles de botones simples.<\/strong><\/p>\n<p data-sourcepos=\"36:1-37:77\">\u2753 <strong data-sourcepos=\"36:3-36:41\">\u00bfEs la nicotina 5% demasiado fuerte?<\/strong><br \/>\n\u2705 <strong data-sourcepos=\"37:3-37:75\">Perfecto para vapeadores experimentados que buscan potentes golpes en la garganta.<\/strong><\/p>\n<p data-sourcepos=\"39:1-40:83\">\u2753 <strong data-sourcepos=\"39:3-39:42\">\u00bfPuedo monitorear las estad\u00edsticas de uso?<\/strong><br \/>\n\u2705 <strong data-sourcepos=\"40:3-40:19\">Pantalla inteligente<\/strong> Espect\u00e1culos <strong data-sourcepos=\"40:26-40:55\">Niveles de l\u00edquido electr\u00f3nico en tiempo real<\/strong> Y <strong data-sourcepos=\"40:60-40:78\">Estado de la bater\u00eda<\/strong>.**<\/p>\n<p data-sourcepos=\"42:1-43:84\">\u2753 <strong data-sourcepos=\"42:3-42:38\">\u00bfPor qu\u00e9 elegir bobinas de malla cu\u00e1druple?<\/strong><br \/>\n\u2705 <strong data-sourcepos=\"43:3-43:22\">Cuatro bobinas de 1,0 \u03a9<\/strong> Asegurar <strong data-sourcepos=\"43:30-43:46\">Incluso calefacci\u00f3n<\/strong> Y <strong data-sourcepos=\"43:51-43:79\">Entrega de sabor mejorada<\/strong>.**<\/p>\n<p>&nbsp;<\/p>\n<h3 id=\"brxe-najhln\" class=\"brxe-heading\">Preguntas frecuentes (FAQ)<\/h3>\n<div id=\"brxe-rajiac\" class=\"brxe-text\">\n<p><strong>P: \u00bfQu\u00e9 m\u00e9todos de pago aceptan?<\/strong><br \/>\nR: Aceptamos PayPal, Stripe, transferencias bancarias (compatibles con SEPA), las principales tarjetas de cr\u00e9dito (Visa, MasterCard, American Express) y pagos con criptomonedas.<\/p>\n<p><strong>P: \u00bfCu\u00e1nto tiempo lleva la preparaci\u00f3n del pedido?<\/strong><br \/>\nR: La preparaci\u00f3n del pedido demora entre 1 y 3 d\u00edas h\u00e1biles.<\/p>\n<p><strong>P: \u00bfCu\u00e1l es el tiempo de env\u00edo?<\/strong><br \/>\nR: El tiempo de env\u00edo es de 7 a 14 d\u00edas h\u00e1biles, seg\u00fan su ubicaci\u00f3n.<\/p>\n<p><strong>P: \u00bfC\u00f3mo puedo realizar un seguimiento de mi pedido?<\/strong><br \/>\nR: Despu\u00e9s del env\u00edo, recibir\u00e1 un correo electr\u00f3nico de confirmaci\u00f3n con un n\u00famero de seguimiento para realizar un seguimiento en tiempo real.<\/p>\n<p><strong>P: \u00bfCu\u00e1l es su pol\u00edtica de devoluci\u00f3n?<\/strong><br \/>\nR: Ofrecemos una pol\u00edtica de devoluci\u00f3n de 30 d\u00edas para reembolsos o cambios. .<\/p>\n<p><strong>P: \u00bfHabr\u00e1 alg\u00fan problema aduanero?<br \/>\n<\/strong>Nos encargamos de todos los procedimientos de despacho de aduanas para garantizarle una experiencia sin complicaciones. .<\/p>\n<p><strong>P: \u00bfQu\u00e9 m\u00e9todos de env\u00edo se utilizan?<\/strong><br \/>\nCooperamos con UPS\/DHL\/FEDEX\/DPD, etc. Elegiremos la opci\u00f3n de env\u00edo adecuada seg\u00fan el pa\u00eds de entrega para asegurarnos de que reciba sus productos lo m\u00e1s r\u00e1pido posible.<\/p>\n<p><a href=\"https:\/\/pgvape.com\/es\/preguntas-frecuentes\/\">Haga clic aqu\u00ed para m\u00e1s preguntas frecuentes<\/a><\/p>\n<p>Estimados clientes: Si tienen alguna pregunta sobre su pedido o la llegada de la mercanc\u00eda, comun\u00edquese con nuestro servicio de atenci\u00f3n al cliente. \u00a1Gracias!<\/p>\n<h3 data-sourcepos=\"73:1-73:21\"><strong data-sourcepos=\"73:7-73:21\">Cont\u00e1ctenos<\/strong><\/h3>\n<div id=\"text-2419739398\" class=\"text\">\n<p><strong data-sourcepos=\"75:3-75:12\">Correo electr\u00f3nico<\/strong>:\u00a0<a href=\"mailto:support@pgvape.com\"><strong>support@pgvape.com<\/strong><\/a><\/p>\n<p><strong data-sourcepos=\"76:3-76:15\">WhatsApp<\/strong>: <a href=\"https:\/\/wa.me\/+8618128481258\"><strong>+86 18128481258<\/strong><\/a><br \/>\n<strong>(Respuesta dentro de las 24 horas en d\u00edas h\u00e1biles)<\/strong><\/p>\n<\/div>\n<h3><strong>\u00a1Gracias por elegir pgvape.com! .<\/strong><\/h3>\n<\/div>","protected":false},"excerpt":{"rendered":"<p><strong data-sourcepos=\"48:1-48:235\">\u201cATVS WARSHIP 60000: el vaporizador desechable con sabor 4 en 1 definitivo, con 60.000 inhalaciones, capacidad de 36 ml y 6 combinaciones de sabores, con pantalla inteligente, carga tipo C y nicotina 5% para una satisfacci\u00f3n intensa\u201d.\u201d<\/strong><\/p>","protected":false},"featured_media":3056,"comment_status":"open","ping_status":"closed","template":"","meta":{"_seopress_robots_primary_cat":"none","_seopress_titles_title":"%%post_title%% %%sep%% %%sitetitle%%","_seopress_titles_desc":"","_seopress_robots_index":""},"product_brand":[261,516],"product_cat":[48,260,515],"product_tag":[158,53,51,52,272,269,90,273],"class_list":{"0":"post-3041","1":"product","2":"type-product","3":"status-publish","4":"has-post-thumbnail","6":"product_brand-atvs-vape","7":"product_brand-disposable-vape","8":"product_cat-60k-puffs-vape","9":"product_cat-atvs-vape","10":"product_cat-disposable-vape","11":"product_tag-4-adjustable-flavors","12":"product_tag-4-in-1-flavors","13":"product_tag-60k-puffs","14":"product_tag-60k-vape","15":"product_tag-atvs-warship-60000","16":"product_tag-atvs-warship-vape","17":"product_tag-disposable-vape","18":"product_tag-with-screen-display","20":"first","21":"instock","22":"sale","23":"shipping-taxable","24":"purchasable","25":"product-type-variable"},"_links":{"self":[{"href":"https:\/\/pgvape.com\/es\/wp-json\/wp\/v2\/product\/3041","targetHints":{"allow":["GET"]}}],"collection":[{"href":"https:\/\/pgvape.com\/es\/wp-json\/wp\/v2\/product"}],"about":[{"href":"https:\/\/pgvape.com\/es\/wp-json\/wp\/v2\/types\/product"}],"replies":[{"embeddable":true,"href":"https:\/\/pgvape.com\/es\/wp-json\/wp\/v2\/comments?post=3041"}],"wp:featuredmedia":[{"embeddable":true,"href":"https:\/\/pgvape.com\/es\/wp-json\/wp\/v2\/media\/3056"}],"wp:attachment":[{"href":"https:\/\/pgvape.com\/es\/wp-json\/wp\/v2\/media?parent=3041"}],"wp:term":[{"taxonomy":"product_brand","embeddable":true,"href":"https:\/\/pgvape.com\/es\/wp-json\/wp\/v2\/product_brand?post=3041"},{"taxonomy":"product_cat","embeddable":true,"href":"https:\/\/pgvape.com\/es\/wp-json\/wp\/v2\/product_cat?post=3041"},{"taxonomy":"product_tag","embeddable":true,"href":"https:\/\/pgvape.com\/es\/wp-json\/wp\/v2\/product_tag?post=3041"}],"curies":[{"name":"wp","href":"https:\/\/api.w.org\/{rel}","templated":true}]}}