{"id":2963,"date":"2025-10-11T11:48:34","date_gmt":"2025-10-11T11:48:34","guid":{"rendered":"https:\/\/pgvape.com\/?post_type=product&#038;p=2963"},"modified":"2026-01-27T10:41:38","modified_gmt":"2026-01-27T10:41:38","slug":"los-atvs-30000-30k-soplan-el-vape-disponible-mtl-del-dtl-con-la-fabrica-ajustable-del-vape-del-flujo-de-aire-directo","status":"publish","type":"product","link":"https:\/\/pgvape.com\/es\/producto\/los-atvs-30000-30k-soplan-el-vape-disponible-mtl-del-dtl-con-la-fabrica-ajustable-del-vape-del-flujo-de-aire-directo\/","title":{"rendered":"ATVS 30000 30K sopla Vape disponible DTL\/MTL con la f\u00e1brica ajustable de Vape de la circulaci\u00f3n de aire directa"},"content":{"rendered":"<div class=\"auto-hide-last-sibling-br paragraph-JOTKXA paragraph-element br-paragraph-space\"><strong data-sourcepos=\"2:5-2:49\">ATVS 30000 inhalaciones DTL\/MTL Vape desechable<\/strong> Entrega <strong data-sourcepos=\"2:59-2:84\">Versatilidad inigualable<\/strong> Con <strong data-sourcepos=\"2:90-2:117\">30.000 bocanadas ultralargas<\/strong> Y <strong data-sourcepos=\"2:122-2:141\">40W de alto rendimiento<\/strong>. <strong data-sourcepos=\"2:153-2:175\">Flujo de aire ajustable<\/strong> Para <strong data-sourcepos=\"2:180-2:198\">Estilos DTL\/MTL<\/strong>, <strong data-sourcepos=\"2:200-2:218\">Bobina de malla doble<\/strong>, Y <strong data-sourcepos=\"2:224-2:256\">Bater\u00eda recargable de 1000 mAh.<\/strong>, Produce <strong data-sourcepos=\"2:270-2:286\">Vapor suave<\/strong> Y <strong data-sourcepos=\"2:291-2:306\">rico sabor<\/strong>. <strong data-sourcepos=\"2:312-2:332\">Pantalla LCD inteligente<\/strong> Pistas <strong data-sourcepos=\"2:340-2:351\">Bater\u00eda<\/strong>, <strong data-sourcepos=\"2:353-2:364\">Potencia<\/strong>, Y <strong data-sourcepos=\"2:370-2:389\">Niveles de l\u00edquido electr\u00f3nico<\/strong>, Mientras <strong data-sourcepos=\"2:397-2:421\">Carga r\u00e1pida tipo C<\/strong> Garantiza encendidos r\u00e1pidos. <strong data-sourcepos=\"2:460-2:482\">14 sabores premium<\/strong> Con <strong data-sourcepos=\"2:488-2:514\">Opciones de nicotina 2%\/5%<\/strong>.<\/div>\n<p>&nbsp;<\/p>\n<h2><span style=\"font-size: 90%;\">Especificaciones de Vape desechables ATVS 30000 | 30K Puffs<\/span><\/h2>\n<p><strong data-sourcepos=\"7:3-7:17\">Conteo de bocanadas<\/strong>:\u00a0<strong data-sourcepos=\"7:19-7:35\">30.000 bocanadas<\/strong><\/p>\n<p><strong data-sourcepos=\"8:3-8:15\">Nicotina<\/strong>:\u00a0<strong data-sourcepos=\"8:17-8:36\">Opciones 2% \/ 5%<\/strong><\/p>\n<p><strong data-sourcepos=\"9:3-9:15\">E-l\u00edquido<\/strong>:\u00a0<strong data-sourcepos=\"9:17-9:34\">Capacidad de 30 ml.<\/strong><\/p>\n<p><strong data-sourcepos=\"10:3-10:14\">Bater\u00eda<\/strong>:\u00a0<strong data-sourcepos=\"10:16-10:40\">1000mAh recargable<\/strong><\/p>\n<p><strong data-sourcepos=\"11:3-11:13\">Producci\u00f3n<\/strong>:\u00a0<strong data-sourcepos=\"11:15-11:33\">40W de alta potencia<\/strong><\/p>\n<p><strong data-sourcepos=\"12:3-12:17\">Resistencia<\/strong>:\u00a0<strong data-sourcepos=\"12:19-12:55\">0,4\u03a9 \/ 0,8\u03a9 (DTL\/MTL ajustable)<\/strong><\/p>\n<p><strong data-sourcepos=\"13:3-13:11\">Bobina<\/strong>:\u00a0<strong data-sourcepos=\"13:13-13:31\">Bobina de malla doble<\/strong><\/p>\n<p><strong data-sourcepos=\"14:3-14:15\">Cargando<\/strong>:\u00a0<strong data-sourcepos=\"14:17-14:41\">Carga r\u00e1pida tipo C<\/strong><\/p>\n<p><strong data-sourcepos=\"15:3-15:14\">Mostrar<\/strong>:\u00a0<strong data-sourcepos=\"15:16-15:57\">Pantalla LCD (bater\u00eda\/potencia\/e-l\u00edquido)<\/strong><\/p>\n<p><strong data-sourcepos=\"16:3-16:14\">flujo de aire<\/strong>:\u00a0<strong data-sourcepos=\"16:16-16:46\">Ajustable (modos DTL\/MTL)<\/strong><\/p>\n<p><strong data-sourcepos=\"17:3-17:14\">Paquete<\/strong>:\u00a0<strong data-sourcepos=\"17:16-17:35\">Unidad individual<\/strong><\/p>\n<h3><span style=\"font-size: 90%;\"><br \/>\nLista disponible del sabor de Vape de los soplos 30K de ATVS 30000 |<\/span><\/h3>\n<p>1.Hielo de pi\u00f1a<\/p>\n<p>2.Hielo de mango<\/p>\n<p>3.Hielo de pl\u00e1tano<\/p>\n<p>4.Fruta mixta<\/p>\n<p>5.Hielo de ar\u00e1ndanos<\/p>\n<p>6.Hielo de guayaba<\/p>\n<p>7.Yakult<\/p>\n<p>8.Hielo de sand\u00eda<\/p>\n<p>9. Hielo de lichi<\/p>\n<p>10.Hielo de menta<\/p>\n<p>11. Hielo de cola<\/p>\n<p>12.Hielo de uva<\/p>\n<p>13.Hielo de fresa<\/p>\n<p>14.Sand\u00eda Fresa<img loading=\"lazy\" decoding=\"async\" class=\"alignnone wp-image-2985 size-full\" src=\"https:\/\/pgvape.com\/wp-content\/uploads\/2025\/10\/pgvape-ATVS-30000-30K-Puffs-DTLMTL-Disposable-Vape-Adjustable-Airflow-Vape-Factory-Direct-19.png\" alt=\"Cuadr\u00edcula de coloridas tarjetas de productos bajo el t\u00edtulo Varios sabores para elegir, que muestra dos filas de cajas de sabores etiquetadas: hielo de pi\u00f1a, hielo de mango, hielo de pl\u00e1tano, frutas mixtas, hielo de ar\u00e1ndanos, hielo de guayaba, yakult, hielo de sand\u00eda, hielo de lichi, hielo de menta, hielo de cola, hielo de uva, hielo de fresa y sand\u00eda de fresa; cada tarjeta contiene una peque\u00f1a imagen de dispositivo rectangular e ilustraciones de frutas a juego.\" width=\"2000\" height=\"885\" srcset=\"https:\/\/pgvape.com\/wp-content\/uploads\/2025\/10\/pgvape-ATVS-30000-30K-Puffs-DTLMTL-Disposable-Vape-Adjustable-Airflow-Vape-Factory-Direct-19.png 2000w, https:\/\/pgvape.com\/wp-content\/uploads\/2025\/10\/pgvape-ATVS-30000-30K-Puffs-DTLMTL-Disposable-Vape-Adjustable-Airflow-Vape-Factory-Direct-19-555x246.png 555w, https:\/\/pgvape.com\/wp-content\/uploads\/2025\/10\/pgvape-ATVS-30000-30K-Puffs-DTLMTL-Disposable-Vape-Adjustable-Airflow-Vape-Factory-Direct-19-595x263.png 595w, https:\/\/pgvape.com\/wp-content\/uploads\/2025\/10\/pgvape-ATVS-30000-30K-Puffs-DTLMTL-Disposable-Vape-Adjustable-Airflow-Vape-Factory-Direct-19-400x177.png 400w, https:\/\/pgvape.com\/wp-content\/uploads\/2025\/10\/pgvape-ATVS-30000-30K-Puffs-DTLMTL-Disposable-Vape-Adjustable-Airflow-Vape-Factory-Direct-19-768x340.png 768w, https:\/\/pgvape.com\/wp-content\/uploads\/2025\/10\/pgvape-ATVS-30000-30K-Puffs-DTLMTL-Disposable-Vape-Adjustable-Airflow-Vape-Factory-Direct-19-1536x680.png 1536w, https:\/\/pgvape.com\/wp-content\/uploads\/2025\/10\/pgvape-ATVS-30000-30K-Puffs-DTLMTL-Disposable-Vape-Adjustable-Airflow-Vape-Factory-Direct-19-18x8.png 18w, https:\/\/pgvape.com\/wp-content\/uploads\/2025\/10\/pgvape-ATVS-30000-30K-Puffs-DTLMTL-Disposable-Vape-Adjustable-Airflow-Vape-Factory-Direct-19-600x266.png 600w, https:\/\/pgvape.com\/wp-content\/uploads\/2025\/10\/pgvape-ATVS-30000-30K-Puffs-DTLMTL-Disposable-Vape-Adjustable-Airflow-Vape-Factory-Direct-19-60x27.png 60w\" sizes=\"auto, (max-width: 2000px) 100vw, 2000px\" \/><\/p>\n<h3><span style=\"font-size: 20.16px;\">V\u00eddeo de Vape desechable ATVS 30000 30K inhalaciones DTL\/MTL<\/span><strong style=\"font-size: 20.16px;\">:<\/strong><\/h3>\n<p><iframe loading=\"lazy\" title=\"ATVS 30K sopla pgvape directo de f\u00e1brica elegante ajustable disponible de Vape de la pantalla de la circulaci\u00f3n de aire de Vape DTL\/MTL\" width=\"1020\" height=\"574\" src=\"https:\/\/www.youtube.com\/embed\/y_aTjoXEX3E?feature=oembed\" frameborder=\"0\" allow=\"accelerometer; autoplay; clipboard-write; encrypted-media; gyroscope; picture-in-picture; web-share\" referrerpolicy=\"strict-origin-when-cross-origin\" allowfullscreen><\/iframe><\/p>\n<p>&nbsp;<\/p>\n<h2 class=\"header-vfC6AV auto-hide-last-sibling-br\">Preguntas frecuentes sobre ATVS 30000 | 30K Puffs Vape desechable<\/h2>\n<p data-sourcepos=\"40:1-41:116\">\u2753 <strong data-sourcepos=\"40:3-40:48\">\u00bfQu\u00e9 hace que el dise\u00f1o DTL\/MTL sea \u00fanico?<\/strong><br \/>\n\u2705 <strong data-sourcepos=\"41:3-41:25\">Flujo de aire ajustable<\/strong> Y <strong data-sourcepos=\"41:30-41:61\">Resistencia dual (0,4 \u03a9\/0,8 \u03a9)<\/strong> Apoyo <strong data-sourcepos=\"41:70-41:106\">Tanto de pulm\u00f3n directo como de boca a pulm\u00f3n<\/strong> Estilos.<\/p>\n<p data-sourcepos=\"43:1-44:107\">\u2753 <strong data-sourcepos=\"43:3-43:50\">\u00bfC\u00f3mo mejora la salida de 40 W el vapeo?<\/strong><br \/>\n\u2705 <strong data-sourcepos=\"44:3-44:19\">Mayor poder<\/strong> Entrega <strong data-sourcepos=\"44:29-44:46\">Nubes m\u00e1s densas<\/strong> Y <strong data-sourcepos=\"44:51-44:75\">Golpes de garganta m\u00e1s fuertes<\/strong> Para <strong data-sourcepos=\"44:80-44:104\">Satisfacci\u00f3n intensa<\/strong>.<\/p>\n<p data-sourcepos=\"46:1-47:97\">\u2753 <strong data-sourcepos=\"46:3-46:47\">\u00bfLa bater\u00eda de 1000 mAh es duradera?<\/strong><br \/>\n\u2705 <strong data-sourcepos=\"47:3-47:11\">\u00a1S\u00ed!<\/strong> Proporciona <strong data-sourcepos=\"47:21-47:33\">2-3 d\u00edas<\/strong> De uso con <strong data-sourcepos=\"47:46-47:70\">Carga r\u00e1pida tipo C<\/strong> Para reposici\u00f3n r\u00e1pida.<\/p>\n<p data-sourcepos=\"49:1-50:73\">\u2753 <strong data-sourcepos=\"49:3-49:50\">\u00bfPuedo controlar la potencia y el l\u00edquido electr\u00f3nico?<\/strong><br \/>\n\u2705 <strong data-sourcepos=\"50:3-50:17\">Pantalla LCD<\/strong> Pantallas <strong data-sourcepos=\"50:27-50:46\">Estad\u00edsticas en tiempo real<\/strong> Para <strong data-sourcepos=\"50:51-50:70\">Control preciso<\/strong>.<\/p>\n<p data-sourcepos=\"52:1-53:81\">\u2753 <strong data-sourcepos=\"52:3-52:38\">\u00bfPor qu\u00e9 elegir bobinas de malla dual?<\/strong><br \/>\n\u2705 <strong data-sourcepos=\"53:3-53:30\">Claridad de sabor mejorada<\/strong> Y <strong data-sourcepos=\"53:35-53:53\">Vapor m\u00e1s suave<\/strong> En comparaci\u00f3n con las bobinas simples.<\/p>\n<p data-sourcepos=\"55:1-56:85\">\u2753 <strong data-sourcepos=\"55:3-55:43\">\u00bfLos 14 sabores son helados o dulces?<\/strong><br \/>\n\u2705 <strong data-sourcepos=\"56:3-56:12\">\u00a1Ambos!<\/strong> Incluye <strong data-sourcepos=\"56:22-56:32\">Sabroso<\/strong>, <strong data-sourcepos=\"56:34-56:45\">Mentol<\/strong>, Y <strong data-sourcepos=\"56:51-56:82\">Mezclas \u00fanicas (como Yakult)<\/strong>.<\/p>\n<p>&nbsp;<\/p>\n<h3 id=\"brxe-najhln\" class=\"brxe-heading\">Preguntas frecuentes (FAQ)<\/h3>\n<div id=\"brxe-rajiac\" class=\"brxe-text\">\n<p><strong>P: \u00bfQu\u00e9 m\u00e9todos de pago aceptan?<\/strong><br \/>\nR: Aceptamos PayPal, Stripe, transferencias bancarias (compatibles con SEPA), las principales tarjetas de cr\u00e9dito (Visa, MasterCard, American Express) y pagos con criptomonedas.<\/p>\n<p><strong>P: \u00bfCu\u00e1nto tiempo lleva la preparaci\u00f3n del pedido?<\/strong><br \/>\nR: La preparaci\u00f3n del pedido demora entre 1 y 3 d\u00edas h\u00e1biles.<\/p>\n<p><strong>P: \u00bfCu\u00e1l es el tiempo de env\u00edo?<\/strong><br \/>\nR: El tiempo de env\u00edo es de 7 a 14 d\u00edas h\u00e1biles, seg\u00fan su ubicaci\u00f3n.<\/p>\n<p><strong>P: \u00bfC\u00f3mo puedo realizar un seguimiento de mi pedido?<\/strong><br \/>\nR: Despu\u00e9s del env\u00edo, recibir\u00e1 un correo electr\u00f3nico de confirmaci\u00f3n con un n\u00famero de seguimiento para realizar un seguimiento en tiempo real.<\/p>\n<p><strong>P: \u00bfCu\u00e1l es su pol\u00edtica de devoluci\u00f3n?<\/strong><br \/>\nR: Ofrecemos una pol\u00edtica de devoluci\u00f3n de 30 d\u00edas para reembolsos o cambios. .<\/p>\n<p><strong>P: \u00bfHabr\u00e1 alg\u00fan problema aduanero?<br \/>\n<\/strong>Nos encargamos de todos los procedimientos de despacho de aduanas para garantizarle una experiencia sin complicaciones. .<\/p>\n<p><strong>P: \u00bfQu\u00e9 m\u00e9todos de env\u00edo se utilizan?<\/strong><br \/>\nCooperamos con UPS\/DHL\/FEDEX\/DPD, etc. Elegiremos la opci\u00f3n de env\u00edo adecuada seg\u00fan el pa\u00eds de entrega para asegurarnos de que reciba sus productos lo m\u00e1s r\u00e1pido posible.<\/p>\n<p><a href=\"https:\/\/pgvape.com\/es\/preguntas-frecuentes\/\">Haga clic aqu\u00ed para m\u00e1s preguntas frecuentes<\/a><\/p>\n<p>Estimados clientes: Si tienen alguna pregunta sobre su pedido o la llegada de la mercanc\u00eda, comun\u00edquese con nuestro servicio de atenci\u00f3n al cliente. \u00a1Gracias!<\/p>\n<h3 data-sourcepos=\"73:1-73:21\"><strong data-sourcepos=\"73:7-73:21\">Cont\u00e1ctenos<\/strong><\/h3>\n<div id=\"text-2419739398\" class=\"text\">\n<p><strong data-sourcepos=\"75:3-75:12\">Correo electr\u00f3nico<\/strong>:\u00a0<a href=\"mailto:support@pgvape.com\"><strong>support@pgvape.com<\/strong><\/a><\/p>\n<p><strong data-sourcepos=\"76:3-76:15\">WhatsApp<\/strong>: <a href=\"https:\/\/wa.me\/+8618128481258\"><strong>+86 18128481258<\/strong><\/a><br \/>\n<strong>(Respuesta dentro de las 24 horas en d\u00edas h\u00e1biles)<\/strong><\/p>\n<\/div>\n<h3><strong>\u00a1Gracias por elegir pgvape.com! .<\/strong><\/h3>\n<\/div>","protected":false},"excerpt":{"rendered":"<p><strong data-sourcepos=\"61:1-61:221\">\u201cATVS 30000: el vaporizador desechable DTL\/MTL definitivo con 30.000 inhalaciones, salida de 40 W y 14 sabores, con flujo de aire ajustable, pantalla LCD inteligente y bater\u00eda de 1000 mAh para una b\u00fasqueda personalizada en la nube\u201d.\u201d<\/strong><\/p>","protected":false},"featured_media":2967,"comment_status":"open","ping_status":"closed","template":"","meta":{"_seopress_robots_primary_cat":"none","_seopress_titles_title":"%%post_title%% %%sep%% %%sitetitle%%","_seopress_titles_desc":"","_seopress_robots_index":""},"product_brand":[261,516],"product_cat":[35,260,515],"product_tag":[38,134,268,265,90,263,267,266],"class_list":{"0":"post-2963","1":"product","2":"type-product","3":"status-publish","4":"has-post-thumbnail","6":"product_brand-atvs-vape","7":"product_brand-disposable-vape","8":"product_cat-30k-puffs-vape","9":"product_cat-atvs-vape","10":"product_cat-disposable-vape","11":"product_tag-30k-puffs","12":"product_tag-30k-vape","13":"product_tag-atvs-30000","14":"product_tag-atvs-vape","15":"product_tag-disposable-vape","16":"product_tag-dtl-mtl","17":"product_tag-smart-lcd-screen","18":"product_tag-with-adjustable-airflow","20":"first","21":"instock","22":"sale","23":"shipping-taxable","24":"purchasable","25":"product-type-variable"},"_links":{"self":[{"href":"https:\/\/pgvape.com\/es\/wp-json\/wp\/v2\/product\/2963","targetHints":{"allow":["GET"]}}],"collection":[{"href":"https:\/\/pgvape.com\/es\/wp-json\/wp\/v2\/product"}],"about":[{"href":"https:\/\/pgvape.com\/es\/wp-json\/wp\/v2\/types\/product"}],"replies":[{"embeddable":true,"href":"https:\/\/pgvape.com\/es\/wp-json\/wp\/v2\/comments?post=2963"}],"wp:featuredmedia":[{"embeddable":true,"href":"https:\/\/pgvape.com\/es\/wp-json\/wp\/v2\/media\/2967"}],"wp:attachment":[{"href":"https:\/\/pgvape.com\/es\/wp-json\/wp\/v2\/media?parent=2963"}],"wp:term":[{"taxonomy":"product_brand","embeddable":true,"href":"https:\/\/pgvape.com\/es\/wp-json\/wp\/v2\/product_brand?post=2963"},{"taxonomy":"product_cat","embeddable":true,"href":"https:\/\/pgvape.com\/es\/wp-json\/wp\/v2\/product_cat?post=2963"},{"taxonomy":"product_tag","embeddable":true,"href":"https:\/\/pgvape.com\/es\/wp-json\/wp\/v2\/product_tag?post=2963"}],"curies":[{"name":"wp","href":"https:\/\/api.w.org\/{rel}","templated":true}]}}