{"id":2929,"date":"2025-10-11T10:51:14","date_gmt":"2025-10-11T10:51:14","guid":{"rendered":"https:\/\/pgvape.com\/?post_type=product&#038;p=2929"},"modified":"2026-01-27T10:43:57","modified_gmt":"2026-01-27T10:43:57","slug":"los-atvs-25000-25k-soplan-la-fabrica-elegante-disponible-del-vape-del-dtl-mtl-del-vape-de-pantalla-completa-directa","status":"publish","type":"product","link":"https:\/\/pgvape.com\/es\/producto\/los-atvs-25000-25k-soplan-la-fabrica-elegante-disponible-del-vape-del-dtl-mtl-del-vape-de-pantalla-completa-directa\/","title":{"rendered":"ATVS 25000 25K sopla directamente de f\u00e1brica a pantalla completa elegante disponible de Vape DTL\/MTL Vape"},"content":{"rendered":"<div class=\"auto-hide-last-sibling-br paragraph-JOTKXA paragraph-element br-paragraph-space\">\n<p class=\"auto-hide-last-sibling-br paragraph-JOTKXA paragraph-element br-paragraph-space\"><strong data-sourcepos=\"4:5-4:41\">ATVS 25000 inhalaciones Vape desechable<\/strong> Ofertas <strong data-sourcepos=\"4:49-4:74\">Versatilidad del modo dual<\/strong> Con <strong data-sourcepos=\"4:80-4:96\">MTL (10-15W)<\/strong> Y <strong data-sourcepos=\"4:101-4:125\">Opciones DTL (20-30W)<\/strong>, Entregando <strong data-sourcepos=\"4:138-4:171\">Experiencias de vapeo personalizadas<\/strong>. <strong data-sourcepos=\"4:185-4:211\">Capacidad de l\u00edquido electr\u00f3nico de 28 ml<\/strong> Y <strong data-sourcepos=\"4:216-4:234\">Bobina de malla doble<\/strong>, Produce <strong data-sourcepos=\"4:248-4:263\">rico sabor<\/strong> Y <strong data-sourcepos=\"4:268-4:290\">Nubes densas de vapor<\/strong>. <strong data-sourcepos=\"4:296-4:328\">Bater\u00eda recargable de 1000 mAh.<\/strong> Con <strong data-sourcepos=\"4:334-4:358\">Carga r\u00e1pida tipo C<\/strong> Asegura <strong data-sourcepos=\"4:367-4:383\">Uso extendido<\/strong>, mientras que el <strong data-sourcepos=\"4:395-4:424\">Pantalla completa inteligente<\/strong> Proporciona <strong data-sourcepos=\"4:434-4:458\">Monitoreo en tiempo real<\/strong> De <strong data-sourcepos=\"4:462-4:482\">Temperatura de la bobina<\/strong>, <strong data-sourcepos=\"4:484-4:503\">Niveles de l\u00edquido electr\u00f3nico<\/strong>, <strong data-sourcepos=\"4:505-4:523\">Estado de la bater\u00eda<\/strong>, Y <strong data-sourcepos=\"4:529-4:540\">Potencia<\/strong>. <strong data-sourcepos=\"4:555-4:580\">15 sabores refrescantes<\/strong> Con <strong data-sourcepos=\"4:586-4:612\">Opciones de nicotina 2%\/5%<\/strong>, Empaquetado <strong data-sourcepos=\"4:623-4:636\">10 unids\/caja<\/strong> Para venta minorista\/mayorista<\/p>\n<\/div>\n<h2><span style=\"font-size: 90%;\"><br \/>\nEspecificaciones de Vape desechable ATVS 25000 | 25K Puffs<\/span><\/h2>\n<p><strong data-sourcepos=\"9:3-9:17\">Conteo de bocanadas<\/strong>:\u00a0<strong data-sourcepos=\"9:19-9:35\">25.000 bocanadas<\/strong><\/p>\n<p><strong data-sourcepos=\"10:3-10:15\">Nicotina<\/strong>:\u00a0<strong data-sourcepos=\"10:17-10:36\">Opciones 2% \/ 5%<\/strong><\/p>\n<p><strong data-sourcepos=\"11:3-11:15\">E-l\u00edquido<\/strong>:\u00a0<strong data-sourcepos=\"11:17-11:34\">Capacidad de 28 ml.<\/strong><\/p>\n<p><strong data-sourcepos=\"12:3-12:11\">Bobina<\/strong>:\u00a0<strong data-sourcepos=\"12:13-12:31\">Bobina de malla doble<\/strong><\/p>\n<p><strong data-sourcepos=\"13:3-13:14\">Bater\u00eda<\/strong>:\u00a0<strong data-sourcepos=\"13:16-13:40\">1000mAh recargable<\/strong><\/p>\n<p><strong data-sourcepos=\"14:3-14:15\">Cargando<\/strong>:\u00a0<strong data-sourcepos=\"14:17-14:41\">Carga r\u00e1pida tipo C<\/strong><\/p>\n<p><strong data-sourcepos=\"15:3-15:14\">Mostrar<\/strong>:\u00a0<strong data-sourcepos=\"15:16-15:70\">Pantalla completa (temperatura\/e-l\u00edquido\/bater\u00eda\/potencia)<\/strong><\/p>\n<p><strong data-sourcepos=\"16:3-16:12\">Modos<\/strong>:\u00a0<strong data-sourcepos=\"16:14-16:41\">MTL (0,8 \u03a9) \/ DTL (0,4 \u03a9)<\/strong><\/p>\n<p><strong data-sourcepos=\"17:3-17:14\">Paquete<\/strong>:\u00a0<strong data-sourcepos=\"17:16-17:34\">10 dispositivos\/caja<\/strong><\/p>\n<p>&nbsp;<\/p>\n<h3><span style=\"font-size: 90%;\">Lista disponible del sabor de Vape de los soplos 25K de ATVS 25000 |<\/span><\/h3>\n<p>1.Hielo de ar\u00e1ndanos<\/p>\n<p>2.Hielo de pi\u00f1a<\/p>\n<p>3.Helado de pl\u00e1tano y naranja<\/p>\n<p>4.Hielo de sand\u00eda<\/p>\n<p>5.Sand\u00eda Fresa<\/p>\n<p>6.Hielo de uva<\/p>\n<p>7.Frutas mixtas<\/p>\n<p>8.Hielo de mango<\/p>\n<p>9.Refresco de naranja<\/p>\n<p>10. Lichi rosa<\/p>\n<p>11.Hielo de melocot\u00f3n<\/p>\n<p>12. Manzanas dobles<\/p>\n<p>13.Hielo de fresa<\/p>\n<p>14.Hielo de guayaba<\/p>\n<p>15. Menta fresca<img loading=\"lazy\" decoding=\"async\" class=\"alignnone wp-image-2941 size-full\" src=\"https:\/\/pgvape.com\/wp-content\/uploads\/2025\/10\/pgvape-25000-25K-Puffs-DTLMTL-Disposable-VapeAdjustable-Airflow-Vape-Factory-Direct-9.png\" alt=\"\" width=\"2000\" height=\"885\" srcset=\"https:\/\/pgvape.com\/wp-content\/uploads\/2025\/10\/pgvape-25000-25K-Puffs-DTLMTL-Disposable-VapeAdjustable-Airflow-Vape-Factory-Direct-9.png 2000w, https:\/\/pgvape.com\/wp-content\/uploads\/2025\/10\/pgvape-25000-25K-Puffs-DTLMTL-Disposable-VapeAdjustable-Airflow-Vape-Factory-Direct-9-555x246.png 555w, https:\/\/pgvape.com\/wp-content\/uploads\/2025\/10\/pgvape-25000-25K-Puffs-DTLMTL-Disposable-VapeAdjustable-Airflow-Vape-Factory-Direct-9-595x263.png 595w, https:\/\/pgvape.com\/wp-content\/uploads\/2025\/10\/pgvape-25000-25K-Puffs-DTLMTL-Disposable-VapeAdjustable-Airflow-Vape-Factory-Direct-9-400x177.png 400w, https:\/\/pgvape.com\/wp-content\/uploads\/2025\/10\/pgvape-25000-25K-Puffs-DTLMTL-Disposable-VapeAdjustable-Airflow-Vape-Factory-Direct-9-768x340.png 768w, https:\/\/pgvape.com\/wp-content\/uploads\/2025\/10\/pgvape-25000-25K-Puffs-DTLMTL-Disposable-VapeAdjustable-Airflow-Vape-Factory-Direct-9-1536x680.png 1536w, https:\/\/pgvape.com\/wp-content\/uploads\/2025\/10\/pgvape-25000-25K-Puffs-DTLMTL-Disposable-VapeAdjustable-Airflow-Vape-Factory-Direct-9-18x8.png 18w, https:\/\/pgvape.com\/wp-content\/uploads\/2025\/10\/pgvape-25000-25K-Puffs-DTLMTL-Disposable-VapeAdjustable-Airflow-Vape-Factory-Direct-9-600x266.png 600w, https:\/\/pgvape.com\/wp-content\/uploads\/2025\/10\/pgvape-25000-25K-Puffs-DTLMTL-Disposable-VapeAdjustable-Airflow-Vape-Factory-Direct-9-60x27.png 60w\" sizes=\"auto, (max-width: 2000px) 100vw, 2000px\" \/><\/p>\n<h3><span style=\"font-size: 90%;\"><strong>V\u00eddeo de Vape desechable ATVS 25000 25K Puffs DTL\/MTL:<\/strong><\/span><\/h3>\n<p>&nbsp;<\/p>\n<h2 class=\"header-vfC6AV auto-hide-last-sibling-br\">Preguntas frecuentes sobre ATVS 25000 | 25K Puffs Vape desechable<\/h2>\n<p data-sourcepos=\"41:1-42:104\">\u2753 <strong data-sourcepos=\"41:3-41:53\">\u00bfQu\u00e9 hace que la funci\u00f3n de modo dual sea especial?<\/strong><br \/>\n\u2705 <strong data-sourcepos=\"42:3-42:102\">Cambie entre MTL (Tighter Draw) y DTL (Airy Cloud Chasing) para un vapeo personalizado.<\/strong><\/p>\n<p data-sourcepos=\"44:1-45:93\">\u2753 <strong data-sourcepos=\"44:3-44:57\">\u00bfC\u00f3mo mejora la experiencia la pantalla inteligente?<\/strong><br \/>\n\u2705 <strong data-sourcepos=\"45:3-45:27\">Monitoreo en tiempo real<\/strong> De <strong data-sourcepos=\"45:31-45:48\">4 m\u00e9tricas clave<\/strong> Asegura <strong data-sourcepos=\"45:57-45:88\">Control de rendimiento \u00f3ptimo<\/strong>.**<\/p>\n<p data-sourcepos=\"47:1-48:85\">\u2753 <strong data-sourcepos=\"47:3-47:45\">\u00bfEs suficiente la bater\u00eda de 1000 mAh?<\/strong><br \/>\n\u2705 <strong data-sourcepos=\"48:3-48:11\">\u00a1S\u00ed!<\/strong> Dura <strong data-sourcepos=\"48:18-48:30\">2-3 d\u00edas<\/strong> Con <strong data-sourcepos=\"48:36-48:60\">Carga r\u00e1pida tipo C<\/strong> Para potenciadores r\u00e1pidos.**<\/p>\n<p data-sourcepos=\"50:1-51:87\">\u2753 <strong data-sourcepos=\"50:3-50:38\">\u00bfPor qu\u00e9 elegir bobinas de malla dual?<\/strong><br \/>\n\u2705 <strong data-sourcepos=\"51:3-51:30\">Claridad de sabor mejorada<\/strong> Y <strong data-sourcepos=\"51:35-51:64\">30% M\u00e1s producci\u00f3n de vapor<\/strong> Que las bobinas simples.**<\/p>\n<p data-sourcepos=\"53:1-54:92\">\u2753 <strong data-sourcepos=\"53:3-53:43\">\u00bfLos 15 sabores son helados o dulces?<\/strong><br \/>\n\u2705 <strong data-sourcepos=\"54:3-54:12\">\u00a1Ambos!<\/strong> Incluye <strong data-sourcepos=\"54:22-54:32\">Sabroso<\/strong>, <strong data-sourcepos=\"54:34-54:45\">Mentol<\/strong>, Y <strong data-sourcepos=\"54:51-54:87\">Mezclas \u00fanicas (como Rose Lychee)<\/strong>.**<\/p>\n<p>&nbsp;<\/p>\n<h3 id=\"brxe-najhln\" class=\"brxe-heading\">Preguntas frecuentes (FAQ)<\/h3>\n<div id=\"brxe-rajiac\" class=\"brxe-text\">\n<p><strong>P: \u00bfQu\u00e9 m\u00e9todos de pago aceptan?<\/strong><br \/>\nR: Aceptamos PayPal, Stripe, transferencias bancarias (compatibles con SEPA), las principales tarjetas de cr\u00e9dito (Visa, MasterCard, American Express) y pagos con criptomonedas.<\/p>\n<p><strong>P: \u00bfCu\u00e1nto tiempo lleva la preparaci\u00f3n del pedido?<\/strong><br \/>\nR: La preparaci\u00f3n del pedido demora entre 1 y 3 d\u00edas h\u00e1biles.<\/p>\n<p><strong>P: \u00bfCu\u00e1l es el tiempo de env\u00edo?<\/strong><br \/>\nR: El tiempo de env\u00edo es de 7 a 14 d\u00edas h\u00e1biles, seg\u00fan su ubicaci\u00f3n.<\/p>\n<p><strong>P: \u00bfC\u00f3mo puedo realizar un seguimiento de mi pedido?<\/strong><br \/>\nR: Despu\u00e9s del env\u00edo, recibir\u00e1 un correo electr\u00f3nico de confirmaci\u00f3n con un n\u00famero de seguimiento para realizar un seguimiento en tiempo real.<\/p>\n<p><strong>P: \u00bfCu\u00e1l es su pol\u00edtica de devoluci\u00f3n?<\/strong><br \/>\nR: Ofrecemos una pol\u00edtica de devoluci\u00f3n de 30 d\u00edas para reembolsos o cambios. .<\/p>\n<p><strong>P: \u00bfHabr\u00e1 alg\u00fan problema aduanero?<br \/>\n<\/strong>Nos encargamos de todos los procedimientos de despacho de aduanas para garantizarle una experiencia sin complicaciones. .<\/p>\n<p><strong>P: \u00bfQu\u00e9 m\u00e9todos de env\u00edo se utilizan?<\/strong><br \/>\nCooperamos con UPS\/DHL\/FEDEX\/DPD, etc. Elegiremos la opci\u00f3n de env\u00edo adecuada seg\u00fan el pa\u00eds de entrega para asegurarnos de que reciba sus productos lo m\u00e1s r\u00e1pido posible.<\/p>\n<p><a href=\"https:\/\/pgvape.com\/es\/preguntas-frecuentes\/\">Haga clic aqu\u00ed para m\u00e1s preguntas frecuentes<\/a><\/p>\n<p>Estimados clientes: Si tienen alguna pregunta sobre su pedido o la llegada de la mercanc\u00eda, comun\u00edquese con nuestro servicio de atenci\u00f3n al cliente. \u00a1Gracias!<\/p>\n<h3 data-sourcepos=\"73:1-73:21\"><strong data-sourcepos=\"73:7-73:21\">Cont\u00e1ctenos<\/strong><\/h3>\n<div id=\"text-2419739398\" class=\"text\">\n<p><strong data-sourcepos=\"75:3-75:12\">Correo electr\u00f3nico<\/strong>:\u00a0<a href=\"mailto:support@pgvape.com\"><strong>support@pgvape.com<\/strong><\/a><\/p>\n<p><strong data-sourcepos=\"76:3-76:15\">WhatsApp<\/strong>: <a href=\"https:\/\/wa.me\/+8618128481258\"><strong>+86 18128481258<\/strong><\/a><br \/>\n<strong>(Respuesta dentro de las 24 horas en d\u00edas h\u00e1biles)<\/strong><\/p>\n<\/div>\n<h3><strong>\u00a1Gracias por elegir pgvape.com! .<\/strong><\/h3>\n<\/div>\n<div class=\"auto-hide-last-sibling-br paragraph-JOTKXA paragraph-element br-paragraph-space\"><\/div>","protected":false},"excerpt":{"rendered":"<p><strong data-sourcepos=\"59:1-59:224\">\u201cATVS 25000: el vaporizador desechable de modo dual definitivo con 25.000 inhalaciones, 28 ml de capacidad y 15 sabores, con pantalla completa inteligente, bater\u00eda de 1000 mAh y opciones MTL\/DTL para vapeo personalizado\u201d.\u201d<\/strong><\/p>","protected":false},"featured_media":2934,"comment_status":"open","ping_status":"closed","template":"","meta":{"_seopress_robots_primary_cat":"none","_seopress_titles_title":"%%post_title%% %%sep%% %%sitetitle%%","_seopress_titles_desc":"","_seopress_robots_index":""},"product_brand":[261,516],"product_cat":[94,260,515],"product_tag":[183,96,101,262,263,264],"class_list":{"0":"post-2929","1":"product","2":"type-product","3":"status-publish","4":"has-post-thumbnail","6":"product_brand-atvs-vape","7":"product_brand-disposable-vape","8":"product_cat-25k-puffs-vape","9":"product_cat-atvs-vape","10":"product_cat-disposable-vape","11":"product_tag-15tastes","12":"product_tag-25k-puffs","13":"product_tag-25k-vape","14":"product_tag-atvs-25000","15":"product_tag-dtl-mtl","16":"product_tag-smart-full-screen","18":"first","19":"instock","20":"sale","21":"shipping-taxable","22":"purchasable","23":"product-type-variable"},"_links":{"self":[{"href":"https:\/\/pgvape.com\/es\/wp-json\/wp\/v2\/product\/2929","targetHints":{"allow":["GET"]}}],"collection":[{"href":"https:\/\/pgvape.com\/es\/wp-json\/wp\/v2\/product"}],"about":[{"href":"https:\/\/pgvape.com\/es\/wp-json\/wp\/v2\/types\/product"}],"replies":[{"embeddable":true,"href":"https:\/\/pgvape.com\/es\/wp-json\/wp\/v2\/comments?post=2929"}],"wp:featuredmedia":[{"embeddable":true,"href":"https:\/\/pgvape.com\/es\/wp-json\/wp\/v2\/media\/2934"}],"wp:attachment":[{"href":"https:\/\/pgvape.com\/es\/wp-json\/wp\/v2\/media?parent=2929"}],"wp:term":[{"taxonomy":"product_brand","embeddable":true,"href":"https:\/\/pgvape.com\/es\/wp-json\/wp\/v2\/product_brand?post=2929"},{"taxonomy":"product_cat","embeddable":true,"href":"https:\/\/pgvape.com\/es\/wp-json\/wp\/v2\/product_cat?post=2929"},{"taxonomy":"product_tag","embeddable":true,"href":"https:\/\/pgvape.com\/es\/wp-json\/wp\/v2\/product_tag?post=2929"}],"curies":[{"name":"wp","href":"https:\/\/api.w.org\/{rel}","templated":true}]}}