{"id":2897,"date":"2025-10-11T08:10:43","date_gmt":"2025-10-11T08:10:43","guid":{"rendered":"https:\/\/pgvape.com\/?post_type=product&#038;p=2897"},"modified":"2026-03-18T03:12:29","modified_gmt":"2026-03-18T03:12:29","slug":"duende-caja-ls-15000-15k-soplos-vape-desechable-vape-recargable-directo-de-fabrica","status":"publish","type":"product","link":"https:\/\/pgvape.com\/es\/producto\/duende-caja-ls-15000-15k-soplos-vape-desechable-vape-recargable-directo-de-fabrica\/","title":{"rendered":"La CAJA LS 15000 15k del DUENDE sopla directamente de f\u00e1brica recargable disponible de Vape Vape"},"content":{"rendered":"<p><strong data-sourcepos=\"4:5-4:40\">Vape desechable ELF BOX LS15000<\/strong> Redefine el vapeo duradero con <strong data-sourcepos=\"4:76-4:106\">15.000 caladas ultrapremium<\/strong> Y <strong data-sourcepos=\"4:111-4:137\">Capacidad de l\u00edquido electr\u00f3nico de 26 ml<\/strong>. <strong data-sourcepos=\"4:152-4:170\">Bobina de malla de 0,6 \u03a9<\/strong> Para <strong data-sourcepos=\"4:175-4:202\">Vapor suave y sabroso<\/strong>, Cuenta con un <strong data-sourcepos=\"4:218-4:249\">Bater\u00eda recargable de 600 mAh.<\/strong> Con <strong data-sourcepos=\"4:255-4:279\">Carga r\u00e1pida tipo C<\/strong>. <strong data-sourcepos=\"4:294-4:342\">0%\/2%\/5% Nicotina0%\/2%\/5% Puntos fuertes de nicotina<\/strong> Y <strong data-sourcepos=\"4:347-4:371\">12 deliciosos sabores<\/strong><span class=\"CustomP_animated_char__m3r9w\">,<\/span><span class=\"CustomP_animated_char__m3r9w\">\u00a0<\/span><span class=\"CustomP_animated_char__m3r9w\">Este<\/span><span class=\"CustomP_animated_char__m3r9w\">\u00a0<\/span><span class=\"CustomP_animated_char__m3r9w\">Dispositivo<\/span><span class=\"CustomP_animated_char__m3r9w\">\u00a0<\/span><span class=\"CustomP_animated_char__m3r9w\">Ofertas<\/span><span class=\"CustomP_animated_char__m3r9w\">\u00a0<\/span><strong data-sourcepos=\"4:392-4:419\">Rendimiento excepcional<\/strong> Para vapers exigentes que valoran <strong data-sourcepos=\"4:452-4:463\">Calidad<\/strong><span class=\"CustomP_animated_char__m3r9w\">\u00a0<\/span><span class=\"CustomP_animated_char__m3r9w\">Y<\/span><span class=\"CustomP_animated_char__m3r9w\">\u00a0<\/span><strong data-sourcepos=\"4:468-4:483\">Conveniencia<\/strong><span class=\"CustomP_animated_char__m3r9w\">.<\/span><\/p>\n<p>&nbsp;<\/p>\n<h2><span style=\"font-size: 90%;\">ELF-BOX-LS-15000 | Especificaciones de Vape desechables de 15k inhalaciones<\/span><\/h2>\n<p><strong data-sourcepos=\"9:3-9:17\">Conteo de bocanadas<\/strong>:\u00a0<strong data-sourcepos=\"9:19-9:35\">15.000 bocanadas<\/strong><\/p>\n<p><strong data-sourcepos=\"10:3-10:24\">Capacidad de l\u00edquido electr\u00f3nico<\/strong>:\u00a0<strong data-sourcepos=\"10:26-10:34\">26 ml<\/strong><\/p>\n<p><strong data-sourcepos=\"11:3-11:11\">Bobina<\/strong>:\u00a0<strong data-sourcepos=\"11:13-11:31\">Bobina de malla de 0,6 \u03a9<\/strong><\/p>\n<p><strong data-sourcepos=\"12:3-12:14\">Bater\u00eda<\/strong>:\u00a0<strong data-sourcepos=\"12:16-12:39\">600mAh recargable<\/strong><\/p>\n<p><strong data-sourcepos=\"13:3-13:15\">Cargando<\/strong>:\u00a0<strong data-sourcepos=\"13:17-13:41\">Carga r\u00e1pida tipo C<\/strong><\/p>\n<p><strong data-sourcepos=\"14:3-14:23\">Opciones de nicotina<\/strong>:\u00a0<strong data-sourcepos=\"14:25-14:41\">0% \/ 2% \/ 5%<\/strong><\/p>\n<p><strong data-sourcepos=\"15:3-15:14\">Sabores<\/strong>:\u00a0<strong data-sourcepos=\"15:16-15:38\">12 opciones premium<\/strong><\/p>\n<p>&nbsp;<\/p>\n<h3><span style=\"font-size: 90%; color: #333333;\">ELF-BOX-LS-15000 | Lista de sabores desechables de Vape de 15k inhalaciones<\/span><\/h3>\n<p>1.Hielo de mora<\/p>\n<p>2.Ar\u00e1ndano sobre hielo<\/p>\n<p>3.kiwi maracuy\u00e1<\/p>\n<p>4.Kiwi fresa<\/p>\n<p>5. Limonada azul Razz<\/p>\n<p>6.Hielo de sand\u00eda<\/p>\n<p>7.Sand\u00eda Fresa<\/p>\n<p>8.Hielo de fresa<\/p>\n<p>9. Melocot\u00f3n Mango Pi\u00f1a<\/p>\n<p>10.Hielo de uva<\/p>\n<p>11.Mango Pl\u00e1tano<\/p>\n<p>12.Bayas mixtas<img loading=\"lazy\" decoding=\"async\" class=\"alignnone wp-image-2903 size-full\" src=\"https:\/\/pgvape.com\/wp-content\/uploads\/2025\/10\/pgvape-ELF-BOX-LS-15000-15k-Puffs-Disposable-Vape-0-2-5-Nicotine-12Tastes-Vape-Factory-Direct-4.png\" alt=\"P\u00f3ster promocional de los art\u00edculos desechables para shisha shisha de ELF BOX que presenta tres dispositivos grandes en \u00e1ngulo y una fila de bol\u00edgrafos con sabores en forma de arco\u00edris, texto en negrita \u201c15000 PUFFS\u201d e \u00edconos peque\u00f1os que indican una bater\u00eda de 600 mAh, e-l\u00edquido de 26 ml, bobina de 0,6 \u03a9 y recarga tipo C.\" width=\"1500\" height=\"1500\" srcset=\"https:\/\/pgvape.com\/wp-content\/uploads\/2025\/10\/pgvape-ELF-BOX-LS-15000-15k-Puffs-Disposable-Vape-0-2-5-Nicotine-12Tastes-Vape-Factory-Direct-4.png 1500w, https:\/\/pgvape.com\/wp-content\/uploads\/2025\/10\/pgvape-ELF-BOX-LS-15000-15k-Puffs-Disposable-Vape-0-2-5-Nicotine-12Tastes-Vape-Factory-Direct-4-360x360.png 360w, https:\/\/pgvape.com\/wp-content\/uploads\/2025\/10\/pgvape-ELF-BOX-LS-15000-15k-Puffs-Disposable-Vape-0-2-5-Nicotine-12Tastes-Vape-Factory-Direct-4-595x595.png 595w, https:\/\/pgvape.com\/wp-content\/uploads\/2025\/10\/pgvape-ELF-BOX-LS-15000-15k-Puffs-Disposable-Vape-0-2-5-Nicotine-12Tastes-Vape-Factory-Direct-4-400x400.png 400w, https:\/\/pgvape.com\/wp-content\/uploads\/2025\/10\/pgvape-ELF-BOX-LS-15000-15k-Puffs-Disposable-Vape-0-2-5-Nicotine-12Tastes-Vape-Factory-Direct-4-768x768.png 768w, https:\/\/pgvape.com\/wp-content\/uploads\/2025\/10\/pgvape-ELF-BOX-LS-15000-15k-Puffs-Disposable-Vape-0-2-5-Nicotine-12Tastes-Vape-Factory-Direct-4-12x12.png 12w, https:\/\/pgvape.com\/wp-content\/uploads\/2025\/10\/pgvape-ELF-BOX-LS-15000-15k-Puffs-Disposable-Vape-0-2-5-Nicotine-12Tastes-Vape-Factory-Direct-4-300x300.png 300w, https:\/\/pgvape.com\/wp-content\/uploads\/2025\/10\/pgvape-ELF-BOX-LS-15000-15k-Puffs-Disposable-Vape-0-2-5-Nicotine-12Tastes-Vape-Factory-Direct-4-600x600.png 600w, https:\/\/pgvape.com\/wp-content\/uploads\/2025\/10\/pgvape-ELF-BOX-LS-15000-15k-Puffs-Disposable-Vape-0-2-5-Nicotine-12Tastes-Vape-Factory-Direct-4-100x100.png 100w, https:\/\/pgvape.com\/wp-content\/uploads\/2025\/10\/pgvape-ELF-BOX-LS-15000-15k-Puffs-Disposable-Vape-0-2-5-Nicotine-12Tastes-Vape-Factory-Direct-4-40x40.png 40w\" sizes=\"auto, (max-width: 1500px) 100vw, 1500px\" \/><\/p>\n<p>&nbsp;<\/p>\n<h3 class=\"brxe-heading\"><span style=\"font-size: 90%;\">ELF-BOX-LS-15000 | V\u00eddeo de Vape desechable de 15k inhalaciones:<br \/>\n<iframe loading=\"lazy\" title=\"ELF BOX LS 15000 | 15k Puffs Vape desechable | 12Tastes | Recargable | Vape Factory Direct pgvape\" width=\"563\" height=\"1000\" src=\"https:\/\/www.youtube.com\/embed\/r5kwSo57OfA?feature=oembed\" frameborder=\"0\" allow=\"accelerometer; autoplay; clipboard-write; encrypted-media; gyroscope; picture-in-picture; web-share\" referrerpolicy=\"strict-origin-when-cross-origin\" allowfullscreen><\/iframe><br \/>\n<\/span><\/h3>\n<p>&nbsp;<\/p>\n<h2 class=\"header-vfC6AV auto-hide-last-sibling-br\">Preguntas frecuentes sobre ELF-BOX-LS-15000 | Vape desechable de 15k inhalaciones<\/h2>\n<p data-sourcepos=\"36:1-37:90\">\u2753 <strong data-sourcepos=\"36:3-36:52\">\u00bfQu\u00e9 hace que la cuenta de 15.000 caladas sea especial?<\/strong><br \/>\n\u2705 <strong data-sourcepos=\"37:3-37:30\">Capacidad optimizada de 26 ml<\/strong> Y <strong data-sourcepos=\"37:35-37:60\">Sistema de bobina eficiente<\/strong> Entregar <strong data-sourcepos=\"37:69-37:87\">Uso extendido<\/strong>.<\/p>\n<p data-sourcepos=\"39:1-40:77\">\u2753 <strong data-sourcepos=\"39:3-39:54\">\u00bfC\u00f3mo mejora la bobina de malla de 0,6 \u03a9 el vapeo?<\/strong><br \/>\n\u2705 <strong data-sourcepos=\"40:3-40:30\">Proporciona sorteos m\u00e1s suaves<\/strong> Y <strong data-sourcepos=\"40:35-40:54\">30% M\u00e1s Sabor<\/strong> Que las bobinas est\u00e1ndar.<\/p>\n<p data-sourcepos=\"42:1-43:63\">\u2753 <strong data-sourcepos=\"42:3-42:53\">\u00bfHay opciones sin nicotina disponibles?<\/strong><br \/>\n\u2705 <strong data-sourcepos=\"43:3-43:11\">\u00a1S\u00ed!<\/strong> Elija entre <strong data-sourcepos=\"43:24-43:41\">0%, 2% o 5%<\/strong> Puntos fuertes de la nicotina.<\/p>\n<p data-sourcepos=\"45:1-46:62\">\u2753 <strong data-sourcepos=\"45:3-45:49\">\u00bfCu\u00e1nto dura la bater\u00eda de 600 mAh?<\/strong><br \/>\n\u2705 <strong data-sourcepos=\"46:3-46:26\">Rendimiento durante todo el d\u00eda<\/strong> Con <strong data-sourcepos=\"46:32-46:59\">Recarga r\u00e1pida tipo C<\/strong>.<\/p>\n<p data-sourcepos=\"48:1-49:81\">\u2753 <strong data-sourcepos=\"48:3-48:36\">\u00bfQu\u00e9 sabor es el m\u00e1s popular?<\/strong><br \/>\n\u2705 <strong data-sourcepos=\"49:3-49:28\">Sand\u00eda Fresa<\/strong> Y <strong data-sourcepos=\"49:33-49:55\">Limonada azul Razz<\/strong> Son los favoritos de los clientes.<\/p>\n<p>&nbsp;<\/p>\n<h3 id=\"brxe-najhln\" class=\"brxe-heading\">Preguntas frecuentes (FAQ)<\/h3>\n<div id=\"brxe-rajiac\" class=\"brxe-text\">\n<p><strong>P: \u00bfQu\u00e9 m\u00e9todos de pago aceptan?<\/strong><br \/>\nR: Aceptamos PayPal, Stripe, transferencias bancarias (compatibles con SEPA), las principales tarjetas de cr\u00e9dito (Visa, MasterCard, American Express) y pagos con criptomonedas.<\/p>\n<p><strong>P: \u00bfCu\u00e1nto tiempo lleva la preparaci\u00f3n del pedido?<\/strong><br \/>\nR: La preparaci\u00f3n del pedido demora entre 1 y 3 d\u00edas h\u00e1biles.<\/p>\n<p><strong>P: \u00bfCu\u00e1l es el tiempo de env\u00edo?<\/strong><br \/>\nR: El tiempo de env\u00edo es de 7 a 14 d\u00edas h\u00e1biles, seg\u00fan su ubicaci\u00f3n.<\/p>\n<p><strong>P: \u00bfC\u00f3mo puedo realizar un seguimiento de mi pedido?<\/strong><br \/>\nR: Despu\u00e9s del env\u00edo, recibir\u00e1 un correo electr\u00f3nico de confirmaci\u00f3n con un n\u00famero de seguimiento para realizar un seguimiento en tiempo real.<\/p>\n<p><strong>P: \u00bfCu\u00e1l es su pol\u00edtica de devoluci\u00f3n?<\/strong><br \/>\nR: Ofrecemos una pol\u00edtica de devoluci\u00f3n de 30 d\u00edas para reembolsos o cambios. .<\/p>\n<p><strong>P: \u00bfHabr\u00e1 alg\u00fan problema aduanero?<br \/>\n<\/strong>Nos encargamos de todos los procedimientos de despacho de aduanas para garantizarle una experiencia sin complicaciones. .<\/p>\n<p><strong>P: \u00bfQu\u00e9 m\u00e9todos de env\u00edo se utilizan?<\/strong><br \/>\nCooperamos con UPS\/DHL\/FEDEX\/DPD, etc. Elegiremos la opci\u00f3n de env\u00edo adecuada seg\u00fan el pa\u00eds de entrega para asegurarnos de que reciba sus productos lo m\u00e1s r\u00e1pido posible.<\/p>\n<p><a href=\"https:\/\/pgvape.com\/es\/preguntas-frecuentes\/\">Haga clic aqu\u00ed para m\u00e1s preguntas frecuentes<\/a><\/p>\n<p>Estimados clientes: Si tienen alguna pregunta sobre su pedido o la llegada de la mercanc\u00eda, comun\u00edquese con nuestro servicio de atenci\u00f3n al cliente. \u00a1Gracias!<\/p>\n<h3 data-sourcepos=\"73:1-73:21\"><strong data-sourcepos=\"73:7-73:21\">Cont\u00e1ctenos<\/strong><\/h3>\n<div id=\"text-2419739398\" class=\"text\">\n<p><strong data-sourcepos=\"75:3-75:12\">Correo electr\u00f3nico<\/strong>:\u00a0<a href=\"mailto:support@pgvape.com\"><strong>support@pgvape.com<\/strong><\/a><\/p>\n<p><strong data-sourcepos=\"76:3-76:15\">WhatsApp<\/strong>: <a href=\"https:\/\/wa.me\/+8618128481258\"><strong>+86 18128481258<\/strong><\/a><br \/>\n<strong>(Respuesta dentro de las 24 horas en d\u00edas h\u00e1biles)<\/strong><\/p>\n<\/div>\n<h3><strong>\u00a1Gracias por elegir pgvape.com! .<\/strong><\/h3>\n<\/div>","protected":false},"excerpt":{"rendered":"<p><strong data-sourcepos=\"54:1-54:204\">\u201cELF BOX LS15000: el vaporizador desechable premium con 15.000 inhalaciones, 26 ml de capacidad y 12 sabores, con bobina de malla de 0,6 \u03a9 y carga tipo C para una m\u00e1xima satisfacci\u00f3n al vapear\u201d.\u201d<\/strong><\/p>","protected":false},"featured_media":2902,"comment_status":"open","ping_status":"closed","template":"","meta":{"_seopress_robots_primary_cat":"none","_seopress_titles_title":"%%post_title%% %%sep%% %%sitetitle%%","_seopress_titles_desc":"","_seopress_robots_index":""},"product_brand":[516,126],"product_cat":[113,515,30],"product_tag":[78,116,117,90,258,259],"class_list":{"0":"post-2897","1":"product","2":"type-product","3":"status-publish","4":"has-post-thumbnail","6":"product_brand-disposable-vape","7":"product_brand-elf-box-vape","8":"product_cat-15k-puffs-vape","9":"product_cat-disposable-vape","10":"product_cat-elf-box-vape","11":"product_tag-12tastes","12":"product_tag-15k-puffs","13":"product_tag-15k-vape","14":"product_tag-disposable-vape","15":"product_tag-elf-box-ls-15000","16":"product_tag-rechargeable","18":"first","19":"outofstock","20":"sale","21":"shipping-taxable","22":"purchasable","23":"product-type-variable"},"_links":{"self":[{"href":"https:\/\/pgvape.com\/es\/wp-json\/wp\/v2\/product\/2897","targetHints":{"allow":["GET"]}}],"collection":[{"href":"https:\/\/pgvape.com\/es\/wp-json\/wp\/v2\/product"}],"about":[{"href":"https:\/\/pgvape.com\/es\/wp-json\/wp\/v2\/types\/product"}],"replies":[{"embeddable":true,"href":"https:\/\/pgvape.com\/es\/wp-json\/wp\/v2\/comments?post=2897"}],"wp:featuredmedia":[{"embeddable":true,"href":"https:\/\/pgvape.com\/es\/wp-json\/wp\/v2\/media\/2902"}],"wp:attachment":[{"href":"https:\/\/pgvape.com\/es\/wp-json\/wp\/v2\/media?parent=2897"}],"wp:term":[{"taxonomy":"product_brand","embeddable":true,"href":"https:\/\/pgvape.com\/es\/wp-json\/wp\/v2\/product_brand?post=2897"},{"taxonomy":"product_cat","embeddable":true,"href":"https:\/\/pgvape.com\/es\/wp-json\/wp\/v2\/product_cat?post=2897"},{"taxonomy":"product_tag","embeddable":true,"href":"https:\/\/pgvape.com\/es\/wp-json\/wp\/v2\/product_tag?post=2897"}],"curies":[{"name":"wp","href":"https:\/\/api.w.org\/{rel}","templated":true}]}}