{"id":2864,"date":"2025-10-11T06:27:05","date_gmt":"2025-10-11T06:27:05","guid":{"rendered":"https:\/\/pgvape.com\/?post_type=product&#038;p=2864"},"modified":"2026-01-27T11:20:07","modified_gmt":"2026-01-27T11:20:07","slug":"efervescente-nova-mas-40000-40k-sopla-directo-de-fabrica-dual-del-vape-de-la-bobina-de-la-malla-del-vape-disponible","status":"publish","type":"product","link":"https:\/\/pgvape.com\/es\/producto\/efervescente-nova-mas-40000-40k-sopla-directo-de-fabrica-dual-del-vape-de-la-bobina-de-la-malla-del-vape-disponible\/","title":{"rendered":"Fizzy Nova Plus 40000 40K sopla directo de f\u00e1brica dual disponible de Vape de la bobina de la malla de Vape"},"content":{"rendered":"<div class=\"auto-hide-last-sibling-br paragraph-JOTKXA paragraph-element br-paragraph-space\">\n<div class=\"auto-hide-last-sibling-br paragraph-JOTKXA paragraph-element br-paragraph-space\"><strong data-sourcepos=\"6:5-6:24\">Gaseosa Nova Plus<\/strong> redefine el vapeo desechable con <strong data-sourcepos=\"6:58-6:85\">40.000 bocanadas ultralargas<\/strong> de su <strong data-sourcepos=\"6:95-6:121\">Capacidad de e-l\u00edquido de 40 ml.<\/strong>. <strong data-sourcepos=\"6:133-6:162\">tecnolog\u00eda de bobina de malla dual<\/strong>, entrega <strong data-sourcepos=\"6:176-6:194\">vapor m\u00e1s suave<\/strong> y <strong data-sourcepos=\"6:199-6:228\">intensidad de sabor mejorada<\/strong>. <strong data-sourcepos=\"6:245-6:257\">Modo ecol\u00f3gico<\/strong> para la eficiencia y <strong data-sourcepos=\"6:277-6:291\">Modo turbo<\/strong> para nubes poderosas, mientras que el <strong data-sourcepos=\"6:323-6:337\">pantalla LCD<\/strong> proporciona monitoreo en tiempo real de <strong data-sourcepos=\"6:371-6:387\">duraci\u00f3n de la bater\u00eda<\/strong> y <strong data-sourcepos=\"6:392-6:410\">niveles de e-jugo<\/strong>. <strong data-sourcepos=\"6:426-6:457\">Bater\u00eda recargable de 850 mAh.<\/strong> con <strong data-sourcepos=\"6:463-6:487\">Carga r\u00e1pida tipo C<\/strong>, est\u00e1 disponible en <strong data-sourcepos=\"6:507-6:529\">12 sabores premium<\/strong> con <strong data-sourcepos=\"6:535-6:564\">Opciones de nicotina 2% o 5%<\/strong> \u2013 perfecto para vapeadores que buscan <strong data-sourcepos=\"6:594-6:609\">actuaci\u00f3n<\/strong> y <strong data-sourcepos=\"6:614-6:629\">conveniencia<\/strong><\/div>\n<\/div>\n<p>&nbsp;<\/p>\n<h2><span style=\"font-size: 90%;\">Especificaciones de Vape desechables Fizzy Nova Plus 40000 | 40K Puffs<\/span><\/h2>\n<p><strong data-sourcepos=\"11:3-11:17\">Conteo de bocanadas<\/strong>: 40.000 bocanadas<\/p>\n<p><strong data-sourcepos=\"12:3-12:24\">Fuerza de nicotina<\/strong>: 2% \/ 5%<\/p>\n<p><strong data-sourcepos=\"13:3-13:24\">Capacidad de l\u00edquido electr\u00f3nico<\/strong>: 40ml<\/p>\n<p><strong data-sourcepos=\"14:3-14:22\">Tecnolog\u00eda de bobina<\/strong>: Bobina de malla doble<\/p>\n<p><strong data-sourcepos=\"15:3-15:14\">Bater\u00eda<\/strong>: 850 mAh recargable<\/p>\n<p><strong data-sourcepos=\"16:3-16:15\">Cargando<\/strong>: Carga r\u00e1pida tipo C<\/p>\n<p><strong data-sourcepos=\"17:3-17:14\">Mostrar<\/strong>: Pantalla LCD (bater\u00eda y E-Juice)<\/p>\n<p><strong data-sourcepos=\"18:3-18:19\">Modos de vapeo<\/strong>: Ecol\u00f3gico\/Turbo<\/p>\n<p><strong data-sourcepos=\"19:3-19:21\">Opciones de sabor<\/strong>: 12 Variedades<\/p>\n<p><strong data-sourcepos=\"20:3-20:16\">Embalaje<\/strong>: 10 Unidades\/Caja<\/p>\n<p>&nbsp;<\/p>\n<h3><span style=\"font-size: 90%;\">Fizzy Nova Plus 40000 | 40K sopla lista de sabores desechables de Vape<\/span><\/h3>\n<p>1.Hielo de fresa<\/p>\n<p>2.Ar\u00e1ndano y coco<\/p>\n<p>3.Kiwi fresa<\/p>\n<p>4.Hielo de ar\u00e1ndanos<\/p>\n<p>5.Hielo de sand\u00eda<\/p>\n<p>6. Sand\u00eda Melocot\u00f3n Mango<\/p>\n<p>7.Kiwi, maracuy\u00e1 y maracuy\u00e1<\/p>\n<p>8.Lim\u00f3n Frambuesa<\/p>\n<p>9.Triple baya<\/p>\n<p>10.Hielo de melocot\u00f3n<\/p>\n<p>11.Lima uva<\/p>\n<p>12. Limonada azul Razz<img loading=\"lazy\" decoding=\"async\" class=\"alignnone wp-image-2882 size-full\" src=\"https:\/\/pgvape.com\/wp-content\/uploads\/2025\/10\/pgvape-Fizzy-Nova-Plus-40000-40K-Puffs-Disposable-Vape-Dual-Mesh-Coil-2-5-Nicotine-12Tastes-Smart-LED-Display-Vape-Factory-Direct-16.png\" alt=\"P\u00f3ster titulado &quot;12 sabores&quot; que muestra doce coloridos dispositivos de vapeo Fizzy Nova 4000 dispuestos en una cuadr\u00edcula de 3x4 sobre un fondo amarillo, cada uno numerado con un nombre de sabor e im\u00e1genes de frutas coincidentes: 1 helado de fresa, 2 coco de ar\u00e1ndano, 3 kiwi de fresa, 4 helado de ar\u00e1ndano, 5 helado de sand\u00eda, 6 helado de melocot\u00f3n, sand\u00eda, 7 kiwi, maracuy\u00e1 y guayaba, 8 frambuesa y lim\u00f3n, 9 baya triple, 10 helado de melocot\u00f3n, 11 uva .\" width=\"1263\" height=\"1500\" srcset=\"https:\/\/pgvape.com\/wp-content\/uploads\/2025\/10\/pgvape-Fizzy-Nova-Plus-40000-40K-Puffs-Disposable-Vape-Dual-Mesh-Coil-2-5-Nicotine-12Tastes-Smart-LED-Display-Vape-Factory-Direct-16.png 1263w, https:\/\/pgvape.com\/wp-content\/uploads\/2025\/10\/pgvape-Fizzy-Nova-Plus-40000-40K-Puffs-Disposable-Vape-Dual-Mesh-Coil-2-5-Nicotine-12Tastes-Smart-LED-Display-Vape-Factory-Direct-16-303x360.png 303w, https:\/\/pgvape.com\/wp-content\/uploads\/2025\/10\/pgvape-Fizzy-Nova-Plus-40000-40K-Puffs-Disposable-Vape-Dual-Mesh-Coil-2-5-Nicotine-12Tastes-Smart-LED-Display-Vape-Factory-Direct-16-595x707.png 595w, https:\/\/pgvape.com\/wp-content\/uploads\/2025\/10\/pgvape-Fizzy-Nova-Plus-40000-40K-Puffs-Disposable-Vape-Dual-Mesh-Coil-2-5-Nicotine-12Tastes-Smart-LED-Display-Vape-Factory-Direct-16-337x400.png 337w, https:\/\/pgvape.com\/wp-content\/uploads\/2025\/10\/pgvape-Fizzy-Nova-Plus-40000-40K-Puffs-Disposable-Vape-Dual-Mesh-Coil-2-5-Nicotine-12Tastes-Smart-LED-Display-Vape-Factory-Direct-16-768x912.png 768w, https:\/\/pgvape.com\/wp-content\/uploads\/2025\/10\/pgvape-Fizzy-Nova-Plus-40000-40K-Puffs-Disposable-Vape-Dual-Mesh-Coil-2-5-Nicotine-12Tastes-Smart-LED-Display-Vape-Factory-Direct-16-10x12.png 10w, https:\/\/pgvape.com\/wp-content\/uploads\/2025\/10\/pgvape-Fizzy-Nova-Plus-40000-40K-Puffs-Disposable-Vape-Dual-Mesh-Coil-2-5-Nicotine-12Tastes-Smart-LED-Display-Vape-Factory-Direct-16-600x713.png 600w, https:\/\/pgvape.com\/wp-content\/uploads\/2025\/10\/pgvape-Fizzy-Nova-Plus-40000-40K-Puffs-Disposable-Vape-Dual-Mesh-Coil-2-5-Nicotine-12Tastes-Smart-LED-Display-Vape-Factory-Direct-16-34x40.png 34w\" sizes=\"auto, (max-width: 1263px) 100vw, 1263px\" \/><\/p>\n<p>&nbsp;<\/p>\n<h3><span style=\"font-size: 90%;\">V\u00eddeo de Vape desechable Fizzy Nova Plus 40000 | 40K Puffs:<br \/>\n<\/span><\/h3>\n<p><iframe loading=\"lazy\" title=\"Fizzy Nova Plus 40000 | 40K Puffs Vape desechable | Bobina de malla dual | 12Tastes pgvape\" width=\"1020\" height=\"574\" src=\"https:\/\/www.youtube.com\/embed\/QLR15oGMCDM?feature=oembed\" frameborder=\"0\" allow=\"accelerometer; autoplay; clipboard-write; encrypted-media; gyroscope; picture-in-picture; web-share\" referrerpolicy=\"strict-origin-when-cross-origin\" allowfullscreen><\/iframe><\/p>\n<p>&nbsp;<\/p>\n<h3 class=\"auto-hide-last-sibling-br paragraph-pP9ZLC paragraph-element br-paragraph-space\">\u00bfPor qu\u00e9 elegir el almac\u00e9n europeo de PGVape?<\/h3>\n<p>Env\u00edo r\u00e1pido: entrega a la mayor\u00eda de los pa\u00edses de la UE en un plazo de 3 a 7 d\u00edas h\u00e1biles.<\/p>\n<p>Entrega libre de impuestos: el stock local de la UE garantiza un env\u00edo fluido y libre de impuestos.<\/p>\n<p>100% Garant\u00eda aut\u00e9ntica: Genuino <b>Gaseoso<\/b>\u00a0Cigarrillos electr\u00f3nicos de proveedores certificados.<\/p>\n<p>Inventario fresco: almacenado en condiciones controladas para garantizar una calidad \u00f3ptima.<\/p>\n<p>Con la confianza de los europeos: miles de clientes disfrutan de los servicios de cigarrillos electr\u00f3nicos r\u00e1pidos y seguros de PGVape.<\/p>\n<p>&nbsp;<\/p>\n<h2 class=\"header-vfC6AV auto-hide-last-sibling-br\">Preguntas frecuentes sobre Fizzy Nova Plus 40000 | 40K Puffs Vape desechable<\/h2>\n<p data-sourcepos=\"41:1-42:92\">\u2753 <strong data-sourcepos=\"41:3-41:51\">\u00bfC\u00f3mo dura tanto el recuento de las 40.000 caladas?<\/strong><br \/>\n\u2705 <strong data-sourcepos=\"42:3-42:31\">Bobina de doble malla optimizada<\/strong> y <strong data-sourcepos=\"42:36-42:53\">Capacidad de 40 ml.<\/strong> maximizar la eficiencia para un uso prolongado<\/p>\n<p data-sourcepos=\"44:1-45:95\">\u2753 <strong data-sourcepos=\"44:3-44:45\">\u00bfQu\u00e9 hace que la calidad del vapor sea superior?<\/strong><br \/>\n\u2705 <strong data-sourcepos=\"45:3-45:22\">Bobinas de malla dual<\/strong> proporcionar <strong data-sourcepos=\"45:31-45:50\">30% m\u00e1s sabor<\/strong> y <strong data-sourcepos=\"45:55-45:73\">sorteos m\u00e1s suaves<\/strong> que las bobinas est\u00e1ndar<\/p>\n<p data-sourcepos=\"47:1-48:29\">\u2753 <strong data-sourcepos=\"47:3-47:37\">\u00bfPuedo ajustar la producci\u00f3n de vapor?<br \/>\n<\/strong> \u2705 <strong data-sourcepos=\"48:3-48:11\">\u00a1S\u00ed!<\/strong> Cambiar entre:<strong data-sourcepos=\"49:3-49:15\">Modo ecol\u00f3gico<\/strong>: Mayor duraci\u00f3n de la bater\u00eda, golpes m\u00e1s suaves <strong data-sourcepos=\"50:3-50:17\">Modo turbo<\/strong>: Nubes m\u00e1s densas, sabor intenso<\/p>\n<p data-sourcepos=\"52:1-53:26\">\u2753 <strong data-sourcepos=\"52:3-52:37\">\u00bfQu\u00e9 tan conveniente es la pantalla?<\/strong><br \/>\n\u2705 <strong data-sourcepos=\"53:3-53:17\">pantalla LCD<\/strong> muestra: Preciso\u00a0<strong data-sourcepos=\"54:11-54:33\">porcentaje de bater\u00eda <\/strong>Preciso\u00a0<strong data-sourcepos=\"55:12-55:33\">e-jugo restante<\/strong><\/p>\n<p data-sourcepos=\"57:1-58:81\">\u2753 <strong data-sourcepos=\"57:3-57:31\">\u00bfEs confiable la bater\u00eda?<\/strong><br \/>\n\u2705 <strong data-sourcepos=\"58:3-58:22\">Capacidad de 850 mAh.<\/strong> dura <strong data-sourcepos=\"58:29-58:41\">2-3 d\u00edas<\/strong> con <strong data-sourcepos=\"58:47-58:71\">Carga r\u00e1pida tipo C<\/strong> apoyo<\/p>\n<p data-sourcepos=\"60:1-61:17\">\u2753 <strong data-sourcepos=\"60:3-60:33\">\u00bfPara qui\u00e9n es mejor este vaporizador?<br \/>\n<\/strong>\u2705 Perfecto para: Cazadores de sabores que quieran\u00a0<strong data-sourcepos=\"62:26-62:43\">sabor premium <\/strong>Usuarios habituales que necesitan\u00a0<strong data-sourcepos=\"63:23-63:44\">bater\u00eda de larga duraci\u00f3n <\/strong>Vapers que prefieren\u00a0<strong data-sourcepos=\"64:21-64:48\">experiencia personalizable<\/strong><\/p>\n<p>&nbsp;<\/p>\n<h3 id=\"brxe-najhln\" class=\"brxe-heading\">Preguntas frecuentes (FAQ)<\/h3>\n<div id=\"brxe-rajiac\" class=\"brxe-text\">\n<p><strong>P: \u00bfQu\u00e9 m\u00e9todos de pago aceptan?<\/strong><br \/>\nR: Aceptamos PayPal, Stripe, transferencias bancarias (compatibles con SEPA), las principales tarjetas de cr\u00e9dito (Visa, MasterCard, American Express) y pagos con criptomonedas.<\/p>\n<p><strong>P: \u00bfCu\u00e1nto tiempo lleva la preparaci\u00f3n del pedido?<\/strong><br \/>\nR: La preparaci\u00f3n del pedido demora entre 1 y 3 d\u00edas h\u00e1biles.<\/p>\n<p><strong>P: \u00bfCu\u00e1l es el tiempo de env\u00edo?<\/strong><br \/>\nR: El tiempo de env\u00edo es de 7 a 14 d\u00edas h\u00e1biles, seg\u00fan su ubicaci\u00f3n.<\/p>\n<p><strong>P: \u00bfC\u00f3mo puedo realizar un seguimiento de mi pedido?<\/strong><br \/>\nR: Despu\u00e9s del env\u00edo, recibir\u00e1 un correo electr\u00f3nico de confirmaci\u00f3n con un n\u00famero de seguimiento para realizar un seguimiento en tiempo real.<\/p>\n<p><strong>P: \u00bfCu\u00e1l es su pol\u00edtica de devoluci\u00f3n?<\/strong><br \/>\nR: Ofrecemos una pol\u00edtica de devoluci\u00f3n de 30 d\u00edas para reembolsos o cambios. .<\/p>\n<p><strong>P: \u00bfHabr\u00e1 alg\u00fan problema aduanero?<br \/>\n<\/strong>Nos encargamos de todos los procedimientos de despacho de aduanas para garantizarle una experiencia sin complicaciones. .<\/p>\n<p><strong>P: \u00bfQu\u00e9 m\u00e9todos de env\u00edo se utilizan?<\/strong><br \/>\nCooperamos con UPS\/DHL\/FEDEX\/DPD, etc. Elegiremos la opci\u00f3n de env\u00edo adecuada seg\u00fan el pa\u00eds de entrega para asegurarnos de que reciba sus productos lo m\u00e1s r\u00e1pido posible.<\/p>\n<p><a href=\"https:\/\/pgvape.com\/es\/preguntas-frecuentes\/\">Haga clic aqu\u00ed para m\u00e1s preguntas frecuentes<\/a><\/p>\n<p>Estimados clientes: Si tienen alguna pregunta sobre su pedido o la llegada de la mercanc\u00eda, comun\u00edquese con nuestro servicio de atenci\u00f3n al cliente. \u00a1Gracias!<\/p>\n<h3 data-sourcepos=\"73:1-73:21\"><strong data-sourcepos=\"73:7-73:21\">Cont\u00e1ctenos<\/strong><\/h3>\n<div id=\"text-2419739398\" class=\"text\">\n<p><strong data-sourcepos=\"75:3-75:12\">Correo electr\u00f3nico<\/strong>:\u00a0<a href=\"mailto:support@pgvape.com\"><strong>support@pgvape.com<\/strong><\/a><\/p>\n<p><strong data-sourcepos=\"76:3-76:15\">WhatsApp<\/strong>: <a href=\"https:\/\/wa.me\/+8618128481258\"><strong>+86 18128481258<\/strong><\/a><br \/>\n<strong>(Respuesta dentro de las 24 horas en d\u00edas h\u00e1biles)<\/strong><\/p>\n<\/div>\n<h3><strong>\u00a1Gracias por elegir pgvape.com! .<\/strong><\/h3>\n<div id=\"brxe-rajiac\" class=\"brxe-text\">\n<h3 style=\"font-size: 20.16px;\"><\/h3>\n<\/div>\n<\/div>","protected":false},"excerpt":{"rendered":"<p>\u201c<strong data-sourcepos=\"69:2-69:25\">Efervescente Nova Plus 40K<\/strong>: El <strong data-sourcepos=\"69:31-69:62\">desechable de alto rendimiento<\/strong> con <strong data-sourcepos=\"69:68-69:84\">40.000 bocanadas<\/strong>, <strong data-sourcepos=\"69:86-69:105\">bobinas de malla dual<\/strong>, y <strong data-sourcepos=\"69:111-69:128\">Capacidad de 40 ml.<\/strong>. <strong data-sourcepos=\"69:139-69:158\">Modos Eco\/Turbo<\/strong>, <strong data-sourcepos=\"69:160-69:175\">pantalla LCD<\/strong>, y <strong data-sourcepos=\"69:181-69:203\">12 sabores premium<\/strong> para la m\u00e1xima satisfacci\u00f3n al vapear\u201d.\u201d<\/p>","protected":false},"featured_media":2867,"comment_status":"open","ping_status":"closed","template":"","meta":{"_seopress_robots_primary_cat":"none","_seopress_titles_title":"%%post_title%% %%sep%% %%sitetitle%%","_seopress_titles_desc":"","_seopress_robots_index":""},"product_brand":[516,251],"product_cat":[103,515,28],"product_tag":[78,256,106,107,90,257,255,203,143],"class_list":{"0":"post-2864","1":"product","2":"type-product","3":"status-publish","4":"has-post-thumbnail","6":"product_brand-disposable-vape","7":"product_brand-fizzy-vape","8":"product_cat-40k-puffs-vape","9":"product_cat-disposable-vape","10":"product_cat-fizzy-vape","11":"product_tag-12tastes","12":"product_tag-256","13":"product_tag-40k-puffs","14":"product_tag-40k-vape","15":"product_tag-disposable-vape","16":"product_tag-dual-mesh-coil","17":"product_tag-fizzy-nova-plus","18":"product_tag-shipment-from-eu","19":"product_tag-smart-led-display","21":"first","22":"instock","23":"sale","24":"shipping-taxable","25":"purchasable","26":"product-type-variable"},"_links":{"self":[{"href":"https:\/\/pgvape.com\/es\/wp-json\/wp\/v2\/product\/2864","targetHints":{"allow":["GET"]}}],"collection":[{"href":"https:\/\/pgvape.com\/es\/wp-json\/wp\/v2\/product"}],"about":[{"href":"https:\/\/pgvape.com\/es\/wp-json\/wp\/v2\/types\/product"}],"replies":[{"embeddable":true,"href":"https:\/\/pgvape.com\/es\/wp-json\/wp\/v2\/comments?post=2864"}],"wp:featuredmedia":[{"embeddable":true,"href":"https:\/\/pgvape.com\/es\/wp-json\/wp\/v2\/media\/2867"}],"wp:attachment":[{"href":"https:\/\/pgvape.com\/es\/wp-json\/wp\/v2\/media?parent=2864"}],"wp:term":[{"taxonomy":"product_brand","embeddable":true,"href":"https:\/\/pgvape.com\/es\/wp-json\/wp\/v2\/product_brand?post=2864"},{"taxonomy":"product_cat","embeddable":true,"href":"https:\/\/pgvape.com\/es\/wp-json\/wp\/v2\/product_cat?post=2864"},{"taxonomy":"product_tag","embeddable":true,"href":"https:\/\/pgvape.com\/es\/wp-json\/wp\/v2\/product_tag?post=2864"}],"curies":[{"name":"wp","href":"https:\/\/api.w.org\/{rel}","templated":true}]}}