{"id":2806,"date":"2025-10-10T13:42:18","date_gmt":"2025-10-10T13:42:18","guid":{"rendered":"https:\/\/pgvape.com\/?post_type=product&#038;p=2806"},"modified":"2026-03-30T05:27:18","modified_gmt":"2026-03-30T05:27:18","slug":"gemelos-gaseosos-50000-50k-inhalaciones-sabores-duales-vape-desechable-2-5-nicotina-12-gustos-pantalla-led-inteligente-vape-directo-de-fabrica","status":"publish","type":"product","link":"https:\/\/pgvape.com\/es\/producto\/gemelos-gaseosos-50000-50k-inhalaciones-sabores-duales-vape-desechable-2-5-nicotina-12-gustos-pantalla-led-inteligente-vape-directo-de-fabrica\/","title":{"rendered":"Fizzy Twins 50000 | 50k Puffs Vape desechable de sabores duales | 2% 5% Nicotina | 12Tastes | Pantalla LED inteligente | Vape Factory Direct"},"content":{"rendered":"<p><strong data-sourcepos=\"2:5-2:54\">Twins 50000 inhalaciones Vape desechable de doble sabor<\/strong> redefine el vapeo con <strong data-sourcepos=\"2:77-2:104\">50.000 bocanadas ultralargas<\/strong> y un <strong data-sourcepos=\"2:111-2:136\">Sistema de doble tanque de 50 ml<\/strong>. <strong data-sourcepos=\"2:148-2:167\">bobinas de malla dual<\/strong> para <strong data-sourcepos=\"2:172-2:190\">vapor m\u00e1s suave<\/strong> y <strong data-sourcepos=\"2:195-2:212\">sabor m\u00e1s rico<\/strong>, te permite <strong data-sourcepos=\"2:226-2:256\">cambiar entre dos sabores<\/strong> sin esfuerzo. <strong data-sourcepos=\"2:286-2:301\">Modo normal<\/strong> para sorteos suaves o <strong data-sourcepos=\"2:322-2:336\">Modo de impulso<\/strong> para nubes intensas. <strong data-sourcepos=\"2:361-2:378\">pantalla inteligente<\/strong> pistas <strong data-sourcepos=\"2:386-2:405\">niveles de aceite duales<\/strong>, mientras que el <strong data-sourcepos=\"2:417-2:448\">Bater\u00eda recargable de 850 mAh.<\/strong> con <strong data-sourcepos=\"2:454-2:473\">Carga tipo C<\/strong> asegura <strong data-sourcepos=\"2:482-2:499\">energ\u00eda durante todo el d\u00eda<\/strong>. <strong data-sourcepos=\"2:514-2:540\">12 combinaciones de sabores<\/strong> con <strong data-sourcepos=\"2:546-2:567\">Nicotina 2% o 5%<\/strong>, es perfecto para vapeadores que anhelan <strong data-sourcepos=\"2:603-2:614\">variedad<\/strong> y <strong data-sourcepos=\"2:619-2:634\">actuaci\u00f3n<\/strong>.<\/p>\n<p>&nbsp;<\/p>\n<h2><span style=\"font-size: 90%;\">Especificaciones de Vape desechables Fizzy Twins 50000 50k Puffs de sabores duales<\/span><\/h2>\n<p><strong data-sourcepos=\"7:3-7:17\">Conteo de bocanadas<\/strong>:\u00a0<strong data-sourcepos=\"7:19-7:35\">50.000 bocanadas<\/strong><\/p>\n<p><strong data-sourcepos=\"8:3-8:15\">Nicotina<\/strong>:\u00a0<strong data-sourcepos=\"8:17-8:38\">Fuerza 2% o 5%<\/strong><\/p>\n<p><strong data-sourcepos=\"9:3-9:15\">E-l\u00edquido<\/strong>:\u00a0<strong data-sourcepos=\"9:17-9:44\">50 ml (sistema de doble tanque)<\/strong><\/p>\n<p><strong data-sourcepos=\"10:3-10:11\">Bobina<\/strong>:\u00a0<strong data-sourcepos=\"10:13-10:32\">Bobinas de malla dual<\/strong><\/p>\n<p><strong data-sourcepos=\"11:3-11:14\">Bater\u00eda<\/strong>:\u00a0<strong data-sourcepos=\"11:16-11:39\">850mAh recargable<\/strong><\/p>\n<p><strong data-sourcepos=\"12:3-12:15\">Cargando<\/strong>:\u00a0<strong data-sourcepos=\"12:17-12:41\">Carga r\u00e1pida tipo C<\/strong><\/p>\n<p><strong data-sourcepos=\"13:3-13:14\">Mostrar<\/strong>:\u00a0<strong data-sourcepos=\"13:16-13:42\">Monitor de nivel de aceite doble<\/strong><\/p>\n<p><strong data-sourcepos=\"14:3-14:12\">Modos<\/strong>:\u00a0<strong data-sourcepos=\"14:14-14:37\">Modo normal\/impulsado<\/strong><\/p>\n<p><strong data-sourcepos=\"15:3-15:14\">Sabores<\/strong>:\u00a0<strong data-sourcepos=\"15:16-15:35\">12 d\u00faos din\u00e1micos<\/strong><\/p>\n<p><strong data-sourcepos=\"16:3-16:14\">Paquete<\/strong>:\u00a0<strong data-sourcepos=\"16:16-16:34\">10 dispositivos\/caja<\/strong><\/p>\n<p>&nbsp;<\/p>\n<h3><span style=\"font-size: 90%;\">Fizzy Twins 50000 50k Puffs sabores duales Lista de sabores desechables de Vape<\/span><\/h3>\n<p>1.Helado de sand\u00eda y kiwi de fresa<\/p>\n<p>2.Fresa, Kiwi, Granada y Red Bull<\/p>\n<p>3.Hielo de ar\u00e1ndanos, coco y uva<\/p>\n<p>4. Limonada Blue Razz y Mel\u00f3n Triple<\/p>\n<p>5.Helado de fresa, sand\u00eda y ar\u00e1ndanos<\/p>\n<p>6. Melocot\u00f3n, Mango, Sand\u00eda y Fresa, Pl\u00e1tano<\/p>\n<p>7.Frambuesa, Sand\u00eda y Kiwi, Maracuy\u00e1 y Guayaba<\/p>\n<p>8.Pi\u00f1a, Melocot\u00f3n, Maracuy\u00e1 y Ar\u00e1ndano, Frambuesa<\/p>\n<p>9.Hielo de sand\u00eda y lima lim\u00f3n<\/p>\n<p>10.Helado mixto de bayas y durazno<\/p>\n<p>11.Hielo de fresa y cereza gaseosa<\/p>\n<p>12.Limonada de frambuesa y hielo de fresa<br \/>\n<img loading=\"lazy\" decoding=\"async\" class=\"alignnone wp-image-2824 size-full\" src=\"https:\/\/pgvape.com\/wp-content\/uploads\/2025\/10\/pgvape-Fizzy-Twins-50000-50k-Puffs-Dual-Flavors-Disposable-Vape-2-5-Nicotine-12Tastes-Smart-LED-Display-Vape-Factory-Direct-16.png\" alt=\"P\u00f3ster que muestra doce dispositivos de vapeo de doble tanque Fizzy Twins numerados de 5000 inhalaciones en colores brillantes, cada uno etiquetado con diferentes combinaciones de sabores y peque\u00f1os \u00edconos de frutas y hielo, con una pancarta que promociona el tanque dual X2 y las funciones de cambio de sabor y flujo de aire ajustable.\" width=\"1015\" height=\"1920\" srcset=\"https:\/\/pgvape.com\/wp-content\/uploads\/2025\/10\/pgvape-Fizzy-Twins-50000-50k-Puffs-Dual-Flavors-Disposable-Vape-2-5-Nicotine-12Tastes-Smart-LED-Display-Vape-Factory-Direct-16.png 1015w, https:\/\/pgvape.com\/wp-content\/uploads\/2025\/10\/pgvape-Fizzy-Twins-50000-50k-Puffs-Dual-Flavors-Disposable-Vape-2-5-Nicotine-12Tastes-Smart-LED-Display-Vape-Factory-Direct-16-190x360.png 190w, https:\/\/pgvape.com\/wp-content\/uploads\/2025\/10\/pgvape-Fizzy-Twins-50000-50k-Puffs-Dual-Flavors-Disposable-Vape-2-5-Nicotine-12Tastes-Smart-LED-Display-Vape-Factory-Direct-16-541x1024.png 541w, https:\/\/pgvape.com\/wp-content\/uploads\/2025\/10\/pgvape-Fizzy-Twins-50000-50k-Puffs-Dual-Flavors-Disposable-Vape-2-5-Nicotine-12Tastes-Smart-LED-Display-Vape-Factory-Direct-16-211x400.png 211w, https:\/\/pgvape.com\/wp-content\/uploads\/2025\/10\/pgvape-Fizzy-Twins-50000-50k-Puffs-Dual-Flavors-Disposable-Vape-2-5-Nicotine-12Tastes-Smart-LED-Display-Vape-Factory-Direct-16-768x1453.png 768w, https:\/\/pgvape.com\/wp-content\/uploads\/2025\/10\/pgvape-Fizzy-Twins-50000-50k-Puffs-Dual-Flavors-Disposable-Vape-2-5-Nicotine-12Tastes-Smart-LED-Display-Vape-Factory-Direct-16-812x1536.png 812w, https:\/\/pgvape.com\/wp-content\/uploads\/2025\/10\/pgvape-Fizzy-Twins-50000-50k-Puffs-Dual-Flavors-Disposable-Vape-2-5-Nicotine-12Tastes-Smart-LED-Display-Vape-Factory-Direct-16-6x12.png 6w, https:\/\/pgvape.com\/wp-content\/uploads\/2025\/10\/pgvape-Fizzy-Twins-50000-50k-Puffs-Dual-Flavors-Disposable-Vape-2-5-Nicotine-12Tastes-Smart-LED-Display-Vape-Factory-Direct-16-600x1135.png 600w, https:\/\/pgvape.com\/wp-content\/uploads\/2025\/10\/pgvape-Fizzy-Twins-50000-50k-Puffs-Dual-Flavors-Disposable-Vape-2-5-Nicotine-12Tastes-Smart-LED-Display-Vape-Factory-Direct-16-21x40.png 21w\" sizes=\"auto, (max-width: 1015px) 100vw, 1015px\" \/><\/p>\n<p>&nbsp;<\/p>\n<h3><span style=\"font-size: 90%;\">V\u00eddeo de Vape desechable de sabores duales Fizzy Twins 50000 | 50k Puffs:<br \/>\n<\/span><\/h3>\n<p><iframe loading=\"lazy\" title=\"Los gemelos efervescentes 50k soplan el phvape directo de f\u00e1brica disponible de Vape de los sabores duales de la pantalla LED elegante | Vape\" width=\"1020\" height=\"574\" src=\"https:\/\/www.youtube.com\/embed\/EE-R8Kz-I1Y?feature=oembed\" frameborder=\"0\" allow=\"accelerometer; autoplay; clipboard-write; encrypted-media; gyroscope; picture-in-picture; web-share\" referrerpolicy=\"strict-origin-when-cross-origin\" allowfullscreen><\/iframe><\/p>\n<p>&nbsp;<\/p>\n<h3 class=\"auto-hide-last-sibling-br paragraph-pP9ZLC paragraph-element br-paragraph-space\">\u00bfPor qu\u00e9 elegir el almac\u00e9n europeo de PGVape?<\/h3>\n<p>Env\u00edo r\u00e1pido: entrega a la mayor\u00eda de los pa\u00edses de la UE en un plazo de 3 a 7 d\u00edas h\u00e1biles.<\/p>\n<p>Entrega libre de impuestos: el stock local de la UE garantiza un env\u00edo fluido y libre de impuestos.<\/p>\n<p>100% Garant\u00eda aut\u00e9ntica: Genuino <b>Gaseoso<\/b>\u00a0Cigarrillos electr\u00f3nicos de proveedores certificados.<\/p>\n<p>Inventario fresco: almacenado en condiciones controladas para garantizar una calidad \u00f3ptima.<\/p>\n<p>Con la confianza de los europeos: miles de clientes disfrutan de los servicios de cigarrillos electr\u00f3nicos r\u00e1pidos y seguros de PGVape.<\/p>\n<p>&nbsp;<\/p>\n<h2 class=\"header-vfC6AV auto-hide-last-sibling-br\">Preguntas frecuentes sobre Fizzy Twins 50000 50k Puffs Vape desechable de sabores duales<\/h2>\n<p data-sourcepos=\"37:1-38:106\">\u2753 <strong data-sourcepos=\"37:3-37:54\">\u00bfQu\u00e9 hace que el recuento de 50.000 caladas destaque?<\/strong><br \/>\n\u2705 <strong data-sourcepos=\"38:3-38:23\">Dise\u00f1o de doble tanque<\/strong> asegura <strong data-sourcepos=\"38:32-38:48\">uso extendido<\/strong> sin reemplazos frecuentes, perfecto para vapers pesados.<\/p>\n<p data-sourcepos=\"40:1-41:91\">\u2753 <strong data-sourcepos=\"40:3-40:48\">\u00bfC\u00f3mo funciona el sistema de doble sabor?<\/strong><br \/>\n\u2705 <strong data-sourcepos=\"41:3-41:24\">Cambia sin problemas<\/strong> entre dos sabores o mezclarlos para obtener <strong data-sourcepos=\"41:63-41:88\">experiencia personalizada<\/strong>.<\/p>\n<p data-sourcepos=\"43:1-44:88\">\u2753 <strong data-sourcepos=\"43:3-43:43\">\u00bfPor qu\u00e9 elegir el modo Normal o Boost?<\/strong><br \/>\n\u2705 <strong data-sourcepos=\"44:3-44:22\">Adapta tu golpe<\/strong>\u2014suave y suave (<strong data-sourcepos=\"44:40-44:50\">Normal<\/strong>) o denso y poderoso (<strong data-sourcepos=\"44:75-44:84\">Aumentar<\/strong>).<\/p>\n<p data-sourcepos=\"46:1-47:90\">\u2753 <strong data-sourcepos=\"46:3-46:46\">\u00bfLa bater\u00eda de 850 mAh es duradera?<\/strong><br \/>\n\u2705 <strong data-sourcepos=\"47:3-47:11\">\u00a1S\u00ed!<\/strong> Soportes <strong data-sourcepos=\"47:21-47:39\">vapear todo el d\u00eda<\/strong> con <strong data-sourcepos=\"47:45-47:69\">Carga r\u00e1pida tipo C<\/strong> para recargas r\u00e1pidas.<\/p>\n<p data-sourcepos=\"49:1-50:103\">\u2753 <strong data-sourcepos=\"49:3-49:51\">\u00bfEst\u00e1n bien combinadas las combinaciones de sabores?<br \/>\n<\/strong> \u2705 <strong data-sourcepos=\"50:3-50:28\">D\u00faos seleccionados por expertos<\/strong> balance <strong data-sourcepos=\"50:37-50:47\">sabroso<\/strong>, <strong data-sourcepos=\"50:49-50:56\">helado<\/strong>, y <strong data-sourcepos=\"50:62-50:78\">sabores atrevidos<\/strong> para disfrutar al m\u00e1ximo.<\/p>\n<p>&nbsp;<\/p>\n<h3 id=\"brxe-najhln\" class=\"brxe-heading\">Preguntas frecuentes (FAQ)<\/h3>\n<div id=\"brxe-rajiac\" class=\"brxe-text\">\n<p><strong>P: \u00bfQu\u00e9 m\u00e9todos de pago aceptan?<\/strong><br \/>\nR: Aceptamos PayPal, Stripe, transferencias bancarias (compatibles con SEPA), las principales tarjetas de cr\u00e9dito (Visa, MasterCard, American Express) y pagos con criptomonedas.<\/p>\n<p><strong>P: \u00bfCu\u00e1nto tiempo lleva la preparaci\u00f3n del pedido?<\/strong><br \/>\nR: La preparaci\u00f3n del pedido demora entre 1 y 3 d\u00edas h\u00e1biles.<\/p>\n<p><strong>P: \u00bfCu\u00e1l es el tiempo de env\u00edo?<\/strong><br \/>\nR: El tiempo de env\u00edo es de 7 a 14 d\u00edas h\u00e1biles, seg\u00fan su ubicaci\u00f3n.<\/p>\n<p><strong>P: \u00bfC\u00f3mo puedo realizar un seguimiento de mi pedido?<\/strong><br \/>\nR: Despu\u00e9s del env\u00edo, recibir\u00e1 un correo electr\u00f3nico de confirmaci\u00f3n con un n\u00famero de seguimiento para realizar un seguimiento en tiempo real.<\/p>\n<p><strong>P: \u00bfCu\u00e1l es su pol\u00edtica de devoluci\u00f3n?<\/strong><br \/>\nR: Ofrecemos una pol\u00edtica de devoluci\u00f3n de 30 d\u00edas para reembolsos o cambios. .<\/p>\n<p><strong>P: \u00bfHabr\u00e1 alg\u00fan problema aduanero?<br \/>\n<\/strong>Nos encargamos de todos los procedimientos de despacho de aduanas para garantizarle una experiencia sin complicaciones. .<\/p>\n<p><strong>P: \u00bfQu\u00e9 m\u00e9todos de env\u00edo se utilizan?<\/strong><br \/>\nCooperamos con UPS\/DHL\/FEDEX\/DPD, etc. Elegiremos la opci\u00f3n de env\u00edo adecuada seg\u00fan el pa\u00eds de entrega para asegurarnos de que reciba sus productos lo m\u00e1s r\u00e1pido posible.<\/p>\n<p><a href=\"https:\/\/pgvape.com\/es\/preguntas-frecuentes\/\">Haga clic aqu\u00ed para m\u00e1s preguntas frecuentes<\/a><\/p>\n<p>Estimados clientes: Si tienen alguna pregunta sobre su pedido o la llegada de la mercanc\u00eda, comun\u00edquese con nuestro servicio de atenci\u00f3n al cliente. \u00a1Gracias!<\/p>\n<h3 data-sourcepos=\"73:1-73:21\"><strong data-sourcepos=\"73:7-73:21\">Cont\u00e1ctenos<\/strong><\/h3>\n<div id=\"text-2419739398\" class=\"text\">\n<p><strong data-sourcepos=\"75:3-75:12\">Correo electr\u00f3nico<\/strong>:\u00a0<a href=\"mailto:support@pgvape.com\"><strong>support@pgvape.com<\/strong><\/a><\/p>\n<p><strong data-sourcepos=\"76:3-76:15\">WhatsApp<\/strong>: <a href=\"https:\/\/wa.me\/+8618128481258\"><strong>+86 18128481258<\/strong><\/a><br \/>\n<strong>(Respuesta dentro de las 24 horas en d\u00edas h\u00e1biles)<\/strong><\/p>\n<\/div>\n<h3><strong>\u00a1Gracias por elegir pgvape.com! .<\/strong><\/h3>\n<\/div>","protected":false},"excerpt":{"rendered":"<p><strong data-sourcepos=\"55:1-55:232\">\u201cTwins 50000 Puffs: lo \u00faltimo en desechables de doble sabor con 50.000 inhalaciones, 50 ml de capacidad y 12 pares de sabores. Cuenta con bobinas de malla doble, pantalla inteligente y modos Normal\/Boost para vapeo personalizado\u201d.\u201d<\/strong><\/p>","protected":false},"featured_media":2809,"comment_status":"open","ping_status":"closed","template":"","meta":{"_seopress_robots_primary_cat":"none","_seopress_titles_title":"%%post_title%% %%sep%% %%sitetitle%%","_seopress_titles_desc":"","_seopress_robots_index":""},"product_brand":[516,251],"product_cat":[61,515,28],"product_tag":[78,64,65,90,66,254,203,143],"class_list":{"0":"post-2806","1":"product","2":"type-product","3":"status-publish","4":"has-post-thumbnail","6":"product_brand-disposable-vape","7":"product_brand-fizzy-vape","8":"product_cat-50k-puffs-vape","9":"product_cat-disposable-vape","10":"product_cat-fizzy-vape","11":"product_tag-12tastes","12":"product_tag-50k-puffs","13":"product_tag-50k-vape","14":"product_tag-disposable-vape","15":"product_tag-dual-flavors","16":"product_tag-fizzy-twins-50000","17":"product_tag-shipment-from-eu","18":"product_tag-smart-led-display","19":"product_shipping_class-overseas-warehouse","21":"first","22":"outofstock","23":"sale","24":"shipping-taxable","25":"purchasable","26":"product-type-variable"},"_links":{"self":[{"href":"https:\/\/pgvape.com\/es\/wp-json\/wp\/v2\/product\/2806","targetHints":{"allow":["GET"]}}],"collection":[{"href":"https:\/\/pgvape.com\/es\/wp-json\/wp\/v2\/product"}],"about":[{"href":"https:\/\/pgvape.com\/es\/wp-json\/wp\/v2\/types\/product"}],"replies":[{"embeddable":true,"href":"https:\/\/pgvape.com\/es\/wp-json\/wp\/v2\/comments?post=2806"}],"wp:featuredmedia":[{"embeddable":true,"href":"https:\/\/pgvape.com\/es\/wp-json\/wp\/v2\/media\/2809"}],"wp:attachment":[{"href":"https:\/\/pgvape.com\/es\/wp-json\/wp\/v2\/media?parent=2806"}],"wp:term":[{"taxonomy":"product_brand","embeddable":true,"href":"https:\/\/pgvape.com\/es\/wp-json\/wp\/v2\/product_brand?post=2806"},{"taxonomy":"product_cat","embeddable":true,"href":"https:\/\/pgvape.com\/es\/wp-json\/wp\/v2\/product_cat?post=2806"},{"taxonomy":"product_tag","embeddable":true,"href":"https:\/\/pgvape.com\/es\/wp-json\/wp\/v2\/product_tag?post=2806"}],"curies":[{"name":"wp","href":"https:\/\/api.w.org\/{rel}","templated":true}]}}