{"id":2766,"date":"2025-10-10T12:06:26","date_gmt":"2025-10-10T12:06:26","guid":{"rendered":"https:\/\/pgvape.com\/?post_type=product&#038;p=2766"},"modified":"2026-01-27T11:18:48","modified_gmt":"2026-01-27T11:18:48","slug":"fizzy-max-iii-60000-60k-soplos-6-en-1-sabores-desechables-vape-vape-fabrica-directa","status":"publish","type":"product","link":"https:\/\/pgvape.com\/es\/producto\/fizzy-max-iii-60000-60k-soplos-6-en-1-sabores-desechables-vape-vape-fabrica-directa\/","title":{"rendered":"Fizzy Max III 60000 60k sopla 6 en 1 sabores desechables Vape-Vape directo de f\u00e1brica"},"content":{"rendered":"<div class=\"auto-hide-last-sibling-br paragraph-JOTKXA paragraph-element br-paragraph-space\">\n<p><strong data-sourcepos=\"4:5-4:50\">Fizzy Max III 60000 inhalaciones Vape desechable<\/strong> revoluciona el vapeo con <strong data-sourcepos=\"4:78-4:100\">capacidad inigualable<\/strong> \u2013 entregando <strong data-sourcepos=\"4:114-4:130\">60.000 bocanadas<\/strong> de su <strong data-sourcepos=\"4:140-4:169\">tres tanques separados de 20 ml<\/strong> (60 ml en total). <strong data-sourcepos=\"4:194-4:223\">6 modos de sabor ajustables<\/strong> (combinaciones A\/B\/C), est\u00e1 alimentado por un <strong data-sourcepos=\"4:265-4:296\">Bater\u00eda recargable de 850 mAh.<\/strong> con <strong data-sourcepos=\"4:302-4:326\">Carga r\u00e1pida tipo C<\/strong> y <strong data-sourcepos=\"4:331-4:346\">pantalla LED<\/strong><span class=\"CustomP_animated_char__m3r9w\">\u00a0<\/span><span class=\"CustomP_animated_char__m3r9w\">para<\/span><span class=\"CustomP_animated_char__m3r9w\">\u00a0<\/span><span class=\"CustomP_animated_char__m3r9w\">real<\/span><span class=\"CustomP_animated_char__m3r9w\">\u2013<\/span><span class=\"CustomP_animated_char__m3r9w\">tiempo<\/span><span class=\"CustomP_animated_char__m3r9w\">\u00a0<\/span><span class=\"CustomP_animated_char__m3r9w\">escucha<\/span><span class=\"CustomP_animated_char__m3r9w\">.<\/span><span class=\"CustomP_animated_char__m3r9w\">\u00a0<\/span><span class=\"CustomP_animated_char__m3r9w\">El<\/span><span class=\"CustomP_animated_char__m3r9w\">\u00a0<\/span><strong data-sourcepos=\"4:377-4:401\">tecnolog\u00eda de bobina de malla<\/strong><span class=\"CustomP_animated_char__m3r9w\">\u00a0<\/span><span class=\"CustomP_animated_char__m3r9w\">asegura<\/span><span class=\"CustomP_animated_char__m3r9w\">\u00a0<\/span><strong data-sourcepos=\"4:410-4:426\">sorteos suaves<\/strong> y <strong data-sourcepos=\"4:431-4:446\">rico sabor<\/strong>, disponible en <strong data-sourcepos=\"4:461-4:492\">Concentraciones de nicotina 2% o 5%<\/strong>. <strong data-sourcepos=\"4:499-4:526\">10 tr\u00edos de sabores premium<\/strong><span class=\"CustomP_animated_char__m3r9w\">,<\/span><span class=\"CustomP_animated_char__m3r9w\">\u00a0<\/span><span class=\"CustomP_animated_char__m3r9w\">este<\/span><span class=\"CustomP_animated_char__m3r9w\">\u00a0<\/span><span class=\"CustomP_animated_char__m3r9w\">dispositivo<\/span><span class=\"CustomP_animated_char__m3r9w\">\u00a0<\/span><span class=\"CustomP_animated_char__m3r9w\">ofertas<\/span><span class=\"CustomP_animated_char__m3r9w\">\u00a0<\/span><strong data-sourcepos=\"4:547-4:573\">personalizaci\u00f3n definitiva<\/strong><span class=\"CustomP_animated_char__m3r9w\">\u00a0<\/span><span class=\"CustomP_animated_char__m3r9w\">para<\/span><span class=\"CustomP_animated_char__m3r9w\">\u00a0<\/span><span class=\"CustomP_animated_char__m3r9w\">perspicaz<\/span><span class=\"CustomP_animated_char__m3r9w\">\u00a0<\/span><span class=\"CustomP_animated_char__m3r9w\">vapeadores<\/span><span class=\"CustomP_animated_char__m3r9w\">.<\/span><\/p>\n<\/div>\n<p>&nbsp;<\/p>\n<h2><span style=\"font-size: 90%;\">Fizzy Max III 60000 | 60k sopla 6 en 1 sabores Vape disponible <strong>Presupuesto<\/strong><\/span><\/h2>\n<p><strong data-sourcepos=\"9:3-9:17\">Conteo de bocanadas<\/strong>:\u00a0<strong data-sourcepos=\"9:19-9:35\">60.000 bocanadas<\/strong><\/p>\n<p><strong data-sourcepos=\"10:3-10:15\">Nicotina<\/strong>:\u00a0<strong data-sourcepos=\"10:17-10:38\">Fuerza 2% o 5%<\/strong><\/p>\n<p><strong data-sourcepos=\"11:3-11:15\">E-l\u00edquido<\/strong>:\u00a0<strong data-sourcepos=\"11:17-11:46\">Tanques de 3 \u00d7 20 ml (60 ml en total)<\/strong><\/p>\n<p><strong data-sourcepos=\"12:3-12:19\">Modos de sabor<\/strong>:\u00a0<strong data-sourcepos=\"12:21-12:55\">6 combinaciones (A\/B\/C mezclables)<\/strong><\/p>\n<p><strong data-sourcepos=\"13:3-13:11\">Bobina<\/strong>:\u00a0<strong data-sourcepos=\"13:13-13:37\">Tecnolog\u00eda de bobina de malla<\/strong><\/p>\n<p><strong data-sourcepos=\"14:3-14:14\">Bater\u00eda<\/strong>:\u00a0<strong data-sourcepos=\"14:16-14:39\">850mAh recargable<\/strong><\/p>\n<p><strong data-sourcepos=\"15:3-15:15\">Cargando<\/strong>:\u00a0<strong data-sourcepos=\"15:17-15:41\">Carga r\u00e1pida tipo C<\/strong><\/p>\n<p><strong data-sourcepos=\"16:3-16:14\">Mostrar<\/strong>:\u00a0<strong data-sourcepos=\"16:16-16:53\">LED (monitor de modo bater\u00eda\/sabor)<\/strong><\/p>\n<p><strong data-sourcepos=\"17:3-17:14\">Paquete<\/strong>:\u00a0<strong data-sourcepos=\"17:16-17:34\">10 dispositivos\/caja<\/strong><\/p>\n<p>&nbsp;<\/p>\n<h3><span style=\"font-size: 90%;\">Fizzy Max III 60000 | 60k sopla 6 en 1 sabores Vape disponible <strong>Conjuntos de sabores<\/strong><\/span><\/h3>\n<p><strong>1.Fresa, Sand\u00eda, Lima Lim\u00f3n y Coco Ar\u00e1ndano<\/strong><\/p>\n<p><strong>2.Hielo de ar\u00e1ndano y cereza gaseosa y lim\u00f3n frambuesa<\/strong><\/p>\n<p><strong>3.Coca cola de vainilla, helado de sand\u00eda y bayas mixtas<\/strong><\/p>\n<p><strong>4.Fruta del drag\u00f3n de fresa y sand\u00eda Red Bull y frambuesa<\/strong><\/p>\n<p><strong>5.Fresa, Frambuesa, Mango, Melocot\u00f3n y Ar\u00e1ndano, Sand\u00eda<\/strong><\/p>\n<p><strong>6.Fresa, Uva, Ar\u00e1ndano, Coco y Melocot\u00f3n, Lim\u00f3n<\/strong><\/p>\n<p><strong>7.Ar\u00e1ndano, frambuesa, triple mel\u00f3n y helado de fresa<\/strong><\/p>\n<p><strong>8.Mezcla de bayas y kiwi, maracuy\u00e1, guayaba y sand\u00eda con fresa<\/strong><\/p>\n<p><strong>9.Helado de fresa, kiwi, ar\u00e1ndano y helado de sand\u00eda<\/strong><\/p>\n<p><strong>10.Blue Razz Ice &amp; Strawberry Kiwi &amp; Sour Pi\u00f1a Naranja<br \/>\n<img loading=\"lazy\" decoding=\"async\" class=\"alignnone wp-image-2772 size-full\" src=\"https:\/\/pgvape.com\/wp-content\/uploads\/2025\/10\/pgvape-Fizzy-Max-III-60000-60k-Puffs-6-In-1-Flavors-Disposable-Vape-2-5-Nicotine-10Tastes-LED-Display-Vape-Factory-Direct-3.png\" alt=\"P\u00f3ster promocional colorido para los vaporizadores desechables FIZZY Max III que presenta una etiqueta destacada &#039;60K PUFFS&#039; y &#039;6in1&#039;, una caja de presentaci\u00f3n y m\u00faltiples dispositivos cil\u00edndricos de colores brillantes dispuestos en filas con variantes de sabor numeradas y una tabla de sabores detallada que muestra seis combinaciones de sabores intercambiables, adem\u00e1s de peque\u00f1os \u00edconos para e-l\u00edquido de 60 ml, opciones de tanque de aceite, carga tipo C y pantalla LED.\" width=\"912\" height=\"2000\" srcset=\"https:\/\/pgvape.com\/wp-content\/uploads\/2025\/10\/pgvape-Fizzy-Max-III-60000-60k-Puffs-6-In-1-Flavors-Disposable-Vape-2-5-Nicotine-10Tastes-LED-Display-Vape-Factory-Direct-3.png 912w, https:\/\/pgvape.com\/wp-content\/uploads\/2025\/10\/pgvape-Fizzy-Max-III-60000-60k-Puffs-6-In-1-Flavors-Disposable-Vape-2-5-Nicotine-10Tastes-LED-Display-Vape-Factory-Direct-3-164x360.png 164w, https:\/\/pgvape.com\/wp-content\/uploads\/2025\/10\/pgvape-Fizzy-Max-III-60000-60k-Puffs-6-In-1-Flavors-Disposable-Vape-2-5-Nicotine-10Tastes-LED-Display-Vape-Factory-Direct-3-467x1024.png 467w, https:\/\/pgvape.com\/wp-content\/uploads\/2025\/10\/pgvape-Fizzy-Max-III-60000-60k-Puffs-6-In-1-Flavors-Disposable-Vape-2-5-Nicotine-10Tastes-LED-Display-Vape-Factory-Direct-3-182x400.png 182w, https:\/\/pgvape.com\/wp-content\/uploads\/2025\/10\/pgvape-Fizzy-Max-III-60000-60k-Puffs-6-In-1-Flavors-Disposable-Vape-2-5-Nicotine-10Tastes-LED-Display-Vape-Factory-Direct-3-768x1684.png 768w, https:\/\/pgvape.com\/wp-content\/uploads\/2025\/10\/pgvape-Fizzy-Max-III-60000-60k-Puffs-6-In-1-Flavors-Disposable-Vape-2-5-Nicotine-10Tastes-LED-Display-Vape-Factory-Direct-3-700x1536.png 700w, https:\/\/pgvape.com\/wp-content\/uploads\/2025\/10\/pgvape-Fizzy-Max-III-60000-60k-Puffs-6-In-1-Flavors-Disposable-Vape-2-5-Nicotine-10Tastes-LED-Display-Vape-Factory-Direct-3-5x12.png 5w, https:\/\/pgvape.com\/wp-content\/uploads\/2025\/10\/pgvape-Fizzy-Max-III-60000-60k-Puffs-6-In-1-Flavors-Disposable-Vape-2-5-Nicotine-10Tastes-LED-Display-Vape-Factory-Direct-3-600x1316.png 600w, https:\/\/pgvape.com\/wp-content\/uploads\/2025\/10\/pgvape-Fizzy-Max-III-60000-60k-Puffs-6-In-1-Flavors-Disposable-Vape-2-5-Nicotine-10Tastes-LED-Display-Vape-Factory-Direct-3-18x40.png 18w\" sizes=\"auto, (max-width: 912px) 100vw, 912px\" \/><\/strong><\/p>\n<p>&nbsp;<\/p>\n<h3 class=\"auto-hide-last-sibling-br paragraph-pP9ZLC paragraph-element br-paragraph-space\">\u00bfPor qu\u00e9 elegir el almac\u00e9n europeo de PGVape?<\/h3>\n<p>Env\u00edo r\u00e1pido: entrega a la mayor\u00eda de los pa\u00edses de la UE en un plazo de 3 a 7 d\u00edas h\u00e1biles.<\/p>\n<p>Entrega libre de impuestos: el stock local de la UE garantiza un env\u00edo fluido y libre de impuestos.<\/p>\n<p>100% Garant\u00eda aut\u00e9ntica: Genuino <strong>Gaseoso<\/strong> Cigarrillos electr\u00f3nicos de proveedores certificados.<\/p>\n<p>Inventario fresco: almacenado en condiciones controladas para garantizar una calidad \u00f3ptima.<\/p>\n<p>Con la confianza de los europeos: miles de clientes disfrutan de los servicios de cigarrillos electr\u00f3nicos r\u00e1pidos y seguros de PGVape.<\/p>\n<p>&nbsp;<\/p>\n<h2 class=\"header-vfC6AV auto-hide-last-sibling-br\">Preguntas frecuentes sobre Fizzy Max III 60000 | 60k inhalaciones 6 en 1 sabores Vape desechable<\/h2>\n<p data-sourcepos=\"36:1-37:80\">\u2753 <strong data-sourcepos=\"36:3-36:56\">\u00bfQu\u00e9 hace que el recuento de 60.000 caladas sea excepcional?<\/strong><br \/>\n\u2705 <strong data-sourcepos=\"37:3-37:24\">Sistema de tres tanques<\/strong> proporciona <strong data-sourcepos=\"37:34-37:54\">meses de vapeo<\/strong> con <strong data-sourcepos=\"37:60-37:80\">mantenimiento cero<\/strong><\/p>\n<p data-sourcepos=\"39:1-40:85\">\u2753 <strong data-sourcepos=\"39:3-39:43\">\u00bfC\u00f3mo funciona la mezcla de sabores?<\/strong><br \/>\n\u2705 <strong data-sourcepos=\"40:3-40:28\">Seis modos de combinaci\u00f3n<\/strong> dejarte <strong data-sourcepos=\"40:37-40:54\">mezclar sabores<\/strong> o disfrutarlos <strong data-sourcepos=\"40:69-40:85\">individualmente<\/strong><\/p>\n<p data-sourcepos=\"42:1-43:77\">\u2753 <strong data-sourcepos=\"42:3-42:44\">\u00bfEs suficiente la bater\u00eda de 850 mAh?<br \/>\n<\/strong>\u2705 <strong data-sourcepos=\"43:3-43:28\">Rendimiento optimizado<\/strong> dura <strong data-sourcepos=\"43:35-43:47\">2-3 d\u00edas<\/strong> con <strong data-sourcepos=\"43:53-43:77\">Carga r\u00e1pida tipo C<\/strong><\/p>\n<p data-sourcepos=\"45:1-46:70\">\u2753 <strong data-sourcepos=\"45:3-45:49\">\u00bfPor qu\u00e9 elegir entre nicotina 2% y 5%?<\/strong><br \/>\n\u2705 <strong data-sourcepos=\"46:3-46:26\">Satisfacci\u00f3n personalizada<\/strong> para <strong data-sourcepos=\"46:31-46:41\">casual<\/strong> y <strong data-sourcepos=\"46:46-46:64\">nicotina pesada<\/strong> usuarios<\/p>\n<p data-sourcepos=\"48:1-49:67\">\u2753 <strong data-sourcepos=\"48:3-48:46\">\u00bfEst\u00e1n bien equilibrados los tr\u00edos de sabores?<\/strong><br \/>\n\u2705 <strong data-sourcepos=\"49:3-49:36\">Combinaciones seleccionadas por expertos<\/strong> para <strong data-sourcepos=\"49:41-49:67\">perfecta armon\u00eda de sabores<\/strong><\/p>\n<p>&nbsp;<\/p>\n<h3 id=\"brxe-najhln\" class=\"brxe-heading\">Preguntas frecuentes (FAQ)<\/h3>\n<div id=\"brxe-rajiac\" class=\"brxe-text\">\n<p><strong>P: \u00bfQu\u00e9 m\u00e9todos de pago aceptan?<\/strong><br \/>\nR: Aceptamos PayPal, Stripe, transferencias bancarias (compatibles con SEPA), las principales tarjetas de cr\u00e9dito (Visa, MasterCard, American Express) y pagos con criptomonedas.<\/p>\n<p><strong>P: \u00bfCu\u00e1nto tiempo lleva la preparaci\u00f3n del pedido?<\/strong><br \/>\nR: La preparaci\u00f3n del pedido demora entre 1 y 3 d\u00edas h\u00e1biles.<\/p>\n<p><strong>P: \u00bfCu\u00e1l es el tiempo de env\u00edo?<\/strong><br \/>\nR: El tiempo de env\u00edo es de 7 a 14 d\u00edas h\u00e1biles, seg\u00fan su ubicaci\u00f3n.<\/p>\n<p><strong>P: \u00bfC\u00f3mo puedo realizar un seguimiento de mi pedido?<\/strong><br \/>\nR: Despu\u00e9s del env\u00edo, recibir\u00e1 un correo electr\u00f3nico de confirmaci\u00f3n con un n\u00famero de seguimiento para realizar un seguimiento en tiempo real.<\/p>\n<p><strong>P: \u00bfCu\u00e1l es su pol\u00edtica de devoluci\u00f3n?<\/strong><br \/>\nR: Ofrecemos una pol\u00edtica de devoluci\u00f3n de 30 d\u00edas para reembolsos o cambios. .<\/p>\n<p><strong>P: \u00bfHabr\u00e1 alg\u00fan problema aduanero?<br \/>\n<\/strong>Nos encargamos de todos los procedimientos de despacho de aduanas para garantizarle una experiencia sin complicaciones. .<\/p>\n<p><strong>P: \u00bfQu\u00e9 m\u00e9todos de env\u00edo se utilizan?<\/strong><br \/>\nCooperamos con UPS\/DHL\/FEDEX\/DPD, etc. Elegiremos la opci\u00f3n de env\u00edo adecuada seg\u00fan el pa\u00eds de entrega para asegurarnos de que reciba sus productos lo m\u00e1s r\u00e1pido posible.<\/p>\n<p><a href=\"https:\/\/pgvape.com\/es\/preguntas-frecuentes\/\">Haga clic aqu\u00ed para m\u00e1s preguntas frecuentes<\/a><\/p>\n<p>Estimados clientes: Si tienen alguna pregunta sobre su pedido o la llegada de la mercanc\u00eda, comun\u00edquese con nuestro servicio de atenci\u00f3n al cliente. \u00a1Gracias!<\/p>\n<h3 data-sourcepos=\"73:1-73:21\"><strong data-sourcepos=\"73:7-73:21\">Cont\u00e1ctenos<\/strong><\/h3>\n<div id=\"text-2419739398\" class=\"text\">\n<p><strong data-sourcepos=\"75:3-75:12\">Correo electr\u00f3nico<\/strong>:\u00a0<a href=\"mailto:support@pgvape.com\"><strong>support@pgvape.com<\/strong><\/a><\/p>\n<p><strong data-sourcepos=\"76:3-76:15\">WhatsApp<\/strong>: <a href=\"https:\/\/wa.me\/+8618128481258\"><strong>+86 18128481258<\/strong><\/a><br \/>\n<strong>(Respuesta dentro de las 24 horas en d\u00edas h\u00e1biles)<\/strong><\/p>\n<\/div>\n<h3><strong>\u00a1Gracias por elegir pgvape.com! .<\/strong><\/h3>\n<\/div>","protected":false},"excerpt":{"rendered":"<p>\u201c<strong data-sourcepos=\"54:2-54:23\">Gaseoso Max III 60K<\/strong>: El <strong data-sourcepos=\"54:29-54:66\">Lo \u00faltimo en mezcla de sabores desechable.<\/strong> con <strong data-sourcepos=\"54:72-54:88\">60.000 bocanadas<\/strong>, <strong data-sourcepos=\"54:90-54:110\">tres tanques de 20 ml<\/strong>, y <strong data-sourcepos=\"54:116-54:135\">10 tr\u00edos de sabores<\/strong>. <strong data-sourcepos=\"54:146-54:164\">bater\u00eda de 850mah<\/strong>, <strong data-sourcepos=\"54:166-54:179\">bobina de malla<\/strong>, y <strong data-sourcepos=\"54:185-54:205\">seis modos de mezcla<\/strong> para <strong data-sourcepos=\"54:210-54:242\">infinitas posibilidades de vapeo<\/strong>.\u201d<\/p>","protected":false},"featured_media":2770,"comment_status":"open","ping_status":"closed","template":"","meta":{"_seopress_robots_primary_cat":"none","_seopress_titles_title":"%%post_title%% %%sep%% %%sitetitle%%","_seopress_titles_desc":"","_seopress_robots_index":""},"product_brand":[516,251],"product_cat":[48,515,28],"product_tag":[169,253,51,52,90,252,79,203],"class_list":{"0":"post-2766","1":"product","2":"type-product","3":"status-publish","4":"has-post-thumbnail","6":"product_brand-disposable-vape","7":"product_brand-fizzy-vape","8":"product_cat-60k-puffs-vape","9":"product_cat-disposable-vape","10":"product_cat-fizzy-vape","11":"product_tag-10tastes","12":"product_tag-6-in-1-flavors","13":"product_tag-60k-puffs","14":"product_tag-60k-vape","15":"product_tag-disposable-vape","16":"product_tag-fizzy-max-iii-60000","17":"product_tag-led-display","18":"product_tag-shipment-from-eu","20":"first","21":"instock","22":"sale","23":"shipping-taxable","24":"purchasable","25":"product-type-variable"},"_links":{"self":[{"href":"https:\/\/pgvape.com\/es\/wp-json\/wp\/v2\/product\/2766","targetHints":{"allow":["GET"]}}],"collection":[{"href":"https:\/\/pgvape.com\/es\/wp-json\/wp\/v2\/product"}],"about":[{"href":"https:\/\/pgvape.com\/es\/wp-json\/wp\/v2\/types\/product"}],"replies":[{"embeddable":true,"href":"https:\/\/pgvape.com\/es\/wp-json\/wp\/v2\/comments?post=2766"}],"wp:featuredmedia":[{"embeddable":true,"href":"https:\/\/pgvape.com\/es\/wp-json\/wp\/v2\/media\/2770"}],"wp:attachment":[{"href":"https:\/\/pgvape.com\/es\/wp-json\/wp\/v2\/media?parent=2766"}],"wp:term":[{"taxonomy":"product_brand","embeddable":true,"href":"https:\/\/pgvape.com\/es\/wp-json\/wp\/v2\/product_brand?post=2766"},{"taxonomy":"product_cat","embeddable":true,"href":"https:\/\/pgvape.com\/es\/wp-json\/wp\/v2\/product_cat?post=2766"},{"taxonomy":"product_tag","embeddable":true,"href":"https:\/\/pgvape.com\/es\/wp-json\/wp\/v2\/product_tag?post=2766"}],"curies":[{"name":"wp","href":"https:\/\/api.w.org\/{rel}","templated":true}]}}