{"id":2727,"date":"2025-10-10T08:48:31","date_gmt":"2025-10-10T08:48:31","guid":{"rendered":"https:\/\/pgvape.com\/?post_type=product&#038;p=2727"},"modified":"2025-12-15T12:56:20","modified_gmt":"2025-12-15T12:56:20","slug":"jnr-tank-pro-33000-33k-inhalaciones-vape-desechables-directo-de-fabrica","status":"publish","type":"product","link":"https:\/\/pgvape.com\/es\/producto\/jnr-tank-pro-33000-33k-inhalaciones-vape-desechables-directo-de-fabrica\/","title":{"rendered":"JNR Tank Pro 33000 33K Puffs Vape-Vape desechables directo de f\u00e1brica"},"content":{"rendered":"<p dir=\"auto\"><strong data-sourcepos=\"8:5-8:27\">Tanque JNR Pro 33000<\/strong> redefine el vapeo duradero con <strong data-sourcepos=\"8:63-8:92\">33.000 caladas ultrasuaves<\/strong> de su <strong data-sourcepos=\"8:102-8:136\">enorme capacidad de e-l\u00edquido de 28 ml<\/strong>. <strong data-sourcepos=\"8:154-8:183\">tecnolog\u00eda de bobina de malla dual<\/strong>, entrega <strong data-sourcepos=\"8:197-8:218\">30% sabor m\u00e1s rico<\/strong> y <strong data-sourcepos=\"8:223-8:242\">cero golpes quemados<\/strong>, mientras que el <strong data-sourcepos=\"8:254-8:285\">Bater\u00eda recargable de 850 mAh.<\/strong> asegura <strong data-sourcepos=\"8:294-8:311\">energ\u00eda durante todo el d\u00eda<\/strong>. <strong data-sourcepos=\"8:317-8:342\">pantalla digital inteligente<\/strong> rastrea el uso y <strong data-sourcepos=\"8:361-8:397\">modos de impulso ajustables (15W\/20W)<\/strong> le permite personalizar la intensidad del vapor. <strong data-sourcepos=\"8:438-8:453\">nicotina 2%<\/strong> y <strong data-sourcepos=\"8:458-8:480\">15 sabores premium<\/strong>, est\u00e1 dise\u00f1ado para vapeadores que se niegan a hacer concesiones.<\/p>\n<p>&nbsp;<\/p>\n<h2><span style=\"font-size: 90%;\">Especificaciones de Vape desechables JNR Tank Pro 33000 33K Puffs:<\/span><\/h2>\n<p><strong>Capacidad de bocanada<\/strong>: Aprox.\u00a0<strong>33.000 bocanadas<\/strong><\/p>\n<p><strong>Fuerza de nicotina<\/strong>:\u00a0<strong>2%<\/strong><\/p>\n<p><strong>Capacidad de l\u00edquido electr\u00f3nico<\/strong>:\u00a0<strong>28 ml<\/strong><\/p>\n<p><strong>Tipo de bobina<\/strong>:\u00a0<strong>Bobina de malla doble<\/strong><\/p>\n<p><strong>Capacidad de la bater\u00eda<\/strong>:\u00a0<strong>850mAh recargable<\/strong><\/p>\n<p><strong>Mostrar<\/strong>:\u00a0<strong>pantalla digital<\/strong>\u00a0para informaci\u00f3n sobre bater\u00eda y uso<\/p>\n<p><strong>Puerto de carga<\/strong>:\u00a0<strong>Carga r\u00e1pida tipo C<\/strong><\/p>\n<p><strong>Modos de energ\u00eda<\/strong>:\u00a0<strong>Modos Boost a 15W y 20W<\/strong><\/p>\n<p><strong>Embalaje<\/strong>: Generalmente listo para venta al por mayor\/minorista (detalles del empaque a pedido)<\/p>\n<p><strong>Conteo de sabores<\/strong>: 15 sabores disponibles<\/p>\n<p>&nbsp;<\/p>\n<h3><span style=\"font-size: 90%;\">Lista de sabores de Vape desechable JNR Tank Pro 33000 33K Puffs:<\/span><\/h3>\n<p><strong>1.Sand\u00eda Fresa<\/strong><\/p>\n<p><strong>2.Hielo de sand\u00eda<\/strong><\/p>\n<p><strong>3.Pl\u00e1tano y fresa<\/strong><\/p>\n<p><strong>4.Helado de fresa<\/strong><\/p>\n<p><strong>5.Hielo de menta<\/strong><\/p>\n<p><strong>6.Bayas mixtas<\/strong><\/p>\n<p><strong>7.manzana agria<\/strong><\/p>\n<p><strong>8.Mango Melocot\u00f3n<\/strong><\/p>\n<p><strong>9. Hielo de uva Sakura<\/strong><\/p>\n<p><strong>10.Hielo de ar\u00e1ndanos<\/strong><\/p>\n<p><strong>11. Hielo de cola<\/strong><\/p>\n<p><strong>12.Kiwi fresa<img loading=\"lazy\" decoding=\"async\" class=\"alignnone wp-image-2732 size-full\" src=\"https:\/\/pgvape.com\/wp-content\/uploads\/2025\/10\/pgvape-JNR-Tank-Pro-33000-33K-Puffs-Disposable-Vape-2-Nicotine-12Tastes-LED-Digital-Display-Vape-Factory-Direct-3.png\" alt=\"Cuadr\u00edcula de m\u00faltiples dispositivos de vapeo desechables TANK pro 33000 y sus coloridas cajas dispuestas en filas sobre pancartas azules, con el logotipo de JNR &quot;Just No Reason&quot; en la esquina inferior derecha.\" width=\"1800\" height=\"1800\" srcset=\"https:\/\/pgvape.com\/wp-content\/uploads\/2025\/10\/pgvape-JNR-Tank-Pro-33000-33K-Puffs-Disposable-Vape-2-Nicotine-12Tastes-LED-Digital-Display-Vape-Factory-Direct-3.png 1800w, https:\/\/pgvape.com\/wp-content\/uploads\/2025\/10\/pgvape-JNR-Tank-Pro-33000-33K-Puffs-Disposable-Vape-2-Nicotine-12Tastes-LED-Digital-Display-Vape-Factory-Direct-3-360x360.png 360w, https:\/\/pgvape.com\/wp-content\/uploads\/2025\/10\/pgvape-JNR-Tank-Pro-33000-33K-Puffs-Disposable-Vape-2-Nicotine-12Tastes-LED-Digital-Display-Vape-Factory-Direct-3-595x595.png 595w, https:\/\/pgvape.com\/wp-content\/uploads\/2025\/10\/pgvape-JNR-Tank-Pro-33000-33K-Puffs-Disposable-Vape-2-Nicotine-12Tastes-LED-Digital-Display-Vape-Factory-Direct-3-400x400.png 400w, https:\/\/pgvape.com\/wp-content\/uploads\/2025\/10\/pgvape-JNR-Tank-Pro-33000-33K-Puffs-Disposable-Vape-2-Nicotine-12Tastes-LED-Digital-Display-Vape-Factory-Direct-3-768x768.png 768w, https:\/\/pgvape.com\/wp-content\/uploads\/2025\/10\/pgvape-JNR-Tank-Pro-33000-33K-Puffs-Disposable-Vape-2-Nicotine-12Tastes-LED-Digital-Display-Vape-Factory-Direct-3-1536x1536.png 1536w, https:\/\/pgvape.com\/wp-content\/uploads\/2025\/10\/pgvape-JNR-Tank-Pro-33000-33K-Puffs-Disposable-Vape-2-Nicotine-12Tastes-LED-Digital-Display-Vape-Factory-Direct-3-12x12.png 12w, https:\/\/pgvape.com\/wp-content\/uploads\/2025\/10\/pgvape-JNR-Tank-Pro-33000-33K-Puffs-Disposable-Vape-2-Nicotine-12Tastes-LED-Digital-Display-Vape-Factory-Direct-3-300x300.png 300w, https:\/\/pgvape.com\/wp-content\/uploads\/2025\/10\/pgvape-JNR-Tank-Pro-33000-33K-Puffs-Disposable-Vape-2-Nicotine-12Tastes-LED-Digital-Display-Vape-Factory-Direct-3-600x600.png 600w, https:\/\/pgvape.com\/wp-content\/uploads\/2025\/10\/pgvape-JNR-Tank-Pro-33000-33K-Puffs-Disposable-Vape-2-Nicotine-12Tastes-LED-Digital-Display-Vape-Factory-Direct-3-100x100.png 100w, https:\/\/pgvape.com\/wp-content\/uploads\/2025\/10\/pgvape-JNR-Tank-Pro-33000-33K-Puffs-Disposable-Vape-2-Nicotine-12Tastes-LED-Digital-Display-Vape-Factory-Direct-3-40x40.png 40w\" sizes=\"auto, (max-width: 1800px) 100vw, 1800px\" \/><\/strong><\/p>\n<p>&nbsp;<\/p>\n<h3><span style=\"font-size: 90%;\">V\u00eddeo de Vape desechable JNR Tank Pro 33000 33K Puffs<strong>:<\/strong><\/span><\/h3>\n<p>&nbsp;<\/p>\n<h2 class=\"header-vfC6AV auto-hide-last-sibling-br\">Preguntas frecuentes sobre JNR Mega Box 25K Puffs Vape desechable<\/h2>\n<p data-sourcepos=\"47:1-48:88\">\u2753 <strong data-sourcepos=\"47:3-47:59\">\u00bfC\u00f3mo previene la bobina de doble malla el sabor a quemado?<\/strong><br \/>\n\u2705 <strong data-sourcepos=\"48:3-48:30\">Incluso la tecnolog\u00eda de calefacci\u00f3n<\/strong> elimina los golpes secos: el sabor se mantiene puro hasta la \u00faltima bocanada.<\/p>\n<p data-sourcepos=\"50:1-50:43\">\u2753 <strong data-sourcepos=\"50:3-50:41\">\u00bfCu\u00e1ndo debo usar los modos de impulso?<\/strong><\/p>\n<p><strong data-sourcepos=\"51:3-51:10\">\u270515W<\/strong>: Sabor\/vapor equilibrado (uso durante todo el d\u00eda)<\/p>\n<p><strong data-sourcepos=\"52:3-52:10\">\u270520W<\/strong>: Nubes intensas (cuando quieres golpes m\u00e1s grandes)<\/p>\n<p data-sourcepos=\"54:1-55:82\">\u2753 <strong data-sourcepos=\"54:3-54:46\">\u00bfEs realista el recuento de 33.000 caladas?<\/strong><br \/>\n\u2705 <strong data-sourcepos=\"55:3-55:17\">Probado en laboratorio<\/strong> con <strong data-sourcepos=\"55:23-55:40\">e-l\u00edquido de 28 ml<\/strong>\u2014dura <strong data-sourcepos=\"55:47-55:60\">3-4 semanas<\/strong> para vapeadores promedio.<\/p>\n<p data-sourcepos=\"57:1-58:77\">\u2753 <strong data-sourcepos=\"57:3-57:40\">\u00bfC\u00f3mo es la duraci\u00f3n de la bater\u00eda?<\/strong><br \/>\n\u2705 <strong data-sourcepos=\"58:3-58:13\">850mAh<\/strong> + <strong data-sourcepos=\"58:16-58:35\">Carga tipo C<\/strong> = <strong data-sourcepos=\"58:38-58:50\">dia completo<\/strong> de uso intensivo por carga.<\/p>\n<p data-sourcepos=\"60:1-62:50\">\u2753 <strong data-sourcepos=\"60:3-60:38\">\u00bfEl mejor sabor para los amantes de los postres?<\/strong><br \/>\n\u2714 <strong data-sourcepos=\"61:3-61:28\">Tarta de queso con fresas<\/strong> (favorito del cliente) \u2714 <strong data-sourcepos=\"62:3-62:26\">Chispas de chocolate con menta<\/strong> (excepcionalmente refrescante)<\/p>\n<p>&nbsp;<\/p>\n<h3 id=\"brxe-najhln\" class=\"brxe-heading\">Preguntas frecuentes (FAQ)<\/h3>\n<div id=\"brxe-rajiac\" class=\"brxe-text\">\n<p><strong>P: \u00bfQu\u00e9 m\u00e9todos de pago aceptan?<\/strong><br \/>\nR: Aceptamos PayPal, Stripe, transferencias bancarias (compatibles con SEPA), las principales tarjetas de cr\u00e9dito (Visa, MasterCard, American Express) y pagos con criptomonedas.<\/p>\n<p><strong>P: \u00bfCu\u00e1nto tiempo lleva la preparaci\u00f3n del pedido?<\/strong><br \/>\nR: La preparaci\u00f3n del pedido demora entre 1 y 3 d\u00edas h\u00e1biles.<\/p>\n<p><strong>P: \u00bfCu\u00e1l es el tiempo de env\u00edo?<\/strong><br \/>\nR: El tiempo de env\u00edo es de 7 a 14 d\u00edas h\u00e1biles, seg\u00fan su ubicaci\u00f3n.<\/p>\n<p><strong>P: \u00bfC\u00f3mo puedo realizar un seguimiento de mi pedido?<\/strong><br \/>\nR: Despu\u00e9s del env\u00edo, recibir\u00e1 un correo electr\u00f3nico de confirmaci\u00f3n con un n\u00famero de seguimiento para realizar un seguimiento en tiempo real.<\/p>\n<p><strong>P: \u00bfCu\u00e1l es su pol\u00edtica de devoluci\u00f3n?<\/strong><br \/>\nR: Ofrecemos una pol\u00edtica de devoluci\u00f3n de 30 d\u00edas para reembolsos o cambios. .<\/p>\n<p><strong>P: \u00bfHabr\u00e1 alg\u00fan problema aduanero?<br \/>\n<\/strong>Nos encargamos de todos los procedimientos de despacho de aduanas para garantizarle una experiencia sin complicaciones. .<\/p>\n<p><strong>P: \u00bfQu\u00e9 m\u00e9todos de env\u00edo se utilizan?<\/strong><br \/>\nCooperamos con UPS\/DHL\/FEDEX\/DPD, etc. Elegiremos la opci\u00f3n de env\u00edo adecuada seg\u00fan el pa\u00eds de entrega para asegurarnos de que reciba sus productos lo m\u00e1s r\u00e1pido posible.<\/p>\n<p><a href=\"https:\/\/pgvape.com\/es\/preguntas-frecuentes\/\">Haga clic aqu\u00ed para m\u00e1s preguntas frecuentes<\/a><\/p>\n<p>Estimados clientes: Si tienen alguna pregunta sobre su pedido o la llegada de la mercanc\u00eda, comun\u00edquese con nuestro servicio de atenci\u00f3n al cliente. \u00a1Gracias!<\/p>\n<h3 data-sourcepos=\"73:1-73:21\"><strong data-sourcepos=\"73:7-73:21\">Cont\u00e1ctenos<\/strong><\/h3>\n<div id=\"text-2419739398\" class=\"text\">\n<p><strong data-sourcepos=\"75:3-75:12\">Correo electr\u00f3nico<\/strong>:\u00a0<a href=\"mailto:support@pgvape.com\"><strong>support@pgvape.com<\/strong><\/a><\/p>\n<p><strong data-sourcepos=\"76:3-76:15\">WhatsApp<\/strong>: <a href=\"https:\/\/wa.me\/+8618128481258\"><strong>+86 18128481258<\/strong><\/a><br \/>\n<strong>(Respuesta dentro de las 24 horas en d\u00edas h\u00e1biles)<\/strong><\/p>\n<\/div>\n<h3><strong>\u00a1Gracias por elegir pgvape.com! .<\/strong><\/h3>\n<\/div>","protected":false},"excerpt":{"rendered":"<p><strong data-sourcepos=\"67:1-67:221\">\u201cJNR Tank Pro 33000: el desechable de alta capacidad con 33.000 inhalaciones, 28 ml de jugo y bobinas de malla doble. Cuenta con modos de impulso ajustables, pantalla digital y 15 sabores para vapear sin parar\u201d.\u201d<\/strong><\/p>","protected":false},"featured_media":2730,"comment_status":"open","ping_status":"closed","template":"","meta":{"_seopress_robots_primary_cat":"none","_seopress_titles_title":"%%post_title%% %%sep%% %%sitetitle%%","_seopress_titles_desc":"","_seopress_robots_index":""},"product_brand":[516,228],"product_cat":[246,515,29],"product_tag":[78,248,249,90,247,250],"class_list":{"0":"post-2727","1":"product","2":"type-product","3":"status-publish","4":"has-post-thumbnail","6":"product_brand-disposable-vape","7":"product_brand-jnr-vape","8":"product_cat-33k-puffs-vape","9":"product_cat-disposable-vape","10":"product_cat-jnr-vape","11":"product_tag-12tastes","12":"product_tag-33k-puffs","13":"product_tag-33k-vape","14":"product_tag-disposable-vape","15":"product_tag-jnr-tank-pro-33000","16":"product_tag-led-digital-display","18":"first","19":"instock","20":"sale","21":"shipping-taxable","22":"purchasable","23":"product-type-variable"},"_links":{"self":[{"href":"https:\/\/pgvape.com\/es\/wp-json\/wp\/v2\/product\/2727","targetHints":{"allow":["GET"]}}],"collection":[{"href":"https:\/\/pgvape.com\/es\/wp-json\/wp\/v2\/product"}],"about":[{"href":"https:\/\/pgvape.com\/es\/wp-json\/wp\/v2\/types\/product"}],"replies":[{"embeddable":true,"href":"https:\/\/pgvape.com\/es\/wp-json\/wp\/v2\/comments?post=2727"}],"wp:featuredmedia":[{"embeddable":true,"href":"https:\/\/pgvape.com\/es\/wp-json\/wp\/v2\/media\/2730"}],"wp:attachment":[{"href":"https:\/\/pgvape.com\/es\/wp-json\/wp\/v2\/media?parent=2727"}],"wp:term":[{"taxonomy":"product_brand","embeddable":true,"href":"https:\/\/pgvape.com\/es\/wp-json\/wp\/v2\/product_brand?post=2727"},{"taxonomy":"product_cat","embeddable":true,"href":"https:\/\/pgvape.com\/es\/wp-json\/wp\/v2\/product_cat?post=2727"},{"taxonomy":"product_tag","embeddable":true,"href":"https:\/\/pgvape.com\/es\/wp-json\/wp\/v2\/product_tag?post=2727"}],"curies":[{"name":"wp","href":"https:\/\/api.w.org\/{rel}","templated":true}]}}