{"id":2692,"date":"2025-10-10T06:12:47","date_gmt":"2025-10-10T06:12:47","guid":{"rendered":"https:\/\/pgvape.com\/?post_type=product&#038;p=2692"},"modified":"2026-01-27T09:56:03","modified_gmt":"2026-01-27T09:56:03","slug":"jnr-power-mate-30000-30k-sopla-directo-de-fabrica-disponible-del-vape-del-banco-del-poder-del-vape-5000mah","status":"publish","type":"product","link":"https:\/\/pgvape.com\/es\/producto\/jnr-power-mate-30000-30k-sopla-directo-de-fabrica-disponible-del-vape-del-banco-del-poder-del-vape-5000mah\/","title":{"rendered":"JNR Power Mate 30000 30k sopla f\u00e1brica disponible de Vape del banco del poder de Vape 5000mAh directa"},"content":{"rendered":"<p><strong data-sourcepos=\"4:5-4:35\">JNR Power Mate 30000 bocanadas<\/strong> revoluciona el vapeo con <strong data-sourcepos=\"4:63-4:85\">doble funcionalidad<\/strong>\u2014<strong data-sourcepos=\"4:86-4:113\">30.000 caladas ultralargas<\/strong> y un <strong data-sourcepos=\"4:120-4:142\">banco de energ\u00eda de 5000 mAh<\/strong> para cargar dispositivos mientras viaja. <strong data-sourcepos=\"4:187-4:210\">Bobina de malla doble de 1,0 \u03a9<\/strong> para <strong data-sourcepos=\"4:215-4:230\">rico sabor<\/strong> y <strong data-sourcepos=\"4:235-4:250\">vapor denso<\/strong>, este dispositivo viene <strong data-sourcepos=\"4:270-4:303\">precargado con 19 ml de e-l\u00edquido<\/strong> (nicotina 2%) e incluye <strong data-sourcepos=\"4:331-4:367\">Cables tipo C\/Lightning incorporados<\/strong>. <strong data-sourcepos=\"4:373-4:389\">pantalla inteligente<\/strong> muestra el estado de la bater\u00eda, mientras que el <strong data-sourcepos=\"4:425-4:448\">conexi\u00f3n magn\u00e9tica<\/strong> garantiza una integraci\u00f3n perfecta. <strong data-sourcepos=\"4:507-4:531\">rendimiento extendido<\/strong> y <strong data-sourcepos=\"4:536-4:558\">utilidad del mundo real<\/strong>.<\/p>\n<p>&nbsp;<\/p>\n<h2><span style=\"font-size: 90%;\">JNR Power Mate 30k inhalaciones Vape desechable <strong>Especificaci\u00f3n<\/strong><\/span><\/h2>\n<p><strong data-sourcepos=\"9:3-9:17\">Conteo de bocanadas<\/strong>:\u00a0<strong data-sourcepos=\"9:19-9:35\">30.000 bocanadas<\/strong><\/p>\n<p><strong data-sourcepos=\"10:3-10:15\">E-l\u00edquido<\/strong>:\u00a0<strong data-sourcepos=\"10:17-10:39\">19 ml (nicotina 2%)<\/strong><\/p>\n<p><strong data-sourcepos=\"11:3-11:11\">Bobina<\/strong>:\u00a0<strong data-sourcepos=\"11:13-11:36\">Bobina de malla doble de 1,0 \u03a9<\/strong><\/p>\n<p><strong data-sourcepos=\"12:3-12:17\">Banco de energ\u00eda<\/strong>:\u00a0<strong data-sourcepos=\"12:19-12:39\">Capacidad de 5000 mAh.<\/strong><\/p>\n<p><strong data-sourcepos=\"13:3-13:15\">Cargando<\/strong>:\u00a0<strong data-sourcepos=\"13:17-13:78\">Carga r\u00e1pida tipo C + cables integrados (tipo C\/Lightning)<\/strong><\/p>\n<p><strong data-sourcepos=\"14:3-14:14\">Mostrar<\/strong>:\u00a0<strong data-sourcepos=\"14:16-14:48\">Pantalla inteligente (nivel de bater\u00eda)<\/strong><\/p>\n<p><strong data-sourcepos=\"15:3-15:13\">Dise\u00f1o<\/strong>:\u00a0<strong data-sourcepos=\"15:15-15:46\">Conexi\u00f3n magn\u00e9tica a presi\u00f3n<\/strong><\/p>\n<p><strong data-sourcepos=\"16:3-16:14\">Sabores<\/strong>:\u00a0<strong data-sourcepos=\"16:16-16:38\">10 opciones premium<\/strong><\/p>\n<p>&nbsp;<\/p>\n<h3><span style=\"font-size: 90%;\">JNR Power Mate 30k inhalaciones Vape desechable <strong>Lista de sabores<\/strong><\/span><\/h3>\n<p><strong>1. Hielo azul Razz<\/strong><\/p>\n<p><strong>2.Hielo de fresa<\/strong><\/p>\n<p><strong>3.Hielo de sand\u00eda<\/strong><\/p>\n<p><strong>4.Pl\u00e1tano y fresa<\/strong><\/p>\n<p><strong>5.Cereza Fresa Frambuesa<\/strong><\/p>\n<p><strong>6. Sand\u00eda Melocot\u00f3n Mango<\/strong><\/p>\n<p><strong>7.kiwi fresa<\/strong><\/p>\n<p><strong>8.Bayas mixtas<\/strong><\/p>\n<p><strong>9.Cola gaseosa de cereza<\/strong><\/p>\n<p><strong>10.Hielo de sand\u00eda y kiwi<\/strong><\/p>\n<p>&nbsp;<\/p>\n<p><strong><img loading=\"lazy\" decoding=\"async\" class=\"alignnone wp-image-2706 size-full\" src=\"https:\/\/pgvape.com\/wp-content\/uploads\/2025\/10\/pgvape-JNR-Power-Mate-30000-30k-Puffs-Disposable-Vape-2-Nicotine-10Tastes-Smart-Screen-5000mAh-Power-Bank-Vape-Factory-Direct-12.png\" alt=\"Colorido banner promocional para JNR que muestra diez peque\u00f1os dispositivos de vapeo desechables y dos dispositivos grandes renderizados sobre un fondo degradado azul p\u00farpura, etiquetados con nombres de sabores y con los titulares \u201c10 nuevos sabores emocionantes\u201d y \u201c30,000 PUFFS\u201d.\" width=\"2000\" height=\"1125\" srcset=\"https:\/\/pgvape.com\/wp-content\/uploads\/2025\/10\/pgvape-JNR-Power-Mate-30000-30k-Puffs-Disposable-Vape-2-Nicotine-10Tastes-Smart-Screen-5000mAh-Power-Bank-Vape-Factory-Direct-12.png 2000w, https:\/\/pgvape.com\/wp-content\/uploads\/2025\/10\/pgvape-JNR-Power-Mate-30000-30k-Puffs-Disposable-Vape-2-Nicotine-10Tastes-Smart-Screen-5000mAh-Power-Bank-Vape-Factory-Direct-12-555x312.png 555w, https:\/\/pgvape.com\/wp-content\/uploads\/2025\/10\/pgvape-JNR-Power-Mate-30000-30k-Puffs-Disposable-Vape-2-Nicotine-10Tastes-Smart-Screen-5000mAh-Power-Bank-Vape-Factory-Direct-12-595x335.png 595w, https:\/\/pgvape.com\/wp-content\/uploads\/2025\/10\/pgvape-JNR-Power-Mate-30000-30k-Puffs-Disposable-Vape-2-Nicotine-10Tastes-Smart-Screen-5000mAh-Power-Bank-Vape-Factory-Direct-12-400x225.png 400w, https:\/\/pgvape.com\/wp-content\/uploads\/2025\/10\/pgvape-JNR-Power-Mate-30000-30k-Puffs-Disposable-Vape-2-Nicotine-10Tastes-Smart-Screen-5000mAh-Power-Bank-Vape-Factory-Direct-12-768x432.png 768w, https:\/\/pgvape.com\/wp-content\/uploads\/2025\/10\/pgvape-JNR-Power-Mate-30000-30k-Puffs-Disposable-Vape-2-Nicotine-10Tastes-Smart-Screen-5000mAh-Power-Bank-Vape-Factory-Direct-12-1536x864.png 1536w, https:\/\/pgvape.com\/wp-content\/uploads\/2025\/10\/pgvape-JNR-Power-Mate-30000-30k-Puffs-Disposable-Vape-2-Nicotine-10Tastes-Smart-Screen-5000mAh-Power-Bank-Vape-Factory-Direct-12-18x10.png 18w, https:\/\/pgvape.com\/wp-content\/uploads\/2025\/10\/pgvape-JNR-Power-Mate-30000-30k-Puffs-Disposable-Vape-2-Nicotine-10Tastes-Smart-Screen-5000mAh-Power-Bank-Vape-Factory-Direct-12-600x338.png 600w, https:\/\/pgvape.com\/wp-content\/uploads\/2025\/10\/pgvape-JNR-Power-Mate-30000-30k-Puffs-Disposable-Vape-2-Nicotine-10Tastes-Smart-Screen-5000mAh-Power-Bank-Vape-Factory-Direct-12-60x34.png 60w\" sizes=\"auto, (max-width: 2000px) 100vw, 2000px\" \/><\/strong><\/p>\n<p>&nbsp;<\/p>\n<h3><span style=\"font-size: 90%;\">V\u00eddeo del vaporizador desechable JNR Power Mate 30k Puffs: \u3001<\/span><\/h3>\n<p><iframe loading=\"lazy\" title=\"JNR Power Mate 30000 | 30k Puffs Vape desechable | 10Tastes Pantalla inteligente Vape Pgvape directo de f\u00e1brica\" width=\"1020\" height=\"574\" src=\"https:\/\/www.youtube.com\/embed\/6Shj4Sk3DuQ?feature=oembed\" frameborder=\"0\" allow=\"accelerometer; autoplay; clipboard-write; encrypted-media; gyroscope; picture-in-picture; web-share\" referrerpolicy=\"strict-origin-when-cross-origin\" allowfullscreen><\/iframe><\/p>\n<h2 class=\"header-vfC6AV auto-hide-last-sibling-br\">Preguntas frecuentes sobre el vaporizador desechable Power Mate 30k Puffs de JNR<\/h2>\n<p data-sourcepos=\"35:1-36:97\">\u2753 <strong data-sourcepos=\"35:3-35:40\">\u00bfC\u00f3mo funciona el banco de energ\u00eda?<\/strong><br \/>\n\u2705 <strong data-sourcepos=\"36:3-36:23\">Capacidad de 5000 mAh.<\/strong> carga tel\u00e9fonos\/tabletas a trav\u00e9s de <strong data-sourcepos=\"36:51-36:70\">cables incorporados<\/strong> (no se necesitan cables adicionales).<\/p>\n<p data-sourcepos=\"38:1-39:87\">\u2753 <strong data-sourcepos=\"38:3-38:46\">\u00bfEs realista el recuento de 30.000 caladas?<\/strong><br \/>\n\u2705 <strong data-sourcepos=\"39:3-39:30\">E-l\u00edquido optimizado de 19 ml<\/strong> + <strong data-sourcepos=\"39:33-39:56\">doble bobina eficiente<\/strong> asegura <strong data-sourcepos=\"39:65-39:84\">semanas de vapeo<\/strong>.<\/p>\n<p data-sourcepos=\"41:1-42:82\">\u2753 <strong data-sourcepos=\"41:3-41:49\">\u00bfQu\u00e9 hace que la bobina de doble malla sea especial?<\/strong><br \/>\n\u2705 <strong data-sourcepos=\"42:3-42:22\">Resistencia de 1,0 \u03a9<\/strong> saldos <strong data-sourcepos=\"42:32-42:52\">intensidad del sabor<\/strong> y <strong data-sourcepos=\"42:57-42:79\">eficiencia de la bater\u00eda<\/strong>.<\/p>\n<p data-sourcepos=\"44:1-45:81\">\u2753 <strong data-sourcepos=\"44:3-44:47\">\u00bfPuedo controlar la carga del banco de energ\u00eda?<\/strong><br \/>\n\u2705 <strong data-sourcepos=\"45:3-45:19\">pantalla inteligente<\/strong> muestra restante <strong data-sourcepos=\"45:36-45:52\">bater\u00eda de vapeo<\/strong> y <strong data-sourcepos=\"45:57-45:78\">niveles del banco de energ\u00eda<\/strong>.<\/p>\n<p data-sourcepos=\"47:1-49:51\">\u2753 <strong data-sourcepos=\"47:3-47:36\">\u00bfQu\u00e9 sabor es el m\u00e1s popular?<\/strong><br \/>\n\u2714 <strong data-sourcepos=\"48:3-48:20\">Hielo Razz Azul<\/strong> (superventas) \u2714 <strong data-sourcepos=\"49:3-49:29\">Melocot\u00f3n Mango Sand\u00eda<\/strong> (favorito tropical)<\/p>\n<p>&nbsp;<\/p>\n<h3 id=\"brxe-najhln\" class=\"brxe-heading\">Preguntas frecuentes (FAQ)<\/h3>\n<div id=\"brxe-rajiac\" class=\"brxe-text\">\n<p><strong>P: \u00bfQu\u00e9 m\u00e9todos de pago aceptan?<\/strong><br \/>\nR: Aceptamos PayPal, Stripe, transferencias bancarias (compatibles con SEPA), las principales tarjetas de cr\u00e9dito (Visa, MasterCard, American Express) y pagos con criptomonedas.<\/p>\n<p><strong>P: \u00bfCu\u00e1nto tiempo lleva la preparaci\u00f3n del pedido?<\/strong><br \/>\nR: La preparaci\u00f3n del pedido demora entre 1 y 3 d\u00edas h\u00e1biles.<\/p>\n<p><strong>P: \u00bfCu\u00e1l es el tiempo de env\u00edo?<\/strong><br \/>\nR: El tiempo de env\u00edo es de 7 a 14 d\u00edas h\u00e1biles, seg\u00fan su ubicaci\u00f3n.<\/p>\n<p><strong>P: \u00bfC\u00f3mo puedo realizar un seguimiento de mi pedido?<\/strong><br \/>\nR: Despu\u00e9s del env\u00edo, recibir\u00e1 un correo electr\u00f3nico de confirmaci\u00f3n con un n\u00famero de seguimiento para realizar un seguimiento en tiempo real.<\/p>\n<p><strong>P: \u00bfCu\u00e1l es su pol\u00edtica de devoluci\u00f3n?<\/strong><br \/>\nR: Ofrecemos una pol\u00edtica de devoluci\u00f3n de 30 d\u00edas para reembolsos o cambios. .<\/p>\n<p><strong>P: \u00bfHabr\u00e1 alg\u00fan problema aduanero?<br \/>\n<\/strong>Nos encargamos de todos los procedimientos de despacho de aduanas para garantizarle una experiencia sin complicaciones. .<\/p>\n<p><strong>P: \u00bfQu\u00e9 m\u00e9todos de env\u00edo se utilizan?<\/strong><br \/>\nCooperamos con UPS\/DHL\/FEDEX\/DPD, etc. Elegiremos la opci\u00f3n de env\u00edo adecuada seg\u00fan el pa\u00eds de entrega para asegurarnos de que reciba sus productos lo m\u00e1s r\u00e1pido posible.<\/p>\n<p><a href=\"https:\/\/pgvape.com\/es\/preguntas-frecuentes\/\">Haga clic aqu\u00ed para m\u00e1s preguntas frecuentes<\/a><\/p>\n<p>Estimados clientes: Si tienen alguna pregunta sobre su pedido o la llegada de la mercanc\u00eda, comun\u00edquese con nuestro servicio de atenci\u00f3n al cliente. \u00a1Gracias!<\/p>\n<h3 data-sourcepos=\"73:1-73:21\"><strong data-sourcepos=\"73:7-73:21\">Cont\u00e1ctenos<\/strong><\/h3>\n<div id=\"text-2419739398\" class=\"text\">\n<p><strong data-sourcepos=\"75:3-75:12\">Correo electr\u00f3nico<\/strong>:\u00a0<a href=\"mailto:support@pgvape.com\"><strong>support@pgvape.com<\/strong><\/a><\/p>\n<p><strong data-sourcepos=\"76:3-76:15\">WhatsApp<\/strong>: <a href=\"https:\/\/wa.me\/+8618128481258\"><strong>+86 18128481258<\/strong><\/a><br \/>\n<strong>(Respuesta dentro de las 24 horas en d\u00edas h\u00e1biles)<\/strong><\/p>\n<\/div>\n<h3><strong>\u00a1Gracias por elegir pgvape.com! .<\/strong><\/h3>\n<\/div>","protected":false},"excerpt":{"rendered":"<p>JNR Power Mate 30000: El <strong data-sourcepos=\"54:30-54:248\">El primer vaporizador desechable del mundo con bater\u00eda externa de 5000 mAh incorporada. .<\/strong><\/p>","protected":false},"featured_media":2695,"comment_status":"open","ping_status":"closed","template":"","meta":{"_seopress_robots_primary_cat":"none","_seopress_titles_title":"%%post_title%% %%sep%% %%sitetitle%%","_seopress_titles_desc":"","_seopress_robots_index":""},"product_brand":[516,228],"product_cat":[35,515,29],"product_tag":[169,38,134,245,90,244,136],"class_list":{"0":"post-2692","1":"product","2":"type-product","3":"status-publish","4":"has-post-thumbnail","6":"product_brand-disposable-vape","7":"product_brand-jnr-vape","8":"product_cat-30k-puffs-vape","9":"product_cat-disposable-vape","10":"product_cat-jnr-vape","11":"product_tag-10tastes","12":"product_tag-30k-puffs","13":"product_tag-30k-vape","14":"product_tag-5000mah-power-bank","15":"product_tag-disposable-vape","16":"product_tag-jnr-power-mate","17":"product_tag-smart-screen","19":"first","20":"instock","21":"sale","22":"shipping-taxable","23":"purchasable","24":"product-type-variable"},"_links":{"self":[{"href":"https:\/\/pgvape.com\/es\/wp-json\/wp\/v2\/product\/2692","targetHints":{"allow":["GET"]}}],"collection":[{"href":"https:\/\/pgvape.com\/es\/wp-json\/wp\/v2\/product"}],"about":[{"href":"https:\/\/pgvape.com\/es\/wp-json\/wp\/v2\/types\/product"}],"replies":[{"embeddable":true,"href":"https:\/\/pgvape.com\/es\/wp-json\/wp\/v2\/comments?post=2692"}],"wp:featuredmedia":[{"embeddable":true,"href":"https:\/\/pgvape.com\/es\/wp-json\/wp\/v2\/media\/2695"}],"wp:attachment":[{"href":"https:\/\/pgvape.com\/es\/wp-json\/wp\/v2\/media?parent=2692"}],"wp:term":[{"taxonomy":"product_brand","embeddable":true,"href":"https:\/\/pgvape.com\/es\/wp-json\/wp\/v2\/product_brand?post=2692"},{"taxonomy":"product_cat","embeddable":true,"href":"https:\/\/pgvape.com\/es\/wp-json\/wp\/v2\/product_cat?post=2692"},{"taxonomy":"product_tag","embeddable":true,"href":"https:\/\/pgvape.com\/es\/wp-json\/wp\/v2\/product_tag?post=2692"}],"curies":[{"name":"wp","href":"https:\/\/api.w.org\/{rel}","templated":true}]}}