{"id":2641,"date":"2025-10-09T12:44:23","date_gmt":"2025-10-09T12:44:23","guid":{"rendered":"https:\/\/pgvape.com\/?post_type=product&#038;p=2641"},"modified":"2025-12-15T12:57:13","modified_gmt":"2025-12-15T12:57:13","slug":"jnr-mega-box-25000-25k-sopla-vape-desechable-vape-de-carga-rapida-directo-de-fabrica","status":"publish","type":"product","link":"https:\/\/pgvape.com\/es\/producto\/jnr-mega-box-25000-25k-sopla-vape-desechable-vape-de-carga-rapida-directo-de-fabrica\/","title":{"rendered":"JNR Mega Box 25000 25K sopla directamente la f\u00e1brica de carga r\u00e1pida de Vape de Vape disponible"},"content":{"rendered":"<p id=\"brxe-najhln\" class=\"brxe-heading\"><strong data-sourcepos=\"4:5-4:33\">JNR Mega Caja 25000 Puffs<\/strong> entrega <strong data-sourcepos=\"4:43-4:72\">satisfacci\u00f3n duradera<\/strong> con <strong data-sourcepos=\"4:78-4:101\">25.000 bocanadas suaves<\/strong> de su <strong data-sourcepos=\"4:111-4:137\">Capacidad de e-l\u00edquido de 30 ml.<\/strong>. <strong data-sourcepos=\"4:153-4:184\">Bater\u00eda recargable de 850 mAh.<\/strong> y <strong data-sourcepos=\"4:189-4:218\">tecnolog\u00eda de bobina de malla dual<\/strong>, asegura <strong data-sourcepos=\"4:231-4:246\">rico sabor<\/strong> y <strong data-sourcepos=\"4:251-4:277\">producci\u00f3n de vapor denso<\/strong>. <strong data-sourcepos=\"4:284-4:308\">Fuerza de nicotina 2%<\/strong> y <strong data-sourcepos=\"4:313-4:337\">Carga r\u00e1pida tipo C<\/strong>, este vaporizador desechable es perfecto para vapeadores que quieren <strong data-sourcepos=\"4:391-4:415\">rendimiento extendido<\/strong> sin compromiso.<\/p>\n<p>&nbsp;<\/p>\n<h2><span style=\"font-size: 90%;\">JNR Mega Box 25K inhala Vape desechable <strong>Especificaci\u00f3n<\/strong><\/span><\/h2>\n<p><strong data-sourcepos=\"9:3-9:17\">Conteo de bocanadas<\/strong>:\u00a0<strong data-sourcepos=\"9:19-9:35\">25.000 bocanadas<\/strong><\/p>\n<p><strong data-sourcepos=\"10:3-10:24\">Capacidad de l\u00edquido electr\u00f3nico<\/strong>:\u00a0<strong data-sourcepos=\"10:26-10:34\">30ml<\/strong><\/p>\n<p><strong data-sourcepos=\"11:3-11:11\">Bobina<\/strong>:\u00a0<strong data-sourcepos=\"11:13-11:31\">Bobina de malla doble<\/strong><\/p>\n<p><strong data-sourcepos=\"12:3-12:14\">Bater\u00eda<\/strong>:\u00a0<strong data-sourcepos=\"12:16-12:39\">850mAh recargable<\/strong><\/p>\n<p><strong data-sourcepos=\"13:3-13:15\">Cargando<\/strong>:\u00a0<strong data-sourcepos=\"13:17-13:41\">Carga r\u00e1pida tipo C<\/strong><\/p>\n<p><strong data-sourcepos=\"14:3-14:24\">Fuerza de nicotina<\/strong>:\u00a0<strong data-sourcepos=\"14:26-14:32\">2%<\/strong><\/p>\n<p><strong data-sourcepos=\"15:3-15:21\">Opciones de sabor<\/strong>:\u00a0<strong data-sourcepos=\"15:23-15:45\">16 opciones premium<\/strong><\/p>\n<p>&nbsp;<\/p>\n<h3><span style=\"font-size: 90%;\">JNR Mega Box 25K inhala Vape desechable <strong>Lista de sabores<\/strong><\/span><\/h3>\n<p>1.Ar\u00e1ndano, Frambuesa Agria, Fresa<\/p>\n<p>2. Cereza azul Razz<\/p>\n<p>3.melocot\u00f3n jugoso<\/p>\n<p>4.Cereza y baya<\/p>\n<p>5.Cola gaseosa de cereza<\/p>\n<p>6.Lim\u00f3n y lima<\/p>\n<p>7.bayas mixtas<\/p>\n<p>8.Sr. Azul<\/p>\n<p>9.Helado de fresa, frambuesa y cereza<\/p>\n<p>10.Hielo de fresa<\/p>\n<p>11.Hielo de ar\u00e1ndanos<\/p>\n<p>12.Hielo de sand\u00eda<\/p>\n<p>13.Pl\u00e1tano Fresa<\/p>\n<p>14.Chicle de ar\u00e1ndanos<\/p>\n<p>15. Kiwi y sand\u00eda sobre hielo<\/p>\n<p>16.Triple Mango<\/p>\n<p>17.Sand\u00eda Frambuesa<\/p>\n<p>18.Helado de fresa y frambuesa<\/p>\n<p>19.menta fresca<\/p>\n<p>20.manzana agria<img loading=\"lazy\" decoding=\"async\" class=\"alignnone wp-image-2667 size-full\" src=\"https:\/\/pgvape.com\/wp-content\/uploads\/2025\/10\/pgvape-JNR-Mega-Box-25000-25K-Puffs-Disposable-Vape-Dual-Mesh-2-Nicotine-20Tastes-Vape-Factory-Direct-24.png\" alt=\"Cuadr\u00edcula de 25 coloridos paneles de productos que muestran dispositivos de vapeo desechables de la marca JNR; cada panel presenta dos dispositivos rectangulares con paneles met\u00e1licos en relieve sobre fondos v\u00edvidos, nombres de sabores e ilustraciones de frutas o dulces a juego (por ejemplo, ar\u00e1ndanos, cerezas, duraznos, lim\u00f3n y lima, bayas mixtas, sand\u00eda, bolos, mango y m\u00e1s).\" width=\"2000\" height=\"2000\" srcset=\"https:\/\/pgvape.com\/wp-content\/uploads\/2025\/10\/pgvape-JNR-Mega-Box-25000-25K-Puffs-Disposable-Vape-Dual-Mesh-2-Nicotine-20Tastes-Vape-Factory-Direct-24.png 2000w, https:\/\/pgvape.com\/wp-content\/uploads\/2025\/10\/pgvape-JNR-Mega-Box-25000-25K-Puffs-Disposable-Vape-Dual-Mesh-2-Nicotine-20Tastes-Vape-Factory-Direct-24-360x360.png 360w, https:\/\/pgvape.com\/wp-content\/uploads\/2025\/10\/pgvape-JNR-Mega-Box-25000-25K-Puffs-Disposable-Vape-Dual-Mesh-2-Nicotine-20Tastes-Vape-Factory-Direct-24-595x595.png 595w, https:\/\/pgvape.com\/wp-content\/uploads\/2025\/10\/pgvape-JNR-Mega-Box-25000-25K-Puffs-Disposable-Vape-Dual-Mesh-2-Nicotine-20Tastes-Vape-Factory-Direct-24-400x400.png 400w, https:\/\/pgvape.com\/wp-content\/uploads\/2025\/10\/pgvape-JNR-Mega-Box-25000-25K-Puffs-Disposable-Vape-Dual-Mesh-2-Nicotine-20Tastes-Vape-Factory-Direct-24-768x768.png 768w, https:\/\/pgvape.com\/wp-content\/uploads\/2025\/10\/pgvape-JNR-Mega-Box-25000-25K-Puffs-Disposable-Vape-Dual-Mesh-2-Nicotine-20Tastes-Vape-Factory-Direct-24-1536x1536.png 1536w, https:\/\/pgvape.com\/wp-content\/uploads\/2025\/10\/pgvape-JNR-Mega-Box-25000-25K-Puffs-Disposable-Vape-Dual-Mesh-2-Nicotine-20Tastes-Vape-Factory-Direct-24-12x12.png 12w, https:\/\/pgvape.com\/wp-content\/uploads\/2025\/10\/pgvape-JNR-Mega-Box-25000-25K-Puffs-Disposable-Vape-Dual-Mesh-2-Nicotine-20Tastes-Vape-Factory-Direct-24-300x300.png 300w, https:\/\/pgvape.com\/wp-content\/uploads\/2025\/10\/pgvape-JNR-Mega-Box-25000-25K-Puffs-Disposable-Vape-Dual-Mesh-2-Nicotine-20Tastes-Vape-Factory-Direct-24-600x600.png 600w, https:\/\/pgvape.com\/wp-content\/uploads\/2025\/10\/pgvape-JNR-Mega-Box-25000-25K-Puffs-Disposable-Vape-Dual-Mesh-2-Nicotine-20Tastes-Vape-Factory-Direct-24-100x100.png 100w, https:\/\/pgvape.com\/wp-content\/uploads\/2025\/10\/pgvape-JNR-Mega-Box-25000-25K-Puffs-Disposable-Vape-Dual-Mesh-2-Nicotine-20Tastes-Vape-Factory-Direct-24-40x40.png 40w\" sizes=\"auto, (max-width: 2000px) 100vw, 2000px\" \/><\/p>\n<p>&nbsp;<\/p>\n<h3><span style=\"font-size: 90%;\">V\u00eddeo de vaporizador desechable de malla dual JNR Mega Box 25000 25K Puffs:<\/span><\/h3>\n<p><iframe loading=\"lazy\" title=\"JNR Mega Box 25K Puffs Vape desechable |Dual Mesh |20Tastes Vape de carga r\u00e1pida pgvape directo de f\u00e1brica\" width=\"563\" height=\"1000\" src=\"https:\/\/www.youtube.com\/embed\/2drnytO8g4U?feature=oembed\" frameborder=\"0\" allow=\"accelerometer; autoplay; clipboard-write; encrypted-media; gyroscope; picture-in-picture; web-share\" referrerpolicy=\"strict-origin-when-cross-origin\" allowfullscreen><\/iframe><\/p>\n<p>&nbsp;<\/p>\n<h2 class=\"header-vfC6AV auto-hide-last-sibling-br\">Preguntas frecuentes sobre JNR Mega Box 25K Puffs Vape desechable<\/h2>\n<div class=\"auto-hide-last-sibling-br paragraph-JOTKXA paragraph-element br-paragraph-space\">\n<p data-sourcepos=\"42:1-43:102\">\u2753 <strong data-sourcepos=\"42:3-42:54\">\u00bfC\u00f3mo mejora el vapeo la bobina de doble malla?<\/strong><br \/>\n\u2705 <strong data-sourcepos=\"43:3-43:28\">Elementos calefactores duales<\/strong> proporcionar <strong data-sourcepos=\"43:37-43:56\">40% m\u00e1s sabor<\/strong> y <strong data-sourcepos=\"43:61-43:79\">nubes m\u00e1s espesas<\/strong> que las bobinas est\u00e1ndar.<\/p>\n<p data-sourcepos=\"45:1-46:97\">\u2753 <strong data-sourcepos=\"45:3-45:46\">\u00bfEs realista el recuento de 25.000 caladas?<\/strong><br \/>\n\u2705 <strong data-sourcepos=\"46:3-46:39\">Capacidad optimizada de e-l\u00edquido de 30 ml<\/strong> asegura <strong data-sourcepos=\"46:48-46:64\">semanas de uso<\/strong> sin reemplazos frecuentes.<\/p>\n<p data-sourcepos=\"48:1-49:67\">\u2753 <strong data-sourcepos=\"48:3-48:49\">\u00bfCu\u00e1nto dura la bater\u00eda de 850 mAh?<\/strong><br \/>\n\u2705 <strong data-sourcepos=\"49:3-49:26\">Rendimiento durante todo el d\u00eda<\/strong> con <strong data-sourcepos=\"49:32-49:56\">carga r\u00e1pida tipo C<\/strong> apoyo.<\/p>\n<p data-sourcepos=\"51:1-54:44\">\u2753 <strong data-sourcepos=\"51:3-51:38\">\u00bfQu\u00e9 sabores son los m\u00e1s populares?<br \/>\n<\/strong> \u2714 <strong data-sourcepos=\"52:3-52:23\">Cereza Razz Azul<\/strong> (picante y dulce) \u2714 <strong data-sourcepos=\"53:3-53:38\">Fresa Frambuesa Cereza Hielo<\/strong> (negrita y helada) \u2714 <strong data-sourcepos=\"54:3-54:21\">Hielo de sand\u00eda<\/strong> (refrescante y jugosa)<\/p>\n<\/div>\n<p>&nbsp;<\/p>\n<h3 id=\"brxe-najhln\" class=\"brxe-heading\">Preguntas frecuentes (FAQ)<\/h3>\n<div id=\"brxe-rajiac\" class=\"brxe-text\">\n<p><strong>P: \u00bfQu\u00e9 m\u00e9todos de pago aceptan?<\/strong><br \/>\nR: Aceptamos PayPal, Stripe, transferencias bancarias (compatibles con SEPA), las principales tarjetas de cr\u00e9dito (Visa, MasterCard, American Express) y pagos con criptomonedas.<\/p>\n<p><strong>P: \u00bfCu\u00e1nto tiempo lleva la preparaci\u00f3n del pedido?<\/strong><br \/>\nR: La preparaci\u00f3n del pedido demora entre 1 y 3 d\u00edas h\u00e1biles.<\/p>\n<p><strong>P: \u00bfCu\u00e1l es el tiempo de env\u00edo?<\/strong><br \/>\nR: El tiempo de env\u00edo es de 7 a 14 d\u00edas h\u00e1biles, seg\u00fan su ubicaci\u00f3n.<\/p>\n<p><strong>P: \u00bfC\u00f3mo puedo realizar un seguimiento de mi pedido?<\/strong><br \/>\nR: Despu\u00e9s del env\u00edo, recibir\u00e1 un correo electr\u00f3nico de confirmaci\u00f3n con un n\u00famero de seguimiento para realizar un seguimiento en tiempo real.<\/p>\n<p><strong>P: \u00bfCu\u00e1l es su pol\u00edtica de devoluci\u00f3n?<\/strong><br \/>\nR: Ofrecemos una pol\u00edtica de devoluci\u00f3n de 30 d\u00edas para reembolsos o cambios. .<\/p>\n<p><strong>P: \u00bfHabr\u00e1 alg\u00fan problema aduanero?<br \/>\n<\/strong>Nos encargamos de todos los procedimientos de despacho de aduanas para garantizarle una experiencia sin complicaciones. .<\/p>\n<p><strong>P: \u00bfQu\u00e9 m\u00e9todos de env\u00edo se utilizan?<\/strong><br \/>\nCooperamos con UPS\/DHL\/FEDEX\/DPD, etc. Elegiremos la opci\u00f3n de env\u00edo adecuada seg\u00fan el pa\u00eds de entrega para asegurarnos de que reciba sus productos lo m\u00e1s r\u00e1pido posible.<\/p>\n<p><a href=\"https:\/\/pgvape.com\/es\/preguntas-frecuentes\/\">Haga clic aqu\u00ed para m\u00e1s preguntas frecuentes<\/a><\/p>\n<p>Estimados clientes: Si tienen alguna pregunta sobre su pedido o la llegada de la mercanc\u00eda, comun\u00edquese con nuestro servicio de atenci\u00f3n al cliente. \u00a1Gracias!<\/p>\n<h3 data-sourcepos=\"73:1-73:21\"><strong data-sourcepos=\"73:7-73:21\">Cont\u00e1ctenos<\/strong><\/h3>\n<div id=\"text-2419739398\" class=\"text\">\n<p><strong data-sourcepos=\"75:3-75:12\">Correo electr\u00f3nico<\/strong>:\u00a0<a href=\"mailto:support@pgvape.com\"><strong>support@pgvape.com<\/strong><\/a><\/p>\n<p><strong data-sourcepos=\"76:3-76:15\">WhatsApp<\/strong>: <a href=\"https:\/\/wa.me\/+8618128481258\"><strong>+86 18128481258<\/strong><\/a><br \/>\n<strong>(Respuesta dentro de las 24 horas en d\u00edas h\u00e1biles)<\/strong><\/p>\n<\/div>\n<h3><strong>\u00a1Gracias por elegir pgvape.com! .<\/strong><\/h3>\n<\/div>\n<h2 class=\"header-vfC6AV auto-hide-last-sibling-br\"><\/h2>","protected":false},"excerpt":{"rendered":"<p><strong data-sourcepos=\"59:1-59:233\">\u201cJNR Mega Box 25000: el vaporizador desechable de alta capacidad con 25\u00a0000 inhalaciones, 30 ml de e-l\u00edquido y bobinas de malla doble. Cuenta con nicotina 2%, bater\u00eda de 850 mAh y carga tipo C para una satisfacci\u00f3n duradera\u201d.\u201d<\/strong><\/p>","protected":false},"featured_media":2644,"comment_status":"open","ping_status":"closed","template":"","meta":{"_seopress_robots_primary_cat":"none","_seopress_titles_title":"","_seopress_titles_desc":"","_seopress_robots_index":""},"product_brand":[516,228],"product_cat":[94,515,29],"product_tag":[187,242,96,101,90,243,241],"class_list":{"0":"post-2641","1":"product","2":"type-product","3":"status-publish","4":"has-post-thumbnail","6":"product_brand-disposable-vape","7":"product_brand-jnr-vape","8":"product_cat-25k-puffs-vape","9":"product_cat-disposable-vape","10":"product_cat-jnr-vape","11":"product_tag-20tastes","12":"product_tag-242","13":"product_tag-25k-puffs","14":"product_tag-25k-vape","15":"product_tag-disposable-vape","16":"product_tag-dual-mesh","17":"product_tag-jnr-mega-box","19":"first","20":"instock","21":"sale","22":"shipping-taxable","23":"purchasable","24":"product-type-variable"},"_links":{"self":[{"href":"https:\/\/pgvape.com\/es\/wp-json\/wp\/v2\/product\/2641","targetHints":{"allow":["GET"]}}],"collection":[{"href":"https:\/\/pgvape.com\/es\/wp-json\/wp\/v2\/product"}],"about":[{"href":"https:\/\/pgvape.com\/es\/wp-json\/wp\/v2\/types\/product"}],"replies":[{"embeddable":true,"href":"https:\/\/pgvape.com\/es\/wp-json\/wp\/v2\/comments?post=2641"}],"wp:featuredmedia":[{"embeddable":true,"href":"https:\/\/pgvape.com\/es\/wp-json\/wp\/v2\/media\/2644"}],"wp:attachment":[{"href":"https:\/\/pgvape.com\/es\/wp-json\/wp\/v2\/media?parent=2641"}],"wp:term":[{"taxonomy":"product_brand","embeddable":true,"href":"https:\/\/pgvape.com\/es\/wp-json\/wp\/v2\/product_brand?post=2641"},{"taxonomy":"product_cat","embeddable":true,"href":"https:\/\/pgvape.com\/es\/wp-json\/wp\/v2\/product_cat?post=2641"},{"taxonomy":"product_tag","embeddable":true,"href":"https:\/\/pgvape.com\/es\/wp-json\/wp\/v2\/product_tag?post=2641"}],"curies":[{"name":"wp","href":"https:\/\/api.w.org\/{rel}","templated":true}]}}