{"id":2578,"date":"2025-10-09T11:25:46","date_gmt":"2025-10-09T11:25:46","guid":{"rendered":"https:\/\/pgvape.com\/?post_type=product&#038;p=2578"},"modified":"2025-12-15T12:57:35","modified_gmt":"2025-12-15T12:57:35","slug":"jnr-falcon-x-18000-18k-inhalaciones-vape-desechable-pantalla-led-vape-directo-de-fabrica","status":"publish","type":"product","link":"https:\/\/pgvape.com\/es\/producto\/jnr-falcon-x-18000-18k-inhalaciones-vape-desechable-pantalla-led-vape-directo-de-fabrica\/","title":{"rendered":"F\u00e1brica disponible de Vape de la pantalla LED de Vape de los soplos 18000 18k de JNR FALCON X directa"},"content":{"rendered":"<p><strong data-sourcepos=\"4:5-4:33\">JNR Falcon X 18000 Puffs<\/strong> redefine <strong data-sourcepos=\"4:44-4:73\">vapeo desechable premium<\/strong> con su <strong data-sourcepos=\"4:83-4:106\">pantalla digital LED<\/strong>, <strong data-sourcepos=\"4:108-4:137\">tecnolog\u00eda de n\u00facleo de malla dual<\/strong>, y <strong data-sourcepos=\"4:143-4:165\">flujo de aire ajustable<\/strong> para una m\u00e1xima personalizaci\u00f3n. <strong data-sourcepos=\"4:203-4:226\">18.000 bocanadas suaves<\/strong> de un <strong data-sourcepos=\"4:234-4:260\">Capacidad de e-l\u00edquido de 24 ml.<\/strong>, este dispositivo funciona con un <strong data-sourcepos=\"4:290-4:321\">Bater\u00eda recargable de 950 mAh.<\/strong> y un <strong data-sourcepos=\"4:328-4:346\">Bobina de malla de 0,6\u03a9<\/strong> para <strong data-sourcepos=\"4:351-4:369\">sabor intenso<\/strong> y <strong data-sourcepos=\"4:374-4:389\">vapor denso<\/strong>. <strong data-sourcepos=\"4:396-4:411\">nicotina 2%<\/strong> y <strong data-sourcepos=\"4:416-4:439\">28 sabores de tendencia<\/strong>, est\u00e1 dise\u00f1ado para vapeadores que exigen <strong data-sourcepos=\"4:477-4:491\">innovaci\u00f3n<\/strong> y <strong data-sourcepos=\"4:496-4:511\">actuaci\u00f3n<\/strong>.<\/p>\n<p>&nbsp;<\/p>\n<h2><span style=\"font-size: 90%;\">JNR FALCON X 18k inhalaciones Vape desechable <strong>Especificaci\u00f3n<\/strong><\/span><\/h2>\n<p><strong data-sourcepos=\"9:3-9:17\">Conteo de bocanadas<\/strong>:\u00a0<strong data-sourcepos=\"9:19-9:35\">18.000 bocanadas<\/strong><\/p>\n<p><strong data-sourcepos=\"10:3-10:15\">E-l\u00edquido<\/strong>:\u00a0<strong data-sourcepos=\"10:17-10:25\">24 ml<\/strong><\/p>\n<p><strong data-sourcepos=\"11:3-11:11\">Bobina<\/strong>:\u00a0<strong data-sourcepos=\"11:13-11:36\">N\u00facleo de malla dual de 0,6 \u03a9<\/strong><\/p>\n<p><strong data-sourcepos=\"12:3-12:14\">Bater\u00eda<\/strong>:\u00a0<strong data-sourcepos=\"12:16-12:39\">950mAh recargable<\/strong><\/p>\n<p><strong data-sourcepos=\"13:3-13:14\">Mostrar<\/strong>:\u00a0<strong data-sourcepos=\"13:16-13:61\">Pantalla digital LED (bater\u00eda y recuento de bocanadas)<\/strong><\/p>\n<p><strong data-sourcepos=\"14:3-14:14\">flujo de aire<\/strong>:\u00a0<strong data-sourcepos=\"14:16-14:46\">Totalmente ajustable (MTL\/RDL)<\/strong><\/p>\n<p><strong data-sourcepos=\"15:3-15:15\">Nicotina<\/strong>:\u00a0<strong data-sourcepos=\"15:17-15:44\">2% (50 mg de sal y nicotina)<\/strong><\/p>\n<p><strong data-sourcepos=\"16:3-16:14\">Sabores<\/strong>:\u00a0<strong data-sourcepos=\"16:16-16:38\">28 opciones populares<\/strong><\/p>\n<p>&nbsp;<\/p>\n<h3><span style=\"font-size: 90%;\">JNR FALCON X 18k inhalaciones Vape desechable <strong>Lista de sabores<\/strong><\/span><\/h3>\n<p>1. Hielo azul Razz<\/p>\n<p>2.Ar\u00e1ndano y frambuesa<\/p>\n<p>3. Menta fresca<\/p>\n<p>4.Hielo de sand\u00eda y kiwi<\/p>\n<p>5.Hielo de uva<\/p>\n<p>6.kiwi fresa<\/p>\n<p>7.Hielo de sand\u00eda y fresa<\/p>\n<p>8.Hielo de sand\u00eda<\/p>\n<p>9.Hielo de fresa<\/p>\n<p>10.Bayas mixtas<\/p>\n<p>11.Chicle de sand\u00eda<\/p>\n<p>12.Hielo de manzana agria<\/p>\n<p>13.Hielo de melocot\u00f3n<\/p>\n<p>14.Explosi\u00f3n de bayas<\/p>\n<p>15.Ar\u00e1ndano, Frambuesa, Cereza<\/p>\n<p>16.Cereza y baya<\/p>\n<p>17.Pl\u00e1tano y fresa<\/p>\n<p>18. Kiwi de ar\u00e1ndanos<\/p>\n<p>19. Kiwi de maracuy\u00e1<\/p>\n<p>20. Razz de melocot\u00f3n blanco<\/p>\n<p>21.Cereza azul Razz<\/p>\n<p>22.Congelaci\u00f3n de sand\u00eda y cereza<\/p>\n<p>23.Cola de cereza<\/p>\n<p>24.Hielo de pl\u00e1tano<\/p>\n<p>25.Bolos<\/p>\n<p>26.Mel\u00f3n triple<\/p>\n<p>27.Mr.Azul<\/p>\n<p>28. Hielo de cereza<\/p>\n<p>29. Lichi de sand\u00eda<img loading=\"lazy\" decoding=\"async\" class=\"alignnone wp-image-2609 size-full\" src=\"https:\/\/pgvape.com\/wp-content\/uploads\/2025\/10\/pgvape-JNR-FALCON-X-18k-Puffs-Disposable-Vape-2-Nicotine-29Tastes-LED-Display-Vape-Factory-Direct-1.png\" alt=\"\" width=\"1400\" height=\"1200\" srcset=\"https:\/\/pgvape.com\/wp-content\/uploads\/2025\/10\/pgvape-JNR-FALCON-X-18k-Puffs-Disposable-Vape-2-Nicotine-29Tastes-LED-Display-Vape-Factory-Direct-1.png 1400w, https:\/\/pgvape.com\/wp-content\/uploads\/2025\/10\/pgvape-JNR-FALCON-X-18k-Puffs-Disposable-Vape-2-Nicotine-29Tastes-LED-Display-Vape-Factory-Direct-1-420x360.png 420w, https:\/\/pgvape.com\/wp-content\/uploads\/2025\/10\/pgvape-JNR-FALCON-X-18k-Puffs-Disposable-Vape-2-Nicotine-29Tastes-LED-Display-Vape-Factory-Direct-1-595x510.png 595w, https:\/\/pgvape.com\/wp-content\/uploads\/2025\/10\/pgvape-JNR-FALCON-X-18k-Puffs-Disposable-Vape-2-Nicotine-29Tastes-LED-Display-Vape-Factory-Direct-1-400x343.png 400w, https:\/\/pgvape.com\/wp-content\/uploads\/2025\/10\/pgvape-JNR-FALCON-X-18k-Puffs-Disposable-Vape-2-Nicotine-29Tastes-LED-Display-Vape-Factory-Direct-1-768x658.png 768w, https:\/\/pgvape.com\/wp-content\/uploads\/2025\/10\/pgvape-JNR-FALCON-X-18k-Puffs-Disposable-Vape-2-Nicotine-29Tastes-LED-Display-Vape-Factory-Direct-1-14x12.png 14w, https:\/\/pgvape.com\/wp-content\/uploads\/2025\/10\/pgvape-JNR-FALCON-X-18k-Puffs-Disposable-Vape-2-Nicotine-29Tastes-LED-Display-Vape-Factory-Direct-1-600x514.png 600w, https:\/\/pgvape.com\/wp-content\/uploads\/2025\/10\/pgvape-JNR-FALCON-X-18k-Puffs-Disposable-Vape-2-Nicotine-29Tastes-LED-Display-Vape-Factory-Direct-1-47x40.png 47w\" sizes=\"auto, (max-width: 1400px) 100vw, 1400px\" \/><\/p>\n<p>&nbsp;<\/p>\n<h2 class=\"header-vfC6AV auto-hide-last-sibling-br\">Preguntas frecuentes sobre el vaporizador desechable JNR FALCON X 18k Puffs<\/h2>\n<p data-sourcepos=\"54:1-55:93\">\u2753 <strong data-sourcepos=\"54:3-54:45\">\u00bfQu\u00e9 hace que la pantalla LED sea \u00fanica?<\/strong><br \/>\n\u2705 <strong data-sourcepos=\"55:3-55:27\">Monitoreo en tiempo real<\/strong> de <strong data-sourcepos=\"55:31-55:47\">duraci\u00f3n de la bater\u00eda<\/strong> y <strong data-sourcepos=\"55:52-55:66\">recuento de bocanadas<\/strong> para <strong data-sourcepos=\"55:71-55:90\">vapeo informado<\/strong>.<\/p>\n<p data-sourcepos=\"57:1-58:94\">\u2753 <strong data-sourcepos=\"57:3-57:55\">\u00bfC\u00f3mo mejora el rendimiento el n\u00facleo de malla dual?<\/strong><br \/>\n\u2705 <strong data-sourcepos=\"58:3-58:19\">Calefacci\u00f3n dual<\/strong> proporciona <strong data-sourcepos=\"58:29-58:48\">50% m\u00e1s sabor<\/strong> y <strong data-sourcepos=\"58:53-58:71\">nubes m\u00e1s espesas<\/strong> que las bobinas est\u00e1ndar.<\/p>\n<p data-sourcepos=\"60:1-61:97\">\u2753 <strong data-sourcepos=\"60:3-60:36\">\u00bfPuedo ajustar el flujo de aire?<\/strong><br \/>\n\u2705 <strong data-sourcepos=\"61:3-61:11\">\u00a1S\u00ed!<\/strong> Apretar para <strong data-sourcepos=\"61:24-61:54\">caladas apretadas como de cigarrillos<\/strong> o aflojar para <strong data-sourcepos=\"61:69-61:94\">golpes a\u00e9reos directos al pulm\u00f3n<\/strong>.<\/p>\n<p data-sourcepos=\"63:1-64:85\">\u2753 <strong data-sourcepos=\"63:3-63:46\">\u00bfEs realista el recuento de 18.000 caladas?<\/strong><br \/>\n\u2705 <strong data-sourcepos=\"64:3-64:30\">Capacidad optimizada de 24 ml<\/strong> + <strong data-sourcepos=\"64:33-64:57\">bobina de alta eficiencia<\/strong> asegura <strong data-sourcepos=\"64:66-64:82\">semanas de uso<\/strong>.<\/p>\n<p data-sourcepos=\"66:1-69:38\">\u2753 <strong data-sourcepos=\"66:3-66:44\">\u00bfQu\u00e9 sabores son los favoritos de los clientes?<br \/>\n<\/strong> \u2714 <strong data-sourcepos=\"67:3-67:20\">Hielo Razz Azul<\/strong> (picante + helado) \u2714 <strong data-sourcepos=\"68:3-68:32\">Hielo De Fresa Y Sand\u00eda<\/strong> (jugoso y refrescante) \u2714 <strong data-sourcepos=\"69:3-69:19\">Mel\u00f3n Triple<\/strong> (mezcla tropical)<\/p>\n<p>&nbsp;<\/p>\n<h3 id=\"brxe-najhln\" class=\"brxe-heading\">Preguntas frecuentes (FAQ)<\/h3>\n<div id=\"brxe-rajiac\" class=\"brxe-text\">\n<p><strong>P: \u00bfQu\u00e9 m\u00e9todos de pago aceptan?<\/strong><br \/>\nR: Aceptamos PayPal, Stripe, transferencias bancarias (compatibles con SEPA), las principales tarjetas de cr\u00e9dito (Visa, MasterCard, American Express) y pagos con criptomonedas.<\/p>\n<p><strong>P: \u00bfCu\u00e1nto tiempo lleva la preparaci\u00f3n del pedido?<\/strong><br \/>\nR: La preparaci\u00f3n del pedido demora entre 1 y 3 d\u00edas h\u00e1biles.<\/p>\n<p><strong>P: \u00bfCu\u00e1l es el tiempo de env\u00edo?<\/strong><br \/>\nR: El tiempo de env\u00edo es de 7 a 14 d\u00edas h\u00e1biles, seg\u00fan su ubicaci\u00f3n.<\/p>\n<p><strong>P: \u00bfC\u00f3mo puedo realizar un seguimiento de mi pedido?<\/strong><br \/>\nR: Despu\u00e9s del env\u00edo, recibir\u00e1 un correo electr\u00f3nico de confirmaci\u00f3n con un n\u00famero de seguimiento para realizar un seguimiento en tiempo real.<\/p>\n<p><strong>P: \u00bfCu\u00e1l es su pol\u00edtica de devoluci\u00f3n?<\/strong><br \/>\nR: Ofrecemos una pol\u00edtica de devoluci\u00f3n de 30 d\u00edas para reembolsos o cambios. .<\/p>\n<p><strong>P: \u00bfHabr\u00e1 alg\u00fan problema aduanero?<br \/>\n<\/strong>Nos encargamos de todos los procedimientos de despacho de aduanas para garantizarle una experiencia sin complicaciones. .<\/p>\n<p><strong>P: \u00bfQu\u00e9 m\u00e9todos de env\u00edo se utilizan?<\/strong><br \/>\nCooperamos con UPS\/DHL\/FEDEX\/DPD, etc. Elegiremos la opci\u00f3n de env\u00edo adecuada seg\u00fan el pa\u00eds de entrega para asegurarnos de que reciba sus productos lo m\u00e1s r\u00e1pido posible.<\/p>\n<p><a href=\"https:\/\/pgvape.com\/es\/preguntas-frecuentes\/\">Haga clic aqu\u00ed para m\u00e1s preguntas frecuentes<\/a><\/p>\n<p>Estimados clientes: Si tienen alguna pregunta sobre su pedido o la llegada de la mercanc\u00eda, comun\u00edquese con nuestro servicio de atenci\u00f3n al cliente. \u00a1Gracias!<\/p>\n<h3 data-sourcepos=\"73:1-73:21\"><strong data-sourcepos=\"73:7-73:21\">Cont\u00e1ctenos<\/strong><\/h3>\n<div id=\"text-2419739398\" class=\"text\">\n<p><strong data-sourcepos=\"75:3-75:12\">Correo electr\u00f3nico<\/strong>:\u00a0<a href=\"mailto:support@pgvape.com\"><strong>support@pgvape.com<\/strong><\/a><\/p>\n<p><strong data-sourcepos=\"76:3-76:15\">WhatsApp<\/strong>: <a href=\"https:\/\/wa.me\/18128481258\"><strong>+86 18128481258<\/strong><\/a><br \/>\n<strong>(Respuesta dentro de las 24 horas en d\u00edas h\u00e1biles)<\/strong><\/p>\n<\/div>\n<h3><strong>\u00a1Gracias por elegir pgvape.com! .<\/strong><\/h3>\n<\/div>","protected":false},"excerpt":{"rendered":"<p><strong data-sourcepos=\"72:1-72:231\">\u201cJNR Falcon X 18000: el desechable de pr\u00f3xima generaci\u00f3n con pantalla LED, bobinas de malla de doble n\u00facleo y 28 sabores. Cuenta con flujo de aire ajustable, bater\u00eda de 950 mAh y capacidad de 24 ml para la mejor experiencia de vapeo\u201d.\u201d<\/strong><\/p>","protected":false},"featured_media":2581,"comment_status":"open","ping_status":"closed","template":"","meta":{"_seopress_robots_primary_cat":"none","_seopress_titles_title":"%%post_title%% %%sep%% %%sitetitle%%","_seopress_titles_desc":"","_seopress_robots_index":""},"product_brand":[516,228],"product_cat":[236,515,29],"product_tag":[238,239,240,90,237,79],"class_list":{"0":"post-2578","1":"product","2":"type-product","3":"status-publish","4":"has-post-thumbnail","6":"product_brand-disposable-vape","7":"product_brand-jnr-vape","8":"product_cat-18k-puffs-vape","9":"product_cat-disposable-vape","10":"product_cat-jnr-vape","11":"product_tag-18k-puffs","12":"product_tag-18k-vape","13":"product_tag-29tastes","14":"product_tag-disposable-vape","15":"product_tag-jnr-falcon-x","16":"product_tag-led-display","18":"first","19":"instock","20":"sale","21":"shipping-taxable","22":"purchasable","23":"product-type-variable"},"_links":{"self":[{"href":"https:\/\/pgvape.com\/es\/wp-json\/wp\/v2\/product\/2578","targetHints":{"allow":["GET"]}}],"collection":[{"href":"https:\/\/pgvape.com\/es\/wp-json\/wp\/v2\/product"}],"about":[{"href":"https:\/\/pgvape.com\/es\/wp-json\/wp\/v2\/types\/product"}],"replies":[{"embeddable":true,"href":"https:\/\/pgvape.com\/es\/wp-json\/wp\/v2\/comments?post=2578"}],"wp:featuredmedia":[{"embeddable":true,"href":"https:\/\/pgvape.com\/es\/wp-json\/wp\/v2\/media\/2581"}],"wp:attachment":[{"href":"https:\/\/pgvape.com\/es\/wp-json\/wp\/v2\/media?parent=2578"}],"wp:term":[{"taxonomy":"product_brand","embeddable":true,"href":"https:\/\/pgvape.com\/es\/wp-json\/wp\/v2\/product_brand?post=2578"},{"taxonomy":"product_cat","embeddable":true,"href":"https:\/\/pgvape.com\/es\/wp-json\/wp\/v2\/product_cat?post=2578"},{"taxonomy":"product_tag","embeddable":true,"href":"https:\/\/pgvape.com\/es\/wp-json\/wp\/v2\/product_tag?post=2578"}],"curies":[{"name":"wp","href":"https:\/\/api.w.org\/{rel}","templated":true}]}}