{"id":2397,"date":"2025-10-08T12:11:43","date_gmt":"2025-10-08T12:11:43","guid":{"rendered":"https:\/\/pgvape.com\/?post_type=product&#038;p=2397"},"modified":"2025-12-29T11:22:02","modified_gmt":"2025-12-29T11:22:02","slug":"el-triple-60000-60k-del-vopk-sopla-3-en-1-fabrica-llevada-elegante-del-vape-de-la-exhibicion-del-vape-disponible-de-los-sabores-directa","status":"publish","type":"product","link":"https:\/\/pgvape.com\/es\/producto\/el-triple-60000-60k-del-vopk-sopla-3-en-1-fabrica-llevada-elegante-del-vape-de-la-exhibicion-del-vape-disponible-de-los-sabores-directa\/","title":{"rendered":"El triple 60000 de Vopk 60K sopla 3 en 1 f\u00e1brica elegante disponible de Vape de la pantalla LED de Vape de los sabores directa"},"content":{"rendered":"<div class=\"auto-hide-last-sibling-br paragraph-JOTKXA paragraph-element br-paragraph-space\">\n<p><strong data-sourcepos=\"4:5-4:43\">Vape disponible triple de 60000 soplos<\/strong> Redefine el vapeo duradero con <strong data-sourcepos=\"4:79-4:109\">60.000 caladas ultrapremium<\/strong> Y <strong data-sourcepos=\"4:114-4:140\">Capacidad de l\u00edquido electr\u00f3nico de 54 ml<\/strong>. <strong data-sourcepos=\"4:152-4:178\">Bobinas triples de malla de 0,9 \u03a9<\/strong> Para <strong data-sourcepos=\"4:183-4:201\">Sabor intenso<\/strong> Y <strong data-sourcepos=\"4:206-4:221\">Vapor denso<\/strong>, este innovador dispositivo ofrece <strong data-sourcepos=\"4:253-4:279\">Rotaci\u00f3n de sabores 3 en 1<\/strong> Para variedad continua. <strong data-sourcepos=\"4:308-4:339\">Bater\u00eda recargable de 650 mAh.<\/strong> Con <strong data-sourcepos=\"4:345-4:369\">Carga r\u00e1pida tipo C<\/strong> Y <strong data-sourcepos=\"4:374-4:395\">Pantalla LED inteligente<\/strong> Garantiza un vapeo c\u00f3modo e informado. <strong data-sourcepos=\"4:446-4:467\">Nicotina 2% o 5%<\/strong> Y <strong data-sourcepos=\"4:472-4:498\">10 combinaciones de sabores<\/strong>, es la mejor opci\u00f3n para los vapeadores que exigen <strong data-sourcepos=\"4:547-4:562\">Actuaci\u00f3n<\/strong> Y <strong data-sourcepos=\"4:567-4:582\">Versatilidad<\/strong>.<\/p>\n<\/div>\n<p>&nbsp;<\/p>\n<h2><span style=\"font-size: 90%;\">Vopk Triple 60K Puffs 3 en 1 sabores Especificaci\u00f3n desechable de Vape<\/span><\/h2>\n<p><strong data-sourcepos=\"9:3-9:17\">Conteo de bocanadas<\/strong>:\u00a0<strong data-sourcepos=\"9:19-9:35\">60.000 bocanadas<\/strong><\/p>\n<p><strong data-sourcepos=\"10:3-10:24\">Capacidad de l\u00edquido electr\u00f3nico<\/strong>:\u00a0<strong data-sourcepos=\"10:26-10:52\">54 ml (sistema de 3 sabores)<\/strong><\/p>\n<p><strong data-sourcepos=\"11:3-11:11\">Bobina<\/strong>:\u00a0<strong data-sourcepos=\"11:13-11:39\">Bobinas triples de malla de 0,9 \u03a9<\/strong><\/p>\n<p><strong data-sourcepos=\"12:3-12:14\">Bater\u00eda<\/strong>:\u00a0<strong data-sourcepos=\"12:16-12:39\">650mAh recargable<\/strong><\/p>\n<p><strong data-sourcepos=\"13:3-13:15\">Cargando<\/strong>:\u00a0<strong data-sourcepos=\"13:17-13:41\">Carga r\u00e1pida tipo C<\/strong><\/p>\n<p><strong data-sourcepos=\"14:3-14:14\">Mostrar<\/strong>:\u00a0<strong data-sourcepos=\"14:16-14:51\">Pantalla LED (bater\u00eda y E-l\u00edquido)<\/strong><\/p>\n<p><strong data-sourcepos=\"15:3-15:15\">Nicotina<\/strong>:\u00a0<strong data-sourcepos=\"15:17-15:28\">2% \/ 5%<\/strong><\/p>\n<p><strong data-sourcepos=\"16:3-16:20\">Sistema de sabor<\/strong>:\u00a0<strong data-sourcepos=\"16:22-16:41\">Rotaci\u00f3n 3 en 1<\/strong><\/p>\n<p><strong data-sourcepos=\"17:3-17:21\">Opciones de sabor<\/strong>:\u00a0<strong data-sourcepos=\"17:23-17:50\">10 combinaciones premium<\/strong><\/p>\n<p>&nbsp;<\/p>\n<h3><span style=\"font-size: 90%;\">Vopk Triple 60K Puffs 3 en 1 sabores Lista de sabores desechables de Vape<\/span><\/h3>\n<p><strong>1.Helado de sand\u00eda y helado triple de mel\u00f3n y helado de fresa<\/strong><\/p>\n<p><strong>2.Fresa, Pl\u00e1tano, Frambuesa, Sand\u00eda y Pi\u00f1a, Coco<\/strong><\/p>\n<p><strong>3. Melocot\u00f3n, baya, blue razz, hielo y sand\u00eda, melocot\u00f3n y mango<\/strong><\/p>\n<p><strong>4. Helado de mango agrio, pi\u00f1a, fresa Red Bull y grosella negra<\/strong><\/p>\n<p><strong>5.Kiwi Maracuy\u00e1 y Fresa Cereza y Amor 66<\/strong><\/p>\n<p><strong>6.Doble chicle de manzana con hielo, frutas tropicales y fresa, sand\u00eda y sand\u00eda<\/strong><\/p>\n<p><strong>7. Hielo de uva, fresa, kiwi y sand\u00eda Red Bull<\/strong><\/p>\n<p><strong>8.Fresa, Sand\u00eda y Ar\u00e1ndano, Frambuesa y Lima Lim\u00f3n<\/strong><\/p>\n<p><strong>9.Pl\u00e1tano, Pi\u00f1a, Red Bull Ice y Fresa, Mango<\/strong><\/p>\n<p><strong>10.Osito de goma, cola de fresa, vainilla y algod\u00f3n de az\u00facar de ar\u00e1ndanos<\/strong><\/p>\n<p><img loading=\"lazy\" decoding=\"async\" class=\"alignnone wp-image-2404 size-full\" src=\"https:\/\/pgvape.com\/wp-content\/uploads\/2025\/10\/pgvape-vopk-triple-60000-60k-puffs-disposable-vape-3-in-1-flavors-2-5-nicotine-10tastes-smart-led-display-factory-direct-4.png\" alt=\"Conjunto de coloridos dispositivos de vapeo desechables VOPK TRIPLE que presentan mascotas animales ilustradas, muestras de sabor y etiquetas, un destacado mensaje de \u201c60000 inhalaciones\u201d y un mensaje de sabor ajustable \u201c3 en 1\u201d sobre un fondo de bronce fluido.\" width=\"1920\" height=\"1198\" srcset=\"https:\/\/pgvape.com\/wp-content\/uploads\/2025\/10\/pgvape-vopk-triple-60000-60k-puffs-disposable-vape-3-in-1-flavors-2-5-nicotine-10tastes-smart-led-display-factory-direct-4.png 1920w, https:\/\/pgvape.com\/wp-content\/uploads\/2025\/10\/pgvape-vopk-triple-60000-60k-puffs-disposable-vape-3-in-1-flavors-2-5-nicotine-10tastes-smart-led-display-factory-direct-4-555x346.png 555w, https:\/\/pgvape.com\/wp-content\/uploads\/2025\/10\/pgvape-vopk-triple-60000-60k-puffs-disposable-vape-3-in-1-flavors-2-5-nicotine-10tastes-smart-led-display-factory-direct-4-595x371.png 595w, https:\/\/pgvape.com\/wp-content\/uploads\/2025\/10\/pgvape-vopk-triple-60000-60k-puffs-disposable-vape-3-in-1-flavors-2-5-nicotine-10tastes-smart-led-display-factory-direct-4-400x250.png 400w, https:\/\/pgvape.com\/wp-content\/uploads\/2025\/10\/pgvape-vopk-triple-60000-60k-puffs-disposable-vape-3-in-1-flavors-2-5-nicotine-10tastes-smart-led-display-factory-direct-4-768x479.png 768w, https:\/\/pgvape.com\/wp-content\/uploads\/2025\/10\/pgvape-vopk-triple-60000-60k-puffs-disposable-vape-3-in-1-flavors-2-5-nicotine-10tastes-smart-led-display-factory-direct-4-1536x958.png 1536w, https:\/\/pgvape.com\/wp-content\/uploads\/2025\/10\/pgvape-vopk-triple-60000-60k-puffs-disposable-vape-3-in-1-flavors-2-5-nicotine-10tastes-smart-led-display-factory-direct-4-18x12.png 18w, https:\/\/pgvape.com\/wp-content\/uploads\/2025\/10\/pgvape-vopk-triple-60000-60k-puffs-disposable-vape-3-in-1-flavors-2-5-nicotine-10tastes-smart-led-display-factory-direct-4-600x374.png 600w, https:\/\/pgvape.com\/wp-content\/uploads\/2025\/10\/pgvape-vopk-triple-60000-60k-puffs-disposable-vape-3-in-1-flavors-2-5-nicotine-10tastes-smart-led-display-factory-direct-4-60x37.png 60w\" sizes=\"auto, (max-width: 1920px) 100vw, 1920px\" \/><\/p>\n<p>&nbsp;<\/p>\n<h3><span style=\"font-size: 90%;\">V\u00eddeo de Vape desechable Vopk Triple 60K Puffs 3 en 1 sabores:<\/span><\/h3>\n<p><iframe loading=\"lazy\" title=\"Vopk Triple 60K sopla 3 en 1 sabores desechables Vape pantalla LED inteligente | Vape f\u00e1brica pgvape directo\" width=\"563\" height=\"1000\" src=\"https:\/\/www.youtube.com\/embed\/6KTqiw1ZjoY?feature=oembed\" frameborder=\"0\" allow=\"accelerometer; autoplay; clipboard-write; encrypted-media; gyroscope; picture-in-picture; web-share\" referrerpolicy=\"strict-origin-when-cross-origin\" allowfullscreen><\/iframe><\/p>\n<p>&nbsp;<\/p>\n<h2 class=\"header-vfC6AV auto-hide-last-sibling-br\">Preguntas frecuentes sobre Vopk Triple 60K Puffs 3 en 1 sabores Vape desechable<\/h2>\n<p data-sourcepos=\"36:1-37:75\">\u2753 <strong data-sourcepos=\"36:3-36:54\">\u00bfQu\u00e9 hace que el sistema de sabores 3 en 1 sea \u00fanico?<\/strong><br \/>\n\u2705 <strong data-sourcepos=\"37:3-37:35\">Rotar entre tres sabores<\/strong> En un solo dispositivo para <strong data-sourcepos=\"37:54-37:73\">Variedad infinita<\/strong><\/p>\n<p data-sourcepos=\"39:1-40:87\">\u2753 <strong data-sourcepos=\"39:3-39:56\">\u00bfC\u00f3mo mejora la bobina de triple malla el vapeo?<\/strong><br \/>\n\u2705 <strong data-sourcepos=\"40:3-40:42\">Tres bobinas brindan m\u00e1s sabor al 50%<\/strong> Y <strong data-sourcepos=\"40:47-40:65\">Nubes m\u00e1s espesas<\/strong> Que los vaporizadores est\u00e1ndar<\/p>\n<p data-sourcepos=\"42:1-43:88\">\u2753 <strong data-sourcepos=\"42:3-42:46\">\u00bfEs realista el recuento de 60.000 caladas?<\/strong><br \/>\n\u2705 <strong data-sourcepos=\"43:3-43:30\">Capacidad optimizada de 54 ml<\/strong> Y <strong data-sourcepos=\"43:35-43:60\">Sistema de bobina eficiente<\/strong> Asegurar <strong data-sourcepos=\"43:68-43:86\">Uso extendido<\/strong><\/p>\n<p data-sourcepos=\"45:1-46:57\">\u2753 <strong data-sourcepos=\"45:3-45:50\">\u00bfPuedo controlar la bater\u00eda y el E-Liquid?<\/strong><br \/>\n\u2705 <strong data-sourcepos=\"46:3-46:18\">Pantalla LED<\/strong> Espect\u00e1culos <strong data-sourcepos=\"46:25-46:46\">Actualizaciones en tiempo real<\/strong> Para ambos<\/p>\n<p data-sourcepos=\"48:1-49:65\">\u2753 <strong data-sourcepos=\"48:3-48:43\">\u00bfQu\u00e9 opciones de nicotina est\u00e1n disponibles?<br \/>\n<\/strong> \u2705 <strong data-sourcepos=\"49:3-49:27\">2% para un vapeo suave<\/strong> O <strong data-sourcepos=\"49:31-49:63\">5% para una mayor satisfacci\u00f3n<\/strong><\/p>\n<p>&nbsp;<\/p>\n<h3 id=\"brxe-najhln\" class=\"brxe-heading\">Preguntas frecuentes (FAQ)<\/h3>\n<div id=\"brxe-rajiac\" class=\"brxe-text\">\n<p><strong>P: \u00bfQu\u00e9 m\u00e9todos de pago aceptan?<\/strong><br \/>\nR: Aceptamos PayPal, Stripe, transferencias bancarias (compatibles con SEPA), las principales tarjetas de cr\u00e9dito (Visa, MasterCard, American Express) y pagos con criptomonedas.<\/p>\n<p><strong>P: \u00bfCu\u00e1nto tiempo lleva la preparaci\u00f3n del pedido?<\/strong><br \/>\nR: La preparaci\u00f3n del pedido demora entre 1 y 3 d\u00edas h\u00e1biles.<\/p>\n<p><strong>P: \u00bfCu\u00e1l es el tiempo de env\u00edo?<\/strong><br \/>\nR: El tiempo de env\u00edo es de 7 a 14 d\u00edas h\u00e1biles, seg\u00fan su ubicaci\u00f3n.<\/p>\n<p><strong>P: \u00bfC\u00f3mo puedo realizar un seguimiento de mi pedido?<\/strong><br \/>\nR: Despu\u00e9s del env\u00edo, recibir\u00e1 un correo electr\u00f3nico de confirmaci\u00f3n con un n\u00famero de seguimiento para realizar un seguimiento en tiempo real.<\/p>\n<p><strong>P: \u00bfCu\u00e1l es su pol\u00edtica de devoluci\u00f3n?<\/strong><br \/>\nR: Ofrecemos una pol\u00edtica de devoluci\u00f3n de 30 d\u00edas para reembolsos o cambios. .<\/p>\n<p><strong>P: \u00bfHabr\u00e1 alg\u00fan problema aduanero?<br \/>\n<\/strong>Nos encargamos de todos los procedimientos de despacho de aduanas para garantizarle una experiencia sin complicaciones. .<\/p>\n<p><strong>P: \u00bfQu\u00e9 m\u00e9todos de env\u00edo se utilizan?<\/strong><br \/>\nCooperamos con UPS\/DHL\/FEDEX\/DPD, etc. Elegiremos la opci\u00f3n de env\u00edo adecuada seg\u00fan el pa\u00eds de entrega para asegurarnos de que reciba sus productos lo m\u00e1s r\u00e1pido posible.<\/p>\n<p><a href=\"https:\/\/pgvape.com\/es\/preguntas-frecuentes\/\">Haga clic aqu\u00ed para m\u00e1s preguntas frecuentes<\/a><\/p>\n<p>Estimados clientes: Si tienen alguna pregunta sobre su pedido o la llegada de la mercanc\u00eda, comun\u00edquese con nuestro servicio de atenci\u00f3n al cliente. \u00a1Gracias!<\/p>\n<h3 data-sourcepos=\"73:1-73:21\"><strong data-sourcepos=\"73:7-73:21\">Cont\u00e1ctenos<\/strong><\/h3>\n<div id=\"text-2419739398\" class=\"text\">\n<p><strong data-sourcepos=\"75:3-75:12\">Correo electr\u00f3nico<\/strong>:\u00a0<a href=\"mailto:support@pgvape.com\"><strong>support@pgvape.com<\/strong><\/a><\/p>\n<p><strong data-sourcepos=\"76:3-76:15\">WhatsApp<\/strong>: <a href=\"https:\/\/wa.me\/+8618128481258\"><strong>+86 18128481258<\/strong><\/a><br \/>\n<strong>(Respuesta dentro de las 24 horas en d\u00edas h\u00e1biles)<\/strong><\/p>\n<\/div>\n<h3><strong>\u00a1Gracias por elegir pgvape.com! .<\/strong><\/h3>\n<\/div>","protected":false},"excerpt":{"rendered":"<p><strong data-sourcepos=\"54:1-54:226\">\u201cTriple 60000 Puffs: el vaporizador 3 en 1 definitivo con 60.000 inhalaciones, 54 ml de capacidad y bobinas de malla triple. Cuenta con rotaci\u00f3n de sabores, pantalla inteligente y 10 tr\u00edos de sabores para una variedad de vapeo sin parar\u201d.\u201d<\/strong><\/p>","protected":false},"featured_media":2403,"comment_status":"open","ping_status":"closed","template":"","meta":{"_seopress_robots_primary_cat":"none","_seopress_titles_title":"%%post_title%% %%sep%% %%sitetitle%%","_seopress_titles_desc":"","_seopress_robots_index":""},"product_brand":[516,218],"product_cat":[48,515,31],"product_tag":[24,51,52,90,143,221],"class_list":{"0":"post-2397","1":"product","2":"type-product","3":"status-publish","4":"has-post-thumbnail","6":"product_brand-disposable-vape","7":"product_brand-vopk-vape","8":"product_cat-60k-puffs-vape","9":"product_cat-disposable-vape","10":"product_cat-vopk-vape","11":"product_tag-3-in-1-flavors","12":"product_tag-60k-puffs","13":"product_tag-60k-vape","14":"product_tag-disposable-vape","15":"product_tag-smart-led-display","16":"product_tag-vopk-triple","18":"first","19":"instock","20":"sale","21":"shipping-taxable","22":"purchasable","23":"product-type-variable"},"_links":{"self":[{"href":"https:\/\/pgvape.com\/es\/wp-json\/wp\/v2\/product\/2397","targetHints":{"allow":["GET"]}}],"collection":[{"href":"https:\/\/pgvape.com\/es\/wp-json\/wp\/v2\/product"}],"about":[{"href":"https:\/\/pgvape.com\/es\/wp-json\/wp\/v2\/types\/product"}],"replies":[{"embeddable":true,"href":"https:\/\/pgvape.com\/es\/wp-json\/wp\/v2\/comments?post=2397"}],"wp:featuredmedia":[{"embeddable":true,"href":"https:\/\/pgvape.com\/es\/wp-json\/wp\/v2\/media\/2403"}],"wp:attachment":[{"href":"https:\/\/pgvape.com\/es\/wp-json\/wp\/v2\/media?parent=2397"}],"wp:term":[{"taxonomy":"product_brand","embeddable":true,"href":"https:\/\/pgvape.com\/es\/wp-json\/wp\/v2\/product_brand?post=2397"},{"taxonomy":"product_cat","embeddable":true,"href":"https:\/\/pgvape.com\/es\/wp-json\/wp\/v2\/product_cat?post=2397"},{"taxonomy":"product_tag","embeddable":true,"href":"https:\/\/pgvape.com\/es\/wp-json\/wp\/v2\/product_tag?post=2397"}],"curies":[{"name":"wp","href":"https:\/\/api.w.org\/{rel}","templated":true}]}}