{"id":2365,"date":"2025-10-08T10:58:01","date_gmt":"2025-10-08T10:58:01","guid":{"rendered":"https:\/\/pgvape.com\/?post_type=product&#038;p=2365"},"modified":"2026-01-27T10:09:32","modified_gmt":"2026-01-27T10:09:32","slug":"vopk-cuatro-sabores-80000-80k-soplos-4-en-1-sabores-vape-desechable-con-pantalla-led-vape-directo-de-fabrica","status":"publish","type":"product","link":"https:\/\/pgvape.com\/es\/producto\/vopk-cuatro-sabores-80000-80k-soplos-4-en-1-sabores-vape-desechable-con-pantalla-led-vape-directo-de-fabrica\/","title":{"rendered":"Vopk cuatro sabores 80000 80K soplos 4 en 1 sabores Vape desechable con pantalla LED Vape directo de f\u00e1brica"},"content":{"rendered":"<p><strong data-sourcepos=\"4:5-4:54\">Vopk cuatro sabores 80000 inhalaciones Vape desechable<\/strong> revoluciona el vapeo con <strong data-sourcepos=\"4:82-4:123\">Capacidad de 80.000 caladas l\u00edder en la industria.<\/strong> y <strong data-sourcepos=\"4:128-4:157\">Sabores ajustables 4 en 1<\/strong> en un solo dispositivo. <strong data-sourcepos=\"4:191-4:209\">Bobina de malla de 0,9\u03a9<\/strong> para <strong data-sourcepos=\"4:214-4:230\">vapor suave<\/strong> y <strong data-sourcepos=\"4:235-4:250\">rico sabor<\/strong>, cuenta con un <strong data-sourcepos=\"4:266-4:297\">Bater\u00eda recargable de 650 mAh.<\/strong> con <strong data-sourcepos=\"4:303-4:327\">Carga r\u00e1pida tipo C<\/strong> y <strong data-sourcepos=\"4:332-4:355\">pantalla LED digital<\/strong>. <strong data-sourcepos=\"4:370-4:401\">Concentraciones de nicotina 2% o 5%<\/strong> y <strong data-sourcepos=\"4:406-4:440\">10 combinaciones de sabores premium<\/strong>, este vaporizador de alta capacidad ofrece <strong data-sourcepos=\"4:475-4:496\">variedad inigualable<\/strong> y <strong data-sourcepos=\"4:501-4:525\">rendimiento extendido<\/strong> para usuarios exigentes.<\/p>\n<p>&nbsp;<\/p>\n<h2><span style=\"font-size: 90%;\">Vopk Four Flavors 80K Puffs 4 en 1 especificaci\u00f3n de Vape desechable de sabores<\/span><\/h2>\n<p><strong data-sourcepos=\"9:3-9:17\">Conteo de bocanadas<\/strong>:\u00a0<strong data-sourcepos=\"9:19-9:35\">80.000 bocanadas<\/strong><\/p>\n<p><strong data-sourcepos=\"10:3-10:20\">Sistema de sabor<\/strong>:\u00a0<strong data-sourcepos=\"10:22-10:46\">4 sabores ajustables<\/strong><\/p>\n<p><strong data-sourcepos=\"11:3-11:11\">Bobina<\/strong>:\u00a0<strong data-sourcepos=\"11:13-11:31\">Bobina de malla de 0,9 \u03a9<\/strong><\/p>\n<p><strong data-sourcepos=\"12:3-12:14\">Bater\u00eda<\/strong>:\u00a0<strong data-sourcepos=\"12:16-12:39\">650mAh recargable<\/strong><\/p>\n<p><strong data-sourcepos=\"13:3-13:15\">Cargando<\/strong>:\u00a0<strong data-sourcepos=\"13:17-13:41\">Carga r\u00e1pida tipo C<\/strong><\/p>\n<p><strong data-sourcepos=\"14:3-14:14\">Mostrar<\/strong>:\u00a0<strong data-sourcepos=\"14:16-14:38\">Pantalla LED Digital<\/strong><\/p>\n<p><strong data-sourcepos=\"15:3-15:15\">Nicotina<\/strong>:\u00a0<strong data-sourcepos=\"15:17-15:28\">2% \/ 5%<\/strong><\/p>\n<p><strong data-sourcepos=\"16:3-16:16\">Embalaje<\/strong>:\u00a0<strong data-sourcepos=\"16:18-16:36\">10 dispositivos\/caja<\/strong><\/p>\n<p><strong data-sourcepos=\"17:3-17:21\">Opciones de sabor<\/strong>:\u00a0<strong data-sourcepos=\"17:23-17:46\">10 cuartetos premium<\/strong><\/p>\n<p>&nbsp;<\/p>\n<h3><span style=\"font-size: 90%;\">Vopk Four Flavors 80K Puffs 4 en 1 sabores Lista de sabores de Vape desechable<\/span><\/h3>\n<p><strong>1.Helada tropical<\/strong>: Hielo de Sand\u00eda + Hielo Triple de Mel\u00f3n + Hielo Blue Razz + Helado de Fresa<\/p>\n<p><strong>2.Fusi\u00f3n de bayas<\/strong>: Frambuesa de ar\u00e1ndanos + Hielo Fuji + Bayas mixtas + Caramelo de coco y ar\u00e1ndanos<\/p>\n<p><strong>3.Mezcla de frutos rojos<\/strong>: Sand\u00eda Fresa + Uva Ar\u00e1ndano + Helado De Mango + Caramelo De Fresa Y Frambuesa<\/p>\n<p><strong>4.Explosi\u00f3n de energ\u00eda<\/strong>: Red Bull Ice + Maracuy\u00e1, Kiwi, Lima + Manzana Agria, Frambuesa + Chicle De Fresa, Sand\u00eda<\/p>\n<p><strong>5.Frutas \u00e1rticas<\/strong>: Hielo de ar\u00e1ndano + Melocot\u00f3n, mango, sand\u00eda + Mel\u00f3n, manzana + Hielo de cereza gaseosa<\/p>\n<p><strong>6.Mezcla ex\u00f3tica<\/strong>: Mango Fresa + Kiwi Fresa + Fruta Del Drag\u00f3n Sand\u00eda + Osito De Goma<\/p>\n<p><strong>7.Carnaval de bayas<\/strong>: Love 66 + Frambuesa Sand\u00eda + Fresa Frambuesa Cereza + Cereza Dulce Hielo<\/p>\n<p><strong>8.Batido tropical<\/strong>: Fresa Pl\u00e1tano + Pi\u00f1a Hielo De Coco + Mango Melocot\u00f3n Albaricoque + Aloe Mango Mel\u00f3n<\/p>\n<p><strong>9.Arco iris de c\u00edtricos<\/strong>: Caramelo arco\u00edris + Hielo de melocot\u00f3n + Naranja agria de lim\u00f3n + Lim\u00f3n de ar\u00e1ndano<\/p>\n<p><strong>10.Dulce y agrio<\/strong>: Kiwi Maracuy\u00e1 Guayaba + Fresa Cereza + Hielo De Uva + Caramelo De Fresa<\/p>\n<p><img loading=\"lazy\" decoding=\"async\" class=\"alignnone wp-image-2369 size-full\" src=\"https:\/\/pgvape.com\/wp-content\/uploads\/2025\/10\/pgvape-Vopk-Four-Flavors-80K-Puffs-4-in-1-Flavors-Disposable-Vape-With-LED-Display-Vape-14.png\" alt=\"P\u00f3ster promocional colorido para los dispositivos de vapeo desechables VOPK Four Flavors que presenta dos grandes unidades con acabado degradado en primer plano y filas de unidades multicolores m\u00e1s peque\u00f1as decoradas con ilustraciones de animales estilizados, etiquetas de sabores e \u00edconos para carga tipo C de 650 mAh, 0,9 \u03a9 y pantalla digital, frente a un fondo de monta\u00f1a c\u00f3smica de color rosa p\u00farpura con una leyenda prominente &quot;4 en 1 80000 inhalaciones&quot; y el logotipo de la marca.\" width=\"2048\" height=\"1199\" srcset=\"https:\/\/pgvape.com\/wp-content\/uploads\/2025\/10\/pgvape-Vopk-Four-Flavors-80K-Puffs-4-in-1-Flavors-Disposable-Vape-With-LED-Display-Vape-14.png 2048w, https:\/\/pgvape.com\/wp-content\/uploads\/2025\/10\/pgvape-Vopk-Four-Flavors-80K-Puffs-4-in-1-Flavors-Disposable-Vape-With-LED-Display-Vape-14-555x325.png 555w, https:\/\/pgvape.com\/wp-content\/uploads\/2025\/10\/pgvape-Vopk-Four-Flavors-80K-Puffs-4-in-1-Flavors-Disposable-Vape-With-LED-Display-Vape-14-595x348.png 595w, https:\/\/pgvape.com\/wp-content\/uploads\/2025\/10\/pgvape-Vopk-Four-Flavors-80K-Puffs-4-in-1-Flavors-Disposable-Vape-With-LED-Display-Vape-14-400x234.png 400w, https:\/\/pgvape.com\/wp-content\/uploads\/2025\/10\/pgvape-Vopk-Four-Flavors-80K-Puffs-4-in-1-Flavors-Disposable-Vape-With-LED-Display-Vape-14-768x450.png 768w, https:\/\/pgvape.com\/wp-content\/uploads\/2025\/10\/pgvape-Vopk-Four-Flavors-80K-Puffs-4-in-1-Flavors-Disposable-Vape-With-LED-Display-Vape-14-1536x899.png 1536w, https:\/\/pgvape.com\/wp-content\/uploads\/2025\/10\/pgvape-Vopk-Four-Flavors-80K-Puffs-4-in-1-Flavors-Disposable-Vape-With-LED-Display-Vape-14-18x12.png 18w, https:\/\/pgvape.com\/wp-content\/uploads\/2025\/10\/pgvape-Vopk-Four-Flavors-80K-Puffs-4-in-1-Flavors-Disposable-Vape-With-LED-Display-Vape-14-600x351.png 600w, https:\/\/pgvape.com\/wp-content\/uploads\/2025\/10\/pgvape-Vopk-Four-Flavors-80K-Puffs-4-in-1-Flavors-Disposable-Vape-With-LED-Display-Vape-14-60x35.png 60w\" sizes=\"auto, (max-width: 2048px) 100vw, 2048px\" \/><\/p>\n<p>&nbsp;<\/p>\n<h3><span style=\"font-size: 90%;\">Video de vapeo desechable de cuatro sabores Vopk Four Flavors 80K Puffs 4 en 1:<\/span><\/h3>\n<p><iframe loading=\"lazy\" title=\"Vopk Four Flavors 80000 | 80K Puffs 4 en 1 sabores Vape desechable | Vape Factory Direct pgvape\" width=\"563\" height=\"1000\" src=\"https:\/\/www.youtube.com\/embed\/ZEWjz35NBuE?feature=oembed\" frameborder=\"0\" allow=\"accelerometer; autoplay; clipboard-write; encrypted-media; gyroscope; picture-in-picture; web-share\" referrerpolicy=\"strict-origin-when-cross-origin\" allowfullscreen><\/iframe><\/p>\n<p>&nbsp;<\/p>\n<h2 class=\"header-vfC6AV auto-hide-last-sibling-br\">Preguntas frecuentes sobre Vopk Four Flavors 80K Puffs 4 en 1 sabores Vape desechable<\/h2>\n<p data-sourcepos=\"36:1-37:76\">\u2753 <strong data-sourcepos=\"36:3-36:56\">\u00bfQu\u00e9 hace que el recuento de 80.000 caladas sea excepcional?<\/strong><br \/>\n\u2705 <strong data-sourcepos=\"37:3-37:23\">Dise\u00f1o optimizado<\/strong> entrega <strong data-sourcepos=\"37:33-37:53\">meses de vapeo<\/strong> sin reemplazos<\/p>\n<p data-sourcepos=\"39:1-40:67\">\u2753 <strong data-sourcepos=\"39:3-39:45\">\u00bfC\u00f3mo funciona el sistema de 4 sabores?<\/strong><br \/>\n\u2705 <strong data-sourcepos=\"40:3-40:34\">Cambia entre cuatro sabores<\/strong> o disfrutarlos <strong data-sourcepos=\"40:49-40:65\">secuencialmente<\/strong><\/p>\n<p data-sourcepos=\"42:1-43:62\">\u2753 <strong data-sourcepos=\"42:3-42:44\">\u00bfEs suficiente la bater\u00eda de 650 mAh?<br \/>\n<\/strong> \u2705 <strong data-sourcepos=\"43:3-43:11\">\u00a1S\u00ed!<\/strong> Dura <strong data-sourcepos=\"43:18-43:30\">2-3 d\u00edas<\/strong> con <strong data-sourcepos=\"43:36-43:60\">Carga r\u00e1pida tipo C<\/strong><\/p>\n<p data-sourcepos=\"45:1-46:69\">\u2753 <strong data-sourcepos=\"45:3-45:37\">\u00bfPor qu\u00e9 elegir una bobina de malla de 0,9 \u03a9?<\/strong><br \/>\n\u2705 <strong data-sourcepos=\"46:3-46:22\">Equilibrio perfecto<\/strong> de <strong data-sourcepos=\"46:26-46:46\">intensidad del sabor<\/strong> y <strong data-sourcepos=\"46:51-46:67\">vapor suave<\/strong><\/p>\n<p data-sourcepos=\"48:1-49:64\">\u2753 <strong data-sourcepos=\"48:3-48:49\">\u00bfEst\u00e1n bien equilibrados los cuartetos de sabores?<br \/>\n<\/strong> \u2705 <strong data-sourcepos=\"49:3-49:36\">Combinaciones seleccionadas por expertos<\/strong> para <strong data-sourcepos=\"49:41-49:62\">m\u00e1ximo disfrute<\/strong><\/p>\n<p>&nbsp;<\/p>\n<h3 id=\"brxe-najhln\" class=\"brxe-heading\">Preguntas frecuentes (FAQ)<\/h3>\n<div id=\"brxe-rajiac\" class=\"brxe-text\">\n<p><strong>P: \u00bfQu\u00e9 m\u00e9todos de pago aceptan?<\/strong><br \/>\nR: Aceptamos PayPal, Stripe, transferencias bancarias (compatibles con SEPA), las principales tarjetas de cr\u00e9dito (Visa, MasterCard, American Express) y pagos con criptomonedas.<\/p>\n<p><strong>P: \u00bfCu\u00e1nto tiempo lleva la preparaci\u00f3n del pedido?<\/strong><br \/>\nR: La preparaci\u00f3n del pedido demora entre 1 y 3 d\u00edas h\u00e1biles.<\/p>\n<p><strong>P: \u00bfCu\u00e1l es el tiempo de env\u00edo?<\/strong><br \/>\nR: El tiempo de env\u00edo es de 7 a 14 d\u00edas h\u00e1biles, seg\u00fan su ubicaci\u00f3n.<\/p>\n<p><strong>P: \u00bfC\u00f3mo puedo realizar un seguimiento de mi pedido?<\/strong><br \/>\nR: Despu\u00e9s del env\u00edo, recibir\u00e1 un correo electr\u00f3nico de confirmaci\u00f3n con un n\u00famero de seguimiento para realizar un seguimiento en tiempo real.<\/p>\n<p><strong>P: \u00bfCu\u00e1l es su pol\u00edtica de devoluci\u00f3n?<\/strong><br \/>\nR: Ofrecemos una pol\u00edtica de devoluci\u00f3n de 30 d\u00edas para reembolsos o cambios. .<\/p>\n<p><strong>P: \u00bfHabr\u00e1 alg\u00fan problema aduanero?<br \/>\n<\/strong>Nos encargamos de todos los procedimientos de despacho de aduanas para garantizarle una experiencia sin complicaciones. .<\/p>\n<p><strong>P: \u00bfQu\u00e9 m\u00e9todos de env\u00edo se utilizan?<\/strong><br \/>\nCooperamos con UPS\/DHL\/FEDEX\/DPD, etc. Elegiremos la opci\u00f3n de env\u00edo adecuada seg\u00fan el pa\u00eds de entrega para asegurarnos de que reciba sus productos lo m\u00e1s r\u00e1pido posible.<\/p>\n<p><a href=\"https:\/\/pgvape.com\/es\/preguntas-frecuentes\/\">Haga clic aqu\u00ed para m\u00e1s preguntas frecuentes<\/a><\/p>\n<p>Estimados clientes: Si tienen alguna pregunta sobre su pedido o la llegada de la mercanc\u00eda, comun\u00edquese con nuestro servicio de atenci\u00f3n al cliente. \u00a1Gracias!<\/p>\n<h3 data-sourcepos=\"73:1-73:21\"><strong data-sourcepos=\"73:7-73:21\">Cont\u00e1ctenos<\/strong><\/h3>\n<div id=\"text-2419739398\" class=\"text\">\n<p><strong data-sourcepos=\"75:3-75:12\">Correo electr\u00f3nico<\/strong>:\u00a0<a href=\"mailto:support@pgvape.com\"><strong>support@pgvape.com<\/strong><\/a><\/p>\n<p><strong data-sourcepos=\"76:3-76:15\">WhatsApp<\/strong>: <a href=\"https:\/\/wa.me\/+8618128481258\"><strong>+86 18128481258<\/strong><\/a><br \/>\n<strong>(Respuesta dentro de las 24 horas en d\u00edas h\u00e1biles)<\/strong><\/p>\n<\/div>\n<h3><strong>\u00a1Gracias por elegir pgvape.com! .<\/strong><\/h3>\n<\/div>","protected":false},"excerpt":{"rendered":"<p><strong data-sourcepos=\"54:1-54:253\">\u201cVopk Four Flavors 80000: lo \u00faltimo en desechables de m\u00faltiples sabores con 80.000 caladas, 4 sabores ajustables y 10 cuartetos premium. Cuenta con una bobina de malla de 0,9 \u03a9, pantalla digital y carga tipo C para una variedad infinita de vapeo\u201d.\u201d<\/strong><\/p>","protected":false},"featured_media":2381,"comment_status":"open","ping_status":"closed","template":"","meta":{"_seopress_robots_primary_cat":"none","_seopress_titles_title":"%%post_title%% %%sep%% %%sitetitle%%","_seopress_titles_desc":"","_seopress_robots_index":""},"product_brand":[516,218],"product_cat":[41,515,31],"product_tag":[159,53,44,45,90,219,220],"class_list":{"0":"post-2365","1":"product","2":"type-product","3":"status-publish","4":"has-post-thumbnail","6":"product_brand-disposable-vape","7":"product_brand-vopk-vape","8":"product_cat-80k-puffs-vape","9":"product_cat-disposable-vape","10":"product_cat-vopk-vape","11":"product_tag-10-tastes","12":"product_tag-4-in-1-flavors","13":"product_tag-80k-puffs","14":"product_tag-80k-vape","15":"product_tag-disposable-vape","16":"product_tag-vopk-four-flavors","17":"product_tag-with-led-display","19":"first","20":"instock","21":"sale","22":"shipping-taxable","23":"purchasable","24":"product-type-variable"},"_links":{"self":[{"href":"https:\/\/pgvape.com\/es\/wp-json\/wp\/v2\/product\/2365","targetHints":{"allow":["GET"]}}],"collection":[{"href":"https:\/\/pgvape.com\/es\/wp-json\/wp\/v2\/product"}],"about":[{"href":"https:\/\/pgvape.com\/es\/wp-json\/wp\/v2\/types\/product"}],"replies":[{"embeddable":true,"href":"https:\/\/pgvape.com\/es\/wp-json\/wp\/v2\/comments?post=2365"}],"wp:featuredmedia":[{"embeddable":true,"href":"https:\/\/pgvape.com\/es\/wp-json\/wp\/v2\/media\/2381"}],"wp:attachment":[{"href":"https:\/\/pgvape.com\/es\/wp-json\/wp\/v2\/media?parent=2365"}],"wp:term":[{"taxonomy":"product_brand","embeddable":true,"href":"https:\/\/pgvape.com\/es\/wp-json\/wp\/v2\/product_brand?post=2365"},{"taxonomy":"product_cat","embeddable":true,"href":"https:\/\/pgvape.com\/es\/wp-json\/wp\/v2\/product_cat?post=2365"},{"taxonomy":"product_tag","embeddable":true,"href":"https:\/\/pgvape.com\/es\/wp-json\/wp\/v2\/product_tag?post=2365"}],"curies":[{"name":"wp","href":"https:\/\/api.w.org\/{rel}","templated":true}]}}