{"id":2302,"date":"2025-10-03T06:06:11","date_gmt":"2025-10-03T06:06:11","guid":{"rendered":"https:\/\/pgvape.com\/?post_type=product&#038;p=2302"},"modified":"2026-01-27T10:11:46","modified_gmt":"2026-01-27T10:11:46","slug":"uwin-tornado-triple-60000-60k-inhalaciones-3-en-1-sabores-vape-desechable-3-sabores-ajustables-pantalla-led-inteligente-vape-directo-de-fabrica","status":"publish","type":"product","link":"https:\/\/pgvape.com\/es\/producto\/uwin-tornado-triple-60000-60k-inhalaciones-3-en-1-sabores-vape-desechable-3-sabores-ajustables-pantalla-led-inteligente-vape-directo-de-fabrica\/","title":{"rendered":"Uwin Tornado Triple 60000 60K Puffs 3 en 1 Sabores Vape desechable 3 Sabores ajustables Pantalla LED inteligente Vape Directo de f\u00e1brica"},"content":{"rendered":"<p class=\"header-vfC6AV auto-hide-last-sibling-br\"><strong data-sourcepos=\"2:5-2:56\">Uwin Tornado Triple 60000 inhalaciones Vape desechable<\/strong> Establece un nuevo est\u00e1ndar con <strong data-sourcepos=\"2:82-2:109\">60.000 bocanadas ultralargas<\/strong> Y <strong data-sourcepos=\"2:114-2:138\">3 sabores ajustables<\/strong> En un solo dispositivo. <strong data-sourcepos=\"2:164-2:193\">Opciones de nicotina 2%\/3%\/5%<\/strong>, A <strong data-sourcepos=\"2:197-2:228\">Bater\u00eda recargable de 650 mAh.<\/strong>, Y <strong data-sourcepos=\"2:234-2:254\">Bobina de malla triple<\/strong>, Ofrece <strong data-sourcepos=\"2:268-2:283\">Vapor denso<\/strong> Y <strong data-sourcepos=\"2:288-2:303\">Sabor Puro<\/strong>. <strong data-sourcepos=\"2:309-2:330\">Pantalla LED inteligente<\/strong> Pistas <strong data-sourcepos=\"2:338-2:354\">Duraci\u00f3n de la bater\u00eda<\/strong> Y <strong data-sourcepos=\"2:359-2:374\">Modo de sabor<\/strong>, Mientras <strong data-sourcepos=\"2:382-2:406\">Carga r\u00e1pida tipo C<\/strong> Garantiza encendidos r\u00e1pidos. <strong data-sourcepos=\"2:445-2:479\">12 combinaciones de sabores premium<\/strong>, Empaquetado <strong data-sourcepos=\"2:490-2:503\">10 unids\/caja<\/strong> Para venta minorista\/mayorista.<\/p>\n<p>&nbsp;<\/p>\n<h2><span style=\"font-size: 90%;\">Uwin Tornado Triple 60K Puffs 3 en 1 sabores Especificaci\u00f3n desechable de Vape<\/span><\/h2>\n<p><strong data-sourcepos=\"7:3-7:17\">Conteo de bocanadas<\/strong>:\u00a0<strong data-sourcepos=\"7:19-7:35\">60.000 bocanadas<\/strong><\/p>\n<p><strong data-sourcepos=\"8:3-8:15\">Nicotina<\/strong>:\u00a0<strong data-sourcepos=\"8:17-8:41\">Opciones 2% \/ 3% \/ 5%<\/strong><\/p>\n<p><strong data-sourcepos=\"9:3-9:15\">E-l\u00edquido<\/strong>:\u00a0<strong data-sourcepos=\"9:17-9:43\">C\u00e1maras de triple sabor<\/strong><\/p>\n<p><strong data-sourcepos=\"10:3-10:11\">Bobina<\/strong>:\u00a0<strong data-sourcepos=\"10:13-10:33\">Bobina de malla triple<\/strong><\/p>\n<p><strong data-sourcepos=\"11:3-11:14\">Bater\u00eda<\/strong>:\u00a0<strong data-sourcepos=\"11:16-11:39\">650mAh recargable<\/strong><\/p>\n<p><strong data-sourcepos=\"12:3-12:15\">Cargando<\/strong>:\u00a0<strong data-sourcepos=\"12:17-12:41\">Carga r\u00e1pida tipo C<\/strong><\/p>\n<p><strong data-sourcepos=\"13:3-13:14\">Mostrar<\/strong>:\u00a0<strong data-sourcepos=\"13:16-13:52\">Pantalla LED (modo bater\u00eda\/sabor)<\/strong><\/p>\n<p><strong data-sourcepos=\"14:3-14:20\">Sistema de sabor<\/strong>:\u00a0<strong data-sourcepos=\"14:22-14:51\">Sabores ajustables 3 en 1<\/strong><\/p>\n<p><strong data-sourcepos=\"15:3-15:14\">Paquete<\/strong>:\u00a0<strong data-sourcepos=\"15:16-15:34\">10 dispositivos\/caja<\/strong><\/p>\n<p>&nbsp;<\/p>\n<h3><span style=\"font-size: 90%;\">Uwin Tornado Triple 60K Puffs 3 en 1 sabores Lista de sabores desechables de Vape<\/span><\/h3>\n<p><strong data-sourcepos=\"20:4-20:62\">1.Cherry Ice + Fresa Red Bull + Ar\u00e1ndano Frambuesa<\/strong><\/p>\n<p><strong data-sourcepos=\"21:4-21:79\">2.Helado de ar\u00e1ndano + sand\u00eda fresa + helado de fresa, frambuesa y cereza<\/strong><\/p>\n<p><strong data-sourcepos=\"22:4-22:64\">3.Limonada rosada + helado de vainilla + caramelo de fresa y frambuesa<\/strong><\/p>\n<p><strong data-sourcepos=\"23:4-23:71\">4.Strawberry Kiwi + Love 66 (mel\u00f3n de maracuy\u00e1) + Blue Razz Ice<\/strong><\/p>\n<p><strong data-sourcepos=\"24:4-24:52\">5.Lima Lim\u00f3n + Pl\u00e1tano Fresa + Frutas Mixtas<\/strong><\/p>\n<p><strong data-sourcepos=\"25:4-25:43\">6.Helado de sand\u00eda + Hielo de cola + Mr Blue<\/strong><\/p>\n<p><strong data-sourcepos=\"26:4-26:68\">7.Summer Peach Ice + Ar\u00e1ndano Frambuesa + Fresa Red Bull<\/strong><\/p>\n<p><strong data-sourcepos=\"27:4-27:69\">8.Kiwi Maracuy\u00e1 Guayaba + Melocot\u00f3n Mango + Frambuesa Sand\u00eda<\/strong><\/p>\n<p><strong data-sourcepos=\"28:4-28:42\">9.Red Bull + Hielo de cereza + Lima lim\u00f3n<\/strong><\/p>\n<p><strong data-sourcepos=\"29:5-29:54\">10.Hielo de fresa + Hielo de melocot\u00f3n de verano + Hielo de uva<\/strong><\/p>\n<p><strong data-sourcepos=\"30:5-30:73\">11.Mezcla de bayas + hielo de fruta del drag\u00f3n + chicle de fresa y sand\u00eda<\/strong><\/p>\n<p><strong data-sourcepos=\"31:5-31:60\">12.Cola de cereza + Cola de fresa y vainilla + Baya de uva<\/strong><\/p>\n<p>&nbsp;<\/p>\n<h3 class=\"brxe-heading\"><span style=\"font-size: 90%;\">Video de Vape desechable Uwin Tornado Triple 60K Puffs 3 en 1 sabores:<br \/>\n<\/span><\/h3>\n<p><iframe loading=\"lazy\" title=\"El triple 60K del tornado de Uwin sopla pgvape directo de f\u00e1brica disponible de los sabores de Vape 3Adjustable de los sabores 3in1\" width=\"563\" height=\"1000\" src=\"https:\/\/www.youtube.com\/embed\/9Mn3oeU0jVg?feature=oembed\" frameborder=\"0\" allow=\"accelerometer; autoplay; clipboard-write; encrypted-media; gyroscope; picture-in-picture; web-share\" referrerpolicy=\"strict-origin-when-cross-origin\" allowfullscreen><\/iframe><\/p>\n<p>&nbsp;<\/p>\n<h2 class=\"header-vfC6AV auto-hide-last-sibling-br\">Preguntas frecuentes sobre Uwin Tornado Triple 60K Puffs 3 en 1 sabores Vape desechable<\/h2>\n<p data-sourcepos=\"36:1-37:85\">\u2753 <strong data-sourcepos=\"36:3-36:52\">\u00bfQu\u00e9 hace que la cuenta de 60.000 caladas sea especial?<\/strong><br \/>\n\u2705 <strong data-sourcepos=\"37:3-37:32\">Capacidad l\u00edder en la industria<\/strong> \u2013 Dura <strong data-sourcepos=\"37:41-37:56\">5-6 veces m\u00e1s<\/strong> Que los desechables est\u00e1ndar.<\/p>\n<p data-sourcepos=\"39:1-40:88\">\u2753 <strong data-sourcepos=\"39:3-39:50\">\u00bfC\u00f3mo funciona el sistema de triple sabor?<\/strong><br \/>\n\u2705 <strong data-sourcepos=\"40:3-40:86\">Cambie instant\u00e1neamente entre tres sabores premium con controles de botones simples.<\/strong><\/p>\n<p data-sourcepos=\"42:1-43:94\">\u2753 <strong data-sourcepos=\"42:3-42:58\">\u00bfEs la bobina de triple malla mejor que las bobinas dobles?<\/strong><br \/>\n\u2705 <strong data-sourcepos=\"43:3-43:11\">\u00a1S\u00ed!<\/strong> Proporciona <strong data-sourcepos=\"43:21-43:43\">30% Calentamiento m\u00e1s r\u00e1pido<\/strong> Y <strong data-sourcepos=\"43:48-43:68\">50% Vapor m\u00e1s denso<\/strong> Para <strong data-sourcepos=\"43:73-43:89\">Sabor m\u00e1s rico<\/strong>.**<\/p>\n<p data-sourcepos=\"45:1-46:85\">\u2753 <strong data-sourcepos=\"45:3-45:45\">\u00bfPuedo controlar la duraci\u00f3n de la bater\u00eda f\u00e1cilmente?<br \/>\n<\/strong> \u2705 <strong data-sourcepos=\"46:3-46:18\">Pantalla LED<\/strong> Espect\u00e1culos <strong data-sourcepos=\"46:25-46:53\">Estado de la bater\u00eda en tiempo real<\/strong> Y <strong data-sourcepos=\"46:58-46:80\">Modo de sabor activo<\/strong>.**<\/p>\n<p data-sourcepos=\"48:1-49:86\">\u2753 <strong data-sourcepos=\"48:3-48:37\">\u00bfPor qu\u00e9 elegir una bater\u00eda de 650 mAh?<\/strong><br \/>\n\u2705 <strong data-sourcepos=\"49:3-49:31\">Optimizado para la eficiencia<\/strong> \u2013 Dura <strong data-sourcepos=\"49:40-49:51\">2+ d\u00edas<\/strong> Con <strong data-sourcepos=\"49:57-49:81\">Carga r\u00e1pida tipo C<\/strong>.**<\/p>\n<p data-sourcepos=\"51:1-52:95\">\u2753 <strong data-sourcepos=\"51:3-51:44\">\u00bfLos 12 sabores son afrutados o helados?<br \/>\n<\/strong> \u2705 <strong data-sourcepos=\"52:3-52:12\">\u00a1Ambos!<\/strong> Incluye <strong data-sourcepos=\"52:22-52:38\">Mezclas de frutas<\/strong>, <strong data-sourcepos=\"52:40-52:57\">Bebidas energ\u00e9ticas<\/strong>, Y <strong data-sourcepos=\"52:63-52:90\">Variantes de hielo refrescante<\/strong>.**<\/p>\n<p>&nbsp;<\/p>\n<h3 id=\"brxe-najhln\" class=\"brxe-heading\">Preguntas frecuentes (FAQ)<\/h3>\n<div id=\"brxe-rajiac\" class=\"brxe-text\">\n<p><strong>P: \u00bfQu\u00e9 m\u00e9todos de pago aceptan?<\/strong><br \/>\nR: Aceptamos PayPal, Stripe, transferencias bancarias (compatibles con SEPA), las principales tarjetas de cr\u00e9dito (Visa, MasterCard, American Express) y pagos con criptomonedas.<\/p>\n<p><strong>P: \u00bfCu\u00e1nto tiempo lleva la preparaci\u00f3n del pedido?<\/strong><br \/>\nR: La preparaci\u00f3n del pedido demora entre 1 y 3 d\u00edas h\u00e1biles.<\/p>\n<p><strong>P: \u00bfCu\u00e1l es el tiempo de env\u00edo?<\/strong><br \/>\nR: El tiempo de env\u00edo es de 7 a 14 d\u00edas h\u00e1biles, seg\u00fan su ubicaci\u00f3n.<\/p>\n<p><strong>P: \u00bfC\u00f3mo puedo realizar un seguimiento de mi pedido?<\/strong><br \/>\nR: Despu\u00e9s del env\u00edo, recibir\u00e1 un correo electr\u00f3nico de confirmaci\u00f3n con un n\u00famero de seguimiento para realizar un seguimiento en tiempo real.<\/p>\n<p><strong>P: \u00bfCu\u00e1l es su pol\u00edtica de devoluci\u00f3n?<\/strong><br \/>\nR: Ofrecemos una pol\u00edtica de devoluci\u00f3n de 30 d\u00edas para reembolsos o cambios. .<\/p>\n<p><strong>P: \u00bfHabr\u00e1 alg\u00fan problema aduanero?<br \/>\n<\/strong>Nos encargamos de todos los procedimientos de despacho de aduanas para garantizarle una experiencia sin complicaciones. .<\/p>\n<p><strong>P: \u00bfQu\u00e9 m\u00e9todos de env\u00edo se utilizan?<\/strong><br \/>\nCooperamos con UPS\/DHL\/FEDEX\/DPD, etc. Elegiremos la opci\u00f3n de env\u00edo adecuada seg\u00fan el pa\u00eds de entrega para asegurarnos de que reciba sus productos lo m\u00e1s r\u00e1pido posible.<\/p>\n<p><a href=\"https:\/\/pgvape.com\/es\/preguntas-frecuentes\/\">Haga clic aqu\u00ed para m\u00e1s preguntas frecuentes<\/a><\/p>\n<p>Estimados clientes: Si tienen alguna pregunta sobre su pedido o la llegada de la mercanc\u00eda, comun\u00edquese con nuestro servicio de atenci\u00f3n al cliente. \u00a1Gracias!<\/p>\n<h3 data-sourcepos=\"73:1-73:21\"><strong data-sourcepos=\"73:7-73:21\">Cont\u00e1ctenos<\/strong><\/h3>\n<div id=\"text-2419739398\" class=\"text\">\n<p><strong data-sourcepos=\"75:3-75:12\">Correo electr\u00f3nico<\/strong>:\u00a0<a href=\"mailto:support@pgvape.com\"><strong>support@pgvape.com<\/strong><\/a><\/p>\n<p><strong data-sourcepos=\"76:3-76:15\">WhatsApp<\/strong>: <a href=\"https:\/\/wa.me\/+8618128481258\"><strong>+86 18128481258<\/strong><\/a><br \/>\n<strong>(Respuesta dentro de las 24 horas en d\u00edas h\u00e1biles)<\/strong><\/p>\n<\/div>\n<h3><strong>\u00a1Gracias por elegir pgvape.com! .<\/strong><\/h3>\n<\/div>","protected":false},"excerpt":{"rendered":"<p><strong data-sourcepos=\"57:1-57:264\">\u201cUwin Tornado Triple 60000: el vaporizador desechable de sabor 3 en 1 definitivo con 60.000 inhalaciones, bobinas de malla triple y 12 combinaciones de sabores, con pantalla LED inteligente, carga tipo C y 3 niveles de nicotina para una satisfacci\u00f3n personalizada\u201d.\u201d<\/strong><\/p>","protected":false},"featured_media":2307,"comment_status":"open","ping_status":"closed","template":"","meta":{"_seopress_robots_primary_cat":"none","_seopress_titles_title":"%%post_title%% %%sep%% %%sitetitle%%","_seopress_titles_desc":"","_seopress_robots_index":""},"product_brand":[516,207],"product_cat":[48,515,205],"product_tag":[78,215,24,51,52,90,143,214,204],"class_list":{"0":"post-2302","1":"product","2":"type-product","3":"status-publish","4":"has-post-thumbnail","6":"product_brand-disposable-vape","7":"product_brand-uwin-vape","8":"product_cat-60k-puffs-vape","9":"product_cat-disposable-vape","10":"product_cat-uwin-vape","11":"product_tag-12tastes","12":"product_tag-3-adjustable-flavors","13":"product_tag-3-in-1-flavors","14":"product_tag-60k-puffs","15":"product_tag-60k-vape","16":"product_tag-disposable-vape","17":"product_tag-smart-led-display","18":"product_tag-uwin-tornado-triple-60000","19":"product_tag-vape-factory-direct","21":"first","22":"instock","23":"sale","24":"shipping-taxable","25":"purchasable","26":"product-type-variable"},"_links":{"self":[{"href":"https:\/\/pgvape.com\/es\/wp-json\/wp\/v2\/product\/2302","targetHints":{"allow":["GET"]}}],"collection":[{"href":"https:\/\/pgvape.com\/es\/wp-json\/wp\/v2\/product"}],"about":[{"href":"https:\/\/pgvape.com\/es\/wp-json\/wp\/v2\/types\/product"}],"replies":[{"embeddable":true,"href":"https:\/\/pgvape.com\/es\/wp-json\/wp\/v2\/comments?post=2302"}],"wp:featuredmedia":[{"embeddable":true,"href":"https:\/\/pgvape.com\/es\/wp-json\/wp\/v2\/media\/2307"}],"wp:attachment":[{"href":"https:\/\/pgvape.com\/es\/wp-json\/wp\/v2\/media?parent=2302"}],"wp:term":[{"taxonomy":"product_brand","embeddable":true,"href":"https:\/\/pgvape.com\/es\/wp-json\/wp\/v2\/product_brand?post=2302"},{"taxonomy":"product_cat","embeddable":true,"href":"https:\/\/pgvape.com\/es\/wp-json\/wp\/v2\/product_cat?post=2302"},{"taxonomy":"product_tag","embeddable":true,"href":"https:\/\/pgvape.com\/es\/wp-json\/wp\/v2\/product_tag?post=2302"}],"curies":[{"name":"wp","href":"https:\/\/api.w.org\/{rel}","templated":true}]}}