{"id":2144,"date":"2025-10-01T12:12:06","date_gmt":"2025-10-01T12:12:06","guid":{"rendered":"https:\/\/pgvape.com\/?post_type=product&#038;p=2144"},"modified":"2025-12-23T07:54:11","modified_gmt":"2025-12-23T07:54:11","slug":"stag-bar-80000-80k-inhalaciones-4-en-1-cuatro-sabores-vape-desechable-2-nicotina-10-gustos-pantalla-led-inteligente-vape-directo-de-fabrica","status":"publish","type":"product","link":"https:\/\/pgvape.com\/es\/producto\/stag-bar-80000-80k-inhalaciones-4-en-1-cuatro-sabores-vape-desechable-2-nicotina-10-gustos-pantalla-led-inteligente-vape-directo-de-fabrica\/","title":{"rendered":"Stag Bar 80000 | 80K Puffs 4 en 1 Vape desechable de cuatro sabores | 2% Nicotina | 10 gustos | Pantalla LED inteligente | Vape Factory Direct"},"content":{"rendered":"<div class=\"auto-hide-last-sibling-br paragraph-JOTKXA paragraph-element br-paragraph-space\">\n<p><strong data-sourcepos=\"4:5-4:50\">Stag Bar 4 en 1 80K sopla Vape disponible<\/strong> redefine el vapeo con <strong data-sourcepos=\"4:73-4:99\">capacidad sin precedentes<\/strong> \u2013 entregando <strong data-sourcepos=\"4:113-4:129\">80.000 bocanadas<\/strong> de su <strong data-sourcepos=\"4:139-4:158\">cuatro tanques de 18 ml<\/strong> (72 ml en total). <strong data-sourcepos=\"4:186-4:218\">Bater\u00eda recargable de 1000 mAh.<\/strong><span class=\"CustomP_animated_char__m3r9w\">\u00a0<\/span><span class=\"CustomP_animated_char__m3r9w\">con<\/span><span class=\"CustomP_animated_char__m3r9w\">\u00a0<\/span><strong data-sourcepos=\"4:224-4:248\">Carga r\u00e1pida tipo C<\/strong><span class=\"CustomP_animated_char__m3r9w\">,<\/span><span class=\"CustomP_animated_char__m3r9w\">\u00a0<\/span><span class=\"CustomP_animated_char__m3r9w\">\u00e9l<\/span><span class=\"CustomP_animated_char__m3r9w\">\u00a0<\/span><span class=\"CustomP_animated_char__m3r9w\">caracter\u00edsticas<\/span><span class=\"CustomP_animated_char__m3r9w\">\u00a0<\/span><span class=\"CustomP_animated_char__m3r9w\">un<\/span><span class=\"CustomP_animated_char__m3r9w\">\u00a0<\/span><strong data-sourcepos=\"4:265-4:280\">pantalla LED<\/strong><span class=\"CustomP_animated_char__m3r9w\">\u00a0<\/span><span class=\"CustomP_animated_char__m3r9w\">para<\/span><span class=\"CustomP_animated_char__m3r9w\">\u00a0<\/span><span class=\"CustomP_animated_char__m3r9w\">real<\/span><span class=\"CustomP_animated_char__m3r9w\">\u2013<\/span><span class=\"CustomP_animated_char__m3r9w\">tiempo<\/span><span class=\"CustomP_animated_char__m3r9w\">\u00a0<\/span><span class=\"CustomP_animated_char__m3r9w\">escucha<\/span><span class=\"CustomP_animated_char__m3r9w\">\u00a0<\/span><span class=\"CustomP_animated_char__m3r9w\">de<\/span><span class=\"CustomP_animated_char__m3r9w\">\u00a0<\/span><strong data-sourcepos=\"4:309-4:320\">bater\u00eda<\/strong><span class=\"CustomP_animated_char__m3r9w\">\u00a0<\/span><span class=\"CustomP_animated_char__m3r9w\">y<\/span><span class=\"CustomP_animated_char__m3r9w\">\u00a0<\/span><strong data-sourcepos=\"4:325-4:344\">niveles de e-l\u00edquido<\/strong>. <strong data-sourcepos=\"4:350-4:368\">Bobina de malla de 1,1 \u03a9<\/strong><span class=\"CustomP_animated_char__m3r9w\">\u00a0<\/span><span class=\"CustomP_animated_char__m3r9w\">asegura<\/span><span class=\"CustomP_animated_char__m3r9w\">\u00a0<\/span><strong data-sourcepos=\"4:377-4:393\">sorteos suaves<\/strong> y <strong data-sourcepos=\"4:398-4:424\">producci\u00f3n de rico sabor<\/strong>. <strong data-sourcepos=\"4:431-4:465\">10 combinaciones de sabores premium<\/strong> (4 sabores por dispositivo) y <strong data-sourcepos=\"4:493-4:517\">Fuerza de nicotina 2%<\/strong><span class=\"CustomP_animated_char__m3r9w\">,<\/span><span class=\"CustomP_animated_char__m3r9w\">\u00a0<\/span><span class=\"CustomP_animated_char__m3r9w\">\u00e9l<\/span><span class=\"CustomP_animated_char__m3r9w\">\u2018<\/span><span class=\"CustomP_animated_char__m3r9w\">s<\/span><span class=\"CustomP_animated_char__m3r9w\">\u00a0<\/span><span class=\"CustomP_animated_char__m3r9w\">el<\/span><span class=\"CustomP_animated_char__m3r9w\">\u00a0<\/span><span class=\"CustomP_animated_char__m3r9w\">\u00faltimo<\/span><span class=\"CustomP_animated_char__m3r9w\">\u00a0<\/span><span class=\"CustomP_animated_char__m3r9w\">elecci\u00f3n<\/span><span class=\"CustomP_animated_char__m3r9w\">\u00a0<\/span><span class=\"CustomP_animated_char__m3r9w\">para<\/span><span class=\"CustomP_animated_char__m3r9w\">\u00a0<\/span><span class=\"CustomP_animated_char__m3r9w\">v<\/span><span class=\"CustomP_animated_char__m3r9w\">apers<\/span><span class=\"CustomP_animated_char__m3r9w\">\u00a0<\/span><span class=\"CustomP_animated_char__m3r9w\">buscando<\/span><span class=\"CustomP_animated_char__m3r9w\">\u00a0<\/span><strong data-sourcepos=\"4:563-4:576\">longevidad<\/strong> y <strong data-sourcepos=\"4:581-4:592\">variedad<\/strong><span class=\"CustomP_animated_char__m3r9w\">.<\/span><\/p>\n<p>&nbsp;<\/p>\n<\/div>\n<h2><span style=\"font-size: 90%;\">La barra 4 del ciervo en 1 80000 | 80K sopla la especificaci\u00f3n disponible de Vape de cuatro sabores<\/span><\/h2>\n<p><strong data-sourcepos=\"9:3-9:17\">Conteo de bocanadas<\/strong>:\u00a0<strong data-sourcepos=\"9:19-9:35\">80.000 bocanadas<\/strong><\/p>\n<p><strong data-sourcepos=\"10:3-10:15\">Nicotina<\/strong>:\u00a0<strong data-sourcepos=\"10:17-10:32\">Fuerza 2%<\/strong><\/p>\n<p><strong data-sourcepos=\"11:3-11:15\">E-l\u00edquido<\/strong>:\u00a0<strong data-sourcepos=\"11:17-11:46\">Tanques de 4 \u00d7 18 ml (72 ml en total)<\/strong><\/p>\n<p><strong data-sourcepos=\"12:3-12:11\">Bobina<\/strong>:\u00a0<strong data-sourcepos=\"12:13-12:31\">Bobina de malla de 1,1 \u03a9<\/strong><\/p>\n<p><strong data-sourcepos=\"13:3-13:14\">Bater\u00eda<\/strong>:\u00a0<strong data-sourcepos=\"13:16-13:40\">1000mAh recargable<\/strong><\/p>\n<p><strong data-sourcepos=\"14:3-14:15\">Cargando<\/strong>:\u00a0<strong data-sourcepos=\"14:17-14:41\">Carga r\u00e1pida tipo C<\/strong><\/p>\n<p><strong data-sourcepos=\"15:3-15:14\">Mostrar<\/strong>:\u00a0<strong data-sourcepos=\"15:16-15:50\">LED (monitor de bater\u00eda\/e-l\u00edquido)<\/strong><\/p>\n<p><strong data-sourcepos=\"16:3-16:14\">Paquete<\/strong>:\u00a0<strong data-sourcepos=\"16:16-16:34\">10 dispositivos\/caja<\/strong><\/p>\n<p>&nbsp;<\/p>\n<h3><span style=\"font-size: 90%;\">La barra 4 del ciervo en 1 80000 | 80K sopla lista disponible del sabor de Vape de cuatro sabores<\/span><\/h3>\n<div>1 helado de ar\u00e1ndanos y frutos rojos mezclados y helado de blue razz y helado de ar\u00e1ndanos y frambuesa<\/div>\n<div>2 Helado de sand\u00eda y fresa Sand\u00eda y sand\u00eda Chicle y sand\u00eda Hielo de frambuesa<\/div>\n<div>3 Helado de fresa y fresa Kiwi y fresa Uva y fresa Frambuesa Cereza Helado<\/div>\n<div>4 Cherry Ice &amp; Blue Razz Cherry &amp; Cherry Pech Limonada &amp; Cherry Cola<\/div>\n<div>5 Hielo de ar\u00e1ndanos y hielo de fresa y hielo de sand\u00eda y hielo de cereza<\/div>\n<div>6 Fresa Frambuesa Cereza Hielo &amp; Triple Mel\u00f3n &amp; Pi\u00f1a Pl\u00e1tano Fresa &amp; Kiwi Maracuy\u00e1 Guayaba<\/div>\n<div>7 Fusi\u00f3n Blue Razz y Pi\u00f1a, Hielo de Coco, Limonada Rosa y Fusi\u00f3n de Fresa y Sand\u00eda<\/div>\n<div>8 Melocot\u00f3n Mango Pi\u00f1a &amp; Melocot\u00f3n Jugoso &amp; Lima Lim\u00f3n &amp; Mango Triple<\/div>\n<div>9 Mr Blue &amp; Blueberry Frambuesa Hielo y Fresa Kiwi y Ar\u00e1ndano Cereza Ar\u00e1ndano<\/div>\n<div>10 Pl\u00e1tano Fresa &amp; Fresa Uva &amp; Red Bull &amp; Doble Manzana<\/div>\n<div>11 Lima Lim\u00f3n Y Fresa Kiwi Y Menta Hielo Y Pitahaya Pl\u00e1tano Cereza<\/div>\n<div>12 Coco Loco &amp; Pi\u00f1a Pl\u00e1tano Mel\u00f3n &amp; Cereza Chupachups &amp; Pl\u00e1tano Cereza<\/div>\n<div>13 Sexo en la playa y Coco Loco y fruta del drag\u00f3n, pl\u00e1tano, cereza y lima lim\u00f3n<\/div>\n<div>14 Love 66 y Chupachups de cereza y sand\u00eda Hielo de frambuesa y kiwi de fresa<\/div>\n<div>15 Cola Ice &amp; Red Bull &amp; Sex on the Beach &amp; Pi\u00f1a Pl\u00e1tano Mel\u00f3n<\/div>\n<p><img loading=\"lazy\" decoding=\"async\" class=\"alignnone wp-image-2147 size-full\" src=\"https:\/\/pgvape.com\/wp-content\/uploads\/2025\/10\/Pg-Stag-Bar-80000-80K-Puffs-4-In-1-Four-Flavors-Disposable-Vape-2-Nicotine-10Tastes-Smart-LED-Display-Vape-Factory-Direct-1.png\" alt=\"Imagen promocional colorida para el vaporizador Stagbar 4 en 1 que muestra un gran dispositivo con acabado degradado con el logotipo de un ciervo y una pantalla LED digital en primer plano y diez ediciones de sabores etiquetadas m\u00e1s peque\u00f1as (ar\u00e1ndano, sand\u00eda, fresa, cereza, fruta, frutas mixtas, verano, jugoso, azul, ex\u00f3tico) dispuestas detr\u00e1s, adem\u00e1s de texto en negrita &#039;4 SABORES EN 1 DISPOSITIVO&#039;, un gr\u00e1fico de selecci\u00f3n de sabores, \u00edconos de funciones (bobina de malla, pantalla LED, cambiador de sabores). .\" width=\"1500\" height=\"1500\" srcset=\"https:\/\/pgvape.com\/wp-content\/uploads\/2025\/10\/Pg-Stag-Bar-80000-80K-Puffs-4-In-1-Four-Flavors-Disposable-Vape-2-Nicotine-10Tastes-Smart-LED-Display-Vape-Factory-Direct-1.png 1500w, https:\/\/pgvape.com\/wp-content\/uploads\/2025\/10\/Pg-Stag-Bar-80000-80K-Puffs-4-In-1-Four-Flavors-Disposable-Vape-2-Nicotine-10Tastes-Smart-LED-Display-Vape-Factory-Direct-1-360x360.png 360w, https:\/\/pgvape.com\/wp-content\/uploads\/2025\/10\/Pg-Stag-Bar-80000-80K-Puffs-4-In-1-Four-Flavors-Disposable-Vape-2-Nicotine-10Tastes-Smart-LED-Display-Vape-Factory-Direct-1-595x595.png 595w, https:\/\/pgvape.com\/wp-content\/uploads\/2025\/10\/Pg-Stag-Bar-80000-80K-Puffs-4-In-1-Four-Flavors-Disposable-Vape-2-Nicotine-10Tastes-Smart-LED-Display-Vape-Factory-Direct-1-400x400.png 400w, https:\/\/pgvape.com\/wp-content\/uploads\/2025\/10\/Pg-Stag-Bar-80000-80K-Puffs-4-In-1-Four-Flavors-Disposable-Vape-2-Nicotine-10Tastes-Smart-LED-Display-Vape-Factory-Direct-1-768x768.png 768w, https:\/\/pgvape.com\/wp-content\/uploads\/2025\/10\/Pg-Stag-Bar-80000-80K-Puffs-4-In-1-Four-Flavors-Disposable-Vape-2-Nicotine-10Tastes-Smart-LED-Display-Vape-Factory-Direct-1-12x12.png 12w, https:\/\/pgvape.com\/wp-content\/uploads\/2025\/10\/Pg-Stag-Bar-80000-80K-Puffs-4-In-1-Four-Flavors-Disposable-Vape-2-Nicotine-10Tastes-Smart-LED-Display-Vape-Factory-Direct-1-300x300.png 300w, https:\/\/pgvape.com\/wp-content\/uploads\/2025\/10\/Pg-Stag-Bar-80000-80K-Puffs-4-In-1-Four-Flavors-Disposable-Vape-2-Nicotine-10Tastes-Smart-LED-Display-Vape-Factory-Direct-1-600x600.png 600w, https:\/\/pgvape.com\/wp-content\/uploads\/2025\/10\/Pg-Stag-Bar-80000-80K-Puffs-4-In-1-Four-Flavors-Disposable-Vape-2-Nicotine-10Tastes-Smart-LED-Display-Vape-Factory-Direct-1-100x100.png 100w, https:\/\/pgvape.com\/wp-content\/uploads\/2025\/10\/Pg-Stag-Bar-80000-80K-Puffs-4-In-1-Four-Flavors-Disposable-Vape-2-Nicotine-10Tastes-Smart-LED-Display-Vape-Factory-Direct-1-40x40.png 40w\" sizes=\"auto, (max-width: 1500px) 100vw, 1500px\" \/><\/p>\n<p>&nbsp;<\/p>\n<h3><span style=\"font-size: 90%;\">Stag Bar 4 en 1 80000 | 80K Puffs V\u00eddeo de Vape desechable de cuatro sabores:<br \/>\n<iframe loading=\"lazy\" title=\"La barra 80K del ciervo sopla 4 en 1 pgvape directo de f\u00e1brica elegante disponible de Vape de la pantalla LED de Vape de cuatro sabores\" width=\"1020\" height=\"574\" src=\"https:\/\/www.youtube.com\/embed\/rgA4zoeOX7c?feature=oembed\" frameborder=\"0\" allow=\"accelerometer; autoplay; clipboard-write; encrypted-media; gyroscope; picture-in-picture; web-share\" referrerpolicy=\"strict-origin-when-cross-origin\" allowfullscreen><\/iframe><br \/>\n<\/span><\/h3>\n<p>&nbsp;<\/p>\n<h2 class=\"header-vfC6AV auto-hide-last-sibling-br\">Preguntas frecuentes sobre Stag Bar 4 en 1 80000 | 80K Puffs Vape desechable de cuatro sabores<\/h2>\n<p data-sourcepos=\"35:1-36:95\">\u2753 <strong data-sourcepos=\"35:3-35:58\">\u00bfQu\u00e9 hace que el recuento de 80.000 caladas sea revolucionario?<\/strong><br \/>\n\u2705 <strong data-sourcepos=\"36:3-36:32\">Capacidad l\u00edder en la industria<\/strong> \u2013 cuatro tanques proporcionan <strong data-sourcepos=\"36:54-36:74\">meses de vapeo<\/strong> sin reemplazos<\/p>\n<p data-sourcepos=\"38:1-39:89\">\u2753 <strong data-sourcepos=\"38:3-38:48\">\u00bfC\u00f3mo funciona el sistema de los cuatro sabores?<\/strong><br \/>\n\u2705 Cada dispositivo contiene <strong data-sourcepos=\"39:24-39:49\">4 tanques separados de 18 ml<\/strong> para <strong data-sourcepos=\"39:54-39:77\">verdadera variedad de sabor<\/strong> en una unidad<\/p>\n<p data-sourcepos=\"41:1-42:81\">\u2753 <strong data-sourcepos=\"41:3-41:45\">\u00bfEs suficiente la bater\u00eda de 1000 mAh?<\/strong><br \/>\n\u2705 <strong data-sourcepos=\"42:3-42:24\">\u00a1M\u00e1s que suficiente!<\/strong> Dura <strong data-sourcepos=\"42:31-42:43\">3-4 d\u00edas<\/strong> con <strong data-sourcepos=\"42:49-42:73\">Carga r\u00e1pida tipo C<\/strong> apoyo<\/p>\n<p data-sourcepos=\"44:1-45:78\">\u2753 <strong data-sourcepos=\"44:3-44:37\">\u00bfPor qu\u00e9 elegir una bobina de malla de 1,1 \u03a9?<\/strong><br \/>\n\u2705 <strong data-sourcepos=\"45:3-45:22\">Equilibrio perfecto<\/strong> de <strong data-sourcepos=\"45:26-45:46\">intensidad del sabor<\/strong> y <strong data-sourcepos=\"45:51-45:78\">producci\u00f3n de vapor suave<\/strong><\/p>\n<p data-sourcepos=\"47:1-48:74\">\u2753 <strong data-sourcepos=\"47:3-47:47\">\u00bfPueden los minoristas beneficiarse de este producto?<br \/>\n<\/strong>\u2705 <strong data-sourcepos=\"48:3-48:22\">cajas de 10 dispositivos<\/strong> son <strong data-sourcepos=\"48:27-48:46\">venta al por mayor listo<\/strong> con <strong data-sourcepos=\"48:52-48:74\">alto atractivo minorista<\/strong><\/p>\n<p>&nbsp;<\/p>\n<h3 id=\"brxe-najhln\" class=\"brxe-heading\">Preguntas frecuentes (FAQ)<\/h3>\n<div id=\"brxe-rajiac\" class=\"brxe-text\">\n<p><strong>P: \u00bfQu\u00e9 m\u00e9todos de pago aceptan?<\/strong><br \/>\nR: Aceptamos PayPal, Stripe, transferencias bancarias (compatibles con SEPA), las principales tarjetas de cr\u00e9dito (Visa, MasterCard, American Express) y pagos con criptomonedas.<\/p>\n<p><strong>P: \u00bfCu\u00e1nto tiempo lleva la preparaci\u00f3n del pedido?<\/strong><br \/>\nR: La preparaci\u00f3n del pedido demora entre 1 y 3 d\u00edas h\u00e1biles.<\/p>\n<p><strong>P: \u00bfCu\u00e1l es el tiempo de env\u00edo?<\/strong><br \/>\nR: El tiempo de env\u00edo es de 7 a 14 d\u00edas h\u00e1biles, seg\u00fan su ubicaci\u00f3n.<\/p>\n<p><strong>P: \u00bfC\u00f3mo puedo realizar un seguimiento de mi pedido?<\/strong><br \/>\nR: Despu\u00e9s del env\u00edo, recibir\u00e1 un correo electr\u00f3nico de confirmaci\u00f3n con un n\u00famero de seguimiento para realizar un seguimiento en tiempo real.<\/p>\n<p><strong>P: \u00bfCu\u00e1l es su pol\u00edtica de devoluci\u00f3n?<\/strong><br \/>\nR: Ofrecemos una pol\u00edtica de devoluci\u00f3n de 30 d\u00edas para reembolsos o cambios. .<\/p>\n<p><strong>P: \u00bfHabr\u00e1 alg\u00fan problema aduanero?<br \/>\n<\/strong>Nos encargamos de todos los procedimientos de despacho de aduanas para garantizarle una experiencia sin complicaciones. .<\/p>\n<p><strong>P: \u00bfQu\u00e9 m\u00e9todos de env\u00edo se utilizan?<\/strong><br \/>\nCooperamos con UPS\/DHL\/FEDEX\/DPD, etc. Elegiremos la opci\u00f3n de env\u00edo adecuada seg\u00fan el pa\u00eds de entrega para asegurarnos de que reciba sus productos lo m\u00e1s r\u00e1pido posible.<\/p>\n<p><a href=\"https:\/\/pgvape.com\/es\/preguntas-frecuentes\/\">Haga clic aqu\u00ed para m\u00e1s preguntas frecuentes<\/a><\/p>\n<p>Estimados clientes: Si tienen alguna pregunta sobre su pedido o la llegada de la mercanc\u00eda, comun\u00edquese con nuestro servicio de atenci\u00f3n al cliente. \u00a1Gracias!<\/p>\n<h3 data-sourcepos=\"73:1-73:21\"><strong data-sourcepos=\"73:7-73:21\">Cont\u00e1ctenos<\/strong><\/h3>\n<div id=\"text-2419739398\" class=\"text\">\n<p><strong data-sourcepos=\"75:3-75:12\">Correo electr\u00f3nico<\/strong>:\u00a0<a href=\"mailto:support@pgvape.com\"><strong>support@pgvape.com<\/strong><\/a><\/p>\n<p><strong data-sourcepos=\"76:3-76:15\">WhatsApp<\/strong>: <a href=\"https:\/\/wa.me\/+8618128481258\"><strong>+86 18128481258<\/strong><\/a><br \/>\n<strong>(Respuesta dentro de las 24 horas en d\u00edas h\u00e1biles)<\/strong><\/p>\n<\/div>\n<h3><strong>\u00a1Gracias por elegir pgvape.com! .<\/strong><\/h3>\n<\/div>","protected":false},"excerpt":{"rendered":"<p>\u201c<strong data-sourcepos=\"53:2-53:25\">Barra Ciervo 4 En 1 80K<\/strong>: El <strong data-sourcepos=\"53:31-53:67\">Lo \u00faltimo en desechables de m\u00faltiples sabores.<\/strong> con <strong data-sourcepos=\"53:73-53:89\">80.000 bocanadas<\/strong>, <strong data-sourcepos=\"53:91-53:110\">cuatro tanques de 18 ml<\/strong>, y <strong data-sourcepos=\"53:116-53:136\">10 combinaciones de sabores<\/strong>. <strong data-sourcepos=\"53:147-53:166\">bater\u00eda de 1000mah<\/strong>, <strong data-sourcepos=\"53:168-53:186\">Bobina de malla de 1,1 \u03a9<\/strong>, y <strong data-sourcepos=\"53:192-53:213\">pantalla LED inteligente<\/strong> para <strong data-sourcepos=\"53:218-53:248\">resistencia al vapeo incomparable<\/strong>.\u201d<\/p>","protected":false},"featured_media":2148,"comment_status":"open","ping_status":"closed","template":"","meta":{"_seopress_robots_primary_cat":"none","_seopress_titles_title":"%%post_title%% %%sep%% %%sitetitle%%","_seopress_titles_desc":"","_seopress_robots_index":""},"product_brand":[516,193],"product_cat":[41,515,192],"product_tag":[169,195,44,45,90,196,203,143,194],"class_list":{"0":"post-2144","1":"product","2":"type-product","3":"status-publish","4":"has-post-thumbnail","6":"product_brand-disposable-vape","7":"product_brand-stag-bar-vape","8":"product_cat-80k-puffs-vape","9":"product_cat-disposable-vape","10":"product_cat-stag-bar-vape","11":"product_tag-10tastes","12":"product_tag-4-in-1","13":"product_tag-80k-puffs","14":"product_tag-80k-vape","15":"product_tag-disposable-vape","16":"product_tag-four-flavors","17":"product_tag-shipment-from-eu","18":"product_tag-smart-led-display","19":"product_tag-stag-bar","21":"first","22":"instock","23":"sale","24":"shipping-taxable","25":"purchasable","26":"product-type-variable"},"_links":{"self":[{"href":"https:\/\/pgvape.com\/es\/wp-json\/wp\/v2\/product\/2144","targetHints":{"allow":["GET"]}}],"collection":[{"href":"https:\/\/pgvape.com\/es\/wp-json\/wp\/v2\/product"}],"about":[{"href":"https:\/\/pgvape.com\/es\/wp-json\/wp\/v2\/types\/product"}],"replies":[{"embeddable":true,"href":"https:\/\/pgvape.com\/es\/wp-json\/wp\/v2\/comments?post=2144"}],"wp:featuredmedia":[{"embeddable":true,"href":"https:\/\/pgvape.com\/es\/wp-json\/wp\/v2\/media\/2148"}],"wp:attachment":[{"href":"https:\/\/pgvape.com\/es\/wp-json\/wp\/v2\/media?parent=2144"}],"wp:term":[{"taxonomy":"product_brand","embeddable":true,"href":"https:\/\/pgvape.com\/es\/wp-json\/wp\/v2\/product_brand?post=2144"},{"taxonomy":"product_cat","embeddable":true,"href":"https:\/\/pgvape.com\/es\/wp-json\/wp\/v2\/product_cat?post=2144"},{"taxonomy":"product_tag","embeddable":true,"href":"https:\/\/pgvape.com\/es\/wp-json\/wp\/v2\/product_tag?post=2144"}],"curies":[{"name":"wp","href":"https:\/\/api.w.org\/{rel}","templated":true}]}}