{"id":2065,"date":"2025-10-01T08:31:49","date_gmt":"2025-10-01T08:31:49","guid":{"rendered":"https:\/\/pgvape.com\/?post_type=product&#038;p=2065"},"modified":"2025-12-15T13:17:58","modified_gmt":"2025-12-15T13:17:58","slug":"gazzbar-ice-god-50000-50k-puffs-vape-desechable-5-niveles-de-enfriamiento-ajustable-pantalla-led-inteligente-vape-directo-de-fabrica","status":"publish","type":"product","link":"https:\/\/pgvape.com\/es\/producto\/gazzbar-ice-god-50000-50k-puffs-vape-desechable-5-niveles-de-enfriamiento-ajustable-pantalla-led-inteligente-vape-directo-de-fabrica\/","title":{"rendered":"Gazzbar Ice God 50000 50K Puffs Vape desechable 5 niveles de enfriamiento ajustable Pantalla LED inteligente Vape directo de f\u00e1brica"},"content":{"rendered":"<div class=\"auto-hide-last-sibling-br paragraph-JOTKXA paragraph-element br-paragraph-space\">\n<div class=\"auto-hide-last-sibling-br paragraph-JOTKXA paragraph-element br-paragraph-space\"><strong data-sourcepos=\"2:5-2:52\">Gazzbar Ice God 50000 inhalaciones Vape desechable<\/strong> Entrega <strong data-sourcepos=\"2:62-2:87\">Rendimiento inigualable<\/strong> Con <strong data-sourcepos=\"2:93-2:120\">50.000 bocanadas ultralargas<\/strong> Y <strong data-sourcepos=\"2:125-2:151\">Hielo ajustable de 5 niveles<\/strong>. <strong data-sourcepos=\"2:165-2:185\">Bobina de malla triple<\/strong>, Produce <strong data-sourcepos=\"2:199-2:214\">rico sabor<\/strong> Y <strong data-sourcepos=\"2:219-2:234\">Vapor denso<\/strong>. <strong data-sourcepos=\"2:240-2:271\">Bater\u00eda recargable de 850 mAh.<\/strong> Con <strong data-sourcepos=\"2:277-2:301\">Carga r\u00e1pida tipo C<\/strong> Asegura <strong data-sourcepos=\"2:310-2:326\">Uso extendido<\/strong>, mientras que el <strong data-sourcepos=\"2:338-2:359\">Pantalla LED inteligente<\/strong> Pistas <strong data-sourcepos=\"2:367-2:379\">E-l\u00edquido<\/strong> Y <strong data-sourcepos=\"2:384-2:402\">Niveles de bater\u00eda<\/strong>. <strong data-sourcepos=\"2:417-2:439\">20 sabores premium<\/strong>, Empaquetado <strong data-sourcepos=\"2:450-2:462\">5 unids\/caja<\/strong> Para venta minorista\/mayorista.<\/div>\n<\/div>\n<p>&nbsp;<\/p>\n<h2><span style=\"font-size: 90%;\">Gazzbar Ice God 50000 | 50K inhalaciones Vape desechable <\/span><strong data-sourcepos=\"6:5-6:31\">Presupuesto<\/strong><\/h2>\n<p><strong data-sourcepos=\"7:3-7:17\">Conteo de bocanadas<\/strong>:\u00a0<strong data-sourcepos=\"7:19-7:35\">50.000 bocanadas<\/strong><\/p>\n<p><strong data-sourcepos=\"8:3-8:15\">Nicotina<\/strong>:\u00a0<strong data-sourcepos=\"8:17-8:23\">5%<\/strong><\/p>\n<p><strong data-sourcepos=\"9:3-9:11\">Bobina<\/strong>:\u00a0<strong data-sourcepos=\"9:13-9:35\">Malla triple (0,6 \u03a9)<\/strong><\/p>\n<p><strong data-sourcepos=\"10:3-10:14\">Bater\u00eda<\/strong>:\u00a0<strong data-sourcepos=\"10:16-10:39\">850mAh recargable<\/strong><\/p>\n<p><strong data-sourcepos=\"11:3-11:15\">Cargando<\/strong>:\u00a0<strong data-sourcepos=\"11:17-11:41\">Carga r\u00e1pida tipo C<\/strong><\/p>\n<p><strong data-sourcepos=\"12:3-12:14\">Enfriamiento<\/strong>:\u00a0<strong data-sourcepos=\"12:16-12:42\">Hielo ajustable de 5 niveles<\/strong><\/p>\n<p><strong data-sourcepos=\"13:3-13:14\">Mostrar<\/strong>:\u00a0<strong data-sourcepos=\"13:16-13:49\">Pantalla LED (bater\u00eda\/e-l\u00edquido)<\/strong><\/p>\n<p><strong data-sourcepos=\"14:3-14:14\">Paquete<\/strong>:\u00a0<strong data-sourcepos=\"14:16-14:33\">5 dispositivos\/caja<\/strong><\/p>\n<h3><span style=\"font-size: 90%;\">Lista disponible del sabor de Vape de los soplos 50K de Gazzbar Ice God 50000 |<\/span><\/h3>\n<p><strong data-sourcepos=\"19:4-19:22\">1.Hielo de sand\u00eda<\/strong><\/p>\n<p><strong data-sourcepos=\"20:4-20:21\">2. Hielo azul Razz<\/strong><\/p>\n<p><strong data-sourcepos=\"21:4-21:27\">3.Hielo de kiwi y fresa<\/strong><\/p>\n<p><strong data-sourcepos=\"22:4-22:19\">4.Baya mixta<\/strong><\/p>\n<p><strong data-sourcepos=\"23:4-23:30\">5.Mango Melocot\u00f3n Sand\u00eda<\/strong><\/p>\n<p><strong data-sourcepos=\"24:4-24:32\">6.Guayaba y maracuy\u00e1 con kiwi<\/strong><\/p>\n<p><strong data-sourcepos=\"25:4-25:17\">7.Hielo de uva<\/strong><\/p>\n<p><strong data-sourcepos=\"26:4-26:20\">8. Mango doble<\/strong><\/p>\n<p><strong data-sourcepos=\"27:4-27:17\">9.Hielo de melocot\u00f3n<\/strong><\/p>\n<p><strong data-sourcepos=\"28:5-28:30\">10.Sand\u00eda Fresa<\/strong><\/p>\n<p><strong data-sourcepos=\"29:5-29:19\">11.Casa de la Moneda de Miami<\/strong><\/p>\n<p><strong data-sourcepos=\"30:5-30:29\">12. Mora y ar\u00e1ndano<\/strong><\/p>\n<p><strong data-sourcepos=\"31:5-31:37\">13.Cereza, granada, ar\u00e1ndano<\/strong><\/p>\n<p><strong data-sourcepos=\"32:5-32:17\">14.Toro rojo<\/strong><\/p>\n<p><strong data-sourcepos=\"33:5-33:21\">15.Doble manzana<\/strong><\/p>\n<p><strong data-sourcepos=\"34:5-34:22\">16.Hielo de ar\u00e1ndanos<\/strong><\/p>\n<p><strong data-sourcepos=\"35:5-35:19\">17.Chicle<\/strong><\/p>\n<p><strong data-sourcepos=\"36:5-36:26\">18.Sand\u00eda cereza<\/strong><\/p>\n<p><strong data-sourcepos=\"37:5-37:32\">19.Hielo de mango y maracuy\u00e1<\/strong><\/p>\n<p><strong data-sourcepos=\"38:5-38:30\">20.Chicle de sand\u00eda<\/strong><\/p>\n<p><img loading=\"lazy\" decoding=\"async\" class=\"alignnone wp-image-2076 size-full\" src=\"https:\/\/pgvape.com\/wp-content\/uploads\/2025\/10\/PG-Vape-Gazzbar-Ice-God-50000-50K-Puffs-Disposable-Vape-5-Level-Adjustable-Cooling-Flavor-List.png\" alt=\"Cuadr\u00edcula colorida de mosaicos de sabor a vapeo Gazzbar Ice God 50K Puffs sobre un fondo azul claro, cada uno mostrando un peque\u00f1o dispositivo de vapeo blanco e im\u00e1genes de frutas o hielo con nombres como Watermelon Ice, Strawberry Watermelon, Cherry Pomegranate Cranberry, Blue Razz Ice, Blueberry Ice, Bubble Gum, Miami Mint, Strawberry Kiwi Ice, Kiwi Passion Fruit Guayaba, Double Apple, Watermelon Bubble Gum, Mixed Berry, Peach Ice, Cherry Sand\u00eda, Mango Peach Sand\u00eda. .\" width=\"2000\" height=\"2000\" srcset=\"https:\/\/pgvape.com\/wp-content\/uploads\/2025\/10\/PG-Vape-Gazzbar-Ice-God-50000-50K-Puffs-Disposable-Vape-5-Level-Adjustable-Cooling-Flavor-List.png 2000w, https:\/\/pgvape.com\/wp-content\/uploads\/2025\/10\/PG-Vape-Gazzbar-Ice-God-50000-50K-Puffs-Disposable-Vape-5-Level-Adjustable-Cooling-Flavor-List-360x360.png 360w, https:\/\/pgvape.com\/wp-content\/uploads\/2025\/10\/PG-Vape-Gazzbar-Ice-God-50000-50K-Puffs-Disposable-Vape-5-Level-Adjustable-Cooling-Flavor-List-595x595.png 595w, https:\/\/pgvape.com\/wp-content\/uploads\/2025\/10\/PG-Vape-Gazzbar-Ice-God-50000-50K-Puffs-Disposable-Vape-5-Level-Adjustable-Cooling-Flavor-List-400x400.png 400w, https:\/\/pgvape.com\/wp-content\/uploads\/2025\/10\/PG-Vape-Gazzbar-Ice-God-50000-50K-Puffs-Disposable-Vape-5-Level-Adjustable-Cooling-Flavor-List-768x768.png 768w, https:\/\/pgvape.com\/wp-content\/uploads\/2025\/10\/PG-Vape-Gazzbar-Ice-God-50000-50K-Puffs-Disposable-Vape-5-Level-Adjustable-Cooling-Flavor-List-1536x1536.png 1536w, https:\/\/pgvape.com\/wp-content\/uploads\/2025\/10\/PG-Vape-Gazzbar-Ice-God-50000-50K-Puffs-Disposable-Vape-5-Level-Adjustable-Cooling-Flavor-List-12x12.png 12w, https:\/\/pgvape.com\/wp-content\/uploads\/2025\/10\/PG-Vape-Gazzbar-Ice-God-50000-50K-Puffs-Disposable-Vape-5-Level-Adjustable-Cooling-Flavor-List-300x300.png 300w, https:\/\/pgvape.com\/wp-content\/uploads\/2025\/10\/PG-Vape-Gazzbar-Ice-God-50000-50K-Puffs-Disposable-Vape-5-Level-Adjustable-Cooling-Flavor-List-600x600.png 600w, https:\/\/pgvape.com\/wp-content\/uploads\/2025\/10\/PG-Vape-Gazzbar-Ice-God-50000-50K-Puffs-Disposable-Vape-5-Level-Adjustable-Cooling-Flavor-List-100x100.png 100w, https:\/\/pgvape.com\/wp-content\/uploads\/2025\/10\/PG-Vape-Gazzbar-Ice-God-50000-50K-Puffs-Disposable-Vape-5-Level-Adjustable-Cooling-Flavor-List-40x40.png 40w\" sizes=\"auto, (max-width: 2000px) 100vw, 2000px\" \/><\/p>\n<h3><\/h3>\n<h3><span style=\"font-size: 90%;\">V\u00eddeo de Vape desechable Gazzbar Ice God 50000 | 50K Puffs:<\/span><\/h3>\n<p><iframe loading=\"lazy\" title=\"Gazzbar Ice God 50K Puffs Vape desechable | Enfriamiento ajustable de 5 niveles | Vape Factory Direct pgvape\" width=\"563\" height=\"1000\" src=\"https:\/\/www.youtube.com\/embed\/1-JHS8vQVBo?feature=oembed\" frameborder=\"0\" allow=\"accelerometer; autoplay; clipboard-write; encrypted-media; gyroscope; picture-in-picture; web-share\" referrerpolicy=\"strict-origin-when-cross-origin\" allowfullscreen><\/iframe><\/p>\n<p>&nbsp;<\/p>\n<h2 class=\"header-vfC6AV auto-hide-last-sibling-br\">Preguntas frecuentes sobre Gazzbar Ice God 50000 | 50K Puffs Vape desechable<\/h2>\n<p data-sourcepos=\"43:1-44:85\">\u2753 <strong data-sourcepos=\"43:3-43:52\">\u00bfQu\u00e9 hace que la cuenta de 50.000 caladas sea especial?<br \/>\n<\/strong> \u2705 <strong data-sourcepos=\"44:3-44:32\">Capacidad l\u00edder en la industria<\/strong> \u2013 Dura <strong data-sourcepos=\"44:41-44:56\">5-6 veces m\u00e1s<\/strong> Que los desechables est\u00e1ndar.<\/p>\n<p data-sourcepos=\"46:1-47:79\">\u2753 <strong data-sourcepos=\"46:3-46:44\">\u00bfC\u00f3mo funciona el hielo ajustable?<br \/>\n<\/strong>\u2705 <strong data-sourcepos=\"47:3-47:34\">Personalizar la intensidad de enfriamiento<\/strong> De <strong data-sourcepos=\"47:40-47:55\">Fr\u00edo ligero<\/strong> A <strong data-sourcepos=\"47:59-47:76\">Helada \u00e1rtica<\/strong>.<\/p>\n<p data-sourcepos=\"49:1-50:81\">\u2753 <strong data-sourcepos=\"49:3-49:42\">\u00bfEs mejor la bobina de triple malla?<br \/>\n<\/strong> \u2705 <strong data-sourcepos=\"50:3-50:11\">\u00a1S\u00ed!<\/strong> Entrega <strong data-sourcepos=\"50:21-50:40\">30% M\u00e1s Sabor<\/strong> Y <strong data-sourcepos=\"50:45-50:62\">Nubes m\u00e1s densas<\/strong> Que las bobinas duales.<\/p>\n<p data-sourcepos=\"52:1-53:73\">\u2753 <strong data-sourcepos=\"52:3-52:50\">\u00bfPuedo controlar la bater\u00eda y el E-Liquid?<\/strong><br \/>\n\u2705 <strong data-sourcepos=\"53:3-53:18\">Pantalla LED<\/strong> Espect\u00e1culos <strong data-sourcepos=\"53:25-53:46\">Actualizaciones en tiempo real<\/strong> Para un seguimiento conveniente.<\/p>\n<p data-sourcepos=\"55:1-56:56\">\u2753 <strong data-sourcepos=\"55:3-55:34\">\u00bfPor qu\u00e9 elegir la nicotina 5%?<br \/>\n<\/strong> \u2705 <strong data-sourcepos=\"56:3-56:26\">Fuerte satisfacci\u00f3n<\/strong> Para <strong data-sourcepos=\"56:31-56:53\">Vapers experimentados<\/strong>.<\/p>\n<p>&nbsp;<\/p>\n<h3 id=\"brxe-najhln\" class=\"brxe-heading\">Preguntas frecuentes (FAQ)<\/h3>\n<div id=\"brxe-rajiac\" class=\"brxe-text\">\n<p><strong>P: \u00bfQu\u00e9 m\u00e9todos de pago aceptan?<\/strong><br \/>\nR: Aceptamos PayPal, Stripe, transferencias bancarias (compatibles con SEPA), las principales tarjetas de cr\u00e9dito (Visa, MasterCard, American Express) y pagos con criptomonedas.<\/p>\n<p><strong>P: \u00bfCu\u00e1nto tiempo lleva la preparaci\u00f3n del pedido?<\/strong><br \/>\nR: La preparaci\u00f3n del pedido demora entre 1 y 3 d\u00edas h\u00e1biles.<\/p>\n<p><strong>P: \u00bfCu\u00e1l es el tiempo de env\u00edo?<\/strong><br \/>\nR: El tiempo de env\u00edo es de 7 a 14 d\u00edas h\u00e1biles, seg\u00fan su ubicaci\u00f3n.<\/p>\n<p><strong>P: \u00bfC\u00f3mo puedo realizar un seguimiento de mi pedido?<\/strong><br \/>\nR: Despu\u00e9s del env\u00edo, recibir\u00e1 un correo electr\u00f3nico de confirmaci\u00f3n con un n\u00famero de seguimiento para realizar un seguimiento en tiempo real.<\/p>\n<p><strong>P: \u00bfCu\u00e1l es su pol\u00edtica de devoluci\u00f3n?<\/strong><br \/>\nR: Ofrecemos una pol\u00edtica de devoluci\u00f3n de 30 d\u00edas para reembolsos o cambios. .<\/p>\n<p><strong>P: \u00bfHabr\u00e1 alg\u00fan problema aduanero?<br \/>\n<\/strong>Nos encargamos de todos los procedimientos de despacho de aduanas para garantizarle una experiencia sin complicaciones. .<\/p>\n<p><strong>P: \u00bfQu\u00e9 m\u00e9todos de env\u00edo se utilizan?<\/strong><br \/>\nCooperamos con UPS\/DHL\/FEDEX\/DPD, etc. Elegiremos la opci\u00f3n de env\u00edo adecuada seg\u00fan el pa\u00eds de entrega para asegurarnos de que reciba sus productos lo m\u00e1s r\u00e1pido posible.<\/p>\n<p><a href=\"https:\/\/pgvape.com\/es\/preguntas-frecuentes\/\">Haga clic aqu\u00ed para m\u00e1s preguntas frecuentes<\/a><\/p>\n<p>Estimados clientes: Si tienen alguna pregunta sobre su pedido o la llegada de la mercanc\u00eda, comun\u00edquese con nuestro servicio de atenci\u00f3n al cliente. \u00a1Gracias!<\/p>\n<h3 data-sourcepos=\"73:1-73:21\"><strong data-sourcepos=\"73:7-73:21\">Cont\u00e1ctenos<\/strong><\/h3>\n<div id=\"text-2419739398\" class=\"text\">\n<p><strong data-sourcepos=\"75:3-75:12\">Correo electr\u00f3nico<\/strong>:\u00a0<a href=\"mailto:support@pgvape.com\"><strong>support@pgvape.com<\/strong><\/a><\/p>\n<p><strong data-sourcepos=\"76:3-76:15\">WhatsApp<\/strong>: <a href=\"https:\/\/wa.me\/+8618128481258\"><strong>+86 18128481258<\/strong><\/a><br \/>\n<strong>(Respuesta dentro de las 24 horas en d\u00edas h\u00e1biles)<\/strong><\/p>\n<\/div>\n<h3><strong>\u00a1Gracias por elegir pgvape.com! .<\/strong><\/h3>\n<\/div>","protected":false},"excerpt":{"rendered":"<p><strong data-sourcepos=\"61:1-61:226\">\u201cGazzbar Ice God 50000: el vaporizador desechable definitivo con 50.000 inhalaciones, hielo ajustable y 20 sabores, con bobinas de malla triple, pantalla inteligente y carga tipo C para un rendimiento superior\u201d.\u201d<\/strong><\/p>","protected":false},"featured_media":2068,"comment_status":"open","ping_status":"closed","template":"","meta":{"_seopress_robots_primary_cat":"none","_seopress_titles_title":"%%post_title%% %%sep%% %%sitetitle%%","_seopress_titles_desc":"","_seopress_robots_index":""},"product_brand":[516,181],"product_cat":[61,515,180],"product_tag":[187,186,64,65,90,185,490,188],"class_list":{"0":"post-2065","1":"product","2":"type-product","3":"status-publish","4":"has-post-thumbnail","6":"product_brand-disposable-vape","7":"product_brand-gazzbar-vape","8":"product_cat-50k-puffs-vape","9":"product_cat-disposable-vape","10":"product_cat-gazzbar-vape","11":"product_tag-20tastes","12":"product_tag-5-level-adjustable-cooling","13":"product_tag-50k-puffs","14":"product_tag-50k-vape","15":"product_tag-disposable-vape","16":"product_tag-gazzbar-ice-god","17":"product_tag-minimum-2-pieces","18":"product_tag-smart-led","20":"first","21":"instock","22":"sale","23":"shipping-taxable","24":"purchasable","25":"product-type-variable"},"_links":{"self":[{"href":"https:\/\/pgvape.com\/es\/wp-json\/wp\/v2\/product\/2065","targetHints":{"allow":["GET"]}}],"collection":[{"href":"https:\/\/pgvape.com\/es\/wp-json\/wp\/v2\/product"}],"about":[{"href":"https:\/\/pgvape.com\/es\/wp-json\/wp\/v2\/types\/product"}],"replies":[{"embeddable":true,"href":"https:\/\/pgvape.com\/es\/wp-json\/wp\/v2\/comments?post=2065"}],"wp:featuredmedia":[{"embeddable":true,"href":"https:\/\/pgvape.com\/es\/wp-json\/wp\/v2\/media\/2068"}],"wp:attachment":[{"href":"https:\/\/pgvape.com\/es\/wp-json\/wp\/v2\/media?parent=2065"}],"wp:term":[{"taxonomy":"product_brand","embeddable":true,"href":"https:\/\/pgvape.com\/es\/wp-json\/wp\/v2\/product_brand?post=2065"},{"taxonomy":"product_cat","embeddable":true,"href":"https:\/\/pgvape.com\/es\/wp-json\/wp\/v2\/product_cat?post=2065"},{"taxonomy":"product_tag","embeddable":true,"href":"https:\/\/pgvape.com\/es\/wp-json\/wp\/v2\/product_tag?post=2065"}],"curies":[{"name":"wp","href":"https:\/\/api.w.org\/{rel}","templated":true}]}}