{"id":2023,"date":"2025-10-01T06:39:42","date_gmt":"2025-10-01T06:39:42","guid":{"rendered":"https:\/\/pgvape.com\/?post_type=product&#038;p=2023"},"modified":"2025-12-15T13:18:37","modified_gmt":"2025-12-15T13:18:37","slug":"gazzbar-30000-30k-sopla-directo-de-fabrica-disponible-del-vape-de-la-pantalla-del-cielo-estrellado-del-vape-3d","status":"publish","type":"product","link":"https:\/\/pgvape.com\/es\/producto\/gazzbar-30000-30k-sopla-directo-de-fabrica-disponible-del-vape-de-la-pantalla-del-cielo-estrellado-del-vape-3d\/","title":{"rendered":"Gazzbar 30000 30K sopla f\u00e1brica disponible de Vape de la pantalla del cielo estrellado de Vape 3D directa de f\u00e1brica"},"content":{"rendered":"<p><strong data-sourcepos=\"2:5-2:38\">Vaporizador desechable Gazzbar 30000<\/strong> Eleva el vapeo con su <strong data-sourcepos=\"2:64-2:97\">Impresionante pantalla de cielo estrellado en 3D<\/strong> Que se ilumina durante el uso. <strong data-sourcepos=\"2:135-2:154\">Bobinas de malla dual<\/strong> Para <strong data-sourcepos=\"2:159-2:176\">Sabor m\u00e1s rico<\/strong> Y <strong data-sourcepos=\"2:181-2:197\">Vapor m\u00e1s denso<\/strong>, Este dispositivo cuenta con un <strong data-sourcepos=\"2:220-2:246\">Capacidad de l\u00edquido electr\u00f3nico de 28 ml<\/strong> Y <strong data-sourcepos=\"2:251-2:282\">Bater\u00eda recargable de 800 mAh.<\/strong> Con <strong data-sourcepos=\"2:288-2:312\">Carga r\u00e1pida tipo C<\/strong>. <strong data-sourcepos=\"2:327-2:348\">15 sabores \u00fanicos<\/strong> Y <strong data-sourcepos=\"2:353-2:385\">Opciones de nicotina 0%\/2%\/3%\/5%<\/strong>, Es perfecto para los vapeadores que exigen <strong data-sourcepos=\"2:422-2:437\">Actuaci\u00f3n<\/strong> Y <strong data-sourcepos=\"2:442-2:451\">Estilo<\/strong>.<\/p>\n<p>&nbsp;<\/p>\n<h2><span style=\"font-size: 90%;\">Especificaci\u00f3n disponible de Vape de los soplos de Gazzbar 30000 | 30K<\/span><\/h2>\n<p><strong data-sourcepos=\"7:3-7:17\">Conteo de bocanadas<\/strong>:\u00a0<strong data-sourcepos=\"7:19-7:35\">30.000 bocanadas<\/strong><\/p>\n<p><strong data-sourcepos=\"8:3-8:15\">Nicotina<\/strong>:\u00a0<strong data-sourcepos=\"8:17-8:46\">Opciones 0% \/ 2% \/ 3% \/ 5%<\/strong><\/p>\n<p><strong data-sourcepos=\"9:3-9:15\">E-l\u00edquido<\/strong>:\u00a0<strong data-sourcepos=\"9:17-9:34\">Capacidad de 28 ml.<\/strong><\/p>\n<p><strong data-sourcepos=\"10:3-10:11\">Bobina<\/strong>:\u00a0<strong data-sourcepos=\"10:13-10:31\">Bobina de malla doble<\/strong><\/p>\n<p><strong data-sourcepos=\"11:3-11:14\">Bater\u00eda<\/strong>:\u00a0<strong data-sourcepos=\"11:16-11:39\">800mAh recargable<\/strong><\/p>\n<p><strong data-sourcepos=\"12:3-12:15\">Cargando<\/strong>:\u00a0<strong data-sourcepos=\"12:17-12:41\">Carga r\u00e1pida tipo C<\/strong><\/p>\n<p><strong data-sourcepos=\"13:3-13:14\">Mostrar<\/strong>:\u00a0<strong data-sourcepos=\"13:16-13:40\">Pantalla de cielo estrellado 3D<\/strong><\/p>\n<p><strong data-sourcepos=\"14:3-14:14\">Paquete<\/strong>:\u00a0<strong data-sourcepos=\"14:16-14:35\">Unidad individual<\/strong><\/p>\n<p>&nbsp;<\/p>\n<h3><span style=\"font-size: 90%;\">Gazzbar 30000 | 30K inhala lista de sabores desechables de Vape<\/span><\/h3>\n<p>1.B-Pop de fresa<\/p>\n<p>2.Rancero azul<\/p>\n<p>3.Hielo de melocot\u00f3n y frambuesa<\/p>\n<p>4.Pi\u00f1a con mango agrio<\/p>\n<p>5. Hielo azul Razz<\/p>\n<p>6.Lime Berry Naranja<\/p>\n<p>7.Cabezas de lim\u00f3n<\/p>\n<p>8.Hielo de sand\u00eda<\/p>\n<p>9.B-Pop de Blackberry<\/p>\n<p>10.Casa de la Moneda de Miami<\/p>\n<p>11.Hielo de manzana agria<\/p>\n<p>12.Refrescante de pomelo<\/p>\n<p>13.Congelado de caramelo de pl\u00e1tano<\/p>\n<p>14. Mango de M\u00e9xico<\/p>\n<p>15.Borrar<\/p>\n<p><img loading=\"lazy\" decoding=\"async\" class=\"alignnone wp-image-2026 size-full\" src=\"https:\/\/pgvape.com\/wp-content\/uploads\/2025\/10\/Pgvape-Gazzbar-30000-30K-Puffs-Disposable-Vape-0-2-3-5-Nicotine-15Tastes-3D-Starry-Sky-screen-Vape-Factory-Direct-1.png\" alt=\"P\u00f3ster promocional para vaporizadores desechables GAZZBAR Turbo que muestra 15 dispositivos codificados por colores etiquetados con nombres de sabores, \u00edconos de especificaciones para inhalaciones, e-l\u00edquido de 28 ml, bater\u00eda de 800 mAh, malla dual y tipo C, tama\u00f1os de empaque y el logotipo de la marca.\" width=\"1357\" height=\"1920\" srcset=\"https:\/\/pgvape.com\/wp-content\/uploads\/2025\/10\/Pgvape-Gazzbar-30000-30K-Puffs-Disposable-Vape-0-2-3-5-Nicotine-15Tastes-3D-Starry-Sky-screen-Vape-Factory-Direct-1.png 1357w, https:\/\/pgvape.com\/wp-content\/uploads\/2025\/10\/Pgvape-Gazzbar-30000-30K-Puffs-Disposable-Vape-0-2-3-5-Nicotine-15Tastes-3D-Starry-Sky-screen-Vape-Factory-Direct-1-254x360.png 254w, https:\/\/pgvape.com\/wp-content\/uploads\/2025\/10\/Pgvape-Gazzbar-30000-30K-Puffs-Disposable-Vape-0-2-3-5-Nicotine-15Tastes-3D-Starry-Sky-screen-Vape-Factory-Direct-1-595x842.png 595w, https:\/\/pgvape.com\/wp-content\/uploads\/2025\/10\/Pgvape-Gazzbar-30000-30K-Puffs-Disposable-Vape-0-2-3-5-Nicotine-15Tastes-3D-Starry-Sky-screen-Vape-Factory-Direct-1-283x400.png 283w, https:\/\/pgvape.com\/wp-content\/uploads\/2025\/10\/Pgvape-Gazzbar-30000-30K-Puffs-Disposable-Vape-0-2-3-5-Nicotine-15Tastes-3D-Starry-Sky-screen-Vape-Factory-Direct-1-768x1087.png 768w, https:\/\/pgvape.com\/wp-content\/uploads\/2025\/10\/Pgvape-Gazzbar-30000-30K-Puffs-Disposable-Vape-0-2-3-5-Nicotine-15Tastes-3D-Starry-Sky-screen-Vape-Factory-Direct-1-1086x1536.png 1086w, https:\/\/pgvape.com\/wp-content\/uploads\/2025\/10\/Pgvape-Gazzbar-30000-30K-Puffs-Disposable-Vape-0-2-3-5-Nicotine-15Tastes-3D-Starry-Sky-screen-Vape-Factory-Direct-1-8x12.png 8w, https:\/\/pgvape.com\/wp-content\/uploads\/2025\/10\/Pgvape-Gazzbar-30000-30K-Puffs-Disposable-Vape-0-2-3-5-Nicotine-15Tastes-3D-Starry-Sky-screen-Vape-Factory-Direct-1-600x849.png 600w, https:\/\/pgvape.com\/wp-content\/uploads\/2025\/10\/Pgvape-Gazzbar-30000-30K-Puffs-Disposable-Vape-0-2-3-5-Nicotine-15Tastes-3D-Starry-Sky-screen-Vape-Factory-Direct-1-28x40.png 28w\" sizes=\"auto, (max-width: 1357px) 100vw, 1357px\" \/><\/p>\n<h3><span style=\"font-size: 90%;\">V\u00eddeo de Vape desechable Gazzbar 30000 | 30K Puffs:<br \/>\n<iframe loading=\"lazy\" title=\"Gazzbar 30000 | 30K Puffs Vape desechable | Pantalla de cielo estrellado 3D | Vape Factory Direct pgvape\" width=\"563\" height=\"1000\" src=\"https:\/\/www.youtube.com\/embed\/wQEMZIVju50?feature=oembed\" frameborder=\"0\" allow=\"accelerometer; autoplay; clipboard-write; encrypted-media; gyroscope; picture-in-picture; web-share\" referrerpolicy=\"strict-origin-when-cross-origin\" allowfullscreen><\/iframe><br \/>\n<\/span><\/h3>\n<p>&nbsp;<\/p>\n<h2 class=\"header-vfC6AV auto-hide-last-sibling-br\">Preguntas frecuentes sobre Gazzbar 30000 | 30K Puffs Vape desechable<\/h2>\n<p data-sourcepos=\"38:1-39:105\">\u2753 <strong data-sourcepos=\"38:3-38:54\">\u00bfQu\u00e9 hace que la pantalla 3D Starry Sky sea \u00fanica?<\/strong><br \/>\n\u2705 <strong data-sourcepos=\"39:3-39:28\">Pantalla de luz din\u00e1mica<\/strong> Eso <strong data-sourcepos=\"39:34-39:63\">Se ilumina con cada uso.<\/strong> para un <strong data-sourcepos=\"39:70-39:102\">Experiencia visualmente impresionante<\/strong>.<\/p>\n<p data-sourcepos=\"41:1-42:85\">\u2753 <strong data-sourcepos=\"41:3-41:54\">\u00bfC\u00f3mo mejora el vapeo la bobina de malla dual?<\/strong><br \/>\n\u2705 <strong data-sourcepos=\"42:3-42:82\">Ofrece 30% m\u00e1s sabor y nubes m\u00e1s densas en comparaci\u00f3n con las bobinas simples<\/strong>.<\/p>\n<p data-sourcepos=\"44:1-45:89\">\u2753 <strong data-sourcepos=\"44:3-44:44\">\u00bfEs suficiente la bater\u00eda de 800 mAh?<\/strong><br \/>\n\u2705 <strong data-sourcepos=\"45:3-45:11\">\u00a1S\u00ed!<\/strong> Proporciona <strong data-sourcepos=\"45:21-45:36\">Uso durante todo el d\u00eda<\/strong> Con <strong data-sourcepos=\"45:42-45:66\">Carga r\u00e1pida tipo C<\/strong> Para potenciadores r\u00e1pidos.<\/p>\n<p data-sourcepos=\"47:1-48:68\">\u2753 <strong data-sourcepos=\"47:3-47:43\">\u00bfExisten opciones sin nicotina?<\/strong><br \/>\n\u2705 **\u00a1S\u00ed! <strong data-sourcepos=\"48:10-48:25\">0% Nicotina<\/strong> Disponible para <strong data-sourcepos=\"48:40-48:65\">Disfrute solo del sabor<\/strong>.<\/p>\n<p data-sourcepos=\"50:1-51:52\">\u2753 <strong data-sourcepos=\"50:3-50:45\">\u00bfPor qu\u00e9 elegir una capacidad de l\u00edquido electr\u00f3nico de 28 ml?<\/strong><br \/>\n\u2705 <strong data-sourcepos=\"51:3-51:19\">Uso extendido<\/strong> Sin reemplazos frecuentes.<\/p>\n<p>&nbsp;<\/p>\n<h3 id=\"brxe-najhln\" class=\"brxe-heading\">Preguntas frecuentes (FAQ)<\/h3>\n<div id=\"brxe-rajiac\" class=\"brxe-text\">\n<p><strong>P: \u00bfQu\u00e9 m\u00e9todos de pago aceptan?<\/strong><br \/>\nR: Aceptamos PayPal, Stripe, transferencias bancarias (compatibles con SEPA), las principales tarjetas de cr\u00e9dito (Visa, MasterCard, American Express) y pagos con criptomonedas.<\/p>\n<p><strong>P: \u00bfCu\u00e1nto tiempo lleva la preparaci\u00f3n del pedido?<\/strong><br \/>\nR: La preparaci\u00f3n del pedido demora entre 1 y 3 d\u00edas h\u00e1biles.<\/p>\n<p><strong>P: \u00bfCu\u00e1l es el tiempo de env\u00edo?<\/strong><br \/>\nR: El tiempo de env\u00edo es de 7 a 14 d\u00edas h\u00e1biles, seg\u00fan su ubicaci\u00f3n.<\/p>\n<p><strong>P: \u00bfC\u00f3mo puedo realizar un seguimiento de mi pedido?<\/strong><br \/>\nR: Despu\u00e9s del env\u00edo, recibir\u00e1 un correo electr\u00f3nico de confirmaci\u00f3n con un n\u00famero de seguimiento para realizar un seguimiento en tiempo real.<\/p>\n<p><strong>P: \u00bfCu\u00e1l es su pol\u00edtica de devoluci\u00f3n?<\/strong><br \/>\nR: Ofrecemos una pol\u00edtica de devoluci\u00f3n de 30 d\u00edas para reembolsos o cambios. .<\/p>\n<p><strong>P: \u00bfHabr\u00e1 alg\u00fan problema aduanero?<br \/>\n<\/strong>Nos encargamos de todos los procedimientos de despacho de aduanas para garantizarle una experiencia sin complicaciones. .<\/p>\n<p><strong>P: \u00bfQu\u00e9 m\u00e9todos de env\u00edo se utilizan?<\/strong><br \/>\nCooperamos con UPS\/DHL\/FEDEX\/DPD, etc. Elegiremos la opci\u00f3n de env\u00edo adecuada seg\u00fan el pa\u00eds de entrega para asegurarnos de que reciba sus productos lo m\u00e1s r\u00e1pido posible.<\/p>\n<p><a href=\"https:\/\/pgvape.com\/es\/preguntas-frecuentes\/\">Haga clic aqu\u00ed para m\u00e1s preguntas frecuentes<\/a><\/p>\n<p>Estimados clientes: Si tienen alguna pregunta sobre su pedido o la llegada de la mercanc\u00eda, comun\u00edquese con nuestro servicio de atenci\u00f3n al cliente. \u00a1Gracias!<\/p>\n<h3 data-sourcepos=\"73:1-73:21\"><strong data-sourcepos=\"73:7-73:21\">Cont\u00e1ctenos<\/strong><\/h3>\n<div id=\"text-2419739398\" class=\"text\">\n<p><strong data-sourcepos=\"75:3-75:12\">Correo electr\u00f3nico<\/strong>:\u00a0<a href=\"mailto:support@pgvape.com\"><strong>support@pgvape.com<\/strong><\/a><\/p>\n<p><strong data-sourcepos=\"76:3-76:15\">WhatsApp<\/strong>: <a href=\"https:\/\/wa.me\/+8618128481258\"><strong>+86 18128481258<\/strong><\/a><br \/>\n<strong>(Respuesta dentro de las 24 horas en d\u00edas h\u00e1biles)<\/strong><\/p>\n<\/div>\n<h3><strong>\u00a1Gracias por elegir pgvape.com! .<\/strong><\/h3>\n<\/div>","protected":false},"excerpt":{"rendered":"<p><strong data-sourcepos=\"56:1-56:228\">\u201cGazzbar 30000: el vaporizador desechable premium con 30.000 inhalaciones, pantalla de cielo estrellado en 3D y 15 sabores, con bobinas de malla doble, bater\u00eda de 800 mAh y 4 niveles de nicotina para un rendimiento m\u00e1ximo\u201d.\u201d<\/strong><\/p>","protected":false},"featured_media":2029,"comment_status":"open","ping_status":"closed","template":"","meta":{"_seopress_robots_primary_cat":"none","_seopress_titles_title":"%%post_title%% %%sep%% %%sitetitle%%","_seopress_titles_desc":"","_seopress_robots_index":""},"product_brand":[516,181],"product_cat":[35,515,180],"product_tag":[183,38,184,90,182],"class_list":{"0":"post-2023","1":"product","2":"type-product","3":"status-publish","4":"has-post-thumbnail","6":"product_brand-disposable-vape","7":"product_brand-gazzbar-vape","8":"product_cat-30k-puffs-vape","9":"product_cat-disposable-vape","10":"product_cat-gazzbar-vape","11":"product_tag-15tastes","12":"product_tag-30k-puffs","13":"product_tag-3d-starry-sky-screen","14":"product_tag-disposable-vape","15":"product_tag-gazzbar","17":"first","18":"instock","19":"sale","20":"shipping-taxable","21":"purchasable","22":"product-type-variable"},"_links":{"self":[{"href":"https:\/\/pgvape.com\/es\/wp-json\/wp\/v2\/product\/2023","targetHints":{"allow":["GET"]}}],"collection":[{"href":"https:\/\/pgvape.com\/es\/wp-json\/wp\/v2\/product"}],"about":[{"href":"https:\/\/pgvape.com\/es\/wp-json\/wp\/v2\/types\/product"}],"replies":[{"embeddable":true,"href":"https:\/\/pgvape.com\/es\/wp-json\/wp\/v2\/comments?post=2023"}],"wp:featuredmedia":[{"embeddable":true,"href":"https:\/\/pgvape.com\/es\/wp-json\/wp\/v2\/media\/2029"}],"wp:attachment":[{"href":"https:\/\/pgvape.com\/es\/wp-json\/wp\/v2\/media?parent=2023"}],"wp:term":[{"taxonomy":"product_brand","embeddable":true,"href":"https:\/\/pgvape.com\/es\/wp-json\/wp\/v2\/product_brand?post=2023"},{"taxonomy":"product_cat","embeddable":true,"href":"https:\/\/pgvape.com\/es\/wp-json\/wp\/v2\/product_cat?post=2023"},{"taxonomy":"product_tag","embeddable":true,"href":"https:\/\/pgvape.com\/es\/wp-json\/wp\/v2\/product_tag?post=2023"}],"curies":[{"name":"wp","href":"https:\/\/api.w.org\/{rel}","templated":true}]}}