{"id":1941,"date":"2025-09-30T08:30:26","date_gmt":"2025-09-30T08:30:26","guid":{"rendered":"https:\/\/pgvape.com\/?post_type=product&#038;p=1941"},"modified":"2026-04-06T07:40:49","modified_gmt":"2026-04-06T07:40:49","slug":"bang-de-60000-60k-sopla-3-en-1-fabrica-elegante-del-vape-de-la-pantalla-de-visualizacion-del-vape-disponible-de-los-sabores-triples-directo","status":"publish","type":"product","link":"https:\/\/pgvape.com\/es\/producto\/bang-de-60000-60k-sopla-3-en-1-fabrica-elegante-del-vape-de-la-pantalla-de-visualizacion-del-vape-disponible-de-los-sabores-triples-directo\/","title":{"rendered":"Bang DE 60000 60k sopla 3 en 1 f\u00e1brica elegante disponible de Vape de la pantalla de visualizaci\u00f3n de Vape de los sabores triples directo de f\u00e1brica"},"content":{"rendered":"<p class=\"brxe-heading\"><strong data-sourcepos=\"6:5-6:44\">Bang DE 60000 inhalaciones Vape desechable<\/strong> entrega <strong data-sourcepos=\"6:54-6:81\">60.000 caladas ultralargas<\/strong> con <strong data-sourcepos=\"6:87-6:115\">Tecnolog\u00eda de sabor 3 en 1<\/strong><span class=\"CustomP_animated_char__m3r9w\">\u00a0<\/span><span class=\"CustomP_animated_char__m3r9w\">(<\/span><span class=\"CustomP_animated_char__m3r9w\">A<\/span><span class=\"CustomP_animated_char__m3r9w\">\/<\/span><span class=\"CustomP_animated_char__m3r9w\">B<\/span><span class=\"CustomP_animated_char__m3r9w\">\/<\/span><span class=\"CustomP_animated_char__m3r9w\">AB<\/span><span class=\"CustomP_animated_char__m3r9w\">\u00a0<\/span><span class=\"CustomP_animated_char__m3r9w\">modos<\/span><span class=\"CustomP_animated_char__m3r9w\">)<\/span><span class=\"CustomP_animated_char__m3r9w\">\u00a0<\/span><span class=\"CustomP_animated_char__m3r9w\">para<\/span><span class=\"CustomP_animated_char__m3r9w\">\u00a0<\/span><span class=\"CustomP_animated_char__m3r9w\">personalizable<\/span><span class=\"CustomP_animated_char__m3r9w\">\u00a0<\/span><span class=\"CustomP_animated_char__m3r9w\">gusto<\/span><span class=\"CustomP_animated_char__m3r9w\">\u00a0<\/span><span class=\"CustomP_animated_char__m3r9w\">experiencias<\/span><span class=\"CustomP_animated_char__m3r9w\">.<\/span><span class=\"CustomP_animated_char__m3r9w\">\u00a0<\/span><span class=\"CustomP_animated_char__m3r9w\">Motorizado<\/span><span class=\"CustomP_animated_char__m3r9w\">\u00a0<\/span><span class=\"CustomP_animated_char__m3r9w\">por<\/span><span class=\"CustomP_animated_char__m3r9w\">\u00a0<\/span><strong data-sourcepos=\"6:178-6:192\">bobinas dobles<\/strong> y un <strong data-sourcepos=\"6:200-6:231\">Bater\u00eda recargable de 850 mAh.<\/strong><span class=\"CustomP_animated_char__m3r9w\">\u00a0<\/span><span class=\"CustomP_animated_char__m3r9w\">con<\/span><span class=\"CustomP_animated_char__m3r9w\">\u00a0<\/span><strong data-sourcepos=\"6:237-6:261\">Carga r\u00e1pida tipo C<\/strong>, cuenta con un <strong data-sourcepos=\"6:277-6:302\">pantalla digital inteligente<\/strong><span class=\"CustomP_animated_char__m3r9w\">\u00a0<\/span><span class=\"CustomP_animated_char__m3r9w\">demostraci\u00f3n<\/span><span class=\"CustomP_animated_char__m3r9w\">\u00a0<\/span><span class=\"CustomP_animated_char__m3r9w\">real<\/span><span class=\"CustomP_animated_char__m3r9w\">\u2013<\/span><span class=\"CustomP_animated_char__m3r9w\">tiempo<\/span><span class=\"CustomP_animated_char__m3r9w\">\u00a0<\/span><span class=\"CustomP_animated_char__m3r9w\">soplo<\/span><span class=\"CustomP_animated_char__m3r9w\">\u00a0<\/span><span class=\"CustomP_animated_char__m3r9w\">contar<\/span><span class=\"CustomP_animated_char__m3r9w\">,<\/span><span class=\"CustomP_animated_char__m3r9w\">\u00a0<\/span><span class=\"CustomP_animated_char__m3r9w\">mi<\/span><span class=\"CustomP_animated_char__m3r9w\">\u2013<\/span><span class=\"CustomP_animated_char__m3r9w\">l\u00edquido<\/span><span class=\"CustomP_animated_char__m3r9w\">\u00a0<\/span><span class=\"CustomP_animated_char__m3r9w\">nivel<\/span><span class=\"CustomP_animated_char__m3r9w\">,<\/span><span class=\"CustomP_animated_char__m3r9w\">\u00a0<\/span><span class=\"CustomP_animated_char__m3r9w\">y<\/span><span class=\"CustomP_animated_char__m3r9w\">\u00a0<\/span><span class=\"CustomP_animated_char__m3r9w\">bater\u00eda<\/span><span class=\"CustomP_animated_char__m3r9w\">\u00a0<\/span><span class=\"CustomP_animated_char__m3r9w\">estado<\/span><span class=\"CustomP_animated_char__m3r9w\">.<\/span><span class=\"CustomP_animated_char__m3r9w\">\u00a0<\/span><span class=\"CustomP_animated_char__m3r9w\">Con<\/span><span class=\"CustomP_animated_char__m3r9w\">\u00a0<\/span><strong data-sourcepos=\"6:374-6:408\">12 combinaciones de sabores premium<\/strong> y <strong data-sourcepos=\"6:413-6:445\">Opciones de nicotina 0%\/2%\/3%\/5%<\/strong><span class=\"CustomP_animated_char__m3r9w\">,<\/span><span class=\"CustomP_animated_char__m3r9w\">\u00a0<\/span><span class=\"CustomP_animated_char__m3r9w\">este<\/span><span class=\"CustomP_animated_char__m3r9w\">\u00a0<\/span><span class=\"CustomP_animated_char__m3r9w\">dispositivo<\/span><span class=\"CustomP_animated_char__m3r9w\">\u00a0<\/span><span class=\"CustomP_animated_char__m3r9w\">abastece<\/span><span class=\"CustomP_animated_char__m3r9w\">\u00a0<\/span><span class=\"CustomP_animated_char__m3r9w\">a<\/span><span class=\"CustomP_animated_char__m3r9w\">\u00a0<\/span><span class=\"CustomP_animated_char__m3r9w\">todo<\/span><span class=\"CustomP_animated_char__m3r9w\">\u00a0<\/span><span class=\"CustomP_animated_char__m3r9w\">vapeadores<\/span><span class=\"CustomP_animated_char__m3r9w\">\u00a0<\/span><span class=\"CustomP_animated_char__m3r9w\">buscando<\/span><span class=\"CustomP_animated_char__m3r9w\">\u00a0<\/span><span class=\"CustomP_animated_char__m3r9w\">actuaci\u00f3n<\/span><span class=\"CustomP_animated_char__m3r9w\">\u00a0<\/span><span class=\"CustomP_animated_char__m3r9w\">y<\/span><span class=\"CustomP_animated_char__m3r9w\">\u00a0<\/span><span class=\"CustomP_animated_char__m3r9w\">versatilidad<\/span><span class=\"CustomP_animated_char__m3r9w\">.<\/span><\/p>\n<p>&nbsp;<\/p>\n<h2><span style=\"font-size: 90%;\">Bang DE 60000 | 60k Puffs 3 en 1 Especificaci\u00f3n de producto desechable de Vape de sabores triples<\/span><\/h2>\n<p><strong data-sourcepos=\"11:3-11:18\">Conteo de bocanadas:<\/strong>\u00a0<strong data-sourcepos=\"11:19-11:35\">60.000 bocanadas<\/strong>\u00a0(Capacidad l\u00edder en la industria)<\/p>\n<p><strong data-sourcepos=\"12:3-12:26\">Puntos fuertes de la nicotina:<\/strong>\u00a0<strong data-sourcepos=\"12:27-12:48\">0% \/ 2% \/ 3% \/ 5%<\/strong>\u00a0(De cero nic a golpe fuerte)<\/p>\n<p><strong data-sourcepos=\"13:3-13:21\">Sistema de sabor:<\/strong><strong data-sourcepos=\"14:5-14:17\">3 modos:<\/strong>\u00a0<strong data-sourcepos=\"14:18-14:34\">A (Sabor 1)<\/strong>,\u00a0<strong data-sourcepos=\"14:36-14:52\">B (Sabor 2)<\/strong>,\u00a0<strong data-sourcepos=\"14:54-14:66\">AB (Mezcla)<\/strong><\/p>\n<p><strong data-sourcepos=\"15:5-15:30\">12 combinaciones de doble sabor<\/strong>\u00a0(Cambiar o mezclar gustos)<\/p>\n<p><strong data-sourcepos=\"16:3-16:12\">Bobina:<\/strong>\u00a0<strong data-sourcepos=\"16:13-16:26\">Doble bobina<\/strong>\u00a0(Vapor m\u00e1s denso y sabor intensificado)<\/p>\n<p><strong data-sourcepos=\"17:3-17:15\">Bater\u00eda:<\/strong>\u00a0<strong data-sourcepos=\"17:16-17:39\">850mAh recargable<\/strong>\u00a0+\u00a0<strong data-sourcepos=\"17:42-17:61\">Carga tipo C<\/strong><\/p>\n<p><strong data-sourcepos=\"18:3-18:15\">Mostrar:<\/strong>\u00a0<strong data-sourcepos=\"18:16-18:32\">Pantalla inteligente<\/strong>\u00a0(Nivel de aceite, bater\u00eda, recuento de caladas)<\/p>\n<p><strong data-sourcepos=\"19:3-19:17\">Embalaje:<\/strong>\u00a0<strong data-sourcepos=\"19:18-19:32\">10 unidades\/caja<\/strong>\u00a0(Listo para venta al por menor\/al por mayor)<\/p>\n<p>&nbsp;<\/p>\n<h3><span style=\"font-size: 90%;\">Bang DE 60000 | 60k inhalaciones 3 en 1 lista de sabores desechables de Vape de sabores triples<\/span><\/h3>\n<p>1.Hielo de sand\u00eda y menta de ar\u00e1ndanos<\/p>\n<p>2.Helado de sand\u00eda y cereza de ar\u00e1ndanos<\/p>\n<p>3.Sand\u00eda con mango, melocot\u00f3n y hielo de ar\u00e1ndanos<\/p>\n<p>4.Hielo de ar\u00e1ndanos y hielo de melocot\u00f3n<\/p>\n<p>5.Ar\u00e1ndano, frambuesa y bayas mixtas<\/p>\n<p>6.Helado de ar\u00e1ndano, frambuesa y uva<\/p>\n<p>7.Red Bull y pl\u00e1tano fresa<\/p>\n<p>8. Sand\u00eda Red Bull y Ar\u00e1ndanos<\/p>\n<p>9.Chicle de fresa, mango y sand\u00eda<\/p>\n<p>10. Mango de fresa y kiwi de fresa<\/p>\n<p>11.Fresa, sand\u00eda y hielo de drag\u00f3n negro<\/p>\n<p>12.Fresa, Sand\u00eda y Kiwi, Maracuy\u00e1 y Guayaba<\/p>\n<p><img loading=\"lazy\" decoding=\"async\" class=\"alignnone wp-image-1948 size-full\" src=\"https:\/\/pgvape.com\/wp-content\/uploads\/2025\/09\/Pgvape-Bang-DE-60k-Puffs-Disposable-Vape-3-in-1-Triple-Flavors-0-2-3-5-Nicotine-12Tastes-Smart-Screen-Display-Vape-Factory-Direct-2.png\" alt=\"Doce coloridos dispositivos de vapeo desechables Bang DE exhibidos bajo una pancarta violeta que dice &quot;12 OPCIONES DE SABORES&quot;, cada uno etiquetado con diferentes nombres e \u00edconos de sabores a base de frutas, con una marca que anuncia 60,000 inhalaciones y una funci\u00f3n de sabores ajustables 3 en 1.\" width=\"1900\" height=\"1900\" srcset=\"https:\/\/pgvape.com\/wp-content\/uploads\/2025\/09\/Pgvape-Bang-DE-60k-Puffs-Disposable-Vape-3-in-1-Triple-Flavors-0-2-3-5-Nicotine-12Tastes-Smart-Screen-Display-Vape-Factory-Direct-2.png 1900w, https:\/\/pgvape.com\/wp-content\/uploads\/2025\/09\/Pgvape-Bang-DE-60k-Puffs-Disposable-Vape-3-in-1-Triple-Flavors-0-2-3-5-Nicotine-12Tastes-Smart-Screen-Display-Vape-Factory-Direct-2-360x360.png 360w, https:\/\/pgvape.com\/wp-content\/uploads\/2025\/09\/Pgvape-Bang-DE-60k-Puffs-Disposable-Vape-3-in-1-Triple-Flavors-0-2-3-5-Nicotine-12Tastes-Smart-Screen-Display-Vape-Factory-Direct-2-595x595.png 595w, https:\/\/pgvape.com\/wp-content\/uploads\/2025\/09\/Pgvape-Bang-DE-60k-Puffs-Disposable-Vape-3-in-1-Triple-Flavors-0-2-3-5-Nicotine-12Tastes-Smart-Screen-Display-Vape-Factory-Direct-2-400x400.png 400w, https:\/\/pgvape.com\/wp-content\/uploads\/2025\/09\/Pgvape-Bang-DE-60k-Puffs-Disposable-Vape-3-in-1-Triple-Flavors-0-2-3-5-Nicotine-12Tastes-Smart-Screen-Display-Vape-Factory-Direct-2-768x768.png 768w, https:\/\/pgvape.com\/wp-content\/uploads\/2025\/09\/Pgvape-Bang-DE-60k-Puffs-Disposable-Vape-3-in-1-Triple-Flavors-0-2-3-5-Nicotine-12Tastes-Smart-Screen-Display-Vape-Factory-Direct-2-1536x1536.png 1536w, https:\/\/pgvape.com\/wp-content\/uploads\/2025\/09\/Pgvape-Bang-DE-60k-Puffs-Disposable-Vape-3-in-1-Triple-Flavors-0-2-3-5-Nicotine-12Tastes-Smart-Screen-Display-Vape-Factory-Direct-2-12x12.png 12w, https:\/\/pgvape.com\/wp-content\/uploads\/2025\/09\/Pgvape-Bang-DE-60k-Puffs-Disposable-Vape-3-in-1-Triple-Flavors-0-2-3-5-Nicotine-12Tastes-Smart-Screen-Display-Vape-Factory-Direct-2-300x300.png 300w, https:\/\/pgvape.com\/wp-content\/uploads\/2025\/09\/Pgvape-Bang-DE-60k-Puffs-Disposable-Vape-3-in-1-Triple-Flavors-0-2-3-5-Nicotine-12Tastes-Smart-Screen-Display-Vape-Factory-Direct-2-600x600.png 600w, https:\/\/pgvape.com\/wp-content\/uploads\/2025\/09\/Pgvape-Bang-DE-60k-Puffs-Disposable-Vape-3-in-1-Triple-Flavors-0-2-3-5-Nicotine-12Tastes-Smart-Screen-Display-Vape-Factory-Direct-2-100x100.png 100w, https:\/\/pgvape.com\/wp-content\/uploads\/2025\/09\/Pgvape-Bang-DE-60k-Puffs-Disposable-Vape-3-in-1-Triple-Flavors-0-2-3-5-Nicotine-12Tastes-Smart-Screen-Display-Vape-Factory-Direct-2-40x40.png 40w\" sizes=\"auto, (max-width: 1900px) 100vw, 1900px\" \/><\/p>\n<p>&nbsp;<\/p>\n<h3 id=\"brxe-najhln\" class=\"brxe-heading\">Bang DE 60000 | 60k Puffs 3 en 1 Video de Vape desechable de sabores triples:<\/h3>\n<p><iframe loading=\"lazy\" title=\"Bang DE 60000 | 60k soplos 3 en 1 sabores triples desechables Vape 12Tastes pantalla inteligente pgvape\" width=\"563\" height=\"1000\" src=\"https:\/\/www.youtube.com\/embed\/Vc5XxnhXQzw?feature=oembed\" frameborder=\"0\" allow=\"accelerometer; autoplay; clipboard-write; encrypted-media; gyroscope; picture-in-picture; web-share\" referrerpolicy=\"strict-origin-when-cross-origin\" allowfullscreen><\/iframe><\/p>\n<p>&nbsp;<\/p>\n<h2 class=\"header-vfC6AV auto-hide-last-sibling-br\">Preguntas frecuentes sobre Bang DE 60000 | 60k Puffs 3 en 1 Vape desechable de sabores triples<\/h2>\n<p data-sourcepos=\"40:1-41:119\">\u2753 <strong data-sourcepos=\"40:3-40:46\">\u00bfC\u00f3mo funciona el sistema de sabores 3 en 1?<\/strong><br \/>\n\u2705 Alternar entre <strong data-sourcepos=\"41:18-41:30\">Sabor A<\/strong>, <strong data-sourcepos=\"41:32-41:44\">Sabor B<\/strong>, o <strong data-sourcepos=\"41:49-41:59\">Mezcla AB<\/strong> (p.ej., <strong data-sourcepos=\"41:67-41:115\">Mezcla de helado de ar\u00e1ndanos + melocot\u00f3n, mango y sand\u00eda<\/strong>).<\/p>\n<p data-sourcepos=\"43:1-44:86\">\u2753 <strong data-sourcepos=\"43:3-43:41\">\u00bfQu\u00e9 garantiza una calidad de vapor suave?<\/strong><br \/>\n\u2705 <strong data-sourcepos=\"44:3-44:17\">Bobinas duales<\/strong> proporcionar <strong data-sourcepos=\"44:26-44:55\">20% m\u00e1s intensidad de sabor<\/strong> versus desechables de bobina simple.<\/p>\n<p data-sourcepos=\"46:1-47:96\">\u2753 <strong data-sourcepos=\"46:3-46:36\">\u00bfEs confiable la duraci\u00f3n de la bater\u00eda?<br \/>\n<\/strong> \u2705 El <strong data-sourcepos=\"47:7-47:25\">bater\u00eda de 850mah<\/strong> dura d\u00edas por carga, con <strong data-sourcepos=\"47:54-47:64\">Tipo C<\/strong> repostar combustible en <strong data-sourcepos=\"47:78-47:93\">~30 minutos<\/strong>.<\/p>\n<p data-sourcepos=\"49:1-50:95\">\u2753 <strong data-sourcepos=\"49:3-49:29\">\u00bfPara qui\u00e9n es este ideal?<\/strong><br \/>\n\u2705 <strong data-sourcepos=\"50:3-50:28\">Vapeadores que persiguen sabores<\/strong> queriendo variedad + <strong data-sourcepos=\"50:47-50:60\">minoristas<\/strong> buscando productos desechables de alto margen.<\/p>\n<p>&nbsp;<\/p>\n<h3 id=\"brxe-najhln\" class=\"brxe-heading\">Preguntas frecuentes (FAQ)<\/h3>\n<div id=\"brxe-rajiac\" class=\"brxe-text\">\n<p><strong>P: \u00bfQu\u00e9 m\u00e9todos de pago aceptan?<\/strong><br \/>\nR: Aceptamos PayPal, Stripe, transferencias bancarias (compatibles con SEPA), las principales tarjetas de cr\u00e9dito (Visa, MasterCard, American Express) y pagos con criptomonedas.<\/p>\n<p><strong>P: \u00bfCu\u00e1nto tiempo lleva la preparaci\u00f3n del pedido?<\/strong><br \/>\nR: La preparaci\u00f3n del pedido demora entre 1 y 3 d\u00edas h\u00e1biles.<\/p>\n<p><strong>P: \u00bfCu\u00e1l es el tiempo de env\u00edo?<\/strong><br \/>\nR: El tiempo de env\u00edo es de 7 a 14 d\u00edas h\u00e1biles, seg\u00fan su ubicaci\u00f3n.<\/p>\n<p><strong>P: \u00bfC\u00f3mo puedo realizar un seguimiento de mi pedido?<\/strong><br \/>\nR: Despu\u00e9s del env\u00edo, recibir\u00e1 un correo electr\u00f3nico de confirmaci\u00f3n con un n\u00famero de seguimiento para realizar un seguimiento en tiempo real.<\/p>\n<p><strong>P: \u00bfCu\u00e1l es su pol\u00edtica de devoluci\u00f3n?<\/strong><br \/>\nR: Ofrecemos una pol\u00edtica de devoluci\u00f3n de 30 d\u00edas para reembolsos o cambios. .<\/p>\n<p><strong>P: \u00bfHabr\u00e1 alg\u00fan problema aduanero?<br \/>\n<\/strong>Nos encargamos de todos los procedimientos de despacho de aduanas para garantizarle una experiencia sin complicaciones. .<\/p>\n<p><strong>P: \u00bfQu\u00e9 m\u00e9todos de env\u00edo se utilizan?<\/strong><br \/>\nCooperamos con UPS\/DHL\/FEDEX\/DPD, etc. Elegiremos la opci\u00f3n de env\u00edo adecuada seg\u00fan el pa\u00eds de entrega para asegurarnos de que reciba sus productos lo m\u00e1s r\u00e1pido posible.<\/p>\n<p><a href=\"https:\/\/pgvape.com\/es\/preguntas-frecuentes\/\">Haga clic aqu\u00ed para m\u00e1s preguntas frecuentes<\/a><\/p>\n<p>Estimados clientes: Si tienen alguna pregunta sobre su pedido o la llegada de la mercanc\u00eda, comun\u00edquese con nuestro servicio de atenci\u00f3n al cliente. \u00a1Gracias!<\/p>\n<h3 data-sourcepos=\"73:1-73:21\"><strong data-sourcepos=\"73:7-73:21\">Cont\u00e1ctenos<\/strong><\/h3>\n<div id=\"text-2419739398\" class=\"text\">\n<p><strong data-sourcepos=\"75:3-75:12\">Correo electr\u00f3nico<\/strong>:\u00a0<a href=\"mailto:support@pgvape.com\"><strong>support@pgvape.com<\/strong><\/a><\/p>\n<p><strong data-sourcepos=\"76:3-76:15\">WhatsApp<\/strong>: <a href=\"https:\/\/wa.me\/+8618128481258\"><strong>+86 18128481258<\/strong><\/a><br \/>\n<strong>(Respuesta dentro de las 24 horas en d\u00edas h\u00e1biles)<\/strong><\/p>\n<\/div>\n<h3><strong>\u00a1Gracias por elegir pgvape.com! .<\/strong><\/h3>\n<\/div>","protected":false},"excerpt":{"rendered":"<p>Con <strong data-sourcepos=\"55:6-55:19\">60.000 bocanadas<\/strong>, <strong data-sourcepos=\"55:21-55:50\">flexibilidad de triple sabor<\/strong>, y <strong data-sourcepos=\"55:56-55:82\">seguimiento digital inteligente<\/strong>, el <strong data-sourcepos=\"55:88-55:105\">Explosi\u00f3n DE 60000<\/strong> domina el mercado desechable premium. <strong data-sourcepos=\"55:147-55:166\">12 pares de sabores<\/strong> y <strong data-sourcepos=\"55:171-55:197\">personalizaci\u00f3n de nicotina<\/strong> atender a todas las preferencias.<\/p>","protected":false},"featured_media":1947,"comment_status":"open","ping_status":"closed","template":"","meta":{"_seopress_robots_primary_cat":"none","_seopress_titles_title":"%%post_title%% %%sep%% %%sitetitle%%","_seopress_titles_desc":"","_seopress_robots_index":""},"product_brand":[42,516],"product_cat":[48,34,515],"product_tag":[78,46,146,51,174,108,77,60,175,109],"class_list":{"0":"post-1941","1":"product","2":"type-product","3":"status-publish","4":"has-post-thumbnail","6":"product_brand-bang-de-vape","7":"product_brand-disposable-vape","8":"product_cat-60k-puffs-vape","9":"product_cat-bang-de-vape","10":"product_cat-disposable-vape","11":"product_tag-12tastes","12":"product_tag-3-in-1","13":"product_tag-146","14":"product_tag-60k-puffs","15":"product_tag-bang-de","16":"product_tag-disposable","17":"product_tag-flavors","18":"product_tag-smart-screen-display","19":"product_tag-triple","20":"product_tag-vape","22":"first","23":"instock","24":"sale","25":"shipping-taxable","26":"purchasable","27":"product-type-variable"},"_links":{"self":[{"href":"https:\/\/pgvape.com\/es\/wp-json\/wp\/v2\/product\/1941","targetHints":{"allow":["GET"]}}],"collection":[{"href":"https:\/\/pgvape.com\/es\/wp-json\/wp\/v2\/product"}],"about":[{"href":"https:\/\/pgvape.com\/es\/wp-json\/wp\/v2\/types\/product"}],"replies":[{"embeddable":true,"href":"https:\/\/pgvape.com\/es\/wp-json\/wp\/v2\/comments?post=1941"}],"wp:featuredmedia":[{"embeddable":true,"href":"https:\/\/pgvape.com\/es\/wp-json\/wp\/v2\/media\/1947"}],"wp:attachment":[{"href":"https:\/\/pgvape.com\/es\/wp-json\/wp\/v2\/media?parent=1941"}],"wp:term":[{"taxonomy":"product_brand","embeddable":true,"href":"https:\/\/pgvape.com\/es\/wp-json\/wp\/v2\/product_brand?post=1941"},{"taxonomy":"product_cat","embeddable":true,"href":"https:\/\/pgvape.com\/es\/wp-json\/wp\/v2\/product_cat?post=1941"},{"taxonomy":"product_tag","embeddable":true,"href":"https:\/\/pgvape.com\/es\/wp-json\/wp\/v2\/product_tag?post=1941"}],"curies":[{"name":"wp","href":"https:\/\/api.w.org\/{rel}","templated":true}]}}