{"id":1912,"date":"2025-09-29T14:18:33","date_gmt":"2025-09-29T14:18:33","guid":{"rendered":"https:\/\/pgvape.com\/?post_type=product&#038;p=1912"},"modified":"2025-12-31T16:11:05","modified_gmt":"2025-12-31T16:11:05","slug":"bang-blaze-100000-100k-inhalaciones-6-en-1-sabores-vape-desechable-6-sabores-ajustables-pantalla-inteligente-led-vape-directo-de-fabrica","status":"publish","type":"product","link":"https:\/\/pgvape.com\/es\/producto\/bang-blaze-100000-100k-inhalaciones-6-en-1-sabores-vape-desechable-6-sabores-ajustables-pantalla-inteligente-led-vape-directo-de-fabrica\/","title":{"rendered":"Bang Blaze 100000 100k Puffs 6 en 1 Sabores Vape desechable 6 Sabores ajustables Pantalla inteligente LED Vape Directo de f\u00e1brica"},"content":{"rendered":"<p class=\"auto-hide-last-sibling-br paragraph-JOTKXA paragraph-element br-paragraph-space\"><strong data-sourcepos=\"6:5-6:46\">Bang Blaze 100K inhala Vape desechable<\/strong> establece un nuevo est\u00e1ndar en la industria con una capacidad sin precedentes <strong data-sourcepos=\"6:98-6:120\">100.000 bocanadas<\/strong>, impulsado por un innovador <strong data-sourcepos=\"6:147-6:169\">sistema de triple tanque<\/strong> y <strong data-sourcepos=\"6:174-6:194\">bobina de malla triple<\/strong> tecnolog\u00eda. <strong data-sourcepos=\"6:217-6:248\">6 modos de sabor personalizables<\/strong> (sabores individuales o combinados), <strong data-sourcepos=\"6:283-6:312\">Opciones de nicotina 2%\/3%\/5%<\/strong>, y un <strong data-sourcepos=\"6:321-6:352\">Bater\u00eda recargable de 850 mAh.<\/strong> con <strong data-sourcepos=\"6:358-6:382\">Carga r\u00e1pida tipo C<\/strong>, este dispositivo ofrece la m\u00e1xima versatilidad. <strong data-sourcepos=\"6:431-6:452\">pantalla LED brillante<\/strong> proporciona monitoreo en tiempo real de la bater\u00eda, el recuento de caladas y el modo de sabor, mientras <strong data-sourcepos=\"6:530-6:564\">10 combinaciones de sabores premium<\/strong> atender a todos los paladares. <strong data-sourcepos=\"6:597-6:618\">10 piezas por caja<\/strong>, es ideal para minoristas y entusiastas del vapeo.<\/p>\n<p>&nbsp;<\/p>\n<h2><span style=\"font-size: 90%;\">Bang Blaze 100000 | 100k Puffs 6 en 1 sabores Especificaci\u00f3n de producto desechable de Vape<\/span><\/h2>\n<p><strong data-sourcepos=\"11:3-11:18\">Conteo de bocanadas:<\/strong>\u00a0<strong data-sourcepos=\"11:19-11:36\">100.000 bocanadas<\/strong>\u00a0(Longevidad inigualable)<\/p>\n<p><strong data-sourcepos=\"12:3-12:16\">Nicotina:<\/strong>\u00a0<strong data-sourcepos=\"12:17-12:33\">2% \/ 3% \/ 5%<\/strong>\u00a0(Intensidad personalizable)<\/p>\n<p><strong data-sourcepos=\"13:3-13:21\">Sistema de sabor: <\/strong><strong data-sourcepos=\"14:5-14:17\">6 modos:<\/strong>\u00a0<strong data-sourcepos=\"14:18-14:44\">A, B, C, A+B, A+C, B+C<\/strong>\u00a0(Mezcla y combina sabores)<\/p>\n<p><strong data-sourcepos=\"15:5-15:25\">Tanques de aceite triples<\/strong>\u00a0(Admite combinaciones de m\u00faltiples sabores)<\/p>\n<p><strong data-sourcepos=\"16:3-16:12\">Bobina:<\/strong>\u00a0<strong data-sourcepos=\"16:13-16:28\">Malla triple<\/strong>\u00a0(Calentamiento m\u00e1s r\u00e1pido, 30% m\u00e1s intensidad de sabor)<\/p>\n<p><strong data-sourcepos=\"17:3-17:15\">Bater\u00eda:<\/strong>\u00a0<strong data-sourcepos=\"17:16-17:39\">850mAh recargable<\/strong>\u00a0+\u00a0<strong data-sourcepos=\"17:42-17:66\">Carga r\u00e1pida tipo C<\/strong><\/p>\n<p><strong data-sourcepos=\"18:3-18:15\">Mostrar:<\/strong>\u00a0<strong data-sourcepos=\"18:16-18:30\">Pantalla LED<\/strong>\u00a0(Seguimiento de uso en tiempo real)<\/p>\n<p><strong data-sourcepos=\"19:3-19:17\">Embalaje:<\/strong>\u00a0<strong data-sourcepos=\"19:18-19:32\">10 unidades\/caja<\/strong>\u00a0(Listo para la venta al por menor)<\/p>\n<h3><span style=\"font-size: 90%;\"><br \/>\nBang Blaze 100000 | 100k inhalaciones 6 en 1 sabores Lista de sabores desechables de Vape<\/span><\/h3>\n<p data-start=\"2919\" data-end=\"3091\">1.<strong>Sand\u00eda Hielo y Fresa Mamba y Fresa Sand\u00eda<\/strong><br data-start=\"2978\" data-end=\"2981\" \/>Sand\u00eda Hielo Fresa Mamba y Fresa Sand\u00eda Fresa Mamba y Fresa Sand\u00eda Fresa Mamba<\/p>\n<p data-start=\"3096\" data-end=\"3248\"><strong>2.Fuji Ice &amp; Apple Uva &amp; Cereza Granada<\/strong><br data-start=\"3141\" data-end=\"3144\" \/>Fuji Ice Manzana Uva y Cereza Granada Fuji Ice y Cereza Granada Manzana Uva<\/p>\n<p data-start=\"3253\" data-end=\"3401\"><strong>3.Chicle con hielo de ar\u00e1ndano, frambuesa, lim\u00f3n y sand\u00eda<\/strong><br data-start=\"3309\" data-end=\"3312\" \/>Ar\u00e1ndano Helado Frambuesa Lim\u00f3n y Sand\u00eda Chicle Ar\u00e1ndano Hielo y Sand\u00eda Chicle Frambuesa Lim\u00f3n<\/p>\n<p data-start=\"3406\" data-end=\"3572\"><strong>4.Ar\u00e1ndanos, Frambuesas y Pi\u00f1as Agrias Naranjas y Frambuesas Sand\u00edas<\/strong><br data-start=\"3483\" data-end=\"3486\" \/>Ar\u00e1ndanos Frambuesas Pi\u00f1as Agrias Naranjas y Ar\u00e1ndanos Frambuesas Frambuesas Sand\u00edas y Pi\u00f1as Agrias Naranjas Frambuesas Sand\u00eda<\/p>\n<p data-start=\"3577\" data-end=\"3717\"><strong>5.Helado de uva, mango, melocot\u00f3n y sand\u00eda de ar\u00e1ndanos<\/strong><br data-start=\"3625\" data-end=\"3628\" \/>Helado de uva, mango, durazno y ar\u00e1ndanos, sand\u00eda, helado de uva y ar\u00e1ndanos, sand\u00eda y mango, durazno<\/p>\n<p data-start=\"3722\" data-end=\"3874\"><strong>6.Hielo de fresa y melocot\u00f3n, lim\u00f3n y kiwi, maracuy\u00e1 y maracuy\u00e1<\/strong><br data-start=\"3779\" data-end=\"3782\" \/>Helado de Fresa Melocot\u00f3n Lim\u00f3n y Kiwi Maracuy\u00e1 Guayaba Hielo de Fresa y Kiwi Maracuy\u00e1 Guayaba y Melocot\u00f3n Lim\u00f3n<\/p>\n<p data-start=\"3879\" data-end=\"4025\"><strong>7.Pi\u00f1a, coco, ar\u00e1ndanos, Red Bull y helado de sand\u00eda<\/strong><br \/>\nPi\u00f1a Coco Ar\u00e1ndano Red Bull &amp; Sand\u00eda Helado Pi\u00f1a Coco &amp; Sand\u00eda Helado Ar\u00e1ndano Red Bull<\/p>\n<p data-start=\"4030\" data-end=\"4162\"><strong>8.Fresa, kiwi, ar\u00e1ndano, coco y bayas mixtas<\/strong><br \/>\nFresa Kiwi Ar\u00e1ndano Coco y frutos rojos Fresa Kiwi y frutos rojos Ar\u00e1ndano Coco<\/p>\n<p data-start=\"4167\" data-end=\"4306\"><strong>9.Romance de lim\u00f3n y ar\u00e1ndanos, frambuesa y melocot\u00f3n mentol<\/strong><br \/>\nRomance de Lim\u00f3n Ar\u00e1ndanos Frambuesa y Melocot\u00f3n Mentol Romance de Lim\u00f3n y Melocot\u00f3n Mentol Ar\u00e1ndanos Frambuesa<\/p>\n<p data-start=\"4312\" data-end=\"4462\"><strong>10.Hielo de melocot\u00f3n y grosella negra, hielo de pi\u00f1a y kiwi de manzana verde<\/strong><br \/>\nHielo de melocot\u00f3n Grosella negra Hielo de pi\u00f1a y manzana verde Kiwi Hielo de melocot\u00f3n y manzana verde Hielo de pi\u00f1a y kiwi grosella negra<\/p>\n<p><img loading=\"lazy\" decoding=\"async\" class=\"alignnone wp-image-1919 size-full\" src=\"https:\/\/pgvape.com\/wp-content\/uploads\/2025\/09\/Bang-Blaze-100k-Puffs-6-in-1-Flavors-Disposable-Vape-6-Adjustable-Flavors-0-2-3-5-Nicotine-10Tastes-LED-Smart-Screen-Vape-Factory-Direct-5.png\" alt=\"Cuadr\u00edcula estilo p\u00f3ster de doce dispositivos de vapeo desechables degradados de colores sobre un fondo azul claro, cada uno con una cabeza de simio estilizada de dibujos animados, una etiqueta prominente &quot;6 en 1&quot;, \u00edconos indicadores de estilo digital cerca de la base y peque\u00f1as listas impresas de seis nombres de sabores debajo de cada dispositivo.\" width=\"1400\" height=\"1900\" srcset=\"https:\/\/pgvape.com\/wp-content\/uploads\/2025\/09\/Bang-Blaze-100k-Puffs-6-in-1-Flavors-Disposable-Vape-6-Adjustable-Flavors-0-2-3-5-Nicotine-10Tastes-LED-Smart-Screen-Vape-Factory-Direct-5.png 1400w, https:\/\/pgvape.com\/wp-content\/uploads\/2025\/09\/Bang-Blaze-100k-Puffs-6-in-1-Flavors-Disposable-Vape-6-Adjustable-Flavors-0-2-3-5-Nicotine-10Tastes-LED-Smart-Screen-Vape-Factory-Direct-5-265x360.png 265w, https:\/\/pgvape.com\/wp-content\/uploads\/2025\/09\/Bang-Blaze-100k-Puffs-6-in-1-Flavors-Disposable-Vape-6-Adjustable-Flavors-0-2-3-5-Nicotine-10Tastes-LED-Smart-Screen-Vape-Factory-Direct-5-595x808.png 595w, https:\/\/pgvape.com\/wp-content\/uploads\/2025\/09\/Bang-Blaze-100k-Puffs-6-in-1-Flavors-Disposable-Vape-6-Adjustable-Flavors-0-2-3-5-Nicotine-10Tastes-LED-Smart-Screen-Vape-Factory-Direct-5-295x400.png 295w, https:\/\/pgvape.com\/wp-content\/uploads\/2025\/09\/Bang-Blaze-100k-Puffs-6-in-1-Flavors-Disposable-Vape-6-Adjustable-Flavors-0-2-3-5-Nicotine-10Tastes-LED-Smart-Screen-Vape-Factory-Direct-5-768x1042.png 768w, https:\/\/pgvape.com\/wp-content\/uploads\/2025\/09\/Bang-Blaze-100k-Puffs-6-in-1-Flavors-Disposable-Vape-6-Adjustable-Flavors-0-2-3-5-Nicotine-10Tastes-LED-Smart-Screen-Vape-Factory-Direct-5-1132x1536.png 1132w, https:\/\/pgvape.com\/wp-content\/uploads\/2025\/09\/Bang-Blaze-100k-Puffs-6-in-1-Flavors-Disposable-Vape-6-Adjustable-Flavors-0-2-3-5-Nicotine-10Tastes-LED-Smart-Screen-Vape-Factory-Direct-5-9x12.png 9w, https:\/\/pgvape.com\/wp-content\/uploads\/2025\/09\/Bang-Blaze-100k-Puffs-6-in-1-Flavors-Disposable-Vape-6-Adjustable-Flavors-0-2-3-5-Nicotine-10Tastes-LED-Smart-Screen-Vape-Factory-Direct-5-600x814.png 600w, https:\/\/pgvape.com\/wp-content\/uploads\/2025\/09\/Bang-Blaze-100k-Puffs-6-in-1-Flavors-Disposable-Vape-6-Adjustable-Flavors-0-2-3-5-Nicotine-10Tastes-LED-Smart-Screen-Vape-Factory-Direct-5-29x40.png 29w\" sizes=\"auto, (max-width: 1400px) 100vw, 1400px\" \/><\/p>\n<p>&nbsp;<\/p>\n<h3><span style=\"font-size: 90%;\">Bang Blaze 100000 | 100k Puffs 6 en 1 Sabores Video de Vape desechable:<br \/>\n<iframe loading=\"lazy\" title=\"Bang Blaze 100000 | 100k Puffs 6 en 1 sabores Vape desechable | 6 sabores ajustables pgvape\" width=\"563\" height=\"1000\" src=\"https:\/\/www.youtube.com\/embed\/snQfI0OQlIA?feature=oembed\" frameborder=\"0\" allow=\"accelerometer; autoplay; clipboard-write; encrypted-media; gyroscope; picture-in-picture; web-share\" referrerpolicy=\"strict-origin-when-cross-origin\" allowfullscreen><\/iframe><br \/>\n<\/span><\/h3>\n<p>&nbsp;<\/p>\n<h2 class=\"header-vfC6AV auto-hide-last-sibling-br\">Preguntas frecuentes sobre Bang Blaze 100000 | 100k Puffs 6 en 1 sabores Vape desechable<\/h2>\n<p data-sourcepos=\"38:1-39:82\">\u2753 <strong data-sourcepos=\"38:3-38:38\">\u00bfC\u00f3mo consigue 100.000 caladas?<\/strong><br \/>\n\u2705 <strong data-sourcepos=\"39:3-39:27\">Capacidad de triple tanque<\/strong> + <strong data-sourcepos=\"39:30-39:61\">bobinas eficientes de triple malla<\/strong> maximizar la vida \u00fatil.<\/p>\n<p data-sourcepos=\"41:1-42:93\">\u2753 <strong data-sourcepos=\"41:3-41:41\">\u00bfPuedo crear mezclas de sabores personalizadas?<\/strong><br \/>\n\u2705 Mezclar <strong data-sourcepos=\"42:7-42:26\">2-3 sabores cualquiera<\/strong> de los tanques (por ejemplo, <strong data-sourcepos=\"42:49-42:89\">Hielo de ar\u00e1ndanos + chicle de sand\u00eda<\/strong>).<\/p>\n<p data-sourcepos=\"44:1-45:102\">\u2753 <strong data-sourcepos=\"44:3-44:43\">\u00bfLa producci\u00f3n de vapor es excepcional?<\/strong><br \/>\n\u2705 <strong data-sourcepos=\"45:3-45:24\">Bobinas de malla triple<\/strong> entregar <strong data-sourcepos=\"45:33-45:50\">nubes m\u00e1s densas<\/strong> y <strong data-sourcepos=\"45:55-45:74\">40% m\u00e1s sabor<\/strong> frente a los desechables est\u00e1ndar.<\/p>\n<p data-sourcepos=\"47:1-48:71\">\u2753 <strong data-sourcepos=\"47:3-47:31\">\u00bfQu\u00e9 tan r\u00e1pido se carga?<\/strong><br \/>\n\u2705 <strong data-sourcepos=\"48:3-48:18\">Puerto tipo C<\/strong> reposta el <strong data-sourcepos=\"48:31-48:49\">bater\u00eda de 850mah<\/strong> en <strong data-sourcepos=\"48:53-48:68\">~40 minutos<\/strong>.<\/p>\n<p data-sourcepos=\"50:1-51:93\">\u2753 <strong data-sourcepos=\"50:3-50:26\">\u00bfPara qui\u00e9n es mejor?<br \/>\n<\/strong> \u2705 <strong data-sourcepos=\"51:3-51:20\">Cazadores de nubes<\/strong> queriendo longevidad extrema + <strong data-sourcepos=\"51:49-51:62\">minoristas<\/strong> buscando desechables premium<\/p>\n<p>&nbsp;<\/p>\n<h3 id=\"brxe-najhln\" class=\"brxe-heading\">Preguntas frecuentes (FAQ)<\/h3>\n<div id=\"brxe-rajiac\" class=\"brxe-text\">\n<p><strong>P: \u00bfQu\u00e9 m\u00e9todos de pago aceptan?<\/strong><br \/>\nR: Aceptamos PayPal, Stripe, transferencias bancarias (compatibles con SEPA), las principales tarjetas de cr\u00e9dito (Visa, MasterCard, American Express) y pagos con criptomonedas.<\/p>\n<p><strong>P: \u00bfCu\u00e1nto tiempo lleva la preparaci\u00f3n del pedido?<\/strong><br \/>\nR: La preparaci\u00f3n del pedido demora entre 1 y 3 d\u00edas h\u00e1biles.<\/p>\n<p><strong>P: \u00bfCu\u00e1l es el tiempo de env\u00edo?<\/strong><br \/>\nR: El tiempo de env\u00edo es de 7 a 14 d\u00edas h\u00e1biles, seg\u00fan su ubicaci\u00f3n.<\/p>\n<p><strong>P: \u00bfC\u00f3mo puedo realizar un seguimiento de mi pedido?<\/strong><br \/>\nR: Despu\u00e9s del env\u00edo, recibir\u00e1 un correo electr\u00f3nico de confirmaci\u00f3n con un n\u00famero de seguimiento para realizar un seguimiento en tiempo real.<\/p>\n<p><strong>P: \u00bfCu\u00e1l es su pol\u00edtica de devoluci\u00f3n?<\/strong><br \/>\nR: Ofrecemos una pol\u00edtica de devoluci\u00f3n de 30 d\u00edas para reembolsos o cambios. .<\/p>\n<p><strong>P: \u00bfHabr\u00e1 alg\u00fan problema aduanero?<br \/>\n<\/strong>Nos encargamos de todos los procedimientos de despacho de aduanas para garantizarle una experiencia sin complicaciones. .<\/p>\n<p><strong>P: \u00bfQu\u00e9 m\u00e9todos de env\u00edo se utilizan?<\/strong><br \/>\nCooperamos con UPS\/DHL\/FEDEX\/DPD, etc. Elegiremos la opci\u00f3n de env\u00edo adecuada seg\u00fan el pa\u00eds de entrega para asegurarnos de que reciba sus productos lo m\u00e1s r\u00e1pido posible.<\/p>\n<p><a href=\"https:\/\/pgvape.com\/es\/preguntas-frecuentes\/\">Haga clic aqu\u00ed para m\u00e1s preguntas frecuentes<\/a><\/p>\n<p>Estimados clientes: Si tienen alguna pregunta sobre su pedido o la llegada de la mercanc\u00eda, comun\u00edquese con nuestro servicio de atenci\u00f3n al cliente. \u00a1Gracias!<\/p>\n<h3 data-sourcepos=\"73:1-73:21\"><strong data-sourcepos=\"73:7-73:21\">Cont\u00e1ctenos<\/strong><\/h3>\n<div id=\"text-2419739398\" class=\"text\">\n<p><strong data-sourcepos=\"75:3-75:12\">Correo electr\u00f3nico<\/strong>:\u00a0<a href=\"mailto:support@pgvape.com\"><strong>support@pgvape.com<\/strong><\/a><\/p>\n<p><strong data-sourcepos=\"76:3-76:15\">WhatsApp<\/strong>: <a href=\"https:\/\/wa.me\/+8618128481258\"><strong>+86 18128481258<\/strong><\/a><br \/>\n<strong>(Respuesta dentro de las 24 horas en d\u00edas h\u00e1biles)<\/strong><\/p>\n<\/div>\n<h3><strong>\u00a1Gracias por elegir pgvape.com! .<\/strong><\/h3>\n<\/div>","protected":false},"excerpt":{"rendered":"<p>Con <strong data-sourcepos=\"56:6-56:20\">100.000 bocanadas<\/strong>, <strong data-sourcepos=\"56:22-56:40\">6 modos de sabor<\/strong>, y <strong data-sourcepos=\"56:46-56:72\">tecnolog\u00eda de triple tanque<\/strong>, el <strong data-sourcepos=\"56:78-56:97\">explosi\u00f3n de fuego 100k<\/strong> domina el mercado desechable de alta gama. <strong data-sourcepos=\"56:140-56:159\">10 tr\u00edos de sabores<\/strong> y <strong data-sourcepos=\"56:164-56:186\">seguimiento LED inteligente<\/strong> Ofrece una personalizaci\u00f3n incomparable.<\/p>","protected":false},"featured_media":1915,"comment_status":"open","ping_status":"closed","template":"","meta":{"_seopress_robots_primary_cat":"none","_seopress_titles_title":"%%post_title%% %%sep%% %%sitetitle%%","_seopress_titles_desc":"","_seopress_robots_index":""},"product_brand":[49,516],"product_cat":[170,33,515],"product_tag":[171,169,172,122,163,108,77,173,167,109],"class_list":{"0":"post-1912","1":"product","2":"type-product","3":"status-publish","4":"has-post-thumbnail","6":"product_brand-bang-blaze-vape","7":"product_brand-disposable-vape","8":"product_cat-100k-puffs-vape","9":"product_cat-bang-blaze-vape","10":"product_cat-disposable-vape","11":"product_tag-100k","12":"product_tag-10tastes","13":"product_tag-6-adjustable-flavors","14":"product_tag-6-in-1","15":"product_tag-bang-blaze","16":"product_tag-disposable","17":"product_tag-flavors","18":"product_tag-led-smart-screen","19":"product_tag-puffs","20":"product_tag-vape","22":"first","23":"instock","24":"sale","25":"shipping-taxable","26":"purchasable","27":"product-type-variable"},"_links":{"self":[{"href":"https:\/\/pgvape.com\/es\/wp-json\/wp\/v2\/product\/1912","targetHints":{"allow":["GET"]}}],"collection":[{"href":"https:\/\/pgvape.com\/es\/wp-json\/wp\/v2\/product"}],"about":[{"href":"https:\/\/pgvape.com\/es\/wp-json\/wp\/v2\/types\/product"}],"replies":[{"embeddable":true,"href":"https:\/\/pgvape.com\/es\/wp-json\/wp\/v2\/comments?post=1912"}],"wp:featuredmedia":[{"embeddable":true,"href":"https:\/\/pgvape.com\/es\/wp-json\/wp\/v2\/media\/1915"}],"wp:attachment":[{"href":"https:\/\/pgvape.com\/es\/wp-json\/wp\/v2\/media?parent=1912"}],"wp:term":[{"taxonomy":"product_brand","embeddable":true,"href":"https:\/\/pgvape.com\/es\/wp-json\/wp\/v2\/product_brand?post=1912"},{"taxonomy":"product_cat","embeddable":true,"href":"https:\/\/pgvape.com\/es\/wp-json\/wp\/v2\/product_cat?post=1912"},{"taxonomy":"product_tag","embeddable":true,"href":"https:\/\/pgvape.com\/es\/wp-json\/wp\/v2\/product_tag?post=1912"}],"curies":[{"name":"wp","href":"https:\/\/api.w.org\/{rel}","templated":true}]}}