{"id":1882,"date":"2025-09-29T12:44:24","date_gmt":"2025-09-29T12:44:24","guid":{"rendered":"https:\/\/pgvape.com\/?post_type=product&#038;p=1882"},"modified":"2026-03-16T18:16:13","modified_gmt":"2026-03-16T18:16:13","slug":"bang-blaze-60000-60k-soplos-vape-desechable-pantalla-led-vape-directo-de-fabrica","status":"publish","type":"product","link":"https:\/\/pgvape.com\/es\/producto\/bang-blaze-60000-60k-soplos-vape-desechable-pantalla-led-vape-directo-de-fabrica\/","title":{"rendered":"Bang Blaze 60000 60K sopla directo de f\u00e1brica disponible de Vape de la pantalla LED de Vape"},"content":{"rendered":"<div class=\"auto-hide-last-sibling-br paragraph-JOTKXA paragraph-element br-paragraph-space\">\n<p><strong data-sourcepos=\"6:5-6:51\">Pluma disponible de Vape de Bang Blaze 60000 inhalaciones<\/strong> establece un nuevo est\u00e1ndar para el vapeo de alta capacidad con <strong data-sourcepos=\"6:102-6:118\">60.000 bocanadas<\/strong>, un enorme <strong data-sourcepos=\"6:130-6:156\">Capacidad de e-l\u00edquido de 40 ml.<\/strong>, y un <strong data-sourcepos=\"6:164-6:196\">Bater\u00eda recargable de 1000 mAh.<\/strong>. <strong data-sourcepos=\"6:211-6:242\">Vapeo DTL (directo al pulm\u00f3n)<\/strong>, es <strong data-sourcepos=\"6:248-6:266\">Bobina de malla de 0,6\u03a9<\/strong> entrega <strong data-sourcepos=\"6:276-6:291\">sabor audaz<\/strong> y <strong data-sourcepos=\"6:296-6:312\">nubes densas<\/strong>. <strong data-sourcepos=\"6:345-6:377\">Opciones de nicotina 0%\/2%\/3%\/5%<\/strong> y <strong data-sourcepos=\"6:382-6:404\">10 sabores premium<\/strong>. <strong data-sourcepos=\"6:410-6:425\">pantalla LED<\/strong> rastrea los niveles de e-l\u00edquido y bater\u00eda en tiempo real, mientras <strong data-sourcepos=\"6:481-6:507\">Embalaje a granel de 8 piezas<\/strong> ofrece un valor inmejorable tanto para minoristas como para entusiastas.<\/p>\n<p>&nbsp;<\/p>\n<\/div>\n<h2 class=\"auto-hide-last-sibling-br paragraph-JOTKXA paragraph-element br-paragraph-space\"><span style=\"font-size: 90%;\">Especificaci\u00f3n de producto disponible de la pluma de Vape de los soplos de Bang Blaze 60000 | 60K<\/span><\/h2>\n<p><strong data-sourcepos=\"11:3-11:18\">Conteo de bocanadas:<\/strong>\u00a0<strong data-sourcepos=\"11:19-11:35\">60.000 bocanadas<\/strong>\u00a0(Longevidad inigualable)<\/p>\n<p><strong data-sourcepos=\"12:3-12:16\">Nicotina:<\/strong>\u00a0<strong data-sourcepos=\"12:17-12:38\">0% \/ 2% \/ 3% \/ 5%<\/strong>\u00a0(De cero nic a fuerte golpe en la garganta)<\/p>\n<p><strong data-sourcepos=\"13:3-13:25\">Capacidad de E-l\u00edquido:<\/strong>\u00a0<strong data-sourcepos=\"13:26-13:34\">40ml<\/strong>\u00a0(Volumen l\u00edder en la industria)<\/p>\n<p><strong data-sourcepos=\"14:3-14:15\">Bater\u00eda:<\/strong>\u00a0<strong data-sourcepos=\"14:16-14:40\">1000mAh recargable<\/strong>\u00a0(Energ\u00eda durante todo el d\u00eda)<\/p>\n<p><strong data-sourcepos=\"15:3-15:12\">Bobina:<\/strong>\u00a0<strong data-sourcepos=\"15:13-15:26\">Malla de 0,6\u03a9<\/strong>\u00a0(30% m\u00e1s intensidad de sabor en comparaci\u00f3n con las resistencias est\u00e1ndar)<\/p>\n<p><strong data-sourcepos=\"16:3-16:18\">Inhalaci\u00f3n:<\/strong>\u00a0<strong data-sourcepos=\"16:19-16:43\">DTL (directo al pulm\u00f3n)<\/strong>\u00a0(Para nubes densas y sabor intenso)<\/p>\n<p><strong data-sourcepos=\"17:3-17:15\">Mostrar:<\/strong>\u00a0<strong data-sourcepos=\"17:16-17:30\">Pantalla LED<\/strong>\u00a0(Monitoreo de bater\u00eda y e-l\u00edquido en tiempo real)<\/p>\n<p><strong data-sourcepos=\"18:3-18:17\">Embalaje:<\/strong>\u00a0<strong data-sourcepos=\"18:18-18:32\">8 unidades\/paquete<\/strong>\u00a0(Optimizado para venta minorista\/mayorista)<\/p>\n<p>&nbsp;<\/p>\n<h3><span style=\"font-size: 90%;\">Lista disponible del sabor de la pluma de Vape de los soplos de Bang Blaze 60000 | 60K<\/span><\/h3>\n<p>1. Menta fresca<\/p>\n<p>2.Ale casta\u00f1a<\/p>\n<p>3.Doble manzana<\/p>\n<p>4.Cereza y menta<\/p>\n<p>5.kiwi fresa<\/p>\n<p>6. Sand\u00eda Melocot\u00f3n Mango<\/p>\n<p>7.Sand\u00eda Fresa Mel\u00f3n<\/p>\n<p>8.Razz azul<\/p>\n<p>9.Bayas mixtas<\/p>\n<p>10.Maracuy\u00e1<\/p>\n<p>&nbsp;<\/p>\n<h2 class=\"header-vfC6AV auto-hide-last-sibling-br\">Preguntas frecuentes sobre la pluma Vape desechable Bang Blaze 60000 | 60K Puffs<\/h2>\n<p data-sourcepos=\"37:1-38:90\">\u2753 <strong data-sourcepos=\"37:3-37:37\">\u00bfC\u00f3mo consigue 60.000 caladas?<\/strong><br \/>\n\u2705 <strong data-sourcepos=\"38:3-38:20\">e-l\u00edquido de 40 ml<\/strong> + <strong data-sourcepos=\"38:23-38:46\">bobina de malla eficiente<\/strong> + <strong data-sourcepos=\"38:49-38:68\">bater\u00eda de 1000mah<\/strong> = <strong data-sourcepos=\"38:71-38:87\">Semanas de uso<\/strong>.<\/p>\n<p data-sourcepos=\"40:1-41:92\">\u2753 <strong data-sourcepos=\"40:3-40:36\">\u00bfEs bueno para perseguir nubes?<\/strong><br \/>\n\u2705 <strong data-sourcepos=\"41:3-41:21\">Bobina de malla de 0,6\u03a9<\/strong> y <strong data-sourcepos=\"41:26-41:40\">dise\u00f1o DTL<\/strong> producir <strong data-sourcepos=\"41:49-41:67\">nubes m\u00e1s espesas<\/strong> y <strong data-sourcepos=\"41:72-41:89\">sabor m\u00e1s completo<\/strong>.<\/p>\n<p data-sourcepos=\"43:1-44:59\">\u2753 <strong data-sourcepos=\"43:3-43:32\">\u00bfPuedo vapear sin nicotina?<br \/>\n<\/strong> \u2705 \u00a1S\u00ed! <strong data-sourcepos=\"44:8-44:30\">0% opci\u00f3n nicotina<\/strong> para disfrutar del puro sabor.<\/p>\n<p data-sourcepos=\"46:1-47:81\">\u2753 <strong data-sourcepos=\"46:3-46:31\">\u00bfQu\u00e9 tan r\u00e1pido se carga?<br \/>\n<\/strong> \u2705 <strong data-sourcepos=\"47:3-47:22\">bater\u00eda de 1000mah<\/strong> Se recarga r\u00e1pidamente a trav\u00e9s de USB-C (carga completa en <strong data-sourcepos=\"47:65-47:77\">~50 minutos<\/strong>).<\/p>\n<p data-sourcepos=\"49:1-50:88\">\u2753 <strong data-sourcepos=\"49:3-49:27\">\u00bfPara qui\u00e9n es ideal?<\/strong><br \/>\n\u2705 <strong data-sourcepos=\"50:3-50:24\">Entusiastas de la nube<\/strong> + <strong data-sourcepos=\"50:27-50:40\">minoristas<\/strong> buscando productos desechables de alto margen y alta demanda.<\/p>\n<p>&nbsp;<\/p>\n<h3 id=\"brxe-najhln\" class=\"brxe-heading\">Preguntas frecuentes (FAQ)<\/h3>\n<div id=\"brxe-rajiac\" class=\"brxe-text\">\n<p><strong>P: \u00bfQu\u00e9 m\u00e9todos de pago aceptan?<\/strong><br \/>\nR: Aceptamos PayPal, Stripe, transferencias bancarias (compatibles con SEPA), las principales tarjetas de cr\u00e9dito (Visa, MasterCard, American Express) y pagos con criptomonedas.<\/p>\n<p><strong>P: \u00bfCu\u00e1nto tiempo lleva la preparaci\u00f3n del pedido?<\/strong><br \/>\nR: La preparaci\u00f3n del pedido demora entre 1 y 3 d\u00edas h\u00e1biles.<\/p>\n<p><strong>P: \u00bfCu\u00e1l es el tiempo de env\u00edo?<\/strong><br \/>\nR: El tiempo de env\u00edo es de 7 a 14 d\u00edas h\u00e1biles, seg\u00fan su ubicaci\u00f3n.<\/p>\n<p><strong>P: \u00bfC\u00f3mo puedo realizar un seguimiento de mi pedido?<\/strong><br \/>\nR: Despu\u00e9s del env\u00edo, recibir\u00e1 un correo electr\u00f3nico de confirmaci\u00f3n con un n\u00famero de seguimiento para realizar un seguimiento en tiempo real.<\/p>\n<p><strong>P: \u00bfCu\u00e1l es su pol\u00edtica de devoluci\u00f3n?<\/strong><br \/>\nR: Ofrecemos una pol\u00edtica de devoluci\u00f3n de 30 d\u00edas para reembolsos o cambios. .<\/p>\n<p><strong>P: \u00bfHabr\u00e1 alg\u00fan problema aduanero?<br \/>\n<\/strong>Nos encargamos de todos los procedimientos de despacho de aduanas para garantizarle una experiencia sin complicaciones. .<\/p>\n<p><strong>P: \u00bfQu\u00e9 m\u00e9todos de env\u00edo se utilizan?<\/strong><br \/>\nCooperamos con UPS\/DHL\/FEDEX\/DPD, etc. Elegiremos la opci\u00f3n de env\u00edo adecuada seg\u00fan el pa\u00eds de entrega para asegurarnos de que reciba sus productos lo m\u00e1s r\u00e1pido posible.<\/p>\n<p><a href=\"https:\/\/pgvape.com\/es\/preguntas-frecuentes\/\">Haga clic aqu\u00ed para m\u00e1s preguntas frecuentes<\/a><\/p>\n<p>Estimados clientes: Si tienen alguna pregunta sobre su pedido o la llegada de la mercanc\u00eda, comun\u00edquese con nuestro servicio de atenci\u00f3n al cliente. \u00a1Gracias!<\/p>\n<h3 data-sourcepos=\"73:1-73:21\"><strong data-sourcepos=\"73:7-73:21\">Cont\u00e1ctenos<\/strong><\/h3>\n<div id=\"text-2419739398\" class=\"text\">\n<p><strong data-sourcepos=\"75:3-75:12\">Correo electr\u00f3nico<\/strong>:\u00a0<a href=\"mailto:support@pgvape.com\"><strong>support@pgvape.com<\/strong><\/a><\/p>\n<p><strong data-sourcepos=\"76:3-76:15\">WhatsApp<\/strong>: <a href=\"https:\/\/wa.me\/+8618128481258\"><strong>+86 18128481258<\/strong><\/a><br \/>\n<strong>(Respuesta dentro de las 24 horas en d\u00edas h\u00e1biles)<\/strong><\/p>\n<\/div>\n<h3><strong>\u00a1Gracias por elegir pgvape.com! .<\/strong><\/h3>\n<\/div>","protected":false},"excerpt":{"rendered":"<p>Con <strong data-sourcepos=\"55:6-55:19\">60.000 bocanadas<\/strong>, <strong data-sourcepos=\"55:21-55:38\">Capacidad de 40 ml.<\/strong>, y <strong data-sourcepos=\"55:44-55:63\">Rendimiento DTL<\/strong>, el <strong data-sourcepos=\"55:69-55:89\">Explosi\u00f3n Blaze 60000<\/strong> domina el mercado desechable. <strong data-sourcepos=\"55:123-55:137\">10 sabores<\/strong>, <strong data-sourcepos=\"55:139-55:163\">flexibilidad de la nicotina<\/strong>, y <strong data-sourcepos=\"55:169-55:187\">embalaje a granel<\/strong> convi\u00e9rtalo en el sue\u00f1o de un minorista.<\/p>","protected":false},"featured_media":1887,"comment_status":"open","ping_status":"closed","template":"","meta":{"_seopress_robots_primary_cat":"none","_seopress_titles_title":"%%post_title%% %%sep%% %%sitetitle%%","_seopress_titles_desc":"","_seopress_robots_index":""},"product_brand":[49,516],"product_cat":[48,33,515],"product_tag":[169,166,163,108,79,167,168],"class_list":{"0":"post-1882","1":"product","2":"type-product","3":"status-publish","4":"has-post-thumbnail","6":"product_brand-bang-blaze-vape","7":"product_brand-disposable-vape","8":"product_cat-60k-puffs-vape","9":"product_cat-bang-blaze-vape","10":"product_cat-disposable-vape","11":"product_tag-10tastes","12":"product_tag-60k","13":"product_tag-bang-blaze","14":"product_tag-disposable","15":"product_tag-led-display","16":"product_tag-puffs","17":"product_tag-vape-pen","19":"first","20":"instock","21":"sale","22":"shipping-taxable","23":"purchasable","24":"product-type-variable"},"_links":{"self":[{"href":"https:\/\/pgvape.com\/es\/wp-json\/wp\/v2\/product\/1882","targetHints":{"allow":["GET"]}}],"collection":[{"href":"https:\/\/pgvape.com\/es\/wp-json\/wp\/v2\/product"}],"about":[{"href":"https:\/\/pgvape.com\/es\/wp-json\/wp\/v2\/types\/product"}],"replies":[{"embeddable":true,"href":"https:\/\/pgvape.com\/es\/wp-json\/wp\/v2\/comments?post=1882"}],"wp:featuredmedia":[{"embeddable":true,"href":"https:\/\/pgvape.com\/es\/wp-json\/wp\/v2\/media\/1887"}],"wp:attachment":[{"href":"https:\/\/pgvape.com\/es\/wp-json\/wp\/v2\/media?parent=1882"}],"wp:term":[{"taxonomy":"product_brand","embeddable":true,"href":"https:\/\/pgvape.com\/es\/wp-json\/wp\/v2\/product_brand?post=1882"},{"taxonomy":"product_cat","embeddable":true,"href":"https:\/\/pgvape.com\/es\/wp-json\/wp\/v2\/product_cat?post=1882"},{"taxonomy":"product_tag","embeddable":true,"href":"https:\/\/pgvape.com\/es\/wp-json\/wp\/v2\/product_tag?post=1882"}],"curies":[{"name":"wp","href":"https:\/\/api.w.org\/{rel}","templated":true}]}}