{"id":1829,"date":"2025-09-29T11:39:10","date_gmt":"2025-09-29T11:39:10","guid":{"rendered":"https:\/\/pgvape.com\/?post_type=product&#038;p=1829"},"modified":"2026-03-24T18:07:54","modified_gmt":"2026-03-24T18:07:54","slug":"bang-blaze-40000-40k-sopla-sabor-dual-vape-desechable-tipo-c-carga-vape-fabrica-directa","status":"publish","type":"product","link":"https:\/\/pgvape.com\/es\/producto\/bang-blaze-40000-40k-sopla-sabor-dual-vape-desechable-tipo-c-carga-vape-fabrica-directa\/","title":{"rendered":"Bang Blaze 40000 40k sopla el tipo-c disponible de Vape de los sabores duales que carga la f\u00e1brica de Vape directa"},"content":{"rendered":"<div class=\"auto-hide-last-sibling-br paragraph-JOTKXA paragraph-element br-paragraph-space\">\n<div class=\"auto-hide-last-sibling-br paragraph-JOTKXA paragraph-element br-paragraph-space\">\n<p><strong data-sourcepos=\"6:5-6:45\">Bang Blaze 40K inhala Vape desechable<\/strong> redefine la versatilidad con <strong data-sourcepos=\"6:73-6:89\">40.000 bocanadas<\/strong>, a <strong data-sourcepos=\"6:93-6:119\">Capacidad de e-l\u00edquido de 40 ml.<\/strong>, y un innovador <strong data-sourcepos=\"6:139-6:177\">sistema de doble sabor deslizable para cambiar<\/strong>. <strong data-sourcepos=\"6:192-6:215\">Bobina de malla dual de 1,2 \u03a9<\/strong> y <strong data-sourcepos=\"6:220-6:251\">Bater\u00eda recargable de 650 mAh.<\/strong>, entrega <strong data-sourcepos=\"6:265-6:292\">vapor suave y sabroso<\/strong> con <strong data-sourcepos=\"6:298-6:330\">Opciones de nicotina 0%\/2%\/3%\/5%<\/strong>. <strong data-sourcepos=\"6:344-6:378\">32 combinaciones de sabores premium<\/strong>, disfrutar <strong data-sourcepos=\"6:386-6:410\">Carga r\u00e1pida tipo C<\/strong>, y experimente un rendimiento duradero en un dise\u00f1o elegante y port\u00e1til. .<\/p>\n<p>&nbsp;<\/p>\n<\/div>\n<\/div>\n<h2><span style=\"font-size: 90%;\">Especificaci\u00f3n de producto disponible de Vape de los sabores duales de Bang Blaze 40000 | 40k Puffs<\/span><\/h2>\n<p><strong data-sourcepos=\"11:3-11:18\">Conteo de bocanadas:<\/strong>\u00a0<strong data-sourcepos=\"11:19-11:35\">40.000 bocanadas<\/strong>\u00a0(Uso extendido)<\/p>\n<p><strong data-sourcepos=\"12:3-12:16\">Nicotina:<\/strong>\u00a0<strong data-sourcepos=\"12:17-12:38\">0% \/ 2% \/ 3% \/ 5%<\/strong>\u00a0(Intensidad adaptada)<\/p>\n<p><strong data-sourcepos=\"13:3-13:21\">Sistema de sabor:<\/strong><strong data-sourcepos=\"14:5-14:37\">Sabores duales deslizables para cambiar<\/strong>\u00a0(Alternar instant\u00e1neamente entre 2 gustos)<\/p>\n<p><strong data-sourcepos=\"15:5-15:24\">32 pares de sabores<\/strong>\u00a0(Mezclas afrutadas, heladas, de postre y ex\u00f3ticas)<\/p>\n<p><strong data-sourcepos=\"16:3-16:25\">Capacidad de E-l\u00edquido:<\/strong>\u00a0<strong data-sourcepos=\"16:26-16:34\">40ml<\/strong>\u00a0(Tanque enorme para menos recargas)<\/p>\n<p><strong data-sourcepos=\"17:3-17:12\">Bobina:<\/strong>\u00a0<strong data-sourcepos=\"17:13-17:31\">Malla doble de 1,2 \u03a9<\/strong>\u00a0(Sabor equilibrado y producci\u00f3n en la nube)<\/p>\n<p><strong data-sourcepos=\"18:3-18:15\">Bater\u00eda:<\/strong>\u00a0<strong data-sourcepos=\"18:16-18:39\">650mAh recargable<\/strong>\u00a0+\u00a0<strong data-sourcepos=\"18:42-18:61\">Carga tipo C<\/strong><\/p>\n<p><strong data-sourcepos=\"19:3-19:17\">Embalaje:<\/strong>\u00a0<strong data-sourcepos=\"19:18-19:32\">10 unidades\/caja<\/strong>\u00a0(Listo para la venta al por menor)<\/p>\n<p>&nbsp;<\/p>\n<h3><span style=\"font-size: 90%;\">Bang Blaze 40000 | 40k Puffs Lista de sabores disponibles de Vape de sabores duales<\/span><\/h3>\n<p>1.Sand\u00eda \/ Sand\u00eda Fresa<\/p>\n<p>2.Hielo de ar\u00e1ndanos \/ Frambuesa de ar\u00e1ndanos<\/p>\n<p>3.Helado de mango \/ Mango de fresa<\/p>\n<p>4.Sand\u00eda \/ Chicle de sand\u00eda<\/p>\n<p>5.Hielo de pi\u00f1a \/ Coco de pi\u00f1a<\/p>\n<p>6.Fruta mixta \/ Triple baya<\/p>\n<p>7.Hielo de melocot\u00f3n \/ Melocot\u00f3n de mango<\/p>\n<p>8.Cereza \/ Coca-Cola de cereza<\/p>\n<p>9.Uva \/ Uva Ar\u00e1ndano<\/p>\n<p>10.Menta \/ Menta Ar\u00e1ndano<\/p>\n<p>11.Drag\u00f3n Negro Hielo \/ Toro Rojo<\/p>\n<p>12.Hielo de fresa \/ Kiwi de fresa<\/p>\n<p>13.Frutas Tropicales \/ Sand\u00eda Triple<\/p>\n<p>14. Mango Agrio, Pi\u00f1a \/ Lima Lim\u00f3n<\/p>\n<p>15. Horario de verano \/ Hielo de manzana<\/p>\n<p>16.Rainbow Candy\/Congelaci\u00f3n \u00e1rtica<\/p>\n<p>17.Sand\u00eda Frambuesa \/ Jieshuang<\/p>\n<p>18. Romance de lim\u00f3n \/ Cereza de California<\/p>\n<p>19.Mango Melocot\u00f3n Albaricoque \/ Gomitas Blancas<\/p>\n<p>20.El sue\u00f1o de Mar\u00eda \/ Hielo de mel\u00f3n, mango y aloe<\/p>\n<p>21.Kiwi Maracuy\u00e1 Guayaba \/ Ar\u00e1ndano Cereza<\/p>\n<p>22.Pi\u00f1a Mango \/ Pi\u00f1a Hielo De Coco<\/p>\n<p>23.Sand\u00eda Frambuesa \/ Uva Aloe Vera<\/p>\n<p>24. Hielo de lichi \/ Lichi de fresa<\/p>\n<p>25.Sexo en la playa \/ Sand\u00eda frambuesa<\/p>\n<p>26.Osito de goma\/Brillo negro frambuesa<\/p>\n<p>27.Berries Cool Sand\u00eda \/ Melocot\u00f3n Agrio<\/p>\n<p>28.Pl\u00e1tano Fresa \/ Kiwi Maracuy\u00e1<\/p>\n<p>29. Acai Tormenta Hielo \/ Amor 66<\/p>\n<p>30. Limonada rosada \/ Ar\u00e1ndano, cereza y lim\u00f3n<\/p>\n<p>31.Helado de fresa \/ vainilla de fresa<\/p>\n<p>32.Ar\u00e1ndano, Ar\u00e1ndano, Cereza \/ Sand\u00eda Cherr<\/p>\n<p>&nbsp;<\/p>\n<h3><span style=\"font-size: 90%;\">V\u00eddeo de Vape desechable de dos sabores Bang Blaze 40000 | 40k Puffs:<br \/>\n<iframe loading=\"lazy\" title=\"Bang Blaze 40000 | 40k Puffs Vape desechable de sabores duales | 0% 2% 3% 5% Nicotina | 32 gustos pgvape\" width=\"563\" height=\"1000\" src=\"https:\/\/www.youtube.com\/embed\/vCJqrdH4c2M?feature=oembed\" frameborder=\"0\" allow=\"accelerometer; autoplay; clipboard-write; encrypted-media; gyroscope; picture-in-picture; web-share\" referrerpolicy=\"strict-origin-when-cross-origin\" allowfullscreen><\/iframe><br \/>\n<\/span><\/h3>\n<p>&nbsp;<\/p>\n<h2><span style=\"font-size: 90%;\">Preguntas frecuentes sobre Bang Blaze 40000 | 40k Puffs Vape desechable de sabores duales<\/span><\/h2>\n<p data-sourcepos=\"55:1-56:128\">\u2753 <strong data-sourcepos=\"55:3-55:44\">\u00bfC\u00f3mo funciona el sistema de doble sabor?<\/strong><br \/>\n\u2705 <strong data-sourcepos=\"56:3-56:23\">Desliza el interruptor<\/strong> para alternar instant\u00e1neamente entre <strong data-sourcepos=\"56:55-56:67\">Sabor A<\/strong> y <strong data-sourcepos=\"56:72-56:84\">Sabor B<\/strong> (p.ej., <strong data-sourcepos=\"56:92-56:124\">Helado De Mango \u2194 Mango De Fresa<\/strong>).<\/p>\n<p data-sourcepos=\"58:1-59:100\">\u2753 <strong data-sourcepos=\"58:3-58:35\">\u00bfLa calidad del vapor es suave?<\/strong><br \/>\n\u2705 <strong data-sourcepos=\"59:3-59:27\">Bobinas de malla dual de 1,2 \u03a9<\/strong> proporcionar <strong data-sourcepos=\"59:36-59:63\">20% m\u00e1s claridad de sabor<\/strong> y <strong data-sourcepos=\"59:68-59:97\">producci\u00f3n equilibrada en la nube<\/strong>.<\/p>\n<p data-sourcepos=\"61:1-62:59\">\u2753 <strong data-sourcepos=\"61:3-61:32\">\u00bfPuedo vapear sin nicotina?<\/strong><br \/>\n\u2705 \u00a1S\u00ed! <strong data-sourcepos=\"62:8-62:30\">0% opci\u00f3n nicotina<\/strong> para disfrutar del puro sabor.<\/p>\n<p data-sourcepos=\"64:1-65:90\">\u2753 <strong data-sourcepos=\"64:3-64:38\">\u00bfCu\u00e1nto dura la bater\u00eda?<\/strong><br \/>\n\u2705 <strong data-sourcepos=\"65:3-65:21\">bater\u00eda de 650 mAh<\/strong> apoya <strong data-sourcepos=\"65:31-65:46\">dias de uso<\/strong>; <strong data-sourcepos=\"65:48-65:58\">Tipo C<\/strong> recargas en <strong data-sourcepos=\"65:72-65:87\">~40 minutos<\/strong>.<\/p>\n<p data-sourcepos=\"67:1-68:88\">\u2753 <strong data-sourcepos=\"67:3-67:26\">\u00bfPara qui\u00e9n es mejor?<\/strong><br \/>\n\u2705 <strong data-sourcepos=\"68:3-68:23\">Exploradores de sabores<\/strong> + <strong data-sourcepos=\"68:26-68:39\">minoristas<\/strong> que buscan productos desechables de alta demanda y con muchas funciones.<\/p>\n<p>&nbsp;<\/p>\n<h3 id=\"brxe-najhln\" class=\"brxe-heading\">Preguntas frecuentes (FAQ)<\/h3>\n<div id=\"brxe-rajiac\" class=\"brxe-text\">\n<p><strong>P: \u00bfQu\u00e9 m\u00e9todos de pago aceptan?<\/strong><br \/>\nR: Aceptamos PayPal, Stripe, transferencias bancarias (compatibles con SEPA), las principales tarjetas de cr\u00e9dito (Visa, MasterCard, American Express) y pagos con criptomonedas.<\/p>\n<p><strong>P: \u00bfCu\u00e1nto tiempo lleva la preparaci\u00f3n del pedido?<\/strong><br \/>\nR: La preparaci\u00f3n del pedido demora entre 1 y 3 d\u00edas h\u00e1biles.<\/p>\n<p><strong>P: \u00bfCu\u00e1l es el tiempo de env\u00edo?<\/strong><br \/>\nR: El tiempo de env\u00edo es de 7 a 14 d\u00edas h\u00e1biles, seg\u00fan su ubicaci\u00f3n.<\/p>\n<p><strong>P: \u00bfC\u00f3mo puedo realizar un seguimiento de mi pedido?<\/strong><br \/>\nR: Despu\u00e9s del env\u00edo, recibir\u00e1 un correo electr\u00f3nico de confirmaci\u00f3n con un n\u00famero de seguimiento para realizar un seguimiento en tiempo real.<\/p>\n<p><strong>P: \u00bfCu\u00e1l es su pol\u00edtica de devoluci\u00f3n?<\/strong><br \/>\nR: Ofrecemos una pol\u00edtica de devoluci\u00f3n de 30 d\u00edas para reembolsos o cambios. .<\/p>\n<p><strong>P: \u00bfHabr\u00e1 alg\u00fan problema aduanero?<br \/>\n<\/strong>Nos encargamos de todos los procedimientos de despacho de aduanas para garantizarle una experiencia sin complicaciones. .<\/p>\n<p><strong>P: \u00bfQu\u00e9 m\u00e9todos de env\u00edo se utilizan?<\/strong><br \/>\nCooperamos con UPS\/DHL\/FEDEX\/DPD, etc. Elegiremos la opci\u00f3n de env\u00edo adecuada seg\u00fan el pa\u00eds de entrega para asegurarnos de que reciba sus productos lo m\u00e1s r\u00e1pido posible.<\/p>\n<p><a href=\"https:\/\/pgvape.com\/es\/preguntas-frecuentes\/\">Haga clic aqu\u00ed para m\u00e1s preguntas frecuentes<\/a><\/p>\n<p>Estimados clientes: Si tienen alguna pregunta sobre su pedido o la llegada de la mercanc\u00eda, comun\u00edquese con nuestro servicio de atenci\u00f3n al cliente. \u00a1Gracias!<\/p>\n<h3 data-sourcepos=\"73:1-73:21\"><strong data-sourcepos=\"73:7-73:21\">Cont\u00e1ctenos<\/strong><\/h3>\n<div id=\"text-2419739398\" class=\"text\">\n<p><strong data-sourcepos=\"75:3-75:12\">Correo electr\u00f3nico<\/strong>:\u00a0<a href=\"mailto:support@pgvape.com\"><strong>support@pgvape.com<\/strong><\/a><\/p>\n<p><strong data-sourcepos=\"76:3-76:15\">WhatsApp<\/strong>: <a href=\"https:\/\/wa.me\/+8618128481258\"><strong>+86 18128481258<\/strong><\/a><br \/>\n<strong>(Respuesta dentro de las 24 horas en d\u00edas h\u00e1biles)<\/strong><\/p>\n<\/div>\n<h3><strong>\u00a1Gracias por elegir pgvape.com! .<\/strong><\/h3>\n<\/div>","protected":false},"excerpt":{"rendered":"<p>Con <strong data-sourcepos=\"73:6-73:19\">40K bocanadas<\/strong>, <strong data-sourcepos=\"73:21-73:48\">flexibilidad de doble sabor<\/strong>, y <strong data-sourcepos=\"73:54-73:71\">Capacidad de 40 ml.<\/strong>, el <strong data-sourcepos=\"73:77-73:95\">explosi\u00f3n de fuego 40k<\/strong> es un punto de inflexi\u00f3n. <strong data-sourcepos=\"73:115-73:134\">32 pares de sabores<\/strong> y <strong data-sourcepos=\"73:139-73:165\">personalizaci\u00f3n de nicotina<\/strong> atender a todos los vapeadores.<\/p>","protected":false},"featured_media":1832,"comment_status":"open","ping_status":"closed","template":"","meta":{"_seopress_robots_primary_cat":"none","_seopress_titles_title":"%%post_title%% %%sep%% %%sitetitle%%","_seopress_titles_desc":"","_seopress_robots_index":""},"product_brand":[49,516],"product_cat":[103,33,515],"product_tag":[164,106,107,163,90,66,165],"class_list":{"0":"post-1829","1":"product","2":"type-product","3":"status-publish","4":"has-post-thumbnail","6":"product_brand-bang-blaze-vape","7":"product_brand-disposable-vape","8":"product_cat-40k-puffs-vape","9":"product_cat-bang-blaze-vape","10":"product_cat-disposable-vape","11":"product_tag-32-tastes","12":"product_tag-40k-puffs","13":"product_tag-40k-vape","14":"product_tag-bang-blaze","15":"product_tag-disposable-vape","16":"product_tag-dual-flavors","17":"product_tag-type-c-charging","19":"first","20":"instock","21":"sale","22":"shipping-taxable","23":"purchasable","24":"product-type-variable"},"_links":{"self":[{"href":"https:\/\/pgvape.com\/es\/wp-json\/wp\/v2\/product\/1829","targetHints":{"allow":["GET"]}}],"collection":[{"href":"https:\/\/pgvape.com\/es\/wp-json\/wp\/v2\/product"}],"about":[{"href":"https:\/\/pgvape.com\/es\/wp-json\/wp\/v2\/types\/product"}],"replies":[{"embeddable":true,"href":"https:\/\/pgvape.com\/es\/wp-json\/wp\/v2\/comments?post=1829"}],"wp:featuredmedia":[{"embeddable":true,"href":"https:\/\/pgvape.com\/es\/wp-json\/wp\/v2\/media\/1832"}],"wp:attachment":[{"href":"https:\/\/pgvape.com\/es\/wp-json\/wp\/v2\/media?parent=1829"}],"wp:term":[{"taxonomy":"product_brand","embeddable":true,"href":"https:\/\/pgvape.com\/es\/wp-json\/wp\/v2\/product_brand?post=1829"},{"taxonomy":"product_cat","embeddable":true,"href":"https:\/\/pgvape.com\/es\/wp-json\/wp\/v2\/product_cat?post=1829"},{"taxonomy":"product_tag","embeddable":true,"href":"https:\/\/pgvape.com\/es\/wp-json\/wp\/v2\/product_tag?post=1829"}],"curies":[{"name":"wp","href":"https:\/\/api.w.org\/{rel}","templated":true}]}}