{"id":1799,"date":"2025-09-29T09:55:39","date_gmt":"2025-09-29T09:55:39","guid":{"rendered":"https:\/\/pgvape.com\/?post_type=product&#038;p=1799"},"modified":"2026-03-26T16:32:55","modified_gmt":"2026-03-26T16:32:55","slug":"airmez-fox-80000-80k-sopla-2-en-1-fabrica-llevada-elegante-del-vape-de-la-pantalla-del-vape-disponible-de-los-sabores-duales-directo","status":"publish","type":"product","link":"https:\/\/pgvape.com\/es\/producto\/airmez-fox-80000-80k-sopla-2-en-1-fabrica-llevada-elegante-del-vape-de-la-pantalla-del-vape-disponible-de-los-sabores-duales-directo\/","title":{"rendered":"Airmez Fox 80000 80k sopla 2 en 1 f\u00e1brica elegante disponible de Vape de la pantalla LED de Vape de los sabores duales directa"},"content":{"rendered":"<div class=\"auto-hide-last-sibling-br paragraph-JOTKXA paragraph-element br-paragraph-space\"><\/div>\n<div class=\"auto-hide-last-sibling-br paragraph-JOTKXA paragraph-element br-paragraph-space\"><strong data-sourcepos=\"2:5-2:52\">Airmez Fox 2 en 1 80K inhalaciones Vape desechable<\/strong> Ofertas <strong data-sourcepos=\"2:60-2:83\">Longevidad inigualable<\/strong> Con <strong data-sourcepos=\"2:89-2:116\">80.000 bocanadas ultralargas<\/strong> Y <strong data-sourcepos=\"2:121-2:150\">C\u00e1maras de sabor duales de 15 ml<\/strong> (30 ml en total). <strong data-sourcepos=\"2:176-2:195\">Bobinas de malla dual<\/strong> y un <strong data-sourcepos=\"2:202-2:233\">Bater\u00eda recargable de 650 mAh.<\/strong>, Ofrece <strong data-sourcepos=\"2:247-2:263\">Vapor suave<\/strong> Y <strong data-sourcepos=\"2:268-2:283\">rico sabor<\/strong>. <strong data-sourcepos=\"2:302-2:326\">Carga r\u00e1pida tipo C<\/strong>, <strong data-sourcepos=\"2:328-2:349\">Pantalla LED inteligente<\/strong>, Y <strong data-sourcepos=\"2:355-2:388\">Cambio instant\u00e1neo de doble sabor<\/strong>. <strong data-sourcepos=\"2:403-2:437\">10 combinaciones de sabores premium<\/strong> Para m\u00e1xima variedad.<\/div>\n<h2><span style=\"font-size: 90%;\"><br \/>\nAirmez Fox 80000 | 80k Puffs 2 en 1 Especificaci\u00f3n de producto desechable de Vape de sabores duales<\/span><\/h2>\n<p><strong data-sourcepos=\"7:3-7:17\">Conteo de bocanadas<\/strong>:\u00a0<strong data-sourcepos=\"7:19-7:35\">80.000 bocanadas<\/strong><\/p>\n<p><strong data-sourcepos=\"8:3-8:15\">Nicotina<\/strong>:\u00a0<strong data-sourcepos=\"8:17-8:32\">Fuerza 2%<\/strong><\/p>\n<p><strong data-sourcepos=\"9:3-9:15\">E-l\u00edquido<\/strong>:\u00a0<strong data-sourcepos=\"9:17-9:48\">30 ml (15 ml \u00d7 2 c\u00e1maras duales)<\/strong><\/p>\n<p><strong data-sourcepos=\"10:3-10:11\">Bobina<\/strong>:\u00a0<strong data-sourcepos=\"10:13-10:32\">Bobinas de malla dual<\/strong><\/p>\n<p><strong data-sourcepos=\"11:3-11:14\">Bater\u00eda<\/strong>:\u00a0<strong data-sourcepos=\"11:16-11:39\">650mAh recargable<\/strong><\/p>\n<p><strong data-sourcepos=\"12:3-12:15\">Cargando<\/strong>:\u00a0<strong data-sourcepos=\"12:17-12:41\">Carga r\u00e1pida tipo C<\/strong><\/p>\n<p><strong data-sourcepos=\"13:3-13:14\">Mostrar<\/strong>:\u00a0<strong data-sourcepos=\"13:16-13:49\">Pantalla LED (bater\u00eda\/e-l\u00edquido)<\/strong><\/p>\n<p><strong data-sourcepos=\"14:3-14:20\">Sistema de sabor<\/strong>:\u00a0<strong data-sourcepos=\"14:22-14:47\">Cambio de sabor dual<\/strong><\/p>\n<h3><span style=\"font-size: 90%;\"><br \/>\nAirmez Fox 80000 | 80k Puffs 2 en 1 Lista de sabores desechables de Vape de sabores duales<\/span><\/h3>\n<p>1.Fresa, Sand\u00eda y Fresa Frambuesa<\/p>\n<p>2. Limonada Blue Razz y Blue Razz<\/p>\n<p>3.Ar\u00e1ndano sobre hielo y ar\u00e1ndano y frambuesa<\/p>\n<p>4. Fresa, kiwi y helado de fresa<\/p>\n<p>5.Sand\u00eda con hielo y frambuesa<\/p>\n<p>6.Limonada de frutos rojos y lima lim\u00f3n<\/p>\n<p>7.Frutas tropicales y amor 66<\/p>\n<p>8.Hielo de melocot\u00f3n y melocot\u00f3n de mango<\/p>\n<p>9.Bayas mixtas y Dr. Blue<\/p>\n<p>10.Hielo de uva y hielo negro<\/p>\n<p>&nbsp;<\/p>\n<h3><span style=\"font-size: 90%;\">Airmez Fox 80000 | 80k Puffs 2 en 1 Video de Vape desechable de sabores duales:<br \/>\n<iframe loading=\"lazy\" title=\"Airmez Fox 80000 | 80k soplos 2 en 1 sabores duales Vape desechable | Vape Factory Direct pgvape\" width=\"1020\" height=\"574\" src=\"https:\/\/www.youtube.com\/embed\/wPpbJCsTXZs?feature=oembed\" frameborder=\"0\" allow=\"accelerometer; autoplay; clipboard-write; encrypted-media; gyroscope; picture-in-picture; web-share\" referrerpolicy=\"strict-origin-when-cross-origin\" allowfullscreen><\/iframe><br \/>\n<\/span><\/h3>\n<p>&nbsp;<\/p>\n<h2 class=\"header-vfC6AV auto-hide-last-sibling-br\"><span style=\"font-size: 90%;\">Preguntas frecuentes sobre Airmez Fox 80000 | 80k Puffs 2 en 1 Vape desechable de sabores duales<\/span><\/h2>\n<p data-sourcepos=\"33:1-34:85\">\u2753 <strong data-sourcepos=\"33:3-33:52\">\u00bfQu\u00e9 hace que la cuenta de 80.000 caladas sea especial?<\/strong><br \/>\n\u2705 <strong data-sourcepos=\"34:3-34:32\">Capacidad l\u00edder en la industria<\/strong> \u2013 Dura <strong data-sourcepos=\"34:41-34:56\">4-5 veces m\u00e1s<\/strong> Que los desechables est\u00e1ndar.<\/p>\n<p data-sourcepos=\"36:1-37:85\">\u2753 <strong data-sourcepos=\"36:3-36:48\">\u00bfC\u00f3mo funciona el sistema de doble sabor?<\/strong><br \/>\n\u2705 <strong data-sourcepos=\"37:3-37:83\">Cambie instant\u00e1neamente entre dos sabores premium con solo presionar un bot\u00f3n.<\/strong><\/p>\n<p data-sourcepos=\"39:1-40:97\">\u2753 <strong data-sourcepos=\"39:3-39:49\">\u00bfEs la bater\u00eda de 650 mAh lo suficientemente potente?<\/strong><br \/>\n\u2705 <strong data-sourcepos=\"40:3-40:31\">Optimizado para la eficiencia<\/strong> \u2013 Dura <strong data-sourcepos=\"40:40-40:51\">2+ d\u00edas<\/strong> Por carga con <strong data-sourcepos=\"40:68-40:92\">Carga r\u00e1pida tipo C<\/strong>.**<\/p>\n<p data-sourcepos=\"42:1-43:89\">\u2753 <strong data-sourcepos=\"42:3-42:40\">\u00bfMuestra los niveles de E-Liquid?<\/strong><br \/>\n\u2705 <strong data-sourcepos=\"43:3-43:29\">\u00a1S\u00ed!<\/strong> Pistas <strong data-sourcepos=\"43:37-43:61\">Ambas c\u00e1maras de sabor<\/strong> Y <strong data-sourcepos=\"43:66-43:84\">Estado de la bater\u00eda<\/strong>.**<\/p>\n<p data-sourcepos=\"45:1-46:82\">\u2753 <strong data-sourcepos=\"45:3-45:42\">\u00bfPor qu\u00e9 elegir el dise\u00f1o de doble c\u00e1mara?<\/strong><br \/>\n\u2705 <strong data-sourcepos=\"46:3-46:29\">Previene la mezcla de sabores<\/strong> mientras ofrece <strong data-sourcepos=\"46:45-46:77\">Capacidad total extendida de 30 ml<\/strong>.**<\/p>\n<p>&nbsp;<\/p>\n<h3 id=\"brxe-najhln\" class=\"brxe-heading\">Preguntas frecuentes (FAQ)<\/h3>\n<div id=\"brxe-rajiac\" class=\"brxe-text\">\n<p><strong>P: \u00bfQu\u00e9 m\u00e9todos de pago aceptan?<\/strong><br \/>\nR: Aceptamos PayPal, Stripe, transferencias bancarias (compatibles con SEPA), las principales tarjetas de cr\u00e9dito (Visa, MasterCard, American Express) y pagos con criptomonedas.<\/p>\n<p><strong>P: \u00bfCu\u00e1nto tiempo lleva la preparaci\u00f3n del pedido?<\/strong><br \/>\nR: La preparaci\u00f3n del pedido demora entre 1 y 3 d\u00edas h\u00e1biles.<\/p>\n<p><strong>P: \u00bfCu\u00e1l es el tiempo de env\u00edo?<\/strong><br \/>\nR: El tiempo de env\u00edo es de 7 a 14 d\u00edas h\u00e1biles, seg\u00fan su ubicaci\u00f3n.<\/p>\n<p><strong>P: \u00bfC\u00f3mo puedo realizar un seguimiento de mi pedido?<\/strong><br \/>\nR: Despu\u00e9s del env\u00edo, recibir\u00e1 un correo electr\u00f3nico de confirmaci\u00f3n con un n\u00famero de seguimiento para realizar un seguimiento en tiempo real.<\/p>\n<p><strong>P: \u00bfCu\u00e1l es su pol\u00edtica de devoluci\u00f3n?<\/strong><br \/>\nR: Ofrecemos una pol\u00edtica de devoluci\u00f3n de 30 d\u00edas para reembolsos o cambios. .<\/p>\n<p><strong>P: \u00bfHabr\u00e1 alg\u00fan problema aduanero?<br \/>\n<\/strong>Nos encargamos de todos los procedimientos de despacho de aduanas para garantizarle una experiencia sin complicaciones. .<\/p>\n<p><strong>P: \u00bfQu\u00e9 m\u00e9todos de env\u00edo se utilizan?<\/strong><br \/>\nCooperamos con UPS\/DHL\/FEDEX\/DPD, etc. Elegiremos la opci\u00f3n de env\u00edo adecuada seg\u00fan el pa\u00eds de entrega para asegurarnos de que reciba sus productos lo m\u00e1s r\u00e1pido posible.<\/p>\n<p><a href=\"https:\/\/pgvape.com\/es\/preguntas-frecuentes\/\">Haga clic aqu\u00ed para m\u00e1s preguntas frecuentes<\/a><\/p>\n<p>Estimados clientes: Si tienen alguna pregunta sobre su pedido o la llegada de la mercanc\u00eda, comun\u00edquese con nuestro servicio de atenci\u00f3n al cliente. \u00a1Gracias!<\/p>\n<h3 data-sourcepos=\"73:1-73:21\"><strong data-sourcepos=\"73:7-73:21\">Cont\u00e1ctenos<\/strong><\/h3>\n<div id=\"text-2419739398\" class=\"text\">\n<p><strong data-sourcepos=\"75:3-75:12\">Correo electr\u00f3nico<\/strong>:\u00a0<a href=\"mailto:support@pgvape.com\"><strong>support@pgvape.com<\/strong><\/a><\/p>\n<p><strong data-sourcepos=\"76:3-76:15\">WhatsApp<\/strong>: <a href=\"https:\/\/wa.me\/+8618128481258\"><strong>+86 18128481258<\/strong><\/a><br \/>\n<strong>(Respuesta dentro de las 24 horas en d\u00edas h\u00e1biles)<\/strong><\/p>\n<\/div>\n<h3><strong>\u00a1Gracias por elegir pgvape.com! .<\/strong><\/h3>\n<\/div>","protected":false},"excerpt":{"rendered":"<p><strong data-sourcepos=\"51:1-51:216\">\u201cAirmez Fox 2 en 1: el vaporizador desechable de doble sabor definitivo con 80.000 inhalaciones, 30 ml de capacidad y 10 combinaciones de sabores, alimentado por una bater\u00eda de 650 mAh y bobinas de malla doble para un vapor rico y suave\u201d.\u201d<\/strong><\/p>","protected":false},"featured_media":1803,"comment_status":"open","ping_status":"closed","template":"","meta":{"_seopress_robots_primary_cat":"none","_seopress_titles_title":"%%post_title%% %%sep%% %%sitetitle%%","_seopress_titles_desc":"","_seopress_robots_index":""},"product_brand":[154,516],"product_cat":[41,155,515],"product_tag":[159,161,160,44,156,108,66,157,203,143,109],"class_list":{"0":"post-1799","1":"product","2":"type-product","3":"status-publish","4":"has-post-thumbnail","6":"product_brand-airmez-fox-vape","7":"product_brand-disposable-vape","8":"product_cat-80k-puffs-vape","9":"product_cat-airmez-fox-vape","10":"product_cat-disposable-vape","11":"product_tag-10-tastes","12":"product_tag-2-in-1","13":"product_tag-160","14":"product_tag-80k-puffs","15":"product_tag-airmez","16":"product_tag-disposable","17":"product_tag-dual-flavors","18":"product_tag-fox","19":"product_tag-shipment-from-eu","20":"product_tag-smart-led-display","21":"product_tag-vape","23":"first","24":"instock","25":"sale","26":"shipping-taxable","27":"purchasable","28":"product-type-variable"},"_links":{"self":[{"href":"https:\/\/pgvape.com\/es\/wp-json\/wp\/v2\/product\/1799","targetHints":{"allow":["GET"]}}],"collection":[{"href":"https:\/\/pgvape.com\/es\/wp-json\/wp\/v2\/product"}],"about":[{"href":"https:\/\/pgvape.com\/es\/wp-json\/wp\/v2\/types\/product"}],"replies":[{"embeddable":true,"href":"https:\/\/pgvape.com\/es\/wp-json\/wp\/v2\/comments?post=1799"}],"wp:featuredmedia":[{"embeddable":true,"href":"https:\/\/pgvape.com\/es\/wp-json\/wp\/v2\/media\/1803"}],"wp:attachment":[{"href":"https:\/\/pgvape.com\/es\/wp-json\/wp\/v2\/media?parent=1799"}],"wp:term":[{"taxonomy":"product_brand","embeddable":true,"href":"https:\/\/pgvape.com\/es\/wp-json\/wp\/v2\/product_brand?post=1799"},{"taxonomy":"product_cat","embeddable":true,"href":"https:\/\/pgvape.com\/es\/wp-json\/wp\/v2\/product_cat?post=1799"},{"taxonomy":"product_tag","embeddable":true,"href":"https:\/\/pgvape.com\/es\/wp-json\/wp\/v2\/product_tag?post=1799"}],"curies":[{"name":"wp","href":"https:\/\/api.w.org\/{rel}","templated":true}]}}