{"id":1650,"date":"2025-09-28T14:42:20","date_gmt":"2025-09-28T14:42:20","guid":{"rendered":"https:\/\/pgvape.com\/?post_type=product&#038;p=1650"},"modified":"2025-12-15T13:23:31","modified_gmt":"2025-12-15T13:23:31","slug":"caja-digital-randm-12000-12k-soplos-vape-desechable-pantalla-led-vape-directo-de-fabrica","status":"publish","type":"product","link":"https:\/\/pgvape.com\/es\/producto\/caja-digital-randm-12000-12k-soplos-vape-desechable-pantalla-led-vape-directo-de-fabrica\/","title":{"rendered":"La caja 12000 12K de RandM Digitaces sopla la f\u00e1brica disponible de Vape de la pantalla LED de Vape directa"},"content":{"rendered":"<div class=\"auto-hide-last-sibling-br paragraph-JOTKXA paragraph-element br-paragraph-space\"><strong data-sourcepos=\"6:5-6:32\">Caja Digital RandM 12000<\/strong> redefine el vapeo con <strong data-sourcepos=\"6:55-6:71\">12.000 bocanadas<\/strong>, a <strong data-sourcepos=\"6:75-6:101\">Capacidad de e-l\u00edquido de 20 ml.<\/strong>, y <strong data-sourcepos=\"6:107-6:147\">Monitoreo de bater\u00eda\/e-jugo en tiempo real<\/strong> a trav\u00e9s de su <strong data-sourcepos=\"6:156-6:175\">pantalla digital<\/strong>. <strong data-sourcepos=\"6:213-6:242\">0%\/2%\/3%\/5% sal de nicotina<\/strong> opciones y <strong data-sourcepos=\"6:255-6:269\">40 sabores<\/strong>, impulsado por un <strong data-sourcepos=\"6:285-6:316\">Bater\u00eda recargable de 850 mAh.<\/strong> con <strong data-sourcepos=\"6:322-6:341\">Carga tipo C<\/strong>. <strong data-sourcepos=\"6:355-6:381\">cajas expositoras de 10 piezas<\/strong> (o <strong data-sourcepos=\"6:386-6:406\">cajas de 200 unidades<\/strong><span class=\"CustomP_animated_char__m3r9w\">)<\/span><span class=\"CustomP_animated_char__m3r9w\">,<\/span><span class=\"CustomP_animated_char__m3r9w\">\u00a0<\/span><span class=\"CustomP_animated_char__m3r9w\">\u00e9l<\/span><span class=\"CustomP_animated_char__m3r9w\">\u2019<\/span><span class=\"CustomP_animated_char__m3r9w\">s<\/span><span class=\"CustomP_animated_char__m3r9w\">\u00a0<\/span><span class=\"CustomP_animated_char__m3r9w\">ideal<\/span><span class=\"CustomP_animated_char__m3r9w\">\u00a0<\/span><span class=\"CustomP_animated_char__m3r9w\">para<\/span><span class=\"CustomP_animated_char__m3r9w\">\u00a0<\/span><span class=\"CustomP_animated_char__m3r9w\">ambos<\/span><span class=\"CustomP_animated_char__m3r9w\">\u00a0<\/span><span class=\"CustomP_animated_char__m3r9w\">personal<\/span><span class=\"CustomP_animated_char__m3r9w\">\u00a0<\/span><span class=\"CustomP_animated_char__m3r9w\">usar<\/span><span class=\"CustomP_animated_char__m3r9w\">\u00a0<\/span><span class=\"CustomP_animated_char__m3r9w\">y<\/span><span class=\"CustomP_animated_char__m3r9w\">\u00a0<\/span><span class=\"CustomP_animated_char__m3r9w\">a granel<\/span><span class=\"CustomP_animated_char__m3r9w\">\u00a0<\/span><span class=\"CustomP_animated_char__m3r9w\">ventas<\/span><span class=\"CustomP_animated_char__m3r9w\">.<\/span><\/div>\n<p>&nbsp;<\/p>\n<h2><span style=\"font-size: 90%;\">RandM Digital Box 12000 | 12K inhala la especificaci\u00f3n de producto desechable de Vape<\/span><\/h2>\n<p><strong data-sourcepos=\"11:3-11:25\">Fuerza de la nicotina:<\/strong>\u00a0<strong data-sourcepos=\"11:26-11:47\">0% \/ 2% \/ 3% \/ 5%<\/strong>\u00a0(De cero nic a fuerte golpe en la garganta)<\/p>\n<p><strong data-sourcepos=\"12:3-12:25\">Capacidad de E-l\u00edquido:<\/strong>\u00a0<strong data-sourcepos=\"12:26-12:34\">20 ml<\/strong>\u00a0(Uso extendido entre recargas)<\/p>\n<p><strong data-sourcepos=\"13:3-13:18\">Conteo de bocanadas:<\/strong>\u00a0<strong data-sourcepos=\"13:19-13:35\">12.000 bocanadas<\/strong>\u00a0(Vida \u00fatil m\u00e1s larga que los desechables est\u00e1ndar)<\/p>\n<p><strong data-sourcepos=\"14:3-14:15\">Mostrar:<\/strong>\u00a0<strong data-sourcepos=\"14:16-14:54\">Indicadores de nivel de bater\u00eda y e-jugo<\/strong>\u00a0(Seguimiento de precisi\u00f3n)<\/p>\n<p><strong data-sourcepos=\"15:3-15:15\">Bater\u00eda:<\/strong>\u00a0<strong data-sourcepos=\"15:16-15:39\">850mAh recargable<\/strong>\u00a0(R\u00e1pido\u00a0<strong data-sourcepos=\"15:46-15:56\">Tipo C<\/strong>\u00a0cargando)<\/p>\n<p><strong data-sourcepos=\"16:3-16:22\">Opciones de sabor:<\/strong>\u00a0<strong data-sourcepos=\"16:23-16:39\">40 variedades<\/strong>\u00a0(Mezclas afrutadas, heladas, de postre y ex\u00f3ticas)<\/p>\n<p><strong data-sourcepos=\"17:3-17:17\">Embalaje:<\/strong>Minorista:\u00a0<strong data-sourcepos=\"18:13-18:34\">10 piezas\/caja de presentaci\u00f3n <\/strong>Al por mayor:\u00a0<strong data-sourcepos=\"19:16-19:33\">200 unidades\/cart\u00f3n<\/strong><\/p>\n<p>&nbsp;<\/p>\n<h3><span style=\"font-size: 90%;\">RandM Digital Box 12000 | 12K sopla lista de sabores desechables de Vape<\/span><\/h3>\n<p>1. Menta fresca<\/p>\n<p>2.Hielo de sand\u00eda<\/p>\n<p>3.Hielo de uva<\/p>\n<p>4. Frambuesa de ar\u00e1ndano<\/p>\n<p>5.Sand\u00eda Fresa<\/p>\n<p>6.Pl\u00e1tano y fresa<\/p>\n<p>7. Hielo exuberante<\/p>\n<p>8.cereza<\/p>\n<p>9.Hielo de fresa<\/p>\n<p>10.Estallido de hielo<\/p>\n<p>11.Limonada rosada<\/p>\n<p>12.Mango sobre hielo<\/p>\n<p>13.Bayas mixtas<\/p>\n<p>14.Donut De Fresa<\/p>\n<p>15.Uva Fresa<\/p>\n<p>16.Cola de cereza<\/p>\n<p>17.Dr. Azul<\/p>\n<p>18.Ar\u00e1ndano sobre hielo<\/p>\n<p>19. Guayaba y maracuy\u00e1 con kiwi<\/p>\n<p>20.kiwi fresa<\/p>\n<p>21.Mango melocot\u00f3n<\/p>\n<p>22. Hielo de melocot\u00f3n<\/p>\n<p>23. Hielo de manzana roja<\/p>\n<p>24.Chicle de ar\u00e1ndanos<\/p>\n<p>25. Limonada de bayas<\/p>\n<p>26. Limonada azul Razz<\/p>\n<p>27. Frambuesa agria azul<\/p>\n<p>28. Toro rojo de fresa<\/p>\n<p>29.Explosi\u00f3n de bayas de manzana<\/p>\n<p>30.Chicle de sand\u00eda<\/p>\n<p>31.Sand\u00eda Frambuesa<\/p>\n<p>32. Hielo negro<\/p>\n<p>33.Ar\u00e1ndano, cereza y ar\u00e1ndano<\/p>\n<p>34. Pompa de fresa<\/p>\n<p>35.Vimto<\/p>\n<p>36.Cereza y baya<\/p>\n<p>37.Lim\u00f3n y lima<\/p>\n<p>38.Bingo aplastante<\/p>\n<p>39. Kiwi de ar\u00e1ndanos<\/p>\n<p>40.manzana canela<\/p>\n<p>&nbsp;<\/p>\n<p><img loading=\"lazy\" decoding=\"async\" class=\"alignnone wp-image-1670 size-full\" src=\"https:\/\/pgvape.com\/wp-content\/uploads\/2025\/09\/Pgvape-RandM-Digital-Box-12K-puffs-Disposable-Vape-0-2-3-5-Nicotin-LED-Display-Vape-Factory-Direct-18.png\" alt=\"Una cuadr\u00edcula de c\u00e1psulas de vapeo desechables de colores brillantes sobre un suave fondo pastel, cada c\u00e1psula muestra un retrato estilizado de un simio de dibujos animados y nombres de sabores impresos como Lush Ice, Strawberry Banana, Blueberry Raspberry, Cherry Cola y Peach Mango.\" width=\"2000\" height=\"1041\" srcset=\"https:\/\/pgvape.com\/wp-content\/uploads\/2025\/09\/Pgvape-RandM-Digital-Box-12K-puffs-Disposable-Vape-0-2-3-5-Nicotin-LED-Display-Vape-Factory-Direct-18.png 2000w, https:\/\/pgvape.com\/wp-content\/uploads\/2025\/09\/Pgvape-RandM-Digital-Box-12K-puffs-Disposable-Vape-0-2-3-5-Nicotin-LED-Display-Vape-Factory-Direct-18-555x289.png 555w, https:\/\/pgvape.com\/wp-content\/uploads\/2025\/09\/Pgvape-RandM-Digital-Box-12K-puffs-Disposable-Vape-0-2-3-5-Nicotin-LED-Display-Vape-Factory-Direct-18-595x310.png 595w, https:\/\/pgvape.com\/wp-content\/uploads\/2025\/09\/Pgvape-RandM-Digital-Box-12K-puffs-Disposable-Vape-0-2-3-5-Nicotin-LED-Display-Vape-Factory-Direct-18-400x208.png 400w, https:\/\/pgvape.com\/wp-content\/uploads\/2025\/09\/Pgvape-RandM-Digital-Box-12K-puffs-Disposable-Vape-0-2-3-5-Nicotin-LED-Display-Vape-Factory-Direct-18-768x400.png 768w, https:\/\/pgvape.com\/wp-content\/uploads\/2025\/09\/Pgvape-RandM-Digital-Box-12K-puffs-Disposable-Vape-0-2-3-5-Nicotin-LED-Display-Vape-Factory-Direct-18-1536x799.png 1536w, https:\/\/pgvape.com\/wp-content\/uploads\/2025\/09\/Pgvape-RandM-Digital-Box-12K-puffs-Disposable-Vape-0-2-3-5-Nicotin-LED-Display-Vape-Factory-Direct-18-18x9.png 18w, https:\/\/pgvape.com\/wp-content\/uploads\/2025\/09\/Pgvape-RandM-Digital-Box-12K-puffs-Disposable-Vape-0-2-3-5-Nicotin-LED-Display-Vape-Factory-Direct-18-600x312.png 600w, https:\/\/pgvape.com\/wp-content\/uploads\/2025\/09\/Pgvape-RandM-Digital-Box-12K-puffs-Disposable-Vape-0-2-3-5-Nicotin-LED-Display-Vape-Factory-Direct-18-60x31.png 60w\" sizes=\"auto, (max-width: 2000px) 100vw, 2000px\" \/><\/p>\n<p>&nbsp;<\/p>\n<h3><span style=\"font-size: 90%;\">RandM Digital Box 12000 | 12K inhala Vape desechable <\/span><strong>Video:<br \/>\n<iframe loading=\"lazy\" title=\"RandM Digital Box 12000 | 12K inhalaciones Vape desechable | 40 sabores | Vape Factory Direct pgvape\" width=\"1020\" height=\"574\" src=\"https:\/\/www.youtube.com\/embed\/7AnaUnaG0uQ?feature=oembed\" frameborder=\"0\" allow=\"accelerometer; autoplay; clipboard-write; encrypted-media; gyroscope; picture-in-picture; web-share\" referrerpolicy=\"strict-origin-when-cross-origin\" allowfullscreen><\/iframe><br \/>\n<\/strong><\/h3>\n<p>&nbsp;<\/p>\n<h2 class=\"header-vfC6AV auto-hide-last-sibling-br\"><span style=\"font-size: 90%;\">Preguntas frecuentes sobre RandM Digital Box 12000 | 12K inhalaciones Vape desechable<\/span><\/h2>\n<p data-sourcepos=\"82:1-83:90\">\u2753 <strong data-sourcepos=\"82:3-82:48\">\u00bfC\u00f3mo mejora la pantalla la comodidad?<\/strong><br \/>\n\u2705 El <strong data-sourcepos=\"83:7-83:25\">pantalla digital<\/strong> muestra exacto <strong data-sourcepos=\"83:38-83:64\">niveles de e-jugo\/bater\u00eda<\/strong>, eliminando conjeturas.<\/p>\n<p data-sourcepos=\"85:1-86:51\">\u2753 <strong data-sourcepos=\"85:3-85:46\">\u00bfQu\u00e9 opci\u00f3n sin nicotina est\u00e1 disponible?<\/strong><br \/>\n\u2705 Elige <strong data-sourcepos=\"86:10-86:25\">0% nicotina<\/strong> para vapear solo con sabor.<\/p>\n<p data-sourcepos=\"88:1-89:73\">\u2753 <strong data-sourcepos=\"88:3-88:37\">\u00bfCu\u00e1nto dura el dispositivo?<\/strong><br \/>\n\u2705 <strong data-sourcepos=\"89:3-89:19\">12.000 bocanadas<\/strong> y <strong data-sourcepos=\"89:24-89:41\">Capacidad de 20 ml.<\/strong> Aseg\u00farese de semanas de uso moderado.<\/p>\n<p data-sourcepos=\"91:1-92:104\">\u2753 <strong data-sourcepos=\"91:3-91:46\">\u00bfLos sabores se adaptan a todos los gustos?<\/strong><br \/>\n\u2705 <strong data-sourcepos=\"92:3-92:18\">M\u00e1s de 40 opciones<\/strong> durar <strong data-sourcepos=\"92:24-92:34\">frutas<\/strong>, <strong data-sourcepos=\"92:36-92:47\">mentol<\/strong>, <strong data-sourcepos=\"92:49-92:61\">postres<\/strong>, y <strong data-sourcepos=\"92:67-92:84\">mezclas \u00fanicas<\/strong> como <strong data-sourcepos=\"92:90-92:101\">amor 66<\/strong>.<\/p>\n<p data-sourcepos=\"94:1-95:69\">\u2753 <strong data-sourcepos=\"94:3-94:39\">\u00bfEs rentable la compra al por mayor?<\/strong><br \/>\n\u2705 \u00a1S\u00ed! <strong data-sourcepos=\"95:8-95:28\">cajas de 200 unidades<\/strong> ofrecer ahorros al por mayor para minoristas.<\/p>\n<p data-sourcepos=\"97:1-98:71\">\u2753 <strong data-sourcepos=\"97:3-97:42\">\u00bfQu\u00e9 tan r\u00e1pido se recarga la bater\u00eda?<br \/>\n<\/strong> \u2705 <strong data-sourcepos=\"98:3-98:18\">Puerto tipo C<\/strong> reposta el <strong data-sourcepos=\"98:31-98:49\">bater\u00eda de 850mah<\/strong> en <strong data-sourcepos=\"98:53-98:68\">~45 minutos<\/strong>.<\/p>\n<p>&nbsp;<\/p>\n<h3 id=\"brxe-najhln\" class=\"brxe-heading\">Preguntas frecuentes (FAQ)<\/h3>\n<div id=\"brxe-rajiac\" class=\"brxe-text\">\n<p><strong>P: \u00bfQu\u00e9 m\u00e9todos de pago aceptan?<\/strong><br \/>\nR: Aceptamos PayPal, Stripe, transferencias bancarias (compatibles con SEPA), las principales tarjetas de cr\u00e9dito (Visa, MasterCard, American Express) y pagos con criptomonedas.<\/p>\n<p><strong>P: \u00bfCu\u00e1nto tiempo lleva la preparaci\u00f3n del pedido?<\/strong><br \/>\nR: La preparaci\u00f3n del pedido demora entre 1 y 3 d\u00edas h\u00e1biles.<\/p>\n<p><strong>P: \u00bfCu\u00e1l es el tiempo de env\u00edo?<\/strong><br \/>\nR: El tiempo de env\u00edo es de 7 a 14 d\u00edas h\u00e1biles, seg\u00fan su ubicaci\u00f3n.<\/p>\n<p><strong>P: \u00bfC\u00f3mo puedo realizar un seguimiento de mi pedido?<\/strong><br \/>\nR: Despu\u00e9s del env\u00edo, recibir\u00e1 un correo electr\u00f3nico de confirmaci\u00f3n con un n\u00famero de seguimiento para realizar un seguimiento en tiempo real.<\/p>\n<p><strong>P: \u00bfCu\u00e1l es su pol\u00edtica de devoluci\u00f3n?<\/strong><br \/>\nR: Ofrecemos una pol\u00edtica de devoluci\u00f3n de 30 d\u00edas para reembolsos o cambios. .<\/p>\n<p><strong>P: \u00bfHabr\u00e1 alg\u00fan problema aduanero?<br \/>\n<\/strong>Nos encargamos de todos los procedimientos de despacho de aduanas para garantizarle una experiencia sin complicaciones. .<\/p>\n<p><strong>P: \u00bfQu\u00e9 m\u00e9todos de env\u00edo se utilizan?<\/strong><br \/>\nCooperamos con UPS\/DHL\/FEDEX\/DPD, etc. Elegiremos la opci\u00f3n de env\u00edo adecuada seg\u00fan el pa\u00eds de entrega para asegurarnos de que reciba sus productos lo m\u00e1s r\u00e1pido posible.<\/p>\n<p><a href=\"https:\/\/pgvape.com\/es\/preguntas-frecuentes\/\">Haga clic aqu\u00ed para m\u00e1s preguntas frecuentes<\/a><\/p>\n<p>Estimados clientes: Si tienen alguna pregunta sobre su pedido o la llegada de la mercanc\u00eda, comun\u00edquese con nuestro servicio de atenci\u00f3n al cliente. \u00a1Gracias!<\/p>\n<h3 data-sourcepos=\"73:1-73:21\"><strong data-sourcepos=\"73:7-73:21\">Cont\u00e1ctenos<\/strong><\/h3>\n<div id=\"text-2419739398\" class=\"text\">\n<p><strong data-sourcepos=\"75:3-75:12\">Correo electr\u00f3nico<\/strong>:\u00a0<a href=\"mailto:support@pgvape.com\"><strong>support@pgvape.com<\/strong><\/a><\/p>\n<p><strong data-sourcepos=\"76:3-76:15\">WhatsApp<\/strong>: <a href=\"https:\/\/wa.me\/+8618128481258\"><strong>+86 18128481258<\/strong><\/a><br \/>\n<strong>(Respuesta dentro de las 24 horas en d\u00edas h\u00e1biles)<\/strong><\/p>\n<\/div>\n<h3><strong>\u00a1Gracias por elegir pgvape.com! .<\/strong><\/h3>\n<\/div>","protected":false},"excerpt":{"rendered":"<p><strong data-sourcepos=\"103:5-103:32\">Caja Digital RandM 12000<\/strong> fusiona <strong data-sourcepos=\"103:40-103:64\">vapeo de alta capacidad<\/strong> (12.000 inhalaciones, 20 ml) con <strong data-sourcepos=\"103:88-103:108\">tecnolog\u00eda inteligente<\/strong> (pantalla digital, carga tipo C). <strong data-sourcepos=\"103:150-103:174\">0%\/2%\/3%\/5% nicotina<\/strong> y <strong data-sourcepos=\"103:179-103:194\">M\u00e1s de 40 sabores<\/strong>, atiende a todos los vapeadores.<strong data-sourcepos=\"103:250-103:269\">10 unidades o 200 unidades<\/strong>) lo convierte en un destacado comercial.<\/p>","protected":false},"featured_media":1653,"comment_status":"open","ping_status":"closed","template":"","meta":{"_seopress_robots_primary_cat":"none","_seopress_titles_title":"%%post_title%% %%sep%% %%sitetitle%%","_seopress_titles_desc":"","_seopress_robots_index":""},"product_brand":[516,148],"product_cat":[147,515,26],"product_tag":[151,152,153,150,108,79,490,149,109],"class_list":{"0":"post-1650","1":"product","2":"type-product","3":"status-publish","4":"has-post-thumbnail","6":"product_brand-disposable-vape","7":"product_brand-randm-digital-vape","8":"product_cat-12k-puffs-vape","9":"product_cat-disposable-vape","10":"product_cat-fumot-vape","11":"product_tag-12k-puffs","12":"product_tag-12k-vape","13":"product_tag-40-flavors-for","14":"product_tag-digital-box","15":"product_tag-disposable","16":"product_tag-led-display","17":"product_tag-minimum-2-pieces","18":"product_tag-randm","19":"product_tag-vape","21":"first","22":"instock","23":"sale","24":"shipping-taxable","25":"purchasable","26":"product-type-variable"},"_links":{"self":[{"href":"https:\/\/pgvape.com\/es\/wp-json\/wp\/v2\/product\/1650","targetHints":{"allow":["GET"]}}],"collection":[{"href":"https:\/\/pgvape.com\/es\/wp-json\/wp\/v2\/product"}],"about":[{"href":"https:\/\/pgvape.com\/es\/wp-json\/wp\/v2\/types\/product"}],"replies":[{"embeddable":true,"href":"https:\/\/pgvape.com\/es\/wp-json\/wp\/v2\/comments?post=1650"}],"wp:featuredmedia":[{"embeddable":true,"href":"https:\/\/pgvape.com\/es\/wp-json\/wp\/v2\/media\/1653"}],"wp:attachment":[{"href":"https:\/\/pgvape.com\/es\/wp-json\/wp\/v2\/media?parent=1650"}],"wp:term":[{"taxonomy":"product_brand","embeddable":true,"href":"https:\/\/pgvape.com\/es\/wp-json\/wp\/v2\/product_brand?post=1650"},{"taxonomy":"product_cat","embeddable":true,"href":"https:\/\/pgvape.com\/es\/wp-json\/wp\/v2\/product_cat?post=1650"},{"taxonomy":"product_tag","embeddable":true,"href":"https:\/\/pgvape.com\/es\/wp-json\/wp\/v2\/product_tag?post=1650"}],"curies":[{"name":"wp","href":"https:\/\/api.w.org\/{rel}","templated":true}]}}