{"id":1481,"date":"2025-09-28T08:37:16","date_gmt":"2025-09-28T08:37:16","guid":{"rendered":"https:\/\/pgvape.com\/?post_type=product&#038;p=1481"},"modified":"2026-03-16T07:55:04","modified_gmt":"2026-03-16T07:55:04","slug":"uzy-tornado-30000-30k-inhalaciones-sabores-duales-vape-desechable-flujo-de-aire-ajustable-0-2-3-5-nicotina-pantalla-inteligente-vape-directo-de-fabrica","status":"publish","type":"product","link":"https:\/\/pgvape.com\/es\/producto\/uzy-tornado-30000-30k-inhalaciones-sabores-duales-vape-desechable-flujo-de-aire-ajustable-0-2-3-5-nicotina-pantalla-inteligente-vape-directo-de-fabrica\/","title":{"rendered":"UZY Tornado 30000 | 30K Puffs Vape desechable de sabores duales | Flujo de aire ajustable | 0% 2% 3% 5% Nicotina | Pantalla inteligente | Vape Factory Direct"},"content":{"rendered":"<div class=\"auto-hide-last-sibling-br paragraph-JOTKXA paragraph-element br-paragraph-space\"><strong data-sourcepos=\"4:5-4:32\">UZY Tornado 30000 bocanadas<\/strong> entrega <strong data-sourcepos=\"4:42-4:72\">vapeo premium de doble sabor<\/strong> con <strong data-sourcepos=\"4:78-4:105\">30.000 caladas ultralargas<\/strong> y <strong data-sourcepos=\"4:110-4:136\">Capacidad de e-l\u00edquido de 40 ml.<\/strong> (20 ml \u00d7 2). <strong data-sourcepos=\"4:159-4:178\">bobinas de malla dual<\/strong> para <strong data-sourcepos=\"4:183-4:200\">sabor m\u00e1s rico<\/strong> y <strong data-sourcepos=\"4:205-4:223\">vapor m\u00e1s suave<\/strong>, este dispositivo funciona con un <strong data-sourcepos=\"4:254-4:285\">Bater\u00eda recargable de 850 mAh.<\/strong> con <strong data-sourcepos=\"4:291-4:315\">Carga r\u00e1pida tipo C<\/strong>. <strong data-sourcepos=\"4:321-4:337\">pantalla inteligente<\/strong> muestra <strong data-sourcepos=\"4:347-4:394\">Recuento de bater\u00eda, e-l\u00edquido y caladas en tiempo real<\/strong>, mientras <strong data-sourcepos=\"4:402-4:424\">flujo de aire ajustable<\/strong> te permite personalizar tu sorteo. <strong data-sourcepos=\"4:468-4:492\">0%\/2%\/3%\/5% nicotina<\/strong> y <strong data-sourcepos=\"4:497-4:527\">10 sabores combinados por expertos<\/strong>, es perfecto para vapers que quieren <strong data-sourcepos=\"4:562-4:577\">versatilidad<\/strong> y <strong data-sourcepos=\"4:582-4:597\">actuaci\u00f3n<\/strong>.<\/div>\n<p>&nbsp;<\/p>\n<h2><span style=\"font-size: 90%;\">Especificaci\u00f3n de producto disponible de Vape de los sabores duales de UZY Tornado 30000 | 30K Puffs<\/span><\/h2>\n<p><strong data-sourcepos=\"9:3-9:17\">Conteo de bocanadas<\/strong>:\u00a0<strong data-sourcepos=\"9:19-9:35\">30.000 bocanadas<\/strong><\/p>\n<p><strong data-sourcepos=\"10:3-10:24\">Capacidad de l\u00edquido electr\u00f3nico<\/strong>:\u00a0<strong data-sourcepos=\"10:26-10:53\">40 ml (20 ml \u00d7 2 sabores)<\/strong><\/p>\n<p><strong data-sourcepos=\"11:3-11:11\">Bobina<\/strong>:\u00a0<strong data-sourcepos=\"11:13-11:31\">Bobina de malla doble<\/strong><\/p>\n<p><strong data-sourcepos=\"12:3-12:14\">Bater\u00eda<\/strong>:\u00a0<strong data-sourcepos=\"12:16-12:39\">850mAh recargable<\/strong><\/p>\n<p><strong data-sourcepos=\"13:3-13:15\">Cargando<\/strong>:\u00a0<strong data-sourcepos=\"13:17-13:41\">Carga r\u00e1pida tipo C<\/strong><\/p>\n<p><strong data-sourcepos=\"14:3-14:14\">Mostrar<\/strong>:\u00a0<strong data-sourcepos=\"14:16-14:62\">Pantalla inteligente (bater\u00eda\/e-l\u00edquido\/recuento de caladas)<\/strong><\/p>\n<p><strong data-sourcepos=\"15:3-15:14\">flujo de aire<\/strong>:\u00a0<strong data-sourcepos=\"15:16-15:30\">Ajustable<\/strong><\/p>\n<p><strong data-sourcepos=\"16:3-16:15\">Nicotina<\/strong>:\u00a0<strong data-sourcepos=\"16:17-16:38\">0% \/ 2% \/ 3% \/ 5%<\/strong><\/p>\n<p><strong data-sourcepos=\"17:3-17:14\">Sabores<\/strong>:\u00a0<strong data-sourcepos=\"17:16-17:35\">10 d\u00faos premium<\/strong><\/p>\n<p>&nbsp;<\/p>\n<h3><span style=\"font-size: 90%;\">Lista de sabores desechables de Vape de sabores duales de UZY Tornado 30000 | 30K Puffs<\/span><\/h3>\n<p>1.Hielo de sand\u00eda \/ Lima lim\u00f3n<\/p>\n<p>2. Hielo de cereza con gas \/ Algod\u00f3n de az\u00facar de ar\u00e1ndano<\/p>\n<p>3.Fresa Sand\u00eda \/ Ar\u00e1ndano Frambuesa<\/p>\n<p>4.Red Bull Hielo \/ Mango Fresa<\/p>\n<p>5.Helado De Melocot\u00f3n \/ Melocot\u00f3n Mango Pi\u00f1a<\/p>\n<p>6.Hielo de uva \/ Kiwi de fresa<\/p>\n<p>7.Bayas mixtas\/Helado doble de manzana<\/p>\n<p>8. Limonada Blue Razz \/ Chicle de sand\u00eda<\/p>\n<p>9. Melocot\u00f3n y Melocot\u00f3n \/ Sand\u00eda Mango Melocot\u00f3n<\/p>\n<p>10. Hielo de ar\u00e1ndano \/ Hielo de drag\u00f3n negro<\/p>\n<p><img loading=\"lazy\" decoding=\"async\" class=\"alignnone wp-image-1494 size-full\" src=\"https:\/\/pgvape.com\/wp-content\/uploads\/2025\/09\/Pgvape-UZY-Tornado-30K-Puffs-Dual-Flavors-Disposable-Vape-Smart-Screen-Aadjustable-Airflow-9-1.png\" alt=\"\" width=\"1900\" height=\"1900\" srcset=\"https:\/\/pgvape.com\/wp-content\/uploads\/2025\/09\/Pgvape-UZY-Tornado-30K-Puffs-Dual-Flavors-Disposable-Vape-Smart-Screen-Aadjustable-Airflow-9-1.png 1900w, https:\/\/pgvape.com\/wp-content\/uploads\/2025\/09\/Pgvape-UZY-Tornado-30K-Puffs-Dual-Flavors-Disposable-Vape-Smart-Screen-Aadjustable-Airflow-9-1-360x360.png 360w, https:\/\/pgvape.com\/wp-content\/uploads\/2025\/09\/Pgvape-UZY-Tornado-30K-Puffs-Dual-Flavors-Disposable-Vape-Smart-Screen-Aadjustable-Airflow-9-1-595x595.png 595w, https:\/\/pgvape.com\/wp-content\/uploads\/2025\/09\/Pgvape-UZY-Tornado-30K-Puffs-Dual-Flavors-Disposable-Vape-Smart-Screen-Aadjustable-Airflow-9-1-400x400.png 400w, https:\/\/pgvape.com\/wp-content\/uploads\/2025\/09\/Pgvape-UZY-Tornado-30K-Puffs-Dual-Flavors-Disposable-Vape-Smart-Screen-Aadjustable-Airflow-9-1-768x768.png 768w\" sizes=\"auto, (max-width: 1900px) 100vw, 1900px\" \/><\/p>\n<p>&nbsp;<\/p>\n<h3><span style=\"font-size: 90%;\">UZY Tornado 30000 30K sopla Vape desechable de sabores duales\u00a0<\/span><strong><span style=\"font-size: 90%;\">Video:<\/span><\/strong><\/h3>\n<p>&nbsp;<\/p>\n<h2 class=\"header-vfC6AV auto-hide-last-sibling-br\">Preguntas frecuentes sobre UZY Tornado 30000 | 30K Puffs Vape desechable de sabores duales<\/h2>\n<p data-sourcepos=\"36:1-37:89\">\u2753 <strong data-sourcepos=\"36:3-36:48\">\u00bfC\u00f3mo funciona el sistema de doble sabor?<\/strong><br \/>\n\u2705 <strong data-sourcepos=\"37:3-37:43\">Cambia entre dos sabores al instante<\/strong> o disfrutarlos <strong data-sourcepos=\"37:58-37:74\">secuencialmente<\/strong> por variedad.<\/p>\n<p data-sourcepos=\"39:1-40:83\">\u2753 <strong data-sourcepos=\"39:3-39:48\">\u00bfQu\u00e9 hace que la bobina de doble malla sea mejor?<\/strong><br \/>\n\u2705 <strong data-sourcepos=\"40:3-40:30\">Claridad de sabor mejorada<\/strong> y <strong data-sourcepos=\"40:35-40:53\">vapor m\u00e1s suave<\/strong> en comparaci\u00f3n con las bobinas est\u00e1ndar.<\/p>\n<p data-sourcepos=\"42:1-43:88\">\u2753 <strong data-sourcepos=\"42:3-42:46\">\u00bfEs realista el recuento de 30.000 caladas?<\/strong><br \/>\n\u2705 <strong data-sourcepos=\"43:3-43:30\">Capacidad optimizada de 40 ml.<\/strong> asegura <strong data-sourcepos=\"43:39-43:55\">semanas de uso<\/strong> sin reemplazos frecuentes.<\/p>\n<p data-sourcepos=\"45:1-46:83\">\u2753 <strong data-sourcepos=\"45:3-45:36\">\u00bfPuedo ajustar el flujo de aire?<\/strong><br \/>\n\u2705 <strong data-sourcepos=\"46:3-46:11\">\u00a1S\u00ed!<\/strong> Apretar para <strong data-sourcepos=\"46:24-46:47\">visitas MTL restringidas<\/strong> o aflojar para <strong data-sourcepos=\"46:62-46:80\">sorteos aireados de RDL<\/strong>.<\/p>\n<p data-sourcepos=\"48:1-49:71\">\u2753 <strong data-sourcepos=\"48:3-48:49\">\u00bfCu\u00e1nto dura la bater\u00eda de 850 mAh?<br \/>\n<\/strong> \u2705 <strong data-sourcepos=\"49:3-49:30\">2-3 d\u00edas de uso regular<\/strong> con <strong data-sourcepos=\"49:36-49:60\">Carga r\u00e1pida tipo C<\/strong> apoyo.<\/p>\n<p data-sourcepos=\"51:1-54:45\">\u2753 <strong data-sourcepos=\"51:3-51:33\">\u00bfPara qui\u00e9n es mejor este vaporizador?<\/strong><br \/>\n\u2705 <strong data-sourcepos=\"52:3-52:25\">Entusiastas del sabor<\/strong> que aman la variedad\u00a0 \u00a0<strong data-sourcepos=\"53:3-53:20\">Cazadores de nubes<\/strong> queriendo vapor denso\u00a0 \u00a0<strong data-sourcepos=\"54:3-54:24\">Vapeadores expertos en tecnolog\u00eda<\/strong> que prefieren el control<\/p>\n<p>&nbsp;<\/p>\n<h3 class=\"auto-hide-last-sibling-br paragraph-JOTKXA paragraph-element br-paragraph-space\"><span style=\"font-size: 90%;\">Preguntas frecuentes (FAQ)<\/span><\/h3>\n<div id=\"brxe-rajiac\" class=\"brxe-text\">\n<p><strong>P: \u00bfQu\u00e9 m\u00e9todos de pago aceptan?<\/strong><br \/>\nR: Aceptamos PayPal, Stripe, transferencias bancarias (compatibles con SEPA), las principales tarjetas de cr\u00e9dito (Visa, MasterCard, American Express) y pagos con criptomonedas.<\/p>\n<p><strong>P: \u00bfCu\u00e1nto tiempo lleva la preparaci\u00f3n del pedido?<\/strong><br \/>\nR: La preparaci\u00f3n del pedido demora entre 1 y 3 d\u00edas h\u00e1biles.<\/p>\n<p><strong>P: \u00bfCu\u00e1l es el tiempo de env\u00edo?<\/strong><br \/>\nR: El tiempo de env\u00edo es de 7 a 14 d\u00edas h\u00e1biles, seg\u00fan su ubicaci\u00f3n.<\/p>\n<p><strong>P: \u00bfC\u00f3mo puedo realizar un seguimiento de mi pedido?<\/strong><br \/>\nR: Despu\u00e9s del env\u00edo, recibir\u00e1 un correo electr\u00f3nico de confirmaci\u00f3n con un n\u00famero de seguimiento para realizar un seguimiento en tiempo real.<\/p>\n<p><strong>P: \u00bfCu\u00e1l es su pol\u00edtica de devoluci\u00f3n?<\/strong><br \/>\nR: Ofrecemos una pol\u00edtica de devoluci\u00f3n de 30 d\u00edas para reembolsos o cambios. .<\/p>\n<p><strong>P: \u00bfHabr\u00e1 alg\u00fan problema aduanero?<br \/>\n<\/strong>Nos encargamos de todos los procedimientos de despacho de aduanas para garantizarle una experiencia sin complicaciones. .<\/p>\n<p><strong>P: \u00bfQu\u00e9 m\u00e9todos de env\u00edo se utilizan?<\/strong><br \/>\nCooperamos con UPS\/DHL\/FEDEX\/DPD, etc. Elegiremos la opci\u00f3n de env\u00edo adecuada seg\u00fan el pa\u00eds de entrega para asegurarnos de que reciba sus productos lo m\u00e1s r\u00e1pido posible.<\/p>\n<p><a href=\"https:\/\/pgvape.com\/es\/preguntas-frecuentes\/\">Haga clic aqu\u00ed para m\u00e1s preguntas frecuentes<\/a><\/p>\n<p>Estimados clientes: Si tienen alguna pregunta sobre su pedido o la llegada de la mercanc\u00eda, comun\u00edquese con nuestro servicio de atenci\u00f3n al cliente. \u00a1Gracias!<\/p>\n<h3 data-sourcepos=\"73:1-73:21\"><strong data-sourcepos=\"73:7-73:21\">Cont\u00e1ctenos<\/strong><\/h3>\n<div id=\"text-2419739398\" class=\"text\">\n<p><strong data-sourcepos=\"75:3-75:12\">Correo electr\u00f3nico<\/strong>:\u00a0<a href=\"mailto:support@pgvape.com\"><strong>support@pgvape.com<\/strong><\/a><\/p>\n<p><strong data-sourcepos=\"76:3-76:15\">WhatsApp<\/strong>: <a href=\"https:\/\/wa.me\/+8618128481258\"><strong>+86 18128481258<\/strong><\/a><br \/>\n<strong>(Respuesta dentro de las 24 horas en d\u00edas h\u00e1biles)<\/strong><\/p>\n<\/div>\n<h3><strong>\u00a1Gracias por elegir pgvape.com! .<\/strong><\/h3>\n<\/div>","protected":false},"excerpt":{"rendered":"<p><strong data-sourcepos=\"59:1-59:231\">\u201cUZY Tornado 30000: Lo \u00faltimo en desechables de doble sabor con 30.000 inhalaciones, 40 ml de capacidad y flujo de aire ajustable. Cuenta con pantalla inteligente, bobinas de malla doble y 10 d\u00faos de sabores para vapeo personalizado\u201d.\u201d<\/strong><\/p>","protected":false},"featured_media":1484,"comment_status":"open","ping_status":"closed","template":"","meta":{"_seopress_robots_primary_cat":"none","_seopress_titles_title":"%%post_title%% %%sep%% %%sitetitle%%","_seopress_titles_desc":"","_seopress_robots_index":""},"product_brand":[516,132],"product_cat":[35,515,27],"product_tag":[137,38,134,135,108,66,490,136,133,109],"class_list":{"0":"post-1481","1":"product","2":"type-product","3":"status-publish","4":"has-post-thumbnail","6":"product_brand-disposable-vape","7":"product_brand-uzy-tornado-vape","8":"product_cat-30k-puffs-vape","9":"product_cat-disposable-vape","10":"product_cat-uzy-vape","11":"product_tag-0-2-3-5-nicotine","12":"product_tag-30k-puffs","13":"product_tag-30k-vape","14":"product_tag-adjustable-airflow","15":"product_tag-disposable","16":"product_tag-dual-flavors","17":"product_tag-minimum-2-pieces","18":"product_tag-smart-screen","19":"product_tag-uzy-tornado","20":"product_tag-vape","22":"first","23":"instock","24":"sale","25":"shipping-taxable","26":"purchasable","27":"product-type-variable"},"_links":{"self":[{"href":"https:\/\/pgvape.com\/es\/wp-json\/wp\/v2\/product\/1481","targetHints":{"allow":["GET"]}}],"collection":[{"href":"https:\/\/pgvape.com\/es\/wp-json\/wp\/v2\/product"}],"about":[{"href":"https:\/\/pgvape.com\/es\/wp-json\/wp\/v2\/types\/product"}],"replies":[{"embeddable":true,"href":"https:\/\/pgvape.com\/es\/wp-json\/wp\/v2\/comments?post=1481"}],"wp:featuredmedia":[{"embeddable":true,"href":"https:\/\/pgvape.com\/es\/wp-json\/wp\/v2\/media\/1484"}],"wp:attachment":[{"href":"https:\/\/pgvape.com\/es\/wp-json\/wp\/v2\/media?parent=1481"}],"wp:term":[{"taxonomy":"product_brand","embeddable":true,"href":"https:\/\/pgvape.com\/es\/wp-json\/wp\/v2\/product_brand?post=1481"},{"taxonomy":"product_cat","embeddable":true,"href":"https:\/\/pgvape.com\/es\/wp-json\/wp\/v2\/product_cat?post=1481"},{"taxonomy":"product_tag","embeddable":true,"href":"https:\/\/pgvape.com\/es\/wp-json\/wp\/v2\/product_tag?post=1481"}],"curies":[{"name":"wp","href":"https:\/\/api.w.org\/{rel}","templated":true}]}}