{"id":1371,"date":"2025-09-27T13:35:53","date_gmt":"2025-09-27T13:35:53","guid":{"rendered":"https:\/\/pgvape.com\/?post_type=product&#038;p=1371"},"modified":"2026-01-23T07:14:01","modified_gmt":"2026-01-23T07:14:01","slug":"bang-leader-110000-110k-inhalaciones-6-en-1-sabores-modos-de-sabor-ajustables-vape-desechables-con-pantalla-led-vape-directo-de-fabrica","status":"publish","type":"product","link":"https:\/\/pgvape.com\/es\/producto\/bang-leader-110000-110k-inhalaciones-6-en-1-sabores-modos-de-sabor-ajustables-vape-desechables-con-pantalla-led-vape-directo-de-fabrica\/","title":{"rendered":"Bang Leader 110000 110k Puffs 6 en 1 sabores Vape desechable Modos de sabor ajustables con pantalla LED Vape directo de f\u00e1brica"},"content":{"rendered":"<div class=\"auto-hide-last-sibling-br paragraph-JOTKXA paragraph-element br-paragraph-space\">\n<p><strong data-sourcepos=\"6:5-6:47\">Bang Leader 110K inhala Vape desechable<\/strong> revoluciona el vapeo a largo plazo con un l\u00edder en la industria <strong data-sourcepos=\"6:105-6:135\">100.000-110.000 caladas<\/strong>, impulsado por un innovador <strong data-sourcepos=\"6:162-6:184\">sistema de triple tanque<\/strong> y <strong data-sourcepos=\"6:189-6:209\">bobina de malla triple<\/strong> tecnolog\u00eda. <strong data-sourcepos=\"6:232-6:263\">6 modos de sabor personalizables<\/strong> (sabores individuales o mezclados), <strong data-sourcepos=\"6:293-6:328\">3 concentraciones de nicotina (2%\/3%\/5%)<\/strong>, y un <strong data-sourcepos=\"6:337-6:368\">Bater\u00eda recargable de 850 mAh.<\/strong> con <strong data-sourcepos=\"6:374-6:398\">Carga r\u00e1pida tipo C<\/strong>, este dispositivo ofrece una versatilidad incomparable. <strong data-sourcepos=\"6:451-6:465\">pantalla LED<\/strong> proporciona monitoreo en tiempo real de la bater\u00eda y el uso, mientras <strong data-sourcepos=\"6:524-6:556\">Embalaje al por mayor de 10 piezas<\/strong> lo hace ideal para minoristas.<\/p>\n<p>&nbsp;<\/p>\n<\/div>\n<h2><span style=\"font-size: 90%;\">Bang Leader 110000 | 110k Puffs 6 en 1 sabores Especificaci\u00f3n de producto desechable de Vape<\/span><\/h2>\n<p><strong data-sourcepos=\"11:3-11:18\">Conteo de bocanadas:<\/strong>\u00a0<strong data-sourcepos=\"11:19-11:44\">100.000-110.000 bocanadas<\/strong>\u00a0(Longevidad inigualable)<\/p>\n<p><strong data-sourcepos=\"12:3-12:16\">Nicotina:<\/strong>\u00a0<strong data-sourcepos=\"12:17-12:33\">2% \/ 3% \/ 5%<\/strong>\u00a0(Intensidad personalizable)<\/p>\n<p><strong data-sourcepos=\"13:3-13:21\">Sistema de sabor:<\/strong><strong data-sourcepos=\"14:5-14:17\">6 modos:<\/strong>\u00a0<strong data-sourcepos=\"14:18-14:44\">A, B, C, A+B, A+C, B+C<\/strong>\u00a0(Mezcla y combina sabores)<\/p>\n<p><strong data-sourcepos=\"15:5-15:25\">Tanques de aceite triples<\/strong>\u00a0(Tanques de aceite flexibles** (Admite combinaciones de m\u00faltiples sabores)<\/p>\n<p><strong data-sourcepos=\"16:3-16:12\">Bobina:<\/strong>\u00a0<strong data-sourcepos=\"16:13-16:33\">Bobina de malla triple<\/strong>\u00a0(Calentamiento m\u00e1s r\u00e1pido, vapor m\u00e1s rico)<\/p>\n<p><strong data-sourcepos=\"17:3-17:15\">Bater\u00eda:<\/strong>\u00a0<strong data-sourcepos=\"17:16-17:39\">850mAh recargable<\/strong>\u00a0(Con\u00a0<strong data-sourcepos=\"17:46-17:56\">Tipo C<\/strong>\u00a0carga r\u00e1pida)<\/p>\n<p><strong data-sourcepos=\"18:3-18:15\">Mostrar:<\/strong>\u00a0<strong data-sourcepos=\"18:16-18:30\">Pantalla LED<\/strong>\u00a0(Recuento de inhalaciones e indicador de bater\u00eda)<\/p>\n<p><strong data-sourcepos=\"19:3-19:17\">Embalaje:<\/strong>\u00a0<strong data-sourcepos=\"19:18-19:33\">10 unidades\/paquete<\/strong>\u00a0(Listo para la venta al por menor)<\/p>\n<p>&nbsp;<\/p>\n<h3><span style=\"font-size: 90%;\">Bang Leader 110000 | 110k inhalaciones 6 en 1 sabores Lista de sabores desechables de Vape<\/span><\/h3>\n<p>1.Sand\u00eda Hielo \/ Fresa Mamba \/ Fresa Sand\u00eda \/ Sand\u00eda Hielo Fresa Mamba \/ Sand\u00eda Hielo Fresa Sand\u00eda \/ Fresa Mamba Fresa Sand\u00eda<\/p>\n<p>2.Fuji Ice \/ Manzana Uva \/ Cereza Granada \/ Fuji Ice Manzana Uva \/ Fuji Ice Cereza Granada \/ Manzana Uva Cereza Granada<\/p>\n<p>3. Hielo de ar\u00e1ndano \/ Lim\u00f3n frambuesa \/ Chicle de sand\u00eda \/ Hielo de ar\u00e1ndano Lim\u00f3n frambuesa \/ Hielo de ar\u00e1ndano Chicle de sand\u00eda \/ Chicle de sand\u00eda y lim\u00f3n frambuesa<\/p>\n<p>4.Ar\u00e1ndanos Frambuesas \/ Pi\u00f1as Agrias Naranjas \/ Frambuesas Sand\u00edas \/ Ar\u00e1ndanos Frambuesas Pi\u00f1as Agrias Naranjas \/ Ar\u00e1ndanos Frambuesas Frambuesas Sand\u00edas \/ Pi\u00f1as Agrias Naranjas Frambuesas Sand\u00eda<\/p>\n<p>5.Helado de uva \/ Melocot\u00f3n de mango \/ Sand\u00eda de ar\u00e1ndanos \/ Melocot\u00f3n de mango de uva helado \/ Sand\u00eda de ar\u00e1ndanos helado de uva \/ Sand\u00eda de ar\u00e1ndanos de mango melocot\u00f3n<\/p>\n<p>6.Helado de fresa \/ Melocot\u00f3n Lim\u00f3n \/ Kiwi Maracuy\u00e1 Guayaba \/ Hielo de fresa Melocot\u00f3n Lim\u00f3n \/ Hielo de fresa Kiwi Maracuy\u00e1 Guayaba \/ Melocot\u00f3n Lim\u00f3n Kiwi Maracuy\u00e1 Guayaba<\/p>\n<p>7.Pi\u00f1a Coco \/ Ar\u00e1ndano Red Bull \/ Helado De Sand\u00eda \/ Pi\u00f1a Coco Ar\u00e1ndano Red Bull \/ Pi\u00f1a Coco Helado De Sand\u00eda \/ Ar\u00e1ndano Red Bull Helado De Sand\u00eda<\/p>\n<p>8. Fresa, Kiwi, Ar\u00e1ndano, Coco, Mezcla de bayas, Fresa, Kiwi, Ar\u00e1ndano, Coco, Fresa, Kiwi, Mezcla de bayas, Ar\u00e1ndano, Coco, Mezcla de bayas<\/p>\n<p>9.Lemon Romance \/ Ar\u00e1ndano Frambuesa \/ Melocot\u00f3n Mentol \/ Lim\u00f3n Romance Ar\u00e1ndano Frambuesa \/ Lim\u00f3n Romance Melocot\u00f3n Mentol \/ Ar\u00e1ndano Frambuesa Melocot\u00f3n Mentol<\/p>\n<p>10.Helado de durazno \/ Hielo de pi\u00f1a y grosella negra \/ Kiwi de manzana verde \/ Hielo de durazno Hielo de pi\u00f1a y grosella negra \/ Hielo de pi\u00f1a y kiwi de manzana verde \/ Hielo de pi\u00f1a y grosella negra Kiwi y manzana verde<\/p>\n<p><img loading=\"lazy\" decoding=\"async\" class=\"alignnone wp-image-1388 size-full\" src=\"https:\/\/pgvape.com\/wp-content\/uploads\/2025\/09\/Pgvape-Bang-Leader-110k-Puffs-6-in-1-Flavors-Disposable-Vape-15.png\" alt=\"Dos filas de seis dispositivos de vapeo desechables degradados de colores con la etiqueta \u201c6 en 1\u201d, cada uno con un retrato de simio de dibujos animados distintivo en la mitad superior y mosaicos con nombres de sabores con \u00edconos debajo, sobre un fondo azul helado.\" width=\"1080\" height=\"1080\" srcset=\"https:\/\/pgvape.com\/wp-content\/uploads\/2025\/09\/Pgvape-Bang-Leader-110k-Puffs-6-in-1-Flavors-Disposable-Vape-15.png 1080w, https:\/\/pgvape.com\/wp-content\/uploads\/2025\/09\/Pgvape-Bang-Leader-110k-Puffs-6-in-1-Flavors-Disposable-Vape-15-360x360.png 360w, https:\/\/pgvape.com\/wp-content\/uploads\/2025\/09\/Pgvape-Bang-Leader-110k-Puffs-6-in-1-Flavors-Disposable-Vape-15-595x595.png 595w, https:\/\/pgvape.com\/wp-content\/uploads\/2025\/09\/Pgvape-Bang-Leader-110k-Puffs-6-in-1-Flavors-Disposable-Vape-15-400x400.png 400w, https:\/\/pgvape.com\/wp-content\/uploads\/2025\/09\/Pgvape-Bang-Leader-110k-Puffs-6-in-1-Flavors-Disposable-Vape-15-768x768.png 768w, https:\/\/pgvape.com\/wp-content\/uploads\/2025\/09\/Pgvape-Bang-Leader-110k-Puffs-6-in-1-Flavors-Disposable-Vape-15-12x12.png 12w, https:\/\/pgvape.com\/wp-content\/uploads\/2025\/09\/Pgvape-Bang-Leader-110k-Puffs-6-in-1-Flavors-Disposable-Vape-15-300x300.png 300w, https:\/\/pgvape.com\/wp-content\/uploads\/2025\/09\/Pgvape-Bang-Leader-110k-Puffs-6-in-1-Flavors-Disposable-Vape-15-600x600.png 600w, https:\/\/pgvape.com\/wp-content\/uploads\/2025\/09\/Pgvape-Bang-Leader-110k-Puffs-6-in-1-Flavors-Disposable-Vape-15-100x100.png 100w, https:\/\/pgvape.com\/wp-content\/uploads\/2025\/09\/Pgvape-Bang-Leader-110k-Puffs-6-in-1-Flavors-Disposable-Vape-15-40x40.png 40w\" sizes=\"auto, (max-width: 1080px) 100vw, 1080px\" \/><\/p>\n<p>&nbsp;<\/p>\n<h3><span style=\"font-size: 90%;\">Bang Leader 110000 | 110k inhalaciones 6 en 1 sabores Vape desechable <\/span><strong>Video:<br \/>\n<iframe loading=\"lazy\" title=\"El l\u00edder 110k de la explosi\u00f3n sopla 6 en 1 modos ajustables disponibles del sabor de Vape de los sabores con pgvape de la pantalla del LED\" width=\"563\" height=\"1000\" src=\"https:\/\/www.youtube.com\/embed\/RcaN8oRy9z4?feature=oembed\" frameborder=\"0\" allow=\"accelerometer; autoplay; clipboard-write; encrypted-media; gyroscope; picture-in-picture; web-share\" referrerpolicy=\"strict-origin-when-cross-origin\" allowfullscreen><\/iframe><br \/>\n<\/strong><\/h3>\n<p>&nbsp;<\/p>\n<h2 class=\"header-vfC6AV auto-hide-last-sibling-br\">Preguntas frecuentes sobre Bang Leader 110000 | 110k Puffs 6 en 1 sabores Vape desechable<\/h2>\n<p data-sourcepos=\"38:1-39:92\">\u2753 <strong data-sourcepos=\"38:3-38:38\">\u00bfC\u00f3mo consigue 110.000 caladas?<\/strong><br \/>\n\u2705 <strong data-sourcepos=\"39:3-39:23\">Tanques de aceite triples<\/strong> + <strong data-sourcepos=\"39:26-39:44\">bater\u00eda de 850mah<\/strong> + <strong data-sourcepos=\"39:47-39:71\">bobinas de malla eficientes<\/strong> maximizar la vida \u00fatil.<\/p>\n<p data-sourcepos=\"41:1-42:124\">\u2753 <strong data-sourcepos=\"41:3-41:25\">\u00bfPuedo mezclar sabores?<\/strong><br \/>\n\u2705 \u00a1S\u00ed! <strong data-sourcepos=\"42:16-42:35\">2-3 sabores cualquiera<\/strong> de los tanques para <strong data-sourcepos=\"42:55-42:72\">mezclas personalizadas<\/strong> (p.ej., <strong data-sourcepos=\"42:80-42:120\">Hielo de ar\u00e1ndanos + chicle de sand\u00eda<\/strong>).<\/p>\n<p data-sourcepos=\"44:1-45:86\">\u2753 <strong data-sourcepos=\"44:3-44:27\">\u00bfEs f\u00e1cil de usar?<\/strong><br \/>\n\u2705 El <strong data-sourcepos=\"45:7-45:21\">pantalla LED<\/strong> rastrea el uso y <strong data-sourcepos=\"45:40-45:59\">Carga tipo C<\/strong> asegura encendidos r\u00e1pidos.<\/p>\n<p data-sourcepos=\"47:1-48:88\">\u2753 <strong data-sourcepos=\"47:3-47:26\">\u00bfPara qui\u00e9n es mejor?<\/strong><br \/>\n\u2705 Vapers pesados \u200b\u200bcon ganas <strong data-sourcepos=\"48:24-48:37\">longevidad<\/strong> + minoristas que buscan <strong data-sourcepos=\"48:58-48:85\">desechables de alto margen<\/strong>.<\/p>\n<p>&nbsp;<\/p>\n<h3 id=\"brxe-najhln\" class=\"brxe-heading\">Preguntas frecuentes (FAQ)<\/h3>\n<div id=\"brxe-rajiac\" class=\"brxe-text\">\n<p><strong>P: \u00bfQu\u00e9 m\u00e9todos de pago aceptan?<\/strong><br \/>\nR: Aceptamos PayPal, Stripe, transferencias bancarias (compatibles con SEPA), las principales tarjetas de cr\u00e9dito (Visa, MasterCard, American Express) y pagos con criptomonedas.<\/p>\n<p><strong>P: \u00bfCu\u00e1nto tiempo lleva la preparaci\u00f3n del pedido?<\/strong><br \/>\nR: La preparaci\u00f3n del pedido demora entre 1 y 3 d\u00edas h\u00e1biles.<\/p>\n<p><strong>P: \u00bfCu\u00e1l es el tiempo de env\u00edo?<\/strong><br \/>\nR: El tiempo de env\u00edo es de 7 a 14 d\u00edas h\u00e1biles, seg\u00fan su ubicaci\u00f3n.<\/p>\n<p><strong>P: \u00bfC\u00f3mo puedo realizar un seguimiento de mi pedido?<\/strong><br \/>\nR: Despu\u00e9s del env\u00edo, recibir\u00e1 un correo electr\u00f3nico de confirmaci\u00f3n con un n\u00famero de seguimiento para realizar un seguimiento en tiempo real.<\/p>\n<p><strong>P: \u00bfCu\u00e1l es su pol\u00edtica de devoluci\u00f3n?<\/strong><br \/>\nR: Ofrecemos una pol\u00edtica de devoluci\u00f3n de 30 d\u00edas para reembolsos o cambios. .<\/p>\n<p><strong>P: \u00bfHabr\u00e1 alg\u00fan problema aduanero?<br \/>\n<\/strong>Nos encargamos de todos los procedimientos de despacho de aduanas para garantizarle una experiencia sin complicaciones. .<\/p>\n<p><strong>P: \u00bfQu\u00e9 m\u00e9todos de env\u00edo se utilizan?<\/strong><br \/>\nCooperamos con UPS\/DHL\/FEDEX\/DPD, etc. Elegiremos la opci\u00f3n de env\u00edo adecuada seg\u00fan el pa\u00eds de entrega para asegurarnos de que reciba sus productos lo m\u00e1s r\u00e1pido posible.<\/p>\n<p><a href=\"https:\/\/pgvape.com\/es\/preguntas-frecuentes\/\">Haga clic aqu\u00ed para m\u00e1s preguntas frecuentes<\/a><\/p>\n<p>Estimados clientes: Si tienen alguna pregunta sobre su pedido o la llegada de la mercanc\u00eda, comun\u00edquese con nuestro servicio de atenci\u00f3n al cliente. \u00a1Gracias!<\/p>\n<h3 data-sourcepos=\"73:1-73:21\"><strong data-sourcepos=\"73:7-73:21\">Cont\u00e1ctenos<\/strong><\/h3>\n<div id=\"text-2419739398\" class=\"text\">\n<p><strong data-sourcepos=\"75:3-75:12\">Correo electr\u00f3nico<\/strong>:\u00a0<a href=\"mailto:support@pgvape.com\"><strong>support@pgvape.com<\/strong><\/a><\/p>\n<p><strong data-sourcepos=\"76:3-76:15\">WhatsApp<\/strong>: <a href=\"https:\/\/wa.me\/+8618128481258\"><strong>+86 18128481258<\/strong><\/a><br \/>\n<strong>(Respuesta dentro de las 24 horas en d\u00edas h\u00e1biles)<\/strong><\/p>\n<\/div>\n<h3><strong>\u00a1Gracias por elegir pgvape.com! .<\/strong><\/h3>\n<\/div>","protected":false},"excerpt":{"rendered":"<p>Con <strong data-sourcepos=\"53:6-53:20\">110.000 bocanadas<\/strong>, <strong data-sourcepos=\"53:22-53:53\">personalizaci\u00f3n de triple sabor<\/strong>, y <strong data-sourcepos=\"53:59-53:81\">bobinas de malla premium<\/strong>, el <strong data-sourcepos=\"53:87-53:107\">L\u00edder de explosi\u00f3n 110K<\/strong> domina el mercado de vaporizadores de alta capacidad. <strong data-sourcepos=\"53:159-53:189\">Ideal para<\/strong> y <strong data-sourcepos=\"53:194-53:213\">entusiastas de los sabores<\/strong>.<\/p>","protected":false},"featured_media":1374,"comment_status":"open","ping_status":"closed","template":"","meta":{"_seopress_robots_primary_cat":"none","_seopress_titles_title":"%%post_title%% %%sep%% %%sitetitle%%","_seopress_titles_desc":"","_seopress_robots_index":""},"product_brand":[54,516],"product_cat":[119,32,515],"product_tag":[121,124,122,123,120,90,77,125],"class_list":{"0":"post-1371","1":"product","2":"type-product","3":"status-publish","4":"has-post-thumbnail","6":"product_brand-bang-leader-vape","7":"product_brand-disposable-vape","8":"product_cat-110k-puffs-vape","9":"product_cat-bang-leader-vape","10":"product_cat-disposable-vape","11":"product_tag-110k-puffs","12":"product_tag-110k-vape","13":"product_tag-6-in-1","14":"product_tag-adjustable-flavor-modes","15":"product_tag-bang-leader","16":"product_tag-disposable-vape","17":"product_tag-flavors","18":"product_tag-with-led-screen","20":"first","21":"instock","22":"sale","23":"shipping-taxable","24":"purchasable","25":"product-type-variable"},"_links":{"self":[{"href":"https:\/\/pgvape.com\/es\/wp-json\/wp\/v2\/product\/1371","targetHints":{"allow":["GET"]}}],"collection":[{"href":"https:\/\/pgvape.com\/es\/wp-json\/wp\/v2\/product"}],"about":[{"href":"https:\/\/pgvape.com\/es\/wp-json\/wp\/v2\/types\/product"}],"replies":[{"embeddable":true,"href":"https:\/\/pgvape.com\/es\/wp-json\/wp\/v2\/comments?post=1371"}],"wp:featuredmedia":[{"embeddable":true,"href":"https:\/\/pgvape.com\/es\/wp-json\/wp\/v2\/media\/1374"}],"wp:attachment":[{"href":"https:\/\/pgvape.com\/es\/wp-json\/wp\/v2\/media?parent=1371"}],"wp:term":[{"taxonomy":"product_brand","embeddable":true,"href":"https:\/\/pgvape.com\/es\/wp-json\/wp\/v2\/product_brand?post=1371"},{"taxonomy":"product_cat","embeddable":true,"href":"https:\/\/pgvape.com\/es\/wp-json\/wp\/v2\/product_cat?post=1371"},{"taxonomy":"product_tag","embeddable":true,"href":"https:\/\/pgvape.com\/es\/wp-json\/wp\/v2\/product_tag?post=1371"}],"curies":[{"name":"wp","href":"https:\/\/api.w.org\/{rel}","templated":true}]}}