{"id":1251,"date":"2025-09-27T10:16:42","date_gmt":"2025-09-27T10:16:42","guid":{"rendered":"https:\/\/pgvape.com\/?post_type=product&#038;p=1251"},"modified":"2025-12-15T13:26:20","modified_gmt":"2025-12-15T13:26:20","slug":"randm-tornado-15000-15k-sopla-vape-desechable-pantalla-led-vape-directo-de-fabrica","status":"publish","type":"product","link":"https:\/\/pgvape.com\/es\/producto\/randm-tornado-15000-15k-sopla-vape-desechable-pantalla-led-vape-directo-de-fabrica\/","title":{"rendered":"RandM Tornado 15000 15K sopla directamente de f\u00e1brica disponible de Vape de la pantalla LED de Vape"},"content":{"rendered":"<div class=\"auto-hide-last-sibling-br paragraph-JOTKXA paragraph-element br-paragraph-space\"><strong data-sourcepos=\"6:5-6:69\">Cigarrillo electr\u00f3nico desechable con pantalla LED RandM Tornado 15000 Puffs<\/strong> entrega un <strong data-sourcepos=\"6:82-6:112\">experiencia extendida de vapeo<\/strong> con <strong data-sourcepos=\"6:118-6:134\">15.000 bocanadas<\/strong> de un <strong data-sourcepos=\"6:142-6:168\">Capacidad de e-l\u00edquido de 25 ml.<\/strong><span class=\"CustomP_animated_char__m3r9w\">.<\/span><span class=\"CustomP_animated_char__m3r9w\">\u00a0<\/span><span class=\"CustomP_animated_char__m3r9w\">Presentando<\/span><span class=\"CustomP_animated_char__m3r9w\">\u00a0<\/span><span class=\"CustomP_animated_char__m3r9w\">a<\/span><span class=\"CustomP_animated_char__m3r9w\">\u00a0<\/span><strong data-sourcepos=\"6:182-6:195\">bobina de malla<\/strong> Para obtener un rico sabor y vapor, este dispositivo incluye un <strong data-sourcepos=\"6:247-6:278\">Bater\u00eda recargable de 850 mAh.<\/strong><span class=\"CustomP_animated_char__m3r9w\">\u00a0<\/span><span class=\"CustomP_animated_char__m3r9w\">y<\/span><span class=\"CustomP_animated_char__m3r9w\">\u00a0<\/span><strong data-sourcepos=\"6:283-6:298\">pantalla LED<\/strong> para monitoreo en tiempo real. <strong data-sourcepos=\"6:356-6:382\">Sal de nicotina 2% o 5%<\/strong><span class=\"CustomP_animated_char__m3r9w\">\u00a0<\/span><span class=\"CustomP_animated_char__m3r9w\">opciones<\/span><span class=\"CustomP_animated_char__m3r9w\">\u00a0<\/span><span class=\"CustomP_animated_char__m3r9w\">y<\/span><span class=\"CustomP_animated_char__m3r9w\">\u00a0<\/span><span class=\"CustomP_animated_char__m3r9w\">elegir<\/span><span class=\"CustomP_animated_char__m3r9w\">\u00a0<\/span><span class=\"CustomP_animated_char__m3r9w\">de<\/span><span class=\"CustomP_animated_char__m3r9w\">\u00a0<\/span><strong data-sourcepos=\"6:407-6:429\">41 sabores premium<\/strong>. <strong data-sourcepos=\"6:440-6:469\">10 piezas por caja expositora<\/strong><span class=\"CustomP_animated_char__m3r9w\">,<\/span><span class=\"CustomP_animated_char__m3r9w\">\u00a0<\/span><span class=\"CustomP_animated_char__m3r9w\">\u00e9l<\/span><span class=\"CustomP_animated_char__m3r9w\">\u2018<\/span><span class=\"CustomP_animated_char__m3r9w\">s<\/span><span class=\"CustomP_animated_char__m3r9w\">\u00a0<\/span><span class=\"CustomP_animated_char__m3r9w\">perfecto<\/span><span class=\"CustomP_animated_char__m3r9w\">\u00a0<\/span><span class=\"CustomP_animated_char__m3r9w\">para<\/span><span class=\"CustomP_animated_char__m3r9w\">\u00a0<\/span><span class=\"CustomP_animated_char__m3r9w\">ambos<\/span><span class=\"CustomP_animated_char__m3r9w\">\u00a0<\/span><span class=\"CustomP_animated_char__m3r9w\">personal<\/span><span class=\"CustomP_animated_char__m3r9w\">\u00a0<\/span><span class=\"CustomP_animated_char__m3r9w\">usar<\/span><span class=\"CustomP_animated_char__m3r9w\">\u00a0<\/span><span class=\"CustomP_animated_char__m3r9w\">y<\/span><span class=\"CustomP_animated_char__m3r9w\">\u00a0<\/span><span class=\"CustomP_animated_char__m3r9w\">minorista<\/span><span class=\"CustomP_animated_char__m3r9w\">.<\/span><\/div>\n<p>&nbsp;<\/p>\n<h2><span style=\"font-size: 90%;\">RandM Tornado 15000 | 15K Puffs Especificaci\u00f3n de producto desechable de Vape<\/span><\/h2>\n<p><strong data-sourcepos=\"11:3-11:13\">Marca:<\/strong>\u00a0<strong data-sourcepos=\"11:14-11:23\">RandM<\/strong><\/p>\n<p><strong data-sourcepos=\"12:3-12:25\">Fuerza de la nicotina:<\/strong>\u00a0<strong data-sourcepos=\"12:26-12:37\">2% \/ 5%<\/strong><span class=\"CustomP_animated_char__m3r9w\">\u00a0<\/span><span class=\"CustomP_animated_char__m3r9w\">(<\/span><span class=\"CustomP_animated_char__m3r9w\">Sal<\/span><span class=\"CustomP_animated_char__m3r9w\">\u00a0<\/span><span class=\"CustomP_animated_char__m3r9w\">nicotina<\/span><span class=\"CustomP_animated_char__m3r9w\">\u00a0<\/span><span class=\"CustomP_animated_char__m3r9w\">para<\/span><span class=\"CustomP_animated_char__m3r9w\">\u00a0<\/span><span class=\"CustomP_animated_char__m3r9w\">liso<\/span><span class=\"CustomP_animated_char__m3r9w\">\u00a0<\/span><span class=\"CustomP_animated_char__m3r9w\">o<\/span><span class=\"CustomP_animated_char__m3r9w\">\u00a0<\/span><span class=\"CustomP_animated_char__m3r9w\">fuerte<\/span><span class=\"CustomP_animated_char__m3r9w\">\u00a0<\/span><span class=\"CustomP_animated_char__m3r9w\">golpes<\/span><span class=\"CustomP_animated_char__m3r9w\">)<\/span><\/p>\n<p><strong data-sourcepos=\"13:3-13:25\">Capacidad de E-l\u00edquido:<\/strong>\u00a0<strong data-sourcepos=\"13:26-13:34\">25ml<\/strong><span class=\"CustomP_animated_char__m3r9w\">\u00a0<\/span><span class=\"CustomP_animated_char__m3r9w\">(<\/span><span class=\"CustomP_animated_char__m3r9w\">Industria<\/span><span class=\"CustomP_animated_char__m3r9w\">\u2013<\/span><span class=\"CustomP_animated_char__m3r9w\">principal<\/span><span class=\"CustomP_animated_char__m3r9w\">\u00a0<\/span><span class=\"CustomP_animated_char__m3r9w\">volumen<\/span><span class=\"CustomP_animated_char__m3r9w\">\u00a0<\/span><span class=\"CustomP_animated_char__m3r9w\">para<\/span><span class=\"CustomP_animated_char__m3r9w\">\u00a0<\/span><span class=\"CustomP_animated_char__m3r9w\">menos<\/span><span class=\"CustomP_animated_char__m3r9w\">\u00a0<\/span><span class=\"CustomP_animated_char__m3r9w\">recargas<\/span><span class=\"CustomP_animated_char__m3r9w\">)<\/span><\/p>\n<p><strong data-sourcepos=\"14:3-14:23\">Tecnolog\u00eda de bobina:<\/strong>\u00a0<strong data-sourcepos=\"14:24-14:37\">Bobina de malla<\/strong><span class=\"CustomP_animated_char__m3r9w\">\u00a0<\/span><span class=\"CustomP_animated_char__m3r9w\">(<\/span><span class=\"CustomP_animated_char__m3r9w\">Mejorado<\/span><span class=\"CustomP_animated_char__m3r9w\">\u00a0<\/span><span class=\"CustomP_animated_char__m3r9w\">sabor<\/span><span class=\"CustomP_animated_char__m3r9w\">\u00a0<\/span><span class=\"CustomP_animated_char__m3r9w\">&amp;<\/span><span class=\"CustomP_animated_char__m3r9w\">\u00a0<\/span><span class=\"CustomP_animated_char__m3r9w\">vapor<\/span><span class=\"CustomP_animated_char__m3r9w\">\u00a0<\/span><span class=\"CustomP_animated_char__m3r9w\">producci\u00f3n<\/span><span class=\"CustomP_animated_char__m3r9w\">)<\/span><\/p>\n<p><strong data-sourcepos=\"15:3-15:15\">Bater\u00eda:<\/strong>\u00a0<strong data-sourcepos=\"15:16-15:39\">850mAh recargable<\/strong><span class=\"CustomP_animated_char__m3r9w\">\u00a0<\/span><span class=\"CustomP_animated_char__m3r9w\">(<\/span><span class=\"CustomP_animated_char__m3r9w\">Largo<\/span><span class=\"CustomP_animated_char__m3r9w\">\u2013<\/span><span class=\"CustomP_animated_char__m3r9w\">perdurable<\/span><span class=\"CustomP_animated_char__m3r9w\">\u00a0<\/span><span class=\"CustomP_animated_char__m3r9w\">fuerza<\/span><span class=\"CustomP_animated_char__m3r9w\">\u00a0<\/span><span class=\"CustomP_animated_char__m3r9w\">con<\/span><span class=\"CustomP_animated_char__m3r9w\">\u00a0<\/span><span class=\"CustomP_animated_char__m3r9w\">USB<\/span><span class=\"CustomP_animated_char__m3r9w\">\u00a0<\/span><span class=\"CustomP_animated_char__m3r9w\">cargando<\/span><span class=\"CustomP_animated_char__m3r9w\">)<\/span><\/p>\n<p><strong data-sourcepos=\"16:3-16:15\">Mostrar:<\/strong>\u00a0<strong data-sourcepos=\"16:16-16:30\">Pantalla LED<\/strong><span class=\"CustomP_animated_char__m3r9w\">\u00a0<\/span><span class=\"CustomP_animated_char__m3r9w\">(<\/span><span class=\"CustomP_animated_char__m3r9w\">Real<\/span><span class=\"CustomP_animated_char__m3r9w\">\u2013<\/span><span class=\"CustomP_animated_char__m3r9w\">tiempo<\/span><span class=\"CustomP_animated_char__m3r9w\">\u00a0<\/span><span class=\"CustomP_animated_char__m3r9w\">uso<\/span><span class=\"CustomP_animated_char__m3r9w\">\u00a0<\/span><span class=\"CustomP_animated_char__m3r9w\">seguimiento<\/span><span class=\"CustomP_animated_char__m3r9w\">)<\/span><\/p>\n<p><strong data-sourcepos=\"17:3-17:17\">Embalaje:<\/strong>\u00a0<strong data-sourcepos=\"17:18-17:39\">10 piezas\/caja de presentaci\u00f3n<\/strong><span class=\"CustomP_animated_char__m3r9w\">\u00a0<\/span><span class=\"CustomP_animated_char__m3r9w\">(<\/span><span class=\"CustomP_animated_char__m3r9w\">Minorista<\/span><span class=\"CustomP_animated_char__m3r9w\">\u2013<\/span><span class=\"CustomP_animated_char__m3r9w\">listo<\/span><span class=\"CustomP_animated_char__m3r9w\">\u00a0<\/span><span class=\"CustomP_animated_char__m3r9w\">a granel<\/span><span class=\"CustomP_animated_char__m3r9w\">\u00a0<\/span><span class=\"CustomP_animated_char__m3r9w\">embalaje<\/span><span class=\"CustomP_animated_char__m3r9w\">)<\/span><\/p>\n<p><strong data-sourcepos=\"18:3-18:22\">Opciones de sabor:<\/strong>\u00a0<strong data-sourcepos=\"18:23-18:39\">41 variedades<\/strong><span class=\"CustomP_animated_char__m3r9w\">\u00a0<\/span><span class=\"CustomP_animated_char__m3r9w\">(<\/span><span class=\"CustomP_animated_char__m3r9w\">De<\/span><span class=\"CustomP_animated_char__m3r9w\">\u00a0<\/span><span class=\"CustomP_animated_char__m3r9w\">sabroso<\/span><span class=\"CustomP_animated_char__m3r9w\">\u00a0<\/span><span class=\"CustomP_animated_char__m3r9w\">a<\/span><span class=\"CustomP_animated_char__m3r9w\">\u00a0<\/span><span class=\"CustomP_animated_char__m3r9w\">helado<\/span><span class=\"CustomP_animated_char__m3r9w\">\u00a0<\/span><span class=\"CustomP_animated_char__m3r9w\">mezclas<\/span><span class=\"CustomP_animated_char__m3r9w\">)<\/span><\/p>\n<p>&nbsp;<\/p>\n<h3><span style=\"font-size: 90%;\">RandM Tornado 15000 | 15K sopla lista de sabores desechables de Vape<\/span><\/h3>\n<p>1. Limonada azul Razz<\/p>\n<p>2. Hielo de melocot\u00f3n<\/p>\n<p>3. Manzana agria<\/p>\n<p>4. Hielo de sand\u00eda<\/p>\n<p>5. Ar\u00e1ndano sobre hielo<\/p>\n<p>6. Frambuesa Ar\u00e1ndano<\/p>\n<p>7. Hielo de pi\u00f1a<\/p>\n<p>8. cereza<\/p>\n<p>9. Hielo de fresa<\/p>\n<p>10. Vimto<\/p>\n<p>11. Hielo de uva<\/p>\n<p>12. Helado de cola<\/p>\n<p>13. Sand\u00eda Fresa<\/p>\n<p>14. Limonada rosada<\/p>\n<p>15. Bayas mixtas<\/p>\n<p>16. Mango melocot\u00f3n<\/p>\n<p>17. Fruta del drag\u00f3n<\/p>\n<p>18. Uva Fresa<\/p>\n<p>19. Se\u00f1or Azul<\/p>\n<p>20. Hielo exuberante<\/p>\n<p>21. paleta helada<\/p>\n<p>22. Kiwi fresa<\/p>\n<p>23. Kiwi, maracuy\u00e1 y guayaba<\/p>\n<p>24. Triple baya<\/p>\n<p>25. Hielo de pl\u00e1tano<\/p>\n<p>26. Caramelo de melocot\u00f3n y ar\u00e1ndanos<\/p>\n<p>27. Manzana Melocot\u00f3n Pera<\/p>\n<p>28. Limonada de bayas<\/p>\n<p>29. Cereza azul Razz<\/p>\n<p>30. Chicle de ar\u00e1ndanos<\/p>\n<p>31. Ar\u00e1ndano, Cereza, Ar\u00e1ndano<\/p>\n<p>32. Granada de ar\u00e1ndanos<\/p>\n<p>33. Frambuesa agridulce<\/p>\n<p>34. Cola de cereza<\/p>\n<p>35. Oso de goma<\/p>\n<p>36. Lim\u00f3n y lima<\/p>\n<p>37. Mango sobre hielo<\/p>\n<p>38. Hielo de energ\u00eda roja<\/p>\n<p>39. Pl\u00e1tano Fresa<\/p>\n<p>40. Toro rojo fresa<\/p>\n<p>41. Limonada De Fresa Y Sand\u00eda<\/p>\n<p>42. T\u00e9 helado Hielo de lim\u00f3n<\/p>\n<p>43. T\u00e9 helado Hielo de melocot\u00f3n<\/p>\n<p>44. Cereza gaseosa<\/p>\n<p>45.Bolos<\/p>\n<p>46. \u200b\u200bMenta fresca<\/p>\n<p>47.Pi\u00f1a Colada<\/p>\n<p><img loading=\"lazy\" decoding=\"async\" class=\"alignnone wp-image-1258 size-full\" src=\"https:\/\/pgvape.com\/wp-content\/uploads\/2025\/09\/Pgvape-RandM-Tornad-15k-Puffs-Disposable-Vape-5.png\" alt=\"P\u00f3ster promocional de los vaporizadores desechables Fumot Tornado 15000 PUFF que muestra filas de dispositivos coloridos, cada uno con un personaje de simio de dibujos animados, un bloque de especificaciones del producto (15000 inhalaciones, 25 ml de capacidad, opciones de nicotina 0\u20135%, bater\u00eda recargable de 850 mAh, bobina de malla de 0,9 \u03a9) y una lista numerada de muchos nombres de sabores como Blue Razz Lemonade, Peach Ice, Watermelon Ice, Strawberry Watermelon, Blueberry, .\" width=\"1080\" height=\"1080\" srcset=\"https:\/\/pgvape.com\/wp-content\/uploads\/2025\/09\/Pgvape-RandM-Tornad-15k-Puffs-Disposable-Vape-5.png 1080w, https:\/\/pgvape.com\/wp-content\/uploads\/2025\/09\/Pgvape-RandM-Tornad-15k-Puffs-Disposable-Vape-5-360x360.png 360w, https:\/\/pgvape.com\/wp-content\/uploads\/2025\/09\/Pgvape-RandM-Tornad-15k-Puffs-Disposable-Vape-5-595x595.png 595w, https:\/\/pgvape.com\/wp-content\/uploads\/2025\/09\/Pgvape-RandM-Tornad-15k-Puffs-Disposable-Vape-5-400x400.png 400w, https:\/\/pgvape.com\/wp-content\/uploads\/2025\/09\/Pgvape-RandM-Tornad-15k-Puffs-Disposable-Vape-5-768x768.png 768w, https:\/\/pgvape.com\/wp-content\/uploads\/2025\/09\/Pgvape-RandM-Tornad-15k-Puffs-Disposable-Vape-5-12x12.png 12w, https:\/\/pgvape.com\/wp-content\/uploads\/2025\/09\/Pgvape-RandM-Tornad-15k-Puffs-Disposable-Vape-5-300x300.png 300w, https:\/\/pgvape.com\/wp-content\/uploads\/2025\/09\/Pgvape-RandM-Tornad-15k-Puffs-Disposable-Vape-5-600x600.png 600w, https:\/\/pgvape.com\/wp-content\/uploads\/2025\/09\/Pgvape-RandM-Tornad-15k-Puffs-Disposable-Vape-5-100x100.png 100w, https:\/\/pgvape.com\/wp-content\/uploads\/2025\/09\/Pgvape-RandM-Tornad-15k-Puffs-Disposable-Vape-5-40x40.png 40w\" sizes=\"auto, (max-width: 1080px) 100vw, 1080px\" \/><\/p>\n<p>&nbsp;<\/p>\n<h3><span style=\"font-size: 90%;\">RandM Tornado 15000 | 15K inhala Vape desechable <\/span><strong>Video:<br \/>\n<iframe loading=\"lazy\" title=\"RandM Tornado 15000 | 15K Puffs Vape desechable | Pantalla LED | Vape Factory Direct pgvape\" width=\"1020\" height=\"574\" src=\"https:\/\/www.youtube.com\/embed\/9Fr-KmfWr1Q?feature=oembed\" frameborder=\"0\" allow=\"accelerometer; autoplay; clipboard-write; encrypted-media; gyroscope; picture-in-picture; web-share\" referrerpolicy=\"strict-origin-when-cross-origin\" allowfullscreen><\/iframe><br \/>\n<\/strong><\/h3>\n<p>&nbsp;<\/p>\n<h2 class=\"header-vfC6AV auto-hide-last-sibling-br\">Preguntas frecuentes sobre RandM Tornado 15000 | 15K Puffs Vape desechable<\/h2>\n<p data-sourcepos=\"74:1-75:94\">\u2753 <strong data-sourcepos=\"74:3-74:44\">\u00bfCu\u00e1nto dura el Tornado 15000?<\/strong><br \/>\n\u2705 Con <strong data-sourcepos=\"75:8-75:24\">15.000 bocanadas<\/strong> y <strong data-sourcepos=\"75:29-75:46\">e-l\u00edquido de 25 ml<\/strong>, supera a los desechables est\u00e1ndar entre 3 y 5 veces.<\/p>\n<p data-sourcepos=\"77:1-78:105\">\u2753 <strong data-sourcepos=\"77:3-77:48\">\u00bfQu\u00e9 hace que la calidad del vapor sea excepcional?<\/strong><br \/>\n\u2705 El <strong data-sourcepos=\"78:7-78:20\">bobina de malla<\/strong> asegura <strong data-sourcepos=\"78:29-78:58\">30% m\u00e1s intensidad de sabor<\/strong> y <strong data-sourcepos=\"78:63-78:80\">nubes m\u00e1s densas<\/strong> frente a bobinas tradicionales.<\/p>\n<p data-sourcepos=\"80:1-81:79\">\u2753 <strong data-sourcepos=\"80:3-80:43\">\u00bfPuedo realizar un seguimiento de los niveles de bater\u00eda\/e-l\u00edquido?<\/strong><br \/>\n\u2705 El <strong data-sourcepos=\"81:7-81:22\">pantalla LED<\/strong> muestra la capacidad restante exacta, sin necesidad de adivinar.<\/p>\n<p data-sourcepos=\"83:1-84:77\">\u2753 <strong data-sourcepos=\"83:3-83:51\">\u00bfEs adecuado para usuarios sensibles a la nicotina?<\/strong><br \/>\n\u2705 Elige <strong data-sourcepos=\"84:10-84:16\">2%<\/strong> para una experiencia leve o <strong data-sourcepos=\"84:42-84:48\">5%<\/strong> para una mayor satisfacci\u00f3n.<\/p>\n<p data-sourcepos=\"86:1-87:81\">\u2753 <strong data-sourcepos=\"86:3-86:42\">\u00bfCu\u00e1ntos dispositivos vienen en un paquete?<\/strong><br \/>\n\u2705 <strong data-sourcepos=\"87:3-87:31\">10 unidades por caja expositora<\/strong> \u2013 ideal para minoristas o para almacenar productos favoritos.<\/p>\n<p data-sourcepos=\"89:1-90:221\">\u2753 <strong data-sourcepos=\"89:3-89:44\">\u00bfQu\u00e9 categor\u00edas de sabores est\u00e1n disponibles?<\/strong><br \/>\n\u2705 <strong data-sourcepos=\"90:3-90:24\">6 perfiles de sabor<\/strong>: Afrutado (p. ej., <strong data-sourcepos=\"90:40-90:68\">Kiwi Maracuy\u00e1 Guayaba<\/strong>), helado (<strong data-sourcepos=\"90:76-90:94\">Hielo de sand\u00eda<\/strong>), Bebida (<strong data-sourcepos=\"90:107-90:122\">pi\u00f1a colada<\/strong>), Dulce (<strong data-sourcepos=\"90:132-90:146\">Oso de goma<\/strong>), tropicales (<strong data-sourcepos=\"90:159-90:175\">fruta del drag\u00f3n<\/strong>) y Mezclas \u00fanicas (<strong data-sourcepos=\"90:197-90:217\">Cereza Razz Azul<\/strong>).<\/p>\n<p data-sourcepos=\"92:1-93:76\">\u2753 <strong data-sourcepos=\"92:3-92:35\">\u00bfRequiere mantenimiento?<\/strong><br \/>\n\u2705 <strong data-sourcepos=\"93:3-93:23\">Mantenimiento cero<\/strong> \u2013 dise\u00f1o desechable con <strong data-sourcepos=\"93:49-93:73\">activaci\u00f3n de sorteo autom\u00e1tico<\/strong>.<\/p>\n<p data-sourcepos=\"95:1-96:77\">\u2753 <strong data-sourcepos=\"95:3-95:40\">\u00bfA qu\u00e9 velocidad se carga la bater\u00eda?<\/strong><br \/>\n\u2705 El <strong data-sourcepos=\"96:7-96:25\">bater\u00eda de 850mah<\/strong> se recarga completamente en <strong data-sourcepos=\"96:45-96:60\">~60 minutos<\/strong> mediante micro USB.<\/p>\n<p>&nbsp;<\/p>\n<h3 id=\"brxe-najhln\" class=\"brxe-heading\"><span style=\"font-size: 90%;\">Preguntas frecuentes (FAQ)<\/span><\/h3>\n<div id=\"brxe-rajiac\" class=\"brxe-text\">\n<p><strong>P: \u00bfQu\u00e9 m\u00e9todos de pago aceptan?<\/strong><br \/>\nR: Aceptamos PayPal, Stripe, transferencias bancarias (compatibles con SEPA), las principales tarjetas de cr\u00e9dito (Visa, MasterCard, American Express) y pagos con criptomonedas.<\/p>\n<p><strong>P: \u00bfCu\u00e1nto tiempo lleva la preparaci\u00f3n del pedido?<\/strong><br \/>\nR: La preparaci\u00f3n del pedido demora entre 1 y 3 d\u00edas h\u00e1biles.<\/p>\n<p><strong>P: \u00bfCu\u00e1l es el tiempo de env\u00edo?<\/strong><br \/>\nR: El tiempo de env\u00edo es de 7 a 14 d\u00edas h\u00e1biles, seg\u00fan su ubicaci\u00f3n.<\/p>\n<p><strong>P: \u00bfC\u00f3mo puedo realizar un seguimiento de mi pedido?<\/strong><br \/>\nR: Despu\u00e9s del env\u00edo, recibir\u00e1 un correo electr\u00f3nico de confirmaci\u00f3n con un n\u00famero de seguimiento para realizar un seguimiento en tiempo real.<\/p>\n<p><strong>P: \u00bfCu\u00e1l es su pol\u00edtica de devoluci\u00f3n?<\/strong><br \/>\nR: Ofrecemos una pol\u00edtica de devoluci\u00f3n de 30 d\u00edas para reembolsos o cambios. .<\/p>\n<p><strong>P: \u00bfHabr\u00e1 alg\u00fan problema aduanero?<br \/>\n<\/strong>Nos encargamos de todos los procedimientos de despacho de aduanas para garantizarle una experiencia sin complicaciones. .<\/p>\n<p><strong>P: \u00bfQu\u00e9 m\u00e9todos de env\u00edo se utilizan?<\/strong><br \/>\nCooperamos con UPS\/DHL\/FEDEX\/DPD, etc. Elegiremos la opci\u00f3n de env\u00edo adecuada seg\u00fan el pa\u00eds de entrega para asegurarnos de que reciba sus productos lo m\u00e1s r\u00e1pido posible.<\/p>\n<p><a href=\"https:\/\/pgvape.com\/es\/preguntas-frecuentes\/\">Haga clic aqu\u00ed para m\u00e1s preguntas frecuentes<\/a><\/p>\n<p>Estimados clientes: Si tienen alguna pregunta sobre su pedido o la llegada de la mercanc\u00eda, comun\u00edquese con nuestro servicio de atenci\u00f3n al cliente. \u00a1Gracias!<\/p>\n<h3 data-sourcepos=\"73:1-73:21\"><strong data-sourcepos=\"73:7-73:21\">Cont\u00e1ctenos<\/strong><\/h3>\n<div id=\"text-2419739398\" class=\"text\">\n<p><strong data-sourcepos=\"75:3-75:12\">Correo electr\u00f3nico<\/strong>:\u00a0<a href=\"mailto:support@pgvape.com\"><strong>support@pgvape.com<\/strong><\/a><\/p>\n<p><strong data-sourcepos=\"76:3-76:15\">WhatsApp<\/strong>: <a href=\"https:\/\/wa.me\/+8618128481258\"><strong>+86 18128481258<\/strong><\/a><br \/>\n<strong>(Respuesta dentro de las 24 horas en d\u00edas h\u00e1biles)<\/strong><\/p>\n<\/div>\n<h3><strong>\u00a1Gracias por elegir pgvape.com! .<\/strong><\/h3>\n<\/div>","protected":false},"excerpt":{"rendered":"<p><strong data-sourcepos=\"101:5-101:28\">RandM Tornado 15000<\/strong> pone el list\u00f3n con <strong data-sourcepos=\"101:47-101:63\">15.000 bocanadas<\/strong>, <strong data-sourcepos=\"101:65-101:82\">Capacidad de 25 ml.<\/strong>, y <strong data-sourcepos=\"101:88-101:112\">tecnolog\u00eda de bobina de malla<\/strong>. . <strong data-sourcepos=\"101:118-101:133\">pantalla LED<\/strong> y <strong data-sourcepos=\"101:138-101:164\">su<\/strong> Opciones de nicotina 2%\/5% <strong data-sourcepos=\"101:192-101:206\">atender a todos los vapeadores, mientras<\/strong> y <strong data-sourcepos=\"101:211-101:237\">41 sabores<\/strong> embalaje listo para la venta al por menor.<\/p>","protected":false},"featured_media":1271,"comment_status":"open","ping_status":"closed","template":"","meta":{"_seopress_robots_primary_cat":"none","_seopress_titles_title":"%%post_title%% %%sep%% %%sitetitle%%","_seopress_titles_desc":"","_seopress_robots_index":""},"product_brand":[516,162],"product_cat":[113,515,26],"product_tag":[115,116,117,118,108,79,490,59,114,109],"class_list":{"0":"post-1251","1":"product","2":"type-product","3":"status-publish","4":"has-post-thumbnail","6":"product_brand-disposable-vape","7":"product_brand-fumot-vape","8":"product_cat-15k-puffs-vape","9":"product_cat-disposable-vape","10":"product_cat-fumot-vape","11":"product_tag-115","12":"product_tag-15k-puffs","13":"product_tag-15k-vape","14":"product_tag-2-5-nicotine","15":"product_tag-disposable","16":"product_tag-led-display","17":"product_tag-minimum-2-pieces","18":"product_tag-mouth-to-lung-mtl","19":"product_tag-randm-tornado","20":"product_tag-vape","22":"first","23":"instock","24":"sale","25":"shipping-taxable","26":"purchasable","27":"product-type-variable"},"_links":{"self":[{"href":"https:\/\/pgvape.com\/es\/wp-json\/wp\/v2\/product\/1251","targetHints":{"allow":["GET"]}}],"collection":[{"href":"https:\/\/pgvape.com\/es\/wp-json\/wp\/v2\/product"}],"about":[{"href":"https:\/\/pgvape.com\/es\/wp-json\/wp\/v2\/types\/product"}],"replies":[{"embeddable":true,"href":"https:\/\/pgvape.com\/es\/wp-json\/wp\/v2\/comments?post=1251"}],"wp:featuredmedia":[{"embeddable":true,"href":"https:\/\/pgvape.com\/es\/wp-json\/wp\/v2\/media\/1271"}],"wp:attachment":[{"href":"https:\/\/pgvape.com\/es\/wp-json\/wp\/v2\/media?parent=1251"}],"wp:term":[{"taxonomy":"product_brand","embeddable":true,"href":"https:\/\/pgvape.com\/es\/wp-json\/wp\/v2\/product_brand?post=1251"},{"taxonomy":"product_cat","embeddable":true,"href":"https:\/\/pgvape.com\/es\/wp-json\/wp\/v2\/product_cat?post=1251"},{"taxonomy":"product_tag","embeddable":true,"href":"https:\/\/pgvape.com\/es\/wp-json\/wp\/v2\/product_tag?post=1251"}],"curies":[{"name":"wp","href":"https:\/\/api.w.org\/{rel}","templated":true}]}}