{"id":1155,"date":"2025-09-27T07:42:46","date_gmt":"2025-09-27T07:42:46","guid":{"rendered":"https:\/\/pgvape.com\/?post_type=product&#038;p=1155"},"modified":"2026-01-27T09:27:43","modified_gmt":"2026-01-27T09:27:43","slug":"fumot-leopard-40000-40k-inhalaciones-desechables-vape-rgb-luz-pantalla-digital-2-5-nicotina-16-sabores-con-vape-directo-de-fabrica","status":"publish","type":"product","link":"https:\/\/pgvape.com\/es\/producto\/fumot-leopard-40000-40k-inhalaciones-desechables-vape-rgb-luz-pantalla-digital-2-5-nicotina-16-sabores-con-vape-directo-de-fabrica\/","title":{"rendered":"Fumot Leopard 40000 | 40K Puffs Vape desechable | Pantalla digital de luz Rgb | 2% 5% Nicotina | 16 sabores con | Vape Factory Direct"},"content":{"rendered":"<div class=\"auto-hide-last-sibling-br paragraph-JOTKXA paragraph-element br-paragraph-space\"><strong data-sourcepos=\"6:5-6:54\">RandM Fumot Leopard 40K inhala Vape desechable<\/strong> redefine el vapeo duradero con <strong data-sourcepos=\"6:90-6:112\">hasta 40.000 inhalaciones<\/strong><span class=\"CustomP_animated_char__m3r9w\">\u00a0<\/span><span class=\"CustomP_animated_char__m3r9w\">motorizado<\/span><span class=\"CustomP_animated_char__m3r9w\">\u00a0<\/span><span class=\"CustomP_animated_char__m3r9w\">por<\/span><span class=\"CustomP_animated_char__m3r9w\">\u00a0<\/span><strong data-sourcepos=\"6:124-6:143\">bobinas de malla dual<\/strong> para un sabor ultrasuave. <strong data-sourcepos=\"6:173-6:209\">dise\u00f1o transparente con estampado de leopardo<\/strong> presenta un <strong data-sourcepos=\"6:222-6:239\">indicador LED<\/strong><span class=\"CustomP_animated_char__m3r9w\">\u00a0<\/span><span class=\"CustomP_animated_char__m3r9w\">y<\/span><span class=\"CustomP_animated_char__m3r9w\">\u00a0<\/span><strong data-sourcepos=\"6:244-6:267\">luces giratorias rgb<\/strong><span class=\"CustomP_animated_char__m3r9w\">\u00a0<\/span><span class=\"CustomP_animated_char__m3r9w\">para<\/span><span class=\"CustomP_animated_char__m3r9w\">\u00a0<\/span><span class=\"CustomP_animated_char__m3r9w\">impresionante<\/span><span class=\"CustomP_animated_char__m3r9w\">\u00a0<\/span><span class=\"CustomP_animated_char__m3r9w\">visuales<\/span><span class=\"CustomP_animated_char__m3r9w\">,<\/span><span class=\"CustomP_animated_char__m3r9w\">\u00a0<\/span><span class=\"CustomP_animated_char__m3r9w\">mientras<\/span><span class=\"CustomP_animated_char__m3r9w\">\u00a0<\/span><span class=\"CustomP_animated_char__m3r9w\">el<\/span><span class=\"CustomP_animated_char__m3r9w\">\u00a0<\/span><strong data-sourcepos=\"6:300-6:319\">pantalla digital<\/strong> rastrea los niveles de e-l\u00edquido y bater\u00eda en tiempo real. <strong data-sourcepos=\"6:376-6:407\">Bater\u00eda recargable de 750 mAh.<\/strong><span class=\"CustomP_animated_char__m3r9w\">,<\/span><span class=\"CustomP_animated_char__m3r9w\">\u00a0<\/span><strong data-sourcepos=\"6:409-6:428\">Carga tipo C<\/strong><span class=\"CustomP_animated_char__m3r9w\">,<\/span><span class=\"CustomP_animated_char__m3r9w\">\u00a0<\/span><span class=\"CustomP_animated_char__m3r9w\">y<\/span><span class=\"CustomP_animated_char__m3r9w\">\u00a0<\/span><strong data-sourcepos=\"6:434-6:455\">16 opciones de sabor<\/strong> en <strong data-sourcepos=\"6:459-6:490\">Puntos fuertes de nicotina 2%\/3%\/5%<\/strong><span class=\"CustomP_animated_char__m3r9w\">,<\/span><span class=\"CustomP_animated_char__m3r9w\">\u00a0<\/span><span class=\"CustomP_animated_char__m3r9w\">\u00e9l<\/span><span class=\"CustomP_animated_char__m3r9w\">\u2018<\/span><span class=\"CustomP_animated_char__m3r9w\">s<\/span><span class=\"CustomP_animated_char__m3r9w\">\u00a0<\/span><span class=\"CustomP_animated_char__m3r9w\">el<\/span><span class=\"CustomP_animated_char__m3r9w\">\u00a0<\/span><span class=\"CustomP_animated_char__m3r9w\">perfecto<\/span><span class=\"CustomP_animated_char__m3r9w\">\u00a0<\/span><span class=\"CustomP_animated_char__m3r9w\">mezcla<\/span><span class=\"CustomP_animated_char__m3r9w\">\u00a0<\/span><span class=\"CustomP_animated_char__m3r9w\">de<\/span><span class=\"CustomP_animated_char__m3r9w\">\u00a0<\/span><span class=\"CustomP_animated_char__m3r9w\">actuaci\u00f3n<\/span><span class=\"CustomP_animated_char__m3r9w\">\u00a0<\/span><span class=\"CustomP_animated_char__m3r9w\">y<\/span><span class=\"CustomP_animated_char__m3r9w\">\u00a0<\/span><span class=\"CustomP_animated_char__m3r9w\">estilo<\/span><span class=\"CustomP_animated_char__m3r9w\">.<\/span><\/div>\n<p>&nbsp;<\/p>\n<h2><span style=\"font-size: 90%;\">Fumot Leopard 40000 | 40K Puffs Especificaci\u00f3n de producto desechable Vape<\/span><\/h2>\n<p><strong data-sourcepos=\"11:3-11:25\">Fuerza de la nicotina:<\/strong>\u00a0<strong data-sourcepos=\"11:26-11:42\">2% \/ 3% \/ 5%<\/strong>\u00a0(Intensidad del golpe en la garganta personalizable)<\/p>\n<p><strong data-sourcepos=\"12:3-12:18\">Conteo de bocanadas:<\/strong>\u00a0<strong data-sourcepos=\"12:19-12:35\">40.000 bocanadas<\/strong>\u00a0(Longevidad l\u00edder en la industria)<\/p>\n<p><strong data-sourcepos=\"13:3-13:24\">Capacidad de la bater\u00eda:<\/strong>\u00a0<strong data-sourcepos=\"13:25-13:48\">750mAh recargable<\/strong>\u00a0(Uso diario extendido)<\/p>\n<p><strong data-sourcepos=\"14:3-14:23\">Tecnolog\u00eda de bobina:<\/strong>\u00a0<strong data-sourcepos=\"14:24-14:42\">Bobina de malla doble<\/strong>\u00a0(Calentamiento m\u00e1s r\u00e1pido, sabor m\u00e1s rico)<\/p>\n<p><strong data-sourcepos=\"15:3-15:16\">Cargando:<\/strong>\u00a0<strong data-sourcepos=\"15:17-15:32\">Puerto tipo C<\/strong>\u00a0(Compatibilidad r\u00e1pida y universal)<\/p>\n<p><strong data-sourcepos=\"16:3-16:23\">Caracter\u00edsticas visuales:<\/strong><\/p>\n<p><strong data-sourcepos=\"17:5-17:35\">Efectos de luz giratoria RGB<\/strong>\u00a0(Ambiente din\u00e1mico)<\/p>\n<p><strong data-sourcepos=\"18:5-18:29\">Pantalla de tubo digital<\/strong>\u00a0(Monitoreo de aceite\/potencia en tiempo real)<\/p>\n<p><strong data-sourcepos=\"19:3-19:17\">Embalaje:<\/strong>\u00a0<strong data-sourcepos=\"19:18-19:33\">10 unidades\/paquete<\/strong>\u00a0(Apto para revendedores)<\/p>\n<p><strong data-sourcepos=\"20:3-20:22\">Opciones de sabor:<\/strong>\u00a0<strong data-sourcepos=\"20:23-20:48\">16 variedades distintas<\/strong><\/p>\n<p>&nbsp;<\/p>\n<h3><span style=\"font-size: 90%;\">Fumot Leopard 40000 | 40K sopla lista de sabores desechables de Vape<\/span><\/h3>\n<p>1.Bayas mixtas<\/p>\n<p>2.Ar\u00e1ndano y frambuesa<\/p>\n<p>3.Sand\u00eda Fresa<\/p>\n<p>4.Hielo de fresa<\/p>\n<p>5. Hielo de cereza<\/p>\n<p>6.Hielo de sand\u00eda<\/p>\n<p>7.Kiwi, maracuy\u00e1 y maracuy\u00e1<\/p>\n<p>8.Dr. Azul<\/p>\n<p>9.Ar\u00e1ndano sobre hielo<\/p>\n<p>10.baya de melocot\u00f3n<\/p>\n<p>11.Limonada rosada<\/p>\n<p>12.Pl\u00e1tano y fresa<\/p>\n<p>13.Chicle de sand\u00eda<\/p>\n<p>14.Pi\u00f1a con mango color melocot\u00f3n<\/p>\n<p>15. Hielo del Drag\u00f3n Negro<\/p>\n<p>16.Ar\u00e1ndano, cereza y ar\u00e1ndano<\/p>\n<p><img loading=\"lazy\" decoding=\"async\" class=\"alignnone wp-image-1160 size-full\" src=\"https:\/\/pgvape.com\/wp-content\/uploads\/2025\/09\/Pgvape-Fumot-Leopard-40000-40K-Puffs-Disposable-Vape-Dual-Mesh-CoilFactory-Direct-3-scaled.png\" alt=\"Hoja de producto que muestra 16 coloridos dispositivos de vapeo desechables FUMOT Leopard 40k con ilustraciones de leopardo de ne\u00f3n y etiquetas de sabores dispuestas en una cuadr\u00edcula de cuatro por cuatro, con un encabezado que enumera las especificaciones: capacidad de bater\u00eda de 700 mAh, n\u00facleo de malla doble, 40 mil caladas y carga tipo C.\" width=\"1642\" height=\"2560\" srcset=\"https:\/\/pgvape.com\/wp-content\/uploads\/2025\/09\/Pgvape-Fumot-Leopard-40000-40K-Puffs-Disposable-Vape-Dual-Mesh-CoilFactory-Direct-3-scaled.png 1642w, https:\/\/pgvape.com\/wp-content\/uploads\/2025\/09\/Pgvape-Fumot-Leopard-40000-40K-Puffs-Disposable-Vape-Dual-Mesh-CoilFactory-Direct-3-231x360.png 231w, https:\/\/pgvape.com\/wp-content\/uploads\/2025\/09\/Pgvape-Fumot-Leopard-40000-40K-Puffs-Disposable-Vape-Dual-Mesh-CoilFactory-Direct-3-595x928.png 595w, https:\/\/pgvape.com\/wp-content\/uploads\/2025\/09\/Pgvape-Fumot-Leopard-40000-40K-Puffs-Disposable-Vape-Dual-Mesh-CoilFactory-Direct-3-257x400.png 257w, https:\/\/pgvape.com\/wp-content\/uploads\/2025\/09\/Pgvape-Fumot-Leopard-40000-40K-Puffs-Disposable-Vape-Dual-Mesh-CoilFactory-Direct-3-768x1197.png 768w, https:\/\/pgvape.com\/wp-content\/uploads\/2025\/09\/Pgvape-Fumot-Leopard-40000-40K-Puffs-Disposable-Vape-Dual-Mesh-CoilFactory-Direct-3-985x1536.png 985w, https:\/\/pgvape.com\/wp-content\/uploads\/2025\/09\/Pgvape-Fumot-Leopard-40000-40K-Puffs-Disposable-Vape-Dual-Mesh-CoilFactory-Direct-3-1314x2048.png 1314w, https:\/\/pgvape.com\/wp-content\/uploads\/2025\/09\/Pgvape-Fumot-Leopard-40000-40K-Puffs-Disposable-Vape-Dual-Mesh-CoilFactory-Direct-3-8x12.png 8w, https:\/\/pgvape.com\/wp-content\/uploads\/2025\/09\/Pgvape-Fumot-Leopard-40000-40K-Puffs-Disposable-Vape-Dual-Mesh-CoilFactory-Direct-3-600x935.png 600w, https:\/\/pgvape.com\/wp-content\/uploads\/2025\/09\/Pgvape-Fumot-Leopard-40000-40K-Puffs-Disposable-Vape-Dual-Mesh-CoilFactory-Direct-3-26x40.png 26w\" sizes=\"auto, (max-width: 1642px) 100vw, 1642px\" \/><\/p>\n<p>&nbsp;<\/p>\n<h3><span style=\"font-size: 90%;\">Fumot Leopard 40000 | 40K inhala Vape desechable <\/span><strong>Video:<br \/>\n<\/strong><\/h3>\n<p><iframe loading=\"lazy\" title=\"Fumot Leopard 40K Puffs Vape desechable | Rgb Pantalla digital ligera | Vape Factory Direct pgvape\" width=\"1020\" height=\"574\" src=\"https:\/\/www.youtube.com\/embed\/yxuv8K7_08M?feature=oembed\" frameborder=\"0\" allow=\"accelerometer; autoplay; clipboard-write; encrypted-media; gyroscope; picture-in-picture; web-share\" referrerpolicy=\"strict-origin-when-cross-origin\" allowfullscreen><\/iframe><\/p>\n<p>&nbsp;<\/p>\n<h2><span style=\"font-size: 90%;\">Preguntas frecuentes sobre Fumot Leopard 40000 | 40K Puffs Vape desechable<\/span><\/h2>\n<p data-sourcepos=\"45:1-46:85\">\u2753 <strong data-sourcepos=\"45:3-45:46\">\u00bfPor qu\u00e9 elegir este vaporizador para uso a largo plazo?<\/strong><br \/>\n\u2705 <strong data-sourcepos=\"46:3-46:19\">40.000 bocanadas<\/strong> reducir los reemplazos, equivalente a semanas de vapeo continuo.<\/p>\n<p data-sourcepos=\"48:1-49:78\">\u2753 <strong data-sourcepos=\"48:3-48:40\">\u00bfC\u00f3mo mejora el sabor la bobina?<\/strong><br \/>\n\u2705 <strong data-sourcepos=\"49:3-49:22\">Bobinas de malla dual<\/strong> calentar uniformemente para <strong data-sourcepos=\"49:39-49:55\">sabor m\u00e1s atrevido<\/strong> y <strong data-sourcepos=\"49:60-49:75\">vapor sedoso<\/strong>.<\/p>\n<p data-sourcepos=\"51:1-52:86\">\u2753 <strong data-sourcepos=\"51:3-51:34\">\u00bfPuedo monitorear el uso f\u00e1cilmente?<\/strong><br \/>\n\u2705 El <strong data-sourcepos=\"52:7-52:31\">pantalla de tubo digital<\/strong> muestra exacto <strong data-sourcepos=\"52:44-52:71\">niveles de e-l\u00edquido\/bater\u00eda<\/strong> de un vistazo.<\/p>\n<p data-sourcepos=\"54:1-55:80\">\u2753 <strong data-sourcepos=\"54:3-54:36\">\u00bfQu\u00e9 hace que su dise\u00f1o sea \u00fanico?<\/strong><br \/>\n\u2705 <strong data-sourcepos=\"55:3-55:45\">Estampado de leopardo transparente + luces RGB<\/strong> Crea una est\u00e9tica llamativa.<\/p>\n<p data-sourcepos=\"57:1-58:85\">\u2753 <strong data-sourcepos=\"57:3-57:35\">\u00bfQu\u00e9 opciones de nicotina existen?<br \/>\n<\/strong> \u2705 Elige <strong data-sourcepos=\"58:10-58:24\">2% (ligero)<\/strong>, <strong data-sourcepos=\"58:26-58:43\">3% (equilibrado)<\/strong>, o <strong data-sourcepos=\"58:48-58:63\">5% (fuerte)<\/strong> para tu golpe ideal.<\/p>\n<p data-sourcepos=\"60:1-61:96\">\u2753 <strong data-sourcepos=\"60:3-60:27\">\u00bfSon diversos los sabores?<\/strong><br \/>\n\u2705 <strong data-sourcepos=\"61:3-61:17\">16 opciones<\/strong> abarca frutas, mezclas heladas y mezclas ex\u00f3ticas como <strong data-sourcepos=\"61:65-61:93\">Kiwi Maracuy\u00e1 Guayaba<\/strong>.<\/p>\n<p data-sourcepos=\"63:1-64:75\">\u2753 <strong data-sourcepos=\"63:3-63:33\">\u00bfQu\u00e9 tan r\u00e1pido se recarga?<\/strong><br \/>\n\u2705 <strong data-sourcepos=\"64:3-64:22\">Carga tipo C<\/strong> reposta el <strong data-sourcepos=\"64:35-64:53\">bater\u00eda de 750mah<\/strong> de forma r\u00e1pida y segura.<\/p>\n<p data-sourcepos=\"66:1-67:69\">\u2753 <strong data-sourcepos=\"66:3-66:34\">\u00bfEst\u00e1 disponible la compra al por mayor?<br \/>\n<\/strong> \u2705 \u00a1S\u00ed! <strong data-sourcepos=\"67:8-67:31\">10 dispositivos por paquete<\/strong> atender a minoristas y usuarios habituales.<\/p>\n<p>&nbsp;<\/p>\n<h3 id=\"brxe-najhln\" class=\"brxe-heading\"><span style=\"font-size: 90%;\">Preguntas frecuentes (FAQ)<\/span><\/h3>\n<div id=\"brxe-rajiac\" class=\"brxe-text\">\n<p><strong>P: \u00bfQu\u00e9 m\u00e9todos de pago aceptan?<\/strong><br \/>\nR: Aceptamos PayPal, Stripe, transferencias bancarias (compatibles con SEPA), las principales tarjetas de cr\u00e9dito (Visa, MasterCard, American Express) y pagos con criptomonedas.<\/p>\n<p><strong>P: \u00bfCu\u00e1nto tiempo lleva la preparaci\u00f3n del pedido?<\/strong><br \/>\nR: La preparaci\u00f3n del pedido demora entre 1 y 3 d\u00edas h\u00e1biles.<\/p>\n<p><strong>P: \u00bfCu\u00e1l es el tiempo de env\u00edo?<\/strong><br \/>\nR: El tiempo de env\u00edo es de 7 a 14 d\u00edas h\u00e1biles, seg\u00fan su ubicaci\u00f3n.<\/p>\n<p><strong>P: \u00bfC\u00f3mo puedo realizar un seguimiento de mi pedido?<\/strong><br \/>\nR: Despu\u00e9s del env\u00edo, recibir\u00e1 un correo electr\u00f3nico de confirmaci\u00f3n con un n\u00famero de seguimiento para realizar un seguimiento en tiempo real.<\/p>\n<p><strong>P: \u00bfCu\u00e1l es su pol\u00edtica de devoluci\u00f3n?<\/strong><br \/>\nR: Ofrecemos una pol\u00edtica de devoluci\u00f3n de 30 d\u00edas para reembolsos o cambios. .<\/p>\n<p><strong>P: \u00bfHabr\u00e1 alg\u00fan problema aduanero?<br \/>\n<\/strong>Nos encargamos de todos los procedimientos de despacho de aduanas para garantizarle una experiencia sin complicaciones. .<\/p>\n<p><strong>P: \u00bfQu\u00e9 m\u00e9todos de env\u00edo se utilizan?<\/strong><br \/>\nCooperamos con UPS\/DHL\/FEDEX\/DPD, etc. Elegiremos la opci\u00f3n de env\u00edo adecuada seg\u00fan el pa\u00eds de entrega para asegurarnos de que reciba sus productos lo m\u00e1s r\u00e1pido posible.<\/p>\n<p><a href=\"https:\/\/pgvape.com\/es\/preguntas-frecuentes\/\">Haga clic aqu\u00ed para m\u00e1s preguntas frecuentes<\/a><\/p>\n<p>Estimados clientes: Si tienen alguna pregunta sobre su pedido o la llegada de la mercanc\u00eda, comun\u00edquese con nuestro servicio de atenci\u00f3n al cliente. \u00a1Gracias!<\/p>\n<h3 data-sourcepos=\"73:1-73:21\"><strong data-sourcepos=\"73:7-73:21\">Cont\u00e1ctenos<\/strong><\/h3>\n<div id=\"text-2419739398\" class=\"text\">\n<p><strong data-sourcepos=\"75:3-75:12\">Correo electr\u00f3nico<\/strong>:\u00a0<a href=\"mailto:support@pgvape.com\"><strong>support@pgvape.com<\/strong><\/a><\/p>\n<p><strong data-sourcepos=\"76:3-76:15\">WhatsApp<\/strong>: <a href=\"https:\/\/wa.me\/+8618128481258\"><strong>+86 18128481258<\/strong><\/a><br \/>\n<strong>(Respuesta dentro de las 24 horas en d\u00edas h\u00e1biles)<\/strong><\/p>\n<\/div>\n<h3><strong>\u00a1Gracias por elegir pgvape.com! .<\/strong><\/h3>\n<\/div>","protected":false},"excerpt":{"rendered":"<p>Con <strong data-sourcepos=\"72:6-72:22\">40.000 bocanadas<\/strong>, <strong data-sourcepos=\"72:24-72:43\">bobinas de malla dual<\/strong>, y un <strong data-sourcepos=\"72:51-72:69\">bater\u00eda de 750mah<\/strong>, el <strong data-sourcepos=\"72:75-72:98\">RandM Fumot Leopardo<\/strong> domina la longevidad. <strong data-sourcepos=\"72:124-72:154\">su<\/strong> y <strong data-sourcepos=\"72:159-72:178\">pantalla digital<\/strong> dise\u00f1o transparente con iluminaci\u00f3n RGB <strong data-sourcepos=\"72:254-72:268\">16 sabores<\/strong> y <strong data-sourcepos=\"72:273-72:297\">casar estilo con funcionalidad, mientras que **16 estilo con funcionalidad, mientras<\/strong> 3 puntos fuertes de la nicotina.<\/p>","protected":false},"featured_media":1177,"comment_status":"open","ping_status":"closed","template":"","meta":{"_seopress_robots_primary_cat":"none","_seopress_titles_title":"%%post_title%% %%sep%% %%sitetitle%%","_seopress_titles_desc":"","_seopress_robots_index":""},"product_brand":[516,162],"product_cat":[103,515,26],"product_tag":[112,106,107,111,108,105,110,109],"class_list":{"0":"post-1155","1":"product","2":"type-product","3":"status-publish","4":"has-post-thumbnail","6":"product_brand-disposable-vape","7":"product_brand-fumot-vape","8":"product_cat-40k-puffs-vape","9":"product_cat-disposable-vape","10":"product_cat-fumot-vape","11":"product_tag-16-flavors","12":"product_tag-40k-puffs","13":"product_tag-40k-vape","14":"product_tag-digital-display","15":"product_tag-disposable","16":"product_tag-fumot-leopard","17":"product_tag-rgb-lights","18":"product_tag-vape","20":"first","21":"instock","22":"sale","23":"shipping-taxable","24":"purchasable","25":"product-type-variable"},"_links":{"self":[{"href":"https:\/\/pgvape.com\/es\/wp-json\/wp\/v2\/product\/1155","targetHints":{"allow":["GET"]}}],"collection":[{"href":"https:\/\/pgvape.com\/es\/wp-json\/wp\/v2\/product"}],"about":[{"href":"https:\/\/pgvape.com\/es\/wp-json\/wp\/v2\/types\/product"}],"replies":[{"embeddable":true,"href":"https:\/\/pgvape.com\/es\/wp-json\/wp\/v2\/comments?post=1155"}],"wp:featuredmedia":[{"embeddable":true,"href":"https:\/\/pgvape.com\/es\/wp-json\/wp\/v2\/media\/1177"}],"wp:attachment":[{"href":"https:\/\/pgvape.com\/es\/wp-json\/wp\/v2\/media?parent=1155"}],"wp:term":[{"taxonomy":"product_brand","embeddable":true,"href":"https:\/\/pgvape.com\/es\/wp-json\/wp\/v2\/product_brand?post=1155"},{"taxonomy":"product_cat","embeddable":true,"href":"https:\/\/pgvape.com\/es\/wp-json\/wp\/v2\/product_cat?post=1155"},{"taxonomy":"product_tag","embeddable":true,"href":"https:\/\/pgvape.com\/es\/wp-json\/wp\/v2\/product_tag?post=1155"}],"curies":[{"name":"wp","href":"https:\/\/api.w.org\/{rel}","templated":true}]}}