{"id":1044,"date":"2025-09-26T15:14:13","date_gmt":"2025-09-26T15:14:13","guid":{"rendered":"https:\/\/pgvape.com\/?post_type=product&#038;p=1044"},"modified":"2025-12-15T13:30:59","modified_gmt":"2025-12-15T13:30:59","slug":"fumot-tornado-25000-25k-inhalaciones-disponible-vape-pantalla-tft-vape-directo-de-fabrica","status":"publish","type":"product","link":"https:\/\/pgvape.com\/es\/producto\/fumot-tornado-25000-25k-inhalaciones-disponible-vape-pantalla-tft-vape-directo-de-fabrica\/","title":{"rendered":"Fumot Tornado 25000 25k sopla directo de f\u00e1brica de Vape con pantalla TFT de Disponibel Vape"},"content":{"rendered":"<div class=\"auto-hide-last-sibling-br paragraph-JOTKXA paragraph-element br-paragraph-space\">\n<div class=\"auto-hide-last-sibling-br paragraph-JOTKXA paragraph-element br-paragraph-space\"><strong data-sourcepos=\"6:5-6:65\">RandM Fumot Tornado 25K inhala Vape desechable con pantalla TFT<\/strong> ofrece una impresionante <strong data-sourcepos=\"6:87-6:103\">25.000 bocanadas<\/strong>, impulsado por un <strong data-sourcepos=\"6:118-6:149\">Bater\u00eda recargable de 700 mAh.<\/strong> y un <strong data-sourcepos=\"6:156-6:182\">Capacidad de e-l\u00edquido de 20 ml.<\/strong>. . <strong data-sourcepos=\"6:188-6:208\">Pantalla TFT de 1,77\u2033<\/strong> Proporciona una visibilidad clara de los niveles de aceite y bater\u00eda, mientras que el <strong data-sourcepos=\"6:272-6:290\">bobina de doble malla<\/strong> Ofrece nubes ricas y suaves. <strong data-sourcepos=\"6:328-6:344\">interruptor t\u00e1ctil<\/strong>, <strong data-sourcepos=\"6:346-6:378\">ajuste de potencia con tres pulsaciones<\/strong>, y <strong data-sourcepos=\"6:384-6:408\">carga r\u00e1pida tipo C<\/strong>, este dispositivo combina comodidad y rendimiento. <strong data-sourcepos=\"6:473-6:487\">26 sabores<\/strong> y <strong data-sourcepos=\"6:492-6:514\">embalaje de 10 piezas<\/strong>, es perfecto tanto para minoristas como para vapeadores.<\/div>\n<p>&nbsp;<\/p>\n<\/div>\n<h2>Fumot Tornado 25000 | 25k Puffs Disponibel Vape Especificaci\u00f3n de producto<\/h2>\n<p><strong data-sourcepos=\"11:3-11:25\">Fuerza de la nicotina:<\/strong>\u00a0<strong data-sourcepos=\"11:26-11:42\">2% \/ 3% \/ 5%<\/strong>\u00a0(M\u00faltiples opciones para diversas preferencias)<\/p>\n<p><strong data-sourcepos=\"12:3-12:18\">Conteo de bocanadas:<\/strong>\u00a0<strong data-sourcepos=\"12:19-12:41\">Hasta 25.000 inhalaciones<\/strong>\u00a0(Experiencia de vapeo duradera)<\/p>\n<p><strong data-sourcepos=\"13:3-13:25\">Capacidad de E-l\u00edquido:<\/strong>\u00a0<strong data-sourcepos=\"13:26-13:34\">20 ml<\/strong>\u00a0(Minimiza recargas frecuentes)<\/p>\n<p><strong data-sourcepos=\"14:3-14:24\">Capacidad de la bater\u00eda:<\/strong>\u00a0<strong data-sourcepos=\"14:25-14:48\">700mAh recargable<\/strong>\u00a0(Energ\u00eda durante todo el d\u00eda)<\/p>\n<p><strong data-sourcepos=\"15:3-15:17\">Tipo de bobina:<\/strong>\u00a0<strong data-sourcepos=\"15:18-15:36\">Bobina de malla doble<\/strong>\u00a0(Producci\u00f3n mejorada de sabor y vapor)<\/p>\n<p><strong data-sourcepos=\"16:3-16:20\">Interruptor t\u00e1ctil:<\/strong>\u00a0Activaci\u00f3n intuitiva con un toque<\/p>\n<p><strong data-sourcepos=\"17:3-17:15\">Mostrar:<\/strong>\u00a0<strong data-sourcepos=\"17:16-17:36\">Pantalla TFT de 1,77\u2033<\/strong>\u00a0(Monitoreo en tiempo real)<\/p>\n<p><strong data-sourcepos=\"18:3-18:18\">Indicadores:<\/strong>\u00a0<strong data-sourcepos=\"18:19-18:53\">Indicadores de nivel de aceite y bater\u00eda<\/strong><\/p>\n<p><strong data-sourcepos=\"19:3-19:24\">Ajuste de potencia:<\/strong>\u00a0<strong data-sourcepos=\"19:25-19:55\">Control de tres botones<\/strong><\/p>\n<p><strong data-sourcepos=\"20:3-20:21\">Puerto de carga:<\/strong>\u00a0<strong data-sourcepos=\"20:22-20:32\">Tipo C<\/strong>\u00a0(R\u00e1pido y eficiente)<\/p>\n<p><strong data-sourcepos=\"21:3-21:17\">Embalaje:<\/strong>\u00a0<strong data-sourcepos=\"21:18-21:33\">10 unidades\/paquete<\/strong>\u00a0(Ideal para compradores al por mayor)<\/p>\n<p><strong data-sourcepos=\"22:3-22:22\">Opciones de sabor:<\/strong>\u00a0<strong data-sourcepos=\"22:23-22:39\">26 variedades<\/strong><\/p>\n<p>&nbsp;<\/p>\n<h3>Fumot Tornado 25000 | 25k Puffs Lista de sabores disponibles para vapeo:<\/h3>\n<p>1. Hielo de pl\u00e1tano<\/p>\n<p>2. Sand\u00eda Fresa<\/p>\n<p>3. Casa de la Moneda de Miami<\/p>\n<p>4. Frambuesa Ar\u00e1ndano<\/p>\n<p>5. Hielo negro<\/p>\n<p>6. Hielo gomoso blanco<\/p>\n<p>7. Hielo de sand\u00eda<\/p>\n<p>8. Hielo de melocot\u00f3n jugoso<\/p>\n<p>9. Limonada rosada<\/p>\n<p>10. mango de fresa<\/p>\n<p>11. Melocot\u00f3n, Mango, Sand\u00eda<\/p>\n<p>12. Uva Lim\u00f3n<\/p>\n<p>13. Explosi\u00f3n de arco\u00edris tropical<\/p>\n<p>14. Bomba de cereza<\/p>\n<p>15. Caramelo de fresa y menta<\/p>\n<p>16. Doble Manzana<\/p>\n<p>17. Ar\u00e1ndano sobre hielo<\/p>\n<p>18. Hielo de fresa<\/p>\n<p>19. Hielo exuberante<\/p>\n<p>20. Hielo de pi\u00f1a<\/p>\n<p>21. Hielo de uva<\/p>\n<p>22. Dr. Azul<\/p>\n<p>23. Kiwi, maracuy\u00e1 y guayaba<\/p>\n<p>24. Cola de cereza<\/p>\n<p>25. menta fresca<\/p>\n<p>26. Toro rojo fresa<\/p>\n<p>&nbsp;<\/p>\n<p><img loading=\"lazy\" decoding=\"async\" class=\"alignnone wp-image-1057 size-full\" src=\"https:\/\/pgvape.com\/wp-content\/uploads\/2025\/09\/Pgvape-MOVKIN-Tornado-25000-25k-Puffs-Disposable-Vape-pen-touch-screen-Fumot-Original-E-cigarett-FDVAP-12.png\" alt=\"Fumot Tornado 25000 \u7535\u5b50\u70df\u5e7f\u544a\u5c55\u793a\u4e86\u4e24\u4e2a\u5e26\u6709\u53ef\u89c1 1.77 pulgadas TFT\" width=\"2500\" height=\"1614\" srcset=\"https:\/\/pgvape.com\/wp-content\/uploads\/2025\/09\/Pgvape-MOVKIN-Tornado-25000-25k-Puffs-Disposable-Vape-pen-touch-screen-Fumot-Original-E-cigarett-FDVAP-12.png 2500w, https:\/\/pgvape.com\/wp-content\/uploads\/2025\/09\/Pgvape-MOVKIN-Tornado-25000-25k-Puffs-Disposable-Vape-pen-touch-screen-Fumot-Original-E-cigarett-FDVAP-12-555x358.png 555w, https:\/\/pgvape.com\/wp-content\/uploads\/2025\/09\/Pgvape-MOVKIN-Tornado-25000-25k-Puffs-Disposable-Vape-pen-touch-screen-Fumot-Original-E-cigarett-FDVAP-12-595x384.png 595w, https:\/\/pgvape.com\/wp-content\/uploads\/2025\/09\/Pgvape-MOVKIN-Tornado-25000-25k-Puffs-Disposable-Vape-pen-touch-screen-Fumot-Original-E-cigarett-FDVAP-12-400x258.png 400w, https:\/\/pgvape.com\/wp-content\/uploads\/2025\/09\/Pgvape-MOVKIN-Tornado-25000-25k-Puffs-Disposable-Vape-pen-touch-screen-Fumot-Original-E-cigarett-FDVAP-12-768x496.png 768w, https:\/\/pgvape.com\/wp-content\/uploads\/2025\/09\/Pgvape-MOVKIN-Tornado-25000-25k-Puffs-Disposable-Vape-pen-touch-screen-Fumot-Original-E-cigarett-FDVAP-12-1536x992.png 1536w, https:\/\/pgvape.com\/wp-content\/uploads\/2025\/09\/Pgvape-MOVKIN-Tornado-25000-25k-Puffs-Disposable-Vape-pen-touch-screen-Fumot-Original-E-cigarett-FDVAP-12-2048x1322.png 2048w, https:\/\/pgvape.com\/wp-content\/uploads\/2025\/09\/Pgvape-MOVKIN-Tornado-25000-25k-Puffs-Disposable-Vape-pen-touch-screen-Fumot-Original-E-cigarett-FDVAP-12-18x12.png 18w, https:\/\/pgvape.com\/wp-content\/uploads\/2025\/09\/Pgvape-MOVKIN-Tornado-25000-25k-Puffs-Disposable-Vape-pen-touch-screen-Fumot-Original-E-cigarett-FDVAP-12-600x387.png 600w, https:\/\/pgvape.com\/wp-content\/uploads\/2025\/09\/Pgvape-MOVKIN-Tornado-25000-25k-Puffs-Disposable-Vape-pen-touch-screen-Fumot-Original-E-cigarett-FDVAP-12-60x40.png 60w\" sizes=\"auto, (max-width: 2500px) 100vw, 2500px\" \/><\/p>\n<p>&nbsp;<\/p>\n<h3>Fumot Tornado 25000 | 25k Puffs Disponible Vape <strong>Video:<\/strong><\/h3>\n<p><iframe loading=\"lazy\" title=\"Fumot Tornado 25000 | 25k Puffs Disponibel Vape | Pantalla TFT | Vape Factory Direct pgvape\" width=\"563\" height=\"1000\" src=\"https:\/\/www.youtube.com\/embed\/Be4a8cFngCw?feature=oembed\" frameborder=\"0\" allow=\"accelerometer; autoplay; clipboard-write; encrypted-media; gyroscope; picture-in-picture; web-share\" referrerpolicy=\"strict-origin-when-cross-origin\" allowfullscreen><\/iframe><\/p>\n<p>&nbsp;<\/p>\n<h2 class=\"header-vfC6AV auto-hide-last-sibling-br\">Preguntas frecuentes sobre Fumot Tornado 25000 | 25k Puffs Disponibel Vape<\/h2>\n<p data-sourcepos=\"57:1-58:118\">\u2753 <strong data-sourcepos=\"57:3-57:70\">\u00bfQu\u00e9 potencia de nicotina ofrece el RandM Fumot Tornado 25K?<\/strong><br \/>\n\u2705 Viene en <strong data-sourcepos=\"58:15-58:21\">2%<\/strong>, <strong data-sourcepos=\"58:23-58:29\">3%<\/strong>, y <strong data-sourcepos=\"58:35-58:41\">5%<\/strong> niveles de nicotina, que se adaptan a las preferencias de golpes de garganta tanto ligeros como fuertes.<\/p>\n<p data-sourcepos=\"60:1-61:95\">\u2753 <strong data-sourcepos=\"60:3-60:63\">\u00bfCu\u00e1ntas bocanadas proporciona el RandM Fumot Tornado 25K?<\/strong><br \/>\n\u2705 Entrega <strong data-sourcepos=\"61:15-61:37\">hasta 25.000 caladas<\/strong>, asegurando una experiencia de vapeo prolongada y satisfactoria.<\/p>\n<p data-sourcepos=\"63:1-64:64\">\u2753 <strong data-sourcepos=\"63:3-63:68\">\u00bfCu\u00e1l es la capacidad de e-l\u00edquido del RandM Fumot Tornado 25K?<\/strong><br \/>\n\u2705 Tiene un <strong data-sourcepos=\"64:12-64:20\">20 ml<\/strong> Tanque de e-l\u00edquido, perfecto para uso a largo plazo.<\/p>\n<p data-sourcepos=\"66:1-67:77\">\u2753 <strong data-sourcepos=\"66:3-66:51\">\u00bfEl RandM Fumot Tornado 25K es recargable?<\/strong><br \/>\n\u2705 S\u00ed, incluye un <strong data-sourcepos=\"67:22-67:53\">Bater\u00eda recargable de 700 mAh.<\/strong> para un poder constante.<\/p>\n<p data-sourcepos=\"69:1-70:71\">\u2753 <strong data-sourcepos=\"69:3-69:37\">\u00bfQu\u00e9 tipo de bobina utiliza?<\/strong><br \/>\n\u2705 Utiliza un <strong data-sourcepos=\"70:13-70:31\">bobina de doble malla<\/strong> para un sabor m\u00e1s rico y un vapor m\u00e1s suave.<\/p>\n<p data-sourcepos=\"72:1-73:56\">\u2753 <strong data-sourcepos=\"72:3-72:34\">\u00bfC\u00f3mo se opera el dispositivo?<\/strong><br \/>\n\u2705 Cuenta con un <strong data-sourcepos=\"73:17-73:33\">interruptor t\u00e1ctil<\/strong> para una f\u00e1cil activaci\u00f3n.<\/p>\n<p data-sourcepos=\"75:1-76:74\">\u2753 <strong data-sourcepos=\"75:3-75:48\">\u00bfQu\u00e9 tipo de pantalla tiene el dispositivo?<\/strong><br \/>\n\u2705 Tiene un <strong data-sourcepos=\"76:12-76:32\">Pantalla TFT de 1,77\u2033<\/strong> para una visibilidad clara de las m\u00e9tricas de vapeo.<\/p>\n<p data-sourcepos=\"78:1-79:75\">\u2753 <strong data-sourcepos=\"78:3-78:48\">\u00bfPuedo controlar los niveles de aceite y bater\u00eda?<\/strong><br \/>\n\u2705 S\u00ed, incorporado <strong data-sourcepos=\"79:17-79:31\">indicadores<\/strong> Muestra los niveles de e-l\u00edquido y bater\u00eda.<\/p>\n<p data-sourcepos=\"81:1-82:69\">\u2753 <strong data-sourcepos=\"81:3-81:40\">\u00bfC\u00f3mo ajusto la potencia de salida?<\/strong><br \/>\n\u2705Presiona el bot\u00f3n <strong data-sourcepos=\"82:20-82:35\">tres veces<\/strong> para personalizar la configuraci\u00f3n de energ\u00eda.<\/p>\n<p data-sourcepos=\"84:1-85:63\">\u2753 <strong data-sourcepos=\"84:3-84:46\">\u00bfQu\u00e9 tipo de puerto de carga utiliza?<br \/>\n<\/strong> \u2705 Utiliza un <strong data-sourcepos=\"85:13-85:28\">Puerto tipo C<\/strong> para una carga r\u00e1pida y eficiente.<\/p>\n<p>&nbsp;<\/p>\n<h3 id=\"brxe-najhln\" class=\"brxe-heading\">Preguntas frecuentes (FAQ)<\/h3>\n<div id=\"brxe-rajiac\" class=\"brxe-text\">\n<p><strong>P: \u00bfQu\u00e9 m\u00e9todos de pago aceptan?<\/strong><br \/>\nR: Aceptamos PayPal, Stripe, transferencias bancarias (compatibles con SEPA), las principales tarjetas de cr\u00e9dito (Visa, MasterCard, American Express) y pagos con criptomonedas.<\/p>\n<p><strong>P: \u00bfCu\u00e1nto tiempo lleva la preparaci\u00f3n del pedido?<\/strong><br \/>\nR: La preparaci\u00f3n del pedido demora entre 1 y 3 d\u00edas h\u00e1biles.<\/p>\n<p><strong>P: \u00bfCu\u00e1l es el tiempo de env\u00edo?<\/strong><br \/>\nR: El tiempo de env\u00edo es de 7 a 14 d\u00edas h\u00e1biles, seg\u00fan su ubicaci\u00f3n.<\/p>\n<p><strong>P: \u00bfC\u00f3mo puedo realizar un seguimiento de mi pedido?<\/strong><br \/>\nR: Despu\u00e9s del env\u00edo, recibir\u00e1 un correo electr\u00f3nico de confirmaci\u00f3n con un n\u00famero de seguimiento para realizar un seguimiento en tiempo real.<\/p>\n<p><strong>P: \u00bfCu\u00e1l es su pol\u00edtica de devoluci\u00f3n?<\/strong><br \/>\nR: Ofrecemos una pol\u00edtica de devoluci\u00f3n de 30 d\u00edas para reembolsos o cambios. .<\/p>\n<p><strong>P: \u00bfHabr\u00e1 alg\u00fan problema aduanero?<br \/>\n<\/strong>Nos encargamos de todos los procedimientos de despacho de aduanas para garantizarle una experiencia sin complicaciones. .<\/p>\n<p><strong>P: \u00bfQu\u00e9 m\u00e9todos de env\u00edo se utilizan?<\/strong><br \/>\nCooperamos con UPS\/DHL\/FEDEX\/DPD, etc. Elegiremos la opci\u00f3n de env\u00edo adecuada seg\u00fan el pa\u00eds de entrega para asegurarnos de que reciba sus productos lo m\u00e1s r\u00e1pido posible.<\/p>\n<p><a href=\"https:\/\/pgvape.com\/es\/preguntas-frecuentes\/\">Haga clic aqu\u00ed para m\u00e1s preguntas frecuentes<\/a><\/p>\n<p>Estimados clientes: Si tienen alguna pregunta sobre su pedido o la llegada de la mercanc\u00eda, comun\u00edquese con nuestro servicio de atenci\u00f3n al cliente. \u00a1Gracias!<\/p>\n<h3 data-sourcepos=\"73:1-73:21\"><strong data-sourcepos=\"73:7-73:21\">Cont\u00e1ctenos<\/strong><\/h3>\n<div id=\"text-2419739398\" class=\"text\">\n<p><strong data-sourcepos=\"75:3-75:12\">Correo electr\u00f3nico<\/strong>:\u00a0<a href=\"mailto:support@pgvape.com\"><strong>support@pgvape.com<\/strong><\/a><\/p>\n<p><strong data-sourcepos=\"76:3-76:15\">WhatsApp<\/strong>: <a href=\"https:\/\/wa.me\/+8618128481258\"><strong>+86 18128481258<\/strong><\/a><br \/>\n<strong>(Respuesta dentro de las 24 horas en d\u00edas h\u00e1biles)<\/strong><\/p>\n<\/div>\n<h3><strong>\u00a1Gracias por elegir pgvape.com! .<\/strong><\/h3>\n<\/div>","protected":false},"excerpt":{"rendered":"<p><strong data-sourcepos=\"90:5-90:54\">RandM Fumot Tornado 25K inhala Vape desechable<\/strong> presenta un <strong data-sourcepos=\"90:66-90:92\">Capacidad de e-l\u00edquido de 20 ml.<\/strong>, <strong data-sourcepos=\"90:94-90:112\">bater\u00eda de 700mah<\/strong>, y <strong data-sourcepos=\"90:118-90:136\">bobina de doble malla<\/strong> para un sabor intenso. <strong data-sourcepos=\"90:161-90:181\">Pantalla TFT de 1,77\u2033<\/strong> y <strong data-sourcepos=\"90:186-90:202\">interruptor t\u00e1ctil<\/strong> ofrecen un control superior, mientras <strong data-sourcepos=\"90:232-90:246\">26 sabores<\/strong> y <strong data-sourcepos=\"90:251-90:273\">embalaje de 10 piezas<\/strong> convi\u00e9rtalo en la mejor opci\u00f3n tanto para vapeadores como para vendedores.<\/p>","protected":false},"featured_media":1449,"comment_status":"open","ping_status":"closed","template":"","meta":{"_seopress_robots_primary_cat":"none","_seopress_titles_title":"%%post_title%% %%sep%% %%sitetitle%%","_seopress_titles_desc":"","_seopress_robots_index":""},"product_brand":[516,162],"product_cat":[94,515,26],"product_tag":[99,96,101,97,95,100,98],"class_list":{"0":"post-1044","1":"product","2":"type-product","3":"status-publish","4":"has-post-thumbnail","6":"product_brand-disposable-vape","7":"product_brand-fumot-vape","8":"product_cat-25k-puffs-vape","9":"product_cat-disposable-vape","10":"product_cat-fumot-vape","11":"product_tag-13smakar","12":"product_tag-25k-puffs","13":"product_tag-25k-vape","14":"product_tag-disponibel-vape","15":"product_tag-fumot-tornado-25000","16":"product_tag-pekskarm","17":"product_tag-tft-screen","19":"first","20":"outofstock","21":"sale","22":"shipping-taxable","23":"purchasable","24":"product-type-variable"},"_links":{"self":[{"href":"https:\/\/pgvape.com\/es\/wp-json\/wp\/v2\/product\/1044","targetHints":{"allow":["GET"]}}],"collection":[{"href":"https:\/\/pgvape.com\/es\/wp-json\/wp\/v2\/product"}],"about":[{"href":"https:\/\/pgvape.com\/es\/wp-json\/wp\/v2\/types\/product"}],"replies":[{"embeddable":true,"href":"https:\/\/pgvape.com\/es\/wp-json\/wp\/v2\/comments?post=1044"}],"wp:featuredmedia":[{"embeddable":true,"href":"https:\/\/pgvape.com\/es\/wp-json\/wp\/v2\/media\/1449"}],"wp:attachment":[{"href":"https:\/\/pgvape.com\/es\/wp-json\/wp\/v2\/media?parent=1044"}],"wp:term":[{"taxonomy":"product_brand","embeddable":true,"href":"https:\/\/pgvape.com\/es\/wp-json\/wp\/v2\/product_brand?post=1044"},{"taxonomy":"product_cat","embeddable":true,"href":"https:\/\/pgvape.com\/es\/wp-json\/wp\/v2\/product_cat?post=1044"},{"taxonomy":"product_tag","embeddable":true,"href":"https:\/\/pgvape.com\/es\/wp-json\/wp\/v2\/product_tag?post=1044"}],"curies":[{"name":"wp","href":"https:\/\/api.w.org\/{rel}","templated":true}]}}