{"id":10253,"date":"2026-04-29T13:00:29","date_gmt":"2026-04-29T13:00:29","guid":{"rendered":"https:\/\/pgvape.com\/?post_type=product&#038;p=10253"},"modified":"2026-04-29T13:00:29","modified_gmt":"2026-04-29T13:00:29","slug":"vape-desechable-qq-bang-120k-con-carga-rapida-de-120000-inhalaciones-y-pantalla-led","status":"publish","type":"product","link":"https:\/\/pgvape.com\/es\/producto\/vape-desechable-qq-bang-120k-con-carga-rapida-de-120000-inhalaciones-y-pantalla-led\/","title":{"rendered":"QQ Bang 120K Vape disponible con carga r\u00e1pida de 120000 soplos y pantalla LED"},"content":{"rendered":"<h2 data-start=\"0\" data-end=\"76\"><strong data-start=\"3\" data-end=\"76\">QQ Bang 120K Vape desechable | Dispositivo port\u00e1til inteligente de alto rendimiento<\/strong><\/h2>\n<p data-start=\"78\" data-end=\"301\">El vaporizador desechable QQ Bang 120K est\u00e1 dise\u00f1ado para usuarios que valoran la portabilidad, el rendimiento confiable y la comodidad moderna, brindando una experiencia de vapeo fluida y satisfactoria en un dispositivo compacto.<\/p>\n<p data-start=\"303\" data-end=\"530\">Con un sistema de sabor \u00fanico y un cable calefactor 1.0\u03a9, proporciona un sabor puro, un golpe equilibrado en la garganta y una salida de vapor estable. Con m\u00faltiples opciones de concentraci\u00f3n de nicotina y 12 sabores populares, se adapta a una amplia gama de preferencias.<\/p>\n<p data-start=\"532\" data-end=\"764\">Alimentado por una bater\u00eda recargable de 650 mAh con carga r\u00e1pida tipo C, este dispositivo garantiza un uso diario eficiente y una recarga conveniente. La pantalla LED incorporada proporciona monitoreo de la bater\u00eda en tiempo real para mayor control y facilidad de uso.<\/p>\n<p data-start=\"766\" data-end=\"858\" data-is-last-node=\"\" data-is-only-node=\"\">Una opci\u00f3n ideal para usuarios que buscan estilo, funcionalidad y rendimiento diario confiable.<\/p>\n<p>&nbsp;<\/p>\n<h3 id=\"brxe-najhln\" class=\"brxe-heading\"><\/h3>\n<p data-start=\"766\" data-end=\"858\" data-is-last-node=\"\" data-is-only-node=\"\">\n<h2 data-start=\"766\" data-end=\"858\"><strong>QQ Bang 120K sopla Vape desechable <\/strong><strong>Productos destacados<\/strong><\/h2>\n<p data-start=\"58\" data-end=\"170\"><strong data-start=\"58\" data-end=\"81\">Hasta 120.000 bocanadas<\/strong> \u2013 Rendimiento duradero dise\u00f1ado para un vapeo diario confiable con menos reemplazos.<\/p>\n<p data-start=\"172\" data-end=\"293\"><strong data-start=\"172\" data-end=\"201\">M\u00faltiples opciones de nicotina<\/strong> \u2013 Available in <strong data-start=\"217\" data-end=\"235\">2%, 3% y 5%<\/strong> para una satisfacci\u00f3n flexible basada en las preferencias personales.<\/p>\n<p data-start=\"295\" data-end=\"384\"><strong data-start=\"295\" data-end=\"319\">Sistema de sabor \u00fanico<\/strong> \u2013 Entrega de sabor puro y consistente desde la primera bocanada hasta la \u00faltima.<\/p>\n<p data-start=\"386\" data-end=\"500\"><strong data-start=\"386\" data-end=\"418\">1.0\u03a9 Tecnolog\u00eda de alambre calefactor<\/strong> \u2013 Producci\u00f3n de vapor suave, golpe de garganta equilibrado y rendimiento general estable.<\/p>\n<p data-start=\"502\" data-end=\"598\"><strong data-start=\"502\" data-end=\"533\">Bater\u00eda recargable de 650 mAh.<\/strong> \u2013 La bater\u00eda incorporada confiable admite sesiones prolongadas de vapeo.<\/p>\n<p data-start=\"600\" data-end=\"703\"><strong data-start=\"600\" data-end=\"624\">Carga r\u00e1pida tipo C<\/strong> \u2013 Carga r\u00e1pida y eficiente para reducir el tiempo de inactividad y mayor comodidad.<\/p>\n<p data-start=\"705\" data-end=\"801\"><strong data-start=\"705\" data-end=\"727\">Pantalla LED<\/strong> \u2013 Monitoreo de la bater\u00eda en tiempo real para un mejor control y comodidad del usuario.<\/p>\n<p data-start=\"803\" data-end=\"893\"><strong data-start=\"803\" data-end=\"832\">Dise\u00f1o compacto y port\u00e1til<\/strong> \u2013 Ligero y f\u00e1cil de transportar para uso diario en cualquier lugar.<\/p>\n<p data-start=\"895\" data-end=\"980\"><strong data-start=\"895\" data-end=\"916\">12 opciones de sabor<\/strong> \u2013 Amplia selecci\u00f3n de sabores populares para satisfacer diferentes gustos.<\/p>\n<p data-start=\"982\" data-end=\"1098\"><strong data-start=\"982\" data-end=\"1012\">Salida fluida y consistente<\/strong> \u2013 El sistema de calefacci\u00f3n optimizado garantiza un consumo satisfactorio durante toda la vida \u00fatil del dispositivo.<\/p>\n<p data-start=\"1100\" data-end=\"1213\" data-is-last-node=\"\" data-is-only-node=\"\"><strong data-start=\"1100\" data-end=\"1127\">Dispositivo moderno de uso diario<\/strong> \u2013 Combina portabilidad, funciones inteligentes y rendimiento confiable en un vaporizador elegante.<\/p>\n<p>&nbsp;<\/p>\n<h2 data-start=\"766\" data-end=\"858\"><strong>Lista de sabores desechables de Vape de QQ Bang 120K inhalaciones<\/strong><\/h2>\n<p><strong data-start=\"56\" data-end=\"84\">1. Frambuesa roja y mora<\/strong><\/p>\n<p><strong data-start=\"89\" data-end=\"106\">2. Hielo azul Razz<\/strong><\/p>\n<p><strong data-start=\"111\" data-end=\"138\">3.Ar\u00e1ndano Rojo Frambuesa<\/strong><\/p>\n<p><strong data-start=\"143\" data-end=\"159\">4.Uva Sakura<\/strong><\/p>\n<p><strong data-start=\"164\" data-end=\"183\">5.kiwi fresa<\/strong><\/p>\n<p><strong data-start=\"188\" data-end=\"214\">6.Sand\u00eda Mango Melocot\u00f3n<\/strong><\/p>\n<p><strong data-start=\"219\" data-end=\"237\">7.Hielo de sand\u00eda<\/strong><\/p>\n<p><strong data-start=\"242\" data-end=\"268\">8.Hubba Bubba Fresa<\/strong><\/p>\n<p><strong data-start=\"273\" data-end=\"303\">9.Ar\u00e1ndano, Frambuesa, Cereza<\/strong><\/p>\n<p><strong data-start=\"308\" data-end=\"325\">10.Bayas mixtas<\/strong><\/p>\n<p><strong data-start=\"330\" data-end=\"358\">11.Congelaci\u00f3n de sand\u00eda y cereza<\/strong><\/p>\n<p><strong data-start=\"363\" data-end=\"380\">12.melocotones jugosos<img loading=\"lazy\" decoding=\"async\" class=\"alignnone wp-image-10258 size-full\" src=\"https:\/\/pgvape.com\/wp-content\/uploads\/2026\/04\/QQ-Bang-120K-Disposable-Vape-With-120000-Puffs-Fast-Charging-And-LED-Display-3.png\" alt=\"Cuadr\u00edcula de 18 coloridas botellas QQ Bang con diferentes sabores de frutas mostradas sobre un fondo degradado de rosa a naranja.\" width=\"1500\" height=\"1325\" srcset=\"https:\/\/pgvape.com\/wp-content\/uploads\/2026\/04\/QQ-Bang-120K-Disposable-Vape-With-120000-Puffs-Fast-Charging-And-LED-Display-3.png 1500w, https:\/\/pgvape.com\/wp-content\/uploads\/2026\/04\/QQ-Bang-120K-Disposable-Vape-With-120000-Puffs-Fast-Charging-And-LED-Display-3-408x360.png 408w, https:\/\/pgvape.com\/wp-content\/uploads\/2026\/04\/QQ-Bang-120K-Disposable-Vape-With-120000-Puffs-Fast-Charging-And-LED-Display-3-595x526.png 595w, https:\/\/pgvape.com\/wp-content\/uploads\/2026\/04\/QQ-Bang-120K-Disposable-Vape-With-120000-Puffs-Fast-Charging-And-LED-Display-3-400x353.png 400w, https:\/\/pgvape.com\/wp-content\/uploads\/2026\/04\/QQ-Bang-120K-Disposable-Vape-With-120000-Puffs-Fast-Charging-And-LED-Display-3-768x678.png 768w, https:\/\/pgvape.com\/wp-content\/uploads\/2026\/04\/QQ-Bang-120K-Disposable-Vape-With-120000-Puffs-Fast-Charging-And-LED-Display-3-14x12.png 14w, https:\/\/pgvape.com\/wp-content\/uploads\/2026\/04\/QQ-Bang-120K-Disposable-Vape-With-120000-Puffs-Fast-Charging-And-LED-Display-3-600x530.png 600w\" sizes=\"auto, (max-width: 1500px) 100vw, 1500px\" \/><\/strong><\/p>\n<p>&nbsp;<\/p>\n<h2 data-start=\"766\" data-end=\"858\"><strong>Preguntas frecuentes QQ Bang 120K inhala Vape desechable<\/strong><\/h2>\n<p data-start=\"45\" data-end=\"208\"><strong data-start=\"45\" data-end=\"89\">\u2753 \u00bfQu\u00e9 concentraciones de nicotina est\u00e1n disponibles?<\/strong><br data-start=\"89\" data-end=\"92\" \/>\u2705 El dispositivo est\u00e1 disponible en <strong data-start=\"121\" data-end=\"156\">Opciones de nicotina 2%, 3% y 5%<\/strong>, brindando a los usuarios opciones flexibles seg\u00fan sus preferencias.<\/p>\n<p data-start=\"210\" data-end=\"359\"><strong data-start=\"210\" data-end=\"255\">\u2753 \u00bfQu\u00e9 tipo de sistema de sabor utiliza?<\/strong><br data-start=\"255\" data-end=\"258\" \/>\u2705 Cuenta con un <strong data-start=\"274\" data-end=\"298\">sistema de sabor \u00fanico<\/strong>, aportando un sabor puro y consistente de principio a fin.<\/p>\n<p data-start=\"361\" data-end=\"510\"><strong data-start=\"361\" data-end=\"395\">\u2753 \u00bfCu\u00e1l es la resistencia de la bobina?<\/strong><br data-start=\"395\" data-end=\"398\" \/>\u2705 El dispositivo utiliza un <strong data-start=\"418\" data-end=\"439\">1.0\u03a9 cable calefactor<\/strong>, que ofrece un vapor suave, un golpe de garganta equilibrado y un rendimiento estable.<\/p>\n<p data-start=\"512\" data-end=\"629\"><strong data-start=\"512\" data-end=\"546\">\u2753 \u00bfLa bater\u00eda es recargable?<\/strong><br data-start=\"546\" data-end=\"549\" \/>\u2705S\u00ed, viene con un <strong data-start=\"572\" data-end=\"603\">Bater\u00eda recargable de 650 mAh.<\/strong> para un uso diario confiable.<\/p>\n<p data-start=\"631\" data-end=\"776\"><strong data-start=\"631\" data-end=\"674\">\u2753 \u00bfQu\u00e9 m\u00e9todo de carga admite?<\/strong><br data-start=\"674\" data-end=\"677\" \/>\u2705 Es compatible <strong data-start=\"691\" data-end=\"715\">Carga r\u00e1pida tipo C<\/strong>, permitiendo una recarga r\u00e1pida y eficiente con menos tiempo de inactividad.<\/p>\n<p data-start=\"778\" data-end=\"896\"><strong data-start=\"778\" data-end=\"814\">\u2753 \u00bfTiene pantalla de visualizaci\u00f3n?<\/strong><br data-start=\"814\" data-end=\"817\" \/>\u2705 S\u00ed, el dispositivo cuenta con un <strong data-start=\"847\" data-end=\"862\">pantalla LED<\/strong> para monitoreo de bater\u00eda en tiempo real.<\/p>\n<p data-start=\"898\" data-end=\"1015\"><strong data-start=\"898\" data-end=\"927\">\u2753 \u00bfEl dispositivo es port\u00e1til?<\/strong><br data-start=\"927\" data-end=\"930\" \/>\u2705Absolutamente. Es <strong data-start=\"948\" data-end=\"982\">dise\u00f1o compacto y ligero<\/strong> hace que sea f\u00e1cil de llevar a cualquier parte.<\/p>\n<p data-start=\"1017\" data-end=\"1134\"><strong data-start=\"1017\" data-end=\"1054\">\u2753 \u00bfCuantos sabores hay disponibles?<\/strong><br data-start=\"1054\" data-end=\"1057\" \/>\u2705 Viene en <strong data-start=\"1071\" data-end=\"1092\">12 opciones de sabor<\/strong>, ofreciendo una amplia gama de gustos populares.<\/p>\n<p data-start=\"1136\" data-end=\"1334\" data-is-last-node=\"\" data-is-only-node=\"\"><strong data-start=\"1136\" data-end=\"1175\">\u2753 \u00bfPor qu\u00e9 elegir el vaporizador QQ Bang 120K?<\/strong><br data-start=\"1175\" data-end=\"1178\" \/>\u2705 Combina <strong data-start=\"1192\" data-end=\"1287\">funcionalidad LED moderna, conveniencia recargable, dise\u00f1o port\u00e1til y rendimiento fluido<\/strong>, lo que lo convierte en una excelente opci\u00f3n para vapear todos los d\u00edas.<\/p>\n<p>&nbsp;<\/p>\n<h3 id=\"brxe-najhln\" class=\"brxe-heading\">Preguntas frecuentes (FAQ)<\/h3>\n<div id=\"brxe-rajiac\" class=\"brxe-text\">\n<p><strong>P: \u00bfQu\u00e9 m\u00e9todos de pago aceptan?<\/strong><br \/>\nR: Aceptamos PayPal, Stripe, transferencias bancarias (compatibles con SEPA), las principales tarjetas de cr\u00e9dito (Visa, MasterCard, American Express) y pagos con criptomonedas.<\/p>\n<p><strong>P: \u00bfCu\u00e1nto tiempo lleva la preparaci\u00f3n del pedido?<\/strong><br \/>\nR: La preparaci\u00f3n del pedido demora entre 1 y 3 d\u00edas h\u00e1biles.<\/p>\n<p><strong>P: \u00bfCu\u00e1l es el tiempo de env\u00edo?<\/strong><br \/>\nR: El tiempo de env\u00edo es de 7 a 14 d\u00edas h\u00e1biles, dependiendo de su ubicaci\u00f3n. Los productos enviados desde almacenes europeos generalmente demoran de 3 a 6 d\u00edas h\u00e1biles en entregarse.<\/p>\n<p><strong>P: \u00bfC\u00f3mo puedo realizar un seguimiento de mi pedido?<\/strong><br \/>\nR: Despu\u00e9s del env\u00edo, recibir\u00e1 un correo electr\u00f3nico de confirmaci\u00f3n con un n\u00famero de seguimiento para realizar un seguimiento en tiempo real.<\/p>\n<p><strong>P: \u00bfCu\u00e1l es su pol\u00edtica de devoluci\u00f3n?<\/strong><br \/>\nR: Ofrecemos una pol\u00edtica de devoluci\u00f3n de 30 d\u00edas para reembolsos o cambios. .<\/p>\n<p><strong>P: \u00bfHabr\u00e1 alg\u00fan problema aduanero?<br \/>\n<\/strong>Nos encargamos de todos los procedimientos de despacho de aduanas para garantizarle una experiencia sin complicaciones. .<\/p>\n<p><strong>P: \u00bfQu\u00e9 m\u00e9todos de env\u00edo se utilizan?<\/strong><br \/>\nCooperamos con UPS\/DHL\/FEDEX\/DPD, etc. Elegiremos la opci\u00f3n de env\u00edo adecuada seg\u00fan el pa\u00eds de entrega para asegurarnos de que reciba sus productos lo m\u00e1s r\u00e1pido posible.<\/p>\n<p><a href=\"https:\/\/pgvape.com\/es\/preguntas-frecuentes\/\">Haga clic aqu\u00ed para m\u00e1s preguntas frecuentes<\/a><\/p>\n<p>Estimados clientes: Si tienen alguna pregunta sobre su pedido o la llegada de la mercanc\u00eda, comun\u00edquese con nuestro servicio de atenci\u00f3n al cliente. \u00a1Gracias!<\/p>\n<h3 data-sourcepos=\"73:1-73:21\"><strong data-sourcepos=\"73:7-73:21\">Cont\u00e1ctenos<\/strong><\/h3>\n<div id=\"text-2419739398\" class=\"text\">\n<p><strong data-sourcepos=\"75:3-75:12\">Correo electr\u00f3nico<\/strong>:\u00a0<a href=\"mailto:support@pgvape.com\"><strong>support@pgvape.com<\/strong><\/a><\/p>\n<p><strong data-sourcepos=\"76:3-76:15\">WhatsApp<\/strong>:\u00a0<a href=\"https:\/\/wa.me\/+8618128481258\"><strong>+86 18128481258<\/strong><\/a><br \/>\n<strong>(Respuesta dentro de las 24 horas en d\u00edas h\u00e1biles)<\/strong><\/p>\n<\/div>\n<h3><strong>\u00a1Gracias por elegir pgvape.com! .<\/strong><\/h3>\n<\/div>","protected":false},"excerpt":{"rendered":"<p data-start=\"0\" data-end=\"32\"><strong data-start=\"0\" data-end=\"32\">Vape desechable QQ Bang 120K <\/strong>Hasta 120.000 bocanadas con un sistema de sabor \u00fanico para un sabor puro y consistente. Alimentado por un cable calefactor 1.0\u03a9 y una bater\u00eda recargable de 650 mAh para un rendimiento fluido y estable. Cuenta con carga r\u00e1pida tipo C, pantalla de bater\u00eda LED y 12 opciones de sabor en un dise\u00f1o port\u00e1til compacto.<\/p>","protected":false},"featured_media":10257,"comment_status":"open","ping_status":"closed","template":"","meta":{"_seopress_robots_primary_cat":"","_seopress_titles_title":"","_seopress_titles_desc":"","_seopress_robots_index":""},"product_brand":[516,654],"product_cat":[69,515,653],"product_tag":[354,90,652,79,657],"class_list":{"0":"post-10253","1":"product","2":"type-product","3":"status-publish","4":"has-post-thumbnail","6":"product_brand-disposable-vape","7":"product_brand-qqbang-vape","8":"product_cat-120k-puffs-vape","9":"product_cat-disposable-vape","10":"product_cat-qqbang-vape","11":"product_tag-120k-puffs-vape","12":"product_tag-disposable-vape","13":"product_tag-fast-charging","14":"product_tag-led-display","15":"product_tag-qq-bang-120k","17":"first","18":"instock","19":"sale","20":"shipping-taxable","21":"purchasable","22":"product-type-variable"},"_links":{"self":[{"href":"https:\/\/pgvape.com\/es\/wp-json\/wp\/v2\/product\/10253","targetHints":{"allow":["GET"]}}],"collection":[{"href":"https:\/\/pgvape.com\/es\/wp-json\/wp\/v2\/product"}],"about":[{"href":"https:\/\/pgvape.com\/es\/wp-json\/wp\/v2\/types\/product"}],"replies":[{"embeddable":true,"href":"https:\/\/pgvape.com\/es\/wp-json\/wp\/v2\/comments?post=10253"}],"wp:featuredmedia":[{"embeddable":true,"href":"https:\/\/pgvape.com\/es\/wp-json\/wp\/v2\/media\/10257"}],"wp:attachment":[{"href":"https:\/\/pgvape.com\/es\/wp-json\/wp\/v2\/media?parent=10253"}],"wp:term":[{"taxonomy":"product_brand","embeddable":true,"href":"https:\/\/pgvape.com\/es\/wp-json\/wp\/v2\/product_brand?post=10253"},{"taxonomy":"product_cat","embeddable":true,"href":"https:\/\/pgvape.com\/es\/wp-json\/wp\/v2\/product_cat?post=10253"},{"taxonomy":"product_tag","embeddable":true,"href":"https:\/\/pgvape.com\/es\/wp-json\/wp\/v2\/product_tag?post=10253"}],"curies":[{"name":"wp","href":"https:\/\/api.w.org\/{rel}","templated":true}]}}