{"id":10228,"date":"2026-04-29T12:35:29","date_gmt":"2026-04-29T12:35:29","guid":{"rendered":"https:\/\/pgvape.com\/?post_type=product&#038;p=10228"},"modified":"2026-04-29T12:35:29","modified_gmt":"2026-04-29T12:35:29","slug":"diseno-de-botella-de-perfume-vape-desechable-estilo-perfume-qq-bang-150k-con-65000-bocanadas-y-carga-rapida","status":"publish","type":"product","link":"https:\/\/pgvape.com\/es\/producto\/diseno-de-botella-de-perfume-vape-desechable-estilo-perfume-qq-bang-150k-con-65000-bocanadas-y-carga-rapida\/","title":{"rendered":"Dise\u00f1o disponible de la botella de perfume de Vape del estilo del perfume de QQ Bang 150K con 65000 soplos y carga r\u00e1pida"},"content":{"rendered":"<h2 data-start=\"0\" data-end=\"78\"><strong data-start=\"3\" data-end=\"78\">QQ Bang 150K Vape desechable | Dispositivo port\u00e1til elegante de alto rendimiento<\/strong><\/h2>\n<p data-start=\"80\" data-end=\"298\">El vaporizador desechable QQ Bang 150K est\u00e1 dise\u00f1ado para usuarios que valoran la portabilidad, el rendimiento confiable y el estilo elegante, brindando una experiencia de vapeo fluida y satisfactoria en un dispositivo compacto.<\/p>\n<p data-start=\"300\" data-end=\"527\">Con un sistema de sabor \u00fanico y un cable calefactor 1.0\u03a9, proporciona un sabor puro, un golpe equilibrado en la garganta y una salida de vapor estable. Con m\u00faltiples opciones de concentraci\u00f3n de nicotina y 10 sabores populares, se adapta a una amplia gama de preferencias.<\/p>\n<p data-start=\"529\" data-end=\"727\">Alimentado por una bater\u00eda recargable de 650 mAh con carga r\u00e1pida tipo C, este dispositivo garantiza un uso diario c\u00f3modo y una recarga eficiente. Su dise\u00f1o de frasco de perfume a\u00f1ade un toque premium y moderno.<\/p>\n<p data-start=\"729\" data-end=\"819\" data-is-last-node=\"\" data-is-only-node=\"\">Una opci\u00f3n ideal para usuarios que buscan estilo, comodidad y rendimiento diario confiable.<\/p>\n<p>&nbsp;<\/p>\n<h3 id=\"brxe-najhln\" class=\"brxe-heading\"><\/h3>\n<p data-start=\"729\" data-end=\"819\" data-is-last-node=\"\" data-is-only-node=\"\">\n<h2 data-start=\"0\" data-end=\"78\"><strong data-start=\"3\" data-end=\"78\">Aspectos destacados del producto Vape desechable QQ Bang 150K Puffs<\/strong><\/h2>\n<p data-start=\"58\" data-end=\"170\"><strong data-start=\"58\" data-end=\"81\">Hasta 150.000 bocanadas<\/strong> \u2013 Rendimiento duradero dise\u00f1ado para un vapeo diario confiable con menos reemplazos.<\/p>\n<p data-start=\"172\" data-end=\"289\"><strong data-start=\"172\" data-end=\"201\">M\u00faltiples opciones de nicotina<\/strong> \u2013 Available in <strong data-start=\"217\" data-end=\"235\">2%, 3% y 5%<\/strong> para una satisfacci\u00f3n flexible basada en las preferencias del usuario.<\/p>\n<p data-start=\"291\" data-end=\"400\"><strong data-start=\"291\" data-end=\"315\">Sistema de sabor \u00fanico<\/strong> \u2013 Entrega de sabor puro y consistente para una experiencia de sabor limpia e ininterrumpida.<\/p>\n<p data-start=\"402\" data-end=\"527\"><strong data-start=\"402\" data-end=\"434\">1.0\u03a9 Tecnolog\u00eda de alambre calefactor<\/strong> \u2013 El sistema de calentamiento equilibrado proporciona un vapor suave, una salida estable y un golpe satisfactorio en la garganta.<\/p>\n<p data-start=\"529\" data-end=\"625\"><strong data-start=\"529\" data-end=\"560\">Bater\u00eda recargable de 650 mAh.<\/strong> \u2013 La bater\u00eda incorporada confiable admite sesiones prolongadas de vapeo.<\/p>\n<p data-start=\"627\" data-end=\"712\"><strong data-start=\"627\" data-end=\"651\">Carga r\u00e1pida tipo C<\/strong> \u2013 Carga r\u00e1pida y eficiente para un uso c\u00f3modo durante todo el d\u00eda.<\/p>\n<p data-start=\"714\" data-end=\"802\"><strong data-start=\"714\" data-end=\"739\">Dise\u00f1o de botella de perfume<\/strong> \u2013 Aspecto elegante y con estilo con un aspecto moderno de primera calidad.<\/p>\n<p data-start=\"804\" data-end=\"895\"><strong data-start=\"804\" data-end=\"832\">Construcci\u00f3n compacta y port\u00e1til<\/strong> \u2013 Estructura liviana dise\u00f1ada para facilitar su transporte a cualquier lugar.<\/p>\n<p data-start=\"897\" data-end=\"988\"><strong data-start=\"897\" data-end=\"918\">10 opciones de sabor<\/strong> \u2013 Amplia selecci\u00f3n de sabores populares para satisfacer diferentes preferencias.<\/p>\n<p data-start=\"990\" data-end=\"1115\"><strong data-start=\"990\" data-end=\"1025\">Rendimiento fluido y consistente<\/strong> \u2013 El flujo de aire optimizado y el sistema de calefacci\u00f3n garantizan aspiraciones satisfactorias desde la primera hasta la \u00faltima calada.<\/p>\n<p data-start=\"1117\" data-end=\"1215\" data-is-last-node=\"\" data-is-only-node=\"\"><strong data-start=\"1117\" data-end=\"1142\">Perfecto para uso diario<\/strong> \u2013 Combina portabilidad, estilo y rendimiento confiable en un solo dispositivo.<\/p>\n<p>&nbsp;<\/p>\n<h2 data-start=\"0\" data-end=\"78\"><strong data-start=\"3\" data-end=\"78\">Lista de sabores desechables de Vape de QQ Bang 150K Puffs<\/strong><\/h2>\n<p><strong data-start=\"56\" data-end=\"68\">1.Fuji rojo<\/strong><\/p>\n<p><strong data-start=\"73\" data-end=\"91\">2.Hielo de fresa<\/strong><\/p>\n<p><strong data-start=\"96\" data-end=\"119\">3. Frambuesa de ar\u00e1ndano<\/strong><\/p>\n<p><strong data-start=\"124\" data-end=\"137\">4.Hielo de uva<\/strong><\/p>\n<p><strong data-start=\"142\" data-end=\"150\">5.Pera<\/strong><\/p>\n<p><strong data-start=\"155\" data-end=\"174\">6.kiwi fresa<\/strong><\/p>\n<p><strong data-start=\"179\" data-end=\"196\">7.Hielo de ar\u00e1ndanos<\/strong><\/p>\n<p><strong data-start=\"201\" data-end=\"219\">8.Hielo de sand\u00eda<\/strong><\/p>\n<p><strong data-start=\"224\" data-end=\"239\">9.Mango Melocot\u00f3n<\/strong><\/p>\n<p><strong data-start=\"244\" data-end=\"259\">10.Frutas mixtas<img loading=\"lazy\" decoding=\"async\" class=\"alignnone wp-image-10252 size-full\" src=\"https:\/\/pgvape.com\/wp-content\/uploads\/2026\/04\/QQ-Bang-150K-Perfume-Style-Disposable-Vape-With-65000-Puffs-And-Fast-Charging-12.png\" alt=\"Tres filas de quince botellas de vaporizador en colores pastel con \u00edconos de frutas y etiquetas de sabores como Red Fuji, Strawberry Ice y Blueberry Raspberry.\" width=\"1500\" height=\"1353\" srcset=\"https:\/\/pgvape.com\/wp-content\/uploads\/2026\/04\/QQ-Bang-150K-Perfume-Style-Disposable-Vape-With-65000-Puffs-And-Fast-Charging-12.png 1500w, https:\/\/pgvape.com\/wp-content\/uploads\/2026\/04\/QQ-Bang-150K-Perfume-Style-Disposable-Vape-With-65000-Puffs-And-Fast-Charging-12-399x360.png 399w, https:\/\/pgvape.com\/wp-content\/uploads\/2026\/04\/QQ-Bang-150K-Perfume-Style-Disposable-Vape-With-65000-Puffs-And-Fast-Charging-12-595x537.png 595w, https:\/\/pgvape.com\/wp-content\/uploads\/2026\/04\/QQ-Bang-150K-Perfume-Style-Disposable-Vape-With-65000-Puffs-And-Fast-Charging-12-400x361.png 400w, https:\/\/pgvape.com\/wp-content\/uploads\/2026\/04\/QQ-Bang-150K-Perfume-Style-Disposable-Vape-With-65000-Puffs-And-Fast-Charging-12-768x693.png 768w, https:\/\/pgvape.com\/wp-content\/uploads\/2026\/04\/QQ-Bang-150K-Perfume-Style-Disposable-Vape-With-65000-Puffs-And-Fast-Charging-12-13x12.png 13w, https:\/\/pgvape.com\/wp-content\/uploads\/2026\/04\/QQ-Bang-150K-Perfume-Style-Disposable-Vape-With-65000-Puffs-And-Fast-Charging-12-600x541.png 600w\" sizes=\"auto, (max-width: 1500px) 100vw, 1500px\" \/><\/strong><\/p>\n<p>&nbsp;<\/p>\n<h2 data-start=\"0\" data-end=\"78\"><strong data-start=\"3\" data-end=\"78\">Preguntas frecuentes QQ Bang 150K Puffs Vape desechable<\/strong><\/h2>\n<p data-start=\"45\" data-end=\"208\"><strong data-start=\"45\" data-end=\"89\">\u2753 \u00bfQu\u00e9 concentraciones de nicotina est\u00e1n disponibles?<\/strong><br data-start=\"89\" data-end=\"92\" \/>\u2705 El dispositivo est\u00e1 disponible en <strong data-start=\"121\" data-end=\"156\">Opciones de nicotina 2%, 3% y 5%<\/strong>, permitiendo a los usuarios elegir su fuerza preferida.<\/p>\n<p data-start=\"210\" data-end=\"358\"><strong data-start=\"210\" data-end=\"255\">\u2753 \u00bfQu\u00e9 tipo de sistema de vapeo utiliza?<\/strong><br data-start=\"255\" data-end=\"258\" \/>\u2705 Cuenta con un <strong data-start=\"274\" data-end=\"298\">sistema de sabor \u00fanico<\/strong>, brindando una experiencia de sabor pura, limpia y consistente.<\/p>\n<p data-start=\"360\" data-end=\"508\"><strong data-start=\"360\" data-end=\"394\">\u2753 \u00bfCu\u00e1l es la resistencia de la bobina?<\/strong><br data-start=\"394\" data-end=\"397\" \/>\u2705 El dispositivo utiliza un <strong data-start=\"417\" data-end=\"438\">1.0\u03a9 cable calefactor<\/strong>, proporcionando un vapor suave, un golpe de garganta equilibrado y un rendimiento estable.<\/p>\n<p data-start=\"510\" data-end=\"625\"><strong data-start=\"510\" data-end=\"544\">\u2753 \u00bfLa bater\u00eda es recargable?<\/strong><br data-start=\"544\" data-end=\"547\" \/>\u2705S\u00ed, viene con un <strong data-start=\"570\" data-end=\"601\">Bater\u00eda recargable de 650 mAh.<\/strong> para un uso diario fiable.<\/p>\n<p data-start=\"627\" data-end=\"753\"><strong data-start=\"627\" data-end=\"670\">\u2753 \u00bfQu\u00e9 m\u00e9todo de carga admite?<\/strong><br data-start=\"670\" data-end=\"673\" \/>\u2705 Es compatible <strong data-start=\"687\" data-end=\"711\">Carga r\u00e1pida tipo C<\/strong>, permitiendo una recarga r\u00e1pida y eficiente.<\/p>\n<p data-start=\"755\" data-end=\"893\"><strong data-start=\"755\" data-end=\"784\">\u2753 \u00bfEl dispositivo es port\u00e1til?<\/strong><br data-start=\"784\" data-end=\"787\" \/>\u2705Absolutamente. Es <strong data-start=\"805\" data-end=\"839\">dise\u00f1o compacto y ligero<\/strong> lo hace f\u00e1cil de transportar e ideal para vapear todos los d\u00edas.<\/p>\n<p data-start=\"895\" data-end=\"1034\"><strong data-start=\"895\" data-end=\"931\">\u2753 \u00bfQu\u00e9 hace que el dise\u00f1o sea especial?<\/strong><br data-start=\"931\" data-end=\"934\" \/>\u2705 El vaporizador presenta un estilo <strong data-start=\"964\" data-end=\"989\">dise\u00f1o de botella de perfume<\/strong>, d\u00e1ndole una apariencia premium y elegante.<\/p>\n<p data-start=\"1036\" data-end=\"1151\"><strong data-start=\"1036\" data-end=\"1073\">\u2753 \u00bfCuantos sabores hay disponibles?<\/strong><br data-start=\"1073\" data-end=\"1076\" \/>\u2705 Viene en <strong data-start=\"1090\" data-end=\"1111\">10 opciones de sabor<\/strong>, ofreciendo una variedad de opciones populares.<\/p>\n<p data-start=\"1153\" data-end=\"1347\" data-is-last-node=\"\" data-is-only-node=\"\"><strong data-start=\"1153\" data-end=\"1192\">\u2753 \u00bfPor qu\u00e9 elegir el vaporizador QQ Bang 150K?<\/strong><br data-start=\"1192\" data-end=\"1195\" \/>\u2705 Combina <strong data-start=\"1209\" data-end=\"1298\">dise\u00f1o port\u00e1til, comodidad recargable, rendimiento fluido y est\u00e9tica elegante<\/strong>, lo que la convierte en una excelente opci\u00f3n para los usuarios modernos.<\/p>\n<p>&nbsp;<\/p>\n<h3 id=\"brxe-najhln\" class=\"brxe-heading\">Preguntas frecuentes (FAQ)<\/h3>\n<div id=\"brxe-rajiac\" class=\"brxe-text\">\n<p><strong>P: \u00bfQu\u00e9 m\u00e9todos de pago aceptan?<\/strong><br \/>\nR: Aceptamos PayPal, Stripe, transferencias bancarias (compatibles con SEPA), las principales tarjetas de cr\u00e9dito (Visa, MasterCard, American Express) y pagos con criptomonedas.<\/p>\n<p><strong>P: \u00bfCu\u00e1nto tiempo lleva la preparaci\u00f3n del pedido?<\/strong><br \/>\nR: La preparaci\u00f3n del pedido demora entre 1 y 3 d\u00edas h\u00e1biles.<\/p>\n<p><strong>P: \u00bfCu\u00e1l es el tiempo de env\u00edo?<\/strong><br \/>\nR: El tiempo de env\u00edo es de 7 a 14 d\u00edas h\u00e1biles, dependiendo de su ubicaci\u00f3n. Los productos enviados desde almacenes europeos generalmente demoran de 3 a 6 d\u00edas h\u00e1biles en entregarse.<\/p>\n<p><strong>P: \u00bfC\u00f3mo puedo realizar un seguimiento de mi pedido?<\/strong><br \/>\nR: Despu\u00e9s del env\u00edo, recibir\u00e1 un correo electr\u00f3nico de confirmaci\u00f3n con un n\u00famero de seguimiento para realizar un seguimiento en tiempo real.<\/p>\n<p><strong>P: \u00bfCu\u00e1l es su pol\u00edtica de devoluci\u00f3n?<\/strong><br \/>\nR: Ofrecemos una pol\u00edtica de devoluci\u00f3n de 30 d\u00edas para reembolsos o cambios. .<\/p>\n<p><strong>P: \u00bfHabr\u00e1 alg\u00fan problema aduanero?<br \/>\n<\/strong>Nos encargamos de todos los procedimientos de despacho de aduanas para garantizarle una experiencia sin complicaciones. .<\/p>\n<p><strong>P: \u00bfQu\u00e9 m\u00e9todos de env\u00edo se utilizan?<\/strong><br \/>\nCooperamos con UPS\/DHL\/FEDEX\/DPD, etc. Elegiremos la opci\u00f3n de env\u00edo adecuada seg\u00fan el pa\u00eds de entrega para asegurarnos de que reciba sus productos lo m\u00e1s r\u00e1pido posible.<\/p>\n<p><a href=\"https:\/\/pgvape.com\/es\/preguntas-frecuentes\/\">Haga clic aqu\u00ed para m\u00e1s preguntas frecuentes<\/a><\/p>\n<p>Estimados clientes: Si tienen alguna pregunta sobre su pedido o la llegada de la mercanc\u00eda, comun\u00edquese con nuestro servicio de atenci\u00f3n al cliente. \u00a1Gracias!<\/p>\n<h3 data-sourcepos=\"73:1-73:21\"><strong data-sourcepos=\"73:7-73:21\">Cont\u00e1ctenos<\/strong><\/h3>\n<div id=\"text-2419739398\" class=\"text\">\n<p><strong data-sourcepos=\"75:3-75:12\">Correo electr\u00f3nico<\/strong>:\u00a0<a href=\"mailto:support@pgvape.com\"><strong>support@pgvape.com<\/strong><\/a><\/p>\n<p><strong data-sourcepos=\"76:3-76:15\">WhatsApp<\/strong>:\u00a0<a href=\"https:\/\/wa.me\/+8618128481258\"><strong>+86 18128481258<\/strong><\/a><br \/>\n<strong>(Respuesta dentro de las 24 horas en d\u00edas h\u00e1biles)<\/strong><\/p>\n<\/div>\n<h3><strong>\u00a1Gracias por elegir pgvape.com! .<\/strong><\/h3>\n<\/div>","protected":false},"excerpt":{"rendered":"<section class=\"text-token-text-primary w-full focus:outline-none [--shadow-height:45px] has-data-writing-block:pointer-events-none has-data-writing-block:-mt-(--shadow-height) has-data-writing-block:pt-(--shadow-height) [&amp;:has([data-writing-block])&gt;*]:pointer-events-auto [content-visibility:auto] supports-[content-visibility:auto]:[contain-intrinsic-size:auto_100lvh] R6Vx5W_threadScrollVars scroll-mb-[calc(var(--scroll-root-safe-area-inset-bottom,0px)+var(--thread-response-height))] scroll-mt-[calc(var(--header-height)+min(200px,max(70px,20svh)))]\" dir=\"auto\" data-turn-id=\"request-690f3671-88fc-832d-8d9c-73e96f624343-20\" data-testid=\"conversation-turn-32\" data-scroll-anchor=\"false\" data-turn=\"assistant\">\n<div class=\"text-base my-auto mx-auto pb-10 [--thread-content-margin:var(--thread-content-margin-xs,calc(var(--spacing)*4))] @w-sm\/main:[--thread-content-margin:var(--thread-content-margin-sm,calc(var(--spacing)*6))] @w-lg\/main:[--thread-content-margin:var(--thread-content-margin-lg,calc(var(--spacing)*16))] px-(--thread-content-margin)\">\n<div class=\"[--thread-content-max-width:40rem] @w-lg\/main:[--thread-content-max-width:48rem] mx-auto max-w-(--thread-content-max-width) flex-1 group\/turn-messages focus-visible:outline-hidden relative flex w-full min-w-0 flex-col agent-turn\">\n<div class=\"flex max-w-full flex-col gap-4 grow\">\n<div class=\"min-h-8 text-message relative flex w-full flex-col items-end gap-2 text-start break-words whitespace-normal outline-none keyboard-focused:focus-ring [.text-message+&amp;]:mt-1\" dir=\"auto\" tabindex=\"0\" data-message-author-role=\"assistant\" data-message-id=\"f1ebdff0-90bf-4292-934d-1b0711e3864f\" data-message-model-slug=\"gpt-5-3\" data-turn-start-message=\"true\">\n<div class=\"flex w-full flex-col gap-1 empty:hidden\">\n<div class=\"markdown prose dark:prose-invert w-full wrap-break-word light markdown-new-styling\">\n<p data-start=\"0\" data-end=\"32\"><strong data-start=\"0\" data-end=\"32\">QQ Bang 150K Disposable Vape <\/strong>Up to 150,000 puffs in a stylish perfume bottle design that combines elegance with portability. Powered by a 1.0\u03a9 heating wire and 650mAh rechargeable battery for smooth, stable performance. Features Type-C fast charging, multiple nicotine options, and 10 flavor choices.<\/p>\n<\/div>\n<\/div>\n<\/div>\n<\/div>\n<div class=\"z-0 flex min-h-[46px] justify-start\"><\/div>\n<div class=\"mt-3 w-full empty:hidden\">\n<div class=\"text-center\"><\/div>\n<\/div>\n<\/div>\n<\/div>\n<\/section>\n<div class=\"pointer-events-none -mt-px h-px translate-y-[calc(var(--scroll-root-safe-area-inset-bottom)-14*var(--spacing))]\" aria-hidden=\"true\"><\/div>\n","protected":false},"featured_media":10242,"comment_status":"open","ping_status":"closed","template":"","meta":{"_seopress_robots_primary_cat":"","_seopress_titles_title":"","_seopress_titles_desc":"","_seopress_robots_index":""},"product_brand":[516,654],"product_cat":[368,515,653],"product_tag":[370,90,652,656,655],"class_list":{"0":"post-10228","1":"product","2":"type-product","3":"status-publish","4":"has-post-thumbnail","6":"product_brand-disposable-vape","7":"product_brand-qqbang-vape","8":"product_cat-150k-puffs-vape","9":"product_cat-disposable-vape","10":"product_cat-qqbang-vape","11":"product_tag-150k-puffs-vape","12":"product_tag-disposable-vape","13":"product_tag-fast-charging","14":"product_tag-perfume-style","15":"product_tag-qq-bang-150k","17":"first","18":"instock","19":"sale","20":"shipping-taxable","21":"purchasable","22":"product-type-variable"},"_links":{"self":[{"href":"https:\/\/pgvape.com\/es\/wp-json\/wp\/v2\/product\/10228","targetHints":{"allow":["GET"]}}],"collection":[{"href":"https:\/\/pgvape.com\/es\/wp-json\/wp\/v2\/product"}],"about":[{"href":"https:\/\/pgvape.com\/es\/wp-json\/wp\/v2\/types\/product"}],"replies":[{"embeddable":true,"href":"https:\/\/pgvape.com\/es\/wp-json\/wp\/v2\/comments?post=10228"}],"wp:featuredmedia":[{"embeddable":true,"href":"https:\/\/pgvape.com\/es\/wp-json\/wp\/v2\/media\/10242"}],"wp:attachment":[{"href":"https:\/\/pgvape.com\/es\/wp-json\/wp\/v2\/media?parent=10228"}],"wp:term":[{"taxonomy":"product_brand","embeddable":true,"href":"https:\/\/pgvape.com\/es\/wp-json\/wp\/v2\/product_brand?post=10228"},{"taxonomy":"product_cat","embeddable":true,"href":"https:\/\/pgvape.com\/es\/wp-json\/wp\/v2\/product_cat?post=10228"},{"taxonomy":"product_tag","embeddable":true,"href":"https:\/\/pgvape.com\/es\/wp-json\/wp\/v2\/product_tag?post=10228"}],"curies":[{"name":"wp","href":"https:\/\/api.w.org\/{rel}","templated":true}]}}