{"id":10163,"date":"2026-04-18T09:13:03","date_gmt":"2026-04-18T09:13:03","guid":{"rendered":"https:\/\/pgvape.com\/?post_type=product&#038;p=10163"},"modified":"2026-04-18T09:13:45","modified_gmt":"2026-04-18T09:13:45","slug":"vape-desechable-de-malla-dual-qq-bang-100k-con-100000-inhalaciones-y-carga-rapida","status":"publish","type":"product","link":"https:\/\/pgvape.com\/es\/producto\/vape-desechable-de-malla-dual-qq-bang-100k-con-100000-inhalaciones-y-carga-rapida\/","title":{"rendered":"QQ Bang 100K se dobla Mesh Vape disponible con 100000 soplos y carga r\u00e1pida"},"content":{"rendered":"<h2 data-start=\"0\" data-end=\"68\"><strong data-start=\"3\" data-end=\"68\">QQ Bang 100K Vape desechable | Dispositivo de alta capacidad de malla dual<\/strong><\/h2>\n<p data-start=\"70\" data-end=\"272\">El vaporizador desechable QQ Bang 100K est\u00e1 dise\u00f1ado para usuarios que buscan un rendimiento duradero y un rico sabor, ofreciendo hasta 100.000 inhalaciones con m\u00faltiples opciones de concentraci\u00f3n de nicotina.<\/p>\n<p data-start=\"274\" data-end=\"501\">Equipado con tecnolog\u00eda avanzada de bobina de malla dual, proporciona un vapor m\u00e1s suave, un sabor mejorado y una salida constante en cada calada. Con 12 opciones de sabores populares, los usuarios pueden disfrutar de una amplia variedad de experiencias gustativas satisfactorias.<\/p>\n<p data-start=\"503\" data-end=\"642\">Alimentado por una bater\u00eda recargable de 650 mAh con carga r\u00e1pida USB tipo C, este dispositivo garantiza un uso confiable durante todo el d\u00eda y una recarga conveniente.<\/p>\n<p data-start=\"644\" data-end=\"735\" data-is-last-node=\"\" data-is-only-node=\"\">Una opci\u00f3n ideal para usuarios que buscan capacidad, variedad de sabores y rendimiento confiable.<\/p>\n<p>&nbsp;<\/p>\n<h3 id=\"brxe-najhln\" class=\"brxe-heading\"><\/h3>\n<h2 data-start=\"0\" data-end=\"68\"><strong data-start=\"3\" data-end=\"68\">Aspectos destacados del producto Vape desechable QQ Bang 100K Puffs<\/strong><\/h2>\n<p data-start=\"56\" data-end=\"168\"><strong data-start=\"56\" data-end=\"79\">Hasta 100.000 bocanadas<\/strong> \u2013 Rendimiento ultra duradero dise\u00f1ado para vapeo prolongado con menos reemplazos.<\/p>\n<p data-start=\"170\" data-end=\"273\"><strong data-start=\"170\" data-end=\"199\">M\u00faltiples opciones de nicotina<\/strong> \u2013 Available in <strong data-start=\"215\" data-end=\"233\">2%, 3% y 5%<\/strong> para una experiencia de vapeo personalizable.<\/p>\n<p data-start=\"275\" data-end=\"402\"><strong data-start=\"275\" data-end=\"304\">Tecnolog\u00eda de bobina de malla dual<\/strong> \u2013 El sistema avanzado de doble malla ofrece un sabor m\u00e1s rico, un vapor m\u00e1s suave y una producci\u00f3n de nubes densas.<\/p>\n<p data-start=\"404\" data-end=\"503\"><strong data-start=\"404\" data-end=\"425\">12 opciones de sabor<\/strong> \u2013 Amplia selecci\u00f3n de sabores populares para satisfacer diferentes preferencias gustativas.<\/p>\n<p data-start=\"505\" data-end=\"602\"><strong data-start=\"505\" data-end=\"536\">Bater\u00eda recargable de 650 mAh.<\/strong> \u2013 La bater\u00eda incorporada confiable garantiza un rendimiento estable durante todo el d\u00eda.<\/p>\n<p data-start=\"604\" data-end=\"692\"><strong data-start=\"604\" data-end=\"632\">Carga r\u00e1pida USB tipo C<\/strong> \u2013 Recarga r\u00e1pida y eficiente para un uso ininterrumpido.<\/p>\n<p data-start=\"694\" data-end=\"809\"><strong data-start=\"694\" data-end=\"724\">Salida fluida y consistente<\/strong> \u2013 El sistema de bobina optimizado mantiene el vapor y el sabor estables desde la primera calada hasta la \u00faltima.<\/p>\n<p data-start=\"811\" data-end=\"916\"><strong data-start=\"811\" data-end=\"837\">Experiencia de rico sabor<\/strong> \u2013 La tecnolog\u00eda de atomizaci\u00f3n mejorada mantiene cada extracci\u00f3n satisfactoria y sabrosa.<\/p>\n<p data-start=\"918\" data-end=\"1004\"><strong data-start=\"918\" data-end=\"949\">Dise\u00f1o moderno de alta capacidad<\/strong> \u2013 Dise\u00f1ado para brindar comodidad, portabilidad y uso diario.<\/p>\n<p data-start=\"1006\" data-end=\"1114\" data-is-last-node=\"\" data-is-only-node=\"\"><strong data-start=\"1006\" data-end=\"1038\">Ideal para venta minorista y mayorista<\/strong> \u2013 Dispositivo popular y duradero adecuado para mercados y distribuci\u00f3n globales.<\/p>\n<p>&nbsp;<\/p>\n<h2 data-start=\"0\" data-end=\"68\"><strong data-start=\"3\" data-end=\"68\">QQ Bang 100K <\/strong><strong data-start=\"3\" data-end=\"68\">bocanadas <\/strong><strong data-start=\"3\" data-end=\"68\">Lista de sabores de vaporizadores desechables<\/strong><\/h2>\n<p><strong data-start=\"25\" data-end=\"38\">1.Hielo de melocot\u00f3n<\/strong><\/p>\n<p><strong data-start=\"43\" data-end=\"61\">2.Hielo de sand\u00eda<\/strong><\/p>\n<p><strong data-start=\"66\" data-end=\"82\">3.Frutas mixtas<\/strong><\/p>\n<p><strong data-start=\"87\" data-end=\"113\">4.Mango Melocot\u00f3n Sand\u00eda<\/strong><\/p>\n<p><strong data-start=\"118\" data-end=\"138\">5.Mamba de fresa<\/strong><\/p>\n<p><strong data-start=\"143\" data-end=\"166\">6.frambuesa de ar\u00e1ndano<\/strong><\/p>\n<p><strong data-start=\"171\" data-end=\"184\">7.Hielo de uva<\/strong><\/p>\n<p><strong data-start=\"189\" data-end=\"204\">8.Uva De Manzana<\/strong><\/p>\n<p><strong data-start=\"209\" data-end=\"225\">9.Bebida energ\u00e9tica<\/strong><\/p>\n<p><strong data-start=\"230\" data-end=\"241\">10.Amor 66<\/strong><\/p>\n<p><strong data-start=\"246\" data-end=\"266\">11. Mango de fresa<\/strong><\/p>\n<p><strong data-start=\"271\" data-end=\"288\">12.Hielo de ar\u00e1ndanos<img loading=\"lazy\" decoding=\"async\" class=\"alignnone wp-image-10179 size-full\" src=\"https:\/\/pgvape.com\/wp-content\/uploads\/2026\/04\/QQ-Bang-100K-Dual-Mesh-Disposable-Vape-With-100000-Puffs-And-Fast-Charging-pgvape-14.png\" alt=\"Doce botellas de bebidas energ\u00e9ticas Bang dispuestas en dos filas con etiquetas coloridas con sabor a frutas y logotipos llamativos de Bang.\" width=\"1500\" height=\"1460\" srcset=\"https:\/\/pgvape.com\/wp-content\/uploads\/2026\/04\/QQ-Bang-100K-Dual-Mesh-Disposable-Vape-With-100000-Puffs-And-Fast-Charging-pgvape-14.png 1500w, https:\/\/pgvape.com\/wp-content\/uploads\/2026\/04\/QQ-Bang-100K-Dual-Mesh-Disposable-Vape-With-100000-Puffs-And-Fast-Charging-pgvape-14-370x360.png 370w, https:\/\/pgvape.com\/wp-content\/uploads\/2026\/04\/QQ-Bang-100K-Dual-Mesh-Disposable-Vape-With-100000-Puffs-And-Fast-Charging-pgvape-14-595x579.png 595w, https:\/\/pgvape.com\/wp-content\/uploads\/2026\/04\/QQ-Bang-100K-Dual-Mesh-Disposable-Vape-With-100000-Puffs-And-Fast-Charging-pgvape-14-400x389.png 400w, https:\/\/pgvape.com\/wp-content\/uploads\/2026\/04\/QQ-Bang-100K-Dual-Mesh-Disposable-Vape-With-100000-Puffs-And-Fast-Charging-pgvape-14-768x748.png 768w, https:\/\/pgvape.com\/wp-content\/uploads\/2026\/04\/QQ-Bang-100K-Dual-Mesh-Disposable-Vape-With-100000-Puffs-And-Fast-Charging-pgvape-14-12x12.png 12w, https:\/\/pgvape.com\/wp-content\/uploads\/2026\/04\/QQ-Bang-100K-Dual-Mesh-Disposable-Vape-With-100000-Puffs-And-Fast-Charging-pgvape-14-600x584.png 600w\" sizes=\"auto, (max-width: 1500px) 100vw, 1500px\" \/><\/strong><\/p>\n<p>&nbsp;<\/p>\n<h2 data-start=\"0\" data-end=\"68\"><strong data-start=\"3\" data-end=\"68\">Preguntas frecuentes QQ Bang 100K Puffs Vape desechable<\/strong><\/h2>\n<p data-start=\"53\" data-end=\"205\"><strong data-start=\"53\" data-end=\"104\">\u2753 \u00bfCu\u00e1ntas caladas proporciona el QQ Bang 100K?<\/strong><br data-start=\"104\" data-end=\"107\" \/>\u2705 El dispositivo ofrece hasta <strong data-start=\"135\" data-end=\"152\">100.000 bocanadas<\/strong>, ofreciendo un rendimiento duradero para un uso prolongado.<\/p>\n<p data-start=\"207\" data-end=\"362\"><strong data-start=\"207\" data-end=\"251\">\u2753 \u00bfQu\u00e9 concentraciones de nicotina est\u00e1n disponibles?<\/strong><br data-start=\"251\" data-end=\"254\" \/>\u2705 Est\u00e1 disponible en <strong data-start=\"275\" data-end=\"310\">Opciones de nicotina 2%, 3% y 5%<\/strong>, permitiendo a los usuarios elegir su fuerza preferida.<\/p>\n<p data-start=\"364\" data-end=\"514\"><strong data-start=\"364\" data-end=\"400\">\u2753 \u00bfQu\u00e9 tipo de bobina utiliza?<\/strong><br data-start=\"400\" data-end=\"403\" \/>\u2705 Las caracter\u00edsticas del dispositivo <strong data-start=\"425\" data-end=\"444\">bobinas de malla dual<\/strong>, proporcionando un sabor m\u00e1s rico, un vapor m\u00e1s suave y un rendimiento constante.<\/p>\n<p data-start=\"516\" data-end=\"636\"><strong data-start=\"516\" data-end=\"550\">\u2753 \u00bfLa bater\u00eda es recargable?<\/strong><br data-start=\"550\" data-end=\"553\" \/>\u2705S\u00ed, viene con un <strong data-start=\"576\" data-end=\"607\">Bater\u00eda recargable de 650 mAh.<\/strong> para vapear confiablemente durante todo el d\u00eda.<\/p>\n<p data-start=\"638\" data-end=\"768\"><strong data-start=\"638\" data-end=\"681\">\u2753 \u00bfQu\u00e9 m\u00e9todo de carga admite?<\/strong><br data-start=\"681\" data-end=\"684\" \/>\u2705 Es compatible <strong data-start=\"698\" data-end=\"726\">Carga r\u00e1pida USB tipo C<\/strong>, permitiendo una recarga r\u00e1pida y eficiente.<\/p>\n<p data-start=\"770\" data-end=\"911\"><strong data-start=\"770\" data-end=\"807\">\u2753 \u00bfCuantos sabores hay disponibles?<\/strong><br data-start=\"807\" data-end=\"810\" \/>\u2705 El vaporizador est\u00e1 disponible en <strong data-start=\"837\" data-end=\"866\">12 opciones de sabores populares<\/strong>, brindando a los usuarios una amplia gama de opciones de gusto.<\/p>\n<p data-start=\"913\" data-end=\"1142\" data-is-last-node=\"\" data-is-only-node=\"\"><strong data-start=\"913\" data-end=\"952\">\u2753 \u00bfPor qu\u00e9 elegir el vaporizador QQ Bang 100K?<\/strong><br data-start=\"952\" data-end=\"955\" \/>\u2705 Combina <strong data-start=\"969\" data-end=\"1070\">100.000 inhalaciones, rendimiento de bobina de malla dual, conveniencia recargable y m\u00faltiples concentraciones de nicotina<\/strong>, lo que lo convierte en una excelente opci\u00f3n para los usuarios que buscan durabilidad y rico sabor.<\/p>\n<p>&nbsp;<\/p>\n<h3 id=\"brxe-najhln\" class=\"brxe-heading\">Preguntas frecuentes (FAQ)<\/h3>\n<div id=\"brxe-rajiac\" class=\"brxe-text\">\n<p><strong>P: \u00bfQu\u00e9 m\u00e9todos de pago aceptan?<\/strong><br \/>\nR: Aceptamos PayPal, Stripe, transferencias bancarias (compatibles con SEPA), las principales tarjetas de cr\u00e9dito (Visa, MasterCard, American Express) y pagos con criptomonedas.<\/p>\n<p><strong>P: \u00bfCu\u00e1nto tiempo lleva la preparaci\u00f3n del pedido?<\/strong><br \/>\nR: La preparaci\u00f3n del pedido demora entre 1 y 3 d\u00edas h\u00e1biles.<\/p>\n<p><strong>P: \u00bfCu\u00e1l es el tiempo de env\u00edo?<\/strong><br \/>\nR: El tiempo de env\u00edo es de 7 a 14 d\u00edas h\u00e1biles, dependiendo de su ubicaci\u00f3n. Los productos enviados desde almacenes europeos generalmente demoran de 3 a 6 d\u00edas h\u00e1biles en entregarse.<\/p>\n<p><strong>P: \u00bfC\u00f3mo puedo realizar un seguimiento de mi pedido?<\/strong><br \/>\nR: Despu\u00e9s del env\u00edo, recibir\u00e1 un correo electr\u00f3nico de confirmaci\u00f3n con un n\u00famero de seguimiento para realizar un seguimiento en tiempo real.<\/p>\n<p><strong>P: \u00bfCu\u00e1l es su pol\u00edtica de devoluci\u00f3n?<\/strong><br \/>\nR: Ofrecemos una pol\u00edtica de devoluci\u00f3n de 30 d\u00edas para reembolsos o cambios. .<\/p>\n<p><strong>P: \u00bfHabr\u00e1 alg\u00fan problema aduanero?<br \/>\n<\/strong>Nos encargamos de todos los procedimientos de despacho de aduanas para garantizarle una experiencia sin complicaciones. .<\/p>\n<p><strong>P: \u00bfQu\u00e9 m\u00e9todos de env\u00edo se utilizan?<\/strong><br \/>\nCooperamos con UPS\/DHL\/FEDEX\/DPD, etc. Elegiremos la opci\u00f3n de env\u00edo adecuada seg\u00fan el pa\u00eds de entrega para asegurarnos de que reciba sus productos lo m\u00e1s r\u00e1pido posible.<\/p>\n<p><a href=\"https:\/\/pgvape.com\/es\/preguntas-frecuentes\/\">Haga clic aqu\u00ed para m\u00e1s preguntas frecuentes<\/a><\/p>\n<p>Estimados clientes: Si tienen alguna pregunta sobre su pedido o la llegada de la mercanc\u00eda, comun\u00edquese con nuestro servicio de atenci\u00f3n al cliente. \u00a1Gracias!<\/p>\n<h3 data-sourcepos=\"73:1-73:21\"><strong data-sourcepos=\"73:7-73:21\">Cont\u00e1ctenos<\/strong><\/h3>\n<div id=\"text-2419739398\" class=\"text\">\n<p><strong data-sourcepos=\"75:3-75:12\">Correo electr\u00f3nico<\/strong>:\u00a0<a href=\"mailto:support@pgvape.com\"><strong>support@pgvape.com<\/strong><\/a><\/p>\n<p><strong data-sourcepos=\"76:3-76:15\">WhatsApp<\/strong>:\u00a0<a href=\"https:\/\/wa.me\/+8618128481258\"><strong>+86 18128481258<\/strong><\/a><br \/>\n<strong>(Respuesta dentro de las 24 horas en d\u00edas h\u00e1biles)<\/strong><\/p>\n<\/div>\n<h3><strong>\u00a1Gracias por elegir pgvape.com! .<\/strong><\/h3>\n<\/div>","protected":false},"excerpt":{"rendered":"<p data-start=\"0\" data-end=\"32\"><strong data-start=\"0\" data-end=\"32\">Vape desechable QQ Bang 100K <\/strong>Hasta 100.000 caladas con bobinas de malla doble para un sabor m\u00e1s rico y un vapor suave y consistente. Alimentado por una bater\u00eda recargable de 650 mAh con carga r\u00e1pida tipo C para un uso confiable durante todo el d\u00eda. Disponible en 12 sabores y m\u00faltiples concentraciones de nicotina para cada preferencia.<\/p>","protected":false},"featured_media":10167,"comment_status":"open","ping_status":"closed","template":"","meta":{"_seopress_robots_primary_cat":"none","_seopress_titles_title":"","_seopress_titles_desc":"","_seopress_robots_index":""},"product_brand":[36,516],"product_cat":[170,25,515],"product_tag":[395,90,243,652,651],"class_list":{"0":"post-10163","1":"product","2":"type-product","3":"status-publish","4":"has-post-thumbnail","6":"product_brand-bang-vape","7":"product_brand-disposable-vape","8":"product_cat-100k-puffs-vape","9":"product_cat-bang-vape","10":"product_cat-disposable-vape","11":"product_tag-100k-puffs-vape","12":"product_tag-disposable-vape","13":"product_tag-dual-mesh","14":"product_tag-fast-charging","15":"product_tag-qq-bang-100k","17":"first","18":"instock","19":"sale","20":"shipping-taxable","21":"purchasable","22":"product-type-variable"},"_links":{"self":[{"href":"https:\/\/pgvape.com\/es\/wp-json\/wp\/v2\/product\/10163","targetHints":{"allow":["GET"]}}],"collection":[{"href":"https:\/\/pgvape.com\/es\/wp-json\/wp\/v2\/product"}],"about":[{"href":"https:\/\/pgvape.com\/es\/wp-json\/wp\/v2\/types\/product"}],"replies":[{"embeddable":true,"href":"https:\/\/pgvape.com\/es\/wp-json\/wp\/v2\/comments?post=10163"}],"wp:featuredmedia":[{"embeddable":true,"href":"https:\/\/pgvape.com\/es\/wp-json\/wp\/v2\/media\/10167"}],"wp:attachment":[{"href":"https:\/\/pgvape.com\/es\/wp-json\/wp\/v2\/media?parent=10163"}],"wp:term":[{"taxonomy":"product_brand","embeddable":true,"href":"https:\/\/pgvape.com\/es\/wp-json\/wp\/v2\/product_brand?post=10163"},{"taxonomy":"product_cat","embeddable":true,"href":"https:\/\/pgvape.com\/es\/wp-json\/wp\/v2\/product_cat?post=10163"},{"taxonomy":"product_tag","embeddable":true,"href":"https:\/\/pgvape.com\/es\/wp-json\/wp\/v2\/product_tag?post=10163"}],"curies":[{"name":"wp","href":"https:\/\/api.w.org\/{rel}","templated":true}]}}