{"id":10129,"date":"2026-04-14T08:46:11","date_gmt":"2026-04-14T08:46:11","guid":{"rendered":"https:\/\/pgvape.com\/?post_type=product&#038;p=10129"},"modified":"2026-04-14T08:46:56","modified_gmt":"2026-04-14T08:46:56","slug":"airmez-fox-160k-8-en-1-vape-desechable-inteligente-con-160000-inhalaciones-tanques-cuadruples-de-60-ml-y-bobina-de-malla","status":"publish","type":"product","link":"https:\/\/pgvape.com\/es\/producto\/airmez-fox-160k-8-en-1-vape-desechable-inteligente-con-160000-inhalaciones-tanques-cuadruples-de-60-ml-y-bobina-de-malla\/","title":{"rendered":"Airmez FOX 160K 8 en 1 Vape desechable inteligente con 160000 inhalaciones, tanques cu\u00e1druples de 60 ml y bobina de malla"},"content":{"rendered":"<h2 data-start=\"0\" data-end=\"88\"><strong data-start=\"3\" data-end=\"88\">Airmez FOX 8 en 1 160K Vape desechable | Dispositivo avanzado de alta capacidad con tanques m\u00faltiples<\/strong><\/h2>\n<p data-start=\"90\" data-end=\"289\">El vaporizador desechable AIRMEZ FOX 8 IN 1 160K est\u00e1 dise\u00f1ado para una longevidad excepcional y un rendimiento estable, y ofrece hasta 160 000 inhalaciones con un dise\u00f1o avanzado de tanques m\u00faltiples.<\/p>\n<p data-start=\"291\" data-end=\"552\">Con cuatro tanques independientes de 15 ml con una capacidad total de 60 ml, ayuda a preservar la frescura del e-l\u00edquido y garantiza un sabor constante desde la primera calada hasta la \u00faltima. El avanzado sistema de bobina de malla proporciona un flujo de aire suave, un rico sabor y una producci\u00f3n de vapor denso.<\/p>\n<p data-start=\"554\" data-end=\"701\">Alimentado por una bater\u00eda recargable de 650 mAh con carga tipo C, este dispositivo ofrece una salida confiable y una recarga conveniente para un uso diario prolongado.<\/p>\n<p data-start=\"703\" data-end=\"812\" data-is-last-node=\"\" data-is-only-node=\"\">Una opci\u00f3n ideal para usuarios que buscan innovaci\u00f3n, rendimiento duradero y comodidad premium de m\u00faltiples sabores.<\/p>\n<p>&nbsp;<\/p>\n<h2 data-start=\"0\" data-end=\"88\"><\/h2>\n<h2 data-start=\"0\" data-end=\"88\"><strong data-start=\"3\" data-end=\"88\">Productos destacados del vaporizador desechable Airmez FOX 8 en 1 de 160\u00a0000 inhalaciones<\/strong><\/h2>\n<p data-start=\"59\" data-end=\"190\"><strong data-start=\"59\" data-end=\"82\">Hasta 160.000 inhalaciones<\/strong> \u2013 Dise\u00f1ado para un rendimiento ultra duradero con una salida estable durante toda la vida \u00fatil del dispositivo.<\/p>\n<p data-start=\"192\" data-end=\"340\"><strong data-start=\"192\" data-end=\"226\">Innovaci\u00f3n de sabores m\u00faltiples 8 en 1<\/strong> \u2013 El sistema de sabor avanzado ofrece m\u00faltiples experiencias de sabor en un solo dispositivo para mayor variedad y conveniencia.<\/p>\n<p data-start=\"342\" data-end=\"503\"><strong data-start=\"342\" data-end=\"378\">Capacidad de l\u00edquido electr\u00f3nico segmentado de 60 ml<\/strong> - Caracter\u00edsticas <strong data-start=\"390\" data-end=\"420\">15ml \u00d7 4 tanques independientes<\/strong> para preservar la frescura, reducir la oxidaci\u00f3n y mantener una calidad de sabor constante.<\/p>\n<p data-start=\"505\" data-end=\"644\"><strong data-start=\"505\" data-end=\"535\">Dise\u00f1o de c\u00e1mara independiente<\/strong> \u2013 Los dep\u00f3sitos separados garantizan un consumo de l\u00edquido equilibrado y un rendimiento fiable desde la primera hasta la \u00faltima calada.<\/p>\n<p data-start=\"646\" data-end=\"778\"><strong data-start=\"646\" data-end=\"679\">Tecnolog\u00eda avanzada de bobina de malla<\/strong> \u2013 El sistema de atomizaci\u00f3n de precisi\u00f3n proporciona un calentamiento uniforme, un sabor m\u00e1s rico y una producci\u00f3n de vapor denso.<\/p>\n<p data-start=\"780\" data-end=\"914\"><strong data-start=\"780\" data-end=\"816\">Salida de vapor suave y consistente<\/strong> \u2013 El flujo de aire optimizado y el control t\u00e9rmico mantienen aspiraciones satisfactorias sin p\u00e9rdida de rendimiento.<\/p>\n<p data-start=\"916\" data-end=\"1018\"><strong data-start=\"916\" data-end=\"947\">Bater\u00eda recargable de 650 mAh.<\/strong> \u2013 Sistema de gesti\u00f3n de energ\u00eda estable dise\u00f1ado para ciclos de uso prolongados.<\/p>\n<p data-start=\"1020\" data-end=\"1115\"><strong data-start=\"1020\" data-end=\"1044\">Carga r\u00e1pida tipo C<\/strong> \u2013 Recarga r\u00e1pida y c\u00f3moda para sesiones de vapeo ininterrumpidas.<\/p>\n<p data-start=\"1117\" data-end=\"1255\"><strong data-start=\"1117\" data-end=\"1152\">Estructura de ingenier\u00eda de precisi\u00f3n<\/strong> \u2013 Construido con microelectr\u00f3nica avanzada y dise\u00f1o termodin\u00e1mico eficiente para confiabilidad a largo plazo.<\/p>\n<p data-start=\"1257\" data-end=\"1374\" data-is-last-node=\"\" data-is-only-node=\"\"><strong data-start=\"1257\" data-end=\"1289\">Dise\u00f1o premium de alta capacidad<\/strong> \u2013 Combina tecnolog\u00eda de punta, durabilidad y est\u00e9tica moderna en un solo dispositivo.<\/p>\n<p>&nbsp;<\/p>\n<h2 data-start=\"0\" data-end=\"88\"><strong data-start=\"3\" data-end=\"88\">Airmez FOX 8 en 1 lista de sabores desechables de Vape de 160K inhalaciones<\/strong><\/h2>\n<p data-start=\"23\" data-end=\"91\"><strong data-start=\"23\" data-end=\"89\">1. Bingo Crush y Triple Mango y Bayas Mixtas y Helado de Sand\u00eda<\/strong><\/p>\n<p data-start=\"93\" data-end=\"162\"><strong data-start=\"93\" data-end=\"160\">2. Love66 y hielo de fresa, limonada Blue Razz y hielo de pi\u00f1a<\/strong><\/p>\n<p data-start=\"164\" data-end=\"225\"><strong data-start=\"164\" data-end=\"223\">3. Helado de sand\u00eda y Love66 y manzana doble y melocot\u00f3n con mango<\/strong><\/p>\n<p data-start=\"227\" data-end=\"298\"><strong data-start=\"227\" data-end=\"296\">4. Helado mixto de berris y ar\u00e1ndanos, frambuesa, sand\u00eda y hielo de cola<\/strong><\/p>\n<p data-start=\"300\" data-end=\"378\"><strong data-start=\"300\" data-end=\"376\">5. Mango, melocot\u00f3n, frutas tropicales, bayas, limonada y fresa y sand\u00eda<\/strong><\/p>\n<p data-start=\"380\" data-end=\"452\"><strong data-start=\"380\" data-end=\"450\">6. Hielo de cereza, fruta del drag\u00f3n de fresa, mango triple y razz azul<\/strong><\/p>\n<p data-start=\"454\" data-end=\"526\"><strong data-start=\"454\" data-end=\"524\">7. Dragon Fruit Ice &amp; Bingo Crush &amp; Love66 &amp; Pi\u00f1a Mango Melocot\u00f3n<\/strong><\/p>\n<p data-start=\"528\" data-end=\"597\"><strong data-start=\"528\" data-end=\"595\">8. Dr Blue &amp; Cherry Berry &amp; Fresa Sand\u00eda &amp; Melocot\u00f3n Berry<\/strong><\/p>\n<p data-start=\"599\" data-end=\"670\"><strong data-start=\"599\" data-end=\"668\">9. Helado de melocot\u00f3n y frutos rojos mixtos y mel\u00f3n, maracuy\u00e1 y mango triple<\/strong><\/p>\n<p data-start=\"672\" data-end=\"747\" data-is-last-node=\"\" data-is-only-node=\"\"><strong data-start=\"672\" data-end=\"747\" data-is-last-node=\"\">10. Helado de mango y cola gaseosa de cereza y fresa, frambuesa y bayas mixtas<img loading=\"lazy\" decoding=\"async\" class=\"alignnone wp-image-10133 size-full\" src=\"https:\/\/pgvape.com\/wp-content\/uploads\/2026\/04\/AIRMEZ-FOX-160K-8-In-1-Smart-Disposable-Vape-With-160000-Puffs-60ml-Quad-Tanks-And-Mesh-Coil-pgvape-2.png\" alt=\"Dos filas de coloridas botellas de vaporizador Airmez 8 en 1, cada una con una ilustraci\u00f3n de un animal diferente en la etiqueta con una tapa en colores pastel a juego.\" width=\"1500\" height=\"926\" srcset=\"https:\/\/pgvape.com\/wp-content\/uploads\/2026\/04\/AIRMEZ-FOX-160K-8-In-1-Smart-Disposable-Vape-With-160000-Puffs-60ml-Quad-Tanks-And-Mesh-Coil-pgvape-2.png 1500w, https:\/\/pgvape.com\/wp-content\/uploads\/2026\/04\/AIRMEZ-FOX-160K-8-In-1-Smart-Disposable-Vape-With-160000-Puffs-60ml-Quad-Tanks-And-Mesh-Coil-pgvape-2-555x343.png 555w, https:\/\/pgvape.com\/wp-content\/uploads\/2026\/04\/AIRMEZ-FOX-160K-8-In-1-Smart-Disposable-Vape-With-160000-Puffs-60ml-Quad-Tanks-And-Mesh-Coil-pgvape-2-595x367.png 595w, https:\/\/pgvape.com\/wp-content\/uploads\/2026\/04\/AIRMEZ-FOX-160K-8-In-1-Smart-Disposable-Vape-With-160000-Puffs-60ml-Quad-Tanks-And-Mesh-Coil-pgvape-2-400x247.png 400w, https:\/\/pgvape.com\/wp-content\/uploads\/2026\/04\/AIRMEZ-FOX-160K-8-In-1-Smart-Disposable-Vape-With-160000-Puffs-60ml-Quad-Tanks-And-Mesh-Coil-pgvape-2-768x474.png 768w, https:\/\/pgvape.com\/wp-content\/uploads\/2026\/04\/AIRMEZ-FOX-160K-8-In-1-Smart-Disposable-Vape-With-160000-Puffs-60ml-Quad-Tanks-And-Mesh-Coil-pgvape-2-18x12.png 18w, https:\/\/pgvape.com\/wp-content\/uploads\/2026\/04\/AIRMEZ-FOX-160K-8-In-1-Smart-Disposable-Vape-With-160000-Puffs-60ml-Quad-Tanks-And-Mesh-Coil-pgvape-2-600x370.png 600w\" sizes=\"auto, (max-width: 1500px) 100vw, 1500px\" \/><\/strong><\/p>\n<p>&nbsp;<\/p>\n<h2 data-start=\"0\" data-end=\"88\"><strong data-start=\"3\" data-end=\"88\">V\u00eddeo de vaporizador desechable Airmez FOX 8 en 1 de 160.000 inhalaciones<\/strong><\/h2>\n<p><iframe loading=\"lazy\" title=\"AIRMEZ FOX 160K 8 en 1 Vape desechable inteligente con 160000 inhalaciones, tanques cu\u00e1druples de 60 ml y bobina de malla\" width=\"1020\" height=\"574\" src=\"https:\/\/www.youtube.com\/embed\/8v9vW-z5h6Y?feature=oembed\" frameborder=\"0\" allow=\"accelerometer; autoplay; clipboard-write; encrypted-media; gyroscope; picture-in-picture; web-share\" referrerpolicy=\"strict-origin-when-cross-origin\" allowfullscreen><\/iframe><\/p>\n<p>&nbsp;<\/p>\n<h2 data-start=\"0\" data-end=\"88\"><strong data-start=\"3\" data-end=\"88\">Preguntas frecuentes Airmez FOX 8 en 1 160K Puffs Vape desechable<\/strong><\/h2>\n<p data-start=\"63\" data-end=\"216\"><strong data-start=\"63\" data-end=\"119\">\u2753 \u00bfCu\u00e1ntas caladas proporciona el Airmez Fox 8 en 1?<\/strong><br data-start=\"119\" data-end=\"122\" \/>\u2705 El dispositivo ofrece hasta <strong data-start=\"150\" data-end=\"167\">160.000 bocanadas<\/strong>, que ofrece un rendimiento de vapeo ultra duradero.<\/p>\n<p data-start=\"218\" data-end=\"387\"><strong data-start=\"218\" data-end=\"254\">\u2753 \u00bfCu\u00e1l es la capacidad del e-l\u00edquido?<\/strong><br data-start=\"254\" data-end=\"257\" \/>\u2705 Cuenta con un total de <strong data-start=\"282\" data-end=\"299\">Presentando<\/strong>, dividido en <strong data-start=\"314\" data-end=\"342\">4 tanques independientes de 15 ml<\/strong> para un mejor sabor, frescura y consistencia.<\/p>\n<p data-start=\"389\" data-end=\"526\"><strong data-start=\"389\" data-end=\"425\">\u2753 \u00bfQu\u00e9 tipo de bobina utiliza?<\/strong><br data-start=\"425\" data-end=\"428\" \/>\u2705 El dispositivo utiliza un <strong data-start=\"449\" data-end=\"471\">bobina de malla avanzada<\/strong>, proporcionando un calentamiento uniforme, un vapor denso y un rico sabor.<\/p>\n<p data-start=\"528\" data-end=\"647\"><strong data-start=\"528\" data-end=\"562\">\u2753 \u00bfLa bater\u00eda es recargable?<\/strong><br data-start=\"562\" data-end=\"565\" \/>\u2705S\u00ed, viene con un <strong data-start=\"588\" data-end=\"619\">Bater\u00eda recargable de 650 mAh.<\/strong> para un uso confiable a largo plazo.<\/p>\n<p data-start=\"649\" data-end=\"770\"><strong data-start=\"649\" data-end=\"692\">\u2753 \u00bfQu\u00e9 m\u00e9todo de carga admite?<\/strong><br data-start=\"692\" data-end=\"695\" \/>\u2705 Es compatible <strong data-start=\"709\" data-end=\"733\">Carga r\u00e1pida tipo C<\/strong> para una recarga r\u00e1pida y c\u00f3moda.<\/p>\n<p data-start=\"772\" data-end=\"1011\" data-is-last-node=\"\" data-is-only-node=\"\"><strong data-start=\"772\" data-end=\"811\">\u2753 \u00bfPor qu\u00e9 elegir el Airmez Fox 8 en 1?<\/strong><br data-start=\"811\" data-end=\"814\" \/>\u2705 Combina <strong data-start=\"828\" data-end=\"922\">160.000 inhalaciones, tecnolog\u00eda de tanque segmentado, rendimiento de bobina de malla y conveniencia recargable<\/strong>, lo que la convierte en una excelente opci\u00f3n para los usuarios que desean durabilidad y una calidad de sabor superior.<\/p>\n<p>&nbsp;<\/p>\n<h3 id=\"brxe-najhln\" class=\"brxe-heading\">Preguntas frecuentes (FAQ)<\/h3>\n<div id=\"brxe-rajiac\" class=\"brxe-text\">\n<p><strong>P: \u00bfQu\u00e9 m\u00e9todos de pago aceptan?<\/strong><br \/>\nR: Aceptamos PayPal, Stripe, transferencias bancarias (compatibles con SEPA), las principales tarjetas de cr\u00e9dito (Visa, MasterCard, American Express) y pagos con criptomonedas.<\/p>\n<p><strong>P: \u00bfCu\u00e1nto tiempo lleva la preparaci\u00f3n del pedido?<\/strong><br \/>\nR: La preparaci\u00f3n del pedido demora entre 1 y 3 d\u00edas h\u00e1biles.<\/p>\n<p><strong>P: \u00bfCu\u00e1l es el tiempo de env\u00edo?<\/strong><br \/>\nR: El tiempo de env\u00edo es de 7 a 14 d\u00edas h\u00e1biles, dependiendo de su ubicaci\u00f3n. Los productos enviados desde almacenes europeos generalmente demoran de 3 a 6 d\u00edas h\u00e1biles en entregarse.<\/p>\n<p><strong>P: \u00bfC\u00f3mo puedo realizar un seguimiento de mi pedido?<\/strong><br \/>\nR: Despu\u00e9s del env\u00edo, recibir\u00e1 un correo electr\u00f3nico de confirmaci\u00f3n con un n\u00famero de seguimiento para realizar un seguimiento en tiempo real.<\/p>\n<p><strong>P: \u00bfCu\u00e1l es su pol\u00edtica de devoluci\u00f3n?<\/strong><br \/>\nR: Ofrecemos una pol\u00edtica de devoluci\u00f3n de 30 d\u00edas para reembolsos o cambios. .<\/p>\n<p><strong>P: \u00bfHabr\u00e1 alg\u00fan problema aduanero?<br \/>\n<\/strong>Nos encargamos de todos los procedimientos de despacho de aduanas para garantizarle una experiencia sin complicaciones. .<\/p>\n<p><strong>P: \u00bfQu\u00e9 m\u00e9todos de env\u00edo se utilizan?<\/strong><br \/>\nCooperamos con UPS\/DHL\/FEDEX\/DPD, etc. Elegiremos la opci\u00f3n de env\u00edo adecuada seg\u00fan el pa\u00eds de entrega para asegurarnos de que reciba sus productos lo m\u00e1s r\u00e1pido posible.<\/p>\n<p><a href=\"https:\/\/pgvape.com\/es\/preguntas-frecuentes\/\">Haga clic aqu\u00ed para m\u00e1s preguntas frecuentes<\/a><\/p>\n<p>Estimados clientes: Si tienen alguna pregunta sobre su pedido o la llegada de la mercanc\u00eda, comun\u00edquese con nuestro servicio de atenci\u00f3n al cliente. \u00a1Gracias!<\/p>\n<h3 data-sourcepos=\"73:1-73:21\"><strong data-sourcepos=\"73:7-73:21\">Cont\u00e1ctenos<\/strong><\/h3>\n<div id=\"text-2419739398\" class=\"text\">\n<p><strong data-sourcepos=\"75:3-75:12\">Correo electr\u00f3nico<\/strong>:\u00a0<a href=\"mailto:support@pgvape.com\"><strong>support@pgvape.com<\/strong><\/a><\/p>\n<p><strong data-sourcepos=\"76:3-76:15\">WhatsApp<\/strong>:\u00a0<a href=\"https:\/\/wa.me\/+8618128481258\"><strong>+86 18128481258<\/strong><\/a><br \/>\n<strong>(Respuesta dentro de las 24 horas en d\u00edas h\u00e1biles)<\/strong><\/p>\n<\/div>\n<h3><strong>\u00a1Gracias por elegir pgvape.com! .<\/strong><\/h3>\n<\/div>","protected":false},"excerpt":{"rendered":"<p data-start=\"0\" data-end=\"42\"><strong data-start=\"0\" data-end=\"42\">Vaporizador desechable AIRMEZ FOX 8 en 1 160K <\/strong>Hasta 160.000 caladas con un dise\u00f1o avanzado 8 en 1 dise\u00f1ado para un rendimiento duradero. Cuenta con 4 tanques independientes de 15 ml (60 ml en total) para preservar la frescura del sabor, una bobina de malla avanzada para un vapor suave y denso y una bater\u00eda recargable de 650 mAh con carga r\u00e1pida tipo C para un uso confiable durante todo el d\u00eda.<\/p>","protected":false},"featured_media":10134,"comment_status":"open","ping_status":"closed","template":"","meta":{"_seopress_robots_primary_cat":"none","_seopress_titles_title":"","_seopress_titles_desc":"","_seopress_robots_index":""},"product_brand":[154,516],"product_cat":[595,155,515],"product_tag":[597,649,647,646,90,631,650,648],"class_list":{"0":"post-10129","1":"product","2":"type-product","3":"status-publish","4":"has-post-thumbnail","6":"product_brand-airmez-fox-vape","7":"product_brand-disposable-vape","8":"product_cat-160k-puffs-vape","9":"product_cat-airmez-fox-vape","10":"product_cat-disposable-vape","11":"product_tag-160k-puffs-vape","12":"product_tag-60ml","13":"product_tag-8-in-1","14":"product_tag-airmez-fox-160k","15":"product_tag-disposable-vape","16":"product_tag-mesh-coil","17":"product_tag-quad-tanks","18":"product_tag-smart","20":"first","21":"instock","22":"sale","23":"shipping-taxable","24":"purchasable","25":"product-type-variable"},"_links":{"self":[{"href":"https:\/\/pgvape.com\/es\/wp-json\/wp\/v2\/product\/10129","targetHints":{"allow":["GET"]}}],"collection":[{"href":"https:\/\/pgvape.com\/es\/wp-json\/wp\/v2\/product"}],"about":[{"href":"https:\/\/pgvape.com\/es\/wp-json\/wp\/v2\/types\/product"}],"replies":[{"embeddable":true,"href":"https:\/\/pgvape.com\/es\/wp-json\/wp\/v2\/comments?post=10129"}],"wp:featuredmedia":[{"embeddable":true,"href":"https:\/\/pgvape.com\/es\/wp-json\/wp\/v2\/media\/10134"}],"wp:attachment":[{"href":"https:\/\/pgvape.com\/es\/wp-json\/wp\/v2\/media?parent=10129"}],"wp:term":[{"taxonomy":"product_brand","embeddable":true,"href":"https:\/\/pgvape.com\/es\/wp-json\/wp\/v2\/product_brand?post=10129"},{"taxonomy":"product_cat","embeddable":true,"href":"https:\/\/pgvape.com\/es\/wp-json\/wp\/v2\/product_cat?post=10129"},{"taxonomy":"product_tag","embeddable":true,"href":"https:\/\/pgvape.com\/es\/wp-json\/wp\/v2\/product_tag?post=10129"}],"curies":[{"name":"wp","href":"https:\/\/api.w.org\/{rel}","templated":true}]}}