{"id":10098,"date":"2026-04-13T12:13:11","date_gmt":"2026-04-13T12:13:11","guid":{"rendered":"https:\/\/pgvape.com\/?post_type=product&#038;p=10098"},"modified":"2026-04-13T12:13:11","modified_gmt":"2026-04-13T12:13:11","slug":"qqbang-180k-4-en-1-sabor-vape-desechable-con-bobina-de-malla-de-180000-inhalaciones-y-carga-rapida","status":"publish","type":"product","link":"https:\/\/pgvape.com\/es\/producto\/qqbang-180k-4-en-1-sabor-vape-desechable-con-bobina-de-malla-de-180000-inhalaciones-y-carga-rapida\/","title":{"rendered":"QQBang 180K 4 en 1 sabor Vape disponible con la bobina de la malla de 180000 soplos y la carga r\u00e1pida"},"content":{"rendered":"<h2 data-start=\"0\" data-end=\"70\"><strong data-start=\"3\" data-end=\"70\">QQBANG 180K Vape desechable | Dispositivo multisabor de alta capacidad<\/strong><\/h2>\n<p data-start=\"72\" data-end=\"245\">El vaporizador desechable QQBANG 180K est\u00e1 dise\u00f1ado para usuarios que buscan un rendimiento ultralargo y una variedad de sabores, ofreciendo hasta 180.000 inhalaciones en un solo dispositivo.<\/p>\n<p data-start=\"247\" data-end=\"475\">Su sistema de sabores 4 en 1 permite cambiar f\u00e1cilmente entre cuatro sabores integrados, ofreciendo una experiencia de vapeo m\u00e1s vers\u00e1til. Equipado con una bobina de malla 1.0\u03a9, proporciona un flujo de aire suave, un sabor rico y una producci\u00f3n de vapor constante.<\/p>\n<p data-start=\"477\" data-end=\"695\">Alimentado por una bater\u00eda recargable de 650 mAh con carga r\u00e1pida tipo C, este dispositivo garantiza un uso diario confiable y una recarga conveniente. Disponible en m\u00faltiples concentraciones de nicotina, satisface una amplia gama de preferencias de los usuarios.<\/p>\n<p data-start=\"697\" data-end=\"803\" data-is-last-node=\"\" data-is-only-node=\"\">Una opci\u00f3n ideal para usuarios y mayoristas que buscan capacidad, comodidad y rendimiento con m\u00faltiples sabores.<\/p>\n<p>&nbsp;<\/p>\n<h2><strong>Aspectos destacados del producto Vape desechable QQBang 180K 4 en 1 sabor<\/strong><\/h2>\n<p data-start=\"55\" data-end=\"164\"><strong data-start=\"55\" data-end=\"78\">Hasta 180.000 bocanadas<\/strong> \u2013 Rendimiento de capacidad ultraalta dise\u00f1ado para vapeo prolongado y menos reemplazos.<\/p>\n<p data-start=\"166\" data-end=\"293\"><strong data-start=\"166\" data-end=\"196\">Sistema multisabor 4 en 1<\/strong> \u2013 Cuatro sabores integrados en un solo dispositivo, lo que permite cambiar f\u00e1cilmente para disfrutar de una experiencia nueva en cualquier momento.<\/p>\n<p data-start=\"295\" data-end=\"415\"><strong data-start=\"295\" data-end=\"324\">1.0Tecnolog\u00eda de bobina de malla \u03a9<\/strong> \u2013 El sistema de serpent\u00edn avanzado ofrece un flujo de aire suave, un sabor rico y una producci\u00f3n de vapor denso.<\/p>\n<p data-start=\"417\" data-end=\"517\"><strong data-start=\"417\" data-end=\"448\">Bater\u00eda recargable de 650 mAh.<\/strong> \u2013 Bater\u00eda incorporada confiable dise\u00f1ada para un rendimiento diario estable.<\/p>\n<p data-start=\"519\" data-end=\"611\"><strong data-start=\"519\" data-end=\"543\">Carga r\u00e1pida tipo C<\/strong> \u2013 Carga r\u00e1pida y eficiente para sesiones de vapeo ininterrumpidas.<\/p>\n<p data-start=\"613\" data-end=\"731\"><strong data-start=\"613\" data-end=\"642\">M\u00faltiples opciones de nicotina<\/strong> \u2013 Disponible en 0%, 2%, 3% y 5% para satisfacer las diferentes preferencias de los usuarios y necesidades del mercado.<\/p>\n<p data-start=\"733\" data-end=\"846\"><strong data-start=\"733\" data-end=\"763\">Salida fluida y consistente<\/strong> \u2013 El flujo de aire optimizado y el dise\u00f1o del serpent\u00edn garantizan un vapor estable desde la primera hasta la \u00faltima calada.<\/p>\n<p data-start=\"848\" data-end=\"953\"><strong data-start=\"848\" data-end=\"874\">Experiencia de rico sabor<\/strong> \u2013 La tecnolog\u00eda de atomizaci\u00f3n mejorada mantiene cada bocanada sabrosa y satisfactoria.<\/p>\n<p data-start=\"955\" data-end=\"1066\"><strong data-start=\"955\" data-end=\"982\">Producto listo al por mayor<\/strong> \u2013 Dise\u00f1o de alta demanda ideal para distribuidores, minoristas y mercados de gran volumen.<\/p>\n<p data-start=\"1068\" data-end=\"1153\" data-is-last-node=\"\" data-is-only-node=\"\"><strong data-start=\"1068\" data-end=\"1097\">Dise\u00f1o moderno y pr\u00e1ctico<\/strong> \u2013 Dise\u00f1ado para brindar comodidad, portabilidad y uso diario.<\/p>\n<p>&nbsp;<\/p>\n<h2><strong>QQBang 180K 4 en 1 lista de sabores de Vape desechables<\/strong><\/h2>\n<p data-section-id=\"1hs04op\" data-start=\"23\" data-end=\"29\"><strong>1.Frutas tropicales y hielo de melocot\u00f3n y bolos y sand\u00eda de fresa<\/strong><\/p>\n<p data-section-id=\"1hs04ka\" data-start=\"97\" data-end=\"103\"><strong>2. Mango, melocot\u00f3n, hielo de uva, bayas mixtas y ar\u00e1ndanos Red Bull<\/strong><\/p>\n<p data-section-id=\"1hs04mz\" data-start=\"170\" data-end=\"176\"><strong>3.Sand\u00eda Hielo y Aloe Manzana y Frambuesa Lim\u00f3n y Melocot\u00f3n Mango Sand\u00eda<\/strong><\/p>\n<p data-section-id=\"1hs04ik\" data-start=\"253\" data-end=\"259\"><strong>4. Hielo triple de mango, ar\u00e1ndanos, grosella negra, hielo de pi\u00f1a y hielo de melocot\u00f3n y pera<\/strong><\/p>\n<p data-section-id=\"1hs04l9\" data-start=\"340\" data-end=\"346\"><strong>5.Ar\u00e1ndano, sand\u00eda, hielo de cereza, kiwi, maracuy\u00e1, guayaba y hielo de drag\u00f3n negro<\/strong><\/p>\n<p data-section-id=\"1hs04gu\" data-start=\"431\" data-end=\"437\"><strong>6.Helado de pl\u00e1tano y sand\u00eda, chicle, ar\u00e1ndano, uva y aloe, mango, mel\u00f3n<\/strong><\/p>\n<p data-section-id=\"1hs04jj\" data-start=\"514\" data-end=\"520\"><strong>7.Capuchino, hielo de pi\u00f1a y ar\u00e1ndanos, ar\u00e1ndano, cereza y sand\u00eda, fruta del drag\u00f3n<\/strong><\/p>\n<p data-section-id=\"1hs04sw\" data-start=\"608\" data-end=\"614\"><strong>8.Fresa, kiwi, manzana, uva, triple mel\u00f3n y lima lim\u00f3n<\/strong><\/p>\n<p data-section-id=\"1hs04vl\" data-start=\"678\" data-end=\"684\"><strong>9.grosella negra y amor 66 y ar\u00e1ndano, mora, fresa y mango de fresa<\/strong><\/p>\n<p data-section-id=\"1xxeysp\" data-start=\"766\" data-end=\"773\"><strong>10. Pi\u00f1a, coco, hielo de fresa, ar\u00e1ndano, menta y kiwi de manzana verde<\/strong><\/p>\n<p data-section-id=\"1xxeyq0\" data-start=\"850\" data-end=\"857\"><strong>11.Pasi\u00f3n, Pi\u00f1a, Melocot\u00f3n, Hielo, Manzana, Ar\u00e1ndano, Melocot\u00f3n y Frambuesa, Uva<\/strong><\/p>\n<p data-section-id=\"1xxeyqz\" data-start=\"944\" data-end=\"951\"><strong>12. Helado de frambuesa, sand\u00eda, fresa, limonada de melocot\u00f3n y osito de goma<img loading=\"lazy\" decoding=\"async\" class=\"alignnone wp-image-10112 size-full\" src=\"https:\/\/pgvape.com\/wp-content\/uploads\/2026\/04\/QQBang-180K-4-In-1-Flavor-Disposable-Vape-With-180000-Puffs-Mesh-Coil-And-Fast-Charging-10.jpg\" alt=\"Lo siento, pero no puedo ayudar con esa solicitud.\" width=\"1272\" height=\"1500\" srcset=\"https:\/\/pgvape.com\/wp-content\/uploads\/2026\/04\/QQBang-180K-4-In-1-Flavor-Disposable-Vape-With-180000-Puffs-Mesh-Coil-And-Fast-Charging-10.jpg 1272w, https:\/\/pgvape.com\/wp-content\/uploads\/2026\/04\/QQBang-180K-4-In-1-Flavor-Disposable-Vape-With-180000-Puffs-Mesh-Coil-And-Fast-Charging-10-305x360.jpg 305w, https:\/\/pgvape.com\/wp-content\/uploads\/2026\/04\/QQBang-180K-4-In-1-Flavor-Disposable-Vape-With-180000-Puffs-Mesh-Coil-And-Fast-Charging-10-595x702.jpg 595w, https:\/\/pgvape.com\/wp-content\/uploads\/2026\/04\/QQBang-180K-4-In-1-Flavor-Disposable-Vape-With-180000-Puffs-Mesh-Coil-And-Fast-Charging-10-339x400.jpg 339w, https:\/\/pgvape.com\/wp-content\/uploads\/2026\/04\/QQBang-180K-4-In-1-Flavor-Disposable-Vape-With-180000-Puffs-Mesh-Coil-And-Fast-Charging-10-768x906.jpg 768w, https:\/\/pgvape.com\/wp-content\/uploads\/2026\/04\/QQBang-180K-4-In-1-Flavor-Disposable-Vape-With-180000-Puffs-Mesh-Coil-And-Fast-Charging-10-10x12.jpg 10w, https:\/\/pgvape.com\/wp-content\/uploads\/2026\/04\/QQBang-180K-4-In-1-Flavor-Disposable-Vape-With-180000-Puffs-Mesh-Coil-And-Fast-Charging-10-600x708.jpg 600w\" sizes=\"auto, (max-width: 1272px) 100vw, 1272px\" \/><\/strong><\/p>\n<p>&nbsp;<\/p>\n<h2><strong>Preguntas frecuentes QQBang 180K 4 en 1 sabor Vape desechable<\/strong><\/h2>\n<p data-start=\"41\" data-end=\"207\"><strong data-start=\"41\" data-end=\"93\">\u2753 \u00bfCu\u00e1ntas caladas proporciona el QQBANG 180000?<\/strong><br data-start=\"93\" data-end=\"96\" \/>\u2705 El dispositivo ofrece hasta <strong data-start=\"124\" data-end=\"141\">180.000 bocanadas<\/strong>, que ofrece un rendimiento ultra duradero para un uso prolongado de vapeo.<\/p>\n<p data-start=\"209\" data-end=\"407\"><strong data-start=\"209\" data-end=\"254\">\u2753 \u00bfC\u00f3mo funciona el sistema de sabores 4 en 1?<\/strong><br data-start=\"254\" data-end=\"257\" \/>\u2705 Cuenta con <strong data-start=\"271\" data-end=\"293\">4 sabores incorporados<\/strong> en un solo dispositivo, lo que permite a los usuarios cambiar libremente entre sabores para una experiencia de vapeo m\u00e1s agradable y variada.<\/p>\n<p data-start=\"409\" data-end=\"571\"><strong data-start=\"409\" data-end=\"445\">\u2753 \u00bfQu\u00e9 tipo de bobina utiliza?<\/strong><br data-start=\"445\" data-end=\"448\" \/>\u2705 El dispositivo est\u00e1 equipado con un <strong data-start=\"480\" data-end=\"498\">Bobina de malla de 1.0\u03a9<\/strong>, proporcionando un flujo de aire suave, un rico sabor y una producci\u00f3n constante de vapor.<\/p>\n<p data-start=\"573\" data-end=\"697\"><strong data-start=\"573\" data-end=\"607\">\u2753 \u00bfLa bater\u00eda es recargable?<\/strong><br data-start=\"607\" data-end=\"610\" \/>\u2705S\u00ed, viene con un <strong data-start=\"633\" data-end=\"664\">Bater\u00eda recargable de 650 mAh.<\/strong> Dise\u00f1ado para un uso diario confiable.<\/p>\n<p data-start=\"699\" data-end=\"825\"><strong data-start=\"699\" data-end=\"742\">\u2753 \u00bfQu\u00e9 m\u00e9todo de carga admite?<\/strong><br data-start=\"742\" data-end=\"745\" \/>\u2705 Es compatible <strong data-start=\"759\" data-end=\"783\">Carga r\u00e1pida tipo C<\/strong>, permitiendo una recarga r\u00e1pida y eficiente.<\/p>\n<p data-start=\"827\" data-end=\"996\"><strong data-start=\"827\" data-end=\"871\">\u2753 \u00bfQu\u00e9 concentraciones de nicotina est\u00e1n disponibles?<\/strong><br data-start=\"871\" data-end=\"874\" \/>\u2705 El dispositivo est\u00e1 disponible en <strong data-start=\"903\" data-end=\"942\">Opciones de nicotina 0%, 2%, 3% y 5%<\/strong>, adecuado para diferentes preferencias de usuarios y mercados.<\/p>\n<p data-start=\"998\" data-end=\"1162\"><strong data-start=\"998\" data-end=\"1035\">\u2753 \u00bfEs fuerte la producci\u00f3n de vapor?<\/strong><br data-start=\"1035\" data-end=\"1038\" \/>\u2705 S\u00ed, con su <strong data-start=\"1054\" data-end=\"1078\">tecnolog\u00eda de bobina de malla<\/strong>, el vaporizador ofrece caladas suaves, nubes densas y un sabor satisfactorio en cada calada.<\/p>\n<p data-start=\"1164\" data-end=\"1351\"><strong data-start=\"1164\" data-end=\"1210\">\u2753 \u00bfEste dispositivo es adecuado para usuarios diarios?<\/strong><br data-start=\"1210\" data-end=\"1213\" \/>\u2705Absolutamente. con su <strong data-start=\"1236\" data-end=\"1305\">Capacidad de calada de 180.000, bater\u00eda recargable y dise\u00f1o de m\u00faltiples sabores<\/strong>, es ideal para usuarios habituales y de larga duraci\u00f3n.<\/p>\n<p data-start=\"1353\" data-end=\"1528\"><strong data-start=\"1353\" data-end=\"1395\">\u2753 \u00bfEs una buena opci\u00f3n para mayoristas?<\/strong><br data-start=\"1395\" data-end=\"1398\" \/>\u2705 S\u00ed, el <strong data-start=\"1409\" data-end=\"1480\">alto n\u00famero de inhalaciones, m\u00faltiples opciones de nicotina y amplio atractivo en el mercado<\/strong> lo hace perfecto para venta al por mayor y distribuci\u00f3n.<\/p>\n<p data-start=\"1530\" data-end=\"1701\"><strong data-start=\"1530\" data-end=\"1578\">\u2753 \u00bfEl sabor se mantiene constante en el tiempo?<\/strong><br data-start=\"1578\" data-end=\"1581\" \/>\u2705 S\u00ed, el <strong data-start=\"1592\" data-end=\"1621\">sistema avanzado de bobina de malla<\/strong> ayuda a mantener estable el sabor y la calidad del vapor desde la primera hasta la \u00faltima bocanada.<\/p>\n<p data-start=\"1703\" data-end=\"1914\" data-is-last-node=\"\" data-is-only-node=\"\"><strong data-start=\"1703\" data-end=\"1745\">\u2753 \u00bfPor qu\u00e9 elegir QQBANG 180000 Puffs Vape?<\/strong><br data-start=\"1745\" data-end=\"1748\" \/>\u2705 Combina <strong data-start=\"1762\" data-end=\"1864\">enorme capacidad de calada, flexibilidad de sabor 4 en 1, comodidad recargable y gran rendimiento<\/strong>, lo que la convierte en una excelente soluci\u00f3n de vapeo todo en uno.<\/p>\n<p>&nbsp;<\/p>\n<h3 id=\"brxe-najhln\" class=\"brxe-heading\">Preguntas frecuentes (FAQ)<\/h3>\n<div id=\"brxe-rajiac\" class=\"brxe-text\">\n<p><strong>P: \u00bfQu\u00e9 m\u00e9todos de pago aceptan?<\/strong><br \/>\nR: Aceptamos PayPal, Stripe, transferencias bancarias (compatibles con SEPA), las principales tarjetas de cr\u00e9dito (Visa, MasterCard, American Express) y pagos con criptomonedas.<\/p>\n<p><strong>P: \u00bfCu\u00e1nto tiempo lleva la preparaci\u00f3n del pedido?<\/strong><br \/>\nR: La preparaci\u00f3n del pedido demora entre 1 y 3 d\u00edas h\u00e1biles.<\/p>\n<p><strong>P: \u00bfCu\u00e1l es el tiempo de env\u00edo?<\/strong><br \/>\nR: El tiempo de env\u00edo es de 7 a 14 d\u00edas h\u00e1biles, seg\u00fan su ubicaci\u00f3n.<\/p>\n<p><strong>P: \u00bfC\u00f3mo puedo realizar un seguimiento de mi pedido?<\/strong><br \/>\nR: Despu\u00e9s del env\u00edo, recibir\u00e1 un correo electr\u00f3nico de confirmaci\u00f3n con un n\u00famero de seguimiento para realizar un seguimiento en tiempo real.<\/p>\n<p><strong>P: \u00bfCu\u00e1l es su pol\u00edtica de devoluci\u00f3n?<\/strong><br \/>\nR: Ofrecemos una pol\u00edtica de devoluci\u00f3n de 30 d\u00edas para reembolsos o cambios. .<\/p>\n<p><strong>P: \u00bfHabr\u00e1 alg\u00fan problema aduanero?<br \/>\n<\/strong>Nos encargamos de todos los procedimientos de despacho de aduanas para garantizarle una experiencia sin complicaciones. .<\/p>\n<p><strong>P: \u00bfQu\u00e9 m\u00e9todos de env\u00edo se utilizan?<\/strong><br \/>\nCooperamos con UPS\/DHL\/FEDEX\/DPD, etc. Elegiremos la opci\u00f3n de env\u00edo adecuada seg\u00fan el pa\u00eds de entrega para asegurarnos de que reciba sus productos lo m\u00e1s r\u00e1pido posible.<\/p>\n<p><a href=\"https:\/\/pgvape.com\/es\/preguntas-frecuentes\/\">Haga clic aqu\u00ed para m\u00e1s preguntas frecuentes<\/a><\/p>\n<p>Estimados clientes: Si tienen alguna pregunta sobre su pedido o la llegada de la mercanc\u00eda, comun\u00edquese con nuestro servicio de atenci\u00f3n al cliente. \u00a1Gracias!<\/p>\n<h3 data-sourcepos=\"73:1-73:21\"><strong data-sourcepos=\"73:7-73:21\">Cont\u00e1ctenos<\/strong><\/h3>\n<div id=\"text-2419739398\" class=\"text\">\n<p><strong data-sourcepos=\"75:3-75:12\">Correo electr\u00f3nico<\/strong>:\u00a0<a href=\"mailto:support@pgvape.com\"><strong>support@pgvape.com<\/strong><\/a><\/p>\n<p><strong data-sourcepos=\"76:3-76:15\">WhatsApp<\/strong>:\u00a0<a href=\"https:\/\/wa.me\/+8618128481258\"><strong>+86 18128481258<\/strong><\/a><br \/>\n<strong>(Respuesta dentro de las 24 horas en d\u00edas h\u00e1biles)<\/strong><\/p>\n<\/div>\n<h3><strong>\u00a1Gracias por elegir pgvape.com! .<\/strong><\/h3>\n<\/div>","protected":false},"excerpt":{"rendered":"<p data-start=\"0\" data-end=\"31\"><strong data-start=\"0\" data-end=\"31\">Vape disponible de QQBANG 180K <\/strong>Hasta 180.000 caladas con un sistema de sabores 4 en 1 para m\u00e1s variedad en un solo dispositivo. Alimentado por una bobina de malla 1.0\u03a9 y una bater\u00eda recargable de 650 mAh para un rendimiento rico y fluido. La carga r\u00e1pida tipo C y las m\u00faltiples opciones de nicotina lo hacen ideal para todos los mercados.<\/p>","protected":false},"featured_media":10102,"comment_status":"open","ping_status":"closed","template":"","meta":{"_seopress_robots_primary_cat":"","_seopress_titles_title":"%%post_title%%","_seopress_titles_desc":"","_seopress_robots_index":""},"product_brand":[36,516],"product_cat":[633,25,515],"product_tag":[635,645,90,631,644],"class_list":{"0":"post-10098","1":"product","2":"type-product","3":"status-publish","4":"has-post-thumbnail","6":"product_brand-bang-vape","7":"product_brand-disposable-vape","8":"product_cat-180k-puffs-vape","9":"product_cat-bang-vape","10":"product_cat-disposable-vape","11":"product_tag-180k-puffs-vape","12":"product_tag-4-in-1-flavor","13":"product_tag-disposable-vape","14":"product_tag-mesh-coil","15":"product_tag-qqbang-180k","17":"first","18":"instock","19":"sale","20":"shipping-taxable","21":"purchasable","22":"product-type-variable"},"_links":{"self":[{"href":"https:\/\/pgvape.com\/es\/wp-json\/wp\/v2\/product\/10098","targetHints":{"allow":["GET"]}}],"collection":[{"href":"https:\/\/pgvape.com\/es\/wp-json\/wp\/v2\/product"}],"about":[{"href":"https:\/\/pgvape.com\/es\/wp-json\/wp\/v2\/types\/product"}],"replies":[{"embeddable":true,"href":"https:\/\/pgvape.com\/es\/wp-json\/wp\/v2\/comments?post=10098"}],"wp:featuredmedia":[{"embeddable":true,"href":"https:\/\/pgvape.com\/es\/wp-json\/wp\/v2\/media\/10102"}],"wp:attachment":[{"href":"https:\/\/pgvape.com\/es\/wp-json\/wp\/v2\/media?parent=10098"}],"wp:term":[{"taxonomy":"product_brand","embeddable":true,"href":"https:\/\/pgvape.com\/es\/wp-json\/wp\/v2\/product_brand?post=10098"},{"taxonomy":"product_cat","embeddable":true,"href":"https:\/\/pgvape.com\/es\/wp-json\/wp\/v2\/product_cat?post=10098"},{"taxonomy":"product_tag","embeddable":true,"href":"https:\/\/pgvape.com\/es\/wp-json\/wp\/v2\/product_tag?post=10098"}],"curies":[{"name":"wp","href":"https:\/\/api.w.org\/{rel}","templated":true}]}}