{"id":10028,"date":"2026-04-11T12:03:57","date_gmt":"2026-04-11T12:03:57","guid":{"rendered":"https:\/\/pgvape.com\/?post_type=product&#038;p=10028"},"modified":"2026-04-11T12:03:57","modified_gmt":"2026-04-11T12:03:57","slug":"ciervo-barra-6-en-1-vape-desechable-de-sabor-giratorio-180k-con-pantalla-led-de-180000-bocanadas-y-liquido-electronico-de-108-ml","status":"publish","type":"product","link":"https:\/\/pgvape.com\/es\/producto\/ciervo-barra-6-en-1-vape-desechable-de-sabor-giratorio-180k-con-pantalla-led-de-180000-bocanadas-y-liquido-electronico-de-108-ml\/","title":{"rendered":"Stag Bar 6 en 1 Vape disponible del sabor giratorio 180K con la pantalla LED de 180000 soplos y el E-l\u00edquido 108ml"},"content":{"rendered":"<h2 data-start=\"0\" data-end=\"85\"><strong data-start=\"3\" data-end=\"85\">Stag Bar 6 en 1 dispositivo de sabores m\u00faltiples de capacidad ultraalta desechable 180K Vape<\/strong><\/h2>\n<p data-start=\"0\" data-end=\"85\">El vaporizador desechable Stag Bar 6 IN 1 180K est\u00e1 dise\u00f1ado para un rendimiento m\u00e1ximo y un uso prolongado, y ofrece hasta 180 000 inhalaciones con una enorme capacidad de e-l\u00edquido de 108 ml.<\/p>\n<p data-start=\"277\" data-end=\"463\">Su innovador sistema de sabor giratorio 6 en 1 permite a los usuarios cambiar entre sabores f\u00e1cilmente, mientras que seis bobinas de malla y resistencia 1.1\u03a9 brindan un sabor rico, vapor denso y un flujo de aire suave.<\/p>\n<p data-start=\"465\" data-end=\"682\">Alimentado por una bater\u00eda recargable de 1000 mAh con carga r\u00e1pida tipo C y equipado con una pantalla LED inteligente para monitoreo de bater\u00eda y e-l\u00edquido en tiempo real, este dispositivo ofrece una experiencia de vapeo confiable y conveniente.<\/p>\n<p data-start=\"684\" data-end=\"776\" data-is-last-node=\"\" data-is-only-node=\"\">Una opci\u00f3n ideal para usuarios que buscan un uso prolongado, variedad de sabores y rendimiento superior.<strong>Almac\u00e9n de la UE<\/strong>\u00a0Con entrega r\u00e1pida y sin gastos de aduana.<\/p>\n<p>&nbsp;<\/p>\n<h3 id=\"brxe-najhln\" class=\"brxe-heading\"><\/h3>\n<p data-start=\"684\" data-end=\"776\" data-is-last-node=\"\" data-is-only-node=\"\">\n<h2 data-section-id=\"ovipds\" data-start=\"0\" data-end=\"71\"><span role=\"text\"><strong data-start=\"6\" data-end=\"71\">Productos destacados de Stag Bar 6in1 180000 Puffs Vape desechables<\/strong><\/span><\/h2>\n<p data-start=\"73\" data-end=\"187\"><strong data-start=\"73\" data-end=\"96\">Hasta 180.000 bocanadas<\/strong> \u2013 Rendimiento de capacidad ultraalta dise\u00f1ado para un vapeo duradero con menos reemplazos.<\/p>\n<p data-start=\"189\" data-end=\"311\"><strong data-start=\"189\" data-end=\"222\">Sistema de sabor giratorio 6 en 1<\/strong> \u2013 Gire f\u00e1cilmente para cambiar entre seis sabores en cualquier momento y disfrutar de una experiencia de vapeo din\u00e1mica.<\/p>\n<p data-start=\"313\" data-end=\"432\"><strong data-start=\"313\" data-end=\"348\">Enorme capacidad de l\u00edquido electr\u00f3nico de 108 ml<\/strong> \u2013 Desarrollado por <strong data-start=\"362\" data-end=\"380\">6 tanques de 18 ml<\/strong> para un uso prolongado y un disfrute continuo del sabor.<\/p>\n<p data-start=\"434\" data-end=\"550\"><strong data-start=\"434\" data-end=\"462\">Tecnolog\u00eda de bobina de seis mallas<\/strong> \u2013 El sistema avanzado de seis bobinas ofrece un sabor m\u00e1s rico, nubes m\u00e1s densas y caladas m\u00e1s suaves.<\/p>\n<p data-start=\"552\" data-end=\"657\"><strong data-start=\"552\" data-end=\"581\">1.1\u03a9 Resistencia optimizada<\/strong> \u2013 Rendimiento del flujo de aire equilibrado para una inhalaci\u00f3n c\u00f3moda y satisfactoria.<\/p>\n<p data-start=\"659\" data-end=\"753\"><strong data-start=\"659\" data-end=\"683\">Fuerza de nicotina 2%<\/strong> \u2013 Nivel de nicotina suave y agradable dise\u00f1ado para vapear todos los d\u00edas.<\/p>\n<p data-start=\"755\" data-end=\"850\"><strong data-start=\"755\" data-end=\"787\">Bater\u00eda recargable de 1000 mAh.<\/strong> \u2013 Bater\u00eda potente y confiable para un rendimiento durante todo el d\u00eda.<\/p>\n<p data-start=\"852\" data-end=\"931\"><strong data-start=\"852\" data-end=\"876\">Carga r\u00e1pida tipo C<\/strong> \u2013 Carga r\u00e1pida y eficiente para un tiempo de inactividad m\u00ednimo.<\/p>\n<p data-start=\"933\" data-end=\"1049\"><strong data-start=\"933\" data-end=\"961\">Pantalla LED inteligente<\/strong> \u2013 Monitoreo en tiempo real del nivel de bater\u00eda y e-l\u00edquido para un mejor control y conveniencia.<\/p>\n<p data-start=\"1051\" data-end=\"1159\"><strong data-start=\"1051\" data-end=\"1081\">Salida fluida y consistente<\/strong> \u2013 Rendimiento estable desde la primera calada hasta la \u00faltima con entrega de vapor optimizada.<\/p>\n<p data-start=\"1161\" data-end=\"1265\"><strong data-start=\"1161\" data-end=\"1186\">Dise\u00f1o moderno de primera calidad<\/strong> \u2013 Dispositivo elegante de alta capacidad dise\u00f1ado para brindar rendimiento y atractivo visual.<\/p>\n<p data-start=\"1267\" data-end=\"1344\" data-is-last-node=\"\" data-is-only-node=\"\"><strong data-start=\"1267\" data-end=\"1292\">Env\u00edo al almac\u00e9n de la UE<\/strong> \u2013 Entrega r\u00e1pida en toda Europa sin gastos de aduana.<\/p>\n<p>&nbsp;<\/p>\n<h3 id=\"brxe-najhln\" class=\"brxe-heading\"><\/h3>\n<p data-start=\"1267\" data-end=\"1344\" data-is-last-node=\"\" data-is-only-node=\"\">\n<h2 data-section-id=\"ovipds\" data-start=\"0\" data-end=\"71\"><span role=\"text\"><strong data-start=\"6\" data-end=\"71\">Stag Bar 6in1 180000 inhalaciones Vape desechable <\/strong><\/span><span role=\"text\"><strong data-start=\"6\" data-end=\"30\">Lista de ediciones de sabores<\/strong><\/span><\/h2>\n<h3 data-section-id=\"jy3e9\" data-start=\"32\" data-end=\"58\"><span role=\"text\">1. <strong data-start=\"39\" data-end=\"56\">Edici\u00f3n de frutas<\/strong><\/span><\/h3>\n<p data-start=\"59\" data-end=\"155\"><strong data-start=\"59\" data-end=\"155\">Hielo de ar\u00e1ndanos y hielo de fresa y hielo de sand\u00eda y cereza gaseosa y melocot\u00f3n jugoso y pl\u00e1tano triple<\/strong><\/p>\n<h3 data-section-id=\"1qyny\" data-start=\"157\" data-end=\"188\"><span role=\"text\">2. <strong data-start=\"164\" data-end=\"186\">Edici\u00f3n Sand\u00eda<\/strong><\/span><\/h3>\n<p data-start=\"189\" data-end=\"323\"><strong data-start=\"189\" data-end=\"323\">Sand\u00eda Hielo y Fresa Sand\u00eda y Mango Melocot\u00f3n Sand\u00eda y Sand\u00eda Chupa Chups y Frambuesa Sand\u00eda y Sand\u00eda B-Pop<\/strong><\/p>\n<h3 data-section-id=\"1sm6kdu\" data-start=\"325\" data-end=\"356\"><span role=\"text\">3. <strong data-start=\"332\" data-end=\"354\">Edici\u00f3n fresa<\/strong><\/span><\/h3>\n<p data-start=\"357\" data-end=\"482\"><strong data-start=\"357\" data-end=\"482\">Helado de fresa y fresa Kiwi y fresa Pl\u00e1tano y fresa Sand\u00eda y colada de fresa y Chupa Chups de fresa<\/strong><\/p>\n<h3 data-section-id=\"1r4psly\" data-start=\"484\" data-end=\"510\"><span role=\"text\">4. <strong data-start=\"491\" data-end=\"508\">Edici\u00f3n de bayas<\/strong><\/span><\/h3>\n<p data-start=\"511\" data-end=\"623\"><strong data-start=\"511\" data-end=\"623\">Blue Razz Ice &amp; Blueberry Ice &amp; Mezcla de frutos rojos y Blueberry Sour Raspberry Ice &amp; Melocot\u00f3n Berry &amp; Fresa Kiwi<\/strong><\/p>\n<h3 data-section-id=\"253r2g\" data-start=\"625\" data-end=\"657\"><span role=\"text\">5. <strong data-start=\"632\" data-end=\"655\">Edici\u00f3n de frutas mixtas<\/strong><\/span><\/h3>\n<p data-start=\"658\" data-end=\"796\"><strong data-start=\"658\" data-end=\"796\">Triple Mel\u00f3n &amp; Sex On The Beach &amp; Melocot\u00f3n Mango Pi\u00f1a &amp; Fresa Frambuesa Hielo &amp; Mango Melocot\u00f3n Sand\u00eda &amp; Kiwi Maracuy\u00e1 Guayaba<\/strong><\/p>\n<h3 data-section-id=\"18pxcmf\" data-start=\"798\" data-end=\"823\"><span role=\"text\">6. <strong data-start=\"805\" data-end=\"821\">Edici\u00f3n lima<\/strong><\/span><\/h3>\n<p data-start=\"824\" data-end=\"935\"><strong data-start=\"824\" data-end=\"935\">Lima Lim\u00f3n Y Fresa Kiwi Drag\u00f3n Y Fruta Pl\u00e1tano Cereza Y Pi\u00f1a Papaya Y Coco Loco Y Sexo En La Playa<\/strong><\/p>\n<h3 data-section-id=\"ry7vus\" data-start=\"937\" data-end=\"962\"><span role=\"text\">7. <strong data-start=\"944\" data-end=\"960\">Edici\u00f3n genial<\/strong><\/span><\/h3>\n<p data-start=\"963\" data-end=\"1043\"><strong data-start=\"963\" data-end=\"1043\">Cool Mint &amp; Cola Ice &amp; Coco Loco &amp; Sand\u00eda Ice &amp; Cherry Cola &amp; Aloe Uva<\/strong><\/p>\n<h3 data-section-id=\"b9xbv9\" data-start=\"1045\" data-end=\"1071\"><span role=\"text\">8. <strong data-start=\"1052\" data-end=\"1069\">Edici\u00f3n de caramelos<\/strong><\/span><\/h3>\n<p data-start=\"1072\" data-end=\"1182\"><strong data-start=\"1072\" data-end=\"1182\">Love 66 y Chupa Chups de fresa y Chupa Chups de sand\u00eda y colada de fresa y frutos rojos mixtos y tarta de queso<\/strong><\/p>\n<h3 data-section-id=\"9zjhpe\" data-start=\"1184\" data-end=\"1210\"><span role=\"text\">9. <strong data-start=\"1191\" data-end=\"1208\">Edici\u00f3n negra<\/strong><\/span><\/h3>\n<p data-start=\"1211\" data-end=\"1330\"><strong data-start=\"1211\" data-end=\"1330\">Black Dragon Hielo y Ar\u00e1ndano Cereza Ar\u00e1ndano y Blue Razz Hielo y Fresa Uva y Doble Manzana y Lichi Mel\u00f3n Hami<\/strong><\/p>\n<h3 data-section-id=\"19fdcq9\" data-start=\"1332\" data-end=\"1360\"><span role=\"text\">10. <strong data-start=\"1340\" data-end=\"1358\">Edici\u00f3n ex\u00f3tica<\/strong><\/span><\/h3>\n<p data-start=\"1361\" data-end=\"1460\"><strong data-start=\"1361\" data-end=\"1460\">Cherry Cola &amp; Lima Lim\u00f3n &amp; Black Dragon Ice &amp; Red Bull &amp; Peach Berry &amp; Fresa Frambuesa Ice<img loading=\"lazy\" decoding=\"async\" class=\"alignnone wp-image-10031 size-full\" src=\"https:\/\/pgvape.com\/wp-content\/uploads\/2026\/04\/Stag-Bar-6-In-1-180K-Rotating-Flavor-Disposable-Vape-With-180000-Puffs-LED-Display-And-108ml-E-Liquid-1.jpg\" alt=\"P\u00f3ster verde brillante que anuncia diez ediciones de sabores de un vaporizador con dispositivos de colores y listas de sabores.\" width=\"1500\" height=\"1500\" srcset=\"https:\/\/pgvape.com\/wp-content\/uploads\/2026\/04\/Stag-Bar-6-In-1-180K-Rotating-Flavor-Disposable-Vape-With-180000-Puffs-LED-Display-And-108ml-E-Liquid-1.jpg 1500w, https:\/\/pgvape.com\/wp-content\/uploads\/2026\/04\/Stag-Bar-6-In-1-180K-Rotating-Flavor-Disposable-Vape-With-180000-Puffs-LED-Display-And-108ml-E-Liquid-1-360x360.jpg 360w, https:\/\/pgvape.com\/wp-content\/uploads\/2026\/04\/Stag-Bar-6-In-1-180K-Rotating-Flavor-Disposable-Vape-With-180000-Puffs-LED-Display-And-108ml-E-Liquid-1-595x595.jpg 595w, https:\/\/pgvape.com\/wp-content\/uploads\/2026\/04\/Stag-Bar-6-In-1-180K-Rotating-Flavor-Disposable-Vape-With-180000-Puffs-LED-Display-And-108ml-E-Liquid-1-400x400.jpg 400w, https:\/\/pgvape.com\/wp-content\/uploads\/2026\/04\/Stag-Bar-6-In-1-180K-Rotating-Flavor-Disposable-Vape-With-180000-Puffs-LED-Display-And-108ml-E-Liquid-1-768x768.jpg 768w, https:\/\/pgvape.com\/wp-content\/uploads\/2026\/04\/Stag-Bar-6-In-1-180K-Rotating-Flavor-Disposable-Vape-With-180000-Puffs-LED-Display-And-108ml-E-Liquid-1-12x12.jpg 12w, https:\/\/pgvape.com\/wp-content\/uploads\/2026\/04\/Stag-Bar-6-In-1-180K-Rotating-Flavor-Disposable-Vape-With-180000-Puffs-LED-Display-And-108ml-E-Liquid-1-300x300.jpg 300w, https:\/\/pgvape.com\/wp-content\/uploads\/2026\/04\/Stag-Bar-6-In-1-180K-Rotating-Flavor-Disposable-Vape-With-180000-Puffs-LED-Display-And-108ml-E-Liquid-1-600x600.jpg 600w, https:\/\/pgvape.com\/wp-content\/uploads\/2026\/04\/Stag-Bar-6-In-1-180K-Rotating-Flavor-Disposable-Vape-With-180000-Puffs-LED-Display-And-108ml-E-Liquid-1-100x100.jpg 100w\" sizes=\"auto, (max-width: 1500px) 100vw, 1500px\" \/><\/strong><\/p>\n<p data-start=\"1361\" data-end=\"1460\">\n<h3 class=\"auto-hide-last-sibling-br paragraph-pP9ZLC paragraph-element br-paragraph-space\">\u00bfPor qu\u00e9 elegir el almac\u00e9n europeo de PGVape?<\/h3>\n<p>Env\u00edo r\u00e1pido: entrega a la mayor\u00eda de los pa\u00edses de la UE en un plazo de 3 a 7 d\u00edas h\u00e1biles.<\/p>\n<p>Entrega libre de impuestos: el stock local de la UE garantiza un env\u00edo fluido y libre de impuestos.<\/p>\n<p>100% Garant\u00eda aut\u00e9ntica: Genuino <strong data-start=\"0\" data-end=\"40\">Bar de ciervos<\/strong><span role=\"text\"><strong data-start=\"4\" data-end=\"60\">\u00a0<\/strong><\/span>Cigarrillos electr\u00f3nicos de proveedores certificados.<\/p>\n<p>Inventario fresco: almacenado en condiciones controladas para garantizar una calidad \u00f3ptima.<\/p>\n<p>Con la confianza de los europeos: miles de clientes disfrutan de los servicios de cigarrillos electr\u00f3nicos r\u00e1pidos y seguros de PGVape.<\/p>\n<p>&nbsp;<\/p>\n<h3 id=\"brxe-najhln\" class=\"brxe-heading\"><\/h3>\n<p data-start=\"1361\" data-end=\"1460\">\n<h3 data-section-id=\"b3cw2t\" data-start=\"0\" data-end=\"57\"><span role=\"text\"><strong data-start=\"4\" data-end=\"57\">Preguntas frecuentes Stag Bar 6in1 180000 Puffs Vape desechable<\/strong><\/span><\/h3>\n<p data-start=\"59\" data-end=\"223\"><strong data-start=\"59\" data-end=\"116\">\u2753 \u00bfCu\u00e1ntas caladas proporciona la Stag Bar 6en1 180K?<\/strong><br data-start=\"116\" data-end=\"119\" \/>\u2705 El dispositivo ofrece hasta <strong data-start=\"147\" data-end=\"164\">180.000 bocanadas<\/strong>, que ofrece un rendimiento ultra duradero para un uso prolongado.<\/p>\n<p data-start=\"225\" data-end=\"362\"><strong data-start=\"225\" data-end=\"267\">\u2753 \u00bfQu\u00e9 fuerza de nicotina tiene?<\/strong><br data-start=\"267\" data-end=\"270\" \/>\u2705Viene con <strong data-start=\"286\" data-end=\"310\">Fuerza de nicotina 2%<\/strong>, proporcionando una experiencia de vapeo suave y equilibrada.<\/p>\n<p data-start=\"364\" data-end=\"540\"><strong data-start=\"364\" data-end=\"409\">\u2753 \u00bfC\u00f3mo funciona el sistema de sabores 6 en 1?<\/strong><br data-start=\"409\" data-end=\"412\" \/>\u2705 El dispositivo cuenta con un <strong data-start=\"436\" data-end=\"462\">sistema de sabor giratorio<\/strong> que permite a los usuarios cambiar f\u00e1cilmente entre <strong data-start=\"506\" data-end=\"531\">seis sabores diferentes<\/strong> en cualquier momento.<\/p>\n<p data-start=\"542\" data-end=\"678\"><strong data-start=\"542\" data-end=\"584\">\u2753 What is the total e-liquid capacity?<\/strong><br data-start=\"584\" data-end=\"587\" \/>\u2705 Incluye <strong data-start=\"601\" data-end=\"631\">6 c\u00e1maras de e-l\u00edquido de 18 ml<\/strong>, dando una enorme capacidad total de <strong data-start=\"668\" data-end=\"677\">108ml<\/strong>.<\/p>\n<p data-start=\"680\" data-end=\"822\"><strong data-start=\"680\" data-end=\"716\">\u2753 \u00bfQu\u00e9 tipo de bobina utiliza?<\/strong><br data-start=\"716\" data-end=\"719\" \/>\u2705 Est\u00e1 equipado con <strong data-start=\"741\" data-end=\"759\">seis bobinas de malla<\/strong>, dise\u00f1ado para mejorar la entrega de sabor y producir un vapor m\u00e1s denso.<\/p>\n<p data-start=\"824\" data-end=\"948\"><strong data-start=\"824\" data-end=\"859\">\u2753 \u00bfCu\u00e1l es el nivel de resistencia?<\/strong><br data-start=\"859\" data-end=\"862\" \/>\u2705 El dispositivo utiliza <strong data-start=\"880\" data-end=\"899\">1.1\u03a9 resistencia<\/strong>, asegurando un flujo de aire suave y un sorteo c\u00f3modo.<\/p>\n<p data-start=\"950\" data-end=\"1074\"><strong data-start=\"950\" data-end=\"984\">\u2753 \u00bfLa bater\u00eda es recargable?<\/strong><br data-start=\"984\" data-end=\"987\" \/>\u2705 S\u00ed, cuenta con un <strong data-start=\"1008\" data-end=\"1040\">Bater\u00eda recargable de 1000 mAh.<\/strong> para un rendimiento confiable durante todo el d\u00eda.<\/p>\n<p data-start=\"1076\" data-end=\"1202\"><strong data-start=\"1076\" data-end=\"1119\">\u2753 \u00bfQu\u00e9 m\u00e9todo de carga admite?<\/strong><br data-start=\"1119\" data-end=\"1122\" \/>\u2705 Es compatible <strong data-start=\"1136\" data-end=\"1160\">Carga r\u00e1pida tipo C<\/strong>, permitiendo una recarga r\u00e1pida y eficiente.<\/p>\n<p data-start=\"1204\" data-end=\"1339\"><strong data-start=\"1204\" data-end=\"1240\">\u2753 \u00bfTiene pantalla de visualizaci\u00f3n?<\/strong><br data-start=\"1240\" data-end=\"1243\" \/>\u2705 S\u00ed, el incorporado <strong data-start=\"1263\" data-end=\"1285\">pantalla LED<\/strong> muestra el nivel de la bater\u00eda y el estado del e-l\u00edquido en tiempo real.<\/p>\n<p data-start=\"1341\" data-end=\"1499\"><strong data-start=\"1341\" data-end=\"1378\">\u2753 \u00bfEs fuerte la producci\u00f3n de vapor?<\/strong><br data-start=\"1378\" data-end=\"1381\" \/>\u2705 S\u00ed, con su <strong data-start=\"1397\" data-end=\"1443\">Seis bobinas de malla y dise\u00f1o avanzado de flujo de aire.<\/strong>, ofrece un rico sabor y nubes densas de manera constante.<\/p>\n<p data-start=\"1501\" data-end=\"1680\"><strong data-start=\"1501\" data-end=\"1547\">\u2753 \u00bfEste dispositivo es adecuado para usuarios habituales?<\/strong><br data-start=\"1547\" data-end=\"1550\" \/>\u2705Absolutamente. Con <strong data-start=\"1569\" data-end=\"1633\">180.000 caladas, enorme capacidad de e-l\u00edquido y bater\u00eda recargable<\/strong>, es ideal para usuarios frecuentes y prolongados.<\/p>\n<p data-start=\"1682\" data-end=\"1826\" data-is-last-node=\"\" data-is-only-node=\"\"><strong data-start=\"1682\" data-end=\"1719\">\u2753 Is shipping fast within Europe?<\/strong><br data-start=\"1719\" data-end=\"1722\" \/>\u2705 S\u00ed, el producto se env\u00eda desde un <strong data-start=\"1760\" data-end=\"1776\">Almac\u00e9n de la UE<\/strong>, asegurando <strong data-start=\"1787\" data-end=\"1825\">entrega r\u00e1pida sin gastos de aduana<\/strong>.<\/p>\n<p>&nbsp;<\/p>\n<h3 id=\"brxe-najhln\" class=\"brxe-heading\">Preguntas frecuentes (FAQ)<\/h3>\n<div id=\"brxe-rajiac\" class=\"brxe-text\">\n<p><strong>P: \u00bfQu\u00e9 m\u00e9todos de pago aceptan?<\/strong><br \/>\nR: Aceptamos PayPal, Stripe, transferencias bancarias (compatibles con SEPA), las principales tarjetas de cr\u00e9dito (Visa, MasterCard, American Express) y pagos con criptomonedas.<\/p>\n<p><strong>P: \u00bfCu\u00e1nto tiempo lleva la preparaci\u00f3n del pedido?<\/strong><br \/>\nR: La preparaci\u00f3n del pedido demora entre 1 y 3 d\u00edas h\u00e1biles.<\/p>\n<p><strong>P: \u00bfCu\u00e1l es el tiempo de env\u00edo?<\/strong><br \/>\nR: El tiempo de env\u00edo es de 7 a 14 d\u00edas h\u00e1biles, seg\u00fan su ubicaci\u00f3n.<\/p>\n<p><strong>P: \u00bfC\u00f3mo puedo realizar un seguimiento de mi pedido?<\/strong><br \/>\nR: Despu\u00e9s del env\u00edo, recibir\u00e1 un correo electr\u00f3nico de confirmaci\u00f3n con un n\u00famero de seguimiento para realizar un seguimiento en tiempo real.<\/p>\n<p><strong>P: \u00bfCu\u00e1l es su pol\u00edtica de devoluci\u00f3n?<\/strong><br \/>\nR: Ofrecemos una pol\u00edtica de devoluci\u00f3n de 30 d\u00edas para reembolsos o cambios. .<\/p>\n<p><strong>P: \u00bfHabr\u00e1 alg\u00fan problema aduanero?<br \/>\n<\/strong>Nos encargamos de todos los procedimientos de despacho de aduanas para garantizarle una experiencia sin complicaciones. .<\/p>\n<p><strong>P: \u00bfQu\u00e9 m\u00e9todos de env\u00edo se utilizan?<\/strong><br \/>\nCooperamos con UPS\/DHL\/FEDEX\/DPD, etc. Elegiremos la opci\u00f3n de env\u00edo adecuada seg\u00fan el pa\u00eds de entrega para asegurarnos de que reciba sus productos lo m\u00e1s r\u00e1pido posible.<\/p>\n<p><a href=\"https:\/\/pgvape.com\/es\/preguntas-frecuentes\/\">Haga clic aqu\u00ed para m\u00e1s preguntas frecuentes<\/a><\/p>\n<p>Estimados clientes: Si tienen alguna pregunta sobre su pedido o la llegada de la mercanc\u00eda, comun\u00edquese con nuestro servicio de atenci\u00f3n al cliente. \u00a1Gracias!<\/p>\n<h3 data-sourcepos=\"73:1-73:21\"><strong data-sourcepos=\"73:7-73:21\">Cont\u00e1ctenos<\/strong><\/h3>\n<div id=\"text-2419739398\" class=\"text\">\n<p><strong data-sourcepos=\"75:3-75:12\">Correo electr\u00f3nico<\/strong>:\u00a0<a href=\"mailto:support@pgvape.com\"><strong>support@pgvape.com<\/strong><\/a><\/p>\n<p><strong data-sourcepos=\"76:3-76:15\">WhatsApp<\/strong>:\u00a0<a href=\"https:\/\/wa.me\/+8618128481258\"><strong>+86 18128481258<\/strong><\/a><br \/>\n<strong>(Respuesta dentro de las 24 horas en d\u00edas h\u00e1biles)<\/strong><\/p>\n<\/div>\n<h3><strong>\u00a1Gracias por elegir pgvape.com! .<\/strong><\/h3>\n<\/div>","protected":false},"excerpt":{"rendered":"<p data-start=\"0\" data-end=\"40\"><strong data-start=\"0\" data-end=\"40\">Stag Bar 6 en 1 180K Vape desechable <\/strong>Hasta 180.000 caladas con un sistema giratorio de 6 sabores para una m\u00e1xima variedad. Alimentado por seis bobinas de malla, una capacidad de e-l\u00edquido de 108 ml y una bater\u00eda recargable de 1000 mAh para un rendimiento ultralargo. La pantalla LED inteligente y la carga r\u00e1pida tipo C brindan comodidad con cada calada.<\/p>","protected":false},"featured_media":10034,"comment_status":"open","ping_status":"closed","template":"","meta":{"_seopress_robots_primary_cat":"","_seopress_titles_title":"","_seopress_titles_desc":"","_seopress_robots_index":""},"product_brand":[193,542],"product_cat":[633,515,192,541],"product_tag":[637,635,90,79,636,203,634],"class_list":{"0":"post-10028","1":"product","2":"type-product","3":"status-publish","4":"has-post-thumbnail","6":"product_brand-stag-bar-vape","7":"product_brand-stag-bar-vape-eu","8":"product_cat-180k-puffs-vape","9":"product_cat-disposable-vape","10":"product_cat-stag-bar-vape","11":"product_cat-stag-bar-vape-eu","12":"product_tag-108ml-e-liquid","13":"product_tag-180k-puffs-vape","14":"product_tag-disposable-vape","15":"product_tag-led-display","16":"product_tag-rotating-flavor","17":"product_tag-shipment-from-eu","18":"product_tag-stag-bar-6-in-1-180k","20":"first","21":"instock","22":"sale","23":"shipping-taxable","24":"purchasable","25":"product-type-variable"},"_links":{"self":[{"href":"https:\/\/pgvape.com\/es\/wp-json\/wp\/v2\/product\/10028","targetHints":{"allow":["GET"]}}],"collection":[{"href":"https:\/\/pgvape.com\/es\/wp-json\/wp\/v2\/product"}],"about":[{"href":"https:\/\/pgvape.com\/es\/wp-json\/wp\/v2\/types\/product"}],"replies":[{"embeddable":true,"href":"https:\/\/pgvape.com\/es\/wp-json\/wp\/v2\/comments?post=10028"}],"wp:featuredmedia":[{"embeddable":true,"href":"https:\/\/pgvape.com\/es\/wp-json\/wp\/v2\/media\/10034"}],"wp:attachment":[{"href":"https:\/\/pgvape.com\/es\/wp-json\/wp\/v2\/media?parent=10028"}],"wp:term":[{"taxonomy":"product_brand","embeddable":true,"href":"https:\/\/pgvape.com\/es\/wp-json\/wp\/v2\/product_brand?post=10028"},{"taxonomy":"product_cat","embeddable":true,"href":"https:\/\/pgvape.com\/es\/wp-json\/wp\/v2\/product_cat?post=10028"},{"taxonomy":"product_tag","embeddable":true,"href":"https:\/\/pgvape.com\/es\/wp-json\/wp\/v2\/product_tag?post=10028"}],"curies":[{"name":"wp","href":"https:\/\/api.w.org\/{rel}","templated":true}]}}