{"id":3,"date":"2025-07-09T13:14:25","date_gmt":"2025-07-09T13:14:25","guid":{"rendered":"http:\/\/pgvape.com\/?page_id=3"},"modified":"2025-11-19T08:01:49","modified_gmt":"2025-11-19T08:01:49","slug":"politica-de-privacidad","status":"publish","type":"page","link":"https:\/\/pgvape.com\/es\/politica-de-privacidad\/","title":{"rendered":"pol\u00edtica de privacidad"},"content":{"rendered":"<div id=\"text-2581950954\" class=\"text\">\n\t\t\n\n<h1>\ud83d\udcdc Pol\u00edtica de privacidad<\/h1>\n\t\t\n<style>\n#text-2581950954 {\n  font-size: 1rem;\n  line-height: 1.05;\n  text-align: left;\n  color: rgb(0, 0, 0);\n}\n#text-2581950954 > * {\n  color: rgb(0, 0, 0);\n}\n@media (min-width:550px) {\n  #text-2581950954 {\n    font-size: 1.2rem;\n    line-height: 1.5;\n    text-align: left;\n  }\n}\n@media (min-width:850px) {\n  #text-2581950954 {\n    font-size: 1.5rem;\n    text-align: center;\n  }\n}\n<\/style>\n\t<\/div>\n\t\n\n\n\n<h2 class=\"wp-block-heading\"><\/h2>\n\n\n\n\t<div id=\"text-4244882435\" class=\"text\">\n\t\t\n\n<h3><span style=\"color: #282828;\">En Pgvape valoramos tu confianza y estamos comprometidos a proteger tus datos personales. .<\/span><\/h3>\n\t\t\n<style>\n#text-4244882435 {\n  font-size: 0.75rem;\n  color: rgb(0, 0, 0);\n}\n#text-4244882435 > * {\n  color: rgb(0, 0, 0);\n}\n@media (min-width:550px) {\n  #text-4244882435 {\n    font-size: 1rem;\n  }\n}\n@media (min-width:850px) {\n  #text-4244882435 {\n    font-size: 1.1rem;\n  }\n}\n<\/style>\n\t<\/div>\n\t\n<div class=\"is-divider divider clearfix\" style=\"max-width:1000px;background-color:rgb(230, 230, 230);\"><\/div>\n\n\t<div id=\"text-1009832087\" class=\"text\">\n\t\t\n\n<h3 data-sourcepos=\"7:1-7:27\"><span style=\"color: #000000;\"><strong data-sourcepos=\"7:6-7:25\">Lo que recopilamos<\/strong><\/span><\/h3>\n<p data-sourcepos=\"8:1-8:53\"><span style=\"color: #000000;\">Podemos recopilar los siguientes tipos de informaci\u00f3n:<\/span><\/p>\n<ol data-sourcepos=\"9:1-12:150\">\n<li data-sourcepos=\"9:1-9:163\"><span style=\"color: #000000;\"><strong data-sourcepos=\"9:4-9:28\">Informaci\u00f3n personal<\/strong>: Incluyendo su nombre, direcci\u00f3n de correo electr\u00f3nico, detalles de env\u00edo, informaci\u00f3n de facturaci\u00f3n y n\u00famero de tel\u00e9fono cuando realiza una compra o se comunica con nosotros.<\/span><\/li>\n<li data-sourcepos=\"10:1-10:85\"><span style=\"color: #000000;\"><strong data-sourcepos=\"10:4-10:30\">Datos de pedido y cuenta<\/strong>: Historial de compras, preferencias y direcciones guardadas.<\/span><\/li>\n<li data-sourcepos=\"11:1-11:123\"><span style=\"color: #000000;\"><strong data-sourcepos=\"11:4-11:32\">Dispositivo y datos de navegaci\u00f3n<\/strong>: direcci\u00f3n IP, tipo de navegador, tipo de dispositivo, p\u00e1ginas visitadas y acciones realizadas en nuestro sitio web.<\/span><\/li>\n<li data-sourcepos=\"12:1-12:150\"><span style=\"color: #000000;\"><strong data-sourcepos=\"12:4-12:24\">Verificaci\u00f3n de edad<\/strong>: Seg\u00fan lo exige la ley, podemos solicitar una verificaci\u00f3n de edad para garantizar que los clientes cumplan con la edad legal para comprar productos de vapeo.<\/span><\/li>\n<\/ol>\n\t\t\n<style>\n#text-1009832087 {\n  font-size: 0.75rem;\n  color: rgb(0, 0, 0);\n}\n#text-1009832087 > * {\n  color: rgb(0, 0, 0);\n}\n@media (min-width:550px) {\n  #text-1009832087 {\n    font-size: 1rem;\n  }\n}\n@media (min-width:850px) {\n  #text-1009832087 {\n    font-size: 1.1rem;\n  }\n}\n<\/style>\n\t<\/div>\n\t\n<div class=\"is-divider divider clearfix\" style=\"max-width:1000px;background-color:rgb(230, 230, 230);\"><\/div>\n\n\t<div id=\"text-1478877805\" class=\"text\">\n\t\t\n\n<h3 data-sourcepos=\"16:1-16:39\"><strong><span style=\"color: #000000;\">C\u00f3mo utilizamos su informaci\u00f3n<\/span><\/strong><\/h3>\n<p data-sourcepos=\"17:1-17:30\"><span style=\"color: #000000;\">Usamos su informaci\u00f3n para:<\/span><\/p>\n<ol data-sourcepos=\"18:1-23:51\">\n<li data-sourcepos=\"18:1-18:38\"><span style=\"color: #000000;\">Cumplir y entregar sus pedidos.<\/span><\/li>\n<li data-sourcepos=\"19:1-19:56\"><span style=\"color: #000000;\">Brindar atenci\u00f3n al cliente y responder a consultas.<\/span><\/li>\n<li data-sourcepos=\"20:1-20:43\"><span style=\"color: #000000;\">Personaliza tu experiencia de compra.<\/span><\/li>\n<li data-sourcepos=\"21:1-21:51\"><span style=\"color: #000000;\">Mejorar nuestros servicios y el rendimiento del sitio web.<\/span><\/li>\n<li data-sourcepos=\"22:1-22:93\"><span style=\"color: #000000;\">Env\u00ede actualizaciones de pedidos, informaci\u00f3n promocional (si est\u00e1 habilitado) y notificaciones importantes.<\/span><\/li>\n<li data-sourcepos=\"23:1-23:51\"><span style=\"color: #000000;\">Cumplir con las obligaciones legales y reglamentarias.<\/span><\/li>\n<\/ol>\n\t\t\n<style>\n#text-1478877805 {\n  font-size: 0.75rem;\n  color: rgb(0, 0, 0);\n}\n#text-1478877805 > * {\n  color: rgb(0, 0, 0);\n}\n@media (min-width:550px) {\n  #text-1478877805 {\n    font-size: 1rem;\n  }\n}\n@media (min-width:850px) {\n  #text-1478877805 {\n    font-size: 1.1rem;\n  }\n}\n<\/style>\n\t<\/div>\n\t\n<div class=\"is-divider divider clearfix\" style=\"max-width:1000px;background-color:rgb(230, 230, 230);\"><\/div>\n\n\t<div id=\"text-2993063086\" class=\"text\">\n\t\t\n\n<h3 data-sourcepos=\"27:1-27:36\"><span style=\"color: #000000;\"><strong data-sourcepos=\"27:6-27:34\">C\u00f3mo protegemos sus datos<\/strong><\/span><\/h3>\n<h4 data-sourcepos=\"28:1-28:52\"><span style=\"color: #000000;\"><strong>Implementamos fuertes medidas de seguridad, que incluyen:<\/strong><\/span><\/h4>\n<ol data-sourcepos=\"29:1-31:123\">\n<li data-sourcepos=\"29:1-29:62\"><span style=\"color: #000000;\"><strong data-sourcepos=\"29:4-29:22\">Cifrado SSL<\/strong>: Para proteger los datos durante la transmisi\u00f3n.<\/span><\/li>\n<li data-sourcepos=\"30:1-30:114\"><span style=\"color: #000000;\"><strong data-sourcepos=\"30:4-30:54\">Servidores seguros y protocolos de acceso restringido<\/strong>: Garantizar que s\u00f3lo el personal autorizado pueda acceder a sus datos.<\/span><\/li>\n<li data-sourcepos=\"31:1-31:123\"><span style=\"color: #000000;\"><strong data-sourcepos=\"31:4-31:50\">Auditor\u00edas de seguridad peri\u00f3dicas y actualizaciones del sistema<\/strong>: Seguir las mejores pr\u00e1cticas de la industria para garantizar que sus datos permanezcan seguros.<\/span><\/li>\n<\/ol>\n<p data-sourcepos=\"33:1-33:101\"><span style=\"color: #000000;\">Nos tomamos muy en serio la protecci\u00f3n de datos y tomamos todas las medidas necesarias para salvaguardar su informaci\u00f3n.<\/span><\/p>\n\t\t\n<style>\n#text-2993063086 {\n  font-size: 0.75rem;\n  color: rgb(0, 0, 0);\n}\n#text-2993063086 > * {\n  color: rgb(0, 0, 0);\n}\n@media (min-width:550px) {\n  #text-2993063086 {\n    font-size: 1rem;\n  }\n}\n@media (min-width:850px) {\n  #text-2993063086 {\n    font-size: 1.1rem;\n  }\n}\n<\/style>\n\t<\/div>\n\t\n<div class=\"is-divider divider clearfix\" style=\"max-width:1000px;background-color:rgb(230, 230, 230);\"><\/div>\n\n\t<div id=\"text-2781182611\" class=\"text\">\n\t\t\n\n<h3 data-sourcepos=\"37:1-37:31\"><span style=\"color: #000000;\"><strong data-sourcepos=\"37:6-37:29\">Intercambio de informaci\u00f3n<\/strong><\/span><\/h3>\n<p data-sourcepos=\"38:1-38:91\"><span style=\"color: #000000;\"><strong>No vendemos sus datos personales.<\/strong><\/span><\/p>\n<ol data-sourcepos=\"39:1-41:60\">\n<li data-sourcepos=\"39:1-39:102\"><span style=\"color: #000000;\"><strong>Proveedores de servicios confiables:<\/strong> Como pasarelas de pago, socios de env\u00edo y plataformas de correo electr\u00f3nico.<\/span><\/li>\n<li data-sourcepos=\"40:1-40:67\"><span style=\"color: #000000;\"><strong data-sourcepos=\"40:4-40:44\">Organismos encargados de hacer cumplir la ley o reguladores<\/strong>: Si lo exige la ley.<\/span><\/li>\n<li data-sourcepos=\"41:1-41:60\"><span style=\"color: #000000;\"><strong data-sourcepos=\"41:4-41:27\">Plataformas de marketing<\/strong>: S\u00f3lo con su previo consentimiento.<\/span><\/li>\n<\/ol>\n\t\t\n<style>\n#text-2781182611 {\n  font-size: 0.75rem;\n  color: rgb(0, 0, 0);\n}\n#text-2781182611 > * {\n  color: rgb(0, 0, 0);\n}\n@media (min-width:550px) {\n  #text-2781182611 {\n    font-size: 1rem;\n  }\n}\n@media (min-width:850px) {\n  #text-2781182611 {\n    font-size: 1.1rem;\n  }\n}\n<\/style>\n\t<\/div>\n\t\n<div class=\"is-divider divider clearfix\" style=\"max-width:1000px;background-color:rgb(230, 230, 230);\"><\/div>\n\n\t<div id=\"text-2567927942\" class=\"text\">\n\t\t\n\n<h3 data-sourcepos=\"45:1-45:32\"><span style=\"color: #000000;\"><strong data-sourcepos=\"45:6-45:30\">Cookies y seguimiento<\/strong><\/span><\/h3>\n<p data-sourcepos=\"46:1-46:39\"><span style=\"color: #000000;\"><strong>Utilizamos cookies y herramientas similares para:<\/strong><\/span><\/p>\n<ol data-sourcepos=\"47:1-49:54\">\n<li data-sourcepos=\"47:1-47:45\"><span style=\"color: #000000;\">Habilite la funcionalidad esencial del sitio web.<\/span><\/li>\n<li data-sourcepos=\"48:1-48:40\"><span style=\"color: #000000;\">Analizar el tr\u00e1fico y el comportamiento de los usuarios.<\/span><\/li>\n<li data-sourcepos=\"49:1-49:54\"><span style=\"color: #000000;\">Proporcionar una experiencia de compra m\u00e1s personalizada.<\/span><\/li>\n<\/ol>\n<p data-sourcepos=\"51:1-51:72\"><span style=\"color: #000000;\">Puede modificar sus preferencias de cookies a trav\u00e9s de la configuraci\u00f3n de su navegador.<\/span><\/p>\n\t\t\n<style>\n#text-2567927942 {\n  font-size: 0.75rem;\n  color: rgb(0, 0, 0);\n}\n#text-2567927942 > * {\n  color: rgb(0, 0, 0);\n}\n@media (min-width:550px) {\n  #text-2567927942 {\n    font-size: 1rem;\n  }\n}\n@media (min-width:850px) {\n  #text-2567927942 {\n    font-size: 1.1rem;\n  }\n}\n<\/style>\n\t<\/div>\n\t\n<div class=\"is-divider divider clearfix\" style=\"max-width:1000px;background-color:rgb(230, 230, 230);\"><\/div>\n\n\t<div id=\"text-2364747712\" class=\"text\">\n\t\t\n\n<h3 data-sourcepos=\"55:1-55:23\"><span style=\"color: #000000;\"><strong data-sourcepos=\"55:6-55:21\">Tus derechos<\/strong><\/span><\/h3>\n<p data-sourcepos=\"56:1-56:69\"><span style=\"color: #000000;\">Dependiendo de su jurisdicci\u00f3n, puede tener los siguientes derechos:<\/span><\/p>\n<ol data-sourcepos=\"57:1-60:58\">\n<li data-sourcepos=\"57:1-57:36\"><span style=\"color: #000000;\"><strong data-sourcepos=\"57:4-57:33\">Accede a tus datos personales<\/strong>.<\/span><\/li>\n<li data-sourcepos=\"58:1-58:41\"><span style=\"color: #000000;\"><strong data-sourcepos=\"58:4-58:38\">Solicitar correcciones o actualizaciones<\/strong>.<\/span><\/li>\n<li data-sourcepos=\"59:1-59:47\"><span style=\"color: #000000;\"><strong data-sourcepos=\"59:4-59:44\">Solicitar la eliminaci\u00f3n de su informaci\u00f3n<\/strong>.<\/span><\/li>\n<li data-sourcepos=\"60:1-60:58\"><span style=\"color: #000000;\"><strong data-sourcepos=\"60:4-60:55\">Optar por no recibir comunicaciones de marketing en cualquier momento.<\/strong>.<\/span><\/li>\n<\/ol>\n<p data-sourcepos=\"62:1-62:73\"><span style=\"color: #000000;\">Para ejercer estos derechos, por favor p\u00f3ngase en contacto con nosotros en <strong data-sourcepos=\"62:48-62:70\"><a style=\"color: #000000;\" href=\"mailto:support@pgvape.com\" data-sentry-component=\"CustomLink\" data-sentry-source-file=\"index.tsx\">support@pgvape.com<\/a><\/strong>.<\/span><\/p>\n\t\t\n<style>\n#text-2364747712 {\n  font-size: 0.75rem;\n  color: rgb(0, 0, 0);\n}\n#text-2364747712 > * {\n  color: rgb(0, 0, 0);\n}\n@media (min-width:550px) {\n  #text-2364747712 {\n    font-size: 1rem;\n  }\n}\n@media (min-width:850px) {\n  #text-2364747712 {\n    font-size: 1.1rem;\n  }\n}\n<\/style>\n\t<\/div>\n\t\n<div class=\"is-divider divider clearfix\" style=\"max-width:1000px;background-color:rgb(230, 230, 230);\"><\/div>\n\n\t<div id=\"text-2411234331\" class=\"text\">\n\t\t\n\n<h3 data-sourcepos=\"66:1-66:31\"><span style=\"color: #000000;\"><strong data-sourcepos=\"66:6-66:29\">Usuarios internacionales<\/strong><\/span><\/h3>\n<p><strong><span style=\"color: #000000;\">Al acceder a nuestro sitio web desde fuera de su pa\u00eds, acepta la transferencia y el procesamiento de su informaci\u00f3n seg\u00fan esta pol\u00edtica y las leyes locales aplicables.<\/span><\/strong><\/p>\n\t\t\n<style>\n#text-2411234331 {\n  font-size: 0.75rem;\n  color: rgb(2, 0, 0);\n}\n#text-2411234331 > * {\n  color: rgb(2, 0, 0);\n}\n@media (min-width:550px) {\n  #text-2411234331 {\n    font-size: 1rem;\n  }\n}\n@media (min-width:850px) {\n  #text-2411234331 {\n    font-size: 1.1rem;\n  }\n}\n<\/style>\n\t<\/div>\n\t\n<div class=\"is-divider divider clearfix\" style=\"max-width:1000px;background-color:rgb(230, 230, 230);\"><\/div>\n\n\t<div id=\"text-1302337842\" class=\"text\">\n\t\t\n\n<h3 data-sourcepos=\"71:1-71:34\"><span style=\"color: #000000;\"><strong data-sourcepos=\"71:6-71:32\">Cambios a esta pol\u00edtica<\/strong><\/span><\/h3>\n<p data-sourcepos=\"72:1-72:221\"><span style=\"color: #000000;\"><strong>Podemos actualizar esta pol\u00edtica de privacidad para reflejar cambios en nuestras pr\u00e1cticas o requisitos legales. .<\/strong><\/span><\/p>\n\t\t\n<style>\n#text-1302337842 {\n  font-size: 0.75rem;\n  color: rgb(0, 0, 0);\n}\n#text-1302337842 > * {\n  color: rgb(0, 0, 0);\n}\n@media (min-width:550px) {\n  #text-1302337842 {\n    font-size: 1rem;\n  }\n}\n@media (min-width:850px) {\n  #text-1302337842 {\n    font-size: 1.1rem;\n  }\n}\n<\/style>\n\t<\/div>\n\t\n<div class=\"is-divider divider clearfix\" style=\"max-width:1000px;background-color:rgb(230, 230, 230);\"><\/div>\n\n\t<div id=\"text-2904113668\" class=\"text\">\n\t\t\n\n<h3 data-sourcepos=\"76:1-76:22\"><span style=\"color: #000000;\"><strong data-sourcepos=\"76:6-76:20\">Cont\u00e1ctenos<\/strong><\/span><\/h3>\n<p data-sourcepos=\"77:1-77:90\"><span style=\"color: #000000;\">Si tiene alguna pregunta, inquietud o solicitud relacionada con datos, comun\u00edquese con nuestro equipo:<\/span><\/p>\n<ul data-sourcepos=\"78:1-79:33\">\n<li data-sourcepos=\"78:1-78:34\">\n<h4><span style=\"color: #000000;\"><strong data-sourcepos=\"78:3-78:12\">Correo electr\u00f3nico<\/strong>:<span style=\"color: #0000ff;\">\u00a0<a style=\"color: #0000ff;\" href=\"\/es\/support@pgvape.com\/\" data-sentry-component=\"CustomLink\" data-sentry-source-file=\"index.tsx\">support@pgvape.com<\/a><\/span><\/span><\/h4>\n<\/li>\n<li data-sourcepos=\"79:1-79:33\">\n<h4><span style=\"color: #000000;\"><strong data-sourcepos=\"79:3-79:15\">WhatsApp<\/strong>: <span style=\"color: #00ff00;\"><a style=\"color: #00ff00;\" href=\"https:\/\/wa.me\/+8618128481258\">+8618128481258<\/a><\/span><\/span><\/h4>\n<\/li>\n<\/ul>\n<p data-sourcepos=\"81:1-81:84\"><span style=\"color: #000000;\">Siempre estamos aqu\u00ed para ayudar y responderemos dentro de las 24 horas durante los d\u00edas h\u00e1biles.<\/span><\/p>\n\t\t\n<style>\n#text-2904113668 {\n  font-size: 0.75rem;\n  color: rgb(0, 0, 0);\n}\n#text-2904113668 > * {\n  color: rgb(0, 0, 0);\n}\n@media (min-width:550px) {\n  #text-2904113668 {\n    font-size: 1rem;\n  }\n}\n@media (min-width:850px) {\n  #text-2904113668 {\n    font-size: 1.1rem;\n  }\n}\n<\/style>\n\t<\/div>\n\t\n<div class=\"is-divider divider clearfix\" style=\"max-width:1000px;background-color:rgb(230, 230, 230);\"><\/div>\n\n\t<div id=\"text-3382497080\" class=\"text\">\n\t\t\n\n<p><span style=\"color: #000000;\">Gracias por elegir <strong data-sourcepos=\"85:24-85:34\">Pgvape<\/strong>. .<\/span><\/p>\n\t\t\n<style>\n#text-3382497080 {\n  font-size: 0.75rem;\n  color: rgb(0, 0, 0);\n}\n#text-3382497080 > * {\n  color: rgb(0, 0, 0);\n}\n@media (min-width:550px) {\n  #text-3382497080 {\n    font-size: 1rem;\n  }\n}\n@media (min-width:850px) {\n  #text-3382497080 {\n    font-size: 1.2rem;\n  }\n}\n<\/style>\n\t<\/div>","protected":false},"excerpt":{"rendered":"","protected":false},"author":1,"featured_media":0,"parent":0,"menu_order":0,"comment_status":"closed","ping_status":"open","template":"","meta":{"_seopress_robots_primary_cat":"","_seopress_titles_title":"","_seopress_titles_desc":"","_seopress_robots_index":"","footnotes":""},"class_list":["post-3","page","type-page","status-publish","hentry"],"_links":{"self":[{"href":"https:\/\/pgvape.com\/es\/wp-json\/wp\/v2\/pages\/3","targetHints":{"allow":["GET"]}}],"collection":[{"href":"https:\/\/pgvape.com\/es\/wp-json\/wp\/v2\/pages"}],"about":[{"href":"https:\/\/pgvape.com\/es\/wp-json\/wp\/v2\/types\/page"}],"author":[{"embeddable":true,"href":"https:\/\/pgvape.com\/es\/wp-json\/wp\/v2\/users\/1"}],"replies":[{"embeddable":true,"href":"https:\/\/pgvape.com\/es\/wp-json\/wp\/v2\/comments?post=3"}],"version-history":[{"count":0,"href":"https:\/\/pgvape.com\/es\/wp-json\/wp\/v2\/pages\/3\/revisions"}],"wp:attachment":[{"href":"https:\/\/pgvape.com\/es\/wp-json\/wp\/v2\/media?parent=3"}],"curies":[{"name":"wp","href":"https:\/\/api.w.org\/{rel}","templated":true}]}}