{"id":105,"date":"2025-07-12T08:18:42","date_gmt":"2025-07-12T08:18:42","guid":{"rendered":"https:\/\/pgvape.com\/?page_id=105"},"modified":"2025-11-19T07:55:16","modified_gmt":"2025-11-19T07:55:16","slug":"sobre-nosotros","status":"publish","type":"page","link":"https:\/\/pgvape.com\/es\/sobre-nosotros\/","title":{"rendered":"Sobre nosotros"},"content":{"rendered":"<div id=\"text-2772965562\" class=\"text\">\n\t\t\n\n<h1 data-sourcepos=\"5:1-5:28\">\ud83d\ude80\u00a0<strong data-sourcepos=\"5:6-5:26\">Acerca de pgvape<\/strong><\/h1>\n\t\t\n<style>\n#text-2772965562 {\n  text-align: center;\n  color: rgb(0,0,0);\n}\n#text-2772965562 > * {\n  color: rgb(0,0,0);\n}\n<\/style>\n\t<\/div>\n\t\n<div class=\"is-divider divider clearfix\" style=\"margin-top:20px;margin-bottom:20px;max-width:1000px;background-color:rgb(209, 209, 209);\"><\/div>\n\n\t<div id=\"text-50070027\" class=\"text\">\n\t\t\n\n<h3><strong data-sourcepos=\"6:1-6:54\">Su socio de confianza para vaporizadores desechables premium<\/strong><\/h3>\n<p data-sourcepos=\"8:1-8:255\">Bienvenido a <strong data-sourcepos=\"8:12-8:26\">pgvape.com<\/strong>, su destino final para cigarrillos electr\u00f3nicos desechables de alta calidad y soluciones de vapeo personalizadas. <strong data-sourcepos=\"8:204-8:224\">productos premium<\/strong> y <strong data-sourcepos=\"8:229-8:252\">servicio excepcional<\/strong>.<\/p>\n<p data-sourcepos=\"10:1-10:236\">Nuestra misi\u00f3n es hacer que cada calada <strong data-sourcepos=\"10:35-10:78\">c\u00f3modo, agradable y confiable<\/strong>. <strong data-sourcepos=\"10:186-10:200\">innovaci\u00f3n<\/strong> y <strong data-sourcepos=\"10:205-10:216\">calidad<\/strong> para satisfacer sus necesidades.<\/p>\n\t\t\n<style>\n#text-50070027 {\n  font-size: 0.85rem;\n  line-height: 1.75;\n  color: rgb(0,0,0);\n}\n#text-50070027 > * {\n  color: rgb(0,0,0);\n}\n@media (min-width:550px) {\n  #text-50070027 {\n    font-size: 0.9rem;\n  }\n}\n@media (min-width:850px) {\n  #text-50070027 {\n    font-size: 1rem;\n  }\n}\n<\/style>\n\t<\/div>\n\t\n<div class=\"is-divider divider clearfix\" style=\"margin-top:15px;margin-bottom:15px;max-width:1000px;background-color:rgb(209, 209, 209);\"><\/div>\n\n\t<div id=\"text-1179702054\" class=\"text\">\n\t\t\n\n<h2 data-sourcepos=\"14:1-14:35\">\ud83c\udf1f\u00a0<strong data-sourcepos=\"14:7-14:33\">Nuestra Misi\u00f3n y Visi\u00f3n<\/strong><\/h2>\n<h5 data-sourcepos=\"15:1-15:95\">En pgvape.com, creemos que vapear no es s\u00f3lo una elecci\u00f3n, sino un estilo de vida.<\/h5>\n<p><strong data-sourcepos=\"16:3-16:25\">Simplificando el vapeo<\/strong>: Ofreciendo productos de alta calidad que facilitan sus elecciones.<\/p>\n<p><strong data-sourcepos=\"17:3-17:31\">Mejorando la experiencia<\/strong>: Tecnolog\u00edas innovadoras para optimizar su satisfacci\u00f3n al vapear.<\/p>\n<p><strong data-sourcepos=\"18:3-18:31\">Construyendo confianza a largo plazo<\/strong>: Brindar servicios transparentes para crear relaciones duraderas.<\/p>\n<p data-sourcepos=\"20:1-20:367\">\u00a0<\/p>\n\t\t\n<style>\n#text-1179702054 {\n  font-size: 0.9rem;\n  line-height: 1.75;\n  color: rgb(0,0,0);\n}\n#text-1179702054 > * {\n  color: rgb(0,0,0);\n}\n@media (min-width:550px) {\n  #text-1179702054 {\n    font-size: 0.9rem;\n  }\n}\n@media (min-width:850px) {\n  #text-1179702054 {\n    font-size: 1rem;\n  }\n}\n<\/style>\n\t<\/div>\n\t\n\t<div id=\"text-750395269\" class=\"text\">\n\t\t\n\n<h4>Fundada por entusiastas del vapeo y profesionales de la industria, identificamos una brecha en el mercado para productos verdaderamente de alta calidad y rigurosamente probados. .<\/h4>\n\t\t\n<style>\n#text-750395269 {\n  font-size: 0.9rem;\n  line-height: 1.75;\n  color: rgb(0,0,0);\n}\n#text-750395269 > * {\n  color: rgb(0,0,0);\n}\n@media (min-width:550px) {\n  #text-750395269 {\n    font-size: 0.9rem;\n  }\n}\n@media (min-width:850px) {\n  #text-750395269 {\n    font-size: 1rem;\n  }\n}\n<\/style>\n\t<\/div>\n\t\n<div class=\"is-divider divider clearfix\" style=\"margin-top:15px;margin-bottom:15px;max-width:1000px;background-color:rgb(209, 209, 209);\"><\/div>\n\n\t<div id=\"text-669771293\" class=\"text\">\n\t\t\n\n<h2 data-sourcepos=\"24:1-24:27\">\ud83d\udecd\ufe0f\u00a0<strong data-sourcepos=\"24:8-24:25\">Lo que ofrecemos<\/strong><\/h2>\n\t\t\n<style>\n#text-669771293 {\n  color: rgb(0,0,0);\n}\n#text-669771293 > * {\n  color: rgb(0,0,0);\n}\n<\/style>\n\t<\/div>\n\t\n\t<div id=\"text-3500486733\" class=\"text\">\n\t\t\n\n<h3 data-sourcepos=\"26:1-26:37\">\u2705\u00a0<strong data-sourcepos=\"26:7-26:35\">Vaporizadores desechables premium<\/strong><\/h3>\n<p data-sourcepos=\"27:1-27:306\">Nuestra colecci\u00f3n seleccionada de vaporizadores desechables combina <strong data-sourcepos=\"27:49-27:76\">tecnolog\u00eda de punta<\/strong> con <strong data-sourcepos=\"27:82-27:112\">sabores aut\u00e9nticos y atrevidos<\/strong>\u2014Desde el tabaco cl\u00e1sico hasta mezclas de frutas ex\u00f3ticas. <strong data-sourcepos=\"27:190-27:210\">pruebas rigurosas<\/strong> para cumplir con los est\u00e1ndares de seguridad internacionales, garantizando un rendimiento fluido y agradable en todo momento.<\/p>\n\t\t\n<style>\n#text-3500486733 {\n  font-size: 0.9rem;\n  line-height: 1.75;\n  color: rgb(0, 0, 0);\n}\n#text-3500486733 > * {\n  color: rgb(0, 0, 0);\n}\n@media (min-width:850px) {\n  #text-3500486733 {\n    font-size: 1rem;\n  }\n}\n<\/style>\n\t<\/div>\n\t\n\t<div id=\"text-119274499\" class=\"text\">\n\t\t\n\n<h3 data-sourcepos=\"29:1-29:37\">\u2705\u00a0<strong data-sourcepos=\"29:7-29:35\">Servicios OEM y mayoristas<\/strong><\/h3>\n<p data-sourcepos=\"30:1-30:310\">Para clientes empresariales, ofrecemos servicios personalizados. <strong data-sourcepos=\"30:43-30:81\">soluciones de fabricaci\u00f3n personalizadas<\/strong> para ayudarle a crear productos de vapeo \u00fanicos. <strong data-sourcepos=\"30:181-30:212\">instalaciones de \u00faltima generaci\u00f3n<\/strong> y <strong data-sourcepos=\"30:217-30:250\">procesos de producci\u00f3n flexibles<\/strong> convi\u00e9rtenos en el socio ideal para hacer crecer tu negocio de vapeo.<\/p>\n\t\t\n<style>\n#text-119274499 {\n  font-size: 0.9rem;\n  line-height: 1.75;\n  color: rgb(0,0,0);\n}\n#text-119274499 > * {\n  color: rgb(0,0,0);\n}\n<\/style>\n\t<\/div>\n\t\n\t<div id=\"text-1236356009\" class=\"text\">\n\t\t\n\n<h3 data-sourcepos=\"32:1-32:42\">\u2705\u00a0<strong data-sourcepos=\"32:7-32:40\">Env\u00edo global r\u00e1pido y seguro<\/strong><\/h3>\n<p data-sourcepos=\"33:1-33:233\">Los pedidos se procesan dentro <strong data-sourcepos=\"33:29-33:50\">1-3 d\u00edas h\u00e1biles<\/strong> y enviado a trav\u00e9s de transportistas confiables como <strong data-sourcepos=\"33:92-33:109\">DHL UPS DPD<\/strong>, y servicios postales locales. .<\/p>\n\t\t\n<style>\n#text-1236356009 {\n  font-size: 0.9rem;\n  line-height: 1.75;\n  color: rgb(0,0,0);\n}\n#text-1236356009 > * {\n  color: rgb(0,0,0);\n}\n<\/style>\n\t<\/div>\n\t\n\t<div id=\"text-830068300\" class=\"text\">\n\t\t\n\n<h3 data-sourcepos=\"35:1-35:35\">\u2705\u00a0<strong data-sourcepos=\"35:7-35:33\">Opciones de pago seguro<\/strong><\/h3>\n<p data-sourcepos=\"36:1-36:45\">Elija entre los siguientes m\u00e9todos de pago:<\/p>\n<ul data-sourcepos=\"37:1-40:32\">\n<li data-sourcepos=\"37:1-37:15\"><strong data-sourcepos=\"37:3-37:13\">PayPal<\/strong><\/li>\n<li data-sourcepos=\"38:1-38:58\"><strong data-sourcepos=\"38:3-38:19\">Tarjetas de cr\u00e9dito<\/strong>\u00a0(Visa, MasterCard, American Express)<\/li>\n<li data-sourcepos=\"39:1-39:40\"><strong data-sourcepos=\"39:3-39:21\">Transferencias bancarias<\/strong>\u00a0(compatible con SEPA)<\/li>\n<li data-sourcepos=\"40:1-40:32\"><strong data-sourcepos=\"40:3-40:30\">Pagos con criptomonedas<\/strong><\/li>\n<\/ul>\n<p data-sourcepos=\"42:1-42:80\">Todas las transacciones est\u00e1n protegidas por <strong data-sourcepos=\"42:35-42:53\">cifrado SSL<\/strong> para garantizar la seguridad de los datos.<\/p>\n\t\t\n<style>\n#text-830068300 {\n  font-size: 0.9rem;\n  line-height: 1.75;\n  color: rgb(0,0,0);\n}\n#text-830068300 > * {\n  color: rgb(0,0,0);\n}\n<\/style>\n\t<\/div>\n\t\n<div class=\"is-divider divider clearfix\" style=\"margin-top:15px;margin-bottom:15px;max-width:1000px;background-color:rgb(209, 209, 209);\"><\/div>\n\n\t<div id=\"text-3800574130\" class=\"text\">\n\t\t\n\n<h2 data-sourcepos=\"46:1-46:35\">\ud83c\udf0d\u00a0<strong data-sourcepos=\"46:7-46:33\">\u00bfPor qu\u00e9 elegir pgvape.com?<\/strong><\/h2>\n\t\t\n<style>\n#text-3800574130 {\n  color: rgb(0,0,0);\n}\n#text-3800574130 > * {\n  color: rgb(0,0,0);\n}\n<\/style>\n\t<\/div>\n\t\n\t<div id=\"text-3027204077\" class=\"text\">\n\t\t\n\n<h3><strong data-sourcepos=\"48:3-48:22\">Calidad confiable<\/strong>:\u00a0<\/h3>\n<p>Cada producto se prueba rigurosamente en cuanto a seguridad, rendimiento y precisi\u00f3n del sabor.\u00a0<strong data-sourcepos=\"48:130-48:161\">Fabricantes con certificaci\u00f3n ISO<\/strong>\u00a0usando\u00a0<strong data-sourcepos=\"48:168-48:195\">materiales de grado m\u00e9dico<\/strong>.<\/p>\n\t\t\n<style>\n#text-3027204077 {\n  font-size: 0.9rem;\n  line-height: 1.75;\n  color: rgb(0,0,0);\n}\n#text-3027204077 > * {\n  color: rgb(0,0,0);\n}\n<\/style>\n\t<\/div>\n\t\n\t<div id=\"text-4282386187\" class=\"text\">\n\t\t\n\n<h3><strong data-sourcepos=\"49:3-49:31\">Servicio centrado en el cliente<\/strong>:\u00a0<\/h3>\n<p>Nuestro equipo de soporte dedicado est\u00e1 disponible las 24 horas del d\u00eda, los 7 d\u00edas de la semana por correo electr\u00f3nico y WhatsApp para responder sus preguntas, resolver problemas y garantizar una experiencia incomparable.<\/p>\n\t\t\n<style>\n#text-4282386187 {\n  font-size: 0.9rem;\n  line-height: 1.75;\n  color: rgb(0,0,0);\n}\n#text-4282386187 > * {\n  color: rgb(0,0,0);\n}\n<\/style>\n\t<\/div>\n\t\n\t<div id=\"text-1263924154\" class=\"text\">\n\t\t\n\n<h3><strong data-sourcepos=\"50:3-50:28\">Innovaci\u00f3n continua<\/strong>:\u00a0<\/h3>\n<p>Nos mantenemos a la vanguardia de las tendencias de la industria mediante la introducci\u00f3n de nuevos sabores, dise\u00f1os y tecnolog\u00edas para mejorar su viaje de vapeo.<\/p>\n\t\t\n<style>\n#text-1263924154 {\n  font-size: 0.9rem;\n  line-height: 1.75;\n  color: rgb(0,0,0);\n}\n#text-1263924154 > * {\n  color: rgb(0,0,0);\n}\n<\/style>\n\t<\/div>\n\t\n<div class=\"is-divider divider clearfix\" style=\"margin-top:15px;margin-bottom:15px;max-width:1000px;background-color:rgb(209, 209, 209);\"><\/div>\n\n\t<div id=\"text-2399901921\" class=\"text\">\n\t\t\n\n<h2 data-sourcepos=\"54:1-54:31\">\ud83d\udce2\u00a0<strong data-sourcepos=\"54:7-54:29\">\u00danase a nuestra comunidad<\/strong><\/h2>\n\t\t\n<style>\n#text-2399901921 {\n  color: rgb(0,0,0);\n}\n#text-2399901921 > * {\n  color: rgb(0,0,0);\n}\n<\/style>\n\t<\/div>\n\t\n\t<div id=\"text-1465631007\" class=\"text\">\n\t\t\n\n<h3 data-sourcepos=\"56:1-56:103\">Somos m\u00e1s que una simple marca: somos una comunidad de vapeadores, creadores y socios.<\/h3>\n\t\t\n<style>\n#text-1465631007 {\n  font-size: 0.9rem;\n  line-height: 1.75;\n}\n<\/style>\n\t<\/div>\n\t\n\t<div id=\"text-680040658\" class=\"text\">\n\t\t\n\n<p><strong data-sourcepos=\"57:3-57:27\">Promociones exclusivas<\/strong>\u00a0y lanzamientos de nuevos productos.<\/p>\n\t\t\n<style>\n#text-680040658 {\n  font-size: 0.9rem;\n  line-height: 1.75;\n  color: rgb(0,0,0);\n}\n#text-680040658 > * {\n  color: rgb(0,0,0);\n}\n<\/style>\n\t<\/div>\n\t\n\t<div id=\"text-3123199286\" class=\"text\">\n\t\t\n\n<p><strong data-sourcepos=\"58:3-58:28\">Recursos educativos<\/strong>\u00a0para optimizar su experiencia de vapeo.<\/p>\n\t\t\n<style>\n#text-3123199286 {\n  line-height: 1.75;\n  color: rgb(0,0,0);\n}\n#text-3123199286 > * {\n  color: rgb(0,0,0);\n}\n<\/style>\n\t<\/div>\n\t\n\t<div id=\"text-4006705610\" class=\"text\">\n\t\t\n\n<p><strong data-sourcepos=\"59:3-59:36\">Iniciativas de comentarios de los clientes<\/strong>\u00a0para ayudar a dar forma al futuro de pgvape.com.<\/p>\n\t\t\n<style>\n#text-4006705610 {\n  font-size: 0.9rem;\n  line-height: 1.75;\n  color: rgb(0,0,0);\n}\n#text-4006705610 > * {\n  color: rgb(0,0,0);\n}\n<\/style>\n\t<\/div>\n\t\n\t<div id=\"text-1807647074\" class=\"text\">\n\t\t\n\n<h4 data-sourcepos=\"61:1-61:90\">\u00a1Suscr\u00edbete a nuestro bolet\u00edn o s\u00edguenos en las redes sociales para unirte a la conversaci\u00f3n!<\/h4>\n\t\t\n<style>\n#text-1807647074 {\n  font-size: 0.9rem;\n  line-height: 1.75;\n  color: rgb(0,0,0);\n}\n#text-1807647074 > * {\n  color: rgb(0,0,0);\n}\n<\/style>\n\t<\/div>\n\t\n<div class=\"is-divider divider clearfix\" style=\"margin-top:15px;margin-bottom:15px;max-width:1000px;background-color:rgb(209, 209, 209);\"><\/div>\n\n\t<div id=\"text-297602624\" class=\"text\">\n\t\t\n\n<h2 data-sourcepos=\"65:1-65:25\">\ud83e\udd1d\u00a0<strong data-sourcepos=\"65:7-65:23\">Ponte en contacto<\/strong><\/h2>\n\t\t\n<style>\n#text-297602624 {\n  color: rgb(0,0,0);\n}\n#text-297602624 > * {\n  color: rgb(0,0,0);\n}\n<\/style>\n\t<\/div>\n\t\n\t<div id=\"text-2218671512\" class=\"text\">\n\t\t\n\n<h3 data-sourcepos=\"67:1-67:114\">Si tiene alguna pregunta o desea obtener m\u00e1s informaci\u00f3n sobre nuestros productos y servicios, no dude en contactarnos:<\/h3>\n\t\t\n<style>\n#text-2218671512 {\n  font-size: 0.9rem;\n  line-height: 1.75;\n  color: rgb(0,0,0);\n}\n#text-2218671512 > * {\n  color: rgb(0,0,0);\n}\n<\/style>\n\t<\/div>\n\t\n\t<div id=\"text-2859947431\" class=\"text\">\n\t\t\n\n<h3><strong data-sourcepos=\"68:3-68:12\">Correo electr\u00f3nico<\/strong>:\u00a0<span style=\"background-color: #ffffff; color: #0000ff;\"><a style=\"background-color: #ffffff; color: #0000ff;\" href=\"\/es\/support@pgvape.com\/\" data-sentry-component=\"CustomLink\" data-sentry-source-file=\"index.tsx\">support@pgvape.com<\/a><\/span><\/h3>\n\t\t\n<style>\n#text-2859947431 {\n  font-size: 0.9rem;\n  line-height: 1.75;\n  color: rgb(0,0,0);\n}\n#text-2859947431 > * {\n  color: rgb(0,0,0);\n}\n<\/style>\n\t<\/div>\n\t\n\t<div id=\"text-3141722684\" class=\"text\">\n\t\t\n\n<h3><strong data-sourcepos=\"69:3-69:15\">WhatsApp<\/strong>:<span style=\"background-color: #ffffff; color: #00ff00;\"> <a style=\"background-color: #ffffff; color: #00ff00;\" href=\"https:\/\/wa.me\/+8618128481258\">+8618128481258<\/a><\/span><br \/>(Respuesta dentro de las 24 horas, los 7 d\u00edas de la semana)<\/h3>\n\t\t\n<style>\n#text-3141722684 {\n  font-size: 0.9rem;\n  line-height: 1.75;\n  color: rgb(0,0,0);\n}\n#text-3141722684 > * {\n  color: rgb(0,0,0);\n}\n<\/style>\n\t<\/div>\n\t\n\t<div id=\"text-35032690\" class=\"text\">\n\t\t\n\n<h4><strong data-sourcepos=\"73:1-73:38\">Gracias por elegir pgvape.com<\/strong>\u2014donde cada calada es un paso hacia una mejor experiencia de vapeo.<\/h4>\n\t\t\n<style>\n#text-35032690 {\n  font-size: 0.9rem;\n  line-height: 1.75;\n  color: rgb(0, 0, 0);\n}\n#text-35032690 > * {\n  color: rgb(0, 0, 0);\n}\n<\/style>\n\t<\/div>\n\t\n<div class=\"is-divider divider clearfix\" style=\"margin-top:15px;margin-bottom:15px;max-width:1000px;background-color:rgb(209, 209, 209);\"><\/div>","protected":false},"excerpt":{"rendered":"","protected":false},"author":2,"featured_media":0,"parent":0,"menu_order":0,"comment_status":"closed","ping_status":"closed","template":"","meta":{"_seopress_robots_primary_cat":"","_seopress_titles_title":"","_seopress_titles_desc":"","_seopress_robots_index":"","footnotes":""},"class_list":["post-105","page","type-page","status-publish","hentry"],"_links":{"self":[{"href":"https:\/\/pgvape.com\/es\/wp-json\/wp\/v2\/pages\/105","targetHints":{"allow":["GET"]}}],"collection":[{"href":"https:\/\/pgvape.com\/es\/wp-json\/wp\/v2\/pages"}],"about":[{"href":"https:\/\/pgvape.com\/es\/wp-json\/wp\/v2\/types\/page"}],"author":[{"embeddable":true,"href":"https:\/\/pgvape.com\/es\/wp-json\/wp\/v2\/users\/2"}],"replies":[{"embeddable":true,"href":"https:\/\/pgvape.com\/es\/wp-json\/wp\/v2\/comments?post=105"}],"version-history":[{"count":0,"href":"https:\/\/pgvape.com\/es\/wp-json\/wp\/v2\/pages\/105\/revisions"}],"wp:attachment":[{"href":"https:\/\/pgvape.com\/es\/wp-json\/wp\/v2\/media?parent=105"}],"curies":[{"name":"wp","href":"https:\/\/api.w.org\/{rel}","templated":true}]}}