{"id":9990,"date":"2026-04-10T10:12:42","date_gmt":"2026-04-10T10:12:42","guid":{"rendered":"https:\/\/pgvape.com\/?post_type=product&#038;p=9990"},"modified":"2026-04-10T10:15:19","modified_gmt":"2026-04-10T10:15:19","slug":"solaris-champagne-30k-stilvolle-flasche-einweg-vaporizer-mit-30-000-zugen-mesh-spule-und-led-licht","status":"publish","type":"product","link":"https:\/\/pgvape.com\/de\/produkt\/solaris-champagne-30k-stilvolle-flasche-einweg-vaporizer-mit-30-000-zugen-mesh-spule-und-led-licht\/","title":{"rendered":"Solaris Champagne 30K Stilvolle Einweg-Vape-Flasche mit 30.000 Z\u00fcgen, Mesh-Spule und LED-Licht"},"content":{"rendered":"<h2 data-start=\"50\" data-end=\"125\"><strong data-start=\"53\" data-end=\"125\">Solaris Champagne 30K Einweg-Vaper, stilvolles Ger\u00e4t mit hoher Kapazit\u00e4t<\/strong><\/h2>\n<p data-start=\"127\" data-end=\"311\">Der Solaris Champagne 30K Einweg-Vaporizer kombiniert elegantes Design mit zuverl\u00e4ssiger Leistung und liefert bis zu 30.000 Z\u00fcge in einer einzigartigen Champagnerflaschenform.<\/p>\n<p data-start=\"313\" data-end=\"518\">Mit einer E-Liquid-Kapazit\u00e4t von 20 ml und einem wiederaufladbaren 600-mAh-Akku gew\u00e4hrleistet es eine gleichm\u00e4\u00dfige und langlebige Nutzung. Die 1.2\u03a9-Mesh-Spule verbessert die Geschmacksabgabe und sorgt bei jedem Zug f\u00fcr gleichm\u00e4\u00dfigen, zufriedenstellenden Dampf.<\/p>\n<p data-start=\"520\" data-end=\"727\">Mit Typ-C-Schnellladung und einem auff\u00e4lligen LED-Lichtdesign bietet dieses Ger\u00e4t sowohl Komfort als auch Stil und ist somit eine ausgezeichnete Wahl f\u00fcr Benutzer, die ein raffiniertes und zuverl\u00e4ssiges Dampferlebnis suchen.<\/p>\n<p data-start=\"520\" data-end=\"727\">Direkter Versand vom\u00a0<strong>EU-Lager<\/strong>, Dieses Produkt garantiert eine schnelle und zuverl\u00e4ssige Lieferung in ganz Europa und ist somit die erste Wahl f\u00fcr Gro\u00df- und Einzelhandelskunden.<\/p>\n<p>&nbsp;<\/p>\n<h3 id=\"brxe-najhln\" class=\"brxe-heading\"><\/h3>\n<h2 data-section-id=\"47rwtv\" data-start=\"135\" data-end=\"209\"><span role=\"text\"><strong data-start=\"141\" data-end=\"209\">Solaris Champagne 30000 Puffs Einweg-Vape-Produkt-Highlights<\/strong><\/span><\/h2>\n<p data-start=\"211\" data-end=\"327\"><strong data-start=\"211\" data-end=\"233\">Bis zu 30.000 Z\u00fcge<\/strong> \u2013 Langanhaltende Leistung f\u00fcr l\u00e4ngeres t\u00e4gliches Dampfen ohne h\u00e4ufigen Austausch.<\/p>\n<p data-start=\"329\" data-end=\"427\"><strong data-start=\"329\" data-end=\"355\">20 ml E-Liquid-Kapazit\u00e4t<\/strong> \u2013 Das Design mit hoher Kapazit\u00e4t gew\u00e4hrleistet einen gleichbleibenden Geschmack und eine l\u00e4ngere Nutzung.<\/p>\n<p data-start=\"429\" data-end=\"531\"><strong data-start=\"429\" data-end=\"458\">1.2\u03a9 Mesh Coil-Technologie<\/strong> \u2013 Reibungslose Dampfproduktion mit verbesserter Geschmacksabgabe bei jedem Zug.<\/p>\n<p data-start=\"533\" data-end=\"629\"><strong data-start=\"533\" data-end=\"564\">600-mAh-Akku<\/strong> \u2013 Zuverl\u00e4ssige Leistungsabgabe f\u00fcr eine stabile Leistung den ganzen Tag \u00fcber.<\/p>\n<p data-start=\"631\" data-end=\"726\"><strong data-start=\"631\" data-end=\"655\">Typ-C-Schnellladung<\/strong> \u2013 Schnelles und bequemes Aufladen f\u00fcr unterbrechungsfreie Dampfsitzungen.<\/p>\n<p data-start=\"728\" data-end=\"830\"><strong data-start=\"728\" data-end=\"755\">Design einer Champagnerflasche<\/strong> \u2013 Einzigartige und elegante Form, die sich durch einen hochwertigen, stilvollen Look auszeichnet.<\/p>\n<p data-start=\"832\" data-end=\"929\"><strong data-start=\"832\" data-end=\"852\">LED-Lichteffekt<\/strong> \u2013 Moderne Beleuchtungsfunktionen sorgen f\u00fcr einen optischen Reiz und verbessern das Benutzererlebnis.<\/p>\n<p data-start=\"931\" data-end=\"1026\"><strong data-start=\"931\" data-end=\"959\">Kompakte und tragbare Bauweise<\/strong> \u2013 Leichtes und ergonomisches Design f\u00fcr einfachen Transport und t\u00e4glichen Gebrauch.<\/p>\n<p data-start=\"1028\" data-end=\"1138\"><strong data-start=\"1028\" data-end=\"1063\">Reibungslose und konstante Leistung<\/strong> \u2013 Das optimierte System sorgt f\u00fcr einen stabilen Geschmack und Dampf von Anfang bis Ende.<\/p>\n<p data-start=\"1140\" data-end=\"1227\"><strong data-start=\"1140\" data-end=\"1167\">Mehrere Geschmacksoptionen<\/strong> \u2013 Gro\u00dfe Auswahl an Geschmacksrichtungen f\u00fcr unterschiedliche Vorlieben.<\/p>\n<p data-start=\"1229\" data-end=\"1337\"><strong data-start=\"1229\" data-end=\"1254\">EU-Lagerversand<\/strong> \u2013 Schnelle und zuverl\u00e4ssige Lieferung in ganz Europa f\u00fcr den Einzel- und Gro\u00dfhandel.<\/p>\n<p>&nbsp;<\/p>\n<h3 id=\"brxe-najhln\" class=\"brxe-heading\"><\/h3>\n<h2 data-section-id=\"47rwtv\" data-start=\"135\" data-end=\"209\"><strong><span role=\"text\">Solaris Champagne 30000 Puffs Einweg-Vape <\/span>Geschmacksliste<\/strong><\/h2>\n<p><strong data-start=\"145\" data-end=\"164\">1.Erdbeer-Kiwi<\/strong><\/p>\n<p><strong data-start=\"169\" data-end=\"189\">2.Blue Razz Cherry<\/strong><\/p>\n<p><strong data-start=\"194\" data-end=\"211\">3. Gemischte Beeren<\/strong><\/p>\n<p><strong data-start=\"216\" data-end=\"239\">4. Blaubeer-Himbeere<\/strong><\/p>\n<p><strong data-start=\"244\" data-end=\"269\">5.Wei\u00dfer Trauben-Champagner<\/strong><\/p>\n<p><strong data-start=\"274\" data-end=\"289\">6. Saftiger Pfirsich<\/strong><\/p>\n<p><strong data-start=\"294\" data-end=\"319\">7.Erdbeer-Wassermelone<\/strong><\/p>\n<p><strong data-start=\"324\" data-end=\"342\">8. Wassermeloneneis<\/strong><\/p>\n<p><strong data-start=\"347\" data-end=\"363\">9. Dreifache Mango<\/strong><\/p>\n<p><strong data-start=\"368\" data-end=\"377\">10.Mamba<\/strong><\/p>\n<p><strong data-start=\"382\" data-end=\"405\">11.Passionsfrucht-Mango<\/strong><\/p>\n<p><strong data-start=\"410\" data-end=\"428\">12. Tropische Fr\u00fcchte<\/strong><\/p>\n<p><strong data-start=\"433\" data-end=\"456\">13. Kirschdrachenfrucht<\/strong><\/p>\n<p><strong data-start=\"461\" data-end=\"484\">14.Roter Pfirsich-Champagner<\/strong><\/p>\n<p><strong data-start=\"489\" data-end=\"504\">15.Cherry Cola<\/strong><\/p>\n<p><strong data-start=\"509\" data-end=\"525\">16.Energy-Drink<\/strong><\/p>\n<p><strong data-start=\"530\" data-end=\"544\">17.Rosa Zitrone<\/strong><\/p>\n<p><strong data-start=\"549\" data-end=\"560\">18.Liebe 66<\/strong><\/p>\n<p><strong data-start=\"565\" data-end=\"583\">19. Kirschbeeren<\/strong><\/p>\n<p><strong data-start=\"588\" data-end=\"604\">20.Double Apple<img loading=\"lazy\" decoding=\"async\" class=\"alignnone wp-image-9995 size-full\" src=\"https:\/\/pgvape.com\/wp-content\/uploads\/2026\/04\/Solaris-Champagne-30K-Stylish-Bottle-Disposable-Vape-With-30000-Puffs-Mesh-Coil-And-LED-Light-pgvape-3.png\" alt=\"\" width=\"1500\" height=\"1334\" srcset=\"https:\/\/pgvape.com\/wp-content\/uploads\/2026\/04\/Solaris-Champagne-30K-Stylish-Bottle-Disposable-Vape-With-30000-Puffs-Mesh-Coil-And-LED-Light-pgvape-3.png 1500w, https:\/\/pgvape.com\/wp-content\/uploads\/2026\/04\/Solaris-Champagne-30K-Stylish-Bottle-Disposable-Vape-With-30000-Puffs-Mesh-Coil-And-LED-Light-pgvape-3-405x360.png 405w, https:\/\/pgvape.com\/wp-content\/uploads\/2026\/04\/Solaris-Champagne-30K-Stylish-Bottle-Disposable-Vape-With-30000-Puffs-Mesh-Coil-And-LED-Light-pgvape-3-595x529.png 595w, https:\/\/pgvape.com\/wp-content\/uploads\/2026\/04\/Solaris-Champagne-30K-Stylish-Bottle-Disposable-Vape-With-30000-Puffs-Mesh-Coil-And-LED-Light-pgvape-3-400x356.png 400w, https:\/\/pgvape.com\/wp-content\/uploads\/2026\/04\/Solaris-Champagne-30K-Stylish-Bottle-Disposable-Vape-With-30000-Puffs-Mesh-Coil-And-LED-Light-pgvape-3-768x683.png 768w, https:\/\/pgvape.com\/wp-content\/uploads\/2026\/04\/Solaris-Champagne-30K-Stylish-Bottle-Disposable-Vape-With-30000-Puffs-Mesh-Coil-And-LED-Light-pgvape-3-13x12.png 13w, https:\/\/pgvape.com\/wp-content\/uploads\/2026\/04\/Solaris-Champagne-30K-Stylish-Bottle-Disposable-Vape-With-30000-Puffs-Mesh-Coil-And-LED-Light-pgvape-3-600x534.png 600w\" sizes=\"auto, (max-width: 1500px) 100vw, 1500px\" \/><\/strong><\/p>\n<p>&nbsp;<\/p>\n<h3 class=\"auto-hide-last-sibling-br paragraph-pP9ZLC paragraph-element br-paragraph-space\">Warum sollten Sie sich f\u00fcr das europ\u00e4ische Lager von PGVape entscheiden?<\/h3>\n<p>Schneller Versand: Lieferung in die meisten EU-L\u00e4nder innerhalb von 3-7 Werktagen.<\/p>\n<p>Zollfreie Lieferung: Lokale Lagerbest\u00e4nde in der EU sorgen f\u00fcr einen reibungslosen und zollfreien Versand.<\/p>\n<p>100% Authentische Garantie: Echt <span role=\"text\"><strong data-start=\"4\" data-end=\"60\">Solaris-Champagner <\/strong><\/span>E-Zigaretten von zertifizierten Lieferanten.<\/p>\n<p>Frischer Bestand: Unter kontrollierten Bedingungen gelagert, um optimale Qualit\u00e4t zu gew\u00e4hrleisten.<\/p>\n<p>Europ\u00e4er vertrauen darauf: Tausende Kunden genie\u00dfen schnelle und sichere E-Zigaretten-Dienste von PGVape.<\/p>\n<p>&nbsp;<\/p>\n<h3 data-section-id=\"16tymuk\" data-start=\"0\" data-end=\"60\"><span role=\"text\"><strong data-start=\"4\" data-end=\"60\">FAQs Solaris Champagne 30000 Puffs Einweg-Vaporizer<\/strong><\/span><\/h3>\n<p data-start=\"62\" data-end=\"224\"><strong data-start=\"62\" data-end=\"124\">\u2753 Wie viele Z\u00fcge bietet der Solaris Champagne 30000?<\/strong><br data-start=\"124\" data-end=\"127\" \/>\u2705 Das Ger\u00e4t bietet bis zu <strong data-start=\"153\" data-end=\"169\">30.000 Z\u00fcge<\/strong>, was eine dauerhafte Nutzung und gleichbleibende Leistung gew\u00e4hrleistet.<\/p>\n<p data-start=\"226\" data-end=\"364\"><strong data-start=\"226\" data-end=\"262\">\u2753 Wie hoch ist die E-Liquid-Kapazit\u00e4t?<\/strong><br data-start=\"262\" data-end=\"265\" \/>\u2705 Es verf\u00fcgt \u00fcber a <strong data-start=\"281\" data-end=\"307\">20 ml E-Liquid-Kapazit\u00e4t<\/strong>, Dies erm\u00f6glicht l\u00e4ngeres Dampfen ohne h\u00e4ufiges Auswechseln.<\/p>\n<p data-start=\"366\" data-end=\"515\"><strong data-start=\"366\" data-end=\"402\">\u2753 Welche Art von Spule wird verwendet?<\/strong><br data-start=\"402\" data-end=\"405\" \/>\u2705 Das Ger\u00e4t ist mit einem ausgestattet <strong data-start=\"437\" data-end=\"455\">1,2-\u03a9-Mesh-Spule<\/strong>, liefert gleichm\u00e4\u00dfigen Dampf und verbesserten Geschmack bei jedem Zug.<\/p>\n<p data-start=\"517\" data-end=\"637\"><strong data-start=\"517\" data-end=\"551\">\u2753 Ist der Akku wiederaufladbar?<\/strong><br data-start=\"551\" data-end=\"554\" \/>\u2705 Ja, es beinhaltet a <strong data-start=\"575\" data-end=\"606\">600-mAh-Akku<\/strong> f\u00fcr einen stabilen und zuverl\u00e4ssigen Einsatz.<\/p>\n<p data-start=\"639\" data-end=\"762\"><strong data-start=\"639\" data-end=\"682\">\u2753Welche Lademethode wird unterst\u00fctzt?<\/strong><br data-start=\"682\" data-end=\"685\" \/>\u2705 Es nutzt <strong data-start=\"695\" data-end=\"719\">Typ-C-Schnellladung<\/strong>, was ein schnelles und effizientes Aufladen erm\u00f6glicht.<\/p>\n<p data-start=\"764\" data-end=\"921\"><strong data-start=\"764\" data-end=\"819\">\u2753 Verf\u00fcgt das Ger\u00e4t \u00fcber besondere Designmerkmale?<\/strong><br data-start=\"819\" data-end=\"822\" \/>\u2705 Ja, es verf\u00fcgt \u00fcber eine <strong data-start=\"843\" data-end=\"877\">einzigartiges Champagnerflaschendesign<\/strong>, vereint Eleganz mit ergonomischem Komfort.<\/p>\n<p data-start=\"923\" data-end=\"1070\"><strong data-start=\"923\" data-end=\"962\">\u2753 Sind Lichteffekte enthalten?<\/strong><br data-start=\"962\" data-end=\"965\" \/>\u2705 Ja, das Ger\u00e4t verf\u00fcgt \u00fcber eine <strong data-start=\"989\" data-end=\"1019\">integrierte LED-Lichtfunktion<\/strong>, und f\u00fcgt ein stilvolles und auff\u00e4lliges visuelles Element hinzu.<\/p>\n<p data-start=\"1072\" data-end=\"1189\"><strong data-start=\"1072\" data-end=\"1093\">\u2753Ist es tragbar?<\/strong><br data-start=\"1093\" data-end=\"1096\" \/>\u2705 Absolut. Es ist <strong data-start=\"1114\" data-end=\"1148\">kompaktes und leichtes Design<\/strong> macht es einfach, es \u00fcberall hin mitzunehmen und zu verwenden.<\/p>\n<p data-start=\"1191\" data-end=\"1353\"><strong data-start=\"1191\" data-end=\"1235\">\u2753Ist dieses Ger\u00e4t f\u00fcr Anf\u00e4nger geeignet?<\/strong><br data-start=\"1235\" data-end=\"1238\" \/>\u2705 Ja, es ist f\u00fcr beides konzipiert <strong data-start=\"1269\" data-end=\"1304\">Anf\u00e4nger und erfahrene Benutzer<\/strong>, bietet ein einfaches und reibungsloses Dampferlebnis.<\/p>\n<p data-start=\"1355\" data-end=\"1500\"><strong data-start=\"1355\" data-end=\"1405\">\u2753 Gibt es mehrere Geschmacksrichtungen?<\/strong><br data-start=\"1405\" data-end=\"1408\" \/>\u2705 Ja, es kommt mit <strong data-start=\"1429\" data-end=\"1463\">eine gro\u00dfe Auswahl an Geschmacksrichtungen<\/strong> um unterschiedlichen Geschmacksvorlieben gerecht zu werden.<\/p>\n<p data-start=\"1502\" data-end=\"1652\"><strong data-start=\"1502\" data-end=\"1539\">\u2753 Ist der Versand innerhalb Europas schnell?<\/strong><br data-start=\"1539\" data-end=\"1542\" \/>\u2705 Yes, the product is shipped from an <strong data-start=\"1580\" data-end=\"1596\">EU-Lager<\/strong>, Sicherstellen <strong data-start=\"1607\" data-end=\"1651\">schnelle und zuverl\u00e4ssige Lieferung in ganz Europa<\/strong>.<\/p>\n<p data-start=\"1654\" data-end=\"1839\" data-is-last-node=\"\" data-is-only-node=\"\"><strong data-start=\"1654\" data-end=\"1709\">\u2753 Ist dieses Produkt f\u00fcr den Einzel- oder Gro\u00dfhandel geeignet?<\/strong><br data-start=\"1709\" data-end=\"1712\" \/>\u2705 Ja, mit seinem <strong data-start=\"1728\" data-end=\"1787\">Stilvolles Design, starke Leistung und zuverl\u00e4ssige Versorgung<\/strong>, Es ist ideal f\u00fcr Einzel- und Gro\u00dfhandelsm\u00e4rkte.<\/p>\n<p>&nbsp;<\/p>\n<h3 id=\"brxe-najhln\" class=\"brxe-heading\">H\u00e4ufig gestellte Fragen (FAQ)<\/h3>\n<div id=\"brxe-rajiac\" class=\"brxe-text\">\n<p><strong>F: Welche Zahlungsmethoden akzeptieren Sie?<\/strong><br \/>\nA: Wir akzeptieren PayPal, Stripe, Bank\u00fcberweisungen (SEPA unterst\u00fctzt), g\u00e4ngige Kreditkarten (Visa, MasterCard, American Express) und Zahlungen in Kryptow\u00e4hrung.<\/p>\n<p><strong>F: Wie lange dauert die Auftragsvorbereitung?<\/strong><br \/>\nA: Die Auftragsvorbereitung dauert 1-3 Werktage.<\/p>\n<p><strong>F: Wie lange dauert die Lieferung?<\/strong><br \/>\nA: Die Lieferzeit betr\u00e4gt je nach Standort 7\u201314 Werktage.<\/p>\n<p><strong>F: Wie kann ich meine Bestellung verfolgen?<\/strong><br \/>\nA: Nach dem Versand erhalten Sie eine Best\u00e4tigungs-E-Mail mit einer Sendungsverfolgungsnummer zur Echtzeitverfolgung.<\/p>\n<p><strong>F: Wie lauten Ihre R\u00fcckgabebedingungen?<\/strong><br \/>\nA: Wir bieten ein 30-t\u00e4giges R\u00fcckgaberecht f\u00fcr R\u00fcckerstattungen oder Umtausch. .<\/p>\n<p><strong>F: Wird es Zollprobleme geben?<br \/>\n<\/strong>Wir k\u00fcmmern uns um alle Zollabfertigungsverfahren, um Ihnen ein reibungsloses Erlebnis zu gew\u00e4hrleisten. .<\/p>\n<p><strong>F: Welche Versandarten werden verwendet?<\/strong><br \/>\nWir arbeiten mit UPS\/DHL\/FEDEX\/DPD etc. zusammen. Je nach Lieferland w\u00e4hlen wir die passende Versandoption aus, um sicherzustellen, dass Sie Ihre Produkte schnellstm\u00f6glich erhalten.<\/p>\n<p><a href=\"https:\/\/pgvape.com\/de\/faqs\/\">Klicken Sie hier f\u00fcr weitere FAQ<\/a><\/p>\n<p>Liebe Kunden, wenn Sie Fragen zu Ihrer Bestellung oder zum Wareneingang haben, wenden Sie sich bitte an unseren Kundenservice. Vielen Dank!<\/p>\n<h3 data-sourcepos=\"73:1-73:21\"><strong data-sourcepos=\"73:7-73:21\">Kontaktieren Sie uns<\/strong><\/h3>\n<div id=\"text-2419739398\" class=\"text\">\n<p><strong data-sourcepos=\"75:3-75:12\">E-Mail<\/strong>:\u00a0<a href=\"mailto:support@pgvape.com\"><strong>support@pgvape.com<\/strong><\/a><\/p>\n<p><strong data-sourcepos=\"76:3-76:15\">WhatsApp<\/strong>:\u00a0<a href=\"https:\/\/wa.me\/+8618128481258\"><strong>+86 18128481258<\/strong><\/a><br \/>\n<strong>(Antwort innerhalb von 24 Stunden an Werktagen)<\/strong><\/p>\n<\/div>\n<h3><strong>Vielen Dank, dass Sie sich f\u00fcr pgvape.com entschieden haben! .<\/strong><\/h3>\n<\/div>","protected":false},"excerpt":{"rendered":"<p>Bis zu 30.000 Z\u00fcge in einem einzigartigen Champagnerflaschendesign, das Stil mit Leistung verbindet. Angetrieben von einer 1.2\u03a9-Mesh-Spule und 20 ml E-Liquid f\u00fcr einen sanften, reichhaltigen Geschmack. Verf\u00fcgt \u00fcber einen wiederaufladbaren 600-mAh-Akku, Typ-C-Ladefunktion und LED-Beleuchtung f\u00fcr ein elegantes, praktisches Dampferlebnis.<\/p>","protected":false},"featured_media":9993,"comment_status":"open","ping_status":"closed","template":"","meta":{"_seopress_robots_primary_cat":"none","_seopress_titles_title":"%%post_title%%","_seopress_titles_desc":"","_seopress_robots_index":""},"product_brand":[516,513],"product_cat":[35,515,512],"product_tag":[629,349,90,632,631,203,628,630],"class_list":{"0":"post-9990","1":"product","2":"type-product","3":"status-publish","4":"has-post-thumbnail","6":"product_brand-disposable-vape","7":"product_brand-solaris-champagne-vape","8":"product_cat-30k-puffs-vape","9":"product_cat-disposable-vape","10":"product_cat-solaris-champagne-vape","11":"product_tag-30000-puffs","12":"product_tag-30k-puffs-vape","13":"product_tag-disposable-vape","14":"product_tag-led-light","15":"product_tag-mesh-coil","16":"product_tag-shipment-from-eu","17":"product_tag-solaris-champagne-30k","18":"product_tag-stylish-bottle","20":"first","21":"instock","22":"sale","23":"shipping-taxable","24":"purchasable","25":"product-type-variable"},"_links":{"self":[{"href":"https:\/\/pgvape.com\/de\/wp-json\/wp\/v2\/product\/9990","targetHints":{"allow":["GET"]}}],"collection":[{"href":"https:\/\/pgvape.com\/de\/wp-json\/wp\/v2\/product"}],"about":[{"href":"https:\/\/pgvape.com\/de\/wp-json\/wp\/v2\/types\/product"}],"replies":[{"embeddable":true,"href":"https:\/\/pgvape.com\/de\/wp-json\/wp\/v2\/comments?post=9990"}],"wp:featuredmedia":[{"embeddable":true,"href":"https:\/\/pgvape.com\/de\/wp-json\/wp\/v2\/media\/9993"}],"wp:attachment":[{"href":"https:\/\/pgvape.com\/de\/wp-json\/wp\/v2\/media?parent=9990"}],"wp:term":[{"taxonomy":"product_brand","embeddable":true,"href":"https:\/\/pgvape.com\/de\/wp-json\/wp\/v2\/product_brand?post=9990"},{"taxonomy":"product_cat","embeddable":true,"href":"https:\/\/pgvape.com\/de\/wp-json\/wp\/v2\/product_cat?post=9990"},{"taxonomy":"product_tag","embeddable":true,"href":"https:\/\/pgvape.com\/de\/wp-json\/wp\/v2\/product_tag?post=9990"}],"curies":[{"name":"wp","href":"https:\/\/api.w.org\/{rel}","templated":true}]}}