{"id":9504,"date":"2026-03-22T06:35:56","date_gmt":"2026-03-22T06:35:56","guid":{"rendered":"https:\/\/pgvape.com\/?post_type=product&#038;p=9504"},"modified":"2026-03-29T13:35:36","modified_gmt":"2026-03-29T13:35:36","slug":"vopk-cool-bar-20000-20-000-puffs-einweg-vape-einstellbarer-luftstrom-5-nikotin-10-geschmacksrichtungen-smart-display-vape-fabrik-groshandel","status":"publish","type":"product","link":"https:\/\/pgvape.com\/de\/produkt\/vopk-cool-bar-20000-20-000-puffs-einweg-vape-einstellbarer-luftstrom-5-nikotin-10-geschmacksrichtungen-smart-display-vape-fabrik-groshandel\/","title":{"rendered":"VOPK Cool Bar 20000 20k Puffs Einweg-Vape, einstellbarer Luftstrom 5%Nicotine 10Taste Smart Display Vape Factory Gro\u00dfhandel"},"content":{"rendered":"<p><strong class=\"\">VOPK Cool Bar 20K<\/strong> liefert <strong>20.000 Z\u00fcge<\/strong> von <strong class=\"\">5 % Nikotin<\/strong> Zufriedenheit, angetrieben von a <strong>550 mAh Typ-C<\/strong> Batterie und <strong>fortschrittliche Mesh-Coil-Technologie<\/strong>.<br \/>\n<strong>Einstellbarer Luftstrom<\/strong>, <strong>Intelligentes Display<\/strong> Und <strong>10 Eis-\/Fruchtgeschmacksrichtungen<\/strong> Gib dir <strong>anpassbare MTL-to-Open-Ziehungen<\/strong>, <strong>Echtzeit\u00fcberwachung<\/strong> Und <strong>Ganzt\u00e4gige Zuverl\u00e4ssigkeit<\/strong>\u2013 versandt von <strong>China (7-14 Tage)<\/strong> oder <strong>EU-Lager (3-6 Tage)<\/strong>.<\/p>\n<p>&nbsp;<\/p>\n<h2><span style=\"font-size: 90%;\">VOPK Cool Bar 20000 20k Puffs Einweg-Vape <strong>Spezifikationen:<\/strong><\/span><\/h2>\n<p><strong>Puffs<\/strong>: Bis zu <strong>20,000<\/strong> \u2013 langanhaltende Leistung f\u00fcr den ganzen Tag<\/p>\n<p><strong>Nikotin<\/strong>: <strong>5 %<\/strong> \u2013 Sanfter, befriedigender Throat-Hit<\/p>\n<p><strong>Batterie<\/strong>: <strong>550 mAh<\/strong>, <strong>wiederaufladbar<\/strong> \u2013 Zuverl\u00e4ssige erweiterte Leistung<\/p>\n<p><strong>Aufladen<\/strong>: <strong>Typ-C<\/strong> \u2013 schnelles und bequemes Aufladen<\/p>\n<p><strong>Spule<\/strong>: <strong>Mesh-Spulensystem<\/strong> \u2013 Reichhaltiger Geschmack, schnelles Erhitzen, gleichm\u00e4\u00dfiger Dampf<\/p>\n<p><strong>Luftstrom<\/strong>: <strong>Einstellbar<\/strong> \u2013 Passen Sie MTL an oder \u00f6ffnen Sie die Inhalation<\/p>\n<p><strong>Anzeige<\/strong>: <strong>Intelligenter Bildschirm<\/strong> \u2013 E-Liquid &amp; Akkustand auf einen Blick<\/p>\n<p><strong>Aromen<\/strong>: <strong class=\"\">10 Optionen<\/strong> \u2013 Gro\u00dfe Auswahl f\u00fcr jeden Geschmack<\/p>\n<p>&nbsp;<\/p>\n<h3><span style=\"font-size: 90%;\">VOPK Cool Bar 20000 20k Puffs Einweg-Vape <strong>Geschmacksliste:<\/strong><\/span><\/h3>\n<p><strong>1. Wassermeloneneis<\/strong><\/p>\n<p><strong>2. Cola-Eis<\/strong><\/p>\n<p><strong class=\"\">3. Erdbeereis<\/strong><\/p>\n<p><strong>4. Bananeneis<\/strong><\/p>\n<p><strong class=\"\">5.Mango-Eis<\/strong><\/p>\n<p><strong>6.Passionsfrucht Guave<\/strong><\/p>\n<p><strong>7. Schwarze Johannisbeere<\/strong><\/p>\n<p><strong>8.Ananas-Kokos-Eis<\/strong><\/p>\n<p><strong>9. Erdbeer-Wassermelone<\/strong><\/p>\n<p><strong>10. Beerentraube<img loading=\"lazy\" decoding=\"async\" class=\"alignnone wp-image-9739 size-full\" src=\"https:\/\/pgvape.com\/wp-content\/uploads\/2026\/03\/VOPK-Cool-Bar-20000-20k-Puffs-Disposable-Vape-Adjustable-Airflow-5Nicotine-10Taste-Smart-Display-Vape-Factory-Wholesale-3.jpg\" alt=\"Zwei Reihen bunter Getr\u00e4nkebeutel mit den Geschmacksrichtungen Wassermelonen-Eis, Cola-Eis, Erdbeer-Eis, Bananen-Eis, Mango-Eis, Passionsfrucht-Guave, Schwarze Johannisbeere, Ananas-Kokos-Eis, Erdbeer-Wassermelone, Beeren-Traube\" width=\"1500\" height=\"1298\" srcset=\"https:\/\/pgvape.com\/wp-content\/uploads\/2026\/03\/VOPK-Cool-Bar-20000-20k-Puffs-Disposable-Vape-Adjustable-Airflow-5Nicotine-10Taste-Smart-Display-Vape-Factory-Wholesale-3.jpg 1500w, https:\/\/pgvape.com\/wp-content\/uploads\/2026\/03\/VOPK-Cool-Bar-20000-20k-Puffs-Disposable-Vape-Adjustable-Airflow-5Nicotine-10Taste-Smart-Display-Vape-Factory-Wholesale-3-416x360.jpg 416w, https:\/\/pgvape.com\/wp-content\/uploads\/2026\/03\/VOPK-Cool-Bar-20000-20k-Puffs-Disposable-Vape-Adjustable-Airflow-5Nicotine-10Taste-Smart-Display-Vape-Factory-Wholesale-3-595x515.jpg 595w, https:\/\/pgvape.com\/wp-content\/uploads\/2026\/03\/VOPK-Cool-Bar-20000-20k-Puffs-Disposable-Vape-Adjustable-Airflow-5Nicotine-10Taste-Smart-Display-Vape-Factory-Wholesale-3-400x346.jpg 400w, https:\/\/pgvape.com\/wp-content\/uploads\/2026\/03\/VOPK-Cool-Bar-20000-20k-Puffs-Disposable-Vape-Adjustable-Airflow-5Nicotine-10Taste-Smart-Display-Vape-Factory-Wholesale-3-768x665.jpg 768w, https:\/\/pgvape.com\/wp-content\/uploads\/2026\/03\/VOPK-Cool-Bar-20000-20k-Puffs-Disposable-Vape-Adjustable-Airflow-5Nicotine-10Taste-Smart-Display-Vape-Factory-Wholesale-3-14x12.jpg 14w, https:\/\/pgvape.com\/wp-content\/uploads\/2026\/03\/VOPK-Cool-Bar-20000-20k-Puffs-Disposable-Vape-Adjustable-Airflow-5Nicotine-10Taste-Smart-Display-Vape-Factory-Wholesale-3-600x519.jpg 600w\" sizes=\"auto, (max-width: 1500px) 100vw, 1500px\" \/><\/strong><\/p>\n<p>&nbsp;<\/p>\n<h3><span style=\"font-size: 90%;\">VOPK Cool Bar 20000 20k Puffs Einweg-Vape-Video:<\/span><\/h3>\n<p><iframe loading=\"lazy\" title=\"VOPK Cool Bar 20000 Puffs Einweg-Vape, einstellbarer Luftstrom, Smart Display, Vape-Fabrik, Gro\u00dfhandel\" width=\"563\" height=\"1000\" src=\"https:\/\/www.youtube.com\/embed\/ivKsBaHnGAI?feature=oembed\" frameborder=\"0\" allow=\"accelerometer; autoplay; clipboard-write; encrypted-media; gyroscope; picture-in-picture; web-share\" referrerpolicy=\"strict-origin-when-cross-origin\" allowfullscreen><\/iframe><\/p>\n<p>&nbsp;<\/p>\n<h2>H\u00e4ufig gestellte Fragen zu VOPK Cool Bar 20000 20k Puffs Einweg-Vaporizer<\/h2>\n<p>\u2753 <strong class=\"\">Zahlungsmethoden?<\/strong><br \/>\n\u2705 <strong>VISA, MasterCard, PayPal, American Express<\/strong>, und mehr.<\/p>\n<p>\u2753 <strong>Wie verfolgen?<\/strong><br \/>\n\u2705 <strong>Sendungsverfolgungsnummer per E-Mail gesendet<\/strong> einmal versendet.<\/p>\n<p>\u2753 <strong>Lieferzeit?<\/strong><br \/>\n\u2705 <strong>China<\/strong>: 7\u201314 Werktage | <strong>EU-Lager<\/strong>: 3-6 Werktage.<\/p>\n<p>\u2753 <strong>Schnellere Lieferung?<\/strong><br \/>\n\u2705 W\u00e4hlen Sie <strong>EU-Lagerbestand<\/strong> f\u00fcr schnellste Anreise.<\/p>\n<p>\u2753 <strong>R\u00fcckgaberecht?<\/strong><br \/>\n\u2705 <strong>30-t\u00e4gige R\u00fcckgabefrist<\/strong> \u2013 Artikel m\u00fcssen im Originalzustand sein.<\/p>\n<p>\u2753 <strong>Geschmacksw\u00fcnsche f\u00fcr zuf\u00e4llige Produkte?<\/strong><br \/>\n\u2705 <strong>Zuf\u00e4llige Anordnung<\/strong>, aber geh <strong>Kassenhinweis<\/strong> Bei besonderen W\u00fcnschen werden wir versuchen, darauf einzugehen.<\/p>\n<p>\u2753 <strong>Internationaler Versand?<\/strong><br \/>\n\u2705 <strong>Ja<\/strong> \u2013 die meisten L\u00e4nder, <strong>Zollabwicklung erledigt<\/strong>.<\/p>\n<p>\u2753 <strong>Besch\u00e4digte\/defekte Artikel?<\/strong><br \/>\n\u2705 Kontakt <strong>Kundendienst<\/strong> f\u00fcr Ersatz oder R\u00fcckerstattung.<\/p>\n<p>\u2753 <strong>Wie erreiche ich den Support?<\/strong><br \/>\n\u2705 <strong>E-Mail, WhatsApp, Live-Chat<\/strong> auf der Website.<\/p>\n<p>\u2753 <strong>Vertrauen &amp; Authentizit\u00e4t?<\/strong><br \/>\n\u2705 \u00dcberpr\u00fcfen <strong>TrustPilot-Bewertungen<\/strong> + <strong>PayPal-K\u00e4uferschutz<\/strong> unterst\u00fctzt.<\/p>\n<p>&nbsp;<\/p>\n<h3 id=\"brxe-najhln\" class=\"brxe-heading\">H\u00e4ufig gestellte Fragen (FAQ)<\/h3>\n<div id=\"brxe-rajiac\" class=\"brxe-text\">\n<p><strong>F: Welche Zahlungsmethoden akzeptieren Sie?<\/strong><br \/>\nA: Wir akzeptieren PayPal, Stripe, Bank\u00fcberweisungen (SEPA unterst\u00fctzt), g\u00e4ngige Kreditkarten (Visa, MasterCard, American Express) und Zahlungen in Kryptow\u00e4hrung.<\/p>\n<p><strong>F: Wie lange dauert die Auftragsvorbereitung?<\/strong><br \/>\nA: Die Auftragsvorbereitung dauert 1-3 Werktage.<\/p>\n<p><strong>F: Wie lange dauert die Lieferung?<\/strong><br \/>\nA: Die Lieferzeit betr\u00e4gt je nach Standort 7\u201314 Werktage.<\/p>\n<p><strong>F: Wie kann ich meine Bestellung verfolgen?<\/strong><br \/>\nA: Nach dem Versand erhalten Sie eine Best\u00e4tigungs-E-Mail mit einer Sendungsverfolgungsnummer zur Echtzeitverfolgung.<\/p>\n<p><strong>F: Wie lauten Ihre R\u00fcckgabebedingungen?<\/strong><br \/>\nA: Wir bieten ein 30-t\u00e4giges R\u00fcckgaberecht f\u00fcr R\u00fcckerstattungen oder Umtausch. .<\/p>\n<p><strong>F: Wird es Zollprobleme geben?<br \/>\n<\/strong>Wir k\u00fcmmern uns um alle Zollabfertigungsverfahren, um Ihnen ein reibungsloses Erlebnis zu gew\u00e4hrleisten. .<\/p>\n<p><strong>F: Welche Versandarten werden verwendet?<\/strong><br \/>\nWir arbeiten mit UPS\/DHL\/FEDEX\/DPD etc. zusammen. Je nach Lieferland w\u00e4hlen wir die passende Versandoption aus, um sicherzustellen, dass Sie Ihre Produkte schnellstm\u00f6glich erhalten.<\/p>\n<p><a href=\"https:\/\/pgvape.com\/de\/faqs\/\">Klicken Sie hier f\u00fcr weitere FAQ<\/a><\/p>\n<p>Liebe Kunden, wenn Sie Fragen zu Ihrer Bestellung oder zum Wareneingang haben, wenden Sie sich bitte an unseren Kundenservice. Vielen Dank!<\/p>\n<h3 data-sourcepos=\"73:1-73:21\"><strong data-sourcepos=\"73:7-73:21\">Kontaktieren Sie uns<\/strong><\/h3>\n<div id=\"text-2419739398\" class=\"text\">\n<p><strong data-sourcepos=\"75:3-75:12\">E-Mail<\/strong>:\u00a0<a href=\"mailto:support@pgvape.com\"><strong>support@pgvape.com<\/strong><\/a><\/p>\n<p><strong data-sourcepos=\"76:3-76:15\">WhatsApp<\/strong>:\u00a0<a href=\"https:\/\/wa.me\/+8618128481258\"><strong>+86 18128481258<\/strong><\/a><br \/>\n<strong>(Antwort innerhalb von 24 Stunden an Werktagen)<\/strong><\/p>\n<\/div>\n<h3><strong>Vielen Dank, dass Sie sich f\u00fcr pgvape.com entschieden haben! .<\/strong><\/h3>\n<\/div>","protected":false},"excerpt":{"rendered":"<p><strong>VOPK Cool Bar 20000<\/strong>\u00a0<strong>20.000 Z\u00fcge<\/strong>, <strong>5% nic<\/strong>, <strong>Mesh-Spule<\/strong>, <strong>einstellbarer Luftstrom<\/strong>, <strong>Intelligentes Display<\/strong>, <strong>Typ-C<\/strong>.<strong>Coole Geschmacksrichtungen, intelligente Technologie, ganz nach Ihrem Geschmack.<\/strong><\/p>","protected":false},"featured_media":9737,"comment_status":"open","ping_status":"closed","template":"","meta":{"_seopress_robots_primary_cat":"none","_seopress_titles_title":"","_seopress_titles_desc":"","_seopress_robots_index":""},"product_brand":[516,218],"product_cat":[84,515,31],"product_tag":[367,135,90,608],"class_list":{"0":"post-9504","1":"product","2":"type-product","3":"status-publish","4":"has-post-thumbnail","6":"product_brand-disposable-vape","7":"product_brand-vopk-vape","8":"product_cat-20k-puffs-vape","9":"product_cat-disposable-vape","10":"product_cat-vopk-vape","11":"product_tag-20k-puffs-vape","12":"product_tag-adjustable-airflow","13":"product_tag-disposable-vape","14":"product_tag-vopk-cool-bar-20000","16":"first","17":"instock","18":"sale","19":"shipping-taxable","20":"purchasable","21":"product-type-variable"},"_links":{"self":[{"href":"https:\/\/pgvape.com\/de\/wp-json\/wp\/v2\/product\/9504","targetHints":{"allow":["GET"]}}],"collection":[{"href":"https:\/\/pgvape.com\/de\/wp-json\/wp\/v2\/product"}],"about":[{"href":"https:\/\/pgvape.com\/de\/wp-json\/wp\/v2\/types\/product"}],"replies":[{"embeddable":true,"href":"https:\/\/pgvape.com\/de\/wp-json\/wp\/v2\/comments?post=9504"}],"wp:featuredmedia":[{"embeddable":true,"href":"https:\/\/pgvape.com\/de\/wp-json\/wp\/v2\/media\/9737"}],"wp:attachment":[{"href":"https:\/\/pgvape.com\/de\/wp-json\/wp\/v2\/media?parent=9504"}],"wp:term":[{"taxonomy":"product_brand","embeddable":true,"href":"https:\/\/pgvape.com\/de\/wp-json\/wp\/v2\/product_brand?post=9504"},{"taxonomy":"product_cat","embeddable":true,"href":"https:\/\/pgvape.com\/de\/wp-json\/wp\/v2\/product_cat?post=9504"},{"taxonomy":"product_tag","embeddable":true,"href":"https:\/\/pgvape.com\/de\/wp-json\/wp\/v2\/product_tag?post=9504"}],"curies":[{"name":"wp","href":"https:\/\/api.w.org\/{rel}","templated":true}]}}