{"id":9431,"date":"2026-03-13T07:43:36","date_gmt":"2026-03-13T07:43:36","guid":{"rendered":"https:\/\/pgvape.com\/?post_type=product&#038;p=9431"},"modified":"2026-03-19T15:37:41","modified_gmt":"2026-03-19T15:37:41","slug":"bang-king-100-000-100-000-puffs-3-in-1-geschmack-einweg-vape-2-3-5-nikotin-12-geschmack-led-bildschirm-vape-fabrik-im-groshandel","status":"publish","type":"product","link":"https:\/\/pgvape.com\/de\/produkt\/bang-king-100-000-100-000-puffs-3-in-1-geschmack-einweg-vape-2-3-5-nikotin-12-geschmack-led-bildschirm-vape-fabrik-im-groshandel\/","title":{"rendered":"Bang King 100000 100k Puffs 3in1 Geschmack Einweg-Vape % 2% 3% 5%Nicotine 12Taste LED-Bildschirm Vape Factory Gro\u00dfhandel"},"content":{"rendered":"<p><strong>Bang King 100K<\/strong> liefert <strong>100.000 Z\u00fcge<\/strong> \u00fcber <strong>3-in-1-Triple-Tank-Technologie<\/strong>, angetrieben von einem <strong>850 mAh wiederaufladbar<\/strong> Batterie und <strong>1.2*3-\u03a9-Mesh-Coil-Setup<\/strong>.<br \/>\n<strong>Typ-C-Schnellladung<\/strong>, <strong>12 dreifache Geschmackskombinationen<\/strong> Und <strong>Gro\u00dfhandelsfertige Verpackung<\/strong> Gib dir <strong>Dreifacher Spa\u00df, maximale Ausdauer, Mengenersparnis<\/strong>\u2013 perfekt f\u00fcr <strong>Gro\u00dfhandelsk\u00e4ufer von VapeXYZ<\/strong>.<\/p>\n<p>&nbsp;<\/p>\n<h2><span style=\"font-size: 100%;\">Bang King 100.000 100.000 Puffs 3-in-1-Geschmack Einweg-Vape <strong>Spezifikationen:<\/strong><\/span><\/h2>\n<p><strong>Puffs<\/strong>: Bis zu <strong>100,000<\/strong><\/p>\n<p><strong>Batterie<\/strong>: <strong>850 mAh<\/strong> \u2013 wiederaufladbar, starke Leistung<\/p>\n<p><strong>System<\/strong>: <strong>3-in-1-Dreifachtank<\/strong> \u2013 drei Empfindungen, ein Ger\u00e4t<\/p>\n<p><strong>Spule<\/strong>: <strong>Mesh-Spule (1.2*3 \u03a9)<\/strong> \u2013 Reibungslose, konsistente Ausgabe<\/p>\n<p><strong>Aufladen<\/strong>: <strong>Typ-C<\/strong> \u2013 schnell, modern, minimale Ausfallzeiten<\/p>\n<p><strong>Verpackung<\/strong>: Gro\u00dfhandelsbereit \u2013 Einzel-, Mittel- und Massenoptionen<\/p>\n<p>&nbsp;<\/p>\n<h3><span style=\"font-size: 100%;\">Bang King 100.000 100.000 Puffs 3-in-1-Geschmack Einweg-Vape <strong>Geschmacksliste:<\/strong><\/span><\/h3>\n<p><strong>1.Erdbeere und Wassermelone und Erdbeer-Wassermelone<\/strong><\/p>\n<p><strong>2. Blaubeeren und Wassermelone und Blaubeeren und Wassermelone<\/strong><\/p>\n<p><strong>3.Pfirsiche &amp; Mango &amp; Pfirsich-Mango<\/strong><\/p>\n<p><strong>4.Ananas &amp; Mango &amp; Ananas-Mango<\/strong><\/p>\n<p><strong>5. Erdbeeren, Mango und Mango-Pfirsich und Mango-Pfirsich-Wassermelone<\/strong><\/p>\n<p><strong>6. Traubeneis &amp; Blaubeertraube &amp; Kirschbl\u00fctentraube<\/strong><\/p>\n<p><strong>7.Funktionelle Getr\u00e4nke &amp; Love 66 &amp; gemischte Fr\u00fcchte<\/strong><\/p>\n<p><strong>8. Blaubeer-Minze &amp; Blaubeer-Himbeer- &amp; Dreifachform<\/strong><\/p>\n<p><strong>9.Erdbeer-Kiwi &amp; Kiwi-Guave &amp; Black Dragon Ice<\/strong><\/p>\n<p><strong>10.Cola-Eis &amp; Erdbeer-Vanille-Cola &amp; Kirschkakao<\/strong><\/p>\n<p><strong>11.Wassermelonen-Kaugummi und Blaubeer-Kaugummi und Blaubeer-Wassermelone<\/strong><\/p>\n<p><strong>12.Bananeneis und Erdbeere Bananen- und Erdbeereis<img loading=\"lazy\" decoding=\"async\" class=\"alignnone wp-image-9436 size-full\" src=\"https:\/\/pgvape.com\/wp-content\/uploads\/2026\/03\/Bang-King-100000-100k-Puffs-3-in-1-Flavor-Disposable-Vape-2-3-5Nicotine-12Taste-LED-Screen-Vape-Factory-Wholesale-3.png\" alt=\"\" width=\"1342\" height=\"2000\" srcset=\"https:\/\/pgvape.com\/wp-content\/uploads\/2026\/03\/Bang-King-100000-100k-Puffs-3-in-1-Flavor-Disposable-Vape-2-3-5Nicotine-12Taste-LED-Screen-Vape-Factory-Wholesale-3.png 1342w, https:\/\/pgvape.com\/wp-content\/uploads\/2026\/03\/Bang-King-100000-100k-Puffs-3-in-1-Flavor-Disposable-Vape-2-3-5Nicotine-12Taste-LED-Screen-Vape-Factory-Wholesale-3-242x360.png 242w, https:\/\/pgvape.com\/wp-content\/uploads\/2026\/03\/Bang-King-100000-100k-Puffs-3-in-1-Flavor-Disposable-Vape-2-3-5Nicotine-12Taste-LED-Screen-Vape-Factory-Wholesale-3-595x887.png 595w, https:\/\/pgvape.com\/wp-content\/uploads\/2026\/03\/Bang-King-100000-100k-Puffs-3-in-1-Flavor-Disposable-Vape-2-3-5Nicotine-12Taste-LED-Screen-Vape-Factory-Wholesale-3-268x400.png 268w, https:\/\/pgvape.com\/wp-content\/uploads\/2026\/03\/Bang-King-100000-100k-Puffs-3-in-1-Flavor-Disposable-Vape-2-3-5Nicotine-12Taste-LED-Screen-Vape-Factory-Wholesale-3-768x1145.png 768w, https:\/\/pgvape.com\/wp-content\/uploads\/2026\/03\/Bang-King-100000-100k-Puffs-3-in-1-Flavor-Disposable-Vape-2-3-5Nicotine-12Taste-LED-Screen-Vape-Factory-Wholesale-3-1031x1536.png 1031w, https:\/\/pgvape.com\/wp-content\/uploads\/2026\/03\/Bang-King-100000-100k-Puffs-3-in-1-Flavor-Disposable-Vape-2-3-5Nicotine-12Taste-LED-Screen-Vape-Factory-Wholesale-3-8x12.png 8w, https:\/\/pgvape.com\/wp-content\/uploads\/2026\/03\/Bang-King-100000-100k-Puffs-3-in-1-Flavor-Disposable-Vape-2-3-5Nicotine-12Taste-LED-Screen-Vape-Factory-Wholesale-3-600x894.png 600w\" sizes=\"auto, (max-width: 1342px) 100vw, 1342px\" \/><\/strong><\/p>\n<p>&nbsp;<\/p>\n<h2>H\u00e4ufig gestellte Fragen zu Bang King 100000 100k Puffs 3in1-Geschmack-Einweg-Vaporizer<\/h2>\n<p>\u2753 <strong>Was bedeutet \u201c3-in-1\u201d?<\/strong><br \/>\n\u2705 <strong>Drei verschiedene Geschmackskombinationen<\/strong> in einem Ger\u00e4t \u2013 entdecken Sie die Vielfalt, ohne den Vape zu wechseln.<\/p>\n<p>\u2753 <strong>Wie lade ich auf?<\/strong><br \/>\n\u2705 <strong>Standard-Typ-C-Kabel<\/strong> \u2013 Schlie\u00dfen Sie den Akku an, wenn der Akku leer ist, und genie\u00dfen Sie ihn weiter <strong>100.000 Z\u00fcge<\/strong>.<\/p>\n<p>\u2753 <strong>In gro\u00dfen Mengen verf\u00fcgbar?<\/strong><br \/>\n\u2705 <strong>Absolut<\/strong> \u2013 Gro\u00dfhandelsspezialist, Einkauf <strong>gro\u00dfe Mengen<\/strong> direkt von <strong>VapeXYZ<\/strong>.<\/p>\n<p>\u2753 <strong>Einfach zu bedienen?<\/strong><br \/>\n\u2705 <strong>Ja<\/strong> \u2013 <strong>Auspacken und los<\/strong>, entworfen f\u00fcr Einfachheit und sofortigen Genuss.<\/p>\n<p>&nbsp;<\/p>\n<h3 id=\"brxe-najhln\" class=\"brxe-heading\">H\u00e4ufig gestellte Fragen (FAQ)<\/h3>\n<div id=\"brxe-rajiac\" class=\"brxe-text\">\n<p><strong>F: Welche Zahlungsmethoden akzeptieren Sie?<\/strong><br \/>\nA: Wir akzeptieren PayPal, Stripe, Bank\u00fcberweisungen (SEPA unterst\u00fctzt), g\u00e4ngige Kreditkarten (Visa, MasterCard, American Express) und Zahlungen in Kryptow\u00e4hrung.<\/p>\n<p><strong>F: Wie lange dauert die Auftragsvorbereitung?<\/strong><br \/>\nA: Die Auftragsvorbereitung dauert 1-3 Werktage.<\/p>\n<p><strong>F: Wie lange dauert die Lieferung?<\/strong><br \/>\nA: Die Lieferzeit betr\u00e4gt je nach Standort 7\u201314 Werktage. Die Lieferung von Waren aus europ\u00e4ischen Lagern dauert in der Regel 3\u20136 Werktage.<\/p>\n<p><strong>F: Wie kann ich meine Bestellung verfolgen?<\/strong><br \/>\nA: Nach dem Versand erhalten Sie eine Best\u00e4tigungs-E-Mail mit einer Sendungsverfolgungsnummer zur Echtzeitverfolgung.<\/p>\n<p><strong>F: Wie lauten Ihre R\u00fcckgabebedingungen?<\/strong><br \/>\nA: Wir bieten ein 30-t\u00e4giges R\u00fcckgaberecht f\u00fcr R\u00fcckerstattungen oder Umtausch. .<\/p>\n<p><strong>F: Wird es Zollprobleme geben?<br \/>\n<\/strong>Wir k\u00fcmmern uns um alle Zollabfertigungsverfahren, um Ihnen ein reibungsloses Erlebnis zu gew\u00e4hrleisten. .<\/p>\n<p><strong>F: Welche Versandarten werden verwendet?<\/strong><br \/>\nWir arbeiten mit UPS\/DHL\/FEDEX\/DPD etc. zusammen. Je nach Lieferland w\u00e4hlen wir die passende Versandoption aus, um sicherzustellen, dass Sie Ihre Produkte schnellstm\u00f6glich erhalten.<\/p>\n<p><a href=\"https:\/\/pgvape.com\/de\/faqs\/\">Klicken Sie hier f\u00fcr weitere FAQ<\/a><\/p>\n<p>Liebe Kunden, wenn Sie Fragen zu Ihrer Bestellung oder zum Wareneingang haben, wenden Sie sich bitte an unseren Kundenservice. Vielen Dank!<\/p>\n<h3 data-sourcepos=\"73:1-73:21\"><strong data-sourcepos=\"73:7-73:21\">Kontaktieren Sie uns<\/strong><\/h3>\n<div id=\"text-2419739398\" class=\"text\">\n<p><strong data-sourcepos=\"75:3-75:12\">E-Mail<\/strong>:\u00a0<a href=\"mailto:support@pgvape.com\"><strong>support@pgvape.com<\/strong><\/a><\/p>\n<p><strong data-sourcepos=\"76:3-76:15\">WhatsApp<\/strong>:\u00a0<a href=\"https:\/\/wa.me\/+8618128481258\"><strong>+86 18128481258<\/strong><\/a><br \/>\n<strong>(Antwort innerhalb von 24 Stunden an Werktagen)<\/strong><\/p>\n<\/div>\n<h3><strong>Vielen Dank, dass Sie sich f\u00fcr pgvape.com entschieden haben! .<\/strong><\/h3>\n<\/div>","protected":false},"excerpt":{"rendered":"<p><strong>Bang King 100000<\/strong> <strong>100.000 Z\u00fcge<\/strong>, <strong>3-in-1-Dreifachtank<\/strong>, <strong>1.2*3 \u03a9 Netz<\/strong>, <strong>850 mAh Typ-C<\/strong>, <strong>Gro\u00dfhandelsfertig<\/strong>.<strong>Dreifacher Geschmack, dreifacher Spa\u00df, ein epischer Dampf.<\/strong><\/p>","protected":false},"featured_media":9435,"comment_status":"open","ping_status":"closed","template":"","meta":{"_seopress_robots_primary_cat":"none","_seopress_titles_title":"","_seopress_titles_desc":"","_seopress_robots_index":""},"product_brand":[19,516],"product_cat":[170,18,515],"product_tag":[395,605,604,607,90,490],"class_list":{"0":"post-9431","1":"product","2":"type-product","3":"status-publish","4":"has-post-thumbnail","6":"product_brand-bang-king-vape","7":"product_brand-disposable-vape","8":"product_cat-100k-puffs-vape","9":"product_cat-bang-king-vape","10":"product_cat-disposable-vape","11":"product_tag-100k-puffs-vape","12":"product_tag-3in1-flavor","13":"product_tag-bang-king-100000","14":"product_tag-bang-king-vape","15":"product_tag-disposable-vape","16":"product_tag-minimum-2-pieces","18":"first","19":"instock","20":"sale","21":"shipping-taxable","22":"purchasable","23":"product-type-variable"},"_links":{"self":[{"href":"https:\/\/pgvape.com\/de\/wp-json\/wp\/v2\/product\/9431","targetHints":{"allow":["GET"]}}],"collection":[{"href":"https:\/\/pgvape.com\/de\/wp-json\/wp\/v2\/product"}],"about":[{"href":"https:\/\/pgvape.com\/de\/wp-json\/wp\/v2\/types\/product"}],"replies":[{"embeddable":true,"href":"https:\/\/pgvape.com\/de\/wp-json\/wp\/v2\/comments?post=9431"}],"wp:featuredmedia":[{"embeddable":true,"href":"https:\/\/pgvape.com\/de\/wp-json\/wp\/v2\/media\/9435"}],"wp:attachment":[{"href":"https:\/\/pgvape.com\/de\/wp-json\/wp\/v2\/media?parent=9431"}],"wp:term":[{"taxonomy":"product_brand","embeddable":true,"href":"https:\/\/pgvape.com\/de\/wp-json\/wp\/v2\/product_brand?post=9431"},{"taxonomy":"product_cat","embeddable":true,"href":"https:\/\/pgvape.com\/de\/wp-json\/wp\/v2\/product_cat?post=9431"},{"taxonomy":"product_tag","embeddable":true,"href":"https:\/\/pgvape.com\/de\/wp-json\/wp\/v2\/product_tag?post=9431"}],"curies":[{"name":"wp","href":"https:\/\/api.w.org\/{rel}","templated":true}]}}