{"id":9401,"date":"2026-03-13T06:10:06","date_gmt":"2026-03-13T06:10:06","guid":{"rendered":"https:\/\/pgvape.com\/?post_type=product&#038;p=9401"},"modified":"2026-03-19T15:35:10","modified_gmt":"2026-03-19T15:35:10","slug":"bang-legend-300000-300-000-puffs-8in1-geschmack-einweg-vape-0-2-3-5-nikotin-12-geschmack-led-bildschirm-vape-fabrik-groshandel","status":"publish","type":"product","link":"https:\/\/pgvape.com\/de\/produkt\/bang-legend-300000-300-000-puffs-8in1-geschmack-einweg-vape-0-2-3-5-nikotin-12-geschmack-led-bildschirm-vape-fabrik-groshandel\/","title":{"rendered":"Bang Legend 300000 300k Puffs 8in1 Geschmack Einweg-Vape 0% 2% 3% 5%Nikotin 12Taste LED-Bildschirm Vape Factory Gro\u00dfhandel"},"content":{"rendered":"<p><strong>Bang Legend 300K<\/strong> liefert <strong class=\"\">300.000 Z\u00fcge<\/strong> aus <strong class=\"\">40 ml<\/strong> E-Liquid, angetrieben von <strong>vier 1.0 \u03a9-Maschenspulen<\/strong>, ein <strong class=\"\">850 mAh Typ-C<\/strong> Batterie und ein <strong>LED-Bildschirm<\/strong>.<br \/>\n<strong>8-in-1-Geschmackssystem<\/strong>, <strong>0 % \/ 2 % \/ 3 % \/ 5 %<\/strong> Nikotin und <strong>12 verschiedene Geschmackskombinationen<\/strong> Gib dir <strong>extreme Langlebigkeit, maximale Vielfalt, moderner Komfort<\/strong>\u2013 das Ultimative <strong>Einwegartikel mit hoher Kapazit\u00e4t<\/strong>.<\/p>\n<p>&nbsp;<\/p>\n<h2><span style=\"font-size: 90%;\">Bang Legend 300000 300k Puffs 8in1-Geschmack Einweg-Vape <strong>Spezifikationen:<\/strong><\/span><\/h2>\n<p><strong>Puffs<\/strong>: Bis zu <strong>300,000<\/strong> \u2013 extrem langlebig<\/p>\n<p><strong>E-Liquid<\/strong>: <strong>40 ml<\/strong> \u2013 l\u00e4ngere Nutzung ohne Ersatz<\/p>\n<p><strong>Geschmackssystem<\/strong>: <strong>8-in-1<\/strong> \u2013 mehrere Kombinationen, ein Ger\u00e4t<\/p>\n<p><strong>Spulen<\/strong>: <strong>4 \u00d7 1.0 \u03a9-Netz<\/strong> \u2013 reicherer Geschmack, sanfterer Dampf<\/p>\n<p><strong>Batterie<\/strong>: <strong>850 mAh<\/strong>, <strong>Typ-C<\/strong> Schnellladung \u2013 stabile Tagesleistung<\/p>\n<p><strong>Anzeige<\/strong>: <strong class=\"\">LED-Bildschirm<\/strong> \u2013 Batteriestatus auf einen Blick<\/p>\n<p><strong>Nikotin<\/strong>: <strong>0 %, 2 %, 3 %, 5 %<\/strong> \u2013 flexibel f\u00fcr alle Vorlieben<\/p>\n<p><strong>Design<\/strong>: Modern, praktisch, alltagstauglich<\/p>\n<p>&nbsp;<\/p>\n<h3><span style=\"font-size: 90%;\">Bang Legend 300000 300k Puffs 8in1-Geschmack Einweg-Vape <strong>Geschmacksliste:<\/strong><\/span><\/h3>\n<p><strong>1.Mamba &amp; Pfirsich-Mango-Wassermelan &amp; Energy Drink &amp; Traubeneis<\/strong><\/p>\n<p><strong>2. Passionsfrucht-Mango-Pfirsich-Ananas-Blaubeer-Himbeer-Wassermelonen-Eis<\/strong><\/p>\n<p><strong>3.Lemon Sour Orange &amp; Mango Peach &amp; Watermelon Ice &amp; Berry Ice<\/strong><\/p>\n<p><strong>4. Apfelbirne &amp; Erdbeer-Mango &amp; Erdbeer-Wassermelone &amp; Blaubeereis<\/strong><\/p>\n<p><strong>5. Wassermelone, Beere und Mango, Pfirsich, Aprikose, Erdbeere, Kiwi und Pfirsich, Mango, Wassermelan<\/strong><\/p>\n<p><strong>6.Summer Time &amp; Mango Ice &amp; Love 66 &amp; Sour Mango Pineapple<\/strong><\/p>\n<p><strong>7.Kiwi-Passionsfrucht-Guave &amp; Traubeneis &amp; Leidenschaftliche K\u00fcsse &amp; Wassermelone-Sauer-Pfirsich<\/strong><\/p>\n<p><strong>8.Wassermelone Pitaya &amp; Apfel-Birne &amp; Passionsfrucht-Kiwi-Limette &amp; Blaubeer-Pfirsich-Eis<\/strong><\/p>\n<p><strong>9.Erdbeer-Banane &amp; Wassermelonen-Beere &amp; Blaubeereis &amp; Fuji-Eis<\/strong><\/p>\n<p><strong>10.Gummib\u00e4rchen &amp; gemischte Beeren &amp; Erdbeer-Wassermelonen-Limetten-Romanze<\/strong><\/p>\n<p><strong>11.Wassermelonen-Kaugummi &amp; Blaubeer-Pfirsich-Eis &amp; Cantaloupe-Apfel &amp; Erdbeer-Banane<\/strong><\/p>\n<p><strong>12. Wassermelonen-Sauerpfirsich und Blaubeereis sowie kalifornische Kirsche und Erdbeer-Mango<img loading=\"lazy\" decoding=\"async\" class=\"alignnone wp-image-9406 size-full\" src=\"https:\/\/pgvape.com\/wp-content\/uploads\/2026\/03\/Bang-Legend-300000-300k-Puffs-8-in-1-Flavor-Disposable-Vape-0-2-3-5Nicotine-12Taste-LED-Screen-Vape-Factory-Wholesale-3.png\" alt=\"Verschiedene Bang Legend 8in1 Energy-Drink-Dosen mit Cartoon-Affen in leuchtenden Farben, in zwei Reihen auf neonfarbenem Hintergrund angeordnet.\" width=\"1976\" height=\"1909\" srcset=\"https:\/\/pgvape.com\/wp-content\/uploads\/2026\/03\/Bang-Legend-300000-300k-Puffs-8-in-1-Flavor-Disposable-Vape-0-2-3-5Nicotine-12Taste-LED-Screen-Vape-Factory-Wholesale-3.png 1976w, https:\/\/pgvape.com\/wp-content\/uploads\/2026\/03\/Bang-Legend-300000-300k-Puffs-8-in-1-Flavor-Disposable-Vape-0-2-3-5Nicotine-12Taste-LED-Screen-Vape-Factory-Wholesale-3-373x360.png 373w, https:\/\/pgvape.com\/wp-content\/uploads\/2026\/03\/Bang-Legend-300000-300k-Puffs-8-in-1-Flavor-Disposable-Vape-0-2-3-5Nicotine-12Taste-LED-Screen-Vape-Factory-Wholesale-3-595x575.png 595w, https:\/\/pgvape.com\/wp-content\/uploads\/2026\/03\/Bang-Legend-300000-300k-Puffs-8-in-1-Flavor-Disposable-Vape-0-2-3-5Nicotine-12Taste-LED-Screen-Vape-Factory-Wholesale-3-400x386.png 400w, https:\/\/pgvape.com\/wp-content\/uploads\/2026\/03\/Bang-Legend-300000-300k-Puffs-8-in-1-Flavor-Disposable-Vape-0-2-3-5Nicotine-12Taste-LED-Screen-Vape-Factory-Wholesale-3-768x742.png 768w, https:\/\/pgvape.com\/wp-content\/uploads\/2026\/03\/Bang-Legend-300000-300k-Puffs-8-in-1-Flavor-Disposable-Vape-0-2-3-5Nicotine-12Taste-LED-Screen-Vape-Factory-Wholesale-3-1536x1484.png 1536w, https:\/\/pgvape.com\/wp-content\/uploads\/2026\/03\/Bang-Legend-300000-300k-Puffs-8-in-1-Flavor-Disposable-Vape-0-2-3-5Nicotine-12Taste-LED-Screen-Vape-Factory-Wholesale-3-12x12.png 12w, https:\/\/pgvape.com\/wp-content\/uploads\/2026\/03\/Bang-Legend-300000-300k-Puffs-8-in-1-Flavor-Disposable-Vape-0-2-3-5Nicotine-12Taste-LED-Screen-Vape-Factory-Wholesale-3-600x580.png 600w\" sizes=\"auto, (max-width: 1976px) 100vw, 1976px\" \/><\/strong><\/p>\n<p>&nbsp;<\/p>\n<h2>H\u00e4ufig gestellte Fragen zu Bang Legend 300000 300k Puffs 8in1 Flavor Einweg-Vaporizer<\/h2>\n<p>\u2753 <strong>Wie viele Z\u00fcge?<\/strong><br \/>\n\u2705 <strong>Bis zu 300.000<\/strong> \u2013 extrem langanhaltende Erfahrung.<\/p>\n<p>\u2753 <strong>Nikotinst\u00e4rken verf\u00fcgbar?<\/strong><br \/>\n\u2705 <strong>0 %, 2 %, 3 %, 5 %<\/strong> \u2013 W\u00e4hlen Sie Ihr bevorzugtes Niveau.<\/p>\n<p>\u2753 <strong>Ist es wiederaufladbar?<\/strong><br \/>\n\u2705 <strong class=\"\">Ja<\/strong> \u2013 <strong>850 mAh<\/strong> Batterie mit <strong>Typ-C<\/strong> schnelles Aufladen.<\/p>\n<p>\u2753 <strong>Was macht es einzigartig?<\/strong><br \/>\n\u2705 <strong>8-in-1-Geschmacksrichtungen<\/strong> + <strong>Quad-Mesh-Spulen<\/strong> + <strong>LED-Anzeige<\/strong> + <strong>40 ml Fassungsverm\u00f6gen<\/strong> = vielseitig, langlebig, leistungsstark.<\/p>\n<p>\u2753 <strong>Wo kaufen?<\/strong><br \/>\n\u2705 Erh\u00e4ltlich unter <strong>KingApeVape<\/strong> \u2013 Gro\u00dfe Auswahl an Einwegartikeln mit hoher Kapazit\u00e4t und Geschmacksrichtungen.<\/p>\n<p>&nbsp;<\/p>\n<h3 id=\"brxe-najhln\" class=\"brxe-heading\">H\u00e4ufig gestellte Fragen (FAQ)<\/h3>\n<div id=\"brxe-rajiac\" class=\"brxe-text\">\n<p><strong>F: Welche Zahlungsmethoden akzeptieren Sie?<\/strong><br \/>\nA: Wir akzeptieren PayPal, Stripe, Bank\u00fcberweisungen (SEPA unterst\u00fctzt), g\u00e4ngige Kreditkarten (Visa, MasterCard, American Express) und Zahlungen in Kryptow\u00e4hrung.<\/p>\n<p><strong>F: Wie lange dauert die Auftragsvorbereitung?<\/strong><br \/>\nA: Die Auftragsvorbereitung dauert 1-3 Werktage.<\/p>\n<p><strong>F: Wie lange dauert die Lieferung?<\/strong><br \/>\nA: Die Lieferzeit betr\u00e4gt je nach Standort 7\u201314 Werktage. Die Lieferung von Waren aus europ\u00e4ischen Lagern dauert in der Regel 3\u20136 Werktage.<\/p>\n<p><strong>F: Wie kann ich meine Bestellung verfolgen?<\/strong><br \/>\nA: Nach dem Versand erhalten Sie eine Best\u00e4tigungs-E-Mail mit einer Sendungsverfolgungsnummer zur Echtzeitverfolgung.<\/p>\n<p><strong>F: Wie lauten Ihre R\u00fcckgabebedingungen?<\/strong><br \/>\nA: Wir bieten ein 30-t\u00e4giges R\u00fcckgaberecht f\u00fcr R\u00fcckerstattungen oder Umtausch. .<\/p>\n<p><strong>F: Wird es Zollprobleme geben?<br \/>\n<\/strong>Wir k\u00fcmmern uns um alle Zollabfertigungsverfahren, um Ihnen ein reibungsloses Erlebnis zu gew\u00e4hrleisten. .<\/p>\n<p><strong>F: Welche Versandarten werden verwendet?<\/strong><br \/>\nWir arbeiten mit UPS\/DHL\/FEDEX\/DPD etc. zusammen. Je nach Lieferland w\u00e4hlen wir die passende Versandoption aus, um sicherzustellen, dass Sie Ihre Produkte schnellstm\u00f6glich erhalten.<\/p>\n<p><a href=\"https:\/\/pgvape.com\/de\/faqs\/\">Klicken Sie hier f\u00fcr weitere FAQ<\/a><\/p>\n<p>Liebe Kunden, wenn Sie Fragen zu Ihrer Bestellung oder zum Wareneingang haben, wenden Sie sich bitte an unseren Kundenservice. Vielen Dank!<\/p>\n<h3 data-sourcepos=\"73:1-73:21\"><strong data-sourcepos=\"73:7-73:21\">Kontaktieren Sie uns<\/strong><\/h3>\n<div id=\"text-2419739398\" class=\"text\">\n<p><strong data-sourcepos=\"75:3-75:12\">E-Mail<\/strong>:\u00a0<a href=\"mailto:support@pgvape.com\"><strong>support@pgvape.com<\/strong><\/a><\/p>\n<p><strong data-sourcepos=\"76:3-76:15\">WhatsApp<\/strong>:\u00a0<a href=\"https:\/\/wa.me\/+8618128481258\"><strong>+86 18128481258<\/strong><\/a><br \/>\n<strong>(Antwort innerhalb von 24 Stunden an Werktagen)<\/strong><\/p>\n<\/div>\n<h3><strong>Vielen Dank, dass Sie sich f\u00fcr pgvape.com entschieden haben! .<\/strong><\/h3>\n<\/div>","protected":false},"excerpt":{"rendered":"<p><strong>Bang Legend 300000<\/strong> <strong>300.000 Z\u00fcge<\/strong>, <strong>40 ml<\/strong>, <strong>8-in-1-Geschmacksrichtungen<\/strong>, <strong>Quad-Netz<\/strong>, <strong>LED-Anzeige<\/strong>, <strong>Typ-C<\/strong>, <strong>0-5% nic<\/strong>.<strong>Legend\u00e4re Kapazit\u00e4t, acht Geschmacksrichtungen, ein epischer Vape.<\/strong><\/p>","protected":false},"featured_media":9405,"comment_status":"open","ping_status":"closed","template":"","meta":{"_seopress_robots_primary_cat":"none","_seopress_titles_title":"%%post_title%%","_seopress_titles_desc":"","_seopress_robots_index":""},"product_brand":[72,516],"product_cat":[517,71,515],"product_tag":[519,601,603,606,90,490],"class_list":{"0":"post-9401","1":"product","2":"type-product","3":"status-publish","4":"has-post-thumbnail","6":"product_brand-bang-legend-vape","7":"product_brand-disposable-vape","8":"product_cat-300k-puffs-vape","9":"product_cat-bang-legend-vape","10":"product_cat-disposable-vape","11":"product_tag-300k-puffs-vape","12":"product_tag-8in1-flavor","13":"product_tag-bang-legend-300000","14":"product_tag-bang-legend-vape","15":"product_tag-disposable-vape","16":"product_tag-minimum-2-pieces","18":"first","19":"instock","20":"sale","21":"shipping-taxable","22":"purchasable","23":"product-type-variable"},"_links":{"self":[{"href":"https:\/\/pgvape.com\/de\/wp-json\/wp\/v2\/product\/9401","targetHints":{"allow":["GET"]}}],"collection":[{"href":"https:\/\/pgvape.com\/de\/wp-json\/wp\/v2\/product"}],"about":[{"href":"https:\/\/pgvape.com\/de\/wp-json\/wp\/v2\/types\/product"}],"replies":[{"embeddable":true,"href":"https:\/\/pgvape.com\/de\/wp-json\/wp\/v2\/comments?post=9401"}],"wp:featuredmedia":[{"embeddable":true,"href":"https:\/\/pgvape.com\/de\/wp-json\/wp\/v2\/media\/9405"}],"wp:attachment":[{"href":"https:\/\/pgvape.com\/de\/wp-json\/wp\/v2\/media?parent=9401"}],"wp:term":[{"taxonomy":"product_brand","embeddable":true,"href":"https:\/\/pgvape.com\/de\/wp-json\/wp\/v2\/product_brand?post=9401"},{"taxonomy":"product_cat","embeddable":true,"href":"https:\/\/pgvape.com\/de\/wp-json\/wp\/v2\/product_cat?post=9401"},{"taxonomy":"product_tag","embeddable":true,"href":"https:\/\/pgvape.com\/de\/wp-json\/wp\/v2\/product_tag?post=9401"}],"curies":[{"name":"wp","href":"https:\/\/api.w.org\/{rel}","templated":true}]}}