{"id":9367,"date":"2026-03-10T08:25:51","date_gmt":"2026-03-10T08:25:51","guid":{"rendered":"https:\/\/pgvape.com\/?post_type=product&#038;p=9367"},"modified":"2026-03-15T13:57:34","modified_gmt":"2026-03-15T13:57:34","slug":"bang-box-200000-200-000-puffs-8in1-geschmack-einweg-vape-0-2-3-5-nikotin-10-geschmack-smart-screen-vape-fabrik-groshandel","status":"publish","type":"product","link":"https:\/\/pgvape.com\/de\/produkt\/bang-box-200000-200-000-puffs-8in1-geschmack-einweg-vape-0-2-3-5-nikotin-10-geschmack-smart-screen-vape-fabrik-groshandel\/","title":{"rendered":"Bang Box 200000 200k Puffs 8in1 Geschmack Einweg-Vape 0% 2% 3% 5%Nicotine 10Taste Smart Screen Vape Factory Gro\u00dfhandel"},"content":{"rendered":"<p><strong>Bang Box 200K<\/strong> liefert <strong>200.000 Z\u00fcge<\/strong> aus <strong>40 ml<\/strong> \u00fcber <strong>vier unabh\u00e4ngige Tanks<\/strong>, mit <strong>8-in-1-Geschmacksanpassung<\/strong>\u2014<strong>vier Einzelgeschmacksrichtungen + vier individuelle Mischungen<\/strong>.<br \/>\nEin <strong>850 mAh Typ-C<\/strong> Batterie, <strong>Mesh-Spule<\/strong>, <strong>Intelligente Digitalanzeige<\/strong> Und <strong>cooles Affendesign<\/strong> Gib dir <strong>Totale Transparenz, maximale Vielfalt, extreme Langlebigkeit<\/strong>\u2014<strong>0 % \/ 2 % \/ 3 % \/ 5 %<\/strong> Nikotin.<\/p>\n<p>&nbsp;<\/p>\n<h2><strong><span style=\"font-size: 90%;\">Bang Box 200000 200k Puffs 8in1-Geschmack Einweg-Vape-Spezifikationen:<\/span><\/strong><\/h2>\n<p><strong>Puffs<\/strong>: Bis zu <strong>200,000<\/strong> \u2013 Branchenf\u00fchrende Kapazit\u00e4t<\/p>\n<p><strong>E-Liquid<\/strong>: <strong>40 ml<\/strong> \u2013 betr\u00e4chtliches Reservoir<\/p>\n<p><strong>Geschmackssystem<\/strong>: <strong>8-in-1-Anpassung<\/strong> \u2013 4 Einzelgeschmacksrichtungen + 4 individuelle Mischungen, nahtlos umschaltbar<\/p>\n<p><strong>Panzer<\/strong>: <strong>Vierkammer<\/strong> \u2013 unabh\u00e4ngig, Geschmacksintegrit\u00e4t versiegelt<\/p>\n<p><strong>Nikotin<\/strong>: <strong>0 %, 2 %, 3 %, 5 %<\/strong> \u2013 Inklusivoptionen, nikotinfrei verf\u00fcgbar<\/p>\n<p><strong>Batterie<\/strong>: <strong>850 mAh<\/strong>, <strong class=\"\">Typ-C<\/strong> Schnellladung<\/p>\n<p><strong>Spule<\/strong>: <strong>Mesh-Spule<\/strong> \u2013 gleichm\u00e4\u00dfige Erw\u00e4rmung, reicherer Dampf, reinerer Geschmack<\/p>\n<p><strong>Anzeige<\/strong>: <strong>Intelligenter digitaler Bildschirm<\/strong> \u2013 Echtzeit-Akku + individuelle Tankf\u00fcllst\u00e4nde<\/p>\n<p><strong>Design<\/strong>: <strong>Tragbar<\/strong> mit <strong>auff\u00e4llige Affen\u00e4sthetik<\/strong><\/p>\n<p><strong>Ziel<\/strong>: Vielnutzer, Geschmacksforscher, Smart-Vape-Enthusiasten<\/p>\n<p>&nbsp;<\/p>\n<h3><strong><span style=\"font-size: 90%;\">Bang Box 200000 200k Puffs 8in1-Geschmack Einweg-Vape-Geschmacksliste:<\/span><\/strong><\/h3>\n<p><strong class=\"\">1. Blaubeereis \u2022 Blaubeer-Wassermelone \u2022 Himbeere \u2022 Zitronen-Limette<\/strong><\/p>\n<p><strong>2.Wassermeloneneis \u2022 Wassermelonen-Kaugummi \u2022 Kirscheis \u2022 Kaugummi<\/strong><\/p>\n<p><strong class=\"\">3.Minz-Eis \u2022 Blaubeer-Himbeer-Eis \u2022 Trauben-Eis \u2022 Nerdz-S\u00fc\u00dfigkeit<\/strong><\/p>\n<p><strong>4.Triple Honeydew \u2022 Love 66 \u2022 Passionsfrucht \u2022 Ananas-Kokos-Eis<\/strong><\/p>\n<p><strong class=\"\">5. Doppelter Apfel \u2022 Saure Apfel-Himbeere \u2022 Brombeereis \u2022 Ananas-Pfirsich<\/strong><\/p>\n<p><strong>6. Erdbeereis \u2022 Erdbeer-Kiwi \u2022 Blaues Himbeereis \u2022 Rosa Limonade<\/strong><\/p>\n<p><strong>7. Kirsch-Cola \u2022 Blaubeer-Kirsche \u2022 Cranberry \u2022 Erdbeer-Himbeere<\/strong><\/p>\n<p><strong class=\"\">8.Ananas-Eis \u2022 Saure Mango-Ananas \u2022 Pfirsich-Eis \u2022 Ananas-Limonade<\/strong><\/p>\n<p><strong>9. Black Dragon Ice \u2022 Erdbeer-Pitaya \u2022 Dreifache Beere \u2022 Kirsch-Cranberry<\/strong><\/p>\n<p><strong>10.Triple Mango \u2022 Mango-Passionsfrucht \u2022 Ananas-Eis \u2022 Erdbeer-Mango<img loading=\"lazy\" decoding=\"async\" class=\"alignnone wp-image-9382 size-full\" src=\"https:\/\/pgvape.com\/wp-content\/uploads\/2026\/03\/Bang-Box-200k-8-in-1-Flavor-Disposable-Vape-0-2-3-5-Nicotine-10Taste-Smart-Screen-Vape-Factory-Wholesale-13.png\" alt=\"Zehn farbenfrohe Bang Box-Vape-Flaschen in zwei Reihen auf einem leuchtend orangefarbenen Hintergrund angeordnet, mit zwei kreisf\u00f6rmigen Modussymbolen auf der linken Seite.\" width=\"2000\" height=\"1363\" srcset=\"https:\/\/pgvape.com\/wp-content\/uploads\/2026\/03\/Bang-Box-200k-8-in-1-Flavor-Disposable-Vape-0-2-3-5-Nicotine-10Taste-Smart-Screen-Vape-Factory-Wholesale-13.png 2000w, https:\/\/pgvape.com\/wp-content\/uploads\/2026\/03\/Bang-Box-200k-8-in-1-Flavor-Disposable-Vape-0-2-3-5-Nicotine-10Taste-Smart-Screen-Vape-Factory-Wholesale-13-528x360.png 528w, https:\/\/pgvape.com\/wp-content\/uploads\/2026\/03\/Bang-Box-200k-8-in-1-Flavor-Disposable-Vape-0-2-3-5-Nicotine-10Taste-Smart-Screen-Vape-Factory-Wholesale-13-595x405.png 595w, https:\/\/pgvape.com\/wp-content\/uploads\/2026\/03\/Bang-Box-200k-8-in-1-Flavor-Disposable-Vape-0-2-3-5-Nicotine-10Taste-Smart-Screen-Vape-Factory-Wholesale-13-400x273.png 400w, https:\/\/pgvape.com\/wp-content\/uploads\/2026\/03\/Bang-Box-200k-8-in-1-Flavor-Disposable-Vape-0-2-3-5-Nicotine-10Taste-Smart-Screen-Vape-Factory-Wholesale-13-768x523.png 768w, https:\/\/pgvape.com\/wp-content\/uploads\/2026\/03\/Bang-Box-200k-8-in-1-Flavor-Disposable-Vape-0-2-3-5-Nicotine-10Taste-Smart-Screen-Vape-Factory-Wholesale-13-1536x1047.png 1536w, https:\/\/pgvape.com\/wp-content\/uploads\/2026\/03\/Bang-Box-200k-8-in-1-Flavor-Disposable-Vape-0-2-3-5-Nicotine-10Taste-Smart-Screen-Vape-Factory-Wholesale-13-18x12.png 18w, https:\/\/pgvape.com\/wp-content\/uploads\/2026\/03\/Bang-Box-200k-8-in-1-Flavor-Disposable-Vape-0-2-3-5-Nicotine-10Taste-Smart-Screen-Vape-Factory-Wholesale-13-600x409.png 600w\" sizes=\"auto, (max-width: 2000px) 100vw, 2000px\" \/><\/strong><\/p>\n<p>&nbsp;<\/p>\n<h3><span style=\"font-size: 90%;\">Bang Box 200000 200k Puffs 8in1-Geschmack Einweg-Vape-Video:<\/span><\/h3>\n<p><iframe loading=\"lazy\" title=\"Bang Box 200k Puffs 8in1 Geschmack Einweg-Vape 10Taste Smart Screen Vape Factory Gro\u00dfhandel pgvape\" width=\"563\" height=\"1000\" src=\"https:\/\/www.youtube.com\/embed\/thIWK5uQgmw?feature=oembed\" frameborder=\"0\" allow=\"accelerometer; autoplay; clipboard-write; encrypted-media; gyroscope; picture-in-picture; web-share\" referrerpolicy=\"strict-origin-when-cross-origin\" allowfullscreen><\/iframe><\/p>\n<p>&nbsp;<\/p>\n<h2>H\u00e4ufig gestellte Fragen zu Bang Box 200000 200k Puffs 8in1 Flavor Einweg-Vaporizer<\/h2>\n<p>\u2753 <strong>Wie viele Z\u00fcge?<\/strong><br \/>\n\u2705 <strong>Bis zu 200.000<\/strong> \u2013 entwickelt f\u00fcr extreme Ausdauer.<\/p>\n<p>\u2753 <strong>Was ist ein 8-in-1-Geschmackssystem?<\/strong><br \/>\n\u2705 <strong>8 Optionen in einem Ger\u00e4t<\/strong> \u2013 zwischen wechseln <strong>4 einzelne Geschmacksrichtungen<\/strong> Und <strong>4 vorprogrammierte Mischungen<\/strong>.<\/p>\n<p>\u2753 <strong>Wie hilft Smart Screen?<\/strong><br \/>\n\u2705 <strong>Echtzeitbatterie<\/strong> + <strong>individuelle Tankf\u00fcllst\u00e4nde<\/strong> \u2013 volle Transparenz, keine Dry Hits.<\/p>\n<p>\u2753 <strong>Ist es wiederaufladbar?<\/strong><br \/>\n\u2705 <strong>Ja<\/strong> \u2013 <strong>850 mAh<\/strong> mit <strong>Typ-C<\/strong> schnelles Aufladen.<\/p>\n<p>\u2753 <strong>Nikotinoptionen?<\/strong><br \/>\n\u2705 <strong>0 % (nikotinfrei), 2 %, 3 %, 5 %<\/strong> \u2013 inklusive f\u00fcr alle Vorlieben.<\/p>\n<p>\u2753 <strong>F\u00fcr wen ist das?<\/strong><br \/>\n\u2705 <strong>Vielnutzer<\/strong>, <strong>Geschmacksj\u00e4ger<\/strong>, <strong>Smart-Vape-Enthusiasten<\/strong>, <strong>Gro\u00dfhandelsk\u00e4ufer<\/strong>.<\/p>\n<p>&nbsp;<\/p>\n<h3 id=\"brxe-najhln\" class=\"brxe-heading\">H\u00e4ufig gestellte Fragen (FAQ)<\/h3>\n<div id=\"brxe-rajiac\" class=\"brxe-text\">\n<p><strong>F: Welche Zahlungsmethoden akzeptieren Sie?<\/strong><br \/>\nA: Wir akzeptieren PayPal, Stripe, Bank\u00fcberweisungen (SEPA unterst\u00fctzt), g\u00e4ngige Kreditkarten (Visa, MasterCard, American Express) und Zahlungen in Kryptow\u00e4hrung.<\/p>\n<p><strong>F: Wie lange dauert die Auftragsvorbereitung?<\/strong><br \/>\nA: Die Auftragsvorbereitung dauert 1-3 Werktage.<\/p>\n<p><strong>F: Wie lange dauert die Lieferung?<\/strong><br \/>\nA: Die Lieferzeit betr\u00e4gt je nach Standort 7\u201314 Werktage. Die Lieferung von Waren aus europ\u00e4ischen Lagern dauert in der Regel 3\u20136 Werktage.<\/p>\n<p><strong>F: Wie kann ich meine Bestellung verfolgen?<\/strong><br \/>\nA: Nach dem Versand erhalten Sie eine Best\u00e4tigungs-E-Mail mit einer Sendungsverfolgungsnummer zur Echtzeitverfolgung.<\/p>\n<p><strong>F: Wie lauten Ihre R\u00fcckgabebedingungen?<\/strong><br \/>\nA: Wir bieten ein 30-t\u00e4giges R\u00fcckgaberecht f\u00fcr R\u00fcckerstattungen oder Umtausch. .<\/p>\n<p><strong>F: Wird es Zollprobleme geben?<br \/>\n<\/strong>Wir k\u00fcmmern uns um alle Zollabfertigungsverfahren, um Ihnen ein reibungsloses Erlebnis zu gew\u00e4hrleisten. .<\/p>\n<p><strong>F: Welche Versandarten werden verwendet?<\/strong><br \/>\nWir arbeiten mit UPS\/DHL\/FEDEX\/DPD etc. zusammen. Je nach Lieferland w\u00e4hlen wir die passende Versandoption aus, um sicherzustellen, dass Sie Ihre Produkte schnellstm\u00f6glich erhalten.<\/p>\n<p><a href=\"https:\/\/pgvape.com\/de\/faqs\/\">Klicken Sie hier f\u00fcr weitere FAQ<\/a><\/p>\n<p>Liebe Kunden, wenn Sie Fragen zu Ihrer Bestellung oder zum Wareneingang haben, wenden Sie sich bitte an unseren Kundenservice. Vielen Dank!<\/p>\n<h3 data-sourcepos=\"73:1-73:21\"><strong data-sourcepos=\"73:7-73:21\">Kontaktieren Sie uns<\/strong><\/h3>\n<div id=\"text-2419739398\" class=\"text\">\n<p><strong data-sourcepos=\"75:3-75:12\">E-Mail<\/strong>:\u00a0<a href=\"mailto:support@pgvape.com\"><strong>support@pgvape.com<\/strong><\/a><\/p>\n<p><strong data-sourcepos=\"76:3-76:15\">WhatsApp<\/strong>:\u00a0<a href=\"https:\/\/wa.me\/+8618128481258\"><strong>+86 18128481258<\/strong><\/a><br \/>\n<strong>(Antwort innerhalb von 24 Stunden an Werktagen)<\/strong><\/p>\n<\/div>\n<h3><strong>Vielen Dank, dass Sie sich f\u00fcr pgvape.com entschieden haben! .<\/strong><\/h3>\n<\/div>","protected":false},"excerpt":{"rendered":"<p><strong>Bang Box 200K Puffs 8-in-1<\/strong> , <strong>40 ml<\/strong>, <strong>Vierkammer<\/strong>, <strong>8 Geschmacksmodi<\/strong>, <strong>Smart-Bildschirm<\/strong>, <strong>Affe cool<\/strong>, <strong>0-5% nic<\/strong>.<strong class=\"\">Acht Geschmacksrichtungen, vier Tanks, ein Affe, endlose Wolken.<\/strong><\/p>","protected":false},"featured_media":9371,"comment_status":"open","ping_status":"closed","template":"","meta":{"_seopress_robots_primary_cat":"","_seopress_titles_title":"","_seopress_titles_desc":"","_seopress_robots_index":""},"product_brand":[577,516],"product_cat":[548,576,515],"product_tag":[552,601,600,90,602],"class_list":{"0":"post-9367","1":"product","2":"type-product","3":"status-publish","4":"has-post-thumbnail","6":"product_brand-bang-box-vape","7":"product_brand-disposable-vape","8":"product_cat-200k-puffs-vape","9":"product_cat-bang-box-vape","10":"product_cat-disposable-vape","11":"product_tag-200k-puffs-vape","12":"product_tag-8in1-flavor","13":"product_tag-bang-box-200000","14":"product_tag-disposable-vape","15":"product_tag-quad-chamber","17":"first","18":"instock","19":"sale","20":"shipping-taxable","21":"purchasable","22":"product-type-variable"},"_links":{"self":[{"href":"https:\/\/pgvape.com\/de\/wp-json\/wp\/v2\/product\/9367","targetHints":{"allow":["GET"]}}],"collection":[{"href":"https:\/\/pgvape.com\/de\/wp-json\/wp\/v2\/product"}],"about":[{"href":"https:\/\/pgvape.com\/de\/wp-json\/wp\/v2\/types\/product"}],"replies":[{"embeddable":true,"href":"https:\/\/pgvape.com\/de\/wp-json\/wp\/v2\/comments?post=9367"}],"wp:featuredmedia":[{"embeddable":true,"href":"https:\/\/pgvape.com\/de\/wp-json\/wp\/v2\/media\/9371"}],"wp:attachment":[{"href":"https:\/\/pgvape.com\/de\/wp-json\/wp\/v2\/media?parent=9367"}],"wp:term":[{"taxonomy":"product_brand","embeddable":true,"href":"https:\/\/pgvape.com\/de\/wp-json\/wp\/v2\/product_brand?post=9367"},{"taxonomy":"product_cat","embeddable":true,"href":"https:\/\/pgvape.com\/de\/wp-json\/wp\/v2\/product_cat?post=9367"},{"taxonomy":"product_tag","embeddable":true,"href":"https:\/\/pgvape.com\/de\/wp-json\/wp\/v2\/product_tag?post=9367"}],"curies":[{"name":"wp","href":"https:\/\/api.w.org\/{rel}","templated":true}]}}