{"id":9309,"date":"2026-03-10T07:34:47","date_gmt":"2026-03-10T07:34:47","guid":{"rendered":"https:\/\/pgvape.com\/?post_type=product&#038;p=9309"},"modified":"2026-03-15T13:57:34","modified_gmt":"2026-03-15T13:57:34","slug":"bang-box-80000-80-000-puffs-3-in-1-geschmackssystem-einweg-vape-0-2-3-5-nikotin-12-geschmack-smart-screen-vape-fabrik-im-groshandel","status":"publish","type":"product","link":"https:\/\/pgvape.com\/de\/produkt\/bang-box-80000-80-000-puffs-3-in-1-geschmackssystem-einweg-vape-0-2-3-5-nikotin-12-geschmack-smart-screen-vape-fabrik-im-groshandel\/","title":{"rendered":"Bang Box 80000 80k Puffs 3-in-1-Geschmackssystem Einweg-Vape 0% 2% 3% 5%Nicotine 12Taste Smart Screen Vape Factory Gro\u00dfhandel"},"content":{"rendered":"<p><strong>Bang Box 80K<\/strong> liefert <strong>80.000 Z\u00fcge<\/strong> \u00fcber eine <strong>innovatives 3-in-1-Geschmackskammersystem<\/strong>, dich lassen <strong class=\"\">Wechseln Sie zwischen drei verschiedenen Geschmacksrichtungen<\/strong> in einem <strong>kompakter Box-Stil<\/strong> Ger\u00e4t.<br \/>\nA <strong>wiederaufladbarer Typ-C-Akku<\/strong>, <strong class=\"\">fortschrittliche Spulentechnologie<\/strong> Und <strong class=\"\">Draw-aktiviert<\/strong> Design gew\u00e4hrleisten <strong class=\"\">langanhaltende, erstklassige Konsistenz<\/strong>\u2013 keine mehreren Ger\u00e4te, nur <strong>pure Abwechslung und Ausdauer<\/strong>.<\/p>\n<p>&nbsp;<\/p>\n<h2><span style=\"font-size: 90%;\">Bang Box 80000 80k Puffs 3-in-1-Geschmackssystem Einweg-Vape-Spezifikationen:<\/span><\/h2>\n<p><strong>Puffs<\/strong>: Bis zu <strong class=\"\">80,000<\/strong> (variiert je nach Gewohnheit und Dauer)<\/p>\n<p><strong>Geschmackssystem<\/strong>: <strong>3-in-1-Geschmackskammer<\/strong> \u2013 drei Geschmacksrichtungen, ein Ger\u00e4t<\/p>\n<p><strong>Batterie<\/strong>: <strong>Wiederaufladbar<\/strong>, <strong>Typ-C<\/strong> Laden \u2013 volle Nutzungsunterst\u00fctzung<\/p>\n<p><strong>Spule<\/strong>: <strong class=\"\">Fortschrittliche Technologie<\/strong> \u2013 verbesserte Geschmacksabgabe<\/p>\n<p><strong>Dampf<\/strong>: Glatte, konsistente, satte Ausgabe<\/p>\n<p><strong>Aktivierung<\/strong>: <strong>Durch Zeichnen aktiviert<\/strong> \u2013 keine Tasten, keine Einstellungen<\/p>\n<p><strong>Design<\/strong>: <strong>Kompakte Kastenform<\/strong> \u2013 Tragbarer, bequemer Griff<\/p>\n<p><strong>Nachf\u00fcllbar<\/strong>: <strong class=\"\">NEIN<\/strong> \u2013 entsorgbar, wenn es aufgebraucht ist<\/p>\n<p><strong>Typ<\/strong>: <strong class=\"\">Einweg-Vapor<\/strong><\/p>\n<p>&nbsp;<\/p>\n<h3><strong><span style=\"font-size: 90%;\">Bang Box 80000 80k Puffs 3-in-1-Geschmackssystem Einweg-Vape-Geschmacksliste:<\/span><\/strong><\/h3>\n<p><strong>1.Erdbeer-Banane &amp; Himbeer-Wassermelone &amp; Liebe 666<\/strong><\/p>\n<p><strong>2. Tropische Fr\u00fcchte und Erdbeere, Wassermelone und Zitronenpfirsich<\/strong><\/p>\n<p><strong>3.Erdbeer-Vanille-Cola\u00a0&amp;\u00a0Sauer Apfel-Himbeere\u00a0&amp;\u00a0Zitrone-Limette<\/strong><\/p>\n<p><strong>4.Doppeltes Trauben- und Erdbeer-Mango- und Blaubeer-Sauer-Himbeer-Eis<\/strong><\/p>\n<p><strong>5.Wassermeloneneis und Erdbeereis sowie dreifache Melone<\/strong><\/p>\n<p><strong>6.Zitronen-Cola-Soda\u00a0&amp;\u00a0Wassermelonengummi\u00a0&amp;\u00a0Black Dragon Ice<\/strong><\/p>\n<p><strong>7.Triple Berry Ice\u00a0&amp;\u00a0Mango Peach\u00a0&amp;\u00a0Strawberry Kiwi<\/strong><\/p>\n<p><strong>8. Erdbeereis &amp; Erdbeer-Wassermelone &amp; Ananas-Mango-Pfirsich<\/strong><\/p>\n<p><strong>9.Ananas-Kokosnuss- und Erdbeereis und Blue Razz Ice<\/strong><\/p>\n<p><strong>10.Zitronen-Limetten- und Mango-Pfirsich-Wassermelonen- und Blaubeereis<\/strong><\/p>\n<p><strong>11.Wassermeloneneis\u00a0&amp;\u00a0Red Bull\u00a0&amp;\u00a0Erdbeer-Kiwi<\/strong><\/p>\n<p><strong>12. Erdbeer-Kiwi und saure Mango-Ananas und Erdbeer-Red Bull<img loading=\"lazy\" decoding=\"async\" class=\"alignnone wp-image-9314 size-full\" src=\"https:\/\/pgvape.com\/wp-content\/uploads\/2026\/03\/Bang-Box-80k-3-in-1-Flavor-System-Disposable-Vape-0-2-3-5-Nicotine-12Taste-Vape-Factory-Wholesale-3.png\" alt=\"Eine Reihe von Bang Box-Einweg-Vapes in Farbverl\u00e4ufen mit Geschmacksetiketten;. Auf der rechten Seite sind 80.000 Z\u00fcge, 60 ml, 850 mAh, 3in1 zu sehen.\" width=\"2000\" height=\"1125\" srcset=\"https:\/\/pgvape.com\/wp-content\/uploads\/2026\/03\/Bang-Box-80k-3-in-1-Flavor-System-Disposable-Vape-0-2-3-5-Nicotine-12Taste-Vape-Factory-Wholesale-3.png 2000w, https:\/\/pgvape.com\/wp-content\/uploads\/2026\/03\/Bang-Box-80k-3-in-1-Flavor-System-Disposable-Vape-0-2-3-5-Nicotine-12Taste-Vape-Factory-Wholesale-3-555x312.png 555w, https:\/\/pgvape.com\/wp-content\/uploads\/2026\/03\/Bang-Box-80k-3-in-1-Flavor-System-Disposable-Vape-0-2-3-5-Nicotine-12Taste-Vape-Factory-Wholesale-3-595x335.png 595w, https:\/\/pgvape.com\/wp-content\/uploads\/2026\/03\/Bang-Box-80k-3-in-1-Flavor-System-Disposable-Vape-0-2-3-5-Nicotine-12Taste-Vape-Factory-Wholesale-3-400x225.png 400w, https:\/\/pgvape.com\/wp-content\/uploads\/2026\/03\/Bang-Box-80k-3-in-1-Flavor-System-Disposable-Vape-0-2-3-5-Nicotine-12Taste-Vape-Factory-Wholesale-3-768x432.png 768w, https:\/\/pgvape.com\/wp-content\/uploads\/2026\/03\/Bang-Box-80k-3-in-1-Flavor-System-Disposable-Vape-0-2-3-5-Nicotine-12Taste-Vape-Factory-Wholesale-3-1536x864.png 1536w, https:\/\/pgvape.com\/wp-content\/uploads\/2026\/03\/Bang-Box-80k-3-in-1-Flavor-System-Disposable-Vape-0-2-3-5-Nicotine-12Taste-Vape-Factory-Wholesale-3-18x10.png 18w, https:\/\/pgvape.com\/wp-content\/uploads\/2026\/03\/Bang-Box-80k-3-in-1-Flavor-System-Disposable-Vape-0-2-3-5-Nicotine-12Taste-Vape-Factory-Wholesale-3-600x338.png 600w\" sizes=\"auto, (max-width: 2000px) 100vw, 2000px\" \/><\/strong><\/p>\n<p>&nbsp;<\/p>\n<h2>H\u00e4ufig gestellte Fragen zu Bang Box 80000 80k Puffs 3in1 Flavour System Einweg-Vaporizer<\/h2>\n<p>\u2753 <strong class=\"\">Wie viele Z\u00fcge?<\/strong><br \/>\n\u2705 Bis zu <strong>80,000<\/strong> \u2013 h\u00e4ngt von den Dampfgewohnheiten und der Zugdauer ab.<\/p>\n<p>\u2753 <strong class=\"\">Ist es wiederaufladbar?<\/strong><br \/>\n\u2705 <strong class=\"\">Ja<\/strong> \u2013 <strong class=\"\">Typ-C<\/strong> Der Ladeanschluss unterst\u00fctzt die gesamte Ger\u00e4telebensdauer.<\/p>\n<p>\u2753 <strong class=\"\">Wie funktioniert der 3-in-1-Geschmack?<\/strong><br \/>\n\u2705 <strong>Drei separate E-Liquid-Kammern<\/strong> \u2013 Wechseln Sie ganz einfach zwischen den Geschmacksrichtungen.<\/p>\n<p>\u2753 <strong class=\"\">Nachf\u00fcllbar?<\/strong><br \/>\n\u2705 <strong class=\"\">NEIN<\/strong> \u2013 <strong>Einwegartikel<\/strong> wenn das E-Liquid aufgebraucht ist.<\/p>\n<p>\u2753 <strong class=\"\">Anf\u00e4ngerfreundlich?<\/strong><br \/>\n\u2705 <strong>Ja<\/strong> \u2013 <strong class=\"\">Draw-aktiviert<\/strong> Bedienung, einfach f\u00fcr alle Erfahrungsstufen.<\/p>\n<p>&nbsp;<\/p>\n<h3 id=\"brxe-najhln\" class=\"brxe-heading\">H\u00e4ufig gestellte Fragen (FAQ)<\/h3>\n<div id=\"brxe-rajiac\" class=\"brxe-text\">\n<p><strong>F: Welche Zahlungsmethoden akzeptieren Sie?<\/strong><br \/>\nA: Wir akzeptieren PayPal, Stripe, Bank\u00fcberweisungen (SEPA unterst\u00fctzt), g\u00e4ngige Kreditkarten (Visa, MasterCard, American Express) und Zahlungen in Kryptow\u00e4hrung.<\/p>\n<p><strong>F: Wie lange dauert die Auftragsvorbereitung?<\/strong><br \/>\nA: Die Auftragsvorbereitung dauert 1-3 Werktage.<\/p>\n<p><strong>F: Wie lange dauert die Lieferung?<\/strong><br \/>\nA: Die Lieferzeit betr\u00e4gt je nach Standort 7\u201314 Werktage. Die Lieferung von Waren aus europ\u00e4ischen Lagern dauert in der Regel 3\u20136 Werktage.<\/p>\n<p><strong>F: Wie kann ich meine Bestellung verfolgen?<\/strong><br \/>\nA: Nach dem Versand erhalten Sie eine Best\u00e4tigungs-E-Mail mit einer Sendungsverfolgungsnummer zur Echtzeitverfolgung.<\/p>\n<p><strong>F: Wie lauten Ihre R\u00fcckgabebedingungen?<\/strong><br \/>\nA: Wir bieten ein 30-t\u00e4giges R\u00fcckgaberecht f\u00fcr R\u00fcckerstattungen oder Umtausch. .<\/p>\n<p><strong>F: Wird es Zollprobleme geben?<br \/>\n<\/strong>Wir k\u00fcmmern uns um alle Zollabfertigungsverfahren, um Ihnen ein reibungsloses Erlebnis zu gew\u00e4hrleisten. .<\/p>\n<p><strong>F: Welche Versandarten werden verwendet?<\/strong><br \/>\nWir arbeiten mit UPS\/DHL\/FEDEX\/DPD etc. zusammen. Je nach Lieferland w\u00e4hlen wir die passende Versandoption aus, um sicherzustellen, dass Sie Ihre Produkte schnellstm\u00f6glich erhalten.<\/p>\n<p><a href=\"https:\/\/pgvape.com\/de\/faqs\/\">Klicken Sie hier f\u00fcr weitere FAQ<\/a><\/p>\n<p>Liebe Kunden, wenn Sie Fragen zu Ihrer Bestellung oder zum Wareneingang haben, wenden Sie sich bitte an unseren Kundenservice. Vielen Dank!<\/p>\n<h3 data-sourcepos=\"73:1-73:21\"><strong data-sourcepos=\"73:7-73:21\">Kontaktieren Sie uns<\/strong><\/h3>\n<div id=\"text-2419739398\" class=\"text\">\n<p><strong data-sourcepos=\"75:3-75:12\">E-Mail<\/strong>:\u00a0<a href=\"mailto:support@pgvape.com\"><strong>support@pgvape.com<\/strong><\/a><\/p>\n<p><strong data-sourcepos=\"76:3-76:15\">WhatsApp<\/strong>:\u00a0<a href=\"https:\/\/wa.me\/+8618128481258\"><strong>+86 18128481258<\/strong><\/a><br \/>\n<strong>(Antwort innerhalb von 24 Stunden an Werktagen)<\/strong><\/p>\n<\/div>\n<h3><strong>Vielen Dank, dass Sie sich f\u00fcr pgvape.com entschieden haben! .<\/strong><\/h3>\n<\/div>","protected":false},"excerpt":{"rendered":"<p><strong>Bang Box 80K<\/strong> <strong>\u00a0Puffs<\/strong>, <strong>3-in-1-Geschmackssystem<\/strong>, <strong>Typ-C wiederaufladbar<\/strong>, <strong>Draw-aktiviert<\/strong>.<strong class=\"\">Drei Geschmacksrichtungen, eine Schachtel, achtzigtausend Wolken.<\/strong><\/p>","protected":false},"featured_media":9312,"comment_status":"open","ping_status":"closed","template":"","meta":{"_seopress_robots_primary_cat":"","_seopress_titles_title":"","_seopress_titles_desc":"","_seopress_robots_index":""},"product_brand":[577,516],"product_cat":[41,576,515],"product_tag":[594,465,593,90],"class_list":{"0":"post-9309","1":"product","2":"type-product","3":"status-publish","4":"has-post-thumbnail","6":"product_brand-bang-box-vape","7":"product_brand-disposable-vape","8":"product_cat-80k-puffs-vape","9":"product_cat-bang-box-vape","10":"product_cat-disposable-vape","11":"product_tag-3in1-flavor-system","12":"product_tag-80k-puffs-vape","13":"product_tag-bang-box-80000","14":"product_tag-disposable-vape","16":"first","17":"instock","18":"sale","19":"shipping-taxable","20":"purchasable","21":"product-type-variable"},"_links":{"self":[{"href":"https:\/\/pgvape.com\/de\/wp-json\/wp\/v2\/product\/9309","targetHints":{"allow":["GET"]}}],"collection":[{"href":"https:\/\/pgvape.com\/de\/wp-json\/wp\/v2\/product"}],"about":[{"href":"https:\/\/pgvape.com\/de\/wp-json\/wp\/v2\/types\/product"}],"replies":[{"embeddable":true,"href":"https:\/\/pgvape.com\/de\/wp-json\/wp\/v2\/comments?post=9309"}],"wp:featuredmedia":[{"embeddable":true,"href":"https:\/\/pgvape.com\/de\/wp-json\/wp\/v2\/media\/9312"}],"wp:attachment":[{"href":"https:\/\/pgvape.com\/de\/wp-json\/wp\/v2\/media?parent=9309"}],"wp:term":[{"taxonomy":"product_brand","embeddable":true,"href":"https:\/\/pgvape.com\/de\/wp-json\/wp\/v2\/product_brand?post=9309"},{"taxonomy":"product_cat","embeddable":true,"href":"https:\/\/pgvape.com\/de\/wp-json\/wp\/v2\/product_cat?post=9309"},{"taxonomy":"product_tag","embeddable":true,"href":"https:\/\/pgvape.com\/de\/wp-json\/wp\/v2\/product_tag?post=9309"}],"curies":[{"name":"wp","href":"https:\/\/api.w.org\/{rel}","templated":true}]}}