{"id":9212,"date":"2026-03-09T07:15:53","date_gmt":"2026-03-09T07:15:53","guid":{"rendered":"https:\/\/pgvape.com\/?post_type=product&#038;p=9212"},"modified":"2026-03-15T13:57:34","modified_gmt":"2026-03-15T13:57:34","slug":"bang-box-35000-35-000-puffs-einweg-vape-einstellbare-luftstromleistung-0-2-3-5-nikotin-12-geschmack-led-touchscreen-vape-fabrik-groshandel","status":"publish","type":"product","link":"https:\/\/pgvape.com\/de\/produkt\/bang-box-35000-35-000-puffs-einweg-vape-einstellbare-luftstromleistung-0-2-3-5-nikotin-12-geschmack-led-touchscreen-vape-fabrik-groshandel\/","title":{"rendered":"Bang Box 35000 35k Puffs Einweg-Vape, einstellbarer Luftstrom und Leistung, 0% 2% 3% 5%Nicotine 12Taste LED Touchscreen Vape Factory Gro\u00dfhandel"},"content":{"rendered":"<p><strong>Bang Box 35K<\/strong> liefert <strong>35.000 Z\u00fcge<\/strong> von <strong>reiner Single-Geschmack<\/strong> Zufriedenheit, angetrieben von a <strong>wiederaufladbarer Akku<\/strong> und gesteuert \u00fcber <strong>Touch-Interface-Technologie<\/strong>.<br \/>\n<strong>Hilfsdisplay mit zwei Bildschirmen<\/strong>, <strong>3-Modus-Touch-Luftstrom<\/strong>, <strong>2-Modus-Leistungsregelung<\/strong> Und <strong>12 ausgew\u00e4hlte Geschmacksrichtungen<\/strong> Gib dir <strong>volles Kommando<\/strong>\u2013 Benutzerdefinierte Dampfdichte, Throat Hit und Zugstil in einem <strong>schlanker Box-Stil<\/strong> H\u00fclse.<\/p>\n<p>&nbsp;<\/p>\n<h2><span style=\"font-size: 90%;\">Bang Box 35000 35k Puffs Einweg-Vape-Spezifikationen:<\/span><\/h2>\n<p><strong>Puffs<\/strong>: Bis zu <strong>35,000<\/strong><\/p>\n<p><strong>Geschmackssystem<\/strong>: <strong>Schote mit einem Geschmack<\/strong> \u2013 reiner, konsistenter Geschmack<\/p>\n<p><strong>Batterie<\/strong>: <strong>Wiederaufladbar<\/strong> \u2013 H\u00e4lt die Leistung bis zum letzten Tropfen aufrecht<\/p>\n<p><strong>Anzeige<\/strong>: <strong>Dual-Screen-Assistent<\/strong> \u2013 Echtzeit-Akku, Leistung, Nutzung<\/p>\n<p><strong>Luftstrom<\/strong>: <strong>Ber\u00fchren Sie den 3-Modus<\/strong> \u2013 Intensit\u00e4t anpassen<\/p>\n<p><strong>Leistung<\/strong>: <strong>2-Modus-Touch-Steuerung<\/strong> \u2013 Ausgangspegel umschalten<\/p>\n<p><strong>Dampf<\/strong>: <strong>Einstellbare Leistung<\/strong> \u2013 Dichte und Geschmack auf Anfrage<\/p>\n<p><strong>Aktivierung<\/strong>: <strong>Durch Zeichnen aktiviert<\/strong> \u2013 keine Tasten, intuitive Bedienung<\/p>\n<p><strong>Design<\/strong>: <strong>Schlanker Box-Stil<\/strong> \u2013 moderner, ergonomischer Griff<\/p>\n<p><strong>Nachf\u00fcllbar<\/strong>: <strong>NEIN<\/strong> \u2013 entsorgbar, wenn es aufgebraucht ist<\/p>\n<p>&nbsp;<\/p>\n<h3><span style=\"font-size: 90%;\">Bang Box 35000 35k Puffs Einweg-Vape-Geschmacksliste:<\/span><\/h3>\n<p><strong>1.Erdbeer-Kiwi<\/strong><\/p>\n<p><strong>2.Blaues Razz-Eis<\/strong><\/p>\n<p><strong>3.Erdbeer-Wassermelone<\/strong><\/p>\n<p><strong>4. Passionsfrucht<\/strong><\/p>\n<p><strong>5. Zitronen-Cola-Soda<\/strong><\/p>\n<p><strong>6. Wassermeloneneis<\/strong><\/p>\n<p><strong>7. Wassermelonen-Kaugummi<\/strong><\/p>\n<p><strong>8.Kiwi-Passionsfrucht-Guave<\/strong><\/p>\n<p><strong class=\"\">9. Blaubeereis<\/strong><\/p>\n<p><strong class=\"\">10.Wassermelonenkirsche<\/strong><\/p>\n<p><strong class=\"\">11.Red Bull<\/strong><\/p>\n<p><strong>12.Minz-Grapefruit<img loading=\"lazy\" decoding=\"async\" class=\"alignnone wp-image-9229 size-full\" src=\"https:\/\/pgvape.com\/wp-content\/uploads\/2026\/03\/Bang-Box-35k-Puffs-Disposable-Vape-Adjustable-Airflow-0-2-3-5Nicotine-12Taste-LED-Touchscreen-pgvape-3.png\" alt=\"Vier-mal-vier-Raster aus bunten Bang Box-Vape-Ger\u00e4ten auf dunklem Hintergrund, jeweils mit Geschmacksetiketten wie \u201eStrawberry Kiwi\u201c und \u201eBlue Razz Ice\u201c.\" width=\"1500\" height=\"1607\" srcset=\"https:\/\/pgvape.com\/wp-content\/uploads\/2026\/03\/Bang-Box-35k-Puffs-Disposable-Vape-Adjustable-Airflow-0-2-3-5Nicotine-12Taste-LED-Touchscreen-pgvape-3.png 1500w, https:\/\/pgvape.com\/wp-content\/uploads\/2026\/03\/Bang-Box-35k-Puffs-Disposable-Vape-Adjustable-Airflow-0-2-3-5Nicotine-12Taste-LED-Touchscreen-pgvape-3-336x360.png 336w, https:\/\/pgvape.com\/wp-content\/uploads\/2026\/03\/Bang-Box-35k-Puffs-Disposable-Vape-Adjustable-Airflow-0-2-3-5Nicotine-12Taste-LED-Touchscreen-pgvape-3-595x637.png 595w, https:\/\/pgvape.com\/wp-content\/uploads\/2026\/03\/Bang-Box-35k-Puffs-Disposable-Vape-Adjustable-Airflow-0-2-3-5Nicotine-12Taste-LED-Touchscreen-pgvape-3-373x400.png 373w, https:\/\/pgvape.com\/wp-content\/uploads\/2026\/03\/Bang-Box-35k-Puffs-Disposable-Vape-Adjustable-Airflow-0-2-3-5Nicotine-12Taste-LED-Touchscreen-pgvape-3-768x823.png 768w, https:\/\/pgvape.com\/wp-content\/uploads\/2026\/03\/Bang-Box-35k-Puffs-Disposable-Vape-Adjustable-Airflow-0-2-3-5Nicotine-12Taste-LED-Touchscreen-pgvape-3-1434x1536.png 1434w, https:\/\/pgvape.com\/wp-content\/uploads\/2026\/03\/Bang-Box-35k-Puffs-Disposable-Vape-Adjustable-Airflow-0-2-3-5Nicotine-12Taste-LED-Touchscreen-pgvape-3-11x12.png 11w, https:\/\/pgvape.com\/wp-content\/uploads\/2026\/03\/Bang-Box-35k-Puffs-Disposable-Vape-Adjustable-Airflow-0-2-3-5Nicotine-12Taste-LED-Touchscreen-pgvape-3-600x643.png 600w\" sizes=\"auto, (max-width: 1500px) 100vw, 1500px\" \/><\/strong><\/p>\n<p>&nbsp;<\/p>\n<h2>H\u00e4ufig gestellte Fragen zu Bang Box 35000 35k Puffs Einweg-Vaporizer<\/h2>\n<p data-sourcepos=\"51:1-52:68\">\u2753 <strong data-sourcepos=\"51:3-51:46\">Wie funktioniert das Touch-Control-System?<\/strong><br \/>\n\u2705 <strong data-sourcepos=\"52:3-52:29\">Anpassungen mit nur einem Fingertipp<\/strong> f\u00fcr Luftstrom\/Leistung \u2013 keine komplexen Men\u00fcs<\/p>\n<p data-sourcepos=\"54:1-55:69\">\u2753 <strong data-sourcepos=\"54:3-54:50\">Was macht das Dual-Screen-Display besonders?<\/strong><br \/>\n\u2705 <strong data-sourcepos=\"55:3-55:30\">Gleichzeitige \u00dcberwachung<\/strong> Batterie + Betriebsmodus + Zugzahl<\/p>\n<p data-sourcepos=\"57:1-58:58\">\u2753 <strong data-sourcepos=\"57:3-57:52\">Ist dies sowohl f\u00fcr MTL- als auch f\u00fcr DTL-Dampfen geeignet?<\/strong><br \/>\n\u2705 <strong data-sourcepos=\"58:3-58:10\">Ja<\/strong> \u2013 Der einstellbare Luftstrom ist f\u00fcr beide Stile geeignet<\/p>\n<p data-sourcepos=\"60:1-61:70\">\u2753 <strong data-sourcepos=\"60:3-60:48\">Wie ist der Vergleich mit einfachen Einwegartikeln?<\/strong><br \/>\n\u2705 <strong data-sourcepos=\"61:3-61:23\">\u00dcberlegene Kontrolle<\/strong> mit <strong data-sourcepos=\"61:29-61:48\">3x l\u00e4ngere Lebensdauer<\/strong> von Standardger\u00e4ten<\/p>\n<p>&nbsp;<\/p>\n<h3 id=\"brxe-najhln\" class=\"brxe-heading\">H\u00e4ufig gestellte Fragen (FAQ)<\/h3>\n<div id=\"brxe-rajiac\" class=\"brxe-text\">\n<p><strong>F: Welche Zahlungsmethoden akzeptieren Sie?<\/strong><br \/>\nA: Wir akzeptieren PayPal, Stripe, Bank\u00fcberweisungen (SEPA unterst\u00fctzt), g\u00e4ngige Kreditkarten (Visa, MasterCard, American Express) und Zahlungen in Kryptow\u00e4hrung.<\/p>\n<p><strong>F: Wie lange dauert die Auftragsvorbereitung?<\/strong><br \/>\nA: Die Auftragsvorbereitung dauert 1-3 Werktage.<\/p>\n<p><strong>F: Wie lange dauert die Lieferung?<\/strong><br \/>\nA: Die Lieferzeit betr\u00e4gt je nach Standort 7\u201314 Werktage. Die Lieferung von Waren aus europ\u00e4ischen Lagern dauert in der Regel 3\u20136 Werktage.<\/p>\n<p><strong>F: Wie kann ich meine Bestellung verfolgen?<\/strong><br \/>\nA: Nach dem Versand erhalten Sie eine Best\u00e4tigungs-E-Mail mit einer Sendungsverfolgungsnummer zur Echtzeitverfolgung.<\/p>\n<p><strong>F: Wie lauten Ihre R\u00fcckgabebedingungen?<\/strong><br \/>\nA: Wir bieten ein 30-t\u00e4giges R\u00fcckgaberecht f\u00fcr R\u00fcckerstattungen oder Umtausch. .<\/p>\n<p><strong>F: Wird es Zollprobleme geben?<br \/>\n<\/strong>Wir k\u00fcmmern uns um alle Zollabfertigungsverfahren, um Ihnen ein reibungsloses Erlebnis zu gew\u00e4hrleisten. .<\/p>\n<p><strong>F: Welche Versandarten werden verwendet?<\/strong><br \/>\nWir arbeiten mit UPS\/DHL\/FEDEX\/DPD etc. zusammen. Je nach Lieferland w\u00e4hlen wir die passende Versandoption aus, um sicherzustellen, dass Sie Ihre Produkte schnellstm\u00f6glich erhalten.<\/p>\n<p><a href=\"https:\/\/pgvape.com\/de\/faqs\/\">Klicken Sie hier f\u00fcr weitere FAQ<\/a><\/p>\n<p>Liebe Kunden, wenn Sie Fragen zu Ihrer Bestellung oder zum Wareneingang haben, wenden Sie sich bitte an unseren Kundenservice. Vielen Dank!<\/p>\n<h3 data-sourcepos=\"73:1-73:21\"><strong data-sourcepos=\"73:7-73:21\">Kontaktieren Sie uns<\/strong><\/h3>\n<div id=\"text-2419739398\" class=\"text\">\n<p><strong data-sourcepos=\"75:3-75:12\">E-Mail<\/strong>:\u00a0<a href=\"mailto:support@pgvape.com\"><strong>support@pgvape.com<\/strong><\/a><\/p>\n<p><strong data-sourcepos=\"76:3-76:15\">WhatsApp<\/strong>:\u00a0<a href=\"https:\/\/wa.me\/+8618128481258\"><strong>+86 18128481258<\/strong><\/a><br \/>\n<strong>(Antwort innerhalb von 24 Stunden an Werktagen)<\/strong><\/p>\n<\/div>\n<h3><strong>Vielen Dank, dass Sie sich f\u00fcr pgvape.com entschieden haben! .<\/strong><\/h3>\n<\/div>","protected":false},"excerpt":{"rendered":"<p><strong>Bang Box 35K<\/strong><strong>\u00a0Puffs<\/strong>, <strong>Luftstrom und Leistung per Touch-Steuerung<\/strong>, <strong>Dual-Screen-Anzeige<\/strong>, <strong>Reinheit einer einzigen Geschmacksrichtung<\/strong>, <strong>wiederaufladbar<\/strong>.<strong>Anfassen, abstimmen, schmecken \u2013 Pr\u00e4zision bei jedem Zug.<\/strong><\/p>","protected":false},"featured_media":9227,"comment_status":"open","ping_status":"closed","template":"","meta":{"_seopress_robots_primary_cat":"","_seopress_titles_title":"","_seopress_titles_desc":"","_seopress_robots_index":""},"product_brand":[577,516],"product_cat":[197,576,515],"product_tag":[342,135,589,588,90],"class_list":{"0":"post-9212","1":"product","2":"type-product","3":"status-publish","4":"has-post-thumbnail","6":"product_brand-bang-box-vape","7":"product_brand-disposable-vape","8":"product_cat-35k-puffs-vape","9":"product_cat-bang-box-vape","10":"product_cat-disposable-vape","11":"product_tag-35k-puffs-vape","12":"product_tag-adjustable-airflow","13":"product_tag-adjustable-power","14":"product_tag-bang-box-35000","15":"product_tag-disposable-vape","17":"first","18":"instock","19":"sale","20":"shipping-taxable","21":"purchasable","22":"product-type-variable"},"_links":{"self":[{"href":"https:\/\/pgvape.com\/de\/wp-json\/wp\/v2\/product\/9212","targetHints":{"allow":["GET"]}}],"collection":[{"href":"https:\/\/pgvape.com\/de\/wp-json\/wp\/v2\/product"}],"about":[{"href":"https:\/\/pgvape.com\/de\/wp-json\/wp\/v2\/types\/product"}],"replies":[{"embeddable":true,"href":"https:\/\/pgvape.com\/de\/wp-json\/wp\/v2\/comments?post=9212"}],"wp:featuredmedia":[{"embeddable":true,"href":"https:\/\/pgvape.com\/de\/wp-json\/wp\/v2\/media\/9227"}],"wp:attachment":[{"href":"https:\/\/pgvape.com\/de\/wp-json\/wp\/v2\/media?parent=9212"}],"wp:term":[{"taxonomy":"product_brand","embeddable":true,"href":"https:\/\/pgvape.com\/de\/wp-json\/wp\/v2\/product_brand?post=9212"},{"taxonomy":"product_cat","embeddable":true,"href":"https:\/\/pgvape.com\/de\/wp-json\/wp\/v2\/product_cat?post=9212"},{"taxonomy":"product_tag","embeddable":true,"href":"https:\/\/pgvape.com\/de\/wp-json\/wp\/v2\/product_tag?post=9212"}],"curies":[{"name":"wp","href":"https:\/\/api.w.org\/{rel}","templated":true}]}}