{"id":9112,"date":"2026-03-06T12:53:40","date_gmt":"2026-03-06T12:53:40","guid":{"rendered":"https:\/\/pgvape.com\/?post_type=product&#038;p=9112"},"modified":"2026-03-15T13:48:39","modified_gmt":"2026-03-15T13:48:39","slug":"airmez-lux-60000-60k-puffs-einweg-vaporizer-versand-aus-der-eu-mit-boost-turbo-modus-sichtbarer-flussigkeits-led-anzeige","status":"publish","type":"product","link":"https:\/\/pgvape.com\/de\/produkt\/airmez-lux-60000-60k-puffs-einweg-vaporizer-versand-aus-der-eu-mit-boost-turbo-modus-sichtbarer-flussigkeits-led-anzeige\/","title":{"rendered":"Airmez Lux 60000 60K Puffs Einweg-Vaporizer, Versand aus der EU mit Boost\/Turbo-Modus, sichtbarer Fl\u00fcssigkeits-LED-Anzeige"},"content":{"rendered":"<div><strong>Airmez Lux 60000<\/strong> ist ein wiederaufladbarer High-End-Einweg-Vaporizer, der f\u00fcr entwickelt wurde <strong>Langlebige Leistung, Komfort und einstellbare Leistung<\/strong>.Es liefert bis zu <strong>60.000 Z\u00fcge<\/strong> f\u00fcr l\u00e4ngeres Dampfen mit minimalem Austausch. Ausgestattet mit einem <strong>30 ml vorgef\u00fcllter Tank<\/strong>, <strong>2% Nikotin<\/strong>, Und <strong>Dual-Mesh-Spule<\/strong>, sorgt es f\u00fcr ultra-sanften Dampf, reichhaltigen Geschmack und konstante Leistung <strong>650-mAh-Akku + Typ-C-Schnellladung<\/strong> sorgt f\u00fcr eine stabile Stromversorgung den ganzen Tag \u00fcber.<\/div>\n<p>&nbsp;<\/p>\n<h2><span style=\"font-size: 90%;\">Airmez Lux 60000 60K Puffs Einweg-Vape-Spezifikationen<\/span><\/h2>\n<p><strong>Puffs<\/strong>: Bis zu <strong>60,000<\/strong><\/p>\n<p><strong>E-Liquid<\/strong>: <strong class=\"\">30 ml<\/strong> vorgef\u00fcllt<\/p>\n<p><strong>Nikotin<\/strong>: <strong>2 %<\/strong> ausgewogenes Salz<\/p>\n<p><strong>Batterie<\/strong>: <strong>650 mAh<\/strong>, <strong>Typ-C<\/strong> Schnellladung<\/p>\n<p><strong>Spule<\/strong>: <strong>Doppeltes Netz<\/strong> \u2013 Reichhaltigerer Dampf, gleichm\u00e4\u00dfiger Geschmack<\/p>\n<p><strong>Anzeige<\/strong>: <strong>LED-Anzeige<\/strong> \u2013 Ger\u00e4testatus und Akku<\/p>\n<p><strong>Modi<\/strong>: <strong class=\"\">Boost\/Turbo<\/strong> \u2013 Wechseln Sie zwischen sanft und kraftvoll<\/p>\n<p><strong>Fenster<\/strong>: <strong>Transparent<\/strong> \u2013 sichtbarer Fl\u00fcssigkeitsstand<\/p>\n<p><strong>Design<\/strong>: <strong>Wiederaufladbar<\/strong> \u2013 kosteng\u00fcnstig, umweltfreundlich<\/p>\n<p><strong>Pack<\/strong>: <strong class=\"\">10 St\u00fcck\/Karton<\/strong> \u2013 f\u00fcr den Einzelhandel\/Gro\u00dfhandel geeignet<\/p>\n<p><strong>Versand<\/strong>: <strong>EU-Lager<\/strong> \u2013 schnelle Lieferung in Europa<\/p>\n<p>&nbsp;<\/p>\n<h3><span style=\"font-size: 90%;\">Airmez Lux 60000 60K Puffs Einweg-Vape-Geschmacksliste:<\/span><\/h3>\n<p><strong>1. Erdbeereis<\/strong><\/p>\n<p><strong class=\"\">2. Wassermeloneneis<\/strong><\/p>\n<p><strong class=\"\">3. Gemischte Beeren<\/strong><\/p>\n<p><strong>4. Passionsfrucht-Kiwi<\/strong><\/p>\n<p><strong>5. Dr. Blue<\/strong><\/p>\n<p><strong class=\"\">6.Liebe 66<\/strong><\/p>\n<p><strong>7. Dreifache Mango<\/strong><\/p>\n<p><strong>8. Kirsch-Cola<\/strong><\/p>\n<p><strong class=\"\">9.Bingo Crush<\/strong><\/p>\n<p><strong class=\"\">10.Rosa Limonade<img loading=\"lazy\" decoding=\"async\" class=\"alignnone wp-image-9119 size-full\" src=\"https:\/\/pgvape.com\/wp-content\/uploads\/2026\/03\/Airmez-lux60000-60k-Puffs-Disposable-Vape-Flavor-List_\u526f\u672c.png\" alt=\"Ein Raster aus zw\u00f6lf bunten AIRMEN-Flaschen, jede mit einem Geschmacksetikett, vor einem fruchtigen Spritzhintergrund.\" width=\"2000\" height=\"1200\" srcset=\"https:\/\/pgvape.com\/wp-content\/uploads\/2026\/03\/Airmez-lux60000-60k-Puffs-Disposable-Vape-Flavor-List_\u526f\u672c.png 2000w, https:\/\/pgvape.com\/wp-content\/uploads\/2026\/03\/Airmez-lux60000-60k-Puffs-Disposable-Vape-Flavor-List_\u526f\u672c-555x333.png 555w, https:\/\/pgvape.com\/wp-content\/uploads\/2026\/03\/Airmez-lux60000-60k-Puffs-Disposable-Vape-Flavor-List_\u526f\u672c-595x357.png 595w, https:\/\/pgvape.com\/wp-content\/uploads\/2026\/03\/Airmez-lux60000-60k-Puffs-Disposable-Vape-Flavor-List_\u526f\u672c-400x240.png 400w, https:\/\/pgvape.com\/wp-content\/uploads\/2026\/03\/Airmez-lux60000-60k-Puffs-Disposable-Vape-Flavor-List_\u526f\u672c-768x461.png 768w, https:\/\/pgvape.com\/wp-content\/uploads\/2026\/03\/Airmez-lux60000-60k-Puffs-Disposable-Vape-Flavor-List_\u526f\u672c-1536x922.png 1536w, https:\/\/pgvape.com\/wp-content\/uploads\/2026\/03\/Airmez-lux60000-60k-Puffs-Disposable-Vape-Flavor-List_\u526f\u672c-18x12.png 18w, https:\/\/pgvape.com\/wp-content\/uploads\/2026\/03\/Airmez-lux60000-60k-Puffs-Disposable-Vape-Flavor-List_\u526f\u672c-600x360.png 600w\" sizes=\"auto, (max-width: 2000px) 100vw, 2000px\" \/><\/strong><\/p>\n<p>&nbsp;<\/p>\n<h3 class=\"auto-hide-last-sibling-br paragraph-pP9ZLC paragraph-element br-paragraph-space\">Warum sollten Sie sich f\u00fcr das europ\u00e4ische Lager von PGVape entscheiden?<\/h3>\n<p>Schneller Versand: Lieferung in die meisten EU-L\u00e4nder innerhalb von 3-7 Werktagen.<\/p>\n<p>Zollfreie Lieferung: Lokale Lagerbest\u00e4nde in der EU sorgen f\u00fcr einen reibungslosen und zollfreien Versand.<\/p>\n<p>100% Authentische Garantie: Echte Airmez Lux 60000 E-Zigaretten von zertifizierten Lieferanten.<\/p>\n<p>Frischer Bestand: Unter kontrollierten Bedingungen gelagert, um optimale Qualit\u00e4t zu gew\u00e4hrleisten.<\/p>\n<p>Europ\u00e4er vertrauen darauf: Tausende Kunden genie\u00dfen schnelle und sichere E-Zigaretten-Dienste von PGVape.<\/p>\n<p>&nbsp;<\/p>\n<h2>H\u00e4ufig gestellte Fragen zu Airmez Lux 60000 60K Puffs Einweg-Vaporizer<\/h2>\n<p>\u2753 <strong>Warum Airmez Lux 60K w\u00e4hlen?<\/strong><br \/>\n\u2705 <strong>60.000 Z\u00fcge<\/strong> \u2013 langlebig, weniger Austausch.<\/p>\n<p>\u2753 <strong>Was verbessert die Dampfqualit\u00e4t?<\/strong><br \/>\n\u2705 <strong>Dual-Mesh-Heizkern<\/strong> \u2013 weicherer, kr\u00e4ftigerer, stabilerer Geschmack.<\/p>\n<p>\u2753 <strong class=\"\">Ist es praktisch f\u00fcr den t\u00e4glichen Gebrauch?<\/strong><br \/>\n\u2705 <strong>650 mAh<\/strong> + <strong class=\"\">Typ-C<\/strong> \u2013 schnelle, zuverl\u00e4ssige Stromversorgung f\u00fcr den ganzen Tag.<\/p>\n<p>\u2753 <strong>Kann ich das Erlebnis kontrollieren?<\/strong><br \/>\n\u2705 <strong>Boost-\/Turbo-Modi<\/strong> \u2013 zwischen wechseln <strong>ausgewogen<\/strong> Und <strong>m\u00e4chtig<\/strong> Ausgabe.<\/p>\n<p>\u2753 <strong class=\"\">Wie \u00fcberpr\u00fcfe ich den Status?<\/strong><br \/>\n\u2705 <strong>LED-Anzeige<\/strong> + <strong>sichtbares Fl\u00fcssigkeitsfenster<\/strong> \u2013 \u00dcberwachen Sie Batterie und Saft jederzeit.<\/p>\n<p>\u2753 <strong class=\"\">Mehrere Geschmacksoptionen?<\/strong><br \/>\n\u2705 <strong>10 verschiedene Geschmacksrichtungen<\/strong> \u2013 Abwechslung f\u00fcr jeden Geschmack.<\/p>\n<p>\u2753 <strong>EU-Lieferung?<\/strong><br \/>\n\u2705 <strong>Versand aus EU-Lager<\/strong> - schnell, <strong class=\"\">steuerfrei<\/strong> in ganz Europa.<\/p>\n<p>&nbsp;<\/p>\n<h3 id=\"brxe-najhln\" class=\"brxe-heading\">H\u00e4ufig gestellte Fragen (FAQ)<\/h3>\n<div id=\"brxe-rajiac\" class=\"brxe-text\">\n<p><strong>F: Welche Zahlungsmethoden akzeptieren Sie?<\/strong><br \/>\nA: Wir akzeptieren PayPal, Stripe, Bank\u00fcberweisungen (SEPA unterst\u00fctzt), g\u00e4ngige Kreditkarten (Visa, MasterCard, American Express) und Zahlungen in Kryptow\u00e4hrung.<\/p>\n<p><strong>F: Wie lange dauert die Auftragsvorbereitung?<\/strong><br \/>\nA: Die Auftragsvorbereitung dauert 1-3 Werktage.<\/p>\n<p><strong>F: Wie lange dauert die Lieferung?<\/strong><br \/>\nA: Die Lieferzeit betr\u00e4gt je nach Standort 7\u201314 Werktage. Die Lieferung von Waren aus europ\u00e4ischen Lagern dauert in der Regel 3\u20136 Werktage.<\/p>\n<p><strong>F: Wie kann ich meine Bestellung verfolgen?<\/strong><br \/>\nA: Nach dem Versand erhalten Sie eine Best\u00e4tigungs-E-Mail mit einer Sendungsverfolgungsnummer zur Echtzeitverfolgung.<\/p>\n<p><strong>F: Wie lauten Ihre R\u00fcckgabebedingungen?<\/strong><br \/>\nA: Wir bieten ein 30-t\u00e4giges R\u00fcckgaberecht f\u00fcr R\u00fcckerstattungen oder Umtausch. .<\/p>\n<p><strong>F: Wird es Zollprobleme geben?<br \/>\n<\/strong>Wir k\u00fcmmern uns um alle Zollabfertigungsverfahren, um Ihnen ein reibungsloses Erlebnis zu gew\u00e4hrleisten. .<\/p>\n<p><strong>F: Welche Versandarten werden verwendet?<\/strong><br \/>\nWir arbeiten mit UPS\/DHL\/FEDEX\/DPD etc. zusammen. Je nach Lieferland w\u00e4hlen wir die passende Versandoption aus, um sicherzustellen, dass Sie Ihre Produkte schnellstm\u00f6glich erhalten.<\/p>\n<p><a href=\"https:\/\/pgvape.com\/de\/faqs\/\">Klicken Sie hier f\u00fcr weitere FAQ<\/a><\/p>\n<p>Liebe Kunden, wenn Sie Fragen zu Ihrer Bestellung oder zum Wareneingang haben, wenden Sie sich bitte an unseren Kundenservice. Vielen Dank!<\/p>\n<h3 data-sourcepos=\"73:1-73:21\"><strong data-sourcepos=\"73:7-73:21\">Kontaktieren Sie uns<\/strong><\/h3>\n<div id=\"text-2419739398\" class=\"text\">\n<p><strong data-sourcepos=\"75:3-75:12\">E-Mail<\/strong>:\u00a0<a href=\"mailto:support@pgvape.com\"><strong>support@pgvape.com<\/strong><\/a><\/p>\n<p><strong data-sourcepos=\"76:3-76:15\">WhatsApp<\/strong>:\u00a0<a href=\"https:\/\/wa.me\/+8618128481258\"><strong>+86 18128481258<\/strong><\/a><br \/>\n<strong>(Antwort innerhalb von 24 Stunden an Werktagen)<\/strong><\/p>\n<\/div>\n<h3><strong>Vielen Dank, dass Sie sich f\u00fcr pgvape.com entschieden haben! .<\/strong><\/h3>\n<\/div>","protected":false},"excerpt":{"rendered":"<p>Airmez Lux 60000 is a high\u2011end rechargeable disposable vape built for long\u2011lasting performance, convenience, and adjustable power.It delivers up to 60,000 puffs for extended vaping with minimal replacements.Equipped with a 30mL prefilled tank, 2% nicotine, and dual mesh coil, it provides ultra\u2011smooth vapor, rich flavor, and consistent performance.The 650mAh rechargeable battery + Type\u2011C fast charging [&#8230;]\n","protected":false},"featured_media":9124,"comment_status":"open","ping_status":"closed","template":"","meta":{"_seopress_robots_primary_cat":"","_seopress_titles_title":"","_seopress_titles_desc":"","_seopress_robots_index":""},"product_brand":[154,516],"product_cat":[48,155,515],"product_tag":[315,561,90,203,583,582],"class_list":{"0":"post-9112","1":"product","2":"type-product","3":"status-publish","4":"has-post-thumbnail","6":"product_brand-airmez-fox-vape","7":"product_brand-disposable-vape","8":"product_cat-60k-puffs-vape","9":"product_cat-airmez-fox-vape","10":"product_cat-disposable-vape","11":"product_tag-60k-puffs-vape","12":"product_tag-airmez-lux-60000","13":"product_tag-disposable-vape","14":"product_tag-shipment-from-eu","15":"product_tag-visible-liquid-led-display","16":"product_tag-with-boost-turbo-mode","18":"first","19":"instock","20":"sale","21":"shipping-taxable","22":"purchasable","23":"product-type-variable"},"_links":{"self":[{"href":"https:\/\/pgvape.com\/de\/wp-json\/wp\/v2\/product\/9112","targetHints":{"allow":["GET"]}}],"collection":[{"href":"https:\/\/pgvape.com\/de\/wp-json\/wp\/v2\/product"}],"about":[{"href":"https:\/\/pgvape.com\/de\/wp-json\/wp\/v2\/types\/product"}],"replies":[{"embeddable":true,"href":"https:\/\/pgvape.com\/de\/wp-json\/wp\/v2\/comments?post=9112"}],"wp:featuredmedia":[{"embeddable":true,"href":"https:\/\/pgvape.com\/de\/wp-json\/wp\/v2\/media\/9124"}],"wp:attachment":[{"href":"https:\/\/pgvape.com\/de\/wp-json\/wp\/v2\/media?parent=9112"}],"wp:term":[{"taxonomy":"product_brand","embeddable":true,"href":"https:\/\/pgvape.com\/de\/wp-json\/wp\/v2\/product_brand?post=9112"},{"taxonomy":"product_cat","embeddable":true,"href":"https:\/\/pgvape.com\/de\/wp-json\/wp\/v2\/product_cat?post=9112"},{"taxonomy":"product_tag","embeddable":true,"href":"https:\/\/pgvape.com\/de\/wp-json\/wp\/v2\/product_tag?post=9112"}],"curies":[{"name":"wp","href":"https:\/\/api.w.org\/{rel}","templated":true}]}}