{"id":9072,"date":"2026-03-06T11:11:43","date_gmt":"2026-03-06T11:11:43","guid":{"rendered":"https:\/\/pgvape.com\/?post_type=product&#038;p=9072"},"modified":"2026-03-15T14:05:19","modified_gmt":"2026-03-15T14:05:19","slug":"uor-twins-80-000-zuge-2-in-1-geschmack-einweg-vape-2-5-nikotin-10-geschmacksrichtungen-led-anzeige","status":"publish","type":"product","link":"https:\/\/pgvape.com\/de\/produkt\/uor-twins-80-000-zuge-2-in-1-geschmack-einweg-vape-2-5-nikotin-10-geschmacksrichtungen-led-anzeige\/","title":{"rendered":"UOR Twins 80K Puffs 2in1 Geschmack Einweg-Vape 2% 5%Nikotin 10Taste LED-Anzeige"},"content":{"rendered":"<p><strong>UOR-Zwillinge 80.000<\/strong> liefert <strong>80.000 Z\u00fcge<\/strong> aus <strong>zwei 20-ml-Tanks<\/strong> (insgesamt 40 ml), angetrieben von a <strong>650 mAh Typ-C<\/strong> Batterie und <strong>0,9 \u03a9 Dual-Mesh-Spulen<\/strong>.<br \/>\n<strong>Geschmackssystem mit Schiebeschalter<\/strong>, <strong>LED-Smart-Display<\/strong>, <strong>2 % \/ 5 %<\/strong> Nikotin und <strong>10 Geschmackskombinationen<\/strong> Gib dir <strong class=\"\">Verdoppeln Sie den Geschmack, verdoppeln Sie die Lebensdauer<\/strong>\u2013 f\u00fcr den Gro\u00dfhandel geeignet <strong>10 St\u00fcck\/Karton<\/strong>.<\/p>\n<p>&nbsp;<\/p>\n<h2><span style=\"font-size: 90%;\">Technische Daten des UOR Twins 80K Puffs 2in1-Geschmacks f\u00fcr Einweg-Vapes:<\/span><\/h2>\n<p><strong>Puffs<\/strong>: Bis zu <strong class=\"\">80,000<\/strong><\/p>\n<p><strong>E-Liquid<\/strong>: <strong>20 ml \u00d7 2<\/strong> Doppeltanks = <strong>40 ml<\/strong> gesamt<\/p>\n<p><strong>Nikotin<\/strong>: <strong class=\"\">2 %, 5 %<\/strong> Salzoptionen<\/p>\n<p><strong>Batterie<\/strong>: <strong>650 mAh<\/strong>, <strong>Typ-C<\/strong> Schnellladung<\/p>\n<p><strong>Spulen<\/strong>: <strong>0,9 \u03a9 Dual-Mesh<\/strong> \u2013 sanfterer Dampf, reicherer Geschmack<\/p>\n<p><strong>Schalten<\/strong>: <strong>Schieben zum Umschalten<\/strong> \u2013 sofortige Geschmacksver\u00e4nderung<\/p>\n<p><strong>Anzeige<\/strong>: <strong>LED<\/strong> \u2013 Batterie- und Nutzungsstatus<\/p>\n<p><strong>Versand<\/strong>: UPS\/DHL\/FEDEX\/DPD \u2013 <strong>7-15 Werktage<\/strong>, verzollt, <strong>100 % Garantie<\/strong><\/p>\n<p>&nbsp;<\/p>\n<h3><span style=\"font-size: 90%;\">UOR Twins 80K Puffs 2in1 Flavour Einweg-Vape-Geschmacksliste:<\/span><\/h3>\n<p><strong class=\"\">1.Blueberry Raspberry &amp; Love 66<\/strong><\/p>\n<p><strong class=\"\">2.Blue Razz Ice &amp; Kiwi-Passionsfrucht-Guave<\/strong><\/p>\n<p><strong class=\"\">3.Blueberry Ice &amp; Lady Killa<\/strong><\/p>\n<p><strong class=\"\">4. Traubeneis und dreifaches Beereneis<\/strong><\/p>\n<p><strong>5.Orangenlimonade und tropische Fr\u00fcchte<\/strong><\/p>\n<p><strong>6.Pfirsich-Mango-Erdbeer-Eis<\/strong><\/p>\n<p><strong class=\"\">7.Erdbeer-Kiwi und gemischte Beeren<\/strong><\/p>\n<p><strong class=\"\">8.Erdbeer-Wassermelone und Red Bull<\/strong><\/p>\n<p><strong>9. Erdbeer-Banane und Erdbeer-Mango<\/strong><\/p>\n<p><strong class=\"\">10. Wassermeloneneis und doppelter Apfel<img loading=\"lazy\" decoding=\"async\" class=\"alignnone wp-image-9077 size-full\" src=\"https:\/\/pgvape.com\/wp-content\/uploads\/2026\/03\/UOR-Twins-80K-Puffs-2in1-Flavor-Disposable-Vape-0-2-3-5Nicotine-10Taste-LED-Display-pgvape-3.png\" alt=\"UJR Twins 80K Double Flavor Promo mit zehn Geschmackspaaren, jeweils mit zwei Saftbeuteln und Fruchtbildern auf einem blauen Hintergrund mit Farbverlauf.\" width=\"1079\" height=\"1500\" srcset=\"https:\/\/pgvape.com\/wp-content\/uploads\/2026\/03\/UOR-Twins-80K-Puffs-2in1-Flavor-Disposable-Vape-0-2-3-5Nicotine-10Taste-LED-Display-pgvape-3.png 1079w, https:\/\/pgvape.com\/wp-content\/uploads\/2026\/03\/UOR-Twins-80K-Puffs-2in1-Flavor-Disposable-Vape-0-2-3-5Nicotine-10Taste-LED-Display-pgvape-3-259x360.png 259w, https:\/\/pgvape.com\/wp-content\/uploads\/2026\/03\/UOR-Twins-80K-Puffs-2in1-Flavor-Disposable-Vape-0-2-3-5Nicotine-10Taste-LED-Display-pgvape-3-595x827.png 595w, https:\/\/pgvape.com\/wp-content\/uploads\/2026\/03\/UOR-Twins-80K-Puffs-2in1-Flavor-Disposable-Vape-0-2-3-5Nicotine-10Taste-LED-Display-pgvape-3-288x400.png 288w, https:\/\/pgvape.com\/wp-content\/uploads\/2026\/03\/UOR-Twins-80K-Puffs-2in1-Flavor-Disposable-Vape-0-2-3-5Nicotine-10Taste-LED-Display-pgvape-3-768x1068.png 768w, https:\/\/pgvape.com\/wp-content\/uploads\/2026\/03\/UOR-Twins-80K-Puffs-2in1-Flavor-Disposable-Vape-0-2-3-5Nicotine-10Taste-LED-Display-pgvape-3-9x12.png 9w, https:\/\/pgvape.com\/wp-content\/uploads\/2026\/03\/UOR-Twins-80K-Puffs-2in1-Flavor-Disposable-Vape-0-2-3-5Nicotine-10Taste-LED-Display-pgvape-3-600x834.png 600w\" sizes=\"auto, (max-width: 1079px) 100vw, 1079px\" \/><\/strong><\/p>\n<p>&nbsp;<\/p>\n<h3><span style=\"font-size: 90%;\">UOR Twins 80K Puffs 2in1 Flavor Einweg-Vape-Aroma <\/span>Video<span style=\"font-size: 90%;\">:<\/span><\/h3>\n<p><iframe loading=\"lazy\" title=\"UOR Twins 80K Puffs 2in1 Geschmack Einweg-Vape 10Taste LED-Anzeige Vape Factory Gro\u00dfhandel pgvape\" width=\"563\" height=\"1000\" src=\"https:\/\/www.youtube.com\/embed\/GzVo1VLCeSc?feature=oembed\" frameborder=\"0\" allow=\"accelerometer; autoplay; clipboard-write; encrypted-media; gyroscope; picture-in-picture; web-share\" referrerpolicy=\"strict-origin-when-cross-origin\" allowfullscreen><\/iframe><\/p>\n<p>&nbsp;<\/p>\n<h2>H\u00e4ufig gestellte Fragen zu UOR Twins 80K Puffs 2in1 Flavor Einweg-Vaporizer<\/h2>\n<p>\u2753 <strong>Wie viele Z\u00fcge pro Ger\u00e4t?<\/strong><br \/>\n\u2705 Werkszertifiziert <strong>80.000 Z\u00fcge<\/strong>\u2013 Monatelanger t\u00e4glicher Gebrauch.<\/p>\n<p>\u2753 <strong>Wie wechsle ich die Geschmacksrichtungen?<\/strong><br \/>\n\u2705 <strong>Slide-to-Switch-Mechanismus<\/strong>\u2013 Wechseln Sie sofort zwischen ihnen <strong>zwei 20-ml-Tanks<\/strong>.<\/p>\n<p>\u2753 <strong>Ist es wiederaufladbar?<\/strong><br \/>\n\u2705 <strong>650 mAh<\/strong> Batterie + <strong>Typ-C<\/strong> port; volle Ladung in ca. 30 Min.<\/p>\n<p>\u2753 <strong>Welche Spulentechnologie wird verwendet?<\/strong><br \/>\n\u2705 <strong>0,9 \u03a9 Dual-Mesh-Spulen<\/strong>\u2013 verbesserte Dampfproduktion, reicherer Geschmack.<\/p>\n<p>\u2753 <strong>Welche Nikotinst\u00e4rken werden angeboten?<\/strong><br \/>\n\u2705 <strong>2 %<\/strong> glatt oder <strong class=\"\">5 %<\/strong> stark \u2013 an der Kasse ausw\u00e4hlen.<\/p>\n<p>\u2753 <strong>Wie \u00fcberwache ich den Status?<\/strong><br \/>\n\u2705 <strong>LED-Anzeige<\/strong> zeigt <strong>Batterie %<\/strong> Und <strong>Nutzungsinformationen<\/strong> auf einen Blick.<\/p>\n<p>\u2753 <strong>Versandarten und -zeit?<\/strong><br \/>\n\u2705 <strong>UPS\/DHL\/FEDEX\/DPD<\/strong>\u2014<strong class=\"\">7-15 Werktage<\/strong> (bis zu 20 an Feiertagen\/Schlechtwetter).<\/p>\n<p>\u2753 <strong>Wird es den Zoll abfertigen?<\/strong><br \/>\n\u2705 <strong>100 % Zollabfertigungsgarantie<\/strong>\u2013 Keine Steuern, keine Geb\u00fchren, wir k\u00fcmmern uns um den Papierkram.<\/p>\n<p>\u2753 <strong>Ist die Zahlung sicher?<\/strong><br \/>\n\u2705 <strong>PayPal wird unterst\u00fctzt<\/strong> mit <strong>K\u00e4uferschutz<\/strong>-\u00fcberpr\u00fcfen <strong>TrustPilot-Bewertungen<\/strong> zur \u00dcberpr\u00fcfung.<\/p>\n<p>&nbsp;<\/p>\n<h3 id=\"brxe-najhln\" class=\"brxe-heading\">H\u00e4ufig gestellte Fragen (FAQ)<\/h3>\n<div id=\"brxe-rajiac\" class=\"brxe-text\">\n<p><strong>F: Welche Zahlungsmethoden akzeptieren Sie?<\/strong><br \/>\nA: Wir akzeptieren PayPal, Stripe, Bank\u00fcberweisungen (SEPA unterst\u00fctzt), g\u00e4ngige Kreditkarten (Visa, MasterCard, American Express) und Zahlungen in Kryptow\u00e4hrung.<\/p>\n<p><strong>F: Wie lange dauert die Auftragsvorbereitung?<\/strong><br \/>\nA: Die Auftragsvorbereitung dauert 1-3 Werktage.<\/p>\n<p><strong>F: Wie lange dauert die Lieferung?<\/strong><br \/>\nA: Die Lieferzeit betr\u00e4gt je nach Standort 7\u201314 Werktage. Die Lieferung von Waren aus europ\u00e4ischen Lagern dauert in der Regel 3\u20136 Werktage.<\/p>\n<p><strong>F: Wie kann ich meine Bestellung verfolgen?<\/strong><br \/>\nA: Nach dem Versand erhalten Sie eine Best\u00e4tigungs-E-Mail mit einer Sendungsverfolgungsnummer zur Echtzeitverfolgung.<\/p>\n<p><strong>F: Wie lauten Ihre R\u00fcckgabebedingungen?<\/strong><br \/>\nA: Wir bieten ein 30-t\u00e4giges R\u00fcckgaberecht f\u00fcr R\u00fcckerstattungen oder Umtausch. .<\/p>\n<p><strong>F: Wird es Zollprobleme geben?<br \/>\n<\/strong>Wir k\u00fcmmern uns um alle Zollabfertigungsverfahren, um Ihnen ein reibungsloses Erlebnis zu gew\u00e4hrleisten. .<\/p>\n<p><strong>F: Welche Versandarten werden verwendet?<\/strong><br \/>\nWir arbeiten mit UPS\/DHL\/FEDEX\/DPD etc. zusammen. Je nach Lieferland w\u00e4hlen wir die passende Versandoption aus, um sicherzustellen, dass Sie Ihre Produkte schnellstm\u00f6glich erhalten.<\/p>\n<p><a href=\"https:\/\/pgvape.com\/de\/faqs\/\">Klicken Sie hier f\u00fcr weitere FAQ<\/a><\/p>\n<p>Liebe Kunden, wenn Sie Fragen zu Ihrer Bestellung oder zum Wareneingang haben, wenden Sie sich bitte an unseren Kundenservice. Vielen Dank!<\/p>\n<h3 data-sourcepos=\"73:1-73:21\"><strong data-sourcepos=\"73:7-73:21\">Kontaktieren Sie uns<\/strong><\/h3>\n<div id=\"text-2419739398\" class=\"text\">\n<p><strong data-sourcepos=\"75:3-75:12\">E-Mail<\/strong>:\u00a0<a href=\"mailto:support@pgvape.com\"><strong>support@pgvape.com<\/strong><\/a><\/p>\n<p><strong data-sourcepos=\"76:3-76:15\">WhatsApp<\/strong>:\u00a0<a href=\"https:\/\/wa.me\/+8618128481258\"><strong>+86 18128481258<\/strong><\/a><br \/>\n<strong>(Antwort innerhalb von 24 Stunden an Werktagen)<\/strong><\/p>\n<\/div>\n<h3><strong>Vielen Dank, dass Sie sich f\u00fcr pgvape.com entschieden haben! .<\/strong><\/h3>\n<\/div>","protected":false},"excerpt":{"rendered":"<p><strong data-sourcepos=\"64:1-64:188\">\u201cUOR TWINS 80K: Der ultimative Einwegartikel mit zwei Geschmacksrichtungen, 80.000 Spr\u00fchst\u00f6\u00dfen, Schiebeschalter-Technologie und intelligentem LED-Display. Perfekt f\u00fcr Einzelh\u00e4ndler, die margenstarke, innovative Produkte suchen.\u201d<\/strong><\/p>","protected":false},"featured_media":9075,"comment_status":"open","ping_status":"closed","template":"","meta":{"_seopress_robots_primary_cat":"none","_seopress_titles_title":"","_seopress_titles_desc":"","_seopress_robots_index":""},"product_brand":[516,345],"product_cat":[41,515,344],"product_tag":[581,465,90,490,580],"class_list":{"0":"post-9072","1":"product","2":"type-product","3":"status-publish","4":"has-post-thumbnail","6":"product_brand-disposable-vape","7":"product_brand-uor-vape","8":"product_cat-80k-puffs-vape","9":"product_cat-disposable-vape","10":"product_cat-uor-vape","11":"product_tag-2in1-flavor","12":"product_tag-80k-puffs-vape","13":"product_tag-disposable-vape","14":"product_tag-minimum-2-pieces","15":"product_tag-uor-twins-80k","17":"first","18":"instock","19":"sale","20":"shipping-taxable","21":"purchasable","22":"product-type-variable"},"_links":{"self":[{"href":"https:\/\/pgvape.com\/de\/wp-json\/wp\/v2\/product\/9072","targetHints":{"allow":["GET"]}}],"collection":[{"href":"https:\/\/pgvape.com\/de\/wp-json\/wp\/v2\/product"}],"about":[{"href":"https:\/\/pgvape.com\/de\/wp-json\/wp\/v2\/types\/product"}],"replies":[{"embeddable":true,"href":"https:\/\/pgvape.com\/de\/wp-json\/wp\/v2\/comments?post=9072"}],"wp:featuredmedia":[{"embeddable":true,"href":"https:\/\/pgvape.com\/de\/wp-json\/wp\/v2\/media\/9075"}],"wp:attachment":[{"href":"https:\/\/pgvape.com\/de\/wp-json\/wp\/v2\/media?parent=9072"}],"wp:term":[{"taxonomy":"product_brand","embeddable":true,"href":"https:\/\/pgvape.com\/de\/wp-json\/wp\/v2\/product_brand?post=9072"},{"taxonomy":"product_cat","embeddable":true,"href":"https:\/\/pgvape.com\/de\/wp-json\/wp\/v2\/product_cat?post=9072"},{"taxonomy":"product_tag","embeddable":true,"href":"https:\/\/pgvape.com\/de\/wp-json\/wp\/v2\/product_tag?post=9072"}],"curies":[{"name":"wp","href":"https:\/\/api.w.org\/{rel}","templated":true}]}}