{"id":9039,"date":"2026-03-06T07:24:56","date_gmt":"2026-03-06T07:24:56","guid":{"rendered":"https:\/\/pgvape.com\/?post_type=product&#038;p=9039"},"modified":"2026-03-15T14:05:19","modified_gmt":"2026-03-15T14:05:19","slug":"bang-box-20000-20-000-puffs-einweg-vape-0-2-3-5-nikotin-10-taste-smart-digital-display","status":"publish","type":"product","link":"https:\/\/pgvape.com\/de\/produkt\/bang-box-20000-20-000-puffs-einweg-vape-0-2-3-5-nikotin-10-taste-smart-digital-display\/","title":{"rendered":"Bang Box 20000 20k Puffs Einweg-Vape 0% 2% 3% 5%Nicotine 10Taste Smart Digital Display Screen"},"content":{"rendered":"<p><strong class=\"\">Bang Box 20000<\/strong> ist ein <strong>laborvalidiert<\/strong>, <strong>ISO-zertifiziert<\/strong> Einweglieferung <strong>20.000 empirisch getestete Z\u00fcge<\/strong> von a <strong>35 ml<\/strong> Reservoir.<br \/>\nEin <strong class=\"\">850 mAh Lithium-Ionen-Akku der G\u00fcteklasse A<\/strong> Batterie, <strong>1.0 \u03a9 Pr\u00e4zisions-Mesh-Spule<\/strong>, <strong>Typ-C<\/strong> Schnellladung und <strong>Intelligente Digitalanzeige<\/strong> sicherstellen <strong class=\"\">thermodynamische Stabilit\u00e4t<\/strong> Und <strong>Geschmackskonsistenz<\/strong>\u2013 verf\u00fcgbar in <strong>0 % \/ 2 % \/ 3 % \/ 5 %<\/strong> Nikotin.<\/p>\n<p>&nbsp;<\/p>\n<h2><strong><span style=\"font-size: 90%;\">Bang Box 20000 20k Puffs Einweg-Vape-Spezifikationen:<\/span><\/strong><\/h2>\n<p><strong>Puffs<\/strong>: <strong>20,000<\/strong> (automatisierte pneumatische, laborvalidierte \u00dcbung: 1,5 Sekunden Zug, 10 Sekunden Pause)<\/p>\n<p><strong>E-Liquid<\/strong>: <strong>35 ml<\/strong> \u2013 fortschrittliche Dochtwirkung, Anti-Leck<\/p>\n<p><strong>Nikotin<\/strong>: <strong>0 %, 2 %, 3 %, 5 %<\/strong> \u2013 skalierbare globale Pr\u00e4ferenzen<\/p>\n<p><strong>Batterie<\/strong>: <strong>850 mAh<\/strong> Lithium-Ionen-Akku der G\u00fcteklasse A, <strong class=\"\">wiederaufladbar<\/strong><\/p>\n<p><strong>Spule<\/strong>: <strong>1.0 \u03a9-Pr\u00e4zisionsnetz<\/strong> \u2013 maximale Oberfl\u00e4che, schneller Hochlauf<\/p>\n<p><strong>Aufladen<\/strong>: <strong class=\"\">Typ-C<\/strong> \u2013 schnelle, w\u00e4rmeregulierte Zyklen<\/p>\n<p><strong>Anzeige<\/strong>: <strong>Smart digital<\/strong> \u2013 Echtzeit-Leistungs- und Reservoir-Telemetrie, geringer Stromverbrauch<\/p>\n<p><strong>Zertifizierung<\/strong>: <strong>ISO-zertifiziert<\/strong> Einrichtungen, strenge Qualit\u00e4tskontrolle<\/p>\n<p><strong>Verpackung<\/strong>: Massengro\u00dfhandel \u2013 skalierbar f\u00fcr H\u00e4ndler<\/p>\n<p>&nbsp;<\/p>\n<h3><strong><span style=\"font-size: 90%;\">Bang Box 20000 20k Puffs Einweg-Vape-Geschmacksliste:<\/span><\/strong><\/h3>\n<p><strong>1.Erdbeer-Kiwi<\/strong><\/p>\n<p><strong>2.Kiwi-Passionsfrucht-Guave<\/strong><\/p>\n<p><strong>3.Erdbeer-Wassermelone<\/strong><\/p>\n<p><strong>4.Himbeer-Wassermelone<\/strong><\/p>\n<p><strong>5. Blaubeer-Sauer-Himbeer-Eis<\/strong><\/p>\n<p><strong>6. Wassermeloneneis<\/strong><\/p>\n<p><strong>7. Bananeneis<\/strong><\/p>\n<p><strong>8.Mango-Pfirsich<\/strong><\/p>\n<p><strong>9.Blue Razz Ice<\/strong><\/p>\n<p><strong>10.Herr Blau<\/strong><\/p>\n<p><strong>11.Traubeneis<\/strong><\/p>\n<p><strong class=\"\">12.Mango auf Eis<img loading=\"lazy\" decoding=\"async\" class=\"alignnone wp-image-9045 size-full\" src=\"https:\/\/pgvape.com\/wp-content\/uploads\/2026\/03\/Bang-Box-20k-Puffs-Disposable-Vape-0-2-3-5Nicotine-10Taste-Smart-Digital-Display-Screen-4.png\" alt=\"Zwei Reihen bunter Bang Box Einweg-Vape-Pens, angeordnet in einem Raster, jeweils mit einem leuchtend farbigen K\u00f6rper und einem Geschmacksetikett.\" width=\"1957\" height=\"1708\" srcset=\"https:\/\/pgvape.com\/wp-content\/uploads\/2026\/03\/Bang-Box-20k-Puffs-Disposable-Vape-0-2-3-5Nicotine-10Taste-Smart-Digital-Display-Screen-4.png 1957w, https:\/\/pgvape.com\/wp-content\/uploads\/2026\/03\/Bang-Box-20k-Puffs-Disposable-Vape-0-2-3-5Nicotine-10Taste-Smart-Digital-Display-Screen-4-412x360.png 412w, https:\/\/pgvape.com\/wp-content\/uploads\/2026\/03\/Bang-Box-20k-Puffs-Disposable-Vape-0-2-3-5Nicotine-10Taste-Smart-Digital-Display-Screen-4-595x519.png 595w, https:\/\/pgvape.com\/wp-content\/uploads\/2026\/03\/Bang-Box-20k-Puffs-Disposable-Vape-0-2-3-5Nicotine-10Taste-Smart-Digital-Display-Screen-4-400x349.png 400w, https:\/\/pgvape.com\/wp-content\/uploads\/2026\/03\/Bang-Box-20k-Puffs-Disposable-Vape-0-2-3-5Nicotine-10Taste-Smart-Digital-Display-Screen-4-768x670.png 768w, https:\/\/pgvape.com\/wp-content\/uploads\/2026\/03\/Bang-Box-20k-Puffs-Disposable-Vape-0-2-3-5Nicotine-10Taste-Smart-Digital-Display-Screen-4-1536x1341.png 1536w, https:\/\/pgvape.com\/wp-content\/uploads\/2026\/03\/Bang-Box-20k-Puffs-Disposable-Vape-0-2-3-5Nicotine-10Taste-Smart-Digital-Display-Screen-4-14x12.png 14w, https:\/\/pgvape.com\/wp-content\/uploads\/2026\/03\/Bang-Box-20k-Puffs-Disposable-Vape-0-2-3-5Nicotine-10Taste-Smart-Digital-Display-Screen-4-600x524.png 600w\" sizes=\"auto, (max-width: 1957px) 100vw, 1957px\" \/><\/strong><\/p>\n<p>&nbsp;<\/p>\n<h2><strong>H\u00e4ufig gestellte Fragen zu Bang Box 20k Puffs Einweg-Vaporizern<\/strong><\/h2>\n<p>\u2753 <strong class=\"\">Wie wird \u201c20.000 Z\u00fcge\u201d \u00fcberpr\u00fcft?<\/strong><br \/>\n\u2705 <strong>Automatisierte pneumatische Labortests<\/strong>: 1,5 Sekunden Zug, 10 Sekunden Pause, umgebungsreguliert \u2013<strong>Das 35-ml-Reservoir erreicht konstant die 20.000-Grenze<\/strong>. Die tats\u00e4chliche Anwendung variiert je nach Inhalationsgewohnheiten.<\/p>\n<p>\u2753 <strong>Was verhindert den thermischen Abbau?<\/strong><br \/>\n\u2705 <strong>1.0 \u03a9 Pr\u00e4zisions-Mesh-Spule<\/strong>\u2014gleichm\u00e4\u00dfige W\u00e4rmeverteilung, <strong>kein Leistungsabfall<\/strong>, gleichbleibender Geschmack vom ersten bis zum zehntausendsten Zug.<\/p>\n<p>\u2753 <strong>Ist die Batterie zuverl\u00e4ssig?<\/strong><br \/>\n\u2705 <strong>850 mAh Lithium-Ionen-Akku der G\u00fcteklasse A<\/strong>\u2014 Dauerspannungsausgang, <strong>wiederaufladbar<\/strong>, eliminiert den standardm\u00e4\u00dfigen Einweg-Stromabfall.<\/p>\n<p>\u2753 <strong class=\"\">Wie schnell l\u00e4dt es sich auf?<\/strong><br \/>\n\u2705 <strong>Typ-C<\/strong>\u2014schnell, sicher, <strong>w\u00e4rmereguliert<\/strong> Ladezyklen.<\/p>\n<p>\u2753 <strong class=\"\">Entl\u00e4dt das Display den Akku?<\/strong><br \/>\n\u2705 <strong>Telemetrie mit geringem Stromverbrauch<\/strong>\u2013 Echtzeitdaten <strong>ohne<\/strong> erheblicher Stromverbrauch.<\/p>\n<p>\u2753 <strong class=\"\">Welche Nikotinst\u00e4rken werden angeboten?<\/strong><br \/>\n\u2705 <strong>0 %, 2 %, 3 %, 5 %<\/strong>\u2013 vielseitiger Katalog f\u00fcr <strong>globale Marktpr\u00e4ferenzen<\/strong>.<\/p>\n<p>\u2753 <strong class=\"\">Wird ein Auslaufen verhindert?<\/strong><br \/>\n\u2705 <strong class=\"\">Fortschrittliche feuchtigkeitsableitende Materialien<\/strong> + <strong>Sicheres 35-ml-Reservoir<\/strong>\u2013 Entwickelt gegen trockene Schl\u00e4ge und Leckagen.<\/p>\n<p>\u2753 <strong class=\"\">F\u00fcr wen ist das gedacht?<\/strong><br \/>\n\u2705 <strong>Gro\u00dfvolumige Einzelh\u00e4ndler<\/strong>, <strong>H\u00e4ndler<\/strong>, <strong>engagierte Benutzer<\/strong>\u2014<strong>Massengro\u00dfhandel<\/strong>, <strong>skalierbare St\u00e4rke<\/strong>, <strong>nachweisbare Leistung<\/strong>.<\/p>\n<p>&nbsp;<\/p>\n<h3 id=\"brxe-najhln\" class=\"brxe-heading\">H\u00e4ufig gestellte Fragen (FAQ)<\/h3>\n<div id=\"brxe-rajiac\" class=\"brxe-text\">\n<p><strong>F: Welche Zahlungsmethoden akzeptieren Sie?<\/strong><br \/>\nA: Wir akzeptieren PayPal, Stripe, Bank\u00fcberweisungen (SEPA unterst\u00fctzt), g\u00e4ngige Kreditkarten (Visa, MasterCard, American Express) und Zahlungen in Kryptow\u00e4hrung.<\/p>\n<p><strong>F: Wie lange dauert die Auftragsvorbereitung?<\/strong><br \/>\nA: Die Auftragsvorbereitung dauert 1-3 Werktage.<\/p>\n<p><strong>F: Wie lange dauert die Lieferung?<\/strong><br \/>\nA: Die Lieferzeit betr\u00e4gt je nach Standort 7\u201314 Werktage. Die Lieferung von Waren aus europ\u00e4ischen Lagern dauert in der Regel 3\u20136 Werktage.<\/p>\n<p><strong>F: Wie kann ich meine Bestellung verfolgen?<\/strong><br \/>\nA: Nach dem Versand erhalten Sie eine Best\u00e4tigungs-E-Mail mit einer Sendungsverfolgungsnummer zur Echtzeitverfolgung.<\/p>\n<p><strong>F: Wie lauten Ihre R\u00fcckgabebedingungen?<\/strong><br \/>\nA: Wir bieten ein 30-t\u00e4giges R\u00fcckgaberecht f\u00fcr R\u00fcckerstattungen oder Umtausch. .<\/p>\n<p><strong>F: Wird es Zollprobleme geben?<br \/>\n<\/strong>Wir k\u00fcmmern uns um alle Zollabfertigungsverfahren, um Ihnen ein reibungsloses Erlebnis zu gew\u00e4hrleisten. .<\/p>\n<p><strong>F: Welche Versandarten werden verwendet?<\/strong><br \/>\nWir arbeiten mit UPS\/DHL\/FEDEX\/DPD etc. zusammen. Je nach Lieferland w\u00e4hlen wir die passende Versandoption aus, um sicherzustellen, dass Sie Ihre Produkte schnellstm\u00f6glich erhalten.<\/p>\n<p><a href=\"https:\/\/pgvape.com\/de\/faqs\/\">Klicken Sie hier f\u00fcr weitere FAQ<\/a><\/p>\n<p>Liebe Kunden, wenn Sie Fragen zu Ihrer Bestellung oder zum Wareneingang haben, wenden Sie sich bitte an unseren Kundenservice. Vielen Dank!<\/p>\n<h3 data-sourcepos=\"73:1-73:21\"><strong data-sourcepos=\"73:7-73:21\">Kontaktieren Sie uns<\/strong><\/h3>\n<div id=\"text-2419739398\" class=\"text\">\n<p><strong data-sourcepos=\"75:3-75:12\">E-Mail<\/strong>:\u00a0<a href=\"mailto:support@pgvape.com\"><strong>support@pgvape.com<\/strong><\/a><\/p>\n<p><strong data-sourcepos=\"76:3-76:15\">WhatsApp<\/strong>:\u00a0<a href=\"https:\/\/wa.me\/+8618128481258\"><strong>+86 18128481258<\/strong><\/a><br \/>\n<strong>(Antwort innerhalb von 24 Stunden an Werktagen)<\/strong><\/p>\n<\/div>\n<h3><strong>Vielen Dank, dass Sie sich f\u00fcr pgvape.com entschieden haben! .<\/strong><\/h3>\n<\/div>","protected":false},"excerpt":{"rendered":"<p><strong>Bang Box 20000<\/strong>\u2014<strong>20.000 im Labor validierte Z\u00fcge<\/strong>, <strong>35 ml<\/strong>, <strong>1,0 \u03a9-Netz<\/strong>, <strong>850 mAh<\/strong>, <strong>Intelligente Telemetrie<\/strong>, <strong>ISO-zertifiziert<\/strong>.<strong class=\"\">Technische Transparenz, empirische Leistung, botanische Pr\u00e4zision.<\/strong><\/p>","protected":false},"featured_media":9043,"comment_status":"open","ping_status":"closed","template":"","meta":{"_seopress_robots_primary_cat":"none","_seopress_titles_title":"","_seopress_titles_desc":"","_seopress_robots_index":""},"product_brand":[577,516],"product_cat":[84,576,515],"product_tag":[367,578,90,579],"class_list":{"0":"post-9039","1":"product","2":"type-product","3":"status-publish","4":"has-post-thumbnail","6":"product_brand-bang-box-vape","7":"product_brand-disposable-vape","8":"product_cat-20k-puffs-vape","9":"product_cat-bang-box-vape","10":"product_cat-disposable-vape","11":"product_tag-20k-puffs-vape","12":"product_tag-bang-box-20000","13":"product_tag-disposable-vape","14":"product_tag-smart-digital-display-screen","16":"first","17":"instock","18":"sale","19":"shipping-taxable","20":"purchasable","21":"product-type-variable"},"_links":{"self":[{"href":"https:\/\/pgvape.com\/de\/wp-json\/wp\/v2\/product\/9039","targetHints":{"allow":["GET"]}}],"collection":[{"href":"https:\/\/pgvape.com\/de\/wp-json\/wp\/v2\/product"}],"about":[{"href":"https:\/\/pgvape.com\/de\/wp-json\/wp\/v2\/types\/product"}],"replies":[{"embeddable":true,"href":"https:\/\/pgvape.com\/de\/wp-json\/wp\/v2\/comments?post=9039"}],"wp:featuredmedia":[{"embeddable":true,"href":"https:\/\/pgvape.com\/de\/wp-json\/wp\/v2\/media\/9043"}],"wp:attachment":[{"href":"https:\/\/pgvape.com\/de\/wp-json\/wp\/v2\/media?parent=9039"}],"wp:term":[{"taxonomy":"product_brand","embeddable":true,"href":"https:\/\/pgvape.com\/de\/wp-json\/wp\/v2\/product_brand?post=9039"},{"taxonomy":"product_cat","embeddable":true,"href":"https:\/\/pgvape.com\/de\/wp-json\/wp\/v2\/product_cat?post=9039"},{"taxonomy":"product_tag","embeddable":true,"href":"https:\/\/pgvape.com\/de\/wp-json\/wp\/v2\/product_tag?post=9039"}],"curies":[{"name":"wp","href":"https:\/\/api.w.org\/{rel}","templated":true}]}}