{"id":8943,"date":"2026-02-27T09:30:38","date_gmt":"2026-02-27T09:30:38","guid":{"rendered":"https:\/\/pgvape.com\/?post_type=product&#038;p=8943"},"modified":"2026-03-15T13:48:39","modified_gmt":"2026-03-15T13:48:39","slug":"bang-king-200-000-200-000-zuge-8-in-1-geschmack-einweg-vape-0-2-3-5-nikotin-12-geschmack-smart-led-bildschirm","status":"publish","type":"product","link":"https:\/\/pgvape.com\/de\/produkt\/bang-king-200-000-200-000-zuge-8-in-1-geschmack-einweg-vape-0-2-3-5-nikotin-12-geschmack-smart-led-bildschirm\/","title":{"rendered":"Bang King 200000 200.000 Puffs 8-in-1-Geschmack Einweg-Vape 0% 2% 3% 5%Nicotine 12Taste Smart LED-Bildschirm"},"content":{"rendered":"<p><strong class=\"\">Bang King 200K<\/strong> liefert <strong class=\"\">200.000 Z\u00fcge<\/strong> \u00fcber <strong>acht unabh\u00e4ngige Geschmackskammern<\/strong>, gefeuert von <strong>Dual-Mesh-Spulen<\/strong> und a <strong>Wiederaufladbarer Typ-C-Akku<\/strong>.<br \/>\n<strong>Geschmacksschalter mit Drehw\u00e4hler<\/strong>, <strong>Intelligentes LED-Display<\/strong> Und <strong>12 Geschmacksoktette<\/strong> Gib dir <strong>Acht Geschmacksrichtungen, ein Ger\u00e4t, Monate voller Wolken<\/strong>\u2013 perfekt f\u00fcr <strong>Heavy-User und Gro\u00dfhandel<\/strong>.<\/p>\n<p>&nbsp;<\/p>\n<h2><span style=\"font-size: 90%;\">Bang King 200k 200000 Puffs 8 in 1 Flavor Disposable Vape Specification<\/span><\/h2>\n<p><strong>Puffs<\/strong>: Bis zu <strong>200,000<\/strong><\/p>\n<p><strong>Geschmackssystem<\/strong>: <strong>8-in-1<\/strong> \u2013 <strong>acht versiegelte Kammern<\/strong>, rotate to switch<\/p>\n<p><strong>Spule<\/strong>: <strong>Doppeltes Netz<\/strong> \u2013 effiziente Heizung, stabile Leistung<\/p>\n<p><strong>Batterie<\/strong>: <strong>Wiederaufladbar<\/strong>, <strong>Typ-C<\/strong> Schnellladung<\/p>\n<p><strong>Anzeige<\/strong>: <strong>Intelligente LED<\/strong> \u2013 Batterie- und Nutzungsinformationen in Echtzeit<\/p>\n<p><strong>Design<\/strong>: <strong class=\"\">Rotationsstruktur mit mehreren Geschmacksrichtungen<\/strong> \u2013 sofortige Abwechslung, keine Erm\u00fcdung<\/p>\n<p><strong>Verwendung<\/strong>: Pers\u00f6nlich oder <strong>Gro\u00dfhandelsvertrieb<\/strong><\/p>\n<p>&nbsp;<\/p>\n<h3><span style=\"font-size: 90%;\">Bang King 200k 200000 Puffs 8-in-1-Geschmack Einweg-Vape-Geschmacksliste<\/span><\/h3>\n<p>1.Blue Razz Ice &amp; Peach Ice &amp; Grape Ice &amp; Mango Ice<\/p>\n<p>2.Doppelte Apfel- und Mango-Pfirsich-Erdbeer-Wassermelone und Erdbeer-Vanille-Cola<\/p>\n<p>3.Wassermeloneneis &amp; Zitronenminze &amp; Erdbeereis &amp; Blue Razz Cherry<\/p>\n<p>4. Wassermelonen-Kaugummi und Blaubeeren, Himbeeren und Himbeer-Wassermelone und Wassermelonen-Blaubeere<\/p>\n<p>5.Peach Mango Watermelon &amp; Red Bull &amp; Strawberry Red Bull &amp; Strawberry Kiwi<\/p>\n<p>6. Black Dragon Ice &amp; Love 66 &amp; Mr Blue &amp; Erdbeerlimonade<\/p>\n<p>7. Dreifache Beere, tropische Fr\u00fcchte, Erdbeer-Banane und rosa Limonade<\/p>\n<p>8.K\u00fchles Eis mit Minze, Pfirsichbeere, Blaukirsche, Zitrone und Kiwi-Wassermelone<\/p>\n<p>9.Erdbeer-Mango &amp; Erdbeereis &amp; Bananeneis &amp; Erdbeer-Litschi<\/p>\n<p>10.Kiwi-Passionsfrucht, Guave, Gummib\u00e4rchen, Regenbogenbonbons und Zuckerwatte<\/p>\n<p>11.Triple Melon &amp; Blueberry Ice &amp; Cherry Bomb &amp; Pineapple Coconut<\/p>\n<p>12.Fizzy Lemon &amp; Lime &amp; Apple Mojito &amp; Pineapple Ice &amp; Cola Ice<img loading=\"lazy\" decoding=\"async\" class=\"alignnone wp-image-8948 size-full\" src=\"https:\/\/pgvape.com\/wp-content\/uploads\/2026\/02\/Bang-King-200k-200000-Puffs-8-in-1-Flavor-Disposable-Vape-0-2-3-5Nicotine-12Taste-Smart-LED-Screen-3.png\" alt=\"Zwei Reihen bunter Vape-Flaschen mit Farbverlauf und Cartoon-Figuren auf den Etiketten, angeordnet vor einem hellen tropischen Hintergrund.\" width=\"1500\" height=\"1340\" srcset=\"https:\/\/pgvape.com\/wp-content\/uploads\/2026\/02\/Bang-King-200k-200000-Puffs-8-in-1-Flavor-Disposable-Vape-0-2-3-5Nicotine-12Taste-Smart-LED-Screen-3.png 1500w, https:\/\/pgvape.com\/wp-content\/uploads\/2026\/02\/Bang-King-200k-200000-Puffs-8-in-1-Flavor-Disposable-Vape-0-2-3-5Nicotine-12Taste-Smart-LED-Screen-3-403x360.png 403w, https:\/\/pgvape.com\/wp-content\/uploads\/2026\/02\/Bang-King-200k-200000-Puffs-8-in-1-Flavor-Disposable-Vape-0-2-3-5Nicotine-12Taste-Smart-LED-Screen-3-595x532.png 595w, https:\/\/pgvape.com\/wp-content\/uploads\/2026\/02\/Bang-King-200k-200000-Puffs-8-in-1-Flavor-Disposable-Vape-0-2-3-5Nicotine-12Taste-Smart-LED-Screen-3-400x357.png 400w, https:\/\/pgvape.com\/wp-content\/uploads\/2026\/02\/Bang-King-200k-200000-Puffs-8-in-1-Flavor-Disposable-Vape-0-2-3-5Nicotine-12Taste-Smart-LED-Screen-3-768x686.png 768w, https:\/\/pgvape.com\/wp-content\/uploads\/2026\/02\/Bang-King-200k-200000-Puffs-8-in-1-Flavor-Disposable-Vape-0-2-3-5Nicotine-12Taste-Smart-LED-Screen-3-13x12.png 13w, https:\/\/pgvape.com\/wp-content\/uploads\/2026\/02\/Bang-King-200k-200000-Puffs-8-in-1-Flavor-Disposable-Vape-0-2-3-5Nicotine-12Taste-Smart-LED-Screen-3-600x536.png 600w\" sizes=\"auto, (max-width: 1500px) 100vw, 1500px\" \/><\/p>\n<p>&nbsp;<\/p>\n<h2 class=\"header-vfC6AV auto-hide-last-sibling-br\"><span style=\"font-size: 90%;\">H\u00e4ufig gestellte Fragen zu Bang King 200k 200000 Puffs 8-in-1-Geschmack-Einweg-Vaporizer<\/span><\/h2>\n<p>\u2753 <strong>Wie viele Z\u00fcge pro Ger\u00e4t?<\/strong><br \/>\n\u2705 Werkszertifiziert <strong>200.000 Z\u00fcge<\/strong>\u2013 Monate bis ein halbes Jahr intensiver Nutzung.<\/p>\n<p>\u2753 <strong class=\"\">Wie wechsle ich die Geschmacksrichtungen?<\/strong><br \/>\n\u2705 <strong class=\"\">Drehen Sie den Wahlschalter<\/strong>\u2013 sofortiger Wechsel zwischen <strong>acht unabh\u00e4ngige Kammern<\/strong>, keine Geschmackserm\u00fcdung.<\/p>\n<p>\u2753 <strong class=\"\">Ist es wiederaufladbar?<\/strong><br \/>\n\u2705 <strong>Typ-C<\/strong> Schnellladung \u2013 Ausfallzeiten minimieren, Langlebigkeit maximieren.<\/p>\n<p>\u2753 <strong>Welche Spulentechnologie wird verwendet?<\/strong><br \/>\n\u2705 <strong>Dual-Mesh-Spulen<\/strong>\u2013 effiziente Hitze, gleichm\u00e4\u00dfiger Dampf, gleichm\u00e4\u00dfiger Geschmack.<\/p>\n<p>\u2753 <strong class=\"\">Wie \u00fcberwache ich den Status?<\/strong><br \/>\n\u2705 <strong class=\"\">Intelligente LED-Anzeige<\/strong> zeigt <strong>Batterie %<\/strong> Und <strong>Nutzungsinformationen<\/strong> Echtzeit.<\/p>\n<p>\u2753 <strong class=\"\">Ist es f\u00fcr den pers\u00f6nlichen Gebrauch oder f\u00fcr den Gro\u00dfhandel gedacht?<\/strong><br \/>\n\u2705 <strong>Beide<\/strong>\u2014extreme Kapazit\u00e4t + Multigeschmack = ideal f\u00fcr <strong class=\"\">Benutzer mit hohem Verbrauch<\/strong> Und <strong>Vertriebskan\u00e4le<\/strong>.<\/p>\n<p>\u2753 <strong>Reduziert es die Austauschh\u00e4ufigkeit?<\/strong><br \/>\n\u2705 <strong>200.000 Puffs + 8 Geschmacksrichtungen<\/strong> = ein Ger\u00e4t ersetzt <strong>acht Standard-Einwegartikel<\/strong>.<\/p>\n<p>&nbsp;<\/p>\n<h3 id=\"brxe-najhln\" class=\"brxe-heading\">H\u00e4ufig gestellte Fragen (FAQ)<\/h3>\n<div id=\"brxe-rajiac\" class=\"brxe-text\">\n<p><strong>F: Welche Zahlungsmethoden akzeptieren Sie?<\/strong><br \/>\nA: Wir akzeptieren PayPal, Stripe, Bank\u00fcberweisungen (SEPA unterst\u00fctzt), g\u00e4ngige Kreditkarten (Visa, MasterCard, American Express) und Zahlungen in Kryptow\u00e4hrung.<\/p>\n<p><strong>F: Wie lange dauert die Auftragsvorbereitung?<\/strong><br \/>\nA: Die Auftragsvorbereitung dauert 1-3 Werktage.<\/p>\n<p><strong>F: Wie lange dauert die Lieferung?<\/strong><br \/>\nA: Die Lieferzeit betr\u00e4gt je nach Standort 7\u201314 Werktage.<\/p>\n<p><strong>F: Wie kann ich meine Bestellung verfolgen?<\/strong><br \/>\nA: Nach dem Versand erhalten Sie eine Best\u00e4tigungs-E-Mail mit einer Sendungsverfolgungsnummer zur Echtzeitverfolgung.<\/p>\n<p><strong>F: Wie lauten Ihre R\u00fcckgabebedingungen?<\/strong><br \/>\nA: Wir bieten ein 30-t\u00e4giges R\u00fcckgaberecht f\u00fcr R\u00fcckerstattungen oder Umtausch. .<\/p>\n<p><strong>F: Wird es Zollprobleme geben?<br \/>\n<\/strong>Wir k\u00fcmmern uns um alle Zollabfertigungsverfahren, um Ihnen ein reibungsloses Erlebnis zu gew\u00e4hrleisten. .<\/p>\n<p><strong>F: Welche Versandarten werden verwendet?<\/strong><br \/>\nWir arbeiten mit UPS\/DHL\/FEDEX\/DPD etc. zusammen. Je nach Lieferland w\u00e4hlen wir die passende Versandoption aus, um sicherzustellen, dass Sie Ihre Produkte schnellstm\u00f6glich erhalten.<\/p>\n<p><a href=\"https:\/\/pgvape.com\/de\/faqs\/\">Klicken Sie hier f\u00fcr weitere FAQ<\/a><\/p>\n<p>Liebe Kunden, wenn Sie Fragen zu Ihrer Bestellung oder zum Wareneingang haben, wenden Sie sich bitte an unseren Kundenservice. Vielen Dank!<\/p>\n<h3 data-sourcepos=\"73:1-73:21\"><strong data-sourcepos=\"73:7-73:21\">Kontaktieren Sie uns<\/strong><\/h3>\n<div id=\"text-2419739398\" class=\"text\">\n<p><strong data-sourcepos=\"75:3-75:12\">E-Mail<\/strong>:\u00a0<a href=\"mailto:support@pgvape.com\"><strong>support@pgvape.com<\/strong><\/a><\/p>\n<p><strong data-sourcepos=\"76:3-76:15\">WhatsApp<\/strong>:\u00a0<a href=\"https:\/\/wa.me\/+8618128481258\"><strong>+86 18128481258<\/strong><\/a><br \/>\n<strong>(Antwort innerhalb von 24 Stunden an Werktagen)<\/strong><\/p>\n<\/div>\n<h3><strong>Vielen Dank, dass Sie sich f\u00fcr pgvape.com entschieden haben! .<\/strong><\/h3>\n<\/div>","protected":false},"excerpt":{"rendered":"<p><strong>Bang King 200000<\/strong>\u2014<strong>200k puffs<\/strong>, <strong>8-in-1 rotation<\/strong>, <strong>Dual-Mesh<\/strong>, <strong>LED-Anzeige<\/strong>, <strong>Typ-C<\/strong>.<strong class=\"\">Acht Geschmacksrichtungen, ein K\u00f6nig, ein halbes Jahr lang dampfen.<\/strong><\/p>","protected":false},"featured_media":8947,"comment_status":"open","ping_status":"closed","template":"","meta":{"_seopress_robots_primary_cat":"none","_seopress_titles_title":"","_seopress_titles_desc":"","_seopress_robots_index":""},"product_brand":[19,516],"product_cat":[548,18,515],"product_tag":[552,568,567,90,490,569],"class_list":{"0":"post-8943","1":"product","2":"type-product","3":"status-publish","4":"has-post-thumbnail","6":"product_brand-bang-king-vape","7":"product_brand-disposable-vape","8":"product_cat-200k-puffs-vape","9":"product_cat-bang-king-vape","10":"product_cat-disposable-vape","11":"product_tag-200k-puffs-vape","12":"product_tag-8-in-1-flavor","13":"product_tag-bang-king-200k","14":"product_tag-disposable-vape","15":"product_tag-minimum-2-pieces","16":"product_tag-multi-flavor-rotation-structure","18":"first","19":"instock","20":"sale","21":"shipping-taxable","22":"purchasable","23":"product-type-variable"},"_links":{"self":[{"href":"https:\/\/pgvape.com\/de\/wp-json\/wp\/v2\/product\/8943","targetHints":{"allow":["GET"]}}],"collection":[{"href":"https:\/\/pgvape.com\/de\/wp-json\/wp\/v2\/product"}],"about":[{"href":"https:\/\/pgvape.com\/de\/wp-json\/wp\/v2\/types\/product"}],"replies":[{"embeddable":true,"href":"https:\/\/pgvape.com\/de\/wp-json\/wp\/v2\/comments?post=8943"}],"wp:featuredmedia":[{"embeddable":true,"href":"https:\/\/pgvape.com\/de\/wp-json\/wp\/v2\/media\/8947"}],"wp:attachment":[{"href":"https:\/\/pgvape.com\/de\/wp-json\/wp\/v2\/media?parent=8943"}],"wp:term":[{"taxonomy":"product_brand","embeddable":true,"href":"https:\/\/pgvape.com\/de\/wp-json\/wp\/v2\/product_brand?post=8943"},{"taxonomy":"product_cat","embeddable":true,"href":"https:\/\/pgvape.com\/de\/wp-json\/wp\/v2\/product_cat?post=8943"},{"taxonomy":"product_tag","embeddable":true,"href":"https:\/\/pgvape.com\/de\/wp-json\/wp\/v2\/product_tag?post=8943"}],"curies":[{"name":"wp","href":"https:\/\/api.w.org\/{rel}","templated":true}]}}