{"id":8832,"date":"2026-01-29T07:54:13","date_gmt":"2026-01-29T07:54:13","guid":{"rendered":"https:\/\/pgvape.com\/?post_type=product&#038;p=8832"},"modified":"2026-04-09T14:46:15","modified_gmt":"2026-04-09T14:46:15","slug":"solaris-tequila-don-leon1942-30000-30-000-zuge-einweg-vape-2-nikotin-10-geschmacksbatterien-display-vape-fabrik-groshandel","status":"publish","type":"product","link":"https:\/\/pgvape.com\/de\/produkt\/solaris-tequila-don-leon1942-30000-30-000-zuge-einweg-vape-2-nikotin-10-geschmacksbatterien-display-vape-fabrik-groshandel\/","title":{"rendered":"Solaris Tequila Don Leon1942 30000 30K Puffs Einweg-Vape 2%Nicotine 10Taste\u00a0Batterie Display Vape Factory Gro\u00dfhandel"},"content":{"rendered":"<p><strong>Solaris Tequila Don Leon 1942<\/strong> gie\u00dft <strong>30.000 Z\u00fcge<\/strong> <strong>Einweg-Vape<\/strong> <strong data-sourcepos=\"6:6-6:53\">Luxuri\u00f6ses Design trifft auf leistungsstarkes Dampfen <\/strong>Inspiriert von der <strong data-sourcepos=\"7:17-7:47\">Ikonische Tequila-Flasche von 1942<\/strong>, Das <strong data-sourcepos=\"7:54-7:81\">Premium-Einweg-Vaporizer<\/strong> liefert <strong data-sourcepos=\"7:91-7:120\">30.000 ultraweiche Z\u00fcge<\/strong> mit <strong data-sourcepos=\"7:126-7:154\">24 ml vorgef\u00fclltes E-Liquid<\/strong> und a <strong data-sourcepos=\"7:161-7:192\">650-mAh-Akku<\/strong>. <strong data-sourcepos=\"7:198-7:216\">1.2\u03a9-Mesh-Spule<\/strong> sorgt daf\u00fcr <strong data-sourcepos=\"7:225-7:240\">Reichhaltiger Geschmack<\/strong> Und <strong data-sourcepos=\"7:245-7:260\">Dichter Dampf<\/strong>, w\u00e4hrend die <strong data-sourcepos=\"7:272-7:296\">Typ-C-Schnellladung<\/strong> minimiert Ausfallzeiten. Perfekt f\u00fcr <strong data-sourcepos=\"7:329-7:358\">Einzelh\u00e4ndler und Gro\u00dfh\u00e4ndler<\/strong>, es verbindet <strong data-sourcepos=\"7:372-7:395\">Auff\u00e4llige \u00c4sthetik<\/strong> mit <strong data-sourcepos=\"7:401-7:425\">Zuverl\u00e4ssige Leistung<\/strong>.<\/p>\n<p>&nbsp;<\/p>\n<h2><span style=\"font-size: 90%;\">Solaris Tequila Don Leon1942 30000 30K Puffs Einweg-Vape-Spezifikationen:<\/span><\/h2>\n<p><strong data-sourcepos=\"12:3-12:24\">Nikotinst\u00e4rke<\/strong>:\u00a0<strong data-sourcepos=\"12:26-12:32\">2%<\/strong>\u00a0(Ausbalancierter Halsschlag)<\/p>\n<p><strong data-sourcepos=\"13:3-13:17\">Puff Count<\/strong>:\u00a0<strong data-sourcepos=\"13:19-13:35\">30.000 Z\u00fcge<\/strong>\u00a0(Erweiterte Nutzung)<\/p>\n<p><strong data-sourcepos=\"14:3-14:24\">E-Liquid-Kapazit\u00e4t<\/strong>:\u00a0<strong data-sourcepos=\"14:26-14:34\">24 ml<\/strong>\u00a0(Vorgef\u00fcllt)<\/p>\n<p><strong data-sourcepos=\"15:3-15:11\">Spule<\/strong>:\u00a0<strong data-sourcepos=\"15:13-15:31\">1.2\u03a9-Mesh-Spule<\/strong>\u00a0(Optimierter Geschmack und Dampf)<\/p>\n<p><strong data-sourcepos=\"16:3-16:14\">Batterie<\/strong>:\u00a0<strong data-sourcepos=\"16:16-16:39\">650 mAh wiederaufladbar<\/strong>\u00a0(Typ-C-Aufladung)<\/p>\n<p><strong data-sourcepos=\"17:3-17:13\">Design<\/strong>:\u00a0<strong data-sourcepos=\"17:15-17:47\">Von der Tequila-Flasche von 1942 inspiriert<\/strong>\u00a0+\u00a0<strong data-sourcepos=\"17:50-17:69\">Batterieanzeige<\/strong><\/p>\n<p><strong data-sourcepos=\"18:3-18:16\">Verpackung<\/strong>:\u00a0<strong data-sourcepos=\"18:18-18:36\">10 Ger\u00e4te\/Box<\/strong>\u00a0(Gro\u00dfhandelsbereit)<\/p>\n<p>&nbsp;<\/p>\n<h3><span style=\"font-size: 90%;\">Solaris Tequila Don Leon1942 30000 30K Puffs Einweg-Vape-Geschmacksliste:<\/span><\/h3>\n<p><strong>1. Wassermeloneneis<\/strong><\/p>\n<p><strong>2.Erdbeer-Kiwi<\/strong><\/p>\n<p><strong>3. Saftiger Pfirsich<\/strong><\/p>\n<p><strong>4.Erdbeer-Wassermelone<\/strong><\/p>\n<p><strong>5.Roter Pfirsich-Champagner<\/strong><\/p>\n<p><strong>6.Blue Razz<\/strong><\/p>\n<p><strong>7. Blaubeereis<\/strong><\/p>\n<p><strong>8. Gemischte Beeren<\/strong><\/p>\n<p><strong>9. Passionsfrucht-Mango<\/strong><\/p>\n<p><strong>10. Kirschdrachenfrucht<img loading=\"lazy\" decoding=\"async\" class=\"alignnone wp-image-8858 size-full\" src=\"https:\/\/pgvape.com\/wp-content\/uploads\/2026\/01\/Solaris-Tequila-Don-Leon1942-30000-Puffs-Disposable-Vape-2-Nicotine-10Taste-Vape-Factory-Wholesale-14.png\" alt=\"\" width=\"1692\" height=\"1800\" srcset=\"https:\/\/pgvape.com\/wp-content\/uploads\/2026\/01\/Solaris-Tequila-Don-Leon1942-30000-Puffs-Disposable-Vape-2-Nicotine-10Taste-Vape-Factory-Wholesale-14.png 1692w, https:\/\/pgvape.com\/wp-content\/uploads\/2026\/01\/Solaris-Tequila-Don-Leon1942-30000-Puffs-Disposable-Vape-2-Nicotine-10Taste-Vape-Factory-Wholesale-14-338x360.png 338w, https:\/\/pgvape.com\/wp-content\/uploads\/2026\/01\/Solaris-Tequila-Don-Leon1942-30000-Puffs-Disposable-Vape-2-Nicotine-10Taste-Vape-Factory-Wholesale-14-595x633.png 595w, https:\/\/pgvape.com\/wp-content\/uploads\/2026\/01\/Solaris-Tequila-Don-Leon1942-30000-Puffs-Disposable-Vape-2-Nicotine-10Taste-Vape-Factory-Wholesale-14-376x400.png 376w, https:\/\/pgvape.com\/wp-content\/uploads\/2026\/01\/Solaris-Tequila-Don-Leon1942-30000-Puffs-Disposable-Vape-2-Nicotine-10Taste-Vape-Factory-Wholesale-14-768x817.png 768w, https:\/\/pgvape.com\/wp-content\/uploads\/2026\/01\/Solaris-Tequila-Don-Leon1942-30000-Puffs-Disposable-Vape-2-Nicotine-10Taste-Vape-Factory-Wholesale-14-1444x1536.png 1444w, https:\/\/pgvape.com\/wp-content\/uploads\/2026\/01\/Solaris-Tequila-Don-Leon1942-30000-Puffs-Disposable-Vape-2-Nicotine-10Taste-Vape-Factory-Wholesale-14-11x12.png 11w, https:\/\/pgvape.com\/wp-content\/uploads\/2026\/01\/Solaris-Tequila-Don-Leon1942-30000-Puffs-Disposable-Vape-2-Nicotine-10Taste-Vape-Factory-Wholesale-14-600x638.png 600w\" sizes=\"auto, (max-width: 1692px) 100vw, 1692px\" \/><\/strong><\/p>\n<p>&nbsp;<\/p>\n<h3><span style=\"font-size: 90%;\">Solaris Tequila Don Leon1942 30000 30K Puffs Einweg-Vape-Video<\/span><\/h3>\n<div style=\"width: 1008px;\" class=\"wp-video\"><video class=\"wp-video-shortcode\" id=\"video-8832-1\" width=\"1008\" height=\"720\" preload=\"metadata\" controls=\"controls\"><source type=\"video\/mp4\" src=\"https:\/\/pgvape.com\/wp-content\/uploads\/2026\/01\/Solaris-Champagne-30000-30k-Puffs-Disposable-Vape-2-Nicotine-10Tastes-Vape-Factory-Wholesale-Video.mp4?_=1\" \/><a href=\"https:\/\/pgvape.com\/wp-content\/uploads\/2026\/01\/Solaris-Champagne-30000-30k-Puffs-Disposable-Vape-2-Nicotine-10Tastes-Vape-Factory-Wholesale-Video.mp4\">https:\/\/pgvape.com\/wp-content\/uploads\/2026\/01\/Solaris-Champagne-30000-30k-Puffs-Disposable-Vape-2-Nicotine-10Tastes-Vape-Factory-Wholesale-Video.mp4<\/a><\/video><\/div>\n<p>&nbsp;<\/p>\n<h2><span style=\"font-size: 90%;\">H\u00e4ufig gestellte Fragen zu Solaris Tequila Don Leon1942 30000 30K Puffs Einweg-Vaporizer\u00a0<\/span><\/h2>\n<p>\u2753 <strong>Was macht es einzigartig?<\/strong><br \/>\n\u2705 <strong>Design einer Tequila-Flasche von 1942<\/strong> \u2013 Luxuri\u00f6se Optik, erstklassige Haptik, sofortige Regalattraktivit\u00e4t.<\/p>\n<p>\u2753 <strong>Wie viele Z\u00fcge pro Ger\u00e4t?<\/strong><br \/>\n\u2705 Werkszertifiziert <strong>30.000 Z\u00fcge<\/strong> \u2013 Wochen t\u00e4glicher Genuss.<\/p>\n<p>\u2753 <strong>Ist es wiederaufladbar?<\/strong><br \/>\n\u2705 <strong>650 mAh<\/strong> Batterie + <strong>Typ-C<\/strong> port; volle Ladung in ca. 30 Min.<\/p>\n<p>\u2753 <strong>Welche Spule ist drin?<\/strong><br \/>\n\u2705 <strong>1.2 \u03a9-Maschenspule<\/strong> \u2013 Sanfter Dampf, verbesserte Geschmacksklarheit.<\/p>\n<p>\u2753 <strong>Wie \u00fcberpr\u00fcfe ich den Batteriestatus?<\/strong><br \/>\n\u2705 <strong>Integrierte Batterieanzeige<\/strong> Zeigt die Leistungsstufe auf einen Blick an.<\/p>\n<p>\u2753 <strong>Welche Nikotinst\u00e4rke ist verf\u00fcgbar?<\/strong><br \/>\n\u2705 <strong>2 %<\/strong> \u2013 ausgewogener, sanfter Throat-Hit f\u00fcr den t\u00e4glichen Gebrauch.<\/p>\n<p>\u2753 <strong>Einzelhandelsfertige Verpackung?<\/strong><br \/>\n\u2705 <strong>10 St\u00fcck\/Karton<\/strong> \u2013 ideal f\u00fcr Luxusdisplays oder Gro\u00dfbestellungen.<\/p>\n<p>&nbsp;<\/p>\n<h3 id=\"brxe-najhln\" class=\"brxe-heading\">H\u00e4ufig gestellte Fragen (FAQ)<\/h3>\n<div id=\"brxe-rajiac\" class=\"brxe-text\">\n<p><strong>F: Welche Zahlungsmethoden akzeptieren Sie?<\/strong><br \/>\nA: Wir akzeptieren PayPal, Stripe, Bank\u00fcberweisungen (SEPA unterst\u00fctzt), g\u00e4ngige Kreditkarten (Visa, MasterCard, American Express) und Zahlungen in Kryptow\u00e4hrung.<\/p>\n<p><strong>F: Wie lange dauert die Auftragsvorbereitung?<\/strong><br \/>\nA: Die Auftragsvorbereitung dauert 1-3 Werktage.<\/p>\n<p><strong>F: Wie lange dauert die Lieferung?<\/strong><br \/>\nA: Die Lieferzeit betr\u00e4gt je nach Standort 7\u201314 Werktage. Die Lieferung von Waren aus europ\u00e4ischen Lagern dauert in der Regel 3\u20136 Werktage.<\/p>\n<p><strong>F: Wie kann ich meine Bestellung verfolgen?<\/strong><br \/>\nA: Nach dem Versand erhalten Sie eine Best\u00e4tigungs-E-Mail mit einer Sendungsverfolgungsnummer zur Echtzeitverfolgung.<\/p>\n<p><strong>F: Wie lauten Ihre R\u00fcckgabebedingungen?<\/strong><br \/>\nA: Wir bieten ein 30-t\u00e4giges R\u00fcckgaberecht f\u00fcr R\u00fcckerstattungen oder Umtausch. .<\/p>\n<p><strong>F: Wird es Zollprobleme geben?<br \/>\n<\/strong>Wir k\u00fcmmern uns um alle Zollabfertigungsverfahren, um Ihnen ein reibungsloses Erlebnis zu gew\u00e4hrleisten. .<\/p>\n<p><strong>F: Welche Versandarten werden verwendet?<\/strong><br \/>\nWir arbeiten mit UPS\/DHL\/FEDEX\/DPD etc. zusammen. Je nach Lieferland w\u00e4hlen wir die passende Versandoption aus, um sicherzustellen, dass Sie Ihre Produkte schnellstm\u00f6glich erhalten.<\/p>\n<p><a href=\"https:\/\/pgvape.com\/de\/faqs\/\">Klicken Sie hier f\u00fcr weitere FAQ<\/a><\/p>\n<p>Liebe Kunden, wenn Sie Fragen zu Ihrer Bestellung oder zum Wareneingang haben, wenden Sie sich bitte an unseren Kundenservice. Vielen Dank!<\/p>\n<h3 data-sourcepos=\"73:1-73:21\"><strong data-sourcepos=\"73:7-73:21\">Kontaktieren Sie uns<\/strong><\/h3>\n<div id=\"text-2419739398\" class=\"text\">\n<p><strong data-sourcepos=\"75:3-75:12\">E-Mail<\/strong>:\u00a0<a href=\"mailto:support@pgvape.com\"><strong>support@pgvape.com<\/strong><\/a><\/p>\n<p><strong data-sourcepos=\"76:3-76:15\">WhatsApp<\/strong>:\u00a0<a href=\"https:\/\/wa.me\/+8618128481258\"><strong>+86 18128481258<\/strong><\/a><br \/>\n<strong>(Antwort innerhalb von 24 Stunden an Werktagen)<\/strong><\/p>\n<\/div>\n<h3><strong>Vielen Dank, dass Sie sich f\u00fcr pgvape.com entschieden haben! .<\/strong><\/h3>\n<\/div>","protected":false},"excerpt":{"rendered":"<p><strong data-sourcepos=\"55:1-55:247\">Solaris Tequila Don Leon 1942 30K: Ein luxuri\u00f6ser Einweg-Vaporizer mit 30.000 Z\u00fcgen, 24 ml E-Liquid und 1.2\u03a9-Mesh-Spule. Mit Tequila-Flaschen-Design, Batterieanzeige und 10 erfrischenden Geschmacksrichtungen f\u00fcr erstklassiges Dampfen<\/strong><\/p>","protected":false},"featured_media":8835,"comment_status":"open","ping_status":"closed","template":"","meta":{"_seopress_robots_primary_cat":"none","_seopress_titles_title":"","_seopress_titles_desc":"","_seopress_robots_index":""},"product_brand":[516,513],"product_cat":[35,515,512],"product_tag":[566,349,90,59,565],"class_list":{"0":"post-8832","1":"product","2":"type-product","3":"status-publish","4":"has-post-thumbnail","6":"product_brand-disposable-vape","7":"product_brand-solaris-champagne-vape","8":"product_cat-30k-puffs-vape","9":"product_cat-disposable-vape","10":"product_cat-solaris-champagne-vape","11":"product_tag-1942-tequila-bottle-inspired","12":"product_tag-30k-puffs-vape","13":"product_tag-disposable-vape","14":"product_tag-mouth-to-lung-mtl","15":"product_tag-solaris-tequila-don-leon1942","17":"first","18":"instock","19":"sale","20":"shipping-taxable","21":"purchasable","22":"product-type-variable"},"_links":{"self":[{"href":"https:\/\/pgvape.com\/de\/wp-json\/wp\/v2\/product\/8832","targetHints":{"allow":["GET"]}}],"collection":[{"href":"https:\/\/pgvape.com\/de\/wp-json\/wp\/v2\/product"}],"about":[{"href":"https:\/\/pgvape.com\/de\/wp-json\/wp\/v2\/types\/product"}],"replies":[{"embeddable":true,"href":"https:\/\/pgvape.com\/de\/wp-json\/wp\/v2\/comments?post=8832"}],"wp:featuredmedia":[{"embeddable":true,"href":"https:\/\/pgvape.com\/de\/wp-json\/wp\/v2\/media\/8835"}],"wp:attachment":[{"href":"https:\/\/pgvape.com\/de\/wp-json\/wp\/v2\/media?parent=8832"}],"wp:term":[{"taxonomy":"product_brand","embeddable":true,"href":"https:\/\/pgvape.com\/de\/wp-json\/wp\/v2\/product_brand?post=8832"},{"taxonomy":"product_cat","embeddable":true,"href":"https:\/\/pgvape.com\/de\/wp-json\/wp\/v2\/product_cat?post=8832"},{"taxonomy":"product_tag","embeddable":true,"href":"https:\/\/pgvape.com\/de\/wp-json\/wp\/v2\/product_tag?post=8832"}],"curies":[{"name":"wp","href":"https:\/\/api.w.org\/{rel}","templated":true}]}}